{"id":77721,"date":"2023-01-08T19:45:59","date_gmt":"2023-01-08T18:45:59","guid":{"rendered":"https:\/\/manurefetish.com\/?post_type=product&#038;p=77721"},"modified":"2026-04-30T18:42:11","modified_gmt":"2026-04-30T16:42:11","slug":"dirty-nylon-fun","status":"publish","type":"product","link":"https:\/\/manurefetish.com\/pt-br\/shop\/videos\/dirty-nylon-fun\/","title":{"rendered":"Divers\u00e3o com nylon sujo"},"content":{"rendered":"<p><span style=\"font-weight: 400;\">Betty e Scati Own juntos no est\u00e1bulo, ambos vestindo seu nylon favorito. Betty come\u00e7a a tocar o dedo e o punho de Scati Own. Em seguida, Betty lhe faz um belo boquete, enquanto tamb\u00e9m come\u00e7a a dedilhar e punhetar sua bunda. Ambos entram no canal manure para se cobrirem ainda mais com o cowshit. Betty se senta na beirada enquanto o Scati Own a aperta e dedilha. Agora ambas saem do canal manure, enquanto Betty est\u00e1 enrolando uma bola de dung para empurr\u00e1-la em sua buceta, Scati Own faz xixi em sua boca. Betty agora come\u00e7a a cavalgar o Scati Own na posi\u00e7\u00e3o de cowgirl invertida. Depois que ele termina de transar com ela, ele se deita novamente, para que Betty possa chupar seu p\u00eanis e punhet\u00e1-lo, at\u00e9 que ele dispare sua carga. No final, os dois voltam para o canal manure para se refrescarem um pouco, e Betty at\u00e9 pula nele com um respingo alto.<\/span><\/p>","protected":false},"excerpt":{"rendered":"<p>Betty and Scati Own together in the cowshed, both wear their favourite nylon. Betty begins to finger and fist Scati Own. Then Betty gives him a nice blowjob, while she also begins to finger and fist his ass. Both go into the manure channel to cover themselves even more with cowshit. Betty sits on the [&hellip;]<\/p>\n","protected":false},"featured_media":199037,"comment_status":"open","ping_status":"closed","template":"","meta":{"_acf_changed":false,"site-sidebar-layout":"default","site-content-layout":"","ast-site-content-layout":"default","site-content-style":"default","site-sidebar-style":"default","ast-global-header-display":"","ast-banner-title-visibility":"","ast-main-header-display":"","ast-hfb-above-header-display":"","ast-hfb-below-header-display":"","ast-hfb-mobile-header-display":"","site-post-title":"","ast-breadcrumbs-content":"","ast-featured-img":"","footer-sml-layout":"","ast-disable-related-posts":"","theme-transparent-header-meta":"default","adv-header-id-meta":"","stick-header-meta":"","header-above-stick-meta":"","header-main-stick-meta":"","header-below-stick-meta":"","astra-migrate-meta-layouts":"set","ast-page-background-enabled":"default","ast-page-background-meta":{"desktop":{"background-color":"var(--ast-global-color-4)","background-image":"","background-repeat":"repeat","background-position":"center center","background-size":"auto","background-attachment":"scroll","background-type":"","background-media":"","overlay-type":"","overlay-color":"","overlay-opacity":"","overlay-gradient":""},"tablet":{"background-color":"","background-image":"","background-repeat":"repeat","background-position":"center center","background-size":"auto","background-attachment":"scroll","background-type":"","background-media":"","overlay-type":"","overlay-color":"","overlay-opacity":"","overlay-gradient":""},"mobile":{"background-color":"","background-image":"","background-repeat":"repeat","background-position":"center center","background-size":"auto","background-attachment":"scroll","background-type":"","background-media":"","overlay-type":"","overlay-color":"","overlay-opacity":"","overlay-gradient":""}},"ast-content-background-meta":{"desktop":{"background-color":"var(--ast-global-color-5)","background-image":"","background-repeat":"repeat","background-position":"center center","background-size":"auto","background-attachment":"scroll","background-type":"","background-media":"","overlay-type":"","overlay-color":"","overlay-opacity":"","overlay-gradient":""},"tablet":{"background-color":"var(--ast-global-color-5)","background-image":"","background-repeat":"repeat","background-position":"center center","background-size":"auto","background-attachment":"scroll","background-type":"","background-media":"","overlay-type":"","overlay-color":"","overlay-opacity":"","overlay-gradient":""},"mobile":{"background-color":"var(--ast-global-color-5)","background-image":"","background-repeat":"repeat","background-position":"center center","background-size":"auto","background-attachment":"scroll","background-type":"","background-media":"","overlay-type":"","overlay-color":"","overlay-opacity":"","overlay-gradient":""}}},"product_brand":[],"product_cat":[4470],"product_tag":[17,317,2476,2395,2601,318,66,2508,2631,2551,2621,2558,118,2869,316,64,3030,2624,3523,3334,2552,54,2419,3525,425,2332,2285,2206,3174,65,3649,35,2971,2482,32,3513,3408,3494,34,4482,23,24,2832,2478,358,29,319],"class_list":{"0":"post-77721","1":"product","2":"type-product","3":"status-publish","4":"has-post-thumbnail","6":"product_cat-videos","7":"product_tag-anal","8":"product_tag-asshole","9":"product_tag-betty","10":"product_tag-bikini","11":"product_tag-black-hair","12":"product_tag-boobs","13":"product_tag-clothed","14":"product_tag-clothes","15":"product_tag-completely-covered","16":"product_tag-couple","17":"product_tag-cow-dung","18":"product_tag-cowgirl","19":"product_tag-cowshed","20":"product_tag-cumshot","21":"product_tag-cunt","22":"product_tag-dildo","23":"product_tag-download","24":"product_tag-farm","25":"product_tag-fingering","26":"product_tag-fisting","27":"product_tag-fucking","28":"product_tag-full-covered","29":"product_tag-full-hd","30":"product_tag-group","31":"product_tag-hair","32":"product_tag-jerking-off","33":"product_tag-masturbate","34":"product_tag-masturbation","35":"product_tag-missionary","36":"product_tag-naked","37":"product_tag-nylon","38":"product_tag-orgasm","39":"product_tag-pee","40":"product_tag-peeing","41":"product_tag-pussy","42":"product_tag-scati-own","43":"product_tag-season-3","44":"product_tag-secretary","45":"product_tag-sex","46":"product_tag-sex-in-cowshit","47":"product_tag-shed","48":"product_tag-slurry","49":"product_tag-smearing","50":"product_tag-squirting","51":"product_tag-stuffing","52":"product_tag-submerging","53":"product_tag-tits","54":"pa_audio-info-stereo","55":"pa_format-mp4","56":"pa_length-40-minutes","57":"pa_product-type-digital-download-full-hd-video","58":"pa_product-type-digital-download-ultra-hd-video","59":"pa_product-type-usb-stick","60":"pa_size-fhd-8-90-gb","61":"pa_size-uhd-13-4-gb","62":"pa_video-info-full-hd-1920x1080p","63":"pa_video-info-ultra-hd-4k","64":"desktop-align-center","65":"tablet-align-left","66":"mobile-align-left","68":"first","69":"instock","70":"shipping-taxable","71":"purchasable","72":"product-type-variable","73":"has-default-attributes"},"exclude_global_add_ons":[],"addons":[],"acf":[],"yoast_head":"<!-- This site is optimized with the Yoast SEO Premium plugin v27.1 (Yoast SEO v27.1.1) - https:\/\/yoast.com\/product\/yoast-seo-premium-wordpress\/ -->\n<title>Dirty Nylon Fun - ManureFetish<\/title>\n<meta name=\"description\" content=\"Dirty Nylon Fun, with Betty and Scati own, completely covered in cowshit while they fuck and fist each other in the cowshed.\" \/>\n<meta name=\"robots\" content=\"index, follow, max-snippet:-1, max-image-preview:large, max-video-preview:-1\" \/>\n<link rel=\"canonical\" href=\"https:\/\/manurefetish.com\/pt-br\/shop\/videos\/dirty-nylon-fun\/\" \/>\n<meta property=\"og:locale\" content=\"pt_BR\" \/>\n<meta property=\"og:type\" content=\"article\" \/>\n<meta property=\"og:title\" content=\"Dirty Nylon Fun\" \/>\n<meta property=\"og:description\" content=\"Dirty Nylon Fun, with Betty and Scati own, completely covered in cowshit while they fuck and fist each other in the cowshed.\" \/>\n<meta property=\"og:url\" content=\"https:\/\/manurefetish.com\/pt-br\/shop\/videos\/dirty-nylon-fun\/\" \/>\n<meta property=\"og:site_name\" content=\"ManureFetish\" \/>\n<meta property=\"article:publisher\" content=\"https:\/\/www.facebook.com\/manurefetish\/\" \/>\n<meta property=\"article:modified_time\" content=\"2026-04-30T16:42:11+00:00\" \/>\n<meta property=\"og:image\" content=\"https:\/\/manurefetish.com\/wp-content\/uploads\/2023\/01\/Betty-and-Scati-Own-Dirty-Nylon-fun.jpg\" \/>\n\t<meta property=\"og:image:width\" content=\"1728\" \/>\n\t<meta property=\"og:image:height\" content=\"576\" \/>\n\t<meta property=\"og:image:type\" content=\"image\/jpeg\" \/>\n<meta name=\"twitter:card\" content=\"summary_large_image\" \/>\n<meta name=\"twitter:site\" content=\"@Manurefetisch\" \/>\n<script type=\"application\/ld+json\" class=\"yoast-schema-graph\">{\"@context\":\"https:\/\/schema.org\",\"@graph\":[{\"@type\":\"WebPage\",\"@id\":\"https:\/\/manurefetish.com\/shop\/videos\/dirty-nylon-fun\/\",\"url\":\"https:\/\/manurefetish.com\/shop\/videos\/dirty-nylon-fun\/\",\"name\":\"Dirty Nylon Fun - ManureFetish\",\"isPartOf\":{\"@id\":\"https:\/\/manurefetish.com\/#website\"},\"primaryImageOfPage\":{\"@id\":\"https:\/\/manurefetish.com\/shop\/videos\/dirty-nylon-fun\/#primaryimage\"},\"image\":{\"@id\":\"https:\/\/manurefetish.com\/shop\/videos\/dirty-nylon-fun\/#primaryimage\"},\"thumbnailUrl\":\"https:\/\/manurefetish.b-cdn.net\/wp-content\/uploads\/2023\/01\/Betty-and-Scati-Own-Dirty-Nylon-fun.jpg\",\"datePublished\":\"2023-01-08T18:45:59+00:00\",\"dateModified\":\"2026-04-30T16:42:11+00:00\",\"description\":\"Dirty Nylon Fun, with Betty and Scati own, completely covered in cowshit while they fuck and fist each other in the cowshed.\",\"breadcrumb\":{\"@id\":\"https:\/\/manurefetish.com\/shop\/videos\/dirty-nylon-fun\/#breadcrumb\"},\"inLanguage\":\"pt-BR\",\"potentialAction\":[{\"@type\":\"ReadAction\",\"target\":[\"https:\/\/manurefetish.com\/shop\/videos\/dirty-nylon-fun\/\"]}]},{\"@type\":\"ImageObject\",\"inLanguage\":\"pt-BR\",\"@id\":\"https:\/\/manurefetish.com\/shop\/videos\/dirty-nylon-fun\/#primaryimage\",\"url\":\"https:\/\/manurefetish.b-cdn.net\/wp-content\/uploads\/2023\/01\/Betty-and-Scati-Own-Dirty-Nylon-fun.jpg\",\"contentUrl\":\"https:\/\/manurefetish.b-cdn.net\/wp-content\/uploads\/2023\/01\/Betty-and-Scati-Own-Dirty-Nylon-fun.jpg\",\"width\":1728,\"height\":576},{\"@type\":\"BreadcrumbList\",\"@id\":\"https:\/\/manurefetish.com\/shop\/videos\/dirty-nylon-fun\/#breadcrumb\",\"itemListElement\":[{\"@type\":\"ListItem\",\"position\":1,\"name\":\"Home\",\"item\":\"https:\/\/manurefetish.com\/\"},{\"@type\":\"ListItem\",\"position\":2,\"name\":\"Shop\",\"item\":\"https:\/\/manurefetish.com\/shop\/\"},{\"@type\":\"ListItem\",\"position\":3,\"name\":\"Videos\",\"item\":\"https:\/\/manurefetish.com\/product-category\/videos\/\"},{\"@type\":\"ListItem\",\"position\":4,\"name\":\"Dirty Nylon Fun\"}]},{\"@type\":\"WebSite\",\"@id\":\"https:\/\/manurefetish.com\/#website\",\"url\":\"https:\/\/manurefetish.com\/\",\"name\":\"ManureFetish\",\"description\":\"ManureFetish Shop\",\"publisher\":{\"@id\":\"https:\/\/manurefetish.com\/#organization\"},\"potentialAction\":[{\"@type\":\"SearchAction\",\"target\":{\"@type\":\"EntryPoint\",\"urlTemplate\":\"https:\/\/manurefetish.com\/?s={search_term_string}\"},\"query-input\":{\"@type\":\"PropertyValueSpecification\",\"valueRequired\":true,\"valueName\":\"search_term_string\"}}],\"inLanguage\":\"pt-BR\"},{\"@type\":\"Organization\",\"@id\":\"https:\/\/manurefetish.com\/#organization\",\"name\":\"ManureFetish.com\",\"url\":\"https:\/\/manurefetish.com\/\",\"logo\":{\"@type\":\"ImageObject\",\"inLanguage\":\"pt-BR\",\"@id\":\"https:\/\/manurefetish.com\/#\/schema\/logo\/image\/\",\"url\":\"https:\/\/manurefetish.com\/wp-content\/uploads\/2019\/06\/1000xmanurefetishcom-michaela-logo-website-shop.png\",\"contentUrl\":\"https:\/\/manurefetish.com\/wp-content\/uploads\/2019\/06\/1000xmanurefetishcom-michaela-logo-website-shop.png\",\"width\":1000,\"height\":632,\"caption\":\"ManureFetish.com\"},\"image\":{\"@id\":\"https:\/\/manurefetish.com\/#\/schema\/logo\/image\/\"},\"sameAs\":[\"https:\/\/www.facebook.com\/manurefetish\/\",\"https:\/\/x.com\/Manurefetisch\",\"https:\/\/www.youtube.com\/c\/ManureFetish\"],\"description\":\"We're creating various fetish content with female and male models alike.\",\"foundingDate\":\"2019-07-04\",\"vatID\":\"DE366928521\",\"numberOfEmployees\":{\"@type\":\"QuantitativeValue\",\"minValue\":\"1\",\"maxValue\":\"10\"}}]}<\/script>\n<meta property=\"og:availability\" content=\"instock\" \/>\n<meta property=\"product:availability\" content=\"instock\" \/>\n<meta property=\"product:retailer_item_id\" content=\"MFW-DNF\" \/>\n<meta property=\"product:condition\" content=\"new\" \/>\n<!-- \/ Yoast SEO Premium plugin. -->","yoast_head_json":{"title":"Dirty Nylon Fun - ManureFetish","description":"Dirty Nylon Fun, with Betty and Scati own, completely covered in cowshit while they fuck and fist each other in the cowshed.","robots":{"index":"index","follow":"follow","max-snippet":"max-snippet:-1","max-image-preview":"max-image-preview:large","max-video-preview":"max-video-preview:-1"},"canonical":"https:\/\/manurefetish.com\/pt-br\/shop\/videos\/dirty-nylon-fun\/","og_locale":"pt_BR","og_type":"article","og_title":"Dirty Nylon Fun","og_description":"Dirty Nylon Fun, with Betty and Scati own, completely covered in cowshit while they fuck and fist each other in the cowshed.","og_url":"https:\/\/manurefetish.com\/pt-br\/shop\/videos\/dirty-nylon-fun\/","og_site_name":"ManureFetish","article_publisher":"https:\/\/www.facebook.com\/manurefetish\/","article_modified_time":"2026-04-30T16:42:11+00:00","og_image":[{"width":1728,"height":576,"url":"https:\/\/manurefetish.com\/wp-content\/uploads\/2023\/01\/Betty-and-Scati-Own-Dirty-Nylon-fun.jpg","type":"image\/jpeg"}],"twitter_card":"summary_large_image","twitter_site":"@Manurefetisch","schema":{"@context":"https:\/\/schema.org","@graph":[{"@type":"WebPage","@id":"https:\/\/manurefetish.com\/shop\/videos\/dirty-nylon-fun\/","url":"https:\/\/manurefetish.com\/shop\/videos\/dirty-nylon-fun\/","name":"Dirty Nylon Fun - ManureFetish","isPartOf":{"@id":"https:\/\/manurefetish.com\/#website"},"primaryImageOfPage":{"@id":"https:\/\/manurefetish.com\/shop\/videos\/dirty-nylon-fun\/#primaryimage"},"image":{"@id":"https:\/\/manurefetish.com\/shop\/videos\/dirty-nylon-fun\/#primaryimage"},"thumbnailUrl":"https:\/\/manurefetish.b-cdn.net\/wp-content\/uploads\/2023\/01\/Betty-and-Scati-Own-Dirty-Nylon-fun.jpg","datePublished":"2023-01-08T18:45:59+00:00","dateModified":"2026-04-30T16:42:11+00:00","description":"Dirty Nylon Fun, with Betty and Scati own, completely covered in cowshit while they fuck and fist each other in the cowshed.","breadcrumb":{"@id":"https:\/\/manurefetish.com\/shop\/videos\/dirty-nylon-fun\/#breadcrumb"},"inLanguage":"pt-BR","potentialAction":[{"@type":"ReadAction","target":["https:\/\/manurefetish.com\/shop\/videos\/dirty-nylon-fun\/"]}]},{"@type":"ImageObject","inLanguage":"pt-BR","@id":"https:\/\/manurefetish.com\/shop\/videos\/dirty-nylon-fun\/#primaryimage","url":"https:\/\/manurefetish.b-cdn.net\/wp-content\/uploads\/2023\/01\/Betty-and-Scati-Own-Dirty-Nylon-fun.jpg","contentUrl":"https:\/\/manurefetish.b-cdn.net\/wp-content\/uploads\/2023\/01\/Betty-and-Scati-Own-Dirty-Nylon-fun.jpg","width":1728,"height":576},{"@type":"BreadcrumbList","@id":"https:\/\/manurefetish.com\/shop\/videos\/dirty-nylon-fun\/#breadcrumb","itemListElement":[{"@type":"ListItem","position":1,"name":"Home","item":"https:\/\/manurefetish.com\/"},{"@type":"ListItem","position":2,"name":"Shop","item":"https:\/\/manurefetish.com\/shop\/"},{"@type":"ListItem","position":3,"name":"Videos","item":"https:\/\/manurefetish.com\/product-category\/videos\/"},{"@type":"ListItem","position":4,"name":"Dirty Nylon Fun"}]},{"@type":"WebSite","@id":"https:\/\/manurefetish.com\/#website","url":"https:\/\/manurefetish.com\/","name":"ManureFetish","description":"Loja ManureFetish","publisher":{"@id":"https:\/\/manurefetish.com\/#organization"},"potentialAction":[{"@type":"SearchAction","target":{"@type":"EntryPoint","urlTemplate":"https:\/\/manurefetish.com\/?s={search_term_string}"},"query-input":{"@type":"PropertyValueSpecification","valueRequired":true,"valueName":"search_term_string"}}],"inLanguage":"pt-BR"},{"@type":"Organization","@id":"https:\/\/manurefetish.com\/#organization","name":"ManureFetish.com","url":"https:\/\/manurefetish.com\/","logo":{"@type":"ImageObject","inLanguage":"pt-BR","@id":"https:\/\/manurefetish.com\/#\/schema\/logo\/image\/","url":"https:\/\/manurefetish.com\/wp-content\/uploads\/2019\/06\/1000xmanurefetishcom-michaela-logo-website-shop.png","contentUrl":"https:\/\/manurefetish.com\/wp-content\/uploads\/2019\/06\/1000xmanurefetishcom-michaela-logo-website-shop.png","width":1000,"height":632,"caption":"ManureFetish.com"},"image":{"@id":"https:\/\/manurefetish.com\/#\/schema\/logo\/image\/"},"sameAs":["https:\/\/www.facebook.com\/manurefetish\/","https:\/\/x.com\/Manurefetisch","https:\/\/www.youtube.com\/c\/ManureFetish"],"description":"Estamos criando v\u00e1rios conte\u00fados fetichistas com modelos femininos e masculinos.","foundingDate":"2019-07-04","vatID":"DE366928521","numberOfEmployees":{"@type":"QuantitativeValue","minValue":"1","maxValue":"10"}}]},"og_availability":"instock","product_availability":"instock","product_retailer_item_id":"MFW-DNF","product_condition":"new"},"_links":{"self":[{"href":"https:\/\/manurefetish.com\/pt-br\/wp-json\/wp\/v2\/product\/77721","targetHints":{"allow":["GET"]}}],"collection":[{"href":"https:\/\/manurefetish.com\/pt-br\/wp-json\/wp\/v2\/product"}],"about":[{"href":"https:\/\/manurefetish.com\/pt-br\/wp-json\/wp\/v2\/types\/product"}],"replies":[{"embeddable":true,"href":"https:\/\/manurefetish.com\/pt-br\/wp-json\/wp\/v2\/comments?post=77721"}],"version-history":[{"count":0,"href":"https:\/\/manurefetish.com\/pt-br\/wp-json\/wp\/v2\/product\/77721\/revisions"}],"wp:featuredmedia":[{"embeddable":true,"href":"https:\/\/manurefetish.com\/pt-br\/wp-json\/wp\/v2\/media\/199037"}],"wp:attachment":[{"href":"https:\/\/manurefetish.com\/pt-br\/wp-json\/wp\/v2\/media?parent=77721"}],"wp:term":[{"taxonomy":"product_brand","embeddable":true,"href":"https:\/\/manurefetish.com\/pt-br\/wp-json\/wp\/v2\/product_brand?post=77721"},{"taxonomy":"product_cat","embeddable":true,"href":"https:\/\/manurefetish.com\/pt-br\/wp-json\/wp\/v2\/product_cat?post=77721"},{"taxonomy":"product_tag","embeddable":true,"href":"https:\/\/manurefetish.com\/pt-br\/wp-json\/wp\/v2\/product_tag?post=77721"}],"curies":[{"name":"wp","href":"https:\/\/api.w.org\/{rel}","templated":true}]}}