{"id":71616,"date":"2022-10-08T22:00:32","date_gmt":"2022-10-08T20:00:32","guid":{"rendered":"https:\/\/manurefetish.com\/?post_type=product&#038;p=71616"},"modified":"2026-03-24T15:35:55","modified_gmt":"2026-03-24T14:35:55","slug":"farmer-girl-bettys-messy-mistake","status":"publish","type":"product","link":"https:\/\/manurefetish.com\/pt-br\/shop\/videos\/farmer-girl-bettys-messy-mistake\/","title":{"rendered":"O erro bagun\u00e7ado da garota fazendeira Bettys"},"content":{"rendered":"<p><span style=\"font-weight: 400;\">Betty estava voltando da coleta de vegetais em sua cesta e percebeu que o celeiro ainda n\u00e3o estava limpo. Ent\u00e3o, ela pegou algumas ferramentas para limpar e, quando estava guardando o carrinho de m\u00e3o, caiu no canal manure. Que chatice, Betty pensou consigo mesma, mas j\u00e1 que estava l\u00e1, poderia se divertir um pouco, porque Betty gosta de se sujar. Sem mais delongas, Betty se despiu e se sujou. Quando estava devidamente besuntada, ela pegou sua cenoura da cesta de legumes e come\u00e7ou a enfi\u00e1-la em seus dois orif\u00edcios. Mas isso n\u00e3o foi suficiente para ela. Ela come\u00e7ou a se punhetar e tamb\u00e9m a mijar. Ela tamb\u00e9m saiu do canal e pulou de volta, pois gostava da sensa\u00e7\u00e3o do dung cremoso ao seu redor. Mas o tempo correu, depois que ela conseguiu, ela continuou a trabalhar, porque ainda havia muito a fazer.<\/span><\/p>","protected":false},"excerpt":{"rendered":"<p>Betty was coming back from collecting vegetables in her basket until she noticed that the barn was not yet cleaned up. So she grabbed some tools to clean up, and as she was putting the wheelbarrow away, she fell into the manure channel. What a bummer Betty thought to herself, but while she was in [&hellip;]<\/p>\n","protected":false},"featured_media":199045,"comment_status":"open","ping_status":"closed","template":"","meta":{"_acf_changed":false,"site-sidebar-layout":"default","site-content-layout":"","ast-site-content-layout":"default","site-content-style":"default","site-sidebar-style":"default","ast-global-header-display":"","ast-banner-title-visibility":"","ast-main-header-display":"","ast-hfb-above-header-display":"","ast-hfb-below-header-display":"","ast-hfb-mobile-header-display":"","site-post-title":"","ast-breadcrumbs-content":"","ast-featured-img":"","footer-sml-layout":"","ast-disable-related-posts":"","theme-transparent-header-meta":"default","adv-header-id-meta":"","stick-header-meta":"","header-above-stick-meta":"","header-main-stick-meta":"","header-below-stick-meta":"","astra-migrate-meta-layouts":"set","ast-page-background-enabled":"default","ast-page-background-meta":{"desktop":{"background-color":"var(--ast-global-color-4)","background-image":"","background-repeat":"repeat","background-position":"center center","background-size":"auto","background-attachment":"scroll","background-type":"","background-media":"","overlay-type":"","overlay-color":"","overlay-opacity":"","overlay-gradient":""},"tablet":{"background-color":"","background-image":"","background-repeat":"repeat","background-position":"center center","background-size":"auto","background-attachment":"scroll","background-type":"","background-media":"","overlay-type":"","overlay-color":"","overlay-opacity":"","overlay-gradient":""},"mobile":{"background-color":"","background-image":"","background-repeat":"repeat","background-position":"center center","background-size":"auto","background-attachment":"scroll","background-type":"","background-media":"","overlay-type":"","overlay-color":"","overlay-opacity":"","overlay-gradient":""}},"ast-content-background-meta":{"desktop":{"background-color":"var(--ast-global-color-5)","background-image":"","background-repeat":"repeat","background-position":"center center","background-size":"auto","background-attachment":"scroll","background-type":"","background-media":"","overlay-type":"","overlay-color":"","overlay-opacity":"","overlay-gradient":""},"tablet":{"background-color":"var(--ast-global-color-5)","background-image":"","background-repeat":"repeat","background-position":"center center","background-size":"auto","background-attachment":"scroll","background-type":"","background-media":"","overlay-type":"","overlay-color":"","overlay-opacity":"","overlay-gradient":""},"mobile":{"background-color":"var(--ast-global-color-5)","background-image":"","background-repeat":"repeat","background-position":"center center","background-size":"auto","background-attachment":"scroll","background-type":"","background-media":"","overlay-type":"","overlay-color":"","overlay-opacity":"","overlay-gradient":""}}},"product_brand":[],"product_cat":[4470],"product_tag":[317,2476,2601,318,66,2508,2631,2621,2558,118,316,64,3030,2624,3628,3523,3334,54,2419,425,2332,52,2285,2206,3174,65,35,360,2971,2482,32,3408,3494,34,4482,23,24,2832,2478,358,29,3614,319,2368],"class_list":{"0":"post-71616","1":"product","2":"type-product","3":"status-publish","4":"has-post-thumbnail","6":"product_cat-videos","7":"product_tag-asshole","8":"product_tag-betty","9":"product_tag-black-hair","10":"product_tag-boobs","11":"product_tag-clothed","12":"product_tag-clothes","13":"product_tag-completely-covered","14":"product_tag-cow-dung","15":"product_tag-cowgirl","16":"product_tag-cowshed","17":"product_tag-cunt","18":"product_tag-dildo","19":"product_tag-download","20":"product_tag-farm","21":"product_tag-farmer-girl","22":"product_tag-fingering","23":"product_tag-fisting","24":"product_tag-full-covered","25":"product_tag-full-hd","26":"product_tag-hair","27":"product_tag-jerking-off","28":"product_tag-manure-channel","29":"product_tag-masturbate","30":"product_tag-masturbation","31":"product_tag-missionary","32":"product_tag-naked","33":"product_tag-orgasm","34":"product_tag-outdoor","35":"product_tag-pee","36":"product_tag-peeing","37":"product_tag-pussy","38":"product_tag-season-3","39":"product_tag-secretary","40":"product_tag-sex","41":"product_tag-sex-in-cowshit","42":"product_tag-shed","43":"product_tag-slurry","44":"product_tag-smearing","45":"product_tag-squirting","46":"product_tag-stuffing","47":"product_tag-submerging","48":"product_tag-suncream","49":"product_tag-tits","50":"product_tag-ultra-hd","51":"pa_audio-info-stereo","52":"pa_format-mp4","53":"pa_length-41-minutes","54":"pa_product-type-digital-download-full-hd-video","55":"pa_product-type-digital-download-ultra-hd-video","56":"pa_product-type-usb-stick","57":"pa_size-fhd-6-08-gb","58":"pa_size-uhd-12-1-gb","59":"pa_video-info-full-hd-1920x1080p","60":"pa_video-info-ultra-hd-4k","61":"desktop-align-center","62":"tablet-align-left","63":"mobile-align-left","65":"first","66":"instock","67":"shipping-taxable","68":"purchasable","69":"product-type-variable","70":"has-default-attributes"},"exclude_global_add_ons":[],"addons":[],"acf":[],"yoast_head":"<!-- This site is optimized with the Yoast SEO Premium plugin v27.1 (Yoast SEO v27.1.1) - https:\/\/yoast.com\/product\/yoast-seo-premium-wordpress\/ -->\n<title>Farmer Girl Bettys Messy Mistake - ManureFetish<\/title>\n<meta name=\"description\" content=\"Farmer Girl Bettys Messy Mistake, Betty cleans the cowshed but trips and falls in the manure channel filled with cowshit and gets turned on by it.\" \/>\n<meta name=\"robots\" content=\"index, follow, max-snippet:-1, max-image-preview:large, max-video-preview:-1\" \/>\n<link rel=\"canonical\" href=\"https:\/\/manurefetish.com\/pt-br\/shop\/videos\/farmer-girl-bettys-messy-mistake\/\" \/>\n<meta property=\"og:locale\" content=\"pt_BR\" \/>\n<meta property=\"og:type\" content=\"article\" \/>\n<meta property=\"og:title\" content=\"Farmer Girl Bettys Messy Mistake\" \/>\n<meta property=\"og:description\" content=\"Farmer Girl Bettys Messy Mistake, Betty cleans the cowshed but trips and falls in the manure channel filled with cowshit and gets turned on by it.\" \/>\n<meta property=\"og:url\" content=\"https:\/\/manurefetish.com\/pt-br\/shop\/videos\/farmer-girl-bettys-messy-mistake\/\" \/>\n<meta property=\"og:site_name\" content=\"ManureFetish\" \/>\n<meta property=\"article:publisher\" content=\"https:\/\/www.facebook.com\/manurefetish\/\" \/>\n<meta property=\"article:modified_time\" content=\"2026-03-24T14:35:55+00:00\" \/>\n<meta property=\"og:image\" content=\"https:\/\/manurefetish.com\/wp-content\/uploads\/2022\/10\/Farmer-Girl-Bettys-Messy-Mistake.jpg\" \/>\n\t<meta property=\"og:image:width\" content=\"1728\" \/>\n\t<meta property=\"og:image:height\" content=\"576\" \/>\n\t<meta property=\"og:image:type\" content=\"image\/jpeg\" \/>\n<meta name=\"twitter:card\" content=\"summary_large_image\" \/>\n<meta name=\"twitter:site\" content=\"@Manurefetisch\" \/>\n<script type=\"application\/ld+json\" class=\"yoast-schema-graph\">{\"@context\":\"https:\/\/schema.org\",\"@graph\":[{\"@type\":\"WebPage\",\"@id\":\"https:\/\/manurefetish.com\/shop\/videos\/farmer-girl-bettys-messy-mistake\/\",\"url\":\"https:\/\/manurefetish.com\/shop\/videos\/farmer-girl-bettys-messy-mistake\/\",\"name\":\"Farmer Girl Bettys Messy Mistake - ManureFetish\",\"isPartOf\":{\"@id\":\"https:\/\/manurefetish.com\/#website\"},\"primaryImageOfPage\":{\"@id\":\"https:\/\/manurefetish.com\/shop\/videos\/farmer-girl-bettys-messy-mistake\/#primaryimage\"},\"image\":{\"@id\":\"https:\/\/manurefetish.com\/shop\/videos\/farmer-girl-bettys-messy-mistake\/#primaryimage\"},\"thumbnailUrl\":\"https:\/\/manurefetish.b-cdn.net\/wp-content\/uploads\/2022\/10\/Farmer-Girl-Bettys-Messy-Mistake.jpg\",\"datePublished\":\"2022-10-08T20:00:32+00:00\",\"dateModified\":\"2026-03-24T14:35:55+00:00\",\"description\":\"Farmer Girl Bettys Messy Mistake, Betty cleans the cowshed but trips and falls in the manure channel filled with cowshit and gets turned on by it.\",\"breadcrumb\":{\"@id\":\"https:\/\/manurefetish.com\/shop\/videos\/farmer-girl-bettys-messy-mistake\/#breadcrumb\"},\"inLanguage\":\"pt-BR\",\"potentialAction\":[{\"@type\":\"ReadAction\",\"target\":[\"https:\/\/manurefetish.com\/shop\/videos\/farmer-girl-bettys-messy-mistake\/\"]}]},{\"@type\":\"ImageObject\",\"inLanguage\":\"pt-BR\",\"@id\":\"https:\/\/manurefetish.com\/shop\/videos\/farmer-girl-bettys-messy-mistake\/#primaryimage\",\"url\":\"https:\/\/manurefetish.b-cdn.net\/wp-content\/uploads\/2022\/10\/Farmer-Girl-Bettys-Messy-Mistake.jpg\",\"contentUrl\":\"https:\/\/manurefetish.b-cdn.net\/wp-content\/uploads\/2022\/10\/Farmer-Girl-Bettys-Messy-Mistake.jpg\",\"width\":1728,\"height\":576},{\"@type\":\"BreadcrumbList\",\"@id\":\"https:\/\/manurefetish.com\/shop\/videos\/farmer-girl-bettys-messy-mistake\/#breadcrumb\",\"itemListElement\":[{\"@type\":\"ListItem\",\"position\":1,\"name\":\"Home\",\"item\":\"https:\/\/manurefetish.com\/\"},{\"@type\":\"ListItem\",\"position\":2,\"name\":\"Shop\",\"item\":\"https:\/\/manurefetish.com\/shop\/\"},{\"@type\":\"ListItem\",\"position\":3,\"name\":\"Videos\",\"item\":\"https:\/\/manurefetish.com\/product-category\/videos\/\"},{\"@type\":\"ListItem\",\"position\":4,\"name\":\"Farmer Girl Bettys Messy Mistake\"}]},{\"@type\":\"WebSite\",\"@id\":\"https:\/\/manurefetish.com\/#website\",\"url\":\"https:\/\/manurefetish.com\/\",\"name\":\"ManureFetish\",\"description\":\"ManureFetish Shop\",\"publisher\":{\"@id\":\"https:\/\/manurefetish.com\/#organization\"},\"potentialAction\":[{\"@type\":\"SearchAction\",\"target\":{\"@type\":\"EntryPoint\",\"urlTemplate\":\"https:\/\/manurefetish.com\/?s={search_term_string}\"},\"query-input\":{\"@type\":\"PropertyValueSpecification\",\"valueRequired\":true,\"valueName\":\"search_term_string\"}}],\"inLanguage\":\"pt-BR\"},{\"@type\":\"Organization\",\"@id\":\"https:\/\/manurefetish.com\/#organization\",\"name\":\"ManureFetish.com\",\"url\":\"https:\/\/manurefetish.com\/\",\"logo\":{\"@type\":\"ImageObject\",\"inLanguage\":\"pt-BR\",\"@id\":\"https:\/\/manurefetish.com\/#\/schema\/logo\/image\/\",\"url\":\"https:\/\/manurefetish.com\/wp-content\/uploads\/2019\/06\/1000xmanurefetishcom-michaela-logo-website-shop.png\",\"contentUrl\":\"https:\/\/manurefetish.com\/wp-content\/uploads\/2019\/06\/1000xmanurefetishcom-michaela-logo-website-shop.png\",\"width\":1000,\"height\":632,\"caption\":\"ManureFetish.com\"},\"image\":{\"@id\":\"https:\/\/manurefetish.com\/#\/schema\/logo\/image\/\"},\"sameAs\":[\"https:\/\/www.facebook.com\/manurefetish\/\",\"https:\/\/x.com\/Manurefetisch\",\"https:\/\/www.youtube.com\/c\/ManureFetish\"],\"description\":\"We're creating various fetish content with female and male models alike.\",\"foundingDate\":\"2019-07-04\",\"vatID\":\"DE366928521\",\"numberOfEmployees\":{\"@type\":\"QuantitativeValue\",\"minValue\":\"1\",\"maxValue\":\"10\"}}]}<\/script>\n<meta property=\"og:availability\" content=\"instock\" \/>\n<meta property=\"product:availability\" content=\"instock\" \/>\n<meta property=\"product:retailer_item_id\" content=\"MFW-FGBMM\" \/>\n<meta property=\"product:condition\" content=\"new\" \/>\n<!-- \/ Yoast SEO Premium plugin. -->","yoast_head_json":{"title":"Farmer Girl Bettys Messy Mistake - ManureFetish","description":"Farmer Girl Bettys Messy Mistake, Betty cleans the cowshed but trips and falls in the manure channel filled with cowshit and gets turned on by it.","robots":{"index":"index","follow":"follow","max-snippet":"max-snippet:-1","max-image-preview":"max-image-preview:large","max-video-preview":"max-video-preview:-1"},"canonical":"https:\/\/manurefetish.com\/pt-br\/shop\/videos\/farmer-girl-bettys-messy-mistake\/","og_locale":"pt_BR","og_type":"article","og_title":"Farmer Girl Bettys Messy Mistake","og_description":"Farmer Girl Bettys Messy Mistake, Betty cleans the cowshed but trips and falls in the manure channel filled with cowshit and gets turned on by it.","og_url":"https:\/\/manurefetish.com\/pt-br\/shop\/videos\/farmer-girl-bettys-messy-mistake\/","og_site_name":"ManureFetish","article_publisher":"https:\/\/www.facebook.com\/manurefetish\/","article_modified_time":"2026-03-24T14:35:55+00:00","og_image":[{"width":1728,"height":576,"url":"https:\/\/manurefetish.com\/wp-content\/uploads\/2022\/10\/Farmer-Girl-Bettys-Messy-Mistake.jpg","type":"image\/jpeg"}],"twitter_card":"summary_large_image","twitter_site":"@Manurefetisch","schema":{"@context":"https:\/\/schema.org","@graph":[{"@type":"WebPage","@id":"https:\/\/manurefetish.com\/shop\/videos\/farmer-girl-bettys-messy-mistake\/","url":"https:\/\/manurefetish.com\/shop\/videos\/farmer-girl-bettys-messy-mistake\/","name":"Farmer Girl Bettys Messy Mistake - ManureFetish","isPartOf":{"@id":"https:\/\/manurefetish.com\/#website"},"primaryImageOfPage":{"@id":"https:\/\/manurefetish.com\/shop\/videos\/farmer-girl-bettys-messy-mistake\/#primaryimage"},"image":{"@id":"https:\/\/manurefetish.com\/shop\/videos\/farmer-girl-bettys-messy-mistake\/#primaryimage"},"thumbnailUrl":"https:\/\/manurefetish.b-cdn.net\/wp-content\/uploads\/2022\/10\/Farmer-Girl-Bettys-Messy-Mistake.jpg","datePublished":"2022-10-08T20:00:32+00:00","dateModified":"2026-03-24T14:35:55+00:00","description":"Farmer Girl Bettys Messy Mistake, Betty cleans the cowshed but trips and falls in the manure channel filled with cowshit and gets turned on by it.","breadcrumb":{"@id":"https:\/\/manurefetish.com\/shop\/videos\/farmer-girl-bettys-messy-mistake\/#breadcrumb"},"inLanguage":"pt-BR","potentialAction":[{"@type":"ReadAction","target":["https:\/\/manurefetish.com\/shop\/videos\/farmer-girl-bettys-messy-mistake\/"]}]},{"@type":"ImageObject","inLanguage":"pt-BR","@id":"https:\/\/manurefetish.com\/shop\/videos\/farmer-girl-bettys-messy-mistake\/#primaryimage","url":"https:\/\/manurefetish.b-cdn.net\/wp-content\/uploads\/2022\/10\/Farmer-Girl-Bettys-Messy-Mistake.jpg","contentUrl":"https:\/\/manurefetish.b-cdn.net\/wp-content\/uploads\/2022\/10\/Farmer-Girl-Bettys-Messy-Mistake.jpg","width":1728,"height":576},{"@type":"BreadcrumbList","@id":"https:\/\/manurefetish.com\/shop\/videos\/farmer-girl-bettys-messy-mistake\/#breadcrumb","itemListElement":[{"@type":"ListItem","position":1,"name":"Home","item":"https:\/\/manurefetish.com\/"},{"@type":"ListItem","position":2,"name":"Shop","item":"https:\/\/manurefetish.com\/shop\/"},{"@type":"ListItem","position":3,"name":"Videos","item":"https:\/\/manurefetish.com\/product-category\/videos\/"},{"@type":"ListItem","position":4,"name":"Farmer Girl Bettys Messy Mistake"}]},{"@type":"WebSite","@id":"https:\/\/manurefetish.com\/#website","url":"https:\/\/manurefetish.com\/","name":"ManureFetish","description":"Loja ManureFetish","publisher":{"@id":"https:\/\/manurefetish.com\/#organization"},"potentialAction":[{"@type":"SearchAction","target":{"@type":"EntryPoint","urlTemplate":"https:\/\/manurefetish.com\/?s={search_term_string}"},"query-input":{"@type":"PropertyValueSpecification","valueRequired":true,"valueName":"search_term_string"}}],"inLanguage":"pt-BR"},{"@type":"Organization","@id":"https:\/\/manurefetish.com\/#organization","name":"ManureFetish.com","url":"https:\/\/manurefetish.com\/","logo":{"@type":"ImageObject","inLanguage":"pt-BR","@id":"https:\/\/manurefetish.com\/#\/schema\/logo\/image\/","url":"https:\/\/manurefetish.com\/wp-content\/uploads\/2019\/06\/1000xmanurefetishcom-michaela-logo-website-shop.png","contentUrl":"https:\/\/manurefetish.com\/wp-content\/uploads\/2019\/06\/1000xmanurefetishcom-michaela-logo-website-shop.png","width":1000,"height":632,"caption":"ManureFetish.com"},"image":{"@id":"https:\/\/manurefetish.com\/#\/schema\/logo\/image\/"},"sameAs":["https:\/\/www.facebook.com\/manurefetish\/","https:\/\/x.com\/Manurefetisch","https:\/\/www.youtube.com\/c\/ManureFetish"],"description":"Estamos criando v\u00e1rios conte\u00fados fetichistas com modelos femininos e masculinos.","foundingDate":"2019-07-04","vatID":"DE366928521","numberOfEmployees":{"@type":"QuantitativeValue","minValue":"1","maxValue":"10"}}]},"og_availability":"instock","product_availability":"instock","product_retailer_item_id":"MFW-FGBMM","product_condition":"new"},"_links":{"self":[{"href":"https:\/\/manurefetish.com\/pt-br\/wp-json\/wp\/v2\/product\/71616","targetHints":{"allow":["GET"]}}],"collection":[{"href":"https:\/\/manurefetish.com\/pt-br\/wp-json\/wp\/v2\/product"}],"about":[{"href":"https:\/\/manurefetish.com\/pt-br\/wp-json\/wp\/v2\/types\/product"}],"replies":[{"embeddable":true,"href":"https:\/\/manurefetish.com\/pt-br\/wp-json\/wp\/v2\/comments?post=71616"}],"version-history":[{"count":0,"href":"https:\/\/manurefetish.com\/pt-br\/wp-json\/wp\/v2\/product\/71616\/revisions"}],"wp:featuredmedia":[{"embeddable":true,"href":"https:\/\/manurefetish.com\/pt-br\/wp-json\/wp\/v2\/media\/199045"}],"wp:attachment":[{"href":"https:\/\/manurefetish.com\/pt-br\/wp-json\/wp\/v2\/media?parent=71616"}],"wp:term":[{"taxonomy":"product_brand","embeddable":true,"href":"https:\/\/manurefetish.com\/pt-br\/wp-json\/wp\/v2\/product_brand?post=71616"},{"taxonomy":"product_cat","embeddable":true,"href":"https:\/\/manurefetish.com\/pt-br\/wp-json\/wp\/v2\/product_cat?post=71616"},{"taxonomy":"product_tag","embeddable":true,"href":"https:\/\/manurefetish.com\/pt-br\/wp-json\/wp\/v2\/product_tag?post=71616"}],"curies":[{"name":"wp","href":"https:\/\/api.w.org\/{rel}","templated":true}]}}