{"id":7143,"date":"2020-06-26T13:53:22","date_gmt":"2020-06-26T12:53:22","guid":{"rendered":"https:\/\/manurefetish.com\/?post_type=product&#038;p=7143"},"modified":"2026-03-24T17:18:44","modified_gmt":"2026-03-24T16:18:44","slug":"aiyana-queen-of-the-dung","status":"publish","type":"product","link":"https:\/\/manurefetish.com\/pt-br\/shop\/videos\/aiyana-queen-of-the-dung\/","title":{"rendered":"Aiyana Rainha do Dung"},"content":{"rendered":"<p>Aiyana \u00e9 uma garota do campo e adora trabalhar na fazenda. Mas isso \u00e9 apenas por um motivo. Ela adora jogos sujos e nunca teve problemas em se sujar. Ela se autodenomina a rainha do dung. Hoje ela voltou ao est\u00e1bulo para se divertir em seu lugar favorito. Porque ela adora bagun\u00e7ar completamente o manure e a vaca dung. Ela vai para seu lugar favorito, um lugar no est\u00e1bulo onde pode ter acesso perfeito \u00e0 vaca dung. Ela come\u00e7a a espalhar lentamente o manure entre os dedos e a cheir\u00e1-lo. Ela literalmente gosta. Ela literalmente gosta disso. Em seguida, ela se esfrega peda\u00e7o por peda\u00e7o at\u00e9 que mal consegue esperar mais e entra completamente no canal cheio da vaca dung. Ela cobre todo o corpo e a roupa e come\u00e7a a se masturbar atrav\u00e9s de suas calcinhas cobertas de dung de vaca. Depois disso, ela sai de novo e come\u00e7a a se despir e a manchar seu corpo nu com o manure novamente. Peda\u00e7o por peda\u00e7o, at\u00e9 que n\u00e3o reste quase nenhum ponto livre. Ela se acaricia e se masturba de lado at\u00e9 ter um orgasmo incr\u00edvel. Depois disso, ela sobe no canal do manure novamente e submerge completamente, o que a deixa ainda mais excitada e ela come\u00e7a a se masturbar nos l\u00e1bios da buceta cobertos pelo manure.<\/p>","protected":false},"excerpt":{"rendered":"<p>Aiyana is a country girl, she loves to work on the farm. But that only for a reason. She loves dirty games and has never had a problem getting dirty. She calls herself the queen of the dung. Today she went back to the cowshed to have some fun at her favourite place. Because she [&hellip;]<\/p>\n","protected":false},"featured_media":198912,"comment_status":"open","ping_status":"closed","template":"","meta":{"_acf_changed":false,"site-sidebar-layout":"default","site-content-layout":"","ast-site-content-layout":"default","site-content-style":"default","site-sidebar-style":"default","ast-global-header-display":"","ast-banner-title-visibility":"","ast-main-header-display":"","ast-hfb-above-header-display":"","ast-hfb-below-header-display":"","ast-hfb-mobile-header-display":"","site-post-title":"","ast-breadcrumbs-content":"","ast-featured-img":"","footer-sml-layout":"","ast-disable-related-posts":"","theme-transparent-header-meta":"default","adv-header-id-meta":"","stick-header-meta":"","header-above-stick-meta":"","header-main-stick-meta":"","header-below-stick-meta":"","astra-migrate-meta-layouts":"set","ast-page-background-enabled":"default","ast-page-background-meta":{"desktop":{"background-color":"var(--ast-global-color-4)","background-image":"","background-repeat":"repeat","background-position":"center center","background-size":"auto","background-attachment":"scroll","background-type":"","background-media":"","overlay-type":"","overlay-color":"","overlay-opacity":"","overlay-gradient":""},"tablet":{"background-color":"","background-image":"","background-repeat":"repeat","background-position":"center center","background-size":"auto","background-attachment":"scroll","background-type":"","background-media":"","overlay-type":"","overlay-color":"","overlay-opacity":"","overlay-gradient":""},"mobile":{"background-color":"","background-image":"","background-repeat":"repeat","background-position":"center center","background-size":"auto","background-attachment":"scroll","background-type":"","background-media":"","overlay-type":"","overlay-color":"","overlay-opacity":"","overlay-gradient":""}},"ast-content-background-meta":{"desktop":{"background-color":"var(--ast-global-color-5)","background-image":"","background-repeat":"repeat","background-position":"center center","background-size":"auto","background-attachment":"scroll","background-type":"","background-media":"","overlay-type":"","overlay-color":"","overlay-opacity":"","overlay-gradient":""},"tablet":{"background-color":"var(--ast-global-color-5)","background-image":"","background-repeat":"repeat","background-position":"center center","background-size":"auto","background-attachment":"scroll","background-type":"","background-media":"","overlay-type":"","overlay-color":"","overlay-opacity":"","overlay-gradient":""},"mobile":{"background-color":"var(--ast-global-color-5)","background-image":"","background-repeat":"repeat","background-position":"center center","background-size":"auto","background-attachment":"scroll","background-type":"","background-media":"","overlay-type":"","overlay-color":"","overlay-opacity":"","overlay-gradient":""}}},"product_brand":[],"product_cat":[4470],"product_tag":[2435,317,47,66,2281,19,2621,118,316,3030,20,56,2204,2304,320,54,2419,67,18,278,2203,2200,2206,32,3425,4482,277,2201,29,319,2205],"class_list":{"0":"post-7143","1":"product","2":"type-product","3":"status-publish","4":"has-post-thumbnail","6":"product_cat-videos","7":"product_tag-aiyana","8":"product_tag-asshole","9":"product_tag-channel","10":"product_tag-clothed","11":"product_tag-completely-submerged","12":"product_tag-cow","13":"product_tag-cow-dung","14":"product_tag-cowshed","15":"product_tag-cunt","16":"product_tag-download","17":"product_tag-dung","18":"product_tag-erotic","19":"product_tag-farm-girl","20":"product_tag-farm-porn","21":"product_tag-feet","22":"product_tag-full-covered","23":"product_tag-full-hd","24":"product_tag-liquid","25":"product_tag-manure","26":"product_tag-manure-fetish","27":"product_tag-manure-girl","28":"product_tag-manure-porn","29":"product_tag-masturbation","30":"product_tag-pussy","31":"product_tag-season-1","32":"product_tag-sex-in-cowshit","33":"product_tag-slurry-bath","34":"product_tag-slurry-porn","35":"product_tag-submerging","36":"product_tag-tits","37":"product_tag-wet-and-messy","38":"pa_audio-info-stereo","39":"pa_format-mp4","40":"pa_length-24-minutes","41":"pa_product-type-digital-download-full-hd-video","42":"pa_product-type-digital-download-ultra-hd-video","43":"pa_product-type-usb-stick","44":"pa_productionyear-2198","45":"pa_size-47-gb","46":"desktop-align-center","47":"tablet-align-left","48":"mobile-align-left","50":"first","51":"instock","52":"shipping-taxable","53":"purchasable","54":"product-type-variable"},"exclude_global_add_ons":[],"addons":[],"acf":[],"yoast_head":"<!-- This site is optimized with the Yoast SEO Premium plugin v27.1 (Yoast SEO v27.1.1) - https:\/\/yoast.com\/product\/yoast-seo-premium-wordpress\/ -->\n<title>Aiyana Queen of the Dung - ManureFetish<\/title>\n<meta name=\"description\" content=\"Aiyana queen of the dung features a young women wo loves in masturbating and bathing in cow manure and fresh cow shit she submerges...\" \/>\n<meta name=\"robots\" content=\"index, follow, max-snippet:-1, max-image-preview:large, max-video-preview:-1\" \/>\n<link rel=\"canonical\" href=\"https:\/\/manurefetish.com\/pt-br\/shop\/videos\/aiyana-queen-of-the-dung\/\" \/>\n<meta property=\"og:locale\" content=\"pt_BR\" \/>\n<meta property=\"og:type\" content=\"article\" \/>\n<meta property=\"og:title\" content=\"Aiyana Queen of the Dung\" \/>\n<meta property=\"og:description\" content=\"Aiyana queen of the dung features a young women wo loves in masturbating and bathing in cow manure and fresh cow shit she submerges...\" \/>\n<meta property=\"og:url\" content=\"https:\/\/manurefetish.com\/pt-br\/shop\/videos\/aiyana-queen-of-the-dung\/\" \/>\n<meta property=\"og:site_name\" content=\"ManureFetish\" \/>\n<meta property=\"article:publisher\" content=\"https:\/\/www.facebook.com\/manurefetish\/\" \/>\n<meta property=\"article:modified_time\" content=\"2026-03-24T16:18:44+00:00\" \/>\n<meta property=\"og:image\" content=\"https:\/\/manurefetish.com\/wp-content\/uploads\/2020\/06\/aiyana-queen-of-the-dung-1.jpg\" \/>\n\t<meta property=\"og:image:width\" content=\"1728\" \/>\n\t<meta property=\"og:image:height\" content=\"576\" \/>\n\t<meta property=\"og:image:type\" content=\"image\/jpeg\" \/>\n<meta name=\"twitter:card\" content=\"summary_large_image\" \/>\n<meta name=\"twitter:site\" content=\"@Manurefetisch\" \/>\n<script type=\"application\/ld+json\" class=\"yoast-schema-graph\">{\"@context\":\"https:\/\/schema.org\",\"@graph\":[{\"@type\":\"WebPage\",\"@id\":\"https:\/\/manurefetish.com\/shop\/videos\/aiyana-queen-of-the-dung\/\",\"url\":\"https:\/\/manurefetish.com\/shop\/videos\/aiyana-queen-of-the-dung\/\",\"name\":\"Aiyana Queen of the Dung - ManureFetish\",\"isPartOf\":{\"@id\":\"https:\/\/manurefetish.com\/#website\"},\"primaryImageOfPage\":{\"@id\":\"https:\/\/manurefetish.com\/shop\/videos\/aiyana-queen-of-the-dung\/#primaryimage\"},\"image\":{\"@id\":\"https:\/\/manurefetish.com\/shop\/videos\/aiyana-queen-of-the-dung\/#primaryimage\"},\"thumbnailUrl\":\"https:\/\/manurefetish.b-cdn.net\/wp-content\/uploads\/2020\/06\/aiyana-queen-of-the-dung-1.jpg\",\"datePublished\":\"2020-06-26T12:53:22+00:00\",\"dateModified\":\"2026-03-24T16:18:44+00:00\",\"description\":\"Aiyana queen of the dung features a young women wo loves in masturbating and bathing in cow manure and fresh cow shit she submerges...\",\"breadcrumb\":{\"@id\":\"https:\/\/manurefetish.com\/shop\/videos\/aiyana-queen-of-the-dung\/#breadcrumb\"},\"inLanguage\":\"pt-BR\",\"potentialAction\":[{\"@type\":\"ReadAction\",\"target\":[\"https:\/\/manurefetish.com\/shop\/videos\/aiyana-queen-of-the-dung\/\"]}]},{\"@type\":\"ImageObject\",\"inLanguage\":\"pt-BR\",\"@id\":\"https:\/\/manurefetish.com\/shop\/videos\/aiyana-queen-of-the-dung\/#primaryimage\",\"url\":\"https:\/\/manurefetish.b-cdn.net\/wp-content\/uploads\/2020\/06\/aiyana-queen-of-the-dung-1.jpg\",\"contentUrl\":\"https:\/\/manurefetish.b-cdn.net\/wp-content\/uploads\/2020\/06\/aiyana-queen-of-the-dung-1.jpg\",\"width\":1728,\"height\":576},{\"@type\":\"BreadcrumbList\",\"@id\":\"https:\/\/manurefetish.com\/shop\/videos\/aiyana-queen-of-the-dung\/#breadcrumb\",\"itemListElement\":[{\"@type\":\"ListItem\",\"position\":1,\"name\":\"Home\",\"item\":\"https:\/\/manurefetish.com\/\"},{\"@type\":\"ListItem\",\"position\":2,\"name\":\"Shop\",\"item\":\"https:\/\/manurefetish.com\/shop\/\"},{\"@type\":\"ListItem\",\"position\":3,\"name\":\"Videos\",\"item\":\"https:\/\/manurefetish.com\/product-category\/videos\/\"},{\"@type\":\"ListItem\",\"position\":4,\"name\":\"Aiyana Queen of the Dung\"}]},{\"@type\":\"WebSite\",\"@id\":\"https:\/\/manurefetish.com\/#website\",\"url\":\"https:\/\/manurefetish.com\/\",\"name\":\"ManureFetish\",\"description\":\"ManureFetish Shop\",\"publisher\":{\"@id\":\"https:\/\/manurefetish.com\/#organization\"},\"potentialAction\":[{\"@type\":\"SearchAction\",\"target\":{\"@type\":\"EntryPoint\",\"urlTemplate\":\"https:\/\/manurefetish.com\/?s={search_term_string}\"},\"query-input\":{\"@type\":\"PropertyValueSpecification\",\"valueRequired\":true,\"valueName\":\"search_term_string\"}}],\"inLanguage\":\"pt-BR\"},{\"@type\":\"Organization\",\"@id\":\"https:\/\/manurefetish.com\/#organization\",\"name\":\"ManureFetish.com\",\"url\":\"https:\/\/manurefetish.com\/\",\"logo\":{\"@type\":\"ImageObject\",\"inLanguage\":\"pt-BR\",\"@id\":\"https:\/\/manurefetish.com\/#\/schema\/logo\/image\/\",\"url\":\"https:\/\/manurefetish.com\/wp-content\/uploads\/2019\/06\/1000xmanurefetishcom-michaela-logo-website-shop.png\",\"contentUrl\":\"https:\/\/manurefetish.com\/wp-content\/uploads\/2019\/06\/1000xmanurefetishcom-michaela-logo-website-shop.png\",\"width\":1000,\"height\":632,\"caption\":\"ManureFetish.com\"},\"image\":{\"@id\":\"https:\/\/manurefetish.com\/#\/schema\/logo\/image\/\"},\"sameAs\":[\"https:\/\/www.facebook.com\/manurefetish\/\",\"https:\/\/x.com\/Manurefetisch\",\"https:\/\/www.youtube.com\/c\/ManureFetish\"],\"description\":\"We're creating various fetish content with female and male models alike.\",\"foundingDate\":\"2019-07-04\",\"vatID\":\"DE366928521\",\"numberOfEmployees\":{\"@type\":\"QuantitativeValue\",\"minValue\":\"1\",\"maxValue\":\"10\"}}]}<\/script>\n<meta property=\"og:availability\" content=\"instock\" \/>\n<meta property=\"product:availability\" content=\"instock\" \/>\n<meta property=\"product:retailer_item_id\" content=\"MFW-AQOTD\" \/>\n<meta property=\"product:condition\" content=\"new\" \/>\n<!-- \/ Yoast SEO Premium plugin. -->","yoast_head_json":{"title":"Aiyana Queen of the Dung - ManureFetish","description":"Aiyana queen of the dung features a young women wo loves in masturbating and bathing in cow manure and fresh cow shit she submerges...","robots":{"index":"index","follow":"follow","max-snippet":"max-snippet:-1","max-image-preview":"max-image-preview:large","max-video-preview":"max-video-preview:-1"},"canonical":"https:\/\/manurefetish.com\/pt-br\/shop\/videos\/aiyana-queen-of-the-dung\/","og_locale":"pt_BR","og_type":"article","og_title":"Aiyana Queen of the Dung","og_description":"Aiyana queen of the dung features a young women wo loves in masturbating and bathing in cow manure and fresh cow shit she submerges...","og_url":"https:\/\/manurefetish.com\/pt-br\/shop\/videos\/aiyana-queen-of-the-dung\/","og_site_name":"ManureFetish","article_publisher":"https:\/\/www.facebook.com\/manurefetish\/","article_modified_time":"2026-03-24T16:18:44+00:00","og_image":[{"width":1728,"height":576,"url":"https:\/\/manurefetish.com\/wp-content\/uploads\/2020\/06\/aiyana-queen-of-the-dung-1.jpg","type":"image\/jpeg"}],"twitter_card":"summary_large_image","twitter_site":"@Manurefetisch","schema":{"@context":"https:\/\/schema.org","@graph":[{"@type":"WebPage","@id":"https:\/\/manurefetish.com\/shop\/videos\/aiyana-queen-of-the-dung\/","url":"https:\/\/manurefetish.com\/shop\/videos\/aiyana-queen-of-the-dung\/","name":"Aiyana Queen of the Dung - ManureFetish","isPartOf":{"@id":"https:\/\/manurefetish.com\/#website"},"primaryImageOfPage":{"@id":"https:\/\/manurefetish.com\/shop\/videos\/aiyana-queen-of-the-dung\/#primaryimage"},"image":{"@id":"https:\/\/manurefetish.com\/shop\/videos\/aiyana-queen-of-the-dung\/#primaryimage"},"thumbnailUrl":"https:\/\/manurefetish.b-cdn.net\/wp-content\/uploads\/2020\/06\/aiyana-queen-of-the-dung-1.jpg","datePublished":"2020-06-26T12:53:22+00:00","dateModified":"2026-03-24T16:18:44+00:00","description":"Aiyana queen of the dung features a young women wo loves in masturbating and bathing in cow manure and fresh cow shit she submerges...","breadcrumb":{"@id":"https:\/\/manurefetish.com\/shop\/videos\/aiyana-queen-of-the-dung\/#breadcrumb"},"inLanguage":"pt-BR","potentialAction":[{"@type":"ReadAction","target":["https:\/\/manurefetish.com\/shop\/videos\/aiyana-queen-of-the-dung\/"]}]},{"@type":"ImageObject","inLanguage":"pt-BR","@id":"https:\/\/manurefetish.com\/shop\/videos\/aiyana-queen-of-the-dung\/#primaryimage","url":"https:\/\/manurefetish.b-cdn.net\/wp-content\/uploads\/2020\/06\/aiyana-queen-of-the-dung-1.jpg","contentUrl":"https:\/\/manurefetish.b-cdn.net\/wp-content\/uploads\/2020\/06\/aiyana-queen-of-the-dung-1.jpg","width":1728,"height":576},{"@type":"BreadcrumbList","@id":"https:\/\/manurefetish.com\/shop\/videos\/aiyana-queen-of-the-dung\/#breadcrumb","itemListElement":[{"@type":"ListItem","position":1,"name":"Home","item":"https:\/\/manurefetish.com\/"},{"@type":"ListItem","position":2,"name":"Shop","item":"https:\/\/manurefetish.com\/shop\/"},{"@type":"ListItem","position":3,"name":"Videos","item":"https:\/\/manurefetish.com\/product-category\/videos\/"},{"@type":"ListItem","position":4,"name":"Aiyana Queen of the Dung"}]},{"@type":"WebSite","@id":"https:\/\/manurefetish.com\/#website","url":"https:\/\/manurefetish.com\/","name":"ManureFetish","description":"Loja ManureFetish","publisher":{"@id":"https:\/\/manurefetish.com\/#organization"},"potentialAction":[{"@type":"SearchAction","target":{"@type":"EntryPoint","urlTemplate":"https:\/\/manurefetish.com\/?s={search_term_string}"},"query-input":{"@type":"PropertyValueSpecification","valueRequired":true,"valueName":"search_term_string"}}],"inLanguage":"pt-BR"},{"@type":"Organization","@id":"https:\/\/manurefetish.com\/#organization","name":"ManureFetish.com","url":"https:\/\/manurefetish.com\/","logo":{"@type":"ImageObject","inLanguage":"pt-BR","@id":"https:\/\/manurefetish.com\/#\/schema\/logo\/image\/","url":"https:\/\/manurefetish.com\/wp-content\/uploads\/2019\/06\/1000xmanurefetishcom-michaela-logo-website-shop.png","contentUrl":"https:\/\/manurefetish.com\/wp-content\/uploads\/2019\/06\/1000xmanurefetishcom-michaela-logo-website-shop.png","width":1000,"height":632,"caption":"ManureFetish.com"},"image":{"@id":"https:\/\/manurefetish.com\/#\/schema\/logo\/image\/"},"sameAs":["https:\/\/www.facebook.com\/manurefetish\/","https:\/\/x.com\/Manurefetisch","https:\/\/www.youtube.com\/c\/ManureFetish"],"description":"Estamos criando v\u00e1rios conte\u00fados fetichistas com modelos femininos e masculinos.","foundingDate":"2019-07-04","vatID":"DE366928521","numberOfEmployees":{"@type":"QuantitativeValue","minValue":"1","maxValue":"10"}}]},"og_availability":"instock","product_availability":"instock","product_retailer_item_id":"MFW-AQOTD","product_condition":"new"},"_links":{"self":[{"href":"https:\/\/manurefetish.com\/pt-br\/wp-json\/wp\/v2\/product\/7143","targetHints":{"allow":["GET"]}}],"collection":[{"href":"https:\/\/manurefetish.com\/pt-br\/wp-json\/wp\/v2\/product"}],"about":[{"href":"https:\/\/manurefetish.com\/pt-br\/wp-json\/wp\/v2\/types\/product"}],"replies":[{"embeddable":true,"href":"https:\/\/manurefetish.com\/pt-br\/wp-json\/wp\/v2\/comments?post=7143"}],"version-history":[{"count":0,"href":"https:\/\/manurefetish.com\/pt-br\/wp-json\/wp\/v2\/product\/7143\/revisions"}],"wp:featuredmedia":[{"embeddable":true,"href":"https:\/\/manurefetish.com\/pt-br\/wp-json\/wp\/v2\/media\/198912"}],"wp:attachment":[{"href":"https:\/\/manurefetish.com\/pt-br\/wp-json\/wp\/v2\/media?parent=7143"}],"wp:term":[{"taxonomy":"product_brand","embeddable":true,"href":"https:\/\/manurefetish.com\/pt-br\/wp-json\/wp\/v2\/product_brand?post=7143"},{"taxonomy":"product_cat","embeddable":true,"href":"https:\/\/manurefetish.com\/pt-br\/wp-json\/wp\/v2\/product_cat?post=7143"},{"taxonomy":"product_tag","embeddable":true,"href":"https:\/\/manurefetish.com\/pt-br\/wp-json\/wp\/v2\/product_tag?post=7143"}],"curies":[{"name":"wp","href":"https:\/\/api.w.org\/{rel}","templated":true}]}}