{"id":55390,"date":"2023-01-15T13:20:30","date_gmt":"2023-01-15T12:20:30","guid":{"rendered":"https:\/\/manurefetish.com\/?post_type=product&#038;p=55390"},"modified":"2026-03-24T15:35:16","modified_gmt":"2026-03-24T14:35:16","slug":"pookkake","status":"publish","type":"product","link":"https:\/\/manurefetish.com\/pt-br\/shop\/videos\/pookkake\/","title":{"rendered":"Pookkake"},"content":{"rendered":"<p><span style=\"font-weight: 400;\">Bettys new extreme filthy gangbang with cowdung e mais. Betty entra no est\u00e1bulo com o primeiro de seis homens. Primeiro ela faz xixi nele, depois os dois trocam de posi\u00e7\u00e3o. Betty se deita no ch\u00e3o e espera que o pau dele saia. Ela espalha a primeira carga dele em seu rosto. Um ap\u00f3s o outro, os homens entram e se aliviam no rosto de Betty, que come um pouco de cada carga e espalha o resto em seu corpo. Depois que todos os homens terminaram e ela est\u00e1 completamente coberta com o filth deles, Betty come\u00e7a a chupar seus paus enquanto se masturba ao mesmo tempo. Betty \u00e9 fodida em v\u00e1rias posi\u00e7\u00f5es enquanto se masturba e chupa as picas deles. Betty agora entra no canal manure pela primeira vez e se cobre completamente com a vaca dung, depois de sair, ela \u00e9 fodida com for\u00e7a novamente. Agora eles se juntam a Betty no canal manure, onde Betty submerge pela primeira vez. Ela come\u00e7a a chupar o pau de cada um dos homens enquanto eles se sentam na borda do canal manure. Todos eles saem juntos do canal manure para foder Betty mais uma vez.<\/span><\/p>","protected":false},"excerpt":{"rendered":"<p>Bettys new extreme filthy gangbang with cowdung and more. Betty comes into the cowshed with the first of 6 men. First she pees on him, then they both switch positions. Betty lays on the ground and is waiting for his log to come out. She smears the first load from him on her face. One [&hellip;]<\/p>\n","protected":false},"featured_media":199036,"comment_status":"open","ping_status":"closed","template":"","meta":{"_acf_changed":false,"site-sidebar-layout":"default","site-content-layout":"","ast-site-content-layout":"default","site-content-style":"default","site-sidebar-style":"default","ast-global-header-display":"","ast-banner-title-visibility":"","ast-main-header-display":"","ast-hfb-above-header-display":"","ast-hfb-below-header-display":"","ast-hfb-mobile-header-display":"","site-post-title":"","ast-breadcrumbs-content":"","ast-featured-img":"","footer-sml-layout":"","ast-disable-related-posts":"","theme-transparent-header-meta":"default","adv-header-id-meta":"","stick-header-meta":"","header-above-stick-meta":"","header-main-stick-meta":"","header-below-stick-meta":"","astra-migrate-meta-layouts":"set","ast-page-background-enabled":"default","ast-page-background-meta":{"desktop":{"background-color":"var(--ast-global-color-4)","background-image":"","background-repeat":"repeat","background-position":"center center","background-size":"auto","background-attachment":"scroll","background-type":"","background-media":"","overlay-type":"","overlay-color":"","overlay-opacity":"","overlay-gradient":""},"tablet":{"background-color":"","background-image":"","background-repeat":"repeat","background-position":"center center","background-size":"auto","background-attachment":"scroll","background-type":"","background-media":"","overlay-type":"","overlay-color":"","overlay-opacity":"","overlay-gradient":""},"mobile":{"background-color":"","background-image":"","background-repeat":"repeat","background-position":"center center","background-size":"auto","background-attachment":"scroll","background-type":"","background-media":"","overlay-type":"","overlay-color":"","overlay-opacity":"","overlay-gradient":""}},"ast-content-background-meta":{"desktop":{"background-color":"var(--ast-global-color-5)","background-image":"","background-repeat":"repeat","background-position":"center center","background-size":"auto","background-attachment":"scroll","background-type":"","background-media":"","overlay-type":"","overlay-color":"","overlay-opacity":"","overlay-gradient":""},"tablet":{"background-color":"var(--ast-global-color-5)","background-image":"","background-repeat":"repeat","background-position":"center center","background-size":"auto","background-attachment":"scroll","background-type":"","background-media":"","overlay-type":"","overlay-color":"","overlay-opacity":"","overlay-gradient":""},"mobile":{"background-color":"var(--ast-global-color-5)","background-image":"","background-repeat":"repeat","background-position":"center center","background-size":"auto","background-attachment":"scroll","background-type":"","background-media":"","overlay-type":"","overlay-color":"","overlay-opacity":"","overlay-gradient":""}}},"product_brand":[],"product_cat":[4470],"product_tag":[317,2476,2601,318,66,2508,2631,2551,2621,118,2869,316,64,2557,3030,334,2624,2304,3523,3334,2552,54,2419,2966,3525,3526,425,4572,2332,4636,2285,2206,3174,65,35,2636,2971,2482,32,4135,4635,3513,3408,3494,34,4482,23,4187,3615,24,2832,2478,358,29,319,2368],"class_list":{"0":"post-55390","1":"product","2":"type-product","3":"status-publish","4":"has-post-thumbnail","6":"product_cat-videos","7":"product_tag-asshole","8":"product_tag-betty","9":"product_tag-black-hair","10":"product_tag-boobs","11":"product_tag-clothed","12":"product_tag-clothes","13":"product_tag-completely-covered","14":"product_tag-couple","15":"product_tag-cow-dung","16":"product_tag-cowshed","17":"product_tag-cumshot","18":"product_tag-cunt","19":"product_tag-dildo","20":"product_tag-doggy-style","21":"product_tag-download","22":"product_tag-eating","23":"product_tag-farm","24":"product_tag-farm-porn","25":"product_tag-fingering","26":"product_tag-fisting","27":"product_tag-fucking","28":"product_tag-full-covered","29":"product_tag-full-hd","30":"product_tag-gangbang","31":"product_tag-group","32":"product_tag-group-sex","33":"product_tag-hair","34":"product_tag-human-scat","35":"product_tag-jerking-off","36":"product_tag-male-scat","37":"product_tag-masturbate","38":"product_tag-masturbation","39":"product_tag-missionary","40":"product_tag-naked","41":"product_tag-orgasm","42":"product_tag-panties","43":"product_tag-pee","44":"product_tag-peeing","45":"product_tag-pussy","46":"product_tag-scat","47":"product_tag-scat-gangbang","48":"product_tag-scati-own","49":"product_tag-season-3","50":"product_tag-secretary","51":"product_tag-sex","52":"product_tag-sex-in-cowshit","53":"product_tag-shed","54":"product_tag-shitting","55":"product_tag-shouldercrest","56":"product_tag-slurry","57":"product_tag-smearing","58":"product_tag-squirting","59":"product_tag-stuffing","60":"product_tag-submerging","61":"product_tag-tits","62":"product_tag-ultra-hd","63":"pa_audio-info-stereo","64":"pa_format-mp4","65":"pa_length-55-minutes","66":"pa_product-type-digital-download-full-hd-video","67":"pa_product-type-digital-download-ultra-hd-video","68":"pa_product-type-usb-stick","69":"pa_size-fhd-11-1-gb","70":"pa_size-uhd-16-8-gb","71":"pa_video-info-full-hd-1920x1080p","72":"pa_video-info-ultra-hd-4k","73":"desktop-align-center","74":"tablet-align-left","75":"mobile-align-left","77":"first","78":"instock","79":"shipping-taxable","80":"purchasable","81":"product-type-variable","82":"has-default-attributes"},"exclude_global_add_ons":[],"addons":[],"acf":[],"yoast_head":"<!-- This site is optimized with the Yoast SEO Premium plugin v27.1 (Yoast SEO v27.1.1) - https:\/\/yoast.com\/product\/yoast-seo-premium-wordpress\/ -->\n<title>Pookkake - ManureFetish<\/title>\n<meta name=\"description\" content=\"Pookkake, Bettys gangbang where she eats seven large dumps from the mans asses, get&#039;s completely covered in cowshit and scat.\" \/>\n<meta name=\"robots\" content=\"index, follow, max-snippet:-1, max-image-preview:large, max-video-preview:-1\" \/>\n<link rel=\"canonical\" href=\"https:\/\/manurefetish.com\/pt-br\/shop\/videos\/pookkake\/\" \/>\n<meta property=\"og:locale\" content=\"pt_BR\" \/>\n<meta property=\"og:type\" content=\"article\" \/>\n<meta property=\"og:title\" content=\"Pookkake\" \/>\n<meta property=\"og:description\" content=\"Pookkake, Bettys gangbang where she eats seven large dumps from the mans asses, get&#039;s completely covered in cowshit and scat.\" \/>\n<meta property=\"og:url\" content=\"https:\/\/manurefetish.com\/pt-br\/shop\/videos\/pookkake\/\" \/>\n<meta property=\"og:site_name\" content=\"ManureFetish\" \/>\n<meta property=\"article:publisher\" content=\"https:\/\/www.facebook.com\/manurefetish\/\" \/>\n<meta property=\"article:modified_time\" content=\"2026-03-24T14:35:16+00:00\" \/>\n<meta property=\"og:image\" content=\"https:\/\/manurefetish.com\/wp-content\/uploads\/2023\/01\/Pookkake.jpg\" \/>\n\t<meta property=\"og:image:width\" content=\"1728\" \/>\n\t<meta property=\"og:image:height\" content=\"576\" \/>\n\t<meta property=\"og:image:type\" content=\"image\/jpeg\" \/>\n<meta name=\"twitter:card\" content=\"summary_large_image\" \/>\n<meta name=\"twitter:site\" content=\"@Manurefetisch\" \/>\n<script type=\"application\/ld+json\" class=\"yoast-schema-graph\">{\"@context\":\"https:\/\/schema.org\",\"@graph\":[{\"@type\":\"WebPage\",\"@id\":\"https:\/\/manurefetish.com\/shop\/videos\/pookkake\/\",\"url\":\"https:\/\/manurefetish.com\/shop\/videos\/pookkake\/\",\"name\":\"Pookkake - ManureFetish\",\"isPartOf\":{\"@id\":\"https:\/\/manurefetish.com\/#website\"},\"primaryImageOfPage\":{\"@id\":\"https:\/\/manurefetish.com\/shop\/videos\/pookkake\/#primaryimage\"},\"image\":{\"@id\":\"https:\/\/manurefetish.com\/shop\/videos\/pookkake\/#primaryimage\"},\"thumbnailUrl\":\"https:\/\/manurefetish.b-cdn.net\/wp-content\/uploads\/2023\/01\/Pookkake.jpg\",\"datePublished\":\"2023-01-15T12:20:30+00:00\",\"dateModified\":\"2026-03-24T14:35:16+00:00\",\"description\":\"Pookkake, Bettys gangbang where she eats seven large dumps from the mans asses, get's completely covered in cowshit and scat.\",\"breadcrumb\":{\"@id\":\"https:\/\/manurefetish.com\/shop\/videos\/pookkake\/#breadcrumb\"},\"inLanguage\":\"pt-BR\",\"potentialAction\":[{\"@type\":\"ReadAction\",\"target\":[\"https:\/\/manurefetish.com\/shop\/videos\/pookkake\/\"]}]},{\"@type\":\"ImageObject\",\"inLanguage\":\"pt-BR\",\"@id\":\"https:\/\/manurefetish.com\/shop\/videos\/pookkake\/#primaryimage\",\"url\":\"https:\/\/manurefetish.b-cdn.net\/wp-content\/uploads\/2023\/01\/Pookkake.jpg\",\"contentUrl\":\"https:\/\/manurefetish.b-cdn.net\/wp-content\/uploads\/2023\/01\/Pookkake.jpg\",\"width\":1728,\"height\":576},{\"@type\":\"BreadcrumbList\",\"@id\":\"https:\/\/manurefetish.com\/shop\/videos\/pookkake\/#breadcrumb\",\"itemListElement\":[{\"@type\":\"ListItem\",\"position\":1,\"name\":\"Home\",\"item\":\"https:\/\/manurefetish.com\/\"},{\"@type\":\"ListItem\",\"position\":2,\"name\":\"Shop\",\"item\":\"https:\/\/manurefetish.com\/shop\/\"},{\"@type\":\"ListItem\",\"position\":3,\"name\":\"Videos\",\"item\":\"https:\/\/manurefetish.com\/product-category\/videos\/\"},{\"@type\":\"ListItem\",\"position\":4,\"name\":\"Pookkake\"}]},{\"@type\":\"WebSite\",\"@id\":\"https:\/\/manurefetish.com\/#website\",\"url\":\"https:\/\/manurefetish.com\/\",\"name\":\"ManureFetish\",\"description\":\"ManureFetish Shop\",\"publisher\":{\"@id\":\"https:\/\/manurefetish.com\/#organization\"},\"potentialAction\":[{\"@type\":\"SearchAction\",\"target\":{\"@type\":\"EntryPoint\",\"urlTemplate\":\"https:\/\/manurefetish.com\/?s={search_term_string}\"},\"query-input\":{\"@type\":\"PropertyValueSpecification\",\"valueRequired\":true,\"valueName\":\"search_term_string\"}}],\"inLanguage\":\"pt-BR\"},{\"@type\":\"Organization\",\"@id\":\"https:\/\/manurefetish.com\/#organization\",\"name\":\"ManureFetish.com\",\"url\":\"https:\/\/manurefetish.com\/\",\"logo\":{\"@type\":\"ImageObject\",\"inLanguage\":\"pt-BR\",\"@id\":\"https:\/\/manurefetish.com\/#\/schema\/logo\/image\/\",\"url\":\"https:\/\/manurefetish.com\/wp-content\/uploads\/2019\/06\/1000xmanurefetishcom-michaela-logo-website-shop.png\",\"contentUrl\":\"https:\/\/manurefetish.com\/wp-content\/uploads\/2019\/06\/1000xmanurefetishcom-michaela-logo-website-shop.png\",\"width\":1000,\"height\":632,\"caption\":\"ManureFetish.com\"},\"image\":{\"@id\":\"https:\/\/manurefetish.com\/#\/schema\/logo\/image\/\"},\"sameAs\":[\"https:\/\/www.facebook.com\/manurefetish\/\",\"https:\/\/x.com\/Manurefetisch\",\"https:\/\/www.youtube.com\/c\/ManureFetish\"],\"description\":\"We're creating various fetish content with female and male models alike.\",\"foundingDate\":\"2019-07-04\",\"vatID\":\"DE366928521\",\"numberOfEmployees\":{\"@type\":\"QuantitativeValue\",\"minValue\":\"1\",\"maxValue\":\"10\"}}]}<\/script>\n<meta property=\"og:availability\" content=\"instock\" \/>\n<meta property=\"product:availability\" content=\"instock\" \/>\n<meta property=\"product:retailer_item_id\" content=\"MFW-PKK\" \/>\n<meta property=\"product:condition\" content=\"new\" \/>\n<!-- \/ Yoast SEO Premium plugin. -->","yoast_head_json":{"title":"Pookkake - ManureFetish","description":"Pookkake, Bettys gangbang where she eats seven large dumps from the mans asses, get's completely covered in cowshit and scat.","robots":{"index":"index","follow":"follow","max-snippet":"max-snippet:-1","max-image-preview":"max-image-preview:large","max-video-preview":"max-video-preview:-1"},"canonical":"https:\/\/manurefetish.com\/pt-br\/shop\/videos\/pookkake\/","og_locale":"pt_BR","og_type":"article","og_title":"Pookkake","og_description":"Pookkake, Bettys gangbang where she eats seven large dumps from the mans asses, get's completely covered in cowshit and scat.","og_url":"https:\/\/manurefetish.com\/pt-br\/shop\/videos\/pookkake\/","og_site_name":"ManureFetish","article_publisher":"https:\/\/www.facebook.com\/manurefetish\/","article_modified_time":"2026-03-24T14:35:16+00:00","og_image":[{"width":1728,"height":576,"url":"https:\/\/manurefetish.com\/wp-content\/uploads\/2023\/01\/Pookkake.jpg","type":"image\/jpeg"}],"twitter_card":"summary_large_image","twitter_site":"@Manurefetisch","schema":{"@context":"https:\/\/schema.org","@graph":[{"@type":"WebPage","@id":"https:\/\/manurefetish.com\/shop\/videos\/pookkake\/","url":"https:\/\/manurefetish.com\/shop\/videos\/pookkake\/","name":"Pookkake - ManureFetish","isPartOf":{"@id":"https:\/\/manurefetish.com\/#website"},"primaryImageOfPage":{"@id":"https:\/\/manurefetish.com\/shop\/videos\/pookkake\/#primaryimage"},"image":{"@id":"https:\/\/manurefetish.com\/shop\/videos\/pookkake\/#primaryimage"},"thumbnailUrl":"https:\/\/manurefetish.b-cdn.net\/wp-content\/uploads\/2023\/01\/Pookkake.jpg","datePublished":"2023-01-15T12:20:30+00:00","dateModified":"2026-03-24T14:35:16+00:00","description":"Pookkake, Bettys gangbang where she eats seven large dumps from the mans asses, get's completely covered in cowshit and scat.","breadcrumb":{"@id":"https:\/\/manurefetish.com\/shop\/videos\/pookkake\/#breadcrumb"},"inLanguage":"pt-BR","potentialAction":[{"@type":"ReadAction","target":["https:\/\/manurefetish.com\/shop\/videos\/pookkake\/"]}]},{"@type":"ImageObject","inLanguage":"pt-BR","@id":"https:\/\/manurefetish.com\/shop\/videos\/pookkake\/#primaryimage","url":"https:\/\/manurefetish.b-cdn.net\/wp-content\/uploads\/2023\/01\/Pookkake.jpg","contentUrl":"https:\/\/manurefetish.b-cdn.net\/wp-content\/uploads\/2023\/01\/Pookkake.jpg","width":1728,"height":576},{"@type":"BreadcrumbList","@id":"https:\/\/manurefetish.com\/shop\/videos\/pookkake\/#breadcrumb","itemListElement":[{"@type":"ListItem","position":1,"name":"Home","item":"https:\/\/manurefetish.com\/"},{"@type":"ListItem","position":2,"name":"Shop","item":"https:\/\/manurefetish.com\/shop\/"},{"@type":"ListItem","position":3,"name":"Videos","item":"https:\/\/manurefetish.com\/product-category\/videos\/"},{"@type":"ListItem","position":4,"name":"Pookkake"}]},{"@type":"WebSite","@id":"https:\/\/manurefetish.com\/#website","url":"https:\/\/manurefetish.com\/","name":"ManureFetish","description":"Loja ManureFetish","publisher":{"@id":"https:\/\/manurefetish.com\/#organization"},"potentialAction":[{"@type":"SearchAction","target":{"@type":"EntryPoint","urlTemplate":"https:\/\/manurefetish.com\/?s={search_term_string}"},"query-input":{"@type":"PropertyValueSpecification","valueRequired":true,"valueName":"search_term_string"}}],"inLanguage":"pt-BR"},{"@type":"Organization","@id":"https:\/\/manurefetish.com\/#organization","name":"ManureFetish.com","url":"https:\/\/manurefetish.com\/","logo":{"@type":"ImageObject","inLanguage":"pt-BR","@id":"https:\/\/manurefetish.com\/#\/schema\/logo\/image\/","url":"https:\/\/manurefetish.com\/wp-content\/uploads\/2019\/06\/1000xmanurefetishcom-michaela-logo-website-shop.png","contentUrl":"https:\/\/manurefetish.com\/wp-content\/uploads\/2019\/06\/1000xmanurefetishcom-michaela-logo-website-shop.png","width":1000,"height":632,"caption":"ManureFetish.com"},"image":{"@id":"https:\/\/manurefetish.com\/#\/schema\/logo\/image\/"},"sameAs":["https:\/\/www.facebook.com\/manurefetish\/","https:\/\/x.com\/Manurefetisch","https:\/\/www.youtube.com\/c\/ManureFetish"],"description":"Estamos criando v\u00e1rios conte\u00fados fetichistas com modelos femininos e masculinos.","foundingDate":"2019-07-04","vatID":"DE366928521","numberOfEmployees":{"@type":"QuantitativeValue","minValue":"1","maxValue":"10"}}]},"og_availability":"instock","product_availability":"instock","product_retailer_item_id":"MFW-PKK","product_condition":"new"},"_links":{"self":[{"href":"https:\/\/manurefetish.com\/pt-br\/wp-json\/wp\/v2\/product\/55390","targetHints":{"allow":["GET"]}}],"collection":[{"href":"https:\/\/manurefetish.com\/pt-br\/wp-json\/wp\/v2\/product"}],"about":[{"href":"https:\/\/manurefetish.com\/pt-br\/wp-json\/wp\/v2\/types\/product"}],"replies":[{"embeddable":true,"href":"https:\/\/manurefetish.com\/pt-br\/wp-json\/wp\/v2\/comments?post=55390"}],"version-history":[{"count":0,"href":"https:\/\/manurefetish.com\/pt-br\/wp-json\/wp\/v2\/product\/55390\/revisions"}],"wp:featuredmedia":[{"embeddable":true,"href":"https:\/\/manurefetish.com\/pt-br\/wp-json\/wp\/v2\/media\/199036"}],"wp:attachment":[{"href":"https:\/\/manurefetish.com\/pt-br\/wp-json\/wp\/v2\/media?parent=55390"}],"wp:term":[{"taxonomy":"product_brand","embeddable":true,"href":"https:\/\/manurefetish.com\/pt-br\/wp-json\/wp\/v2\/product_brand?post=55390"},{"taxonomy":"product_cat","embeddable":true,"href":"https:\/\/manurefetish.com\/pt-br\/wp-json\/wp\/v2\/product_cat?post=55390"},{"taxonomy":"product_tag","embeddable":true,"href":"https:\/\/manurefetish.com\/pt-br\/wp-json\/wp\/v2\/product_tag?post=55390"}],"curies":[{"name":"wp","href":"https:\/\/api.w.org\/{rel}","templated":true}]}}