{"id":47194,"date":"2022-03-14T12:21:53","date_gmt":"2022-03-14T11:21:53","guid":{"rendered":"https:\/\/manurefetish.com\/?post_type=product&#038;p=47194"},"modified":"2026-03-24T17:11:08","modified_gmt":"2026-03-24T16:11:08","slug":"bettys-first-time","status":"publish","type":"product","link":"https:\/\/manurefetish.com\/pt-br\/shop\/videos\/bettys-first-time\/","title":{"rendered":"Betty&#8217;s First Time"},"content":{"rendered":"<p><span style=\"font-weight: 400;\">Betty nos enviou algo especial, seu primeiro v\u00eddeo gravado quando ela acabou de completar 18 anos. Eles se encontram no quarto do hotel. Betty come\u00e7a a chupar o pau dele na cama e, quando ele est\u00e1 duro o suficiente, os dois v\u00e3o ao banheiro para se divertir. Primeiro Betty abre as bochechas e se esvazia, ele pega um pouco e passa na bunda de Betty. Betty se vira para pegar um pouco de seu creme marrom e cobre os seios e o rosto com ele. Depois, ela lhe faz outro boquete enquanto ele espalha um pouco nas costas dela. Betty se vira novamente, onde ele come\u00e7a a dedilhar seu cuzinho e sua buceta. Betty agora se senta na banheira, onde ele come\u00e7a a dedilhar sua buceta novamente e, usando um vibrador na mesma posi\u00e7\u00e3o, ele termina com uma bela gozada na boca de Betty.<\/span><\/p>","protected":false},"excerpt":{"rendered":"<p>Betty sent us something special, her first recorded video when she freshly turned 18. They meet up in the hotel room. Betty begins to suck his cock on the bed, when he\u2019s\u00a0 hard enough both go to the bathroom, to have their dirty fun. First Betty spreads her cheeks and empties herself, he takes some [&hellip;]<\/p>\n","protected":false},"featured_media":198966,"comment_status":"open","ping_status":"closed","template":"","meta":{"_acf_changed":false,"site-sidebar-layout":"default","site-content-layout":"","ast-site-content-layout":"default","site-content-style":"default","site-sidebar-style":"default","ast-global-header-display":"","ast-banner-title-visibility":"","ast-main-header-display":"","ast-hfb-above-header-display":"","ast-hfb-below-header-display":"","ast-hfb-mobile-header-display":"","site-post-title":"","ast-breadcrumbs-content":"","ast-featured-img":"","footer-sml-layout":"","ast-disable-related-posts":"","theme-transparent-header-meta":"default","adv-header-id-meta":"","stick-header-meta":"","header-above-stick-meta":"","header-main-stick-meta":"","header-below-stick-meta":"","astra-migrate-meta-layouts":"set","ast-page-background-enabled":"default","ast-page-background-meta":{"desktop":{"background-color":"var(--ast-global-color-4)","background-image":"","background-repeat":"repeat","background-position":"center center","background-size":"auto","background-attachment":"scroll","background-type":"","background-media":"","overlay-type":"","overlay-color":"","overlay-opacity":"","overlay-gradient":""},"tablet":{"background-color":"","background-image":"","background-repeat":"repeat","background-position":"center center","background-size":"auto","background-attachment":"scroll","background-type":"","background-media":"","overlay-type":"","overlay-color":"","overlay-opacity":"","overlay-gradient":""},"mobile":{"background-color":"","background-image":"","background-repeat":"repeat","background-position":"center center","background-size":"auto","background-attachment":"scroll","background-type":"","background-media":"","overlay-type":"","overlay-color":"","overlay-opacity":"","overlay-gradient":""}},"ast-content-background-meta":{"desktop":{"background-color":"var(--ast-global-color-5)","background-image":"","background-repeat":"repeat","background-position":"center center","background-size":"auto","background-attachment":"scroll","background-type":"","background-media":"","overlay-type":"","overlay-color":"","overlay-opacity":"","overlay-gradient":""},"tablet":{"background-color":"var(--ast-global-color-5)","background-image":"","background-repeat":"repeat","background-position":"center center","background-size":"auto","background-attachment":"scroll","background-type":"","background-media":"","overlay-type":"","overlay-color":"","overlay-opacity":"","overlay-gradient":""},"mobile":{"background-color":"var(--ast-global-color-5)","background-image":"","background-repeat":"repeat","background-position":"center center","background-size":"auto","background-attachment":"scroll","background-type":"","background-media":"","overlay-type":"","overlay-color":"","overlay-opacity":"","overlay-gradient":""}}},"product_brand":[],"product_cat":[4470],"product_tag":[317,2868,275,2476,2395,318,66,2869,316,3030,334,54,3106,4572,2285,2206,65,35,2482,32,3108,4135,3408,4187,53,2832,319],"class_list":{"0":"post-47194","1":"product","2":"type-product","3":"status-publish","4":"has-post-thumbnail","6":"product_cat-videos","7":"product_tag-asshole","8":"product_tag-bathroom","9":"product_tag-bathtub","10":"product_tag-betty","11":"product_tag-bikini","12":"product_tag-boobs","13":"product_tag-clothed","14":"product_tag-cumshot","15":"product_tag-cunt","16":"product_tag-download","17":"product_tag-eating","18":"product_tag-full-covered","19":"product_tag-hd","20":"product_tag-human-scat","21":"product_tag-masturbate","22":"product_tag-masturbation","23":"product_tag-naked","24":"product_tag-orgasm","25":"product_tag-peeing","26":"product_tag-pussy","27":"product_tag-rimming","28":"product_tag-scat","29":"product_tag-season-3","30":"product_tag-shitting","31":"product_tag-shower","32":"product_tag-smearing","33":"product_tag-tits","34":"pa_audio-info-stereo","35":"pa_format-mp4","36":"pa_length-24-minutes","37":"pa_product-type-digital-download-video","38":"pa_product-type-usb-stick","39":"pa_size-3-55-gb","40":"pa_video-info-full-hd-1920x1080p","41":"desktop-align-center","42":"tablet-align-left","43":"mobile-align-left","45":"first","46":"instock","47":"shipping-taxable","48":"purchasable","49":"product-type-variable","50":"has-default-attributes"},"exclude_global_add_ons":[],"addons":[],"acf":[],"yoast_head":"<!-- This site is optimized with the Yoast SEO Premium plugin v27.1 (Yoast SEO v27.1.1) - https:\/\/yoast.com\/product\/yoast-seo-premium-wordpress\/ -->\n<title>Betty&#039;s First Time - ManureFetish - first time shitting in front of camera<\/title>\n<meta name=\"description\" content=\"Betty&#039;s First Time, it&#039;s the first video from Betty where she turned 18 and did her first scat and pee session.\" \/>\n<meta name=\"robots\" content=\"index, follow, max-snippet:-1, max-image-preview:large, max-video-preview:-1\" \/>\n<link rel=\"canonical\" href=\"https:\/\/manurefetish.com\/pt-br\/shop\/videos\/bettys-first-time\/\" \/>\n<meta property=\"og:locale\" content=\"pt_BR\" \/>\n<meta property=\"og:type\" content=\"article\" \/>\n<meta property=\"og:title\" content=\"Betty&#039;s First Time\" \/>\n<meta property=\"og:description\" content=\"Betty&#039;s First Time, it&#039;s the first video from Betty where she turned 18 and did her first scat and pee session.\" \/>\n<meta property=\"og:url\" content=\"https:\/\/manurefetish.com\/pt-br\/shop\/videos\/bettys-first-time\/\" \/>\n<meta property=\"og:site_name\" content=\"ManureFetish\" \/>\n<meta property=\"article:publisher\" content=\"https:\/\/www.facebook.com\/manurefetish\/\" \/>\n<meta property=\"article:modified_time\" content=\"2026-03-24T16:11:08+00:00\" \/>\n<meta property=\"og:image\" content=\"https:\/\/manurefetish.com\/wp-content\/uploads\/2022\/03\/Bettys-First-TIme-1.jpg\" \/>\n\t<meta property=\"og:image:width\" content=\"1728\" \/>\n\t<meta property=\"og:image:height\" content=\"576\" \/>\n\t<meta property=\"og:image:type\" content=\"image\/jpeg\" \/>\n<meta name=\"twitter:card\" content=\"summary_large_image\" \/>\n<meta name=\"twitter:site\" content=\"@Manurefetisch\" \/>\n<script type=\"application\/ld+json\" class=\"yoast-schema-graph\">{\"@context\":\"https:\/\/schema.org\",\"@graph\":[{\"@type\":\"WebPage\",\"@id\":\"https:\/\/manurefetish.com\/shop\/videos\/bettys-first-time\/\",\"url\":\"https:\/\/manurefetish.com\/shop\/videos\/bettys-first-time\/\",\"name\":\"Betty's First Time - ManureFetish - first time shitting in front of camera\",\"isPartOf\":{\"@id\":\"https:\/\/manurefetish.com\/#website\"},\"primaryImageOfPage\":{\"@id\":\"https:\/\/manurefetish.com\/shop\/videos\/bettys-first-time\/#primaryimage\"},\"image\":{\"@id\":\"https:\/\/manurefetish.com\/shop\/videos\/bettys-first-time\/#primaryimage\"},\"thumbnailUrl\":\"https:\/\/manurefetish.b-cdn.net\/wp-content\/uploads\/2022\/03\/Bettys-First-TIme-1.jpg\",\"datePublished\":\"2022-03-14T11:21:53+00:00\",\"dateModified\":\"2026-03-24T16:11:08+00:00\",\"description\":\"Betty's First Time, it's the first video from Betty where she turned 18 and did her first scat and pee session.\",\"breadcrumb\":{\"@id\":\"https:\/\/manurefetish.com\/shop\/videos\/bettys-first-time\/#breadcrumb\"},\"inLanguage\":\"pt-BR\",\"potentialAction\":[{\"@type\":\"ReadAction\",\"target\":[\"https:\/\/manurefetish.com\/shop\/videos\/bettys-first-time\/\"]}]},{\"@type\":\"ImageObject\",\"inLanguage\":\"pt-BR\",\"@id\":\"https:\/\/manurefetish.com\/shop\/videos\/bettys-first-time\/#primaryimage\",\"url\":\"https:\/\/manurefetish.b-cdn.net\/wp-content\/uploads\/2022\/03\/Bettys-First-TIme-1.jpg\",\"contentUrl\":\"https:\/\/manurefetish.b-cdn.net\/wp-content\/uploads\/2022\/03\/Bettys-First-TIme-1.jpg\",\"width\":1728,\"height\":576},{\"@type\":\"BreadcrumbList\",\"@id\":\"https:\/\/manurefetish.com\/shop\/videos\/bettys-first-time\/#breadcrumb\",\"itemListElement\":[{\"@type\":\"ListItem\",\"position\":1,\"name\":\"Home\",\"item\":\"https:\/\/manurefetish.com\/\"},{\"@type\":\"ListItem\",\"position\":2,\"name\":\"Shop\",\"item\":\"https:\/\/manurefetish.com\/shop\/\"},{\"@type\":\"ListItem\",\"position\":3,\"name\":\"Videos\",\"item\":\"https:\/\/manurefetish.com\/product-category\/videos\/\"},{\"@type\":\"ListItem\",\"position\":4,\"name\":\"Betty&#8217;s First Time\"}]},{\"@type\":\"WebSite\",\"@id\":\"https:\/\/manurefetish.com\/#website\",\"url\":\"https:\/\/manurefetish.com\/\",\"name\":\"ManureFetish\",\"description\":\"ManureFetish Shop\",\"publisher\":{\"@id\":\"https:\/\/manurefetish.com\/#organization\"},\"potentialAction\":[{\"@type\":\"SearchAction\",\"target\":{\"@type\":\"EntryPoint\",\"urlTemplate\":\"https:\/\/manurefetish.com\/?s={search_term_string}\"},\"query-input\":{\"@type\":\"PropertyValueSpecification\",\"valueRequired\":true,\"valueName\":\"search_term_string\"}}],\"inLanguage\":\"pt-BR\"},{\"@type\":\"Organization\",\"@id\":\"https:\/\/manurefetish.com\/#organization\",\"name\":\"ManureFetish.com\",\"url\":\"https:\/\/manurefetish.com\/\",\"logo\":{\"@type\":\"ImageObject\",\"inLanguage\":\"pt-BR\",\"@id\":\"https:\/\/manurefetish.com\/#\/schema\/logo\/image\/\",\"url\":\"https:\/\/manurefetish.com\/wp-content\/uploads\/2019\/06\/1000xmanurefetishcom-michaela-logo-website-shop.png\",\"contentUrl\":\"https:\/\/manurefetish.com\/wp-content\/uploads\/2019\/06\/1000xmanurefetishcom-michaela-logo-website-shop.png\",\"width\":1000,\"height\":632,\"caption\":\"ManureFetish.com\"},\"image\":{\"@id\":\"https:\/\/manurefetish.com\/#\/schema\/logo\/image\/\"},\"sameAs\":[\"https:\/\/www.facebook.com\/manurefetish\/\",\"https:\/\/x.com\/Manurefetisch\",\"https:\/\/www.youtube.com\/c\/ManureFetish\"],\"description\":\"We're creating various fetish content with female and male models alike.\",\"foundingDate\":\"2019-07-04\",\"vatID\":\"DE366928521\",\"numberOfEmployees\":{\"@type\":\"QuantitativeValue\",\"minValue\":\"1\",\"maxValue\":\"10\"}}]}<\/script>\n<meta property=\"og:availability\" content=\"instock\" \/>\n<meta property=\"product:availability\" content=\"instock\" \/>\n<meta property=\"product:retailer_item_id\" content=\"MFW-BFT\" \/>\n<meta property=\"product:condition\" content=\"new\" \/>\n<!-- \/ Yoast SEO Premium plugin. -->","yoast_head_json":{"title":"Betty's First Time - ManureFetish - first time shitting in front of camera","description":"Betty's First Time, it's the first video from Betty where she turned 18 and did her first scat and pee session.","robots":{"index":"index","follow":"follow","max-snippet":"max-snippet:-1","max-image-preview":"max-image-preview:large","max-video-preview":"max-video-preview:-1"},"canonical":"https:\/\/manurefetish.com\/pt-br\/shop\/videos\/bettys-first-time\/","og_locale":"pt_BR","og_type":"article","og_title":"Betty's First Time","og_description":"Betty's First Time, it's the first video from Betty where she turned 18 and did her first scat and pee session.","og_url":"https:\/\/manurefetish.com\/pt-br\/shop\/videos\/bettys-first-time\/","og_site_name":"ManureFetish","article_publisher":"https:\/\/www.facebook.com\/manurefetish\/","article_modified_time":"2026-03-24T16:11:08+00:00","og_image":[{"width":1728,"height":576,"url":"https:\/\/manurefetish.com\/wp-content\/uploads\/2022\/03\/Bettys-First-TIme-1.jpg","type":"image\/jpeg"}],"twitter_card":"summary_large_image","twitter_site":"@Manurefetisch","schema":{"@context":"https:\/\/schema.org","@graph":[{"@type":"WebPage","@id":"https:\/\/manurefetish.com\/shop\/videos\/bettys-first-time\/","url":"https:\/\/manurefetish.com\/shop\/videos\/bettys-first-time\/","name":"Betty's First Time - ManureFetish - first time shitting in front of camera","isPartOf":{"@id":"https:\/\/manurefetish.com\/#website"},"primaryImageOfPage":{"@id":"https:\/\/manurefetish.com\/shop\/videos\/bettys-first-time\/#primaryimage"},"image":{"@id":"https:\/\/manurefetish.com\/shop\/videos\/bettys-first-time\/#primaryimage"},"thumbnailUrl":"https:\/\/manurefetish.b-cdn.net\/wp-content\/uploads\/2022\/03\/Bettys-First-TIme-1.jpg","datePublished":"2022-03-14T11:21:53+00:00","dateModified":"2026-03-24T16:11:08+00:00","description":"Betty's First Time, it's the first video from Betty where she turned 18 and did her first scat and pee session.","breadcrumb":{"@id":"https:\/\/manurefetish.com\/shop\/videos\/bettys-first-time\/#breadcrumb"},"inLanguage":"pt-BR","potentialAction":[{"@type":"ReadAction","target":["https:\/\/manurefetish.com\/shop\/videos\/bettys-first-time\/"]}]},{"@type":"ImageObject","inLanguage":"pt-BR","@id":"https:\/\/manurefetish.com\/shop\/videos\/bettys-first-time\/#primaryimage","url":"https:\/\/manurefetish.b-cdn.net\/wp-content\/uploads\/2022\/03\/Bettys-First-TIme-1.jpg","contentUrl":"https:\/\/manurefetish.b-cdn.net\/wp-content\/uploads\/2022\/03\/Bettys-First-TIme-1.jpg","width":1728,"height":576},{"@type":"BreadcrumbList","@id":"https:\/\/manurefetish.com\/shop\/videos\/bettys-first-time\/#breadcrumb","itemListElement":[{"@type":"ListItem","position":1,"name":"Home","item":"https:\/\/manurefetish.com\/"},{"@type":"ListItem","position":2,"name":"Shop","item":"https:\/\/manurefetish.com\/shop\/"},{"@type":"ListItem","position":3,"name":"Videos","item":"https:\/\/manurefetish.com\/product-category\/videos\/"},{"@type":"ListItem","position":4,"name":"Betty&#8217;s First Time"}]},{"@type":"WebSite","@id":"https:\/\/manurefetish.com\/#website","url":"https:\/\/manurefetish.com\/","name":"ManureFetish","description":"Loja ManureFetish","publisher":{"@id":"https:\/\/manurefetish.com\/#organization"},"potentialAction":[{"@type":"SearchAction","target":{"@type":"EntryPoint","urlTemplate":"https:\/\/manurefetish.com\/?s={search_term_string}"},"query-input":{"@type":"PropertyValueSpecification","valueRequired":true,"valueName":"search_term_string"}}],"inLanguage":"pt-BR"},{"@type":"Organization","@id":"https:\/\/manurefetish.com\/#organization","name":"ManureFetish.com","url":"https:\/\/manurefetish.com\/","logo":{"@type":"ImageObject","inLanguage":"pt-BR","@id":"https:\/\/manurefetish.com\/#\/schema\/logo\/image\/","url":"https:\/\/manurefetish.com\/wp-content\/uploads\/2019\/06\/1000xmanurefetishcom-michaela-logo-website-shop.png","contentUrl":"https:\/\/manurefetish.com\/wp-content\/uploads\/2019\/06\/1000xmanurefetishcom-michaela-logo-website-shop.png","width":1000,"height":632,"caption":"ManureFetish.com"},"image":{"@id":"https:\/\/manurefetish.com\/#\/schema\/logo\/image\/"},"sameAs":["https:\/\/www.facebook.com\/manurefetish\/","https:\/\/x.com\/Manurefetisch","https:\/\/www.youtube.com\/c\/ManureFetish"],"description":"Estamos criando v\u00e1rios conte\u00fados fetichistas com modelos femininos e masculinos.","foundingDate":"2019-07-04","vatID":"DE366928521","numberOfEmployees":{"@type":"QuantitativeValue","minValue":"1","maxValue":"10"}}]},"og_availability":"instock","product_availability":"instock","product_retailer_item_id":"MFW-BFT","product_condition":"new"},"_links":{"self":[{"href":"https:\/\/manurefetish.com\/pt-br\/wp-json\/wp\/v2\/product\/47194","targetHints":{"allow":["GET"]}}],"collection":[{"href":"https:\/\/manurefetish.com\/pt-br\/wp-json\/wp\/v2\/product"}],"about":[{"href":"https:\/\/manurefetish.com\/pt-br\/wp-json\/wp\/v2\/types\/product"}],"replies":[{"embeddable":true,"href":"https:\/\/manurefetish.com\/pt-br\/wp-json\/wp\/v2\/comments?post=47194"}],"version-history":[{"count":0,"href":"https:\/\/manurefetish.com\/pt-br\/wp-json\/wp\/v2\/product\/47194\/revisions"}],"wp:featuredmedia":[{"embeddable":true,"href":"https:\/\/manurefetish.com\/pt-br\/wp-json\/wp\/v2\/media\/198966"}],"wp:attachment":[{"href":"https:\/\/manurefetish.com\/pt-br\/wp-json\/wp\/v2\/media?parent=47194"}],"wp:term":[{"taxonomy":"product_brand","embeddable":true,"href":"https:\/\/manurefetish.com\/pt-br\/wp-json\/wp\/v2\/product_brand?post=47194"},{"taxonomy":"product_cat","embeddable":true,"href":"https:\/\/manurefetish.com\/pt-br\/wp-json\/wp\/v2\/product_cat?post=47194"},{"taxonomy":"product_tag","embeddable":true,"href":"https:\/\/manurefetish.com\/pt-br\/wp-json\/wp\/v2\/product_tag?post=47194"}],"curies":[{"name":"wp","href":"https:\/\/api.w.org\/{rel}","templated":true}]}}