{"id":38297,"date":"2021-08-25T14:50:11","date_gmt":"2021-08-25T12:50:11","guid":{"rendered":"https:\/\/manurefetish.com\/?post_type=product&#038;p=38297"},"modified":"2026-03-24T17:13:18","modified_gmt":"2026-03-24T16:13:18","slug":"bettys-manure-gulag-mixing-manure-behind-the-scenes","status":"publish","type":"product","link":"https:\/\/manurefetish.com\/pt-br\/shop\/videos\/bettys-manure-gulag-mixing-manure-behind-the-scenes\/","title":{"rendered":"Betty's Manure Gulag - Misturando o Manure - Bastidores"},"content":{"rendered":"<h2>Nos bastidores<\/h2>\n<p><span style=\"font-weight: 400;\">Klodysseus est\u00e1 misturando o manure no canal manure para o nosso Gangbang com Betty. O manure era bem grosso porque na fazenda eles ainda usam palha para as vacas em suas caixas onde elas dormem. Nosso primeiro v\u00eddeo dos bastidores, para que voc\u00ea veja uma pequena parte de nossa prepara\u00e7\u00e3o.<\/span><\/p>","protected":false},"excerpt":{"rendered":"<p>Nos bastidores, Klodysseus est\u00e1 misturando o manure no canal manure para nosso Gangbang com Betty. O manure era bem grosso porque na fazenda eles ainda usam palha para as vacas em suas caixas onde elas dormem. Nosso primeiro v\u00eddeo dos bastidores, para que voc\u00ea veja uma pequena parte de nossa prepara\u00e7\u00e3o.<\/p>","protected":false},"featured_media":38305,"comment_status":"open","ping_status":"closed","template":"","meta":{"_acf_changed":false,"site-sidebar-layout":"default","site-content-layout":"","ast-site-content-layout":"default","site-content-style":"default","site-sidebar-style":"default","ast-global-header-display":"","ast-banner-title-visibility":"","ast-main-header-display":"","ast-hfb-above-header-display":"","ast-hfb-below-header-display":"","ast-hfb-mobile-header-display":"","site-post-title":"","ast-breadcrumbs-content":"","ast-featured-img":"","footer-sml-layout":"","ast-disable-related-posts":"","theme-transparent-header-meta":"default","adv-header-id-meta":"","stick-header-meta":"","header-above-stick-meta":"","header-main-stick-meta":"","header-below-stick-meta":"","astra-migrate-meta-layouts":"set","ast-page-background-enabled":"default","ast-page-background-meta":{"desktop":{"background-color":"var(--ast-global-color-4)","background-image":"","background-repeat":"repeat","background-position":"center center","background-size":"auto","background-attachment":"scroll","background-type":"","background-media":"","overlay-type":"","overlay-color":"","overlay-opacity":"","overlay-gradient":""},"tablet":{"background-color":"","background-image":"","background-repeat":"repeat","background-position":"center center","background-size":"auto","background-attachment":"scroll","background-type":"","background-media":"","overlay-type":"","overlay-color":"","overlay-opacity":"","overlay-gradient":""},"mobile":{"background-color":"","background-image":"","background-repeat":"repeat","background-position":"center center","background-size":"auto","background-attachment":"scroll","background-type":"","background-media":"","overlay-type":"","overlay-color":"","overlay-opacity":"","overlay-gradient":""}},"ast-content-background-meta":{"desktop":{"background-color":"var(--ast-global-color-5)","background-image":"","background-repeat":"repeat","background-position":"center center","background-size":"auto","background-attachment":"scroll","background-type":"","background-media":"","overlay-type":"","overlay-color":"","overlay-opacity":"","overlay-gradient":""},"tablet":{"background-color":"var(--ast-global-color-5)","background-image":"","background-repeat":"repeat","background-position":"center center","background-size":"auto","background-attachment":"scroll","background-type":"","background-media":"","overlay-type":"","overlay-color":"","overlay-opacity":"","overlay-gradient":""},"mobile":{"background-color":"var(--ast-global-color-5)","background-image":"","background-repeat":"repeat","background-position":"center center","background-size":"auto","background-attachment":"scroll","background-type":"","background-media":"","overlay-type":"","overlay-color":"","overlay-opacity":"","overlay-gradient":""}}},"product_brand":[],"product_cat":[4470],"product_tag":[3032,2476,66,2621,118,3030,20,2419,2975,3033,52,3513,4646,4482,2832],"class_list":{"0":"post-38297","1":"product","2":"type-product","3":"status-publish","4":"has-post-thumbnail","6":"product_cat-videos","7":"product_tag-behind-the-scenes","8":"product_tag-betty","9":"product_tag-clothed","10":"product_tag-cow-dung","11":"product_tag-cowshed","12":"product_tag-download","13":"product_tag-dung","14":"product_tag-full-hd","15":"product_tag-klodysseus","16":"product_tag-making-of","17":"product_tag-manure-channel","18":"product_tag-scati-own","19":"product_tag-season-2","20":"product_tag-sex-in-cowshit","21":"product_tag-smearing","22":"pa_audio-info-stereo","23":"pa_format-mp4","24":"pa_length-10-minutes","25":"pa_product-type-digital-download-video","26":"pa_product-type-usb-stick","27":"pa_size-2-36-gb","28":"pa_video-info-full-hd-1920x1080p","29":"desktop-align-center","30":"tablet-align-left","31":"mobile-align-left","33":"first","34":"instock","35":"shipping-taxable","36":"purchasable","37":"product-type-variable","38":"has-default-attributes"},"exclude_global_add_ons":[],"addons":[],"acf":[],"yoast_head":"<!-- This site is optimized with the Yoast SEO Premium plugin v27.1 (Yoast SEO v27.1.1) - https:\/\/yoast.com\/product\/yoast-seo-premium-wordpress\/ -->\n<title>Betty&#039;s Manure Gulag - Mixing Manure - Behind the Scenes - ManureFetish<\/title>\n<meta name=\"description\" content=\"Betty&#039;s Manure Gulag - Mixing Manure - Behind the Scenes, Klodysseus mixing the manure for Betty Manure Gulag.\" \/>\n<meta name=\"robots\" content=\"index, follow, max-snippet:-1, max-image-preview:large, max-video-preview:-1\" \/>\n<link rel=\"canonical\" href=\"https:\/\/manurefetish.com\/pt-br\/shop\/videos\/bettys-manure-gulag-mixing-manure-behind-the-scenes\/\" \/>\n<meta property=\"og:locale\" content=\"pt_BR\" \/>\n<meta property=\"og:type\" content=\"article\" \/>\n<meta property=\"og:title\" content=\"Betty&#039;s Manure Gulag - Mixing Manure - Behind the Scenes\" \/>\n<meta property=\"og:description\" content=\"Betty&#039;s Manure Gulag - Mixing Manure - Behind the Scenes, Klodysseus mixing the manure for Betty Manure Gulag.\" \/>\n<meta property=\"og:url\" content=\"https:\/\/manurefetish.com\/pt-br\/shop\/videos\/bettys-manure-gulag-mixing-manure-behind-the-scenes\/\" \/>\n<meta property=\"og:site_name\" content=\"ManureFetish\" \/>\n<meta property=\"article:publisher\" content=\"https:\/\/www.facebook.com\/manurefetish\/\" \/>\n<meta property=\"article:modified_time\" content=\"2026-03-24T16:13:18+00:00\" \/>\n<meta property=\"og:image\" content=\"https:\/\/manurefetish.com\/wp-content\/uploads\/2021\/08\/bettys-manure-gulag-mixing-manure-behind-the-scenes-manurefetish-full-hd.jpg\" \/>\n\t<meta property=\"og:image:width\" content=\"1920\" \/>\n\t<meta property=\"og:image:height\" content=\"1080\" \/>\n\t<meta property=\"og:image:type\" content=\"image\/jpeg\" \/>\n<meta name=\"twitter:card\" content=\"summary_large_image\" \/>\n<meta name=\"twitter:site\" content=\"@Manurefetisch\" \/>\n<script type=\"application\/ld+json\" class=\"yoast-schema-graph\">{\"@context\":\"https:\/\/schema.org\",\"@graph\":[{\"@type\":\"WebPage\",\"@id\":\"https:\/\/manurefetish.com\/shop\/videos\/bettys-manure-gulag-mixing-manure-behind-the-scenes\/\",\"url\":\"https:\/\/manurefetish.com\/shop\/videos\/bettys-manure-gulag-mixing-manure-behind-the-scenes\/\",\"name\":\"Betty's Manure Gulag - Mixing Manure - Behind the Scenes - ManureFetish\",\"isPartOf\":{\"@id\":\"https:\/\/manurefetish.com\/#website\"},\"primaryImageOfPage\":{\"@id\":\"https:\/\/manurefetish.com\/shop\/videos\/bettys-manure-gulag-mixing-manure-behind-the-scenes\/#primaryimage\"},\"image\":{\"@id\":\"https:\/\/manurefetish.com\/shop\/videos\/bettys-manure-gulag-mixing-manure-behind-the-scenes\/#primaryimage\"},\"thumbnailUrl\":\"https:\/\/manurefetish.b-cdn.net\/wp-content\/uploads\/2021\/08\/bettys-manure-gulag-mixing-manure-behind-the-scenes-manurefetish-full-hd.jpg\",\"datePublished\":\"2021-08-25T12:50:11+00:00\",\"dateModified\":\"2026-03-24T16:13:18+00:00\",\"description\":\"Betty's Manure Gulag - Mixing Manure - Behind the Scenes, Klodysseus mixing the manure for Betty Manure Gulag.\",\"breadcrumb\":{\"@id\":\"https:\/\/manurefetish.com\/shop\/videos\/bettys-manure-gulag-mixing-manure-behind-the-scenes\/#breadcrumb\"},\"inLanguage\":\"pt-BR\",\"potentialAction\":[{\"@type\":\"ReadAction\",\"target\":[\"https:\/\/manurefetish.com\/shop\/videos\/bettys-manure-gulag-mixing-manure-behind-the-scenes\/\"]}]},{\"@type\":\"ImageObject\",\"inLanguage\":\"pt-BR\",\"@id\":\"https:\/\/manurefetish.com\/shop\/videos\/bettys-manure-gulag-mixing-manure-behind-the-scenes\/#primaryimage\",\"url\":\"https:\/\/manurefetish.b-cdn.net\/wp-content\/uploads\/2021\/08\/bettys-manure-gulag-mixing-manure-behind-the-scenes-manurefetish-full-hd.jpg\",\"contentUrl\":\"https:\/\/manurefetish.b-cdn.net\/wp-content\/uploads\/2021\/08\/bettys-manure-gulag-mixing-manure-behind-the-scenes-manurefetish-full-hd.jpg\",\"width\":1920,\"height\":1080},{\"@type\":\"BreadcrumbList\",\"@id\":\"https:\/\/manurefetish.com\/shop\/videos\/bettys-manure-gulag-mixing-manure-behind-the-scenes\/#breadcrumb\",\"itemListElement\":[{\"@type\":\"ListItem\",\"position\":1,\"name\":\"Home\",\"item\":\"https:\/\/manurefetish.com\/\"},{\"@type\":\"ListItem\",\"position\":2,\"name\":\"Shop\",\"item\":\"https:\/\/manurefetish.com\/shop\/\"},{\"@type\":\"ListItem\",\"position\":3,\"name\":\"Videos\",\"item\":\"https:\/\/manurefetish.com\/product-category\/videos\/\"},{\"@type\":\"ListItem\",\"position\":4,\"name\":\"Betty&#8217;s Manure Gulag &#8211; Mixing Manure &#8211; Behind the Scenes\"}]},{\"@type\":\"WebSite\",\"@id\":\"https:\/\/manurefetish.com\/#website\",\"url\":\"https:\/\/manurefetish.com\/\",\"name\":\"ManureFetish\",\"description\":\"ManureFetish Shop\",\"publisher\":{\"@id\":\"https:\/\/manurefetish.com\/#organization\"},\"potentialAction\":[{\"@type\":\"SearchAction\",\"target\":{\"@type\":\"EntryPoint\",\"urlTemplate\":\"https:\/\/manurefetish.com\/?s={search_term_string}\"},\"query-input\":{\"@type\":\"PropertyValueSpecification\",\"valueRequired\":true,\"valueName\":\"search_term_string\"}}],\"inLanguage\":\"pt-BR\"},{\"@type\":\"Organization\",\"@id\":\"https:\/\/manurefetish.com\/#organization\",\"name\":\"ManureFetish.com\",\"url\":\"https:\/\/manurefetish.com\/\",\"logo\":{\"@type\":\"ImageObject\",\"inLanguage\":\"pt-BR\",\"@id\":\"https:\/\/manurefetish.com\/#\/schema\/logo\/image\/\",\"url\":\"https:\/\/manurefetish.com\/wp-content\/uploads\/2019\/06\/1000xmanurefetishcom-michaela-logo-website-shop.png\",\"contentUrl\":\"https:\/\/manurefetish.com\/wp-content\/uploads\/2019\/06\/1000xmanurefetishcom-michaela-logo-website-shop.png\",\"width\":1000,\"height\":632,\"caption\":\"ManureFetish.com\"},\"image\":{\"@id\":\"https:\/\/manurefetish.com\/#\/schema\/logo\/image\/\"},\"sameAs\":[\"https:\/\/www.facebook.com\/manurefetish\/\",\"https:\/\/x.com\/Manurefetisch\",\"https:\/\/www.youtube.com\/c\/ManureFetish\"],\"description\":\"We're creating various fetish content with female and male models alike.\",\"foundingDate\":\"2019-07-04\",\"vatID\":\"DE366928521\",\"numberOfEmployees\":{\"@type\":\"QuantitativeValue\",\"minValue\":\"1\",\"maxValue\":\"10\"}}]}<\/script>\n<meta property=\"og:availability\" content=\"instock\" \/>\n<meta property=\"product:availability\" content=\"instock\" \/>\n<meta property=\"product:retailer_item_id\" content=\"MFW-BMG-BTS\" \/>\n<meta property=\"product:condition\" content=\"new\" \/>\n<!-- \/ Yoast SEO Premium plugin. -->","yoast_head_json":{"title":"Betty's Manure Gulag - Misturando o Manure - Bastidores - ManureFetish","description":"Betty's Manure Gulag - Misturando o Manure - Bastidores, Klodysseus misturando o manure para o Betty Manure Gulag.","robots":{"index":"index","follow":"follow","max-snippet":"max-snippet:-1","max-image-preview":"max-image-preview:large","max-video-preview":"max-video-preview:-1"},"canonical":"https:\/\/manurefetish.com\/pt-br\/shop\/videos\/bettys-manure-gulag-mixing-manure-behind-the-scenes\/","og_locale":"pt_BR","og_type":"article","og_title":"Betty's Manure Gulag - Mixing Manure - Behind the Scenes","og_description":"Betty's Manure Gulag - Mixing Manure - Behind the Scenes, Klodysseus mixing the manure for Betty Manure Gulag.","og_url":"https:\/\/manurefetish.com\/pt-br\/shop\/videos\/bettys-manure-gulag-mixing-manure-behind-the-scenes\/","og_site_name":"ManureFetish","article_publisher":"https:\/\/www.facebook.com\/manurefetish\/","article_modified_time":"2026-03-24T16:13:18+00:00","og_image":[{"width":1920,"height":1080,"url":"https:\/\/manurefetish.com\/wp-content\/uploads\/2021\/08\/bettys-manure-gulag-mixing-manure-behind-the-scenes-manurefetish-full-hd.jpg","type":"image\/jpeg"}],"twitter_card":"summary_large_image","twitter_site":"@Manurefetisch","schema":{"@context":"https:\/\/schema.org","@graph":[{"@type":"WebPage","@id":"https:\/\/manurefetish.com\/shop\/videos\/bettys-manure-gulag-mixing-manure-behind-the-scenes\/","url":"https:\/\/manurefetish.com\/shop\/videos\/bettys-manure-gulag-mixing-manure-behind-the-scenes\/","name":"Betty's Manure Gulag - Misturando o Manure - Bastidores - ManureFetish","isPartOf":{"@id":"https:\/\/manurefetish.com\/#website"},"primaryImageOfPage":{"@id":"https:\/\/manurefetish.com\/shop\/videos\/bettys-manure-gulag-mixing-manure-behind-the-scenes\/#primaryimage"},"image":{"@id":"https:\/\/manurefetish.com\/shop\/videos\/bettys-manure-gulag-mixing-manure-behind-the-scenes\/#primaryimage"},"thumbnailUrl":"https:\/\/manurefetish.b-cdn.net\/wp-content\/uploads\/2021\/08\/bettys-manure-gulag-mixing-manure-behind-the-scenes-manurefetish-full-hd.jpg","datePublished":"2021-08-25T12:50:11+00:00","dateModified":"2026-03-24T16:13:18+00:00","description":"Betty's Manure Gulag - Misturando o Manure - Bastidores, Klodysseus misturando o manure para o Betty Manure Gulag.","breadcrumb":{"@id":"https:\/\/manurefetish.com\/shop\/videos\/bettys-manure-gulag-mixing-manure-behind-the-scenes\/#breadcrumb"},"inLanguage":"pt-BR","potentialAction":[{"@type":"ReadAction","target":["https:\/\/manurefetish.com\/shop\/videos\/bettys-manure-gulag-mixing-manure-behind-the-scenes\/"]}]},{"@type":"ImageObject","inLanguage":"pt-BR","@id":"https:\/\/manurefetish.com\/shop\/videos\/bettys-manure-gulag-mixing-manure-behind-the-scenes\/#primaryimage","url":"https:\/\/manurefetish.b-cdn.net\/wp-content\/uploads\/2021\/08\/bettys-manure-gulag-mixing-manure-behind-the-scenes-manurefetish-full-hd.jpg","contentUrl":"https:\/\/manurefetish.b-cdn.net\/wp-content\/uploads\/2021\/08\/bettys-manure-gulag-mixing-manure-behind-the-scenes-manurefetish-full-hd.jpg","width":1920,"height":1080},{"@type":"BreadcrumbList","@id":"https:\/\/manurefetish.com\/shop\/videos\/bettys-manure-gulag-mixing-manure-behind-the-scenes\/#breadcrumb","itemListElement":[{"@type":"ListItem","position":1,"name":"Home","item":"https:\/\/manurefetish.com\/"},{"@type":"ListItem","position":2,"name":"Shop","item":"https:\/\/manurefetish.com\/shop\/"},{"@type":"ListItem","position":3,"name":"Videos","item":"https:\/\/manurefetish.com\/product-category\/videos\/"},{"@type":"ListItem","position":4,"name":"Betty&#8217;s Manure Gulag &#8211; Mixing Manure &#8211; Behind the Scenes"}]},{"@type":"WebSite","@id":"https:\/\/manurefetish.com\/#website","url":"https:\/\/manurefetish.com\/","name":"ManureFetish","description":"Loja ManureFetish","publisher":{"@id":"https:\/\/manurefetish.com\/#organization"},"potentialAction":[{"@type":"SearchAction","target":{"@type":"EntryPoint","urlTemplate":"https:\/\/manurefetish.com\/?s={search_term_string}"},"query-input":{"@type":"PropertyValueSpecification","valueRequired":true,"valueName":"search_term_string"}}],"inLanguage":"pt-BR"},{"@type":"Organization","@id":"https:\/\/manurefetish.com\/#organization","name":"ManureFetish.com","url":"https:\/\/manurefetish.com\/","logo":{"@type":"ImageObject","inLanguage":"pt-BR","@id":"https:\/\/manurefetish.com\/#\/schema\/logo\/image\/","url":"https:\/\/manurefetish.com\/wp-content\/uploads\/2019\/06\/1000xmanurefetishcom-michaela-logo-website-shop.png","contentUrl":"https:\/\/manurefetish.com\/wp-content\/uploads\/2019\/06\/1000xmanurefetishcom-michaela-logo-website-shop.png","width":1000,"height":632,"caption":"ManureFetish.com"},"image":{"@id":"https:\/\/manurefetish.com\/#\/schema\/logo\/image\/"},"sameAs":["https:\/\/www.facebook.com\/manurefetish\/","https:\/\/x.com\/Manurefetisch","https:\/\/www.youtube.com\/c\/ManureFetish"],"description":"Estamos criando v\u00e1rios conte\u00fados fetichistas com modelos femininos e masculinos.","foundingDate":"2019-07-04","vatID":"DE366928521","numberOfEmployees":{"@type":"QuantitativeValue","minValue":"1","maxValue":"10"}}]},"og_availability":"instock","product_availability":"instock","product_retailer_item_id":"MFW-BMG-BTS","product_condition":"new"},"_links":{"self":[{"href":"https:\/\/manurefetish.com\/pt-br\/wp-json\/wp\/v2\/product\/38297","targetHints":{"allow":["GET"]}}],"collection":[{"href":"https:\/\/manurefetish.com\/pt-br\/wp-json\/wp\/v2\/product"}],"about":[{"href":"https:\/\/manurefetish.com\/pt-br\/wp-json\/wp\/v2\/types\/product"}],"replies":[{"embeddable":true,"href":"https:\/\/manurefetish.com\/pt-br\/wp-json\/wp\/v2\/comments?post=38297"}],"version-history":[{"count":0,"href":"https:\/\/manurefetish.com\/pt-br\/wp-json\/wp\/v2\/product\/38297\/revisions"}],"wp:featuredmedia":[{"embeddable":true,"href":"https:\/\/manurefetish.com\/pt-br\/wp-json\/wp\/v2\/media\/38305"}],"wp:attachment":[{"href":"https:\/\/manurefetish.com\/pt-br\/wp-json\/wp\/v2\/media?parent=38297"}],"wp:term":[{"taxonomy":"product_brand","embeddable":true,"href":"https:\/\/manurefetish.com\/pt-br\/wp-json\/wp\/v2\/product_brand?post=38297"},{"taxonomy":"product_cat","embeddable":true,"href":"https:\/\/manurefetish.com\/pt-br\/wp-json\/wp\/v2\/product_cat?post=38297"},{"taxonomy":"product_tag","embeddable":true,"href":"https:\/\/manurefetish.com\/pt-br\/wp-json\/wp\/v2\/product_tag?post=38297"}],"curies":[{"name":"wp","href":"https:\/\/api.w.org\/{rel}","templated":true}]}}