{"id":27736,"date":"2020-11-30T03:45:28","date_gmt":"2020-11-30T02:45:28","guid":{"rendered":"https:\/\/manurefetish.com\/?post_type=product&#038;p=27736"},"modified":"2026-03-24T17:17:55","modified_gmt":"2026-03-24T16:17:55","slug":"frankys-cow-dung-fuckmachine","status":"publish","type":"product","link":"https:\/\/manurefetish.com\/pt-br\/shop\/videos\/frankys-cow-dung-fuckmachine\/","title":{"rendered":"M\u00e1quina de foder Cow Dung da Franky"},"content":{"rendered":"<p><span style=\"font-weight: 400;\">Franky adora o cowdung e tamb\u00e9m aprecia um bom orgasmo de pr\u00f3stata. Portanto, desta vez, Franky combina o melhor dos dois mundos.<\/span><\/p>\n<p><span style=\"font-weight: 400;\">Ele foi para o celeiro, onde coletou a vaca fresca, cremosa e quentedung para se divertir de verdade.<\/span><\/p>\n<p><span style=\"font-weight: 400;\">Ele come\u00e7a a se cobrir da cabe\u00e7a aos p\u00e9s, entra na banheira cheia com o manure quente e se cobre cada vez mais.<\/span><\/p>\n<p><span style=\"font-weight: 400;\">Ele come\u00e7a a se despir e a cobrir seu corpo nu com a vaca fumegante dung. Ele prepara seu traseiro com alguns brinquedos menores, para que o grande vibrador da m\u00e1quina de foder possa entrar.<\/span><\/p>\n<p><span style=\"font-weight: 400;\">Ele come\u00e7a a inserir lentamente o vibrador da m\u00e1quina de foda e, depois de inseri-lo, liga a m\u00e1quina. A m\u00e1quina o pressiona com cada vez mais for\u00e7a at\u00e9 que o orgasmo de pr\u00f3stata come\u00e7a a se formar. Ele n\u00e3o aguenta mais e tem um orgasmo m\u00faltiplo na pr\u00f3stata. No in\u00edcio, um pouco de esperma sai de seu p\u00eanis, mas tamb\u00e9m sob a press\u00e3o ele come\u00e7a a urinar sem controle. Ele terminou a primeira rodada. Ele esfria um pouco, depois se vira e se deita de barriga para baixo, para que a m\u00e1quina possa come\u00e7ar a bater nele por tr\u00e1s. Ele \u00e9 ainda mais bombardeado enquanto submerge a cabe\u00e7a na banheira cheia de leite de vaca quentedung. Depois de ter um \u00faltimo grande orgasmo, ele mergulha de cabe\u00e7a na banheira, onde passa mais um pouco de dung em si mesmo e come\u00e7a a se refrescar.<\/span><\/p>\n<p><strong><span style=\"color: #000000;\">O v\u00eddeo cont\u00e9m muito anal e a vaca dung. Ele cobre cada cent\u00edmetro de seu corpo enquanto \u00e9 fodido pela m\u00e1quina de foder. Com dois \u00e2ngulos de c\u00e2mera para que voc\u00ea n\u00e3o perca nada.<\/span><\/strong><\/p>","protected":false},"excerpt":{"rendered":"<p>Franky loves cowdung and he also appreciates a good prostate orgasm. So this time Franky combines the best of both worlds. He went to the barn where he collected the fresh and creamy and warm cowdung to have some real fun. He starts covering himself from head to toe, climbs into the tub filled with [&hellip;]<\/p>\n","protected":false},"featured_media":198932,"comment_status":"open","ping_status":"closed","template":"","meta":{"_acf_changed":false,"site-sidebar-layout":"default","site-content-layout":"","ast-site-content-layout":"default","site-content-style":"default","site-sidebar-style":"default","ast-global-header-display":"","ast-banner-title-visibility":"","ast-main-header-display":"","ast-hfb-above-header-display":"","ast-hfb-below-header-display":"","ast-hfb-mobile-header-display":"","site-post-title":"","ast-breadcrumbs-content":"","ast-featured-img":"","footer-sml-layout":"","ast-disable-related-posts":"","theme-transparent-header-meta":"default","adv-header-id-meta":"","stick-header-meta":"","header-above-stick-meta":"","header-main-stick-meta":"","header-below-stick-meta":"","astra-migrate-meta-layouts":"set","ast-page-background-enabled":"default","ast-page-background-meta":{"desktop":{"background-color":"var(--ast-global-color-4)","background-image":"","background-repeat":"repeat","background-position":"center center","background-size":"auto","background-attachment":"scroll","background-type":"","background-media":"","overlay-type":"","overlay-color":"","overlay-opacity":"","overlay-gradient":""},"tablet":{"background-color":"","background-image":"","background-repeat":"repeat","background-position":"center center","background-size":"auto","background-attachment":"scroll","background-type":"","background-media":"","overlay-type":"","overlay-color":"","overlay-opacity":"","overlay-gradient":""},"mobile":{"background-color":"","background-image":"","background-repeat":"repeat","background-position":"center center","background-size":"auto","background-attachment":"scroll","background-type":"","background-media":"","overlay-type":"","overlay-color":"","overlay-opacity":"","overlay-gradient":""}},"ast-content-background-meta":{"desktop":{"background-color":"var(--ast-global-color-5)","background-image":"","background-repeat":"repeat","background-position":"center center","background-size":"auto","background-attachment":"scroll","background-type":"","background-media":"","overlay-type":"","overlay-color":"","overlay-opacity":"","overlay-gradient":""},"tablet":{"background-color":"var(--ast-global-color-5)","background-image":"","background-repeat":"repeat","background-position":"center center","background-size":"auto","background-attachment":"scroll","background-type":"","background-media":"","overlay-type":"","overlay-color":"","overlay-opacity":"","overlay-gradient":""},"mobile":{"background-color":"var(--ast-global-color-5)","background-image":"","background-repeat":"repeat","background-position":"center center","background-size":"auto","background-attachment":"scroll","background-type":"","background-media":"","overlay-type":"","overlay-color":"","overlay-opacity":"","overlay-gradient":""}}},"product_brand":[],"product_cat":[4470],"product_tag":[17,317,2623,71,66,2631,19,2621,118,36,64,3030,20,56,320,321,2438,2682,54,2419,37,67,65,35,2482,2684,2685,2686,3425,4482,2683,277,2201],"class_list":{"0":"post-27736","1":"product","2":"type-product","3":"status-publish","4":"has-post-thumbnail","6":"product_cat-videos","7":"product_tag-anal","8":"product_tag-asshole","9":"product_tag-barn","10":"product_tag-bucket","11":"product_tag-clothed","12":"product_tag-completely-covered","13":"product_tag-cow","14":"product_tag-cow-dung","15":"product_tag-cowshed","16":"product_tag-cum","17":"product_tag-dildo","18":"product_tag-download","19":"product_tag-dung","20":"product_tag-erotic","21":"product_tag-feet","22":"product_tag-foot","23":"product_tag-franky","24":"product_tag-fuckmachine","25":"product_tag-full-covered","26":"product_tag-full-hd","27":"product_tag-jerk-off","28":"product_tag-liquid","29":"product_tag-naked","30":"product_tag-orgasm","31":"product_tag-peeing","32":"product_tag-pgasm","33":"product_tag-prostate","34":"product_tag-prostate-orgasm","35":"product_tag-season-1","36":"product_tag-sex-in-cowshit","37":"product_tag-sexmachine","38":"product_tag-slurry-bath","39":"product_tag-slurry-porn","40":"pa_audio-info-stereo","41":"pa_format-mp4","42":"pa_length-39-minutes","43":"pa_product-type-digital-download-full-hd-video","44":"pa_product-type-digital-download-ultra-hd-video","45":"pa_product-type-usb-stick","46":"pa_size-3-32-gb","47":"pa_video-info-full-hd-1920x1080p","48":"desktop-align-center","49":"tablet-align-left","50":"mobile-align-left","52":"first","53":"instock","54":"featured","55":"shipping-taxable","56":"purchasable","57":"product-type-variable"},"exclude_global_add_ons":[],"addons":[],"acf":[],"yoast_head":"<!-- This site is optimized with the Yoast SEO Premium plugin v27.1 (Yoast SEO v27.1.1) - https:\/\/yoast.com\/product\/yoast-seo-premium-wordpress\/ -->\n<title>Franky&#039;s Cow Dung Fuckmachine - ManureFetish -<\/title>\n<meta name=\"description\" content=\"Franky&#039;s Cow Dung Fuckmachine, Franky brings his new toy to the barn, where a warm tub of collected cowshit awaits him and his ass.\" \/>\n<meta name=\"robots\" content=\"index, follow, max-snippet:-1, max-image-preview:large, max-video-preview:-1\" \/>\n<link rel=\"canonical\" href=\"https:\/\/manurefetish.com\/pt-br\/shop\/videos\/frankys-cow-dung-fuckmachine\/\" \/>\n<meta name=\"twitter:card\" content=\"summary_large_image\" \/>\n<meta name=\"twitter:title\" content=\"Franky&#039;s Cow Dung Fuckmachine - ManureFetish -\" \/>\n<meta name=\"twitter:description\" content=\"Franky&#039;s Cow Dung Fuckmachine, Franky brings his new toy to the barn, where a warm tub of collected cowshit awaits him and his ass.\" \/>\n<meta name=\"twitter:image\" content=\"https:\/\/manurefetish.b-cdn.net\/wp-content\/uploads\/2020\/11\/Frankys-Cowshit-Fuckmachine.jpg\" \/>\n<meta name=\"twitter:site\" content=\"@Manurefetisch\" \/>\n<script type=\"application\/ld+json\" class=\"yoast-schema-graph\">{\"@context\":\"https:\/\/schema.org\",\"@graph\":[{\"@type\":\"WebPage\",\"@id\":\"https:\/\/manurefetish.com\/shop\/videos\/frankys-cow-dung-fuckmachine\/\",\"url\":\"https:\/\/manurefetish.com\/shop\/videos\/frankys-cow-dung-fuckmachine\/\",\"name\":\"Franky's Cow Dung Fuckmachine - ManureFetish -\",\"isPartOf\":{\"@id\":\"https:\/\/de.manurefetish.com\/#website\"},\"primaryImageOfPage\":{\"@id\":\"https:\/\/manurefetish.com\/shop\/videos\/frankys-cow-dung-fuckmachine\/#primaryimage\"},\"image\":{\"@id\":\"https:\/\/manurefetish.com\/shop\/videos\/frankys-cow-dung-fuckmachine\/#primaryimage\"},\"thumbnailUrl\":\"https:\/\/manurefetish.b-cdn.net\/wp-content\/uploads\/2020\/11\/Frankys-Cowshit-Fuckmachine.jpg\",\"datePublished\":\"2020-11-30T02:45:28+00:00\",\"dateModified\":\"2026-03-24T16:17:55+00:00\",\"description\":\"Franky's Cow Dung Fuckmachine, Franky brings his new toy to the barn, where a warm tub of collected cowshit awaits him and his ass.\",\"breadcrumb\":{\"@id\":\"https:\/\/manurefetish.com\/shop\/videos\/frankys-cow-dung-fuckmachine\/#breadcrumb\"},\"inLanguage\":\"pt-BR\",\"potentialAction\":[{\"@type\":\"ReadAction\",\"target\":[\"https:\/\/manurefetish.com\/shop\/videos\/frankys-cow-dung-fuckmachine\/\"]}]},{\"@type\":\"ImageObject\",\"inLanguage\":\"pt-BR\",\"@id\":\"https:\/\/manurefetish.com\/shop\/videos\/frankys-cow-dung-fuckmachine\/#primaryimage\",\"url\":\"https:\/\/manurefetish.b-cdn.net\/wp-content\/uploads\/2020\/11\/Frankys-Cowshit-Fuckmachine.jpg\",\"contentUrl\":\"https:\/\/manurefetish.b-cdn.net\/wp-content\/uploads\/2020\/11\/Frankys-Cowshit-Fuckmachine.jpg\",\"width\":1728,\"height\":576},{\"@type\":\"BreadcrumbList\",\"@id\":\"https:\/\/manurefetish.com\/shop\/videos\/frankys-cow-dung-fuckmachine\/#breadcrumb\",\"itemListElement\":[{\"@type\":\"ListItem\",\"position\":1,\"name\":\"Home\",\"item\":\"https:\/\/manurefetish.com\/\"},{\"@type\":\"ListItem\",\"position\":2,\"name\":\"Shop\",\"item\":\"https:\/\/manurefetish.com\/shop\/\"},{\"@type\":\"ListItem\",\"position\":3,\"name\":\"Videos\",\"item\":\"https:\/\/manurefetish.com\/product-category\/videos\/\"},{\"@type\":\"ListItem\",\"position\":4,\"name\":\"Franky&#8217;s Cow Dung Fuckmachine\"}]},{\"@type\":\"WebSite\",\"@id\":\"https:\/\/de.manurefetish.com\/#website\",\"url\":\"https:\/\/de.manurefetish.com\/\",\"name\":\"ManureFetish\",\"description\":\"ManureFetish Shop\",\"publisher\":{\"@id\":\"https:\/\/de.manurefetish.com\/#organization\"},\"potentialAction\":[{\"@type\":\"SearchAction\",\"target\":{\"@type\":\"EntryPoint\",\"urlTemplate\":\"https:\/\/de.manurefetish.com\/?s={search_term_string}\"},\"query-input\":{\"@type\":\"PropertyValueSpecification\",\"valueRequired\":true,\"valueName\":\"search_term_string\"}}],\"inLanguage\":\"pt-BR\"},{\"@type\":\"Organization\",\"@id\":\"https:\/\/de.manurefetish.com\/#organization\",\"name\":\"ManureFetish.com\",\"url\":\"https:\/\/de.manurefetish.com\/\",\"logo\":{\"@type\":\"ImageObject\",\"inLanguage\":\"pt-BR\",\"@id\":\"https:\/\/de.manurefetish.com\/#\/schema\/logo\/image\/\",\"url\":\"https:\/\/manurefetish.com\/wp-content\/uploads\/2019\/06\/1000xmanurefetishcom-michaela-logo-website-shop.png\",\"contentUrl\":\"https:\/\/manurefetish.com\/wp-content\/uploads\/2019\/06\/1000xmanurefetishcom-michaela-logo-website-shop.png\",\"width\":1000,\"height\":632,\"caption\":\"ManureFetish.com\"},\"image\":{\"@id\":\"https:\/\/de.manurefetish.com\/#\/schema\/logo\/image\/\"},\"sameAs\":[\"https:\/\/www.facebook.com\/manurefetish\/\",\"https:\/\/x.com\/Manurefetisch\",\"https:\/\/www.youtube.com\/c\/ManureFetish\"],\"description\":\"We're creating various fetish content with female and male models alike.\",\"foundingDate\":\"2019-07-04\",\"vatID\":\"DE366928521\",\"numberOfEmployees\":{\"@type\":\"QuantitativeValue\",\"minValue\":\"1\",\"maxValue\":\"10\"}}]}<\/script>\n<meta property=\"og:availability\" content=\"instock\" \/>\n<meta property=\"product:availability\" content=\"instock\" \/>\n<meta property=\"product:retailer_item_id\" content=\"MFM-FCF\" \/>\n<meta property=\"product:condition\" content=\"new\" \/>\n<!-- \/ Yoast SEO Premium plugin. -->","yoast_head_json":{"title":"M\u00e1quina de foda Cow Dung da Franky - ManureFetish -","description":"Franky's Cow Dung Fuckmachine, Franky leva seu novo brinquedo para o celeiro, onde uma banheira quente com o cowshit coletado espera por ele e sua bunda.","robots":{"index":"index","follow":"follow","max-snippet":"max-snippet:-1","max-image-preview":"max-image-preview:large","max-video-preview":"max-video-preview:-1"},"canonical":"https:\/\/manurefetish.com\/pt-br\/shop\/videos\/frankys-cow-dung-fuckmachine\/","twitter_card":"summary_large_image","twitter_title":"Franky's Cow Dung Fuckmachine - ManureFetish -","twitter_description":"Franky's Cow Dung Fuckmachine, Franky brings his new toy to the barn, where a warm tub of collected cowshit awaits him and his ass.","twitter_image":"https:\/\/manurefetish.b-cdn.net\/wp-content\/uploads\/2020\/11\/Frankys-Cowshit-Fuckmachine.jpg","twitter_site":"@Manurefetisch","schema":{"@context":"https:\/\/schema.org","@graph":[{"@type":"WebPage","@id":"https:\/\/manurefetish.com\/shop\/videos\/frankys-cow-dung-fuckmachine\/","url":"https:\/\/manurefetish.com\/shop\/videos\/frankys-cow-dung-fuckmachine\/","name":"M\u00e1quina de foda Cow Dung da Franky - ManureFetish -","isPartOf":{"@id":"https:\/\/de.manurefetish.com\/#website"},"primaryImageOfPage":{"@id":"https:\/\/manurefetish.com\/shop\/videos\/frankys-cow-dung-fuckmachine\/#primaryimage"},"image":{"@id":"https:\/\/manurefetish.com\/shop\/videos\/frankys-cow-dung-fuckmachine\/#primaryimage"},"thumbnailUrl":"https:\/\/manurefetish.b-cdn.net\/wp-content\/uploads\/2020\/11\/Frankys-Cowshit-Fuckmachine.jpg","datePublished":"2020-11-30T02:45:28+00:00","dateModified":"2026-03-24T16:17:55+00:00","description":"Franky's Cow Dung Fuckmachine, Franky leva seu novo brinquedo para o celeiro, onde uma banheira quente com o cowshit coletado espera por ele e sua bunda.","breadcrumb":{"@id":"https:\/\/manurefetish.com\/shop\/videos\/frankys-cow-dung-fuckmachine\/#breadcrumb"},"inLanguage":"pt-BR","potentialAction":[{"@type":"ReadAction","target":["https:\/\/manurefetish.com\/shop\/videos\/frankys-cow-dung-fuckmachine\/"]}]},{"@type":"ImageObject","inLanguage":"pt-BR","@id":"https:\/\/manurefetish.com\/shop\/videos\/frankys-cow-dung-fuckmachine\/#primaryimage","url":"https:\/\/manurefetish.b-cdn.net\/wp-content\/uploads\/2020\/11\/Frankys-Cowshit-Fuckmachine.jpg","contentUrl":"https:\/\/manurefetish.b-cdn.net\/wp-content\/uploads\/2020\/11\/Frankys-Cowshit-Fuckmachine.jpg","width":1728,"height":576},{"@type":"BreadcrumbList","@id":"https:\/\/manurefetish.com\/shop\/videos\/frankys-cow-dung-fuckmachine\/#breadcrumb","itemListElement":[{"@type":"ListItem","position":1,"name":"Home","item":"https:\/\/manurefetish.com\/"},{"@type":"ListItem","position":2,"name":"Shop","item":"https:\/\/manurefetish.com\/shop\/"},{"@type":"ListItem","position":3,"name":"Videos","item":"https:\/\/manurefetish.com\/product-category\/videos\/"},{"@type":"ListItem","position":4,"name":"Franky&#8217;s Cow Dung Fuckmachine"}]},{"@type":"WebSite","@id":"https:\/\/de.manurefetish.com\/#website","url":"https:\/\/de.manurefetish.com\/","name":"ManureFetish","description":"Loja ManureFetish","publisher":{"@id":"https:\/\/de.manurefetish.com\/#organization"},"potentialAction":[{"@type":"SearchAction","target":{"@type":"EntryPoint","urlTemplate":"https:\/\/de.manurefetish.com\/?s={search_term_string}"},"query-input":{"@type":"PropertyValueSpecification","valueRequired":true,"valueName":"search_term_string"}}],"inLanguage":"pt-BR"},{"@type":"Organization","@id":"https:\/\/de.manurefetish.com\/#organization","name":"ManureFetish.com","url":"https:\/\/de.manurefetish.com\/","logo":{"@type":"ImageObject","inLanguage":"pt-BR","@id":"https:\/\/de.manurefetish.com\/#\/schema\/logo\/image\/","url":"https:\/\/manurefetish.com\/wp-content\/uploads\/2019\/06\/1000xmanurefetishcom-michaela-logo-website-shop.png","contentUrl":"https:\/\/manurefetish.com\/wp-content\/uploads\/2019\/06\/1000xmanurefetishcom-michaela-logo-website-shop.png","width":1000,"height":632,"caption":"ManureFetish.com"},"image":{"@id":"https:\/\/de.manurefetish.com\/#\/schema\/logo\/image\/"},"sameAs":["https:\/\/www.facebook.com\/manurefetish\/","https:\/\/x.com\/Manurefetisch","https:\/\/www.youtube.com\/c\/ManureFetish"],"description":"Estamos criando v\u00e1rios conte\u00fados fetichistas com modelos femininos e masculinos.","foundingDate":"2019-07-04","vatID":"DE366928521","numberOfEmployees":{"@type":"QuantitativeValue","minValue":"1","maxValue":"10"}}]},"og_availability":"instock","product_availability":"instock","product_retailer_item_id":"MFM-FCF","product_condition":"new"},"_links":{"self":[{"href":"https:\/\/manurefetish.com\/pt-br\/wp-json\/wp\/v2\/product\/27736","targetHints":{"allow":["GET"]}}],"collection":[{"href":"https:\/\/manurefetish.com\/pt-br\/wp-json\/wp\/v2\/product"}],"about":[{"href":"https:\/\/manurefetish.com\/pt-br\/wp-json\/wp\/v2\/types\/product"}],"replies":[{"embeddable":true,"href":"https:\/\/manurefetish.com\/pt-br\/wp-json\/wp\/v2\/comments?post=27736"}],"version-history":[{"count":0,"href":"https:\/\/manurefetish.com\/pt-br\/wp-json\/wp\/v2\/product\/27736\/revisions"}],"wp:featuredmedia":[{"embeddable":true,"href":"https:\/\/manurefetish.com\/pt-br\/wp-json\/wp\/v2\/media\/198932"}],"wp:attachment":[{"href":"https:\/\/manurefetish.com\/pt-br\/wp-json\/wp\/v2\/media?parent=27736"}],"wp:term":[{"taxonomy":"product_brand","embeddable":true,"href":"https:\/\/manurefetish.com\/pt-br\/wp-json\/wp\/v2\/product_brand?post=27736"},{"taxonomy":"product_cat","embeddable":true,"href":"https:\/\/manurefetish.com\/pt-br\/wp-json\/wp\/v2\/product_cat?post=27736"},{"taxonomy":"product_tag","embeddable":true,"href":"https:\/\/manurefetish.com\/pt-br\/wp-json\/wp\/v2\/product_tag?post=27736"}],"curies":[{"name":"wp","href":"https:\/\/api.w.org\/{rel}","templated":true}]}}