{"id":188786,"date":"2025-10-28T13:53:13","date_gmt":"2025-10-28T12:53:13","guid":{"rendered":"https:\/\/manurefetish.com\/?post_type=product&#038;p=188786"},"modified":"2026-04-06T15:51:11","modified_gmt":"2026-04-06T13:51:11","slug":"mistress-marlena-sex-in-cowshit","status":"publish","type":"product","link":"https:\/\/manurefetish.com\/pt-br\/shop\/videos\/mistress-marlena-sex-in-cowshit\/","title":{"rendered":"Sexo com a senhora Marlena no Cowshit"},"content":{"rendered":"<p><span style=\"font-weight: 400;\">Desta vez, dona Marlena e seu Pretty Boy querem uma experi\u00eancia mais sensual no cowshit, ambos querem aproveitar seu tempo juntos com sexo quente e cowshit. Eles come\u00e7am a se beijar e Marlena faz um belo boquete em seu garoto, depois ele lambe a bunda e a buceta dela. Agora, ambos est\u00e3o prontos e sobem no Manure Channel para receber o cremoso cowshit em seus corpos. Ele come\u00e7a a espalhar o cowshit na buceta de Marlena, antes de fod\u00ea-la. Depois de sua primeira rodada no canal, eles saem dele. Marlena ent\u00e3o faz xixi nele, antes de montar em seu p\u00eanis. Eles adoram o tempo que passam juntos na fazenda e no est\u00e1bulo.<\/span><\/p>","protected":false},"excerpt":{"rendered":"<p>This time Mistress Marlena and her Pretty Boy want a more sensual experience in the cowshit, both want to enjoy their time together with hot sex and cowshit. They begin making out and Marlena giving her Boy a nice blowjob, then he licks her ass and pussy. Now both are ready and climb into the [&hellip;]<\/p>\n","protected":false},"featured_media":199392,"comment_status":"open","ping_status":"closed","template":"","meta":{"_acf_changed":false,"site-sidebar-layout":"default","site-content-layout":"","ast-site-content-layout":"default","site-content-style":"default","site-sidebar-style":"default","ast-global-header-display":"","ast-banner-title-visibility":"","ast-main-header-display":"","ast-hfb-above-header-display":"","ast-hfb-below-header-display":"","ast-hfb-mobile-header-display":"","site-post-title":"","ast-breadcrumbs-content":"","ast-featured-img":"","footer-sml-layout":"","ast-disable-related-posts":"","theme-transparent-header-meta":"default","adv-header-id-meta":"","stick-header-meta":"","header-above-stick-meta":"","header-main-stick-meta":"","header-below-stick-meta":"","astra-migrate-meta-layouts":"set","ast-page-background-enabled":"default","ast-page-background-meta":{"desktop":{"background-color":"var(--ast-global-color-4)","background-image":"","background-repeat":"repeat","background-position":"center center","background-size":"auto","background-attachment":"scroll","background-type":"","background-media":"","overlay-type":"","overlay-color":"","overlay-opacity":"","overlay-gradient":""},"tablet":{"background-color":"","background-image":"","background-repeat":"repeat","background-position":"center center","background-size":"auto","background-attachment":"scroll","background-type":"","background-media":"","overlay-type":"","overlay-color":"","overlay-opacity":"","overlay-gradient":""},"mobile":{"background-color":"","background-image":"","background-repeat":"repeat","background-position":"center center","background-size":"auto","background-attachment":"scroll","background-type":"","background-media":"","overlay-type":"","overlay-color":"","overlay-opacity":"","overlay-gradient":""}},"ast-content-background-meta":{"desktop":{"background-color":"var(--ast-global-color-5)","background-image":"","background-repeat":"repeat","background-position":"center center","background-size":"auto","background-attachment":"scroll","background-type":"","background-media":"","overlay-type":"","overlay-color":"","overlay-opacity":"","overlay-gradient":""},"tablet":{"background-color":"var(--ast-global-color-5)","background-image":"","background-repeat":"repeat","background-position":"center center","background-size":"auto","background-attachment":"scroll","background-type":"","background-media":"","overlay-type":"","overlay-color":"","overlay-opacity":"","overlay-gradient":""},"mobile":{"background-color":"var(--ast-global-color-5)","background-image":"","background-repeat":"repeat","background-position":"center center","background-size":"auto","background-attachment":"scroll","background-type":"","background-media":"","overlay-type":"","overlay-color":"","overlay-opacity":"","overlay-gradient":""}}},"product_brand":[],"product_cat":[4470],"product_tag":[17,4196,317,4581,2626,318,4593,66,2551,4547,3830,2869,316,64,2900,2901,3030,4568,2968,2552,2419,3827,18,52,2285,4590,4591,65,4569,2971,2482,4592,32,4588,2650,4482,3434,24,2832,319,4594,2368,427],"class_list":{"0":"post-188786","1":"product","2":"type-product","3":"status-publish","4":"has-post-thumbnail","6":"product_cat-videos","7":"product_tag-anal","8":"product_tag-animal-scat","9":"product_tag-asshole","10":"product_tag-bath-in-shit","11":"product_tag-blonde","12":"product_tag-boobs","13":"product_tag-chewing","14":"product_tag-clothed","15":"product_tag-couple","16":"product_tag-couple-in-cowshit","17":"product_tag-cowshit","18":"product_tag-cumshot","19":"product_tag-cunt","20":"product_tag-dildo","21":"product_tag-domina","22":"product_tag-dominatrix","23":"product_tag-download","24":"product_tag-feed","25":"product_tag-female","26":"product_tag-fucking","27":"product_tag-full-hd","28":"product_tag-licking","29":"product_tag-manure","30":"product_tag-manure-channel","31":"product_tag-masturbate","32":"product_tag-mistress","33":"product_tag-mistress-marlena","34":"product_tag-naked","35":"product_tag-nude","36":"product_tag-pee","37":"product_tag-peeing","38":"product_tag-pretty-boy","39":"product_tag-pussy","40":"product_tag-season-6","41":"product_tag-sensual","42":"product_tag-sex-in-cowshit","43":"product_tag-slave","44":"product_tag-slurry","45":"product_tag-smearing","46":"product_tag-tits","47":"product_tag-tongue","48":"product_tag-ultra-hd","49":"product_tag-women","50":"pa_length-42-minutes","51":"pa_product-type-digital-download-full-hd-video","52":"pa_product-type-digital-download-ultra-hd-video","53":"pa_product-type-usb-stick","54":"pa_video-info-full-hd-1920x1080p","55":"pa_video-info-ultra-hd-4k","56":"desktop-align-center","57":"tablet-align-left","58":"mobile-align-left","60":"first","61":"instock","62":"shipping-taxable","63":"purchasable","64":"product-type-variable","65":"has-default-attributes"},"exclude_global_add_ons":[],"addons":[],"acf":[],"yoast_head":"<!-- This site is optimized with the Yoast SEO Premium plugin v27.1 (Yoast SEO v27.1.1) - https:\/\/yoast.com\/product\/yoast-seo-premium-wordpress\/ -->\n<title>Mistress Marlena Sex In Cowshit - ManureFetish<\/title>\n<meta name=\"description\" content=\"Mistress Marlena Sex In Cowshit, She and her Boy fuck in the creamy cowshit deep in the manure channel.\" \/>\n<meta name=\"robots\" content=\"index, follow, max-snippet:-1, max-image-preview:large, max-video-preview:-1\" \/>\n<link rel=\"canonical\" href=\"https:\/\/manurefetish.com\/pt-br\/shop\/videos\/mistress-marlena-sex-in-cowshit\/\" \/>\n<meta property=\"og:locale\" content=\"pt_BR\" \/>\n<meta property=\"og:type\" content=\"article\" \/>\n<meta property=\"og:title\" content=\"Mistress Marlena Sex In Cowshit\" \/>\n<meta property=\"og:description\" content=\"Mistress Marlena Sex In Cowshit, She and her Boy fuck in the creamy cowshit deep in the manure channel.\" \/>\n<meta property=\"og:url\" content=\"https:\/\/manurefetish.com\/pt-br\/shop\/videos\/mistress-marlena-sex-in-cowshit\/\" \/>\n<meta property=\"og:site_name\" content=\"ManureFetish\" \/>\n<meta property=\"article:publisher\" content=\"https:\/\/www.facebook.com\/manurefetish\/\" \/>\n<meta property=\"article:modified_time\" content=\"2026-04-06T13:51:11+00:00\" \/>\n<meta property=\"og:image\" content=\"https:\/\/manurefetish.com\/wp-content\/uploads\/2025\/10\/sex-in-cowshit.jpg\" \/>\n\t<meta property=\"og:image:width\" content=\"1728\" \/>\n\t<meta property=\"og:image:height\" content=\"576\" \/>\n\t<meta property=\"og:image:type\" content=\"image\/jpeg\" \/>\n<meta name=\"twitter:card\" content=\"summary_large_image\" \/>\n<meta name=\"twitter:site\" content=\"@Manurefetisch\" \/>\n<script type=\"application\/ld+json\" class=\"yoast-schema-graph\">{\"@context\":\"https:\/\/schema.org\",\"@graph\":[{\"@type\":\"WebPage\",\"@id\":\"https:\/\/manurefetish.com\/shop\/videos\/mistress-marlena-sex-in-cowshit\/\",\"url\":\"https:\/\/manurefetish.com\/shop\/videos\/mistress-marlena-sex-in-cowshit\/\",\"name\":\"Mistress Marlena Sex In Cowshit - ManureFetish\",\"isPartOf\":{\"@id\":\"https:\/\/manurefetish.com\/#website\"},\"primaryImageOfPage\":{\"@id\":\"https:\/\/manurefetish.com\/shop\/videos\/mistress-marlena-sex-in-cowshit\/#primaryimage\"},\"image\":{\"@id\":\"https:\/\/manurefetish.com\/shop\/videos\/mistress-marlena-sex-in-cowshit\/#primaryimage\"},\"thumbnailUrl\":\"https:\/\/manurefetish.b-cdn.net\/wp-content\/uploads\/2025\/10\/sex-in-cowshit.jpg\",\"datePublished\":\"2025-10-28T12:53:13+00:00\",\"dateModified\":\"2026-04-06T13:51:11+00:00\",\"description\":\"Mistress Marlena Sex In Cowshit, She and her Boy fuck in the creamy cowshit deep in the manure channel.\",\"breadcrumb\":{\"@id\":\"https:\/\/manurefetish.com\/shop\/videos\/mistress-marlena-sex-in-cowshit\/#breadcrumb\"},\"inLanguage\":\"pt-BR\",\"potentialAction\":[{\"@type\":\"ReadAction\",\"target\":[\"https:\/\/manurefetish.com\/shop\/videos\/mistress-marlena-sex-in-cowshit\/\"]}]},{\"@type\":\"ImageObject\",\"inLanguage\":\"pt-BR\",\"@id\":\"https:\/\/manurefetish.com\/shop\/videos\/mistress-marlena-sex-in-cowshit\/#primaryimage\",\"url\":\"https:\/\/manurefetish.b-cdn.net\/wp-content\/uploads\/2025\/10\/sex-in-cowshit.jpg\",\"contentUrl\":\"https:\/\/manurefetish.b-cdn.net\/wp-content\/uploads\/2025\/10\/sex-in-cowshit.jpg\",\"width\":1728,\"height\":576},{\"@type\":\"BreadcrumbList\",\"@id\":\"https:\/\/manurefetish.com\/shop\/videos\/mistress-marlena-sex-in-cowshit\/#breadcrumb\",\"itemListElement\":[{\"@type\":\"ListItem\",\"position\":1,\"name\":\"Home\",\"item\":\"https:\/\/manurefetish.com\/\"},{\"@type\":\"ListItem\",\"position\":2,\"name\":\"Shop\",\"item\":\"https:\/\/manurefetish.com\/shop\/\"},{\"@type\":\"ListItem\",\"position\":3,\"name\":\"Videos\",\"item\":\"https:\/\/manurefetish.com\/product-category\/videos\/\"},{\"@type\":\"ListItem\",\"position\":4,\"name\":\"Mistress Marlena Sex In Cowshit\"}]},{\"@type\":\"WebSite\",\"@id\":\"https:\/\/manurefetish.com\/#website\",\"url\":\"https:\/\/manurefetish.com\/\",\"name\":\"ManureFetish\",\"description\":\"ManureFetish Shop\",\"publisher\":{\"@id\":\"https:\/\/manurefetish.com\/#organization\"},\"potentialAction\":[{\"@type\":\"SearchAction\",\"target\":{\"@type\":\"EntryPoint\",\"urlTemplate\":\"https:\/\/manurefetish.com\/?s={search_term_string}\"},\"query-input\":{\"@type\":\"PropertyValueSpecification\",\"valueRequired\":true,\"valueName\":\"search_term_string\"}}],\"inLanguage\":\"pt-BR\"},{\"@type\":\"Organization\",\"@id\":\"https:\/\/manurefetish.com\/#organization\",\"name\":\"ManureFetish.com\",\"url\":\"https:\/\/manurefetish.com\/\",\"logo\":{\"@type\":\"ImageObject\",\"inLanguage\":\"pt-BR\",\"@id\":\"https:\/\/manurefetish.com\/#\/schema\/logo\/image\/\",\"url\":\"https:\/\/manurefetish.com\/wp-content\/uploads\/2019\/06\/1000xmanurefetishcom-michaela-logo-website-shop.png\",\"contentUrl\":\"https:\/\/manurefetish.com\/wp-content\/uploads\/2019\/06\/1000xmanurefetishcom-michaela-logo-website-shop.png\",\"width\":1000,\"height\":632,\"caption\":\"ManureFetish.com\"},\"image\":{\"@id\":\"https:\/\/manurefetish.com\/#\/schema\/logo\/image\/\"},\"sameAs\":[\"https:\/\/www.facebook.com\/manurefetish\/\",\"https:\/\/x.com\/Manurefetisch\",\"https:\/\/www.youtube.com\/c\/ManureFetish\"],\"description\":\"We're creating various fetish content with female and male models alike.\",\"foundingDate\":\"2019-07-04\",\"vatID\":\"DE366928521\",\"numberOfEmployees\":{\"@type\":\"QuantitativeValue\",\"minValue\":\"1\",\"maxValue\":\"10\"}}]}<\/script>\n<meta property=\"og:availability\" content=\"instock\" \/>\n<meta property=\"product:availability\" content=\"instock\" \/>\n<meta property=\"product:retailer_item_id\" content=\"MFW-MMSITC\" \/>\n<meta property=\"product:condition\" content=\"new\" \/>\n<!-- \/ Yoast SEO Premium plugin. -->","yoast_head_json":{"title":"Mistress Marlena Sex In Cowshit - ManureFetish","description":"Mistress Marlena Sex In Cowshit, She and her Boy fuck in the creamy cowshit deep in the manure channel.","robots":{"index":"index","follow":"follow","max-snippet":"max-snippet:-1","max-image-preview":"max-image-preview:large","max-video-preview":"max-video-preview:-1"},"canonical":"https:\/\/manurefetish.com\/pt-br\/shop\/videos\/mistress-marlena-sex-in-cowshit\/","og_locale":"pt_BR","og_type":"article","og_title":"Mistress Marlena Sex In Cowshit","og_description":"Mistress Marlena Sex In Cowshit, She and her Boy fuck in the creamy cowshit deep in the manure channel.","og_url":"https:\/\/manurefetish.com\/pt-br\/shop\/videos\/mistress-marlena-sex-in-cowshit\/","og_site_name":"ManureFetish","article_publisher":"https:\/\/www.facebook.com\/manurefetish\/","article_modified_time":"2026-04-06T13:51:11+00:00","og_image":[{"width":1728,"height":576,"url":"https:\/\/manurefetish.com\/wp-content\/uploads\/2025\/10\/sex-in-cowshit.jpg","type":"image\/jpeg"}],"twitter_card":"summary_large_image","twitter_site":"@Manurefetisch","schema":{"@context":"https:\/\/schema.org","@graph":[{"@type":"WebPage","@id":"https:\/\/manurefetish.com\/shop\/videos\/mistress-marlena-sex-in-cowshit\/","url":"https:\/\/manurefetish.com\/shop\/videos\/mistress-marlena-sex-in-cowshit\/","name":"Mistress Marlena Sex In Cowshit - ManureFetish","isPartOf":{"@id":"https:\/\/manurefetish.com\/#website"},"primaryImageOfPage":{"@id":"https:\/\/manurefetish.com\/shop\/videos\/mistress-marlena-sex-in-cowshit\/#primaryimage"},"image":{"@id":"https:\/\/manurefetish.com\/shop\/videos\/mistress-marlena-sex-in-cowshit\/#primaryimage"},"thumbnailUrl":"https:\/\/manurefetish.b-cdn.net\/wp-content\/uploads\/2025\/10\/sex-in-cowshit.jpg","datePublished":"2025-10-28T12:53:13+00:00","dateModified":"2026-04-06T13:51:11+00:00","description":"Mistress Marlena Sex In Cowshit, She and her Boy fuck in the creamy cowshit deep in the manure channel.","breadcrumb":{"@id":"https:\/\/manurefetish.com\/shop\/videos\/mistress-marlena-sex-in-cowshit\/#breadcrumb"},"inLanguage":"pt-BR","potentialAction":[{"@type":"ReadAction","target":["https:\/\/manurefetish.com\/shop\/videos\/mistress-marlena-sex-in-cowshit\/"]}]},{"@type":"ImageObject","inLanguage":"pt-BR","@id":"https:\/\/manurefetish.com\/shop\/videos\/mistress-marlena-sex-in-cowshit\/#primaryimage","url":"https:\/\/manurefetish.b-cdn.net\/wp-content\/uploads\/2025\/10\/sex-in-cowshit.jpg","contentUrl":"https:\/\/manurefetish.b-cdn.net\/wp-content\/uploads\/2025\/10\/sex-in-cowshit.jpg","width":1728,"height":576},{"@type":"BreadcrumbList","@id":"https:\/\/manurefetish.com\/shop\/videos\/mistress-marlena-sex-in-cowshit\/#breadcrumb","itemListElement":[{"@type":"ListItem","position":1,"name":"Home","item":"https:\/\/manurefetish.com\/"},{"@type":"ListItem","position":2,"name":"Shop","item":"https:\/\/manurefetish.com\/shop\/"},{"@type":"ListItem","position":3,"name":"Videos","item":"https:\/\/manurefetish.com\/product-category\/videos\/"},{"@type":"ListItem","position":4,"name":"Mistress Marlena Sex In Cowshit"}]},{"@type":"WebSite","@id":"https:\/\/manurefetish.com\/#website","url":"https:\/\/manurefetish.com\/","name":"ManureFetish","description":"Loja ManureFetish","publisher":{"@id":"https:\/\/manurefetish.com\/#organization"},"potentialAction":[{"@type":"SearchAction","target":{"@type":"EntryPoint","urlTemplate":"https:\/\/manurefetish.com\/?s={search_term_string}"},"query-input":{"@type":"PropertyValueSpecification","valueRequired":true,"valueName":"search_term_string"}}],"inLanguage":"pt-BR"},{"@type":"Organization","@id":"https:\/\/manurefetish.com\/#organization","name":"ManureFetish.com","url":"https:\/\/manurefetish.com\/","logo":{"@type":"ImageObject","inLanguage":"pt-BR","@id":"https:\/\/manurefetish.com\/#\/schema\/logo\/image\/","url":"https:\/\/manurefetish.com\/wp-content\/uploads\/2019\/06\/1000xmanurefetishcom-michaela-logo-website-shop.png","contentUrl":"https:\/\/manurefetish.com\/wp-content\/uploads\/2019\/06\/1000xmanurefetishcom-michaela-logo-website-shop.png","width":1000,"height":632,"caption":"ManureFetish.com"},"image":{"@id":"https:\/\/manurefetish.com\/#\/schema\/logo\/image\/"},"sameAs":["https:\/\/www.facebook.com\/manurefetish\/","https:\/\/x.com\/Manurefetisch","https:\/\/www.youtube.com\/c\/ManureFetish"],"description":"Estamos criando v\u00e1rios conte\u00fados fetichistas com modelos femininos e masculinos.","foundingDate":"2019-07-04","vatID":"DE366928521","numberOfEmployees":{"@type":"QuantitativeValue","minValue":"1","maxValue":"10"}}]},"og_availability":"instock","product_availability":"instock","product_retailer_item_id":"MFW-MMSITC","product_condition":"new"},"_links":{"self":[{"href":"https:\/\/manurefetish.com\/pt-br\/wp-json\/wp\/v2\/product\/188786","targetHints":{"allow":["GET"]}}],"collection":[{"href":"https:\/\/manurefetish.com\/pt-br\/wp-json\/wp\/v2\/product"}],"about":[{"href":"https:\/\/manurefetish.com\/pt-br\/wp-json\/wp\/v2\/types\/product"}],"replies":[{"embeddable":true,"href":"https:\/\/manurefetish.com\/pt-br\/wp-json\/wp\/v2\/comments?post=188786"}],"version-history":[{"count":0,"href":"https:\/\/manurefetish.com\/pt-br\/wp-json\/wp\/v2\/product\/188786\/revisions"}],"wp:featuredmedia":[{"embeddable":true,"href":"https:\/\/manurefetish.com\/pt-br\/wp-json\/wp\/v2\/media\/199392"}],"wp:attachment":[{"href":"https:\/\/manurefetish.com\/pt-br\/wp-json\/wp\/v2\/media?parent=188786"}],"wp:term":[{"taxonomy":"product_brand","embeddable":true,"href":"https:\/\/manurefetish.com\/pt-br\/wp-json\/wp\/v2\/product_brand?post=188786"},{"taxonomy":"product_cat","embeddable":true,"href":"https:\/\/manurefetish.com\/pt-br\/wp-json\/wp\/v2\/product_cat?post=188786"},{"taxonomy":"product_tag","embeddable":true,"href":"https:\/\/manurefetish.com\/pt-br\/wp-json\/wp\/v2\/product_tag?post=188786"}],"curies":[{"name":"wp","href":"https:\/\/api.w.org\/{rel}","templated":true}]}}