{"id":182291,"date":"2026-01-30T13:00:49","date_gmt":"2026-01-30T12:00:49","guid":{"rendered":"https:\/\/manurefetish.com\/?post_type=product&#038;p=182291"},"modified":"2026-03-31T22:56:33","modified_gmt":"2026-03-31T20:56:33","slug":"kyra-sex-enjoying-fresh-manure","status":"publish","type":"product","link":"https:\/\/manurefetish.com\/pt-br\/shop\/videos\/kyra-sex-enjoying-fresh-manure\/","title":{"rendered":"Kyra Sex Enjoying Fresh Manure"},"content":{"rendered":"<p><span style=\"font-weight: 400;\">Depois de sua primeira vez, ela realmente come\u00e7ou a gostar do cowshit, por isso n\u00e3o hesitou em voltar ao est\u00e1bulo para a segunda rodada. Kyra Sex n\u00e3o perde tempo, vai direto para o canal manure com sua roupa jeans extremamente sexy e mergulha os p\u00e9s no cremoso cowshit. Ela cobre os sapatos primeiro e depois seus lindos p\u00e9s nus antes de deslizar lentamente no cremoso cowshit. Ela adora estar completamente coberta pelo cremoso e fedorento cowshit. Depois de submergir um pouco e cobrir tamb\u00e9m os cabelos, ela come\u00e7a a pegar mais cowshit e passa nos seios, antes de tirar o suti\u00e3 jeans e revelar seus seios perfeitos. Depois de submergir mais uma vez, ela pega seu primeiro brinquedo e come\u00e7a a esticar e a foder seu cuzinho apertado. Ela o espalha o suficiente para enfiar o grande plug anal, enquanto dedilha sua buceta ao mesmo tempo. Ela n\u00e3o se cont\u00e9m e claramente se diverte com tudo isso. Agora, ela n\u00e3o est\u00e1 se segurando nem um pouco enquanto monta o grande vibrador e fode sua buceta e seu cuzinho.<\/span><\/p>","protected":false},"excerpt":{"rendered":"<p>After her first time she really began to like the cowshit, so she didn\u2019t hesitate to come back to the cowshed for round two. Kyra Sex doesn\u2019t waste any time, she walks right over to the manure channel in her extremely hot jeans outfit and dips her feet right into the creamy cowshit. She covers [&hellip;]<\/p>\n","protected":false},"featured_media":199376,"comment_status":"open","ping_status":"closed","template":"","meta":{"_acf_changed":false,"site-sidebar-layout":"default","site-content-layout":"","ast-site-content-layout":"default","site-content-style":"default","site-sidebar-style":"default","ast-global-header-display":"","ast-banner-title-visibility":"","ast-main-header-display":"","ast-hfb-above-header-display":"","ast-hfb-below-header-display":"","ast-hfb-mobile-header-display":"","site-post-title":"","ast-breadcrumbs-content":"","ast-featured-img":"","footer-sml-layout":"","ast-disable-related-posts":"","theme-transparent-header-meta":"default","adv-header-id-meta":"","stick-header-meta":"","header-above-stick-meta":"","header-main-stick-meta":"","header-below-stick-meta":"","astra-migrate-meta-layouts":"set","ast-page-background-enabled":"default","ast-page-background-meta":{"desktop":{"background-color":"var(--ast-global-color-4)","background-image":"","background-repeat":"repeat","background-position":"center center","background-size":"auto","background-attachment":"scroll","background-type":"","background-media":"","overlay-type":"","overlay-color":"","overlay-opacity":"","overlay-gradient":""},"tablet":{"background-color":"","background-image":"","background-repeat":"repeat","background-position":"center center","background-size":"auto","background-attachment":"scroll","background-type":"","background-media":"","overlay-type":"","overlay-color":"","overlay-opacity":"","overlay-gradient":""},"mobile":{"background-color":"","background-image":"","background-repeat":"repeat","background-position":"center center","background-size":"auto","background-attachment":"scroll","background-type":"","background-media":"","overlay-type":"","overlay-color":"","overlay-opacity":"","overlay-gradient":""}},"ast-content-background-meta":{"desktop":{"background-color":"var(--ast-global-color-5)","background-image":"","background-repeat":"repeat","background-position":"center center","background-size":"auto","background-attachment":"scroll","background-type":"","background-media":"","overlay-type":"","overlay-color":"","overlay-opacity":"","overlay-gradient":""},"tablet":{"background-color":"var(--ast-global-color-5)","background-image":"","background-repeat":"repeat","background-position":"center center","background-size":"auto","background-attachment":"scroll","background-type":"","background-media":"","overlay-type":"","overlay-color":"","overlay-opacity":"","overlay-gradient":""},"mobile":{"background-color":"var(--ast-global-color-5)","background-image":"","background-repeat":"repeat","background-position":"center center","background-size":"auto","background-attachment":"scroll","background-type":"","background-media":"","overlay-type":"","overlay-color":"","overlay-opacity":"","overlay-gradient":""}}},"product_brand":[],"product_cat":[4470],"product_tag":[4511,4641,4543,3668,4196,317,2626,318,66,19,4500,4497,118,3830,316,64,3030,2624,3523,3334,2419,4483,2582,4541,18,52,2285,2206,4484,35,4640,32,4588,2650,3079,24,2832,3355,358,29,2368,3233],"class_list":{"0":"post-182291","1":"product","2":"type-product","3":"status-publish","4":"has-post-thumbnail","6":"product_cat-videos","7":"product_tag-anal-fuck","8":"product_tag-anal-gape","9":"product_tag-anal-play","10":"product_tag-anal-plug","11":"product_tag-animal-scat","12":"product_tag-asshole","13":"product_tag-blonde","14":"product_tag-boobs","15":"product_tag-clothed","16":"product_tag-cow","17":"product_tag-cow-shit","18":"product_tag-cows","19":"product_tag-cowshed","20":"product_tag-cowshit","21":"product_tag-cunt","22":"product_tag-dildo","23":"product_tag-download","24":"product_tag-farm","25":"product_tag-fingering","26":"product_tag-fisting","27":"product_tag-full-hd","28":"product_tag-girl-in-cowshit","29":"product_tag-jeans","30":"product_tag-kyra-sex","31":"product_tag-manure","32":"product_tag-manure-channel","33":"product_tag-masturbate","34":"product_tag-masturbation","35":"product_tag-masturbation-in-cowshit","36":"product_tag-orgasm","37":"product_tag-prolapse","38":"product_tag-pussy","39":"product_tag-season-6","40":"product_tag-sensual","41":"product_tag-shorts","42":"product_tag-slurry","43":"product_tag-smearing","44":"product_tag-sneakers-2","45":"product_tag-stuffing","46":"product_tag-submerging","47":"product_tag-ultra-hd","48":"product_tag-waifu","49":"pa_length-53-minutes","50":"pa_product-type-digital-download-full-hd-video","51":"pa_product-type-digital-download-ultra-hd-video","52":"pa_product-type-usb-stick","53":"pa_video-info-full-hd-1920x1080p","54":"pa_video-info-ultra-hd-4k","55":"desktop-align-center","56":"tablet-align-left","57":"mobile-align-left","59":"first","60":"instock","61":"shipping-taxable","62":"purchasable","63":"product-type-variable"},"exclude_global_add_ons":[],"addons":[],"acf":[],"yoast_head":"<!-- This site is optimized with the Yoast SEO Premium plugin v27.1 (Yoast SEO v27.1.1) - https:\/\/yoast.com\/product\/yoast-seo-premium-wordpress\/ -->\n<title>Kyra Sex Enjoying Fresh Manure - ManureFetish<\/title>\n<meta name=\"description\" content=\"Kyra Sex Enjoying Fresh Manure, her second time fucking her asshole in cowshit. With a nice prolapse and dildo riding, our blond cowshit girl.\" \/>\n<meta name=\"robots\" content=\"index, follow, max-snippet:-1, max-image-preview:large, max-video-preview:-1\" \/>\n<link rel=\"canonical\" href=\"https:\/\/manurefetish.com\/pt-br\/shop\/videos\/kyra-sex-enjoying-fresh-manure\/\" \/>\n<meta property=\"og:locale\" content=\"pt_BR\" \/>\n<meta property=\"og:type\" content=\"article\" \/>\n<meta property=\"og:title\" content=\"Kyra Sex Enjoying Fresh Manure\" \/>\n<meta property=\"og:description\" content=\"Kyra Sex Enjoying Fresh Manure, her second time fucking her asshole in cowshit. With a nice prolapse and dildo riding, our blond cowshit girl.\" \/>\n<meta property=\"og:url\" content=\"https:\/\/manurefetish.com\/pt-br\/shop\/videos\/kyra-sex-enjoying-fresh-manure\/\" \/>\n<meta property=\"og:site_name\" content=\"ManureFetish\" \/>\n<meta property=\"article:publisher\" content=\"https:\/\/www.facebook.com\/manurefetish\/\" \/>\n<meta property=\"article:modified_time\" content=\"2026-03-31T20:56:33+00:00\" \/>\n<meta property=\"og:image\" content=\"https:\/\/manurefetish.com\/wp-content\/uploads\/2025\/07\/kyra-sex-enjoying-fresh-manure.jpg\" \/>\n\t<meta property=\"og:image:width\" content=\"1728\" \/>\n\t<meta property=\"og:image:height\" content=\"576\" \/>\n\t<meta property=\"og:image:type\" content=\"image\/jpeg\" \/>\n<meta name=\"twitter:card\" content=\"summary_large_image\" \/>\n<meta name=\"twitter:site\" content=\"@Manurefetisch\" \/>\n<script type=\"application\/ld+json\" class=\"yoast-schema-graph\">{\"@context\":\"https:\/\/schema.org\",\"@graph\":[{\"@type\":\"WebPage\",\"@id\":\"https:\/\/manurefetish.com\/shop\/videos\/kyra-sex-enjoying-fresh-manure\/\",\"url\":\"https:\/\/manurefetish.com\/shop\/videos\/kyra-sex-enjoying-fresh-manure\/\",\"name\":\"Kyra Sex Enjoying Fresh Manure - ManureFetish\",\"isPartOf\":{\"@id\":\"https:\/\/manurefetish.com\/#website\"},\"primaryImageOfPage\":{\"@id\":\"https:\/\/manurefetish.com\/shop\/videos\/kyra-sex-enjoying-fresh-manure\/#primaryimage\"},\"image\":{\"@id\":\"https:\/\/manurefetish.com\/shop\/videos\/kyra-sex-enjoying-fresh-manure\/#primaryimage\"},\"thumbnailUrl\":\"https:\/\/manurefetish.b-cdn.net\/wp-content\/uploads\/2025\/07\/kyra-sex-enjoying-fresh-manure.jpg\",\"datePublished\":\"2026-01-30T12:00:49+00:00\",\"dateModified\":\"2026-03-31T20:56:33+00:00\",\"description\":\"Kyra Sex Enjoying Fresh Manure, her second time fucking her asshole in cowshit. With a nice prolapse and dildo riding, our blond cowshit girl.\",\"breadcrumb\":{\"@id\":\"https:\/\/manurefetish.com\/shop\/videos\/kyra-sex-enjoying-fresh-manure\/#breadcrumb\"},\"inLanguage\":\"pt-BR\",\"potentialAction\":[{\"@type\":\"ReadAction\",\"target\":[\"https:\/\/manurefetish.com\/shop\/videos\/kyra-sex-enjoying-fresh-manure\/\"]}]},{\"@type\":\"ImageObject\",\"inLanguage\":\"pt-BR\",\"@id\":\"https:\/\/manurefetish.com\/shop\/videos\/kyra-sex-enjoying-fresh-manure\/#primaryimage\",\"url\":\"https:\/\/manurefetish.b-cdn.net\/wp-content\/uploads\/2025\/07\/kyra-sex-enjoying-fresh-manure.jpg\",\"contentUrl\":\"https:\/\/manurefetish.b-cdn.net\/wp-content\/uploads\/2025\/07\/kyra-sex-enjoying-fresh-manure.jpg\",\"width\":1728,\"height\":576},{\"@type\":\"BreadcrumbList\",\"@id\":\"https:\/\/manurefetish.com\/shop\/videos\/kyra-sex-enjoying-fresh-manure\/#breadcrumb\",\"itemListElement\":[{\"@type\":\"ListItem\",\"position\":1,\"name\":\"Home\",\"item\":\"https:\/\/manurefetish.com\/\"},{\"@type\":\"ListItem\",\"position\":2,\"name\":\"Shop\",\"item\":\"https:\/\/manurefetish.com\/shop\/\"},{\"@type\":\"ListItem\",\"position\":3,\"name\":\"Videos\",\"item\":\"https:\/\/manurefetish.com\/product-category\/videos\/\"},{\"@type\":\"ListItem\",\"position\":4,\"name\":\"Kyra Sex Enjoying Fresh Manure\"}]},{\"@type\":\"WebSite\",\"@id\":\"https:\/\/manurefetish.com\/#website\",\"url\":\"https:\/\/manurefetish.com\/\",\"name\":\"ManureFetish\",\"description\":\"ManureFetish Shop\",\"publisher\":{\"@id\":\"https:\/\/manurefetish.com\/#organization\"},\"potentialAction\":[{\"@type\":\"SearchAction\",\"target\":{\"@type\":\"EntryPoint\",\"urlTemplate\":\"https:\/\/manurefetish.com\/?s={search_term_string}\"},\"query-input\":{\"@type\":\"PropertyValueSpecification\",\"valueRequired\":true,\"valueName\":\"search_term_string\"}}],\"inLanguage\":\"pt-BR\"},{\"@type\":\"Organization\",\"@id\":\"https:\/\/manurefetish.com\/#organization\",\"name\":\"ManureFetish.com\",\"url\":\"https:\/\/manurefetish.com\/\",\"logo\":{\"@type\":\"ImageObject\",\"inLanguage\":\"pt-BR\",\"@id\":\"https:\/\/manurefetish.com\/#\/schema\/logo\/image\/\",\"url\":\"https:\/\/manurefetish.com\/wp-content\/uploads\/2019\/06\/1000xmanurefetishcom-michaela-logo-website-shop.png\",\"contentUrl\":\"https:\/\/manurefetish.com\/wp-content\/uploads\/2019\/06\/1000xmanurefetishcom-michaela-logo-website-shop.png\",\"width\":1000,\"height\":632,\"caption\":\"ManureFetish.com\"},\"image\":{\"@id\":\"https:\/\/manurefetish.com\/#\/schema\/logo\/image\/\"},\"sameAs\":[\"https:\/\/www.facebook.com\/manurefetish\/\",\"https:\/\/x.com\/Manurefetisch\",\"https:\/\/www.youtube.com\/c\/ManureFetish\"],\"description\":\"We're creating various fetish content with female and male models alike.\",\"foundingDate\":\"2019-07-04\",\"vatID\":\"DE366928521\",\"numberOfEmployees\":{\"@type\":\"QuantitativeValue\",\"minValue\":\"1\",\"maxValue\":\"10\"}}]}<\/script>\n<meta property=\"og:availability\" content=\"instock\" \/>\n<meta property=\"product:availability\" content=\"instock\" \/>\n<meta property=\"product:retailer_item_id\" content=\"MFW-KSEFM\" \/>\n<meta property=\"product:condition\" content=\"new\" \/>\n<!-- \/ Yoast SEO Premium plugin. -->","yoast_head_json":{"title":"Kyra Sex Enjoying Fresh Manure - ManureFetish","description":"Kyra Sex Enjoying Fresh Manure, her second time fucking her asshole in cowshit. With a nice prolapse and dildo riding, our blond cowshit girl.","robots":{"index":"index","follow":"follow","max-snippet":"max-snippet:-1","max-image-preview":"max-image-preview:large","max-video-preview":"max-video-preview:-1"},"canonical":"https:\/\/manurefetish.com\/pt-br\/shop\/videos\/kyra-sex-enjoying-fresh-manure\/","og_locale":"pt_BR","og_type":"article","og_title":"Kyra Sex Enjoying Fresh Manure","og_description":"Kyra Sex Enjoying Fresh Manure, her second time fucking her asshole in cowshit. With a nice prolapse and dildo riding, our blond cowshit girl.","og_url":"https:\/\/manurefetish.com\/pt-br\/shop\/videos\/kyra-sex-enjoying-fresh-manure\/","og_site_name":"ManureFetish","article_publisher":"https:\/\/www.facebook.com\/manurefetish\/","article_modified_time":"2026-03-31T20:56:33+00:00","og_image":[{"width":1728,"height":576,"url":"https:\/\/manurefetish.com\/wp-content\/uploads\/2025\/07\/kyra-sex-enjoying-fresh-manure.jpg","type":"image\/jpeg"}],"twitter_card":"summary_large_image","twitter_site":"@Manurefetisch","schema":{"@context":"https:\/\/schema.org","@graph":[{"@type":"WebPage","@id":"https:\/\/manurefetish.com\/shop\/videos\/kyra-sex-enjoying-fresh-manure\/","url":"https:\/\/manurefetish.com\/shop\/videos\/kyra-sex-enjoying-fresh-manure\/","name":"Kyra Sex Enjoying Fresh Manure - ManureFetish","isPartOf":{"@id":"https:\/\/manurefetish.com\/#website"},"primaryImageOfPage":{"@id":"https:\/\/manurefetish.com\/shop\/videos\/kyra-sex-enjoying-fresh-manure\/#primaryimage"},"image":{"@id":"https:\/\/manurefetish.com\/shop\/videos\/kyra-sex-enjoying-fresh-manure\/#primaryimage"},"thumbnailUrl":"https:\/\/manurefetish.b-cdn.net\/wp-content\/uploads\/2025\/07\/kyra-sex-enjoying-fresh-manure.jpg","datePublished":"2026-01-30T12:00:49+00:00","dateModified":"2026-03-31T20:56:33+00:00","description":"Kyra Sex Enjoying Fresh Manure, her second time fucking her asshole in cowshit. With a nice prolapse and dildo riding, our blond cowshit girl.","breadcrumb":{"@id":"https:\/\/manurefetish.com\/shop\/videos\/kyra-sex-enjoying-fresh-manure\/#breadcrumb"},"inLanguage":"pt-BR","potentialAction":[{"@type":"ReadAction","target":["https:\/\/manurefetish.com\/shop\/videos\/kyra-sex-enjoying-fresh-manure\/"]}]},{"@type":"ImageObject","inLanguage":"pt-BR","@id":"https:\/\/manurefetish.com\/shop\/videos\/kyra-sex-enjoying-fresh-manure\/#primaryimage","url":"https:\/\/manurefetish.b-cdn.net\/wp-content\/uploads\/2025\/07\/kyra-sex-enjoying-fresh-manure.jpg","contentUrl":"https:\/\/manurefetish.b-cdn.net\/wp-content\/uploads\/2025\/07\/kyra-sex-enjoying-fresh-manure.jpg","width":1728,"height":576},{"@type":"BreadcrumbList","@id":"https:\/\/manurefetish.com\/shop\/videos\/kyra-sex-enjoying-fresh-manure\/#breadcrumb","itemListElement":[{"@type":"ListItem","position":1,"name":"Home","item":"https:\/\/manurefetish.com\/"},{"@type":"ListItem","position":2,"name":"Shop","item":"https:\/\/manurefetish.com\/shop\/"},{"@type":"ListItem","position":3,"name":"Videos","item":"https:\/\/manurefetish.com\/product-category\/videos\/"},{"@type":"ListItem","position":4,"name":"Kyra Sex Enjoying Fresh Manure"}]},{"@type":"WebSite","@id":"https:\/\/manurefetish.com\/#website","url":"https:\/\/manurefetish.com\/","name":"ManureFetish","description":"Loja ManureFetish","publisher":{"@id":"https:\/\/manurefetish.com\/#organization"},"potentialAction":[{"@type":"SearchAction","target":{"@type":"EntryPoint","urlTemplate":"https:\/\/manurefetish.com\/?s={search_term_string}"},"query-input":{"@type":"PropertyValueSpecification","valueRequired":true,"valueName":"search_term_string"}}],"inLanguage":"pt-BR"},{"@type":"Organization","@id":"https:\/\/manurefetish.com\/#organization","name":"ManureFetish.com","url":"https:\/\/manurefetish.com\/","logo":{"@type":"ImageObject","inLanguage":"pt-BR","@id":"https:\/\/manurefetish.com\/#\/schema\/logo\/image\/","url":"https:\/\/manurefetish.com\/wp-content\/uploads\/2019\/06\/1000xmanurefetishcom-michaela-logo-website-shop.png","contentUrl":"https:\/\/manurefetish.com\/wp-content\/uploads\/2019\/06\/1000xmanurefetishcom-michaela-logo-website-shop.png","width":1000,"height":632,"caption":"ManureFetish.com"},"image":{"@id":"https:\/\/manurefetish.com\/#\/schema\/logo\/image\/"},"sameAs":["https:\/\/www.facebook.com\/manurefetish\/","https:\/\/x.com\/Manurefetisch","https:\/\/www.youtube.com\/c\/ManureFetish"],"description":"Estamos criando v\u00e1rios conte\u00fados fetichistas com modelos femininos e masculinos.","foundingDate":"2019-07-04","vatID":"DE366928521","numberOfEmployees":{"@type":"QuantitativeValue","minValue":"1","maxValue":"10"}}]},"og_availability":"instock","product_availability":"instock","product_retailer_item_id":"MFW-KSEFM","product_condition":"new"},"_links":{"self":[{"href":"https:\/\/manurefetish.com\/pt-br\/wp-json\/wp\/v2\/product\/182291","targetHints":{"allow":["GET"]}}],"collection":[{"href":"https:\/\/manurefetish.com\/pt-br\/wp-json\/wp\/v2\/product"}],"about":[{"href":"https:\/\/manurefetish.com\/pt-br\/wp-json\/wp\/v2\/types\/product"}],"replies":[{"embeddable":true,"href":"https:\/\/manurefetish.com\/pt-br\/wp-json\/wp\/v2\/comments?post=182291"}],"version-history":[{"count":0,"href":"https:\/\/manurefetish.com\/pt-br\/wp-json\/wp\/v2\/product\/182291\/revisions"}],"wp:featuredmedia":[{"embeddable":true,"href":"https:\/\/manurefetish.com\/pt-br\/wp-json\/wp\/v2\/media\/199376"}],"wp:attachment":[{"href":"https:\/\/manurefetish.com\/pt-br\/wp-json\/wp\/v2\/media?parent=182291"}],"wp:term":[{"taxonomy":"product_brand","embeddable":true,"href":"https:\/\/manurefetish.com\/pt-br\/wp-json\/wp\/v2\/product_brand?post=182291"},{"taxonomy":"product_cat","embeddable":true,"href":"https:\/\/manurefetish.com\/pt-br\/wp-json\/wp\/v2\/product_cat?post=182291"},{"taxonomy":"product_tag","embeddable":true,"href":"https:\/\/manurefetish.com\/pt-br\/wp-json\/wp\/v2\/product_tag?post=182291"}],"curies":[{"name":"wp","href":"https:\/\/api.w.org\/{rel}","templated":true}]}}