{"id":52426,"date":"2022-06-25T02:20:21","date_gmt":"2022-06-25T00:20:21","guid":{"rendered":"https:\/\/manurefetish.com\/?post_type=product&#038;p=52426"},"modified":"2026-03-24T17:09:37","modified_gmt":"2026-03-24T16:09:37","slug":"enjoying-my-cow-dung-shower","status":"publish","type":"product","link":"https:\/\/manurefetish.com\/it\/shop\/videos\/enjoying-my-cow-dung-shower\/","title":{"rendered":"Mi sto godendo la mia doccia di sterco di mucca"},"content":{"rendered":"<p><span style=\"font-weight: 400;\">Stavo girovagando finch\u00e9 non ho trovato quel bel lago di fango. La mia mente sporca ne \u00e8 stata immediatamente attratta, cos\u00ec ho preso alcuni dei miei giocattoli e sono tornata l\u00ec. Mi sono tuffato nel fango giallo-marrone con i piedi e sono rimasto un po' incastrato. Ho tirato fuori la gamba e ho strisciato nel fango per trovare un bel punto cremoso e profondo. Mi sono assicurata di prendere il mio giocattolo e il mio lubrificante perch\u00e9 ho trovato il punto perfetto. Inizio a ricoprirmi di fango. Mi spoglio un po' e rimango in bikini. Gioco con il fango e mi ricopro ancora di pi\u00f9, finch\u00e9 non sono cos\u00ec eccitata da non poter pi\u00f9 aspettare. Afferro il mio giocattolo e faccio scivolare le mutandine per scopare la mia figa bagnata. Non ci vuole molto per raggiungere un orgasmo selvaggio. Dopodich\u00e9 mi spoglio completamente e gioco ancora di pi\u00f9 nel fango.<\/span><\/p>\n<h2><\/h2>","protected":false},"excerpt":{"rendered":"<p>I was just wandering around till I found that nice lake of mud. My dirty mind was instantly drawn to it, so I grabbed some of my toys and got back there. I jump in the yellow brownish mud with my feet first and got a bit stuck there. I dug my leg out and [&hellip;]<\/p>\n","protected":false},"featured_media":198998,"comment_status":"open","ping_status":"closed","template":"","meta":{"_acf_changed":false,"site-sidebar-layout":"default","site-content-layout":"","ast-site-content-layout":"default","site-content-style":"default","site-sidebar-style":"default","ast-global-header-display":"","ast-banner-title-visibility":"","ast-main-header-display":"","ast-hfb-above-header-display":"","ast-hfb-below-header-display":"","ast-hfb-mobile-header-display":"","site-post-title":"","ast-breadcrumbs-content":"","ast-featured-img":"","footer-sml-layout":"","ast-disable-related-posts":"","theme-transparent-header-meta":"default","adv-header-id-meta":"","stick-header-meta":"","header-above-stick-meta":"","header-main-stick-meta":"","header-below-stick-meta":"","astra-migrate-meta-layouts":"set","ast-page-background-enabled":"default","ast-page-background-meta":{"desktop":{"background-color":"var(--ast-global-color-4)","background-image":"","background-repeat":"repeat","background-position":"center center","background-size":"auto","background-attachment":"scroll","background-type":"","background-media":"","overlay-type":"","overlay-color":"","overlay-opacity":"","overlay-gradient":""},"tablet":{"background-color":"","background-image":"","background-repeat":"repeat","background-position":"center center","background-size":"auto","background-attachment":"scroll","background-type":"","background-media":"","overlay-type":"","overlay-color":"","overlay-opacity":"","overlay-gradient":""},"mobile":{"background-color":"","background-image":"","background-repeat":"repeat","background-position":"center center","background-size":"auto","background-attachment":"scroll","background-type":"","background-media":"","overlay-type":"","overlay-color":"","overlay-opacity":"","overlay-gradient":""}},"ast-content-background-meta":{"desktop":{"background-color":"var(--ast-global-color-5)","background-image":"","background-repeat":"repeat","background-position":"center center","background-size":"auto","background-attachment":"scroll","background-type":"","background-media":"","overlay-type":"","overlay-color":"","overlay-opacity":"","overlay-gradient":""},"tablet":{"background-color":"var(--ast-global-color-5)","background-image":"","background-repeat":"repeat","background-position":"center center","background-size":"auto","background-attachment":"scroll","background-type":"","background-media":"","overlay-type":"","overlay-color":"","overlay-opacity":"","overlay-gradient":""},"mobile":{"background-color":"var(--ast-global-color-5)","background-image":"","background-repeat":"repeat","background-position":"center center","background-size":"auto","background-attachment":"scroll","background-type":"","background-media":"","overlay-type":"","overlay-color":"","overlay-opacity":"","overlay-gradient":""}}},"product_brand":[],"product_cat":[4470],"product_tag":[17,317,3455,2395,2555,318,19,2621,316,64,3030,54,2419,2841,18,3348,65,35,2871,32,3408,4482,23,53,24,2832,3286,319,2368,3233],"class_list":{"0":"post-52426","1":"product","2":"type-product","3":"status-publish","4":"has-post-thumbnail","6":"product_cat-videos","7":"product_tag-anal","8":"product_tag-asshole","9":"product_tag-bathrobe","10":"product_tag-bikini","11":"product_tag-blowjob","12":"product_tag-boobs","13":"product_tag-cow","14":"product_tag-cow-dung","15":"product_tag-cunt","16":"product_tag-dildo","17":"product_tag-download","18":"product_tag-full-covered","19":"product_tag-full-hd","20":"product_tag-lyndra-lynn","21":"product_tag-manure","22":"product_tag-manure-shower","23":"product_tag-naked","24":"product_tag-orgasm","25":"product_tag-pov","26":"product_tag-pussy","27":"product_tag-season-3","28":"product_tag-sex-in-cowshit","29":"product_tag-shed","30":"product_tag-shower","31":"product_tag-slurry","32":"product_tag-smearing","33":"product_tag-sticky","34":"product_tag-tits","35":"product_tag-ultra-hd","36":"product_tag-waifu","37":"pa_audio-info-stereo","38":"pa_format-mp4","39":"pa_length-30-minutes","40":"pa_product-type-digital-download-video","41":"pa_product-type-usb-stick","42":"pa_size-fhd-4-48-gb","43":"pa_size-uhd-6-87-gb","44":"pa_video-info-full-hd-1920x1080p","45":"pa_video-info-ultra-hd-4k","46":"desktop-align-center","47":"tablet-align-left","48":"mobile-align-left","50":"first","51":"instock","52":"shipping-taxable","53":"purchasable","54":"product-type-variable","55":"has-default-attributes"},"exclude_global_add_ons":[],"addons":[],"acf":[],"yoast_head":"<!-- This site is optimized with the Yoast SEO Premium plugin v27.1 (Yoast SEO v27.1.1) - https:\/\/yoast.com\/product\/yoast-seo-premium-wordpress\/ -->\n<title>Enjoying my cow dung shower - ManureFetish - with cowshit<\/title>\n<meta name=\"description\" content=\"Enjoying my cow dung shower, Lyndra Lynn gets covered completely in cowshit and masturbates with her dildo in the manure\" \/>\n<meta name=\"robots\" content=\"index, follow, max-snippet:-1, max-image-preview:large, max-video-preview:-1\" \/>\n<link rel=\"canonical\" href=\"https:\/\/manurefetish.com\/it\/shop\/videos\/enjoying-my-cow-dung-shower\/\" \/>\n<meta property=\"og:locale\" content=\"it_IT\" \/>\n<meta property=\"og:type\" content=\"article\" \/>\n<meta property=\"og:title\" content=\"Enjoying my cow dung shower\" \/>\n<meta property=\"og:description\" content=\"Enjoying my cow dung shower, Lyndra Lynn gets covered completely in cowshit and masturbates with her dildo in the manure\" \/>\n<meta property=\"og:url\" content=\"https:\/\/manurefetish.com\/it\/shop\/videos\/enjoying-my-cow-dung-shower\/\" \/>\n<meta property=\"og:site_name\" content=\"ManureFetish\" \/>\n<meta property=\"article:publisher\" content=\"https:\/\/www.facebook.com\/manurefetish\/\" \/>\n<meta property=\"article:modified_time\" content=\"2026-03-24T16:09:37+00:00\" \/>\n<meta property=\"og:image\" content=\"https:\/\/manurefetish.com\/wp-content\/uploads\/2022\/06\/enjoying-my-cow-dung-shower-20.jpg\" \/>\n\t<meta property=\"og:image:width\" content=\"1728\" \/>\n\t<meta property=\"og:image:height\" content=\"576\" \/>\n\t<meta property=\"og:image:type\" content=\"image\/jpeg\" \/>\n<meta name=\"twitter:card\" content=\"summary_large_image\" \/>\n<meta name=\"twitter:site\" content=\"@Manurefetisch\" \/>\n<script type=\"application\/ld+json\" class=\"yoast-schema-graph\">{\"@context\":\"https:\/\/schema.org\",\"@graph\":[{\"@type\":\"WebPage\",\"@id\":\"https:\/\/manurefetish.com\/shop\/videos\/enjoying-my-cow-dung-shower\/\",\"url\":\"https:\/\/manurefetish.com\/shop\/videos\/enjoying-my-cow-dung-shower\/\",\"name\":\"Enjoying my cow dung shower - ManureFetish - with cowshit\",\"isPartOf\":{\"@id\":\"https:\/\/manurefetish.com\/#website\"},\"primaryImageOfPage\":{\"@id\":\"https:\/\/manurefetish.com\/shop\/videos\/enjoying-my-cow-dung-shower\/#primaryimage\"},\"image\":{\"@id\":\"https:\/\/manurefetish.com\/shop\/videos\/enjoying-my-cow-dung-shower\/#primaryimage\"},\"thumbnailUrl\":\"https:\/\/manurefetish.b-cdn.net\/wp-content\/uploads\/2022\/06\/enjoying-my-cow-dung-shower-20.jpg\",\"datePublished\":\"2022-06-25T00:20:21+00:00\",\"dateModified\":\"2026-03-24T16:09:37+00:00\",\"description\":\"Enjoying my cow dung shower, Lyndra Lynn gets covered completely in cowshit and masturbates with her dildo in the manure\",\"breadcrumb\":{\"@id\":\"https:\/\/manurefetish.com\/shop\/videos\/enjoying-my-cow-dung-shower\/#breadcrumb\"},\"inLanguage\":\"it-IT\",\"potentialAction\":[{\"@type\":\"ReadAction\",\"target\":[\"https:\/\/manurefetish.com\/shop\/videos\/enjoying-my-cow-dung-shower\/\"]}]},{\"@type\":\"ImageObject\",\"inLanguage\":\"it-IT\",\"@id\":\"https:\/\/manurefetish.com\/shop\/videos\/enjoying-my-cow-dung-shower\/#primaryimage\",\"url\":\"https:\/\/manurefetish.b-cdn.net\/wp-content\/uploads\/2022\/06\/enjoying-my-cow-dung-shower-20.jpg\",\"contentUrl\":\"https:\/\/manurefetish.b-cdn.net\/wp-content\/uploads\/2022\/06\/enjoying-my-cow-dung-shower-20.jpg\",\"width\":1728,\"height\":576},{\"@type\":\"BreadcrumbList\",\"@id\":\"https:\/\/manurefetish.com\/shop\/videos\/enjoying-my-cow-dung-shower\/#breadcrumb\",\"itemListElement\":[{\"@type\":\"ListItem\",\"position\":1,\"name\":\"Home\",\"item\":\"https:\/\/manurefetish.com\/\"},{\"@type\":\"ListItem\",\"position\":2,\"name\":\"Shop\",\"item\":\"https:\/\/manurefetish.com\/shop\/\"},{\"@type\":\"ListItem\",\"position\":3,\"name\":\"Videos\",\"item\":\"https:\/\/manurefetish.com\/product-category\/videos\/\"},{\"@type\":\"ListItem\",\"position\":4,\"name\":\"Enjoying my cow dung shower\"}]},{\"@type\":\"WebSite\",\"@id\":\"https:\/\/manurefetish.com\/#website\",\"url\":\"https:\/\/manurefetish.com\/\",\"name\":\"ManureFetish\",\"description\":\"ManureFetish Shop\",\"publisher\":{\"@id\":\"https:\/\/manurefetish.com\/#organization\"},\"potentialAction\":[{\"@type\":\"SearchAction\",\"target\":{\"@type\":\"EntryPoint\",\"urlTemplate\":\"https:\/\/manurefetish.com\/?s={search_term_string}\"},\"query-input\":{\"@type\":\"PropertyValueSpecification\",\"valueRequired\":true,\"valueName\":\"search_term_string\"}}],\"inLanguage\":\"it-IT\"},{\"@type\":\"Organization\",\"@id\":\"https:\/\/manurefetish.com\/#organization\",\"name\":\"ManureFetish.com\",\"url\":\"https:\/\/manurefetish.com\/\",\"logo\":{\"@type\":\"ImageObject\",\"inLanguage\":\"it-IT\",\"@id\":\"https:\/\/manurefetish.com\/#\/schema\/logo\/image\/\",\"url\":\"https:\/\/manurefetish.com\/wp-content\/uploads\/2019\/06\/1000xmanurefetishcom-michaela-logo-website-shop.png\",\"contentUrl\":\"https:\/\/manurefetish.com\/wp-content\/uploads\/2019\/06\/1000xmanurefetishcom-michaela-logo-website-shop.png\",\"width\":1000,\"height\":632,\"caption\":\"ManureFetish.com\"},\"image\":{\"@id\":\"https:\/\/manurefetish.com\/#\/schema\/logo\/image\/\"},\"sameAs\":[\"https:\/\/www.facebook.com\/manurefetish\/\",\"https:\/\/x.com\/Manurefetisch\",\"https:\/\/www.youtube.com\/c\/ManureFetish\"],\"description\":\"We're creating various fetish content with female and male models alike.\",\"foundingDate\":\"2019-07-04\",\"vatID\":\"DE366928521\",\"numberOfEmployees\":{\"@type\":\"QuantitativeValue\",\"minValue\":\"1\",\"maxValue\":\"10\"}}]}<\/script>\n<meta property=\"og:availability\" content=\"instock\" \/>\n<meta property=\"product:availability\" content=\"instock\" \/>\n<meta property=\"product:retailer_item_id\" content=\"MFW-LYNN-EMCDS\" \/>\n<meta property=\"product:condition\" content=\"new\" \/>\n<!-- \/ Yoast SEO Premium plugin. -->","yoast_head_json":{"title":"Godere della mia doccia di sterco di mucca - ManureFetish - con la merda di mucca","description":"Godendo della mia doccia di sterco di mucca, Lyndra Lynn si ricopre completamente di sterco di mucca e si masturba con il suo dildo nel letame","robots":{"index":"index","follow":"follow","max-snippet":"max-snippet:-1","max-image-preview":"max-image-preview:large","max-video-preview":"max-video-preview:-1"},"canonical":"https:\/\/manurefetish.com\/it\/shop\/videos\/enjoying-my-cow-dung-shower\/","og_locale":"it_IT","og_type":"article","og_title":"Enjoying my cow dung shower","og_description":"Enjoying my cow dung shower, Lyndra Lynn gets covered completely in cowshit and masturbates with her dildo in the manure","og_url":"https:\/\/manurefetish.com\/it\/shop\/videos\/enjoying-my-cow-dung-shower\/","og_site_name":"ManureFetish","article_publisher":"https:\/\/www.facebook.com\/manurefetish\/","article_modified_time":"2026-03-24T16:09:37+00:00","og_image":[{"width":1728,"height":576,"url":"https:\/\/manurefetish.com\/wp-content\/uploads\/2022\/06\/enjoying-my-cow-dung-shower-20.jpg","type":"image\/jpeg"}],"twitter_card":"summary_large_image","twitter_site":"@Manurefetisch","schema":{"@context":"https:\/\/schema.org","@graph":[{"@type":"WebPage","@id":"https:\/\/manurefetish.com\/shop\/videos\/enjoying-my-cow-dung-shower\/","url":"https:\/\/manurefetish.com\/shop\/videos\/enjoying-my-cow-dung-shower\/","name":"Godere della mia doccia di sterco di mucca - ManureFetish - con la merda di mucca","isPartOf":{"@id":"https:\/\/manurefetish.com\/#website"},"primaryImageOfPage":{"@id":"https:\/\/manurefetish.com\/shop\/videos\/enjoying-my-cow-dung-shower\/#primaryimage"},"image":{"@id":"https:\/\/manurefetish.com\/shop\/videos\/enjoying-my-cow-dung-shower\/#primaryimage"},"thumbnailUrl":"https:\/\/manurefetish.b-cdn.net\/wp-content\/uploads\/2022\/06\/enjoying-my-cow-dung-shower-20.jpg","datePublished":"2022-06-25T00:20:21+00:00","dateModified":"2026-03-24T16:09:37+00:00","description":"Godendo della mia doccia di sterco di mucca, Lyndra Lynn si ricopre completamente di sterco di mucca e si masturba con il suo dildo nel letame","breadcrumb":{"@id":"https:\/\/manurefetish.com\/shop\/videos\/enjoying-my-cow-dung-shower\/#breadcrumb"},"inLanguage":"it-IT","potentialAction":[{"@type":"ReadAction","target":["https:\/\/manurefetish.com\/shop\/videos\/enjoying-my-cow-dung-shower\/"]}]},{"@type":"ImageObject","inLanguage":"it-IT","@id":"https:\/\/manurefetish.com\/shop\/videos\/enjoying-my-cow-dung-shower\/#primaryimage","url":"https:\/\/manurefetish.b-cdn.net\/wp-content\/uploads\/2022\/06\/enjoying-my-cow-dung-shower-20.jpg","contentUrl":"https:\/\/manurefetish.b-cdn.net\/wp-content\/uploads\/2022\/06\/enjoying-my-cow-dung-shower-20.jpg","width":1728,"height":576},{"@type":"BreadcrumbList","@id":"https:\/\/manurefetish.com\/shop\/videos\/enjoying-my-cow-dung-shower\/#breadcrumb","itemListElement":[{"@type":"ListItem","position":1,"name":"Home","item":"https:\/\/manurefetish.com\/"},{"@type":"ListItem","position":2,"name":"Shop","item":"https:\/\/manurefetish.com\/shop\/"},{"@type":"ListItem","position":3,"name":"Videos","item":"https:\/\/manurefetish.com\/product-category\/videos\/"},{"@type":"ListItem","position":4,"name":"Enjoying my cow dung shower"}]},{"@type":"WebSite","@id":"https:\/\/manurefetish.com\/#website","url":"https:\/\/manurefetish.com\/","name":"ManureFetish","description":"Negozio ManureFetish","publisher":{"@id":"https:\/\/manurefetish.com\/#organization"},"potentialAction":[{"@type":"SearchAction","target":{"@type":"EntryPoint","urlTemplate":"https:\/\/manurefetish.com\/?s={search_term_string}"},"query-input":{"@type":"PropertyValueSpecification","valueRequired":true,"valueName":"search_term_string"}}],"inLanguage":"it-IT"},{"@type":"Organization","@id":"https:\/\/manurefetish.com\/#organization","name":"ManureFetish.com","url":"https:\/\/manurefetish.com\/","logo":{"@type":"ImageObject","inLanguage":"it-IT","@id":"https:\/\/manurefetish.com\/#\/schema\/logo\/image\/","url":"https:\/\/manurefetish.com\/wp-content\/uploads\/2019\/06\/1000xmanurefetishcom-michaela-logo-website-shop.png","contentUrl":"https:\/\/manurefetish.com\/wp-content\/uploads\/2019\/06\/1000xmanurefetishcom-michaela-logo-website-shop.png","width":1000,"height":632,"caption":"ManureFetish.com"},"image":{"@id":"https:\/\/manurefetish.com\/#\/schema\/logo\/image\/"},"sameAs":["https:\/\/www.facebook.com\/manurefetish\/","https:\/\/x.com\/Manurefetisch","https:\/\/www.youtube.com\/c\/ManureFetish"],"description":"Stiamo creando vari contenuti fetish con modelli femminili e maschili.","foundingDate":"2019-07-04","vatID":"DE366928521","numberOfEmployees":{"@type":"QuantitativeValue","minValue":"1","maxValue":"10"}}]},"og_availability":"instock","product_availability":"instock","product_retailer_item_id":"MFW-LYNN-EMCDS","product_condition":"new"},"_links":{"self":[{"href":"https:\/\/manurefetish.com\/it\/wp-json\/wp\/v2\/product\/52426","targetHints":{"allow":["GET"]}}],"collection":[{"href":"https:\/\/manurefetish.com\/it\/wp-json\/wp\/v2\/product"}],"about":[{"href":"https:\/\/manurefetish.com\/it\/wp-json\/wp\/v2\/types\/product"}],"replies":[{"embeddable":true,"href":"https:\/\/manurefetish.com\/it\/wp-json\/wp\/v2\/comments?post=52426"}],"version-history":[{"count":0,"href":"https:\/\/manurefetish.com\/it\/wp-json\/wp\/v2\/product\/52426\/revisions"}],"wp:featuredmedia":[{"embeddable":true,"href":"https:\/\/manurefetish.com\/it\/wp-json\/wp\/v2\/media\/198998"}],"wp:attachment":[{"href":"https:\/\/manurefetish.com\/it\/wp-json\/wp\/v2\/media?parent=52426"}],"wp:term":[{"taxonomy":"product_brand","embeddable":true,"href":"https:\/\/manurefetish.com\/it\/wp-json\/wp\/v2\/product_brand?post=52426"},{"taxonomy":"product_cat","embeddable":true,"href":"https:\/\/manurefetish.com\/it\/wp-json\/wp\/v2\/product_cat?post=52426"},{"taxonomy":"product_tag","embeddable":true,"href":"https:\/\/manurefetish.com\/it\/wp-json\/wp\/v2\/product_tag?post=52426"}],"curies":[{"name":"wp","href":"https:\/\/api.w.org\/{rel}","templated":true}]}}