{"id":36557,"date":"2021-07-22T15:15:57","date_gmt":"2021-07-22T13:15:57","guid":{"rendered":"https:\/\/manurefetish.com\/?post_type=product&#038;p=36557"},"modified":"2026-03-24T17:15:54","modified_gmt":"2026-03-24T16:15:54","slug":"lyndra-lynn-first-time-with-my-slave-pig","status":"publish","type":"product","link":"https:\/\/manurefetish.com\/it\/shop\/videos\/lyndra-lynn-first-time-with-my-slave-pig\/","title":{"rendered":"Lyndra Lynn &#8211; First time with my pig"},"content":{"rendered":"<p><em>Era la prima volta che \"dominavo\" qualcuno. Ho messo il guinzaglio al mio schiavo e l'ho condotto nella mia cucina. Gli chiedo se \u00e8 stato un bravo ragazzo e ovviamente non lo \u00e8 stato. Gli dico di prendere un marshmallow e gli ammanetto le gambe e le gambe a una barra di divaricazione, poi gli lubrifico il buco del culo e lo allargo con un dildo. Dopo averlo allargato a sufficienza, gli infilo alcuni marshmallow nel culo e li spingo in profondit\u00e0 con il dildo. Dopodich\u00e9 \u00e8 pronto per essere scopato dalla macchina del cazzo. Lascio che la macchina gli stantuffi il culo finch\u00e9 non riesce pi\u00f9 a trattenerlo e spinge tutto fuori, che ovviamente spalmo su tutto il suo viso e il suo corpo. Dopo avergli permesso di avere orgasmi prostatici multipli, ho finito con il mio maiale e ho finito il mio lavoro, quindi inizio a mangiare la mia torta, che ovviamente cade sulla sua faccia.<\/em><\/p>\n<h3>Included in this purchase the FULL HD &amp; 4K ULTRA HD Version<\/h3>","protected":false},"excerpt":{"rendered":"<p>It was the first time for me \u201cdominating\u201d someone. I got my slave on a leash and lead him into my kitchen. I ask him if he was a good boy and of course he wasn\u2019t. So I tell him to grab marshmallow.I cuff his ands and legs to a spreading bar, then I lube [&hellip;]<\/p>\n","protected":false},"featured_media":198946,"comment_status":"open","ping_status":"closed","template":"","meta":{"_acf_changed":false,"site-sidebar-layout":"default","site-content-layout":"","ast-site-content-layout":"default","site-content-style":"default","site-sidebar-style":"default","ast-global-header-display":"","ast-banner-title-visibility":"","ast-main-header-display":"","ast-hfb-above-header-display":"","ast-hfb-below-header-display":"","ast-hfb-mobile-header-display":"","site-post-title":"","ast-breadcrumbs-content":"","ast-featured-img":"","footer-sml-layout":"","ast-disable-related-posts":"","theme-transparent-header-meta":"default","adv-header-id-meta":"","stick-header-meta":"","header-above-stick-meta":"","header-main-stick-meta":"","header-below-stick-meta":"","astra-migrate-meta-layouts":"set","ast-page-background-enabled":"default","ast-page-background-meta":{"desktop":{"background-color":"var(--ast-global-color-4)","background-image":"","background-repeat":"repeat","background-position":"center center","background-size":"auto","background-attachment":"scroll","background-type":"","background-media":"","overlay-type":"","overlay-color":"","overlay-opacity":"","overlay-gradient":""},"tablet":{"background-color":"","background-image":"","background-repeat":"repeat","background-position":"center center","background-size":"auto","background-attachment":"scroll","background-type":"","background-media":"","overlay-type":"","overlay-color":"","overlay-opacity":"","overlay-gradient":""},"mobile":{"background-color":"","background-image":"","background-repeat":"repeat","background-position":"center center","background-size":"auto","background-attachment":"scroll","background-type":"","background-media":"","overlay-type":"","overlay-color":"","overlay-opacity":"","overlay-gradient":""}},"ast-content-background-meta":{"desktop":{"background-color":"var(--ast-global-color-5)","background-image":"","background-repeat":"repeat","background-position":"center center","background-size":"auto","background-attachment":"scroll","background-type":"","background-media":"","overlay-type":"","overlay-color":"","overlay-opacity":"","overlay-gradient":""},"tablet":{"background-color":"var(--ast-global-color-5)","background-image":"","background-repeat":"repeat","background-position":"center center","background-size":"auto","background-attachment":"scroll","background-type":"","background-media":"","overlay-type":"","overlay-color":"","overlay-opacity":"","overlay-gradient":""},"mobile":{"background-color":"var(--ast-global-color-5)","background-image":"","background-repeat":"repeat","background-position":"center center","background-size":"auto","background-attachment":"scroll","background-type":"","background-media":"","overlay-type":"","overlay-color":"","overlay-opacity":"","overlay-gradient":""}}},"product_brand":[],"product_cat":[4470],"product_tag":[17,317,2551,2840,2900,2901,3030,2682,2419,2841,2897,2206,65,2844,2904,2872,2871,32,4646,34,2683,2832,2368,2896],"class_list":{"0":"post-36557","1":"product","2":"type-product","3":"status-publish","4":"has-post-thumbnail","6":"product_cat-videos","7":"product_tag-anal","8":"product_tag-asshole","9":"product_tag-couple","10":"product_tag-dirty","11":"product_tag-domina","12":"product_tag-dominatrix","13":"product_tag-download","14":"product_tag-fuckmachine","15":"product_tag-full-hd","16":"product_tag-lyndra-lynn","17":"product_tag-marshmallow","18":"product_tag-masturbation","19":"product_tag-naked","20":"product_tag-newcomer","21":"product_tag-pig","22":"product_tag-point-of-view","23":"product_tag-pov","24":"product_tag-pussy","25":"product_tag-season-2","26":"product_tag-sex","27":"product_tag-sexmachine","28":"product_tag-smearing","29":"product_tag-ultra-hd","30":"product_tag-vinyl","31":"pa_audio-info-stereo","32":"pa_format-mp4","33":"pa_length-28-minutes","34":"pa_product-type-digital-download-video","35":"pa_product-type-usb-stick","36":"pa_size-28-gb","37":"pa_size-6-9-gb","38":"pa_video-info-full-hd-1920x1080p","39":"pa_video-info-ultra-hd-4k","40":"desktop-align-center","41":"tablet-align-left","42":"mobile-align-left","44":"first","45":"instock","46":"shipping-taxable","47":"purchasable","48":"product-type-variable","49":"has-default-attributes"},"exclude_global_add_ons":[],"addons":[],"acf":[],"yoast_head":"<!-- This site is optimized with the Yoast SEO Premium plugin v27.1 (Yoast SEO v27.1.1) - https:\/\/yoast.com\/product\/yoast-seo-premium-wordpress\/ -->\n<title>Lyndra Lynn - First time with my pig - ManureFetish - Fuckmachine<\/title>\n<meta name=\"description\" content=\"Lyndra Lynn - First time with my slave pig. I always wanted to be more dominant. Now I had the chance to try it out.\" \/>\n<meta name=\"robots\" content=\"index, follow, max-snippet:-1, max-image-preview:large, max-video-preview:-1\" \/>\n<link rel=\"canonical\" href=\"https:\/\/manurefetish.com\/it\/shop\/videos\/lyndra-lynn-first-time-with-my-slave-pig\/\" \/>\n<meta property=\"og:locale\" content=\"it_IT\" \/>\n<meta property=\"og:type\" content=\"article\" \/>\n<meta property=\"og:title\" content=\"Lyndra Lynn - First time with my pig\" \/>\n<meta property=\"og:description\" content=\"Lyndra Lynn - First time with my slave pig. I always wanted to be more dominant. Now I had the chance to try it out.\" \/>\n<meta property=\"og:url\" content=\"https:\/\/manurefetish.com\/it\/shop\/videos\/lyndra-lynn-first-time-with-my-slave-pig\/\" \/>\n<meta property=\"og:site_name\" content=\"ManureFetish\" \/>\n<meta property=\"article:publisher\" content=\"https:\/\/www.facebook.com\/manurefetish\/\" \/>\n<meta property=\"article:modified_time\" content=\"2026-03-24T16:15:54+00:00\" \/>\n<meta property=\"og:image\" content=\"https:\/\/manurefetish.com\/wp-content\/uploads\/2021\/07\/Lyndra-Lynn-First-time-with-My-Pig.jpg\" \/>\n\t<meta property=\"og:image:width\" content=\"1728\" \/>\n\t<meta property=\"og:image:height\" content=\"576\" \/>\n\t<meta property=\"og:image:type\" content=\"image\/jpeg\" \/>\n<meta name=\"twitter:card\" content=\"summary_large_image\" \/>\n<meta name=\"twitter:site\" content=\"@Manurefetisch\" \/>\n<script type=\"application\/ld+json\" class=\"yoast-schema-graph\">{\"@context\":\"https:\/\/schema.org\",\"@graph\":[{\"@type\":\"WebPage\",\"@id\":\"https:\/\/manurefetish.com\/shop\/videos\/lyndra-lynn-first-time-with-my-slave-pig\/\",\"url\":\"https:\/\/manurefetish.com\/shop\/videos\/lyndra-lynn-first-time-with-my-slave-pig\/\",\"name\":\"Lyndra Lynn - First time with my pig - ManureFetish - Fuckmachine\",\"isPartOf\":{\"@id\":\"https:\/\/manurefetish.com\/#website\"},\"primaryImageOfPage\":{\"@id\":\"https:\/\/manurefetish.com\/shop\/videos\/lyndra-lynn-first-time-with-my-slave-pig\/#primaryimage\"},\"image\":{\"@id\":\"https:\/\/manurefetish.com\/shop\/videos\/lyndra-lynn-first-time-with-my-slave-pig\/#primaryimage\"},\"thumbnailUrl\":\"https:\/\/manurefetish.b-cdn.net\/wp-content\/uploads\/2021\/07\/Lyndra-Lynn-First-time-with-My-Pig.jpg\",\"datePublished\":\"2021-07-22T13:15:57+00:00\",\"dateModified\":\"2026-03-24T16:15:54+00:00\",\"description\":\"Lyndra Lynn - First time with my slave pig. I always wanted to be more dominant. Now I had the chance to try it out.\",\"breadcrumb\":{\"@id\":\"https:\/\/manurefetish.com\/shop\/videos\/lyndra-lynn-first-time-with-my-slave-pig\/#breadcrumb\"},\"inLanguage\":\"it-IT\",\"potentialAction\":[{\"@type\":\"ReadAction\",\"target\":[\"https:\/\/manurefetish.com\/shop\/videos\/lyndra-lynn-first-time-with-my-slave-pig\/\"]}]},{\"@type\":\"ImageObject\",\"inLanguage\":\"it-IT\",\"@id\":\"https:\/\/manurefetish.com\/shop\/videos\/lyndra-lynn-first-time-with-my-slave-pig\/#primaryimage\",\"url\":\"https:\/\/manurefetish.b-cdn.net\/wp-content\/uploads\/2021\/07\/Lyndra-Lynn-First-time-with-My-Pig.jpg\",\"contentUrl\":\"https:\/\/manurefetish.b-cdn.net\/wp-content\/uploads\/2021\/07\/Lyndra-Lynn-First-time-with-My-Pig.jpg\",\"width\":1728,\"height\":576},{\"@type\":\"BreadcrumbList\",\"@id\":\"https:\/\/manurefetish.com\/shop\/videos\/lyndra-lynn-first-time-with-my-slave-pig\/#breadcrumb\",\"itemListElement\":[{\"@type\":\"ListItem\",\"position\":1,\"name\":\"Home\",\"item\":\"https:\/\/manurefetish.com\/\"},{\"@type\":\"ListItem\",\"position\":2,\"name\":\"Shop\",\"item\":\"https:\/\/manurefetish.com\/shop\/\"},{\"@type\":\"ListItem\",\"position\":3,\"name\":\"Videos\",\"item\":\"https:\/\/manurefetish.com\/product-category\/videos\/\"},{\"@type\":\"ListItem\",\"position\":4,\"name\":\"Lyndra Lynn &#8211; First time with my pig\"}]},{\"@type\":\"WebSite\",\"@id\":\"https:\/\/manurefetish.com\/#website\",\"url\":\"https:\/\/manurefetish.com\/\",\"name\":\"ManureFetish\",\"description\":\"ManureFetish Shop\",\"publisher\":{\"@id\":\"https:\/\/manurefetish.com\/#organization\"},\"potentialAction\":[{\"@type\":\"SearchAction\",\"target\":{\"@type\":\"EntryPoint\",\"urlTemplate\":\"https:\/\/manurefetish.com\/?s={search_term_string}\"},\"query-input\":{\"@type\":\"PropertyValueSpecification\",\"valueRequired\":true,\"valueName\":\"search_term_string\"}}],\"inLanguage\":\"it-IT\"},{\"@type\":\"Organization\",\"@id\":\"https:\/\/manurefetish.com\/#organization\",\"name\":\"ManureFetish.com\",\"url\":\"https:\/\/manurefetish.com\/\",\"logo\":{\"@type\":\"ImageObject\",\"inLanguage\":\"it-IT\",\"@id\":\"https:\/\/manurefetish.com\/#\/schema\/logo\/image\/\",\"url\":\"https:\/\/manurefetish.com\/wp-content\/uploads\/2019\/06\/1000xmanurefetishcom-michaela-logo-website-shop.png\",\"contentUrl\":\"https:\/\/manurefetish.com\/wp-content\/uploads\/2019\/06\/1000xmanurefetishcom-michaela-logo-website-shop.png\",\"width\":1000,\"height\":632,\"caption\":\"ManureFetish.com\"},\"image\":{\"@id\":\"https:\/\/manurefetish.com\/#\/schema\/logo\/image\/\"},\"sameAs\":[\"https:\/\/www.facebook.com\/manurefetish\/\",\"https:\/\/x.com\/Manurefetisch\",\"https:\/\/www.youtube.com\/c\/ManureFetish\"],\"description\":\"We're creating various fetish content with female and male models alike.\",\"foundingDate\":\"2019-07-04\",\"vatID\":\"DE366928521\",\"numberOfEmployees\":{\"@type\":\"QuantitativeValue\",\"minValue\":\"1\",\"maxValue\":\"10\"}}]}<\/script>\n<meta property=\"og:availability\" content=\"instock\" \/>\n<meta property=\"product:availability\" content=\"instock\" \/>\n<meta property=\"product:retailer_item_id\" content=\"LYN-FTSP\" \/>\n<meta property=\"product:condition\" content=\"new\" \/>\n<!-- \/ Yoast SEO Premium plugin. -->","yoast_head_json":{"title":"Lyndra Lynn - La prima volta con il mio maiale - ManureFetish - Fuckmachine","description":"Lyndra Lynn - Prima volta con il mio maiale schiavo. Ho sempre voluto essere pi\u00f9 dominante. Ora ho avuto la possibilit\u00e0 di provarlo.","robots":{"index":"index","follow":"follow","max-snippet":"max-snippet:-1","max-image-preview":"max-image-preview:large","max-video-preview":"max-video-preview:-1"},"canonical":"https:\/\/manurefetish.com\/it\/shop\/videos\/lyndra-lynn-first-time-with-my-slave-pig\/","og_locale":"it_IT","og_type":"article","og_title":"Lyndra Lynn - First time with my pig","og_description":"Lyndra Lynn - First time with my slave pig. I always wanted to be more dominant. Now I had the chance to try it out.","og_url":"https:\/\/manurefetish.com\/it\/shop\/videos\/lyndra-lynn-first-time-with-my-slave-pig\/","og_site_name":"ManureFetish","article_publisher":"https:\/\/www.facebook.com\/manurefetish\/","article_modified_time":"2026-03-24T16:15:54+00:00","og_image":[{"width":1728,"height":576,"url":"https:\/\/manurefetish.com\/wp-content\/uploads\/2021\/07\/Lyndra-Lynn-First-time-with-My-Pig.jpg","type":"image\/jpeg"}],"twitter_card":"summary_large_image","twitter_site":"@Manurefetisch","schema":{"@context":"https:\/\/schema.org","@graph":[{"@type":"WebPage","@id":"https:\/\/manurefetish.com\/shop\/videos\/lyndra-lynn-first-time-with-my-slave-pig\/","url":"https:\/\/manurefetish.com\/shop\/videos\/lyndra-lynn-first-time-with-my-slave-pig\/","name":"Lyndra Lynn - La prima volta con il mio maiale - ManureFetish - Fuckmachine","isPartOf":{"@id":"https:\/\/manurefetish.com\/#website"},"primaryImageOfPage":{"@id":"https:\/\/manurefetish.com\/shop\/videos\/lyndra-lynn-first-time-with-my-slave-pig\/#primaryimage"},"image":{"@id":"https:\/\/manurefetish.com\/shop\/videos\/lyndra-lynn-first-time-with-my-slave-pig\/#primaryimage"},"thumbnailUrl":"https:\/\/manurefetish.b-cdn.net\/wp-content\/uploads\/2021\/07\/Lyndra-Lynn-First-time-with-My-Pig.jpg","datePublished":"2021-07-22T13:15:57+00:00","dateModified":"2026-03-24T16:15:54+00:00","description":"Lyndra Lynn - Prima volta con il mio maiale schiavo. Ho sempre voluto essere pi\u00f9 dominante. Ora ho avuto la possibilit\u00e0 di provarlo.","breadcrumb":{"@id":"https:\/\/manurefetish.com\/shop\/videos\/lyndra-lynn-first-time-with-my-slave-pig\/#breadcrumb"},"inLanguage":"it-IT","potentialAction":[{"@type":"ReadAction","target":["https:\/\/manurefetish.com\/shop\/videos\/lyndra-lynn-first-time-with-my-slave-pig\/"]}]},{"@type":"ImageObject","inLanguage":"it-IT","@id":"https:\/\/manurefetish.com\/shop\/videos\/lyndra-lynn-first-time-with-my-slave-pig\/#primaryimage","url":"https:\/\/manurefetish.b-cdn.net\/wp-content\/uploads\/2021\/07\/Lyndra-Lynn-First-time-with-My-Pig.jpg","contentUrl":"https:\/\/manurefetish.b-cdn.net\/wp-content\/uploads\/2021\/07\/Lyndra-Lynn-First-time-with-My-Pig.jpg","width":1728,"height":576},{"@type":"BreadcrumbList","@id":"https:\/\/manurefetish.com\/shop\/videos\/lyndra-lynn-first-time-with-my-slave-pig\/#breadcrumb","itemListElement":[{"@type":"ListItem","position":1,"name":"Home","item":"https:\/\/manurefetish.com\/"},{"@type":"ListItem","position":2,"name":"Shop","item":"https:\/\/manurefetish.com\/shop\/"},{"@type":"ListItem","position":3,"name":"Videos","item":"https:\/\/manurefetish.com\/product-category\/videos\/"},{"@type":"ListItem","position":4,"name":"Lyndra Lynn &#8211; First time with my pig"}]},{"@type":"WebSite","@id":"https:\/\/manurefetish.com\/#website","url":"https:\/\/manurefetish.com\/","name":"ManureFetish","description":"Negozio ManureFetish","publisher":{"@id":"https:\/\/manurefetish.com\/#organization"},"potentialAction":[{"@type":"SearchAction","target":{"@type":"EntryPoint","urlTemplate":"https:\/\/manurefetish.com\/?s={search_term_string}"},"query-input":{"@type":"PropertyValueSpecification","valueRequired":true,"valueName":"search_term_string"}}],"inLanguage":"it-IT"},{"@type":"Organization","@id":"https:\/\/manurefetish.com\/#organization","name":"ManureFetish.com","url":"https:\/\/manurefetish.com\/","logo":{"@type":"ImageObject","inLanguage":"it-IT","@id":"https:\/\/manurefetish.com\/#\/schema\/logo\/image\/","url":"https:\/\/manurefetish.com\/wp-content\/uploads\/2019\/06\/1000xmanurefetishcom-michaela-logo-website-shop.png","contentUrl":"https:\/\/manurefetish.com\/wp-content\/uploads\/2019\/06\/1000xmanurefetishcom-michaela-logo-website-shop.png","width":1000,"height":632,"caption":"ManureFetish.com"},"image":{"@id":"https:\/\/manurefetish.com\/#\/schema\/logo\/image\/"},"sameAs":["https:\/\/www.facebook.com\/manurefetish\/","https:\/\/x.com\/Manurefetisch","https:\/\/www.youtube.com\/c\/ManureFetish"],"description":"Stiamo creando vari contenuti fetish con modelli femminili e maschili.","foundingDate":"2019-07-04","vatID":"DE366928521","numberOfEmployees":{"@type":"QuantitativeValue","minValue":"1","maxValue":"10"}}]},"og_availability":"instock","product_availability":"instock","product_retailer_item_id":"LYN-FTSP","product_condition":"new"},"_links":{"self":[{"href":"https:\/\/manurefetish.com\/it\/wp-json\/wp\/v2\/product\/36557","targetHints":{"allow":["GET"]}}],"collection":[{"href":"https:\/\/manurefetish.com\/it\/wp-json\/wp\/v2\/product"}],"about":[{"href":"https:\/\/manurefetish.com\/it\/wp-json\/wp\/v2\/types\/product"}],"replies":[{"embeddable":true,"href":"https:\/\/manurefetish.com\/it\/wp-json\/wp\/v2\/comments?post=36557"}],"version-history":[{"count":0,"href":"https:\/\/manurefetish.com\/it\/wp-json\/wp\/v2\/product\/36557\/revisions"}],"wp:featuredmedia":[{"embeddable":true,"href":"https:\/\/manurefetish.com\/it\/wp-json\/wp\/v2\/media\/198946"}],"wp:attachment":[{"href":"https:\/\/manurefetish.com\/it\/wp-json\/wp\/v2\/media?parent=36557"}],"wp:term":[{"taxonomy":"product_brand","embeddable":true,"href":"https:\/\/manurefetish.com\/it\/wp-json\/wp\/v2\/product_brand?post=36557"},{"taxonomy":"product_cat","embeddable":true,"href":"https:\/\/manurefetish.com\/it\/wp-json\/wp\/v2\/product_cat?post=36557"},{"taxonomy":"product_tag","embeddable":true,"href":"https:\/\/manurefetish.com\/it\/wp-json\/wp\/v2\/product_tag?post=36557"}],"curies":[{"name":"wp","href":"https:\/\/api.w.org\/{rel}","templated":true}]}}