{"id":188822,"date":"2026-01-12T13:00:30","date_gmt":"2026-01-12T12:00:30","guid":{"rendered":"https:\/\/manurefetish.com\/?post_type=product&#038;p=188822"},"modified":"2026-03-24T15:11:48","modified_gmt":"2026-03-24T14:11:48","slug":"brooke-maddison-sneaky-fun-in-the-cowshed","status":"publish","type":"product","link":"https:\/\/manurefetish.com\/it\/shop\/videos\/brooke-maddison-sneaky-fun-in-the-cowshed\/","title":{"rendered":"Brooke Maddison Divertimento furtivo nella stalla"},"content":{"rendered":"<p><span style=\"font-weight: 400;\">Sempre con in mente la stalla e la cremosa cacca di vacca nel canale del letame, Brooke Maddison decide di intrufolarsi nella stalla per divertirsi un po' di nuovo. Appena entra, si guarda intorno per assicurarsi che non ci sia nessuno. Poi si siede sul bordo del canale del letame, prende un po' di sterco di vacca e lo spalma sulle mutandine, strofinandosi la figa e godendosi la sensazione. Poi tira fuori il suo giocattolo e inizia a succhiarlo sensualmente, prima di infilarsi nel canale del letame. Nel canale del letame si immerge completamente e si gode la sensazione della cacca di vacca intorno alle gambe, poi Brooke prende un po' di cacca di vacca e la spalma sul suo culo perfetto. Ora \u00e8 pronta, si immerge lentamente sempre pi\u00f9 in profondit\u00e0 fino a quando solo la sua testa spunta fuori dalla cacca di vacca. Ora che \u00e8 completamente ricoperta di cacca di vacca, \u00e8 pronta a masturbarsi e a dare il massimo.<\/span><\/p>","protected":false},"excerpt":{"rendered":"<p>Always thinking about the cowshed and the creamy cowshit in the manure channel, Brooke Maddison decides to sneak in the cowshed to have some dirty fun again. As she walks in she looks around just to be sure nobody is there. Then she sits on the edge of the manure channel, grabbing the first bit [&hellip;]<\/p>\n","protected":false},"featured_media":199461,"comment_status":"open","ping_status":"closed","template":"","meta":{"_acf_changed":false,"site-sidebar-layout":"default","site-content-layout":"","ast-site-content-layout":"default","site-content-style":"default","site-sidebar-style":"default","ast-global-header-display":"","ast-banner-title-visibility":"","ast-main-header-display":"","ast-hfb-above-header-display":"","ast-hfb-below-header-display":"","ast-hfb-mobile-header-display":"","site-post-title":"","ast-breadcrumbs-content":"","ast-featured-img":"","footer-sml-layout":"","ast-disable-related-posts":"","theme-transparent-header-meta":"default","adv-header-id-meta":"","stick-header-meta":"","header-above-stick-meta":"","header-main-stick-meta":"","header-below-stick-meta":"","astra-migrate-meta-layouts":"set","ast-page-background-enabled":"default","ast-page-background-meta":{"desktop":{"background-color":"var(--ast-global-color-4)","background-image":"","background-repeat":"repeat","background-position":"center center","background-size":"auto","background-attachment":"scroll","background-type":"","background-media":"","overlay-type":"","overlay-color":"","overlay-opacity":"","overlay-gradient":""},"tablet":{"background-color":"","background-image":"","background-repeat":"repeat","background-position":"center center","background-size":"auto","background-attachment":"scroll","background-type":"","background-media":"","overlay-type":"","overlay-color":"","overlay-opacity":"","overlay-gradient":""},"mobile":{"background-color":"","background-image":"","background-repeat":"repeat","background-position":"center center","background-size":"auto","background-attachment":"scroll","background-type":"","background-media":"","overlay-type":"","overlay-color":"","overlay-opacity":"","overlay-gradient":""}},"ast-content-background-meta":{"desktop":{"background-color":"var(--ast-global-color-5)","background-image":"","background-repeat":"repeat","background-position":"center center","background-size":"auto","background-attachment":"scroll","background-type":"","background-media":"","overlay-type":"","overlay-color":"","overlay-opacity":"","overlay-gradient":""},"tablet":{"background-color":"var(--ast-global-color-5)","background-image":"","background-repeat":"repeat","background-position":"center center","background-size":"auto","background-attachment":"scroll","background-type":"","background-media":"","overlay-type":"","overlay-color":"","overlay-opacity":"","overlay-gradient":""},"mobile":{"background-color":"var(--ast-global-color-5)","background-image":"","background-repeat":"repeat","background-position":"center center","background-size":"auto","background-attachment":"scroll","background-type":"","background-media":"","overlay-type":"","overlay-color":"","overlay-opacity":"","overlay-gradient":""}}},"product_brand":[],"product_cat":[4470],"product_tag":[317,318,2675,2632,3952,66,2508,2631,2281,2621,118,316,64,3030,2513,56,320,54,2419,4483,3510,18,52,65,4569,35,2637,32,4588,3778,3562,2832,29,319,2368,2676],"class_list":{"0":"post-188822","1":"product","2":"type-product","3":"status-publish","4":"has-post-thumbnail","6":"product_cat-videos","7":"product_tag-asshole","8":"product_tag-boobs","9":"product_tag-boots","10":"product_tag-bra","11":"product_tag-brooke-maddison","12":"product_tag-clothed","13":"product_tag-clothes","14":"product_tag-completely-covered","15":"product_tag-completely-submerged","16":"product_tag-cow-dung","17":"product_tag-cowshed","18":"product_tag-cunt","19":"product_tag-dildo","20":"product_tag-download","21":"product_tag-dress","22":"product_tag-erotic","23":"product_tag-feet","24":"product_tag-full-covered","25":"product_tag-full-hd","26":"product_tag-girl-in-cowshit","27":"product_tag-high-heels","28":"product_tag-manure","29":"product_tag-manure-channel","30":"product_tag-naked","31":"product_tag-nude","32":"product_tag-orgasm","33":"product_tag-panty","34":"product_tag-pussy","35":"product_tag-season-6","36":"product_tag-sextoys-2","37":"product_tag-sexy","38":"product_tag-smearing","39":"product_tag-submerging","40":"product_tag-tits","41":"product_tag-ultra-hd","42":"product_tag-underwear","43":"pa_length-42-minutes","44":"pa_product-type-digital-download-full-hd-video","45":"pa_product-type-digital-download-ultra-hd-video","46":"pa_product-type-usb-stick","47":"pa_video-info-full-hd-1920x1080p","48":"pa_video-info-ultra-hd-4k","49":"desktop-align-center","50":"tablet-align-left","51":"mobile-align-left","53":"first","54":"instock","55":"shipping-taxable","56":"purchasable","57":"product-type-variable","58":"has-default-attributes"},"exclude_global_add_ons":[],"addons":[],"acf":[],"yoast_head":"<!-- This site is optimized with the Yoast SEO Premium plugin v27.1 (Yoast SEO v27.1.1) - https:\/\/yoast.com\/product\/yoast-seo-premium-wordpress\/ -->\n<title>Brooke Maddison Sneaky Fun In The Cowshed - ManureFetish -<\/title>\n<meta name=\"description\" content=\"Brooke Maddison And Her Anal Manure Master, her first time getting fucked in the cowshed in lots of creamy cowshit.\" \/>\n<meta name=\"robots\" content=\"index, follow, max-snippet:-1, max-image-preview:large, max-video-preview:-1\" \/>\n<link rel=\"canonical\" href=\"https:\/\/manurefetish.com\/it\/shop\/videos\/brooke-maddison-sneaky-fun-in-the-cowshed\/\" \/>\n<meta property=\"og:locale\" content=\"it_IT\" \/>\n<meta property=\"og:type\" content=\"article\" \/>\n<meta property=\"og:title\" content=\"Brooke Maddison Sneaky Fun In The Cowshed\" \/>\n<meta property=\"og:description\" content=\"Brooke Maddison And Her Anal Manure Master, her first time getting fucked in the cowshed in lots of creamy cowshit.\" \/>\n<meta property=\"og:url\" content=\"https:\/\/manurefetish.com\/it\/shop\/videos\/brooke-maddison-sneaky-fun-in-the-cowshed\/\" \/>\n<meta property=\"og:site_name\" content=\"ManureFetish\" \/>\n<meta property=\"article:publisher\" content=\"https:\/\/www.facebook.com\/manurefetish\/\" \/>\n<meta property=\"article:modified_time\" content=\"2026-03-24T14:11:48+00:00\" \/>\n<meta property=\"og:image\" content=\"https:\/\/manurefetish.com\/wp-content\/uploads\/2025\/09\/sneaky-fun-in-the-cowshed.jpg\" \/>\n\t<meta property=\"og:image:width\" content=\"1728\" \/>\n\t<meta property=\"og:image:height\" content=\"576\" \/>\n\t<meta property=\"og:image:type\" content=\"image\/jpeg\" \/>\n<meta name=\"twitter:card\" content=\"summary_large_image\" \/>\n<meta name=\"twitter:site\" content=\"@Manurefetisch\" \/>\n<script type=\"application\/ld+json\" class=\"yoast-schema-graph\">{\"@context\":\"https:\/\/schema.org\",\"@graph\":[{\"@type\":\"WebPage\",\"@id\":\"https:\/\/manurefetish.com\/shop\/videos\/brooke-maddison-sneaky-fun-in-the-cowshed\/\",\"url\":\"https:\/\/manurefetish.com\/shop\/videos\/brooke-maddison-sneaky-fun-in-the-cowshed\/\",\"name\":\"Brooke Maddison Sneaky Fun In The Cowshed - ManureFetish -\",\"isPartOf\":{\"@id\":\"https:\/\/manurefetish.com\/#website\"},\"primaryImageOfPage\":{\"@id\":\"https:\/\/manurefetish.com\/shop\/videos\/brooke-maddison-sneaky-fun-in-the-cowshed\/#primaryimage\"},\"image\":{\"@id\":\"https:\/\/manurefetish.com\/shop\/videos\/brooke-maddison-sneaky-fun-in-the-cowshed\/#primaryimage\"},\"thumbnailUrl\":\"https:\/\/manurefetish.b-cdn.net\/wp-content\/uploads\/2025\/09\/sneaky-fun-in-the-cowshed.jpg\",\"datePublished\":\"2026-01-12T12:00:30+00:00\",\"dateModified\":\"2026-03-24T14:11:48+00:00\",\"description\":\"Brooke Maddison And Her Anal Manure Master, her first time getting fucked in the cowshed in lots of creamy cowshit.\",\"breadcrumb\":{\"@id\":\"https:\/\/manurefetish.com\/shop\/videos\/brooke-maddison-sneaky-fun-in-the-cowshed\/#breadcrumb\"},\"inLanguage\":\"it-IT\",\"potentialAction\":[{\"@type\":\"ReadAction\",\"target\":[\"https:\/\/manurefetish.com\/shop\/videos\/brooke-maddison-sneaky-fun-in-the-cowshed\/\"]}]},{\"@type\":\"ImageObject\",\"inLanguage\":\"it-IT\",\"@id\":\"https:\/\/manurefetish.com\/shop\/videos\/brooke-maddison-sneaky-fun-in-the-cowshed\/#primaryimage\",\"url\":\"https:\/\/manurefetish.b-cdn.net\/wp-content\/uploads\/2025\/09\/sneaky-fun-in-the-cowshed.jpg\",\"contentUrl\":\"https:\/\/manurefetish.b-cdn.net\/wp-content\/uploads\/2025\/09\/sneaky-fun-in-the-cowshed.jpg\",\"width\":1728,\"height\":576},{\"@type\":\"BreadcrumbList\",\"@id\":\"https:\/\/manurefetish.com\/shop\/videos\/brooke-maddison-sneaky-fun-in-the-cowshed\/#breadcrumb\",\"itemListElement\":[{\"@type\":\"ListItem\",\"position\":1,\"name\":\"Home\",\"item\":\"https:\/\/manurefetish.com\/\"},{\"@type\":\"ListItem\",\"position\":2,\"name\":\"Shop\",\"item\":\"https:\/\/manurefetish.com\/shop\/\"},{\"@type\":\"ListItem\",\"position\":3,\"name\":\"Videos\",\"item\":\"https:\/\/manurefetish.com\/product-category\/videos\/\"},{\"@type\":\"ListItem\",\"position\":4,\"name\":\"Brooke Maddison Sneaky Fun In The Cowshed\"}]},{\"@type\":\"WebSite\",\"@id\":\"https:\/\/manurefetish.com\/#website\",\"url\":\"https:\/\/manurefetish.com\/\",\"name\":\"ManureFetish\",\"description\":\"ManureFetish Shop\",\"publisher\":{\"@id\":\"https:\/\/manurefetish.com\/#organization\"},\"potentialAction\":[{\"@type\":\"SearchAction\",\"target\":{\"@type\":\"EntryPoint\",\"urlTemplate\":\"https:\/\/manurefetish.com\/?s={search_term_string}\"},\"query-input\":{\"@type\":\"PropertyValueSpecification\",\"valueRequired\":true,\"valueName\":\"search_term_string\"}}],\"inLanguage\":\"it-IT\"},{\"@type\":\"Organization\",\"@id\":\"https:\/\/manurefetish.com\/#organization\",\"name\":\"ManureFetish.com\",\"url\":\"https:\/\/manurefetish.com\/\",\"logo\":{\"@type\":\"ImageObject\",\"inLanguage\":\"it-IT\",\"@id\":\"https:\/\/manurefetish.com\/#\/schema\/logo\/image\/\",\"url\":\"https:\/\/manurefetish.com\/wp-content\/uploads\/2019\/06\/1000xmanurefetishcom-michaela-logo-website-shop.png\",\"contentUrl\":\"https:\/\/manurefetish.com\/wp-content\/uploads\/2019\/06\/1000xmanurefetishcom-michaela-logo-website-shop.png\",\"width\":1000,\"height\":632,\"caption\":\"ManureFetish.com\"},\"image\":{\"@id\":\"https:\/\/manurefetish.com\/#\/schema\/logo\/image\/\"},\"sameAs\":[\"https:\/\/www.facebook.com\/manurefetish\/\",\"https:\/\/x.com\/Manurefetisch\",\"https:\/\/www.youtube.com\/c\/ManureFetish\"],\"description\":\"We're creating various fetish content with female and male models alike.\",\"foundingDate\":\"2019-07-04\",\"vatID\":\"DE366928521\",\"numberOfEmployees\":{\"@type\":\"QuantitativeValue\",\"minValue\":\"1\",\"maxValue\":\"10\"}}]}<\/script>\n<meta property=\"og:availability\" content=\"instock\" \/>\n<meta property=\"product:availability\" content=\"instock\" \/>\n<meta property=\"product:retailer_item_id\" content=\"MFW-BMSFITCS\" \/>\n<meta property=\"product:condition\" content=\"new\" \/>\n<!-- \/ Yoast SEO Premium plugin. -->","yoast_head_json":{"title":"Brooke Maddison Sneaky Fun In The Cowshed - ManureFetish -","description":"Brooke Maddison And Her Anal Manure Master, her first time getting fucked in the cowshed in lots of creamy cowshit.","robots":{"index":"index","follow":"follow","max-snippet":"max-snippet:-1","max-image-preview":"max-image-preview:large","max-video-preview":"max-video-preview:-1"},"canonical":"https:\/\/manurefetish.com\/it\/shop\/videos\/brooke-maddison-sneaky-fun-in-the-cowshed\/","og_locale":"it_IT","og_type":"article","og_title":"Brooke Maddison Sneaky Fun In The Cowshed","og_description":"Brooke Maddison And Her Anal Manure Master, her first time getting fucked in the cowshed in lots of creamy cowshit.","og_url":"https:\/\/manurefetish.com\/it\/shop\/videos\/brooke-maddison-sneaky-fun-in-the-cowshed\/","og_site_name":"ManureFetish","article_publisher":"https:\/\/www.facebook.com\/manurefetish\/","article_modified_time":"2026-03-24T14:11:48+00:00","og_image":[{"width":1728,"height":576,"url":"https:\/\/manurefetish.com\/wp-content\/uploads\/2025\/09\/sneaky-fun-in-the-cowshed.jpg","type":"image\/jpeg"}],"twitter_card":"summary_large_image","twitter_site":"@Manurefetisch","schema":{"@context":"https:\/\/schema.org","@graph":[{"@type":"WebPage","@id":"https:\/\/manurefetish.com\/shop\/videos\/brooke-maddison-sneaky-fun-in-the-cowshed\/","url":"https:\/\/manurefetish.com\/shop\/videos\/brooke-maddison-sneaky-fun-in-the-cowshed\/","name":"Brooke Maddison Sneaky Fun In The Cowshed - ManureFetish -","isPartOf":{"@id":"https:\/\/manurefetish.com\/#website"},"primaryImageOfPage":{"@id":"https:\/\/manurefetish.com\/shop\/videos\/brooke-maddison-sneaky-fun-in-the-cowshed\/#primaryimage"},"image":{"@id":"https:\/\/manurefetish.com\/shop\/videos\/brooke-maddison-sneaky-fun-in-the-cowshed\/#primaryimage"},"thumbnailUrl":"https:\/\/manurefetish.b-cdn.net\/wp-content\/uploads\/2025\/09\/sneaky-fun-in-the-cowshed.jpg","datePublished":"2026-01-12T12:00:30+00:00","dateModified":"2026-03-24T14:11:48+00:00","description":"Brooke Maddison And Her Anal Manure Master, her first time getting fucked in the cowshed in lots of creamy cowshit.","breadcrumb":{"@id":"https:\/\/manurefetish.com\/shop\/videos\/brooke-maddison-sneaky-fun-in-the-cowshed\/#breadcrumb"},"inLanguage":"it-IT","potentialAction":[{"@type":"ReadAction","target":["https:\/\/manurefetish.com\/shop\/videos\/brooke-maddison-sneaky-fun-in-the-cowshed\/"]}]},{"@type":"ImageObject","inLanguage":"it-IT","@id":"https:\/\/manurefetish.com\/shop\/videos\/brooke-maddison-sneaky-fun-in-the-cowshed\/#primaryimage","url":"https:\/\/manurefetish.b-cdn.net\/wp-content\/uploads\/2025\/09\/sneaky-fun-in-the-cowshed.jpg","contentUrl":"https:\/\/manurefetish.b-cdn.net\/wp-content\/uploads\/2025\/09\/sneaky-fun-in-the-cowshed.jpg","width":1728,"height":576},{"@type":"BreadcrumbList","@id":"https:\/\/manurefetish.com\/shop\/videos\/brooke-maddison-sneaky-fun-in-the-cowshed\/#breadcrumb","itemListElement":[{"@type":"ListItem","position":1,"name":"Home","item":"https:\/\/manurefetish.com\/"},{"@type":"ListItem","position":2,"name":"Shop","item":"https:\/\/manurefetish.com\/shop\/"},{"@type":"ListItem","position":3,"name":"Videos","item":"https:\/\/manurefetish.com\/product-category\/videos\/"},{"@type":"ListItem","position":4,"name":"Brooke Maddison Sneaky Fun In The Cowshed"}]},{"@type":"WebSite","@id":"https:\/\/manurefetish.com\/#website","url":"https:\/\/manurefetish.com\/","name":"ManureFetish","description":"Negozio ManureFetish","publisher":{"@id":"https:\/\/manurefetish.com\/#organization"},"potentialAction":[{"@type":"SearchAction","target":{"@type":"EntryPoint","urlTemplate":"https:\/\/manurefetish.com\/?s={search_term_string}"},"query-input":{"@type":"PropertyValueSpecification","valueRequired":true,"valueName":"search_term_string"}}],"inLanguage":"it-IT"},{"@type":"Organization","@id":"https:\/\/manurefetish.com\/#organization","name":"ManureFetish.com","url":"https:\/\/manurefetish.com\/","logo":{"@type":"ImageObject","inLanguage":"it-IT","@id":"https:\/\/manurefetish.com\/#\/schema\/logo\/image\/","url":"https:\/\/manurefetish.com\/wp-content\/uploads\/2019\/06\/1000xmanurefetishcom-michaela-logo-website-shop.png","contentUrl":"https:\/\/manurefetish.com\/wp-content\/uploads\/2019\/06\/1000xmanurefetishcom-michaela-logo-website-shop.png","width":1000,"height":632,"caption":"ManureFetish.com"},"image":{"@id":"https:\/\/manurefetish.com\/#\/schema\/logo\/image\/"},"sameAs":["https:\/\/www.facebook.com\/manurefetish\/","https:\/\/x.com\/Manurefetisch","https:\/\/www.youtube.com\/c\/ManureFetish"],"description":"Stiamo creando vari contenuti fetish con modelli femminili e maschili.","foundingDate":"2019-07-04","vatID":"DE366928521","numberOfEmployees":{"@type":"QuantitativeValue","minValue":"1","maxValue":"10"}}]},"og_availability":"instock","product_availability":"instock","product_retailer_item_id":"MFW-BMSFITCS","product_condition":"new"},"_links":{"self":[{"href":"https:\/\/manurefetish.com\/it\/wp-json\/wp\/v2\/product\/188822","targetHints":{"allow":["GET"]}}],"collection":[{"href":"https:\/\/manurefetish.com\/it\/wp-json\/wp\/v2\/product"}],"about":[{"href":"https:\/\/manurefetish.com\/it\/wp-json\/wp\/v2\/types\/product"}],"replies":[{"embeddable":true,"href":"https:\/\/manurefetish.com\/it\/wp-json\/wp\/v2\/comments?post=188822"}],"version-history":[{"count":0,"href":"https:\/\/manurefetish.com\/it\/wp-json\/wp\/v2\/product\/188822\/revisions"}],"wp:featuredmedia":[{"embeddable":true,"href":"https:\/\/manurefetish.com\/it\/wp-json\/wp\/v2\/media\/199461"}],"wp:attachment":[{"href":"https:\/\/manurefetish.com\/it\/wp-json\/wp\/v2\/media?parent=188822"}],"wp:term":[{"taxonomy":"product_brand","embeddable":true,"href":"https:\/\/manurefetish.com\/it\/wp-json\/wp\/v2\/product_brand?post=188822"},{"taxonomy":"product_cat","embeddable":true,"href":"https:\/\/manurefetish.com\/it\/wp-json\/wp\/v2\/product_cat?post=188822"},{"taxonomy":"product_tag","embeddable":true,"href":"https:\/\/manurefetish.com\/it\/wp-json\/wp\/v2\/product_tag?post=188822"}],"curies":[{"name":"wp","href":"https:\/\/api.w.org\/{rel}","templated":true}]}}