{"id":176513,"date":"2025-06-10T13:37:23","date_gmt":"2025-06-10T11:37:23","guid":{"rendered":"https:\/\/manurefetish.com\/?post_type=product&#038;p=176513"},"modified":"2026-03-24T15:13:24","modified_gmt":"2026-03-24T14:13:24","slug":"ankle-deep-in-cowshit","status":"publish","type":"product","link":"https:\/\/manurefetish.com\/it\/shop\/videos\/ankle-deep-in-cowshit\/","title":{"rendered":"Caviglie immerse nella merda di mucca"},"content":{"rendered":"<p><span style=\"font-weight: 400;\">\u00c8 una nuova bellissima giornata per Lyndra, che \u00e8 stata invitata a visitare la nuova fattoria con molte mucche. Al suo arrivo non c'\u00e8 nessuno, nemmeno le mucche, ma il pavimento della vecchia stalla \u00e8 completamente ricoperto di merda di mucca estremamente cremosa e profonda fino alle caviglie. Mentre cammina, rimane incastrata con i piedi e ci cade dentro. Le ginocchia, i piedi e il vestito sono ora ricoperti di merda di mucca. Non aveva previsto che quel vestito si sporcasse, ma ora lo \u00e8 comunque e pu\u00f2 iniziare quello che ha sempre voluto. Si siede sul pavimento e inizia a strofinarsi la merda di mucca sulla figa: si eccita immediatamente e non vede l'ora di esplorare ancora di pi\u00f9 la vecchia stalla. Inizia a gattonare nella merda di mucca per godersi la sensazione di trovarsi in uno spazio cos\u00ec incredibile. Lyndra spalma la merda di mucca ovunque sul suo corpo. Ora \u00e8 il momento di usare i suoi giocattoli: ha una nuova bacchetta magica vibrante con diverse funzioni che non vede l'ora di provare. La spinge contro il clitoride e tutta la sua figa vibra visibilmente. Nella vecchia stalla ha molto spazio per scegliere dove masturbarsi e cos\u00ec fa. Cammina e striscia, si spinge contro il muro e si sporca ogni volta di pi\u00f9.<\/span><\/p>","protected":false},"excerpt":{"rendered":"<p>It\u2019s a new beautiful day for Lyndra as she was invited to visit the new farm with many cows, as she arrived nobodys there, not even the cows, but the old cowsheds floor is completely covered with extremely creamy ankle deep cowshit. As she walks through it she gets stuck with her feet and falls [&hellip;]<\/p>\n","protected":false},"featured_media":199425,"comment_status":"open","ping_status":"closed","template":"","meta":{"_acf_changed":false,"site-sidebar-layout":"default","site-content-layout":"","ast-site-content-layout":"default","site-content-style":"default","site-sidebar-style":"default","ast-global-header-display":"","ast-banner-title-visibility":"","ast-main-header-display":"","ast-hfb-above-header-display":"","ast-hfb-below-header-display":"","ast-hfb-mobile-header-display":"","site-post-title":"","ast-breadcrumbs-content":"","ast-featured-img":"","footer-sml-layout":"","ast-disable-related-posts":"","theme-transparent-header-meta":"default","adv-header-id-meta":"","stick-header-meta":"","header-above-stick-meta":"","header-main-stick-meta":"","header-below-stick-meta":"","astra-migrate-meta-layouts":"set","ast-page-background-enabled":"default","ast-page-background-meta":{"desktop":{"background-color":"var(--ast-global-color-4)","background-image":"","background-repeat":"repeat","background-position":"center center","background-size":"auto","background-attachment":"scroll","background-type":"","background-media":"","overlay-type":"","overlay-color":"","overlay-opacity":"","overlay-gradient":""},"tablet":{"background-color":"","background-image":"","background-repeat":"repeat","background-position":"center center","background-size":"auto","background-attachment":"scroll","background-type":"","background-media":"","overlay-type":"","overlay-color":"","overlay-opacity":"","overlay-gradient":""},"mobile":{"background-color":"","background-image":"","background-repeat":"repeat","background-position":"center center","background-size":"auto","background-attachment":"scroll","background-type":"","background-media":"","overlay-type":"","overlay-color":"","overlay-opacity":"","overlay-gradient":""}},"ast-content-background-meta":{"desktop":{"background-color":"var(--ast-global-color-5)","background-image":"","background-repeat":"repeat","background-position":"center center","background-size":"auto","background-attachment":"scroll","background-type":"","background-media":"","overlay-type":"","overlay-color":"","overlay-opacity":"","overlay-gradient":""},"tablet":{"background-color":"var(--ast-global-color-5)","background-image":"","background-repeat":"repeat","background-position":"center center","background-size":"auto","background-attachment":"scroll","background-type":"","background-media":"","overlay-type":"","overlay-color":"","overlay-opacity":"","overlay-gradient":""},"mobile":{"background-color":"var(--ast-global-color-5)","background-image":"","background-repeat":"repeat","background-position":"center center","background-size":"auto","background-attachment":"scroll","background-type":"","background-media":"","overlay-type":"","overlay-color":"","overlay-opacity":"","overlay-gradient":""}}},"product_brand":[],"product_cat":[4470],"product_tag":[4196,317,3295,4501,318,4353,66,19,4503,4500,4497,3830,316,64,3030,3523,2994,2419,4483,2841,18,2285,2206,4484,35,360,32,4502,4588,2650,24,2832,2630,2368,3233],"class_list":{"0":"post-176513","1":"product","2":"type-product","3":"status-publish","4":"has-post-thumbnail","6":"product_cat-videos","7":"product_tag-animal-scat","8":"product_tag-asshole","9":"product_tag-basin","10":"product_tag-biker","11":"product_tag-boobs","12":"product_tag-calf-box","13":"product_tag-clothed","14":"product_tag-cow","15":"product_tag-cow-patties","16":"product_tag-cow-shit","17":"product_tag-cows","18":"product_tag-cowshit","19":"product_tag-cunt","20":"product_tag-dildo","21":"product_tag-download","22":"product_tag-fingering","23":"product_tag-fishnet","24":"product_tag-full-hd","25":"product_tag-girl-in-cowshit","26":"product_tag-lyndra-lynn","27":"product_tag-manure","28":"product_tag-masturbate","29":"product_tag-masturbation","30":"product_tag-masturbation-in-cowshit","31":"product_tag-orgasm","32":"product_tag-outdoor","33":"product_tag-pussy","34":"product_tag-red-hair","35":"product_tag-season-6","36":"product_tag-sensual","37":"product_tag-slurry","38":"product_tag-smearing","39":"product_tag-straw","40":"product_tag-ultra-hd","41":"product_tag-waifu","42":"pa_length-41-minutes","43":"pa_product-type-digital-download-full-hd-video","44":"pa_product-type-digital-download-ultra-hd-video","45":"pa_product-type-usb-stick","46":"pa_video-info-full-hd-1920x1080p","47":"pa_video-info-ultra-hd-4k","48":"desktop-align-center","49":"tablet-align-left","50":"mobile-align-left","52":"first","53":"instock","54":"shipping-taxable","55":"purchasable","56":"product-type-variable"},"exclude_global_add_ons":[],"addons":[],"acf":[],"yoast_head":"<!-- This site is optimized with the Yoast SEO Premium plugin v27.1 (Yoast SEO v27.1.1) - https:\/\/yoast.com\/product\/yoast-seo-premium-wordpress\/ -->\n<title>Ankle Deep In Cowshit - ManureFetish<\/title>\n<meta name=\"description\" content=\"Ankle Deep In Cowshit, Lyndra Lynn arrives at the new farm and is a bit lost as she&#039;s looking for the cows but finds only a massive amount of cowshit.\" \/>\n<meta name=\"robots\" content=\"index, follow, max-snippet:-1, max-image-preview:large, max-video-preview:-1\" \/>\n<link rel=\"canonical\" href=\"https:\/\/manurefetish.com\/it\/shop\/videos\/ankle-deep-in-cowshit\/\" \/>\n<meta property=\"og:locale\" content=\"it_IT\" \/>\n<meta property=\"og:type\" content=\"article\" \/>\n<meta property=\"og:title\" content=\"Ankle Deep In Cowshit\" \/>\n<meta property=\"og:description\" content=\"Ankle Deep In Cowshit, Lyndra Lynn arrives at the new farm and is a bit lost as she&#039;s looking for the cows but finds only a massive amount of cowshit.\" \/>\n<meta property=\"og:url\" content=\"https:\/\/manurefetish.com\/it\/shop\/videos\/ankle-deep-in-cowshit\/\" \/>\n<meta property=\"og:site_name\" content=\"ManureFetish\" \/>\n<meta property=\"article:publisher\" content=\"https:\/\/www.facebook.com\/manurefetish\/\" \/>\n<meta property=\"article:modified_time\" content=\"2026-03-24T14:13:24+00:00\" \/>\n<meta property=\"og:image\" content=\"https:\/\/manurefetish.com\/wp-content\/uploads\/2025\/06\/ankle-deep-in-cowshit.jpg\" \/>\n\t<meta property=\"og:image:width\" content=\"1728\" \/>\n\t<meta property=\"og:image:height\" content=\"576\" \/>\n\t<meta property=\"og:image:type\" content=\"image\/jpeg\" \/>\n<meta name=\"twitter:card\" content=\"summary_large_image\" \/>\n<meta name=\"twitter:site\" content=\"@Manurefetisch\" \/>\n<script type=\"application\/ld+json\" class=\"yoast-schema-graph\">{\"@context\":\"https:\/\/schema.org\",\"@graph\":[{\"@type\":\"WebPage\",\"@id\":\"https:\/\/manurefetish.com\/shop\/videos\/ankle-deep-in-cowshit\/\",\"url\":\"https:\/\/manurefetish.com\/shop\/videos\/ankle-deep-in-cowshit\/\",\"name\":\"Ankle Deep In Cowshit - ManureFetish\",\"isPartOf\":{\"@id\":\"https:\/\/manurefetish.com\/#website\"},\"primaryImageOfPage\":{\"@id\":\"https:\/\/manurefetish.com\/shop\/videos\/ankle-deep-in-cowshit\/#primaryimage\"},\"image\":{\"@id\":\"https:\/\/manurefetish.com\/shop\/videos\/ankle-deep-in-cowshit\/#primaryimage\"},\"thumbnailUrl\":\"https:\/\/manurefetish.b-cdn.net\/wp-content\/uploads\/2025\/06\/ankle-deep-in-cowshit.jpg\",\"datePublished\":\"2025-06-10T11:37:23+00:00\",\"dateModified\":\"2026-03-24T14:13:24+00:00\",\"description\":\"Ankle Deep In Cowshit, Lyndra Lynn arrives at the new farm and is a bit lost as she's looking for the cows but finds only a massive amount of cowshit.\",\"breadcrumb\":{\"@id\":\"https:\/\/manurefetish.com\/shop\/videos\/ankle-deep-in-cowshit\/#breadcrumb\"},\"inLanguage\":\"it-IT\",\"potentialAction\":[{\"@type\":\"ReadAction\",\"target\":[\"https:\/\/manurefetish.com\/shop\/videos\/ankle-deep-in-cowshit\/\"]}]},{\"@type\":\"ImageObject\",\"inLanguage\":\"it-IT\",\"@id\":\"https:\/\/manurefetish.com\/shop\/videos\/ankle-deep-in-cowshit\/#primaryimage\",\"url\":\"https:\/\/manurefetish.b-cdn.net\/wp-content\/uploads\/2025\/06\/ankle-deep-in-cowshit.jpg\",\"contentUrl\":\"https:\/\/manurefetish.b-cdn.net\/wp-content\/uploads\/2025\/06\/ankle-deep-in-cowshit.jpg\",\"width\":1728,\"height\":576},{\"@type\":\"BreadcrumbList\",\"@id\":\"https:\/\/manurefetish.com\/shop\/videos\/ankle-deep-in-cowshit\/#breadcrumb\",\"itemListElement\":[{\"@type\":\"ListItem\",\"position\":1,\"name\":\"Home\",\"item\":\"https:\/\/manurefetish.com\/\"},{\"@type\":\"ListItem\",\"position\":2,\"name\":\"Shop\",\"item\":\"https:\/\/manurefetish.com\/shop\/\"},{\"@type\":\"ListItem\",\"position\":3,\"name\":\"Videos\",\"item\":\"https:\/\/manurefetish.com\/product-category\/videos\/\"},{\"@type\":\"ListItem\",\"position\":4,\"name\":\"Ankle Deep In Cowshit\"}]},{\"@type\":\"WebSite\",\"@id\":\"https:\/\/manurefetish.com\/#website\",\"url\":\"https:\/\/manurefetish.com\/\",\"name\":\"ManureFetish\",\"description\":\"ManureFetish Shop\",\"publisher\":{\"@id\":\"https:\/\/manurefetish.com\/#organization\"},\"potentialAction\":[{\"@type\":\"SearchAction\",\"target\":{\"@type\":\"EntryPoint\",\"urlTemplate\":\"https:\/\/manurefetish.com\/?s={search_term_string}\"},\"query-input\":{\"@type\":\"PropertyValueSpecification\",\"valueRequired\":true,\"valueName\":\"search_term_string\"}}],\"inLanguage\":\"it-IT\"},{\"@type\":\"Organization\",\"@id\":\"https:\/\/manurefetish.com\/#organization\",\"name\":\"ManureFetish.com\",\"url\":\"https:\/\/manurefetish.com\/\",\"logo\":{\"@type\":\"ImageObject\",\"inLanguage\":\"it-IT\",\"@id\":\"https:\/\/manurefetish.com\/#\/schema\/logo\/image\/\",\"url\":\"https:\/\/manurefetish.com\/wp-content\/uploads\/2019\/06\/1000xmanurefetishcom-michaela-logo-website-shop.png\",\"contentUrl\":\"https:\/\/manurefetish.com\/wp-content\/uploads\/2019\/06\/1000xmanurefetishcom-michaela-logo-website-shop.png\",\"width\":1000,\"height\":632,\"caption\":\"ManureFetish.com\"},\"image\":{\"@id\":\"https:\/\/manurefetish.com\/#\/schema\/logo\/image\/\"},\"sameAs\":[\"https:\/\/www.facebook.com\/manurefetish\/\",\"https:\/\/x.com\/Manurefetisch\",\"https:\/\/www.youtube.com\/c\/ManureFetish\"],\"description\":\"We're creating various fetish content with female and male models alike.\",\"foundingDate\":\"2019-07-04\",\"vatID\":\"DE366928521\",\"numberOfEmployees\":{\"@type\":\"QuantitativeValue\",\"minValue\":\"1\",\"maxValue\":\"10\"}}]}<\/script>\n<meta property=\"og:availability\" content=\"instock\" \/>\n<meta property=\"product:availability\" content=\"instock\" \/>\n<meta property=\"product:retailer_item_id\" content=\"MFW-ADICS\" \/>\n<meta property=\"product:condition\" content=\"new\" \/>\n<!-- \/ Yoast SEO Premium plugin. -->","yoast_head_json":{"title":"Caviglie immerse nella merda di mucca - ManureFetish","description":"Ankle Deep In Cowshit, Lyndra Lynn arriva alla nuova fattoria e si sente un po' persa: sta cercando le mucche ma trova solo un'enorme quantit\u00e0 di merda di mucca.","robots":{"index":"index","follow":"follow","max-snippet":"max-snippet:-1","max-image-preview":"max-image-preview:large","max-video-preview":"max-video-preview:-1"},"canonical":"https:\/\/manurefetish.com\/it\/shop\/videos\/ankle-deep-in-cowshit\/","og_locale":"it_IT","og_type":"article","og_title":"Ankle Deep In Cowshit","og_description":"Ankle Deep In Cowshit, Lyndra Lynn arrives at the new farm and is a bit lost as she's looking for the cows but finds only a massive amount of cowshit.","og_url":"https:\/\/manurefetish.com\/it\/shop\/videos\/ankle-deep-in-cowshit\/","og_site_name":"ManureFetish","article_publisher":"https:\/\/www.facebook.com\/manurefetish\/","article_modified_time":"2026-03-24T14:13:24+00:00","og_image":[{"width":1728,"height":576,"url":"https:\/\/manurefetish.com\/wp-content\/uploads\/2025\/06\/ankle-deep-in-cowshit.jpg","type":"image\/jpeg"}],"twitter_card":"summary_large_image","twitter_site":"@Manurefetisch","schema":{"@context":"https:\/\/schema.org","@graph":[{"@type":"WebPage","@id":"https:\/\/manurefetish.com\/shop\/videos\/ankle-deep-in-cowshit\/","url":"https:\/\/manurefetish.com\/shop\/videos\/ankle-deep-in-cowshit\/","name":"Caviglie immerse nella merda di mucca - ManureFetish","isPartOf":{"@id":"https:\/\/manurefetish.com\/#website"},"primaryImageOfPage":{"@id":"https:\/\/manurefetish.com\/shop\/videos\/ankle-deep-in-cowshit\/#primaryimage"},"image":{"@id":"https:\/\/manurefetish.com\/shop\/videos\/ankle-deep-in-cowshit\/#primaryimage"},"thumbnailUrl":"https:\/\/manurefetish.b-cdn.net\/wp-content\/uploads\/2025\/06\/ankle-deep-in-cowshit.jpg","datePublished":"2025-06-10T11:37:23+00:00","dateModified":"2026-03-24T14:13:24+00:00","description":"Ankle Deep In Cowshit, Lyndra Lynn arriva alla nuova fattoria e si sente un po' persa: sta cercando le mucche ma trova solo un'enorme quantit\u00e0 di merda di mucca.","breadcrumb":{"@id":"https:\/\/manurefetish.com\/shop\/videos\/ankle-deep-in-cowshit\/#breadcrumb"},"inLanguage":"it-IT","potentialAction":[{"@type":"ReadAction","target":["https:\/\/manurefetish.com\/shop\/videos\/ankle-deep-in-cowshit\/"]}]},{"@type":"ImageObject","inLanguage":"it-IT","@id":"https:\/\/manurefetish.com\/shop\/videos\/ankle-deep-in-cowshit\/#primaryimage","url":"https:\/\/manurefetish.b-cdn.net\/wp-content\/uploads\/2025\/06\/ankle-deep-in-cowshit.jpg","contentUrl":"https:\/\/manurefetish.b-cdn.net\/wp-content\/uploads\/2025\/06\/ankle-deep-in-cowshit.jpg","width":1728,"height":576},{"@type":"BreadcrumbList","@id":"https:\/\/manurefetish.com\/shop\/videos\/ankle-deep-in-cowshit\/#breadcrumb","itemListElement":[{"@type":"ListItem","position":1,"name":"Home","item":"https:\/\/manurefetish.com\/"},{"@type":"ListItem","position":2,"name":"Shop","item":"https:\/\/manurefetish.com\/shop\/"},{"@type":"ListItem","position":3,"name":"Videos","item":"https:\/\/manurefetish.com\/product-category\/videos\/"},{"@type":"ListItem","position":4,"name":"Ankle Deep In Cowshit"}]},{"@type":"WebSite","@id":"https:\/\/manurefetish.com\/#website","url":"https:\/\/manurefetish.com\/","name":"ManureFetish","description":"Negozio ManureFetish","publisher":{"@id":"https:\/\/manurefetish.com\/#organization"},"potentialAction":[{"@type":"SearchAction","target":{"@type":"EntryPoint","urlTemplate":"https:\/\/manurefetish.com\/?s={search_term_string}"},"query-input":{"@type":"PropertyValueSpecification","valueRequired":true,"valueName":"search_term_string"}}],"inLanguage":"it-IT"},{"@type":"Organization","@id":"https:\/\/manurefetish.com\/#organization","name":"ManureFetish.com","url":"https:\/\/manurefetish.com\/","logo":{"@type":"ImageObject","inLanguage":"it-IT","@id":"https:\/\/manurefetish.com\/#\/schema\/logo\/image\/","url":"https:\/\/manurefetish.com\/wp-content\/uploads\/2019\/06\/1000xmanurefetishcom-michaela-logo-website-shop.png","contentUrl":"https:\/\/manurefetish.com\/wp-content\/uploads\/2019\/06\/1000xmanurefetishcom-michaela-logo-website-shop.png","width":1000,"height":632,"caption":"ManureFetish.com"},"image":{"@id":"https:\/\/manurefetish.com\/#\/schema\/logo\/image\/"},"sameAs":["https:\/\/www.facebook.com\/manurefetish\/","https:\/\/x.com\/Manurefetisch","https:\/\/www.youtube.com\/c\/ManureFetish"],"description":"Stiamo creando vari contenuti fetish con modelli femminili e maschili.","foundingDate":"2019-07-04","vatID":"DE366928521","numberOfEmployees":{"@type":"QuantitativeValue","minValue":"1","maxValue":"10"}}]},"og_availability":"instock","product_availability":"instock","product_retailer_item_id":"MFW-ADICS","product_condition":"new"},"_links":{"self":[{"href":"https:\/\/manurefetish.com\/it\/wp-json\/wp\/v2\/product\/176513","targetHints":{"allow":["GET"]}}],"collection":[{"href":"https:\/\/manurefetish.com\/it\/wp-json\/wp\/v2\/product"}],"about":[{"href":"https:\/\/manurefetish.com\/it\/wp-json\/wp\/v2\/types\/product"}],"replies":[{"embeddable":true,"href":"https:\/\/manurefetish.com\/it\/wp-json\/wp\/v2\/comments?post=176513"}],"version-history":[{"count":0,"href":"https:\/\/manurefetish.com\/it\/wp-json\/wp\/v2\/product\/176513\/revisions"}],"wp:featuredmedia":[{"embeddable":true,"href":"https:\/\/manurefetish.com\/it\/wp-json\/wp\/v2\/media\/199425"}],"wp:attachment":[{"href":"https:\/\/manurefetish.com\/it\/wp-json\/wp\/v2\/media?parent=176513"}],"wp:term":[{"taxonomy":"product_brand","embeddable":true,"href":"https:\/\/manurefetish.com\/it\/wp-json\/wp\/v2\/product_brand?post=176513"},{"taxonomy":"product_cat","embeddable":true,"href":"https:\/\/manurefetish.com\/it\/wp-json\/wp\/v2\/product_cat?post=176513"},{"taxonomy":"product_tag","embeddable":true,"href":"https:\/\/manurefetish.com\/it\/wp-json\/wp\/v2\/product_tag?post=176513"}],"curies":[{"name":"wp","href":"https:\/\/api.w.org\/{rel}","templated":true}]}}