{"id":122330,"date":"2023-12-13T14:31:19","date_gmt":"2023-12-13T13:31:19","guid":{"rendered":"https:\/\/manurefetish.com\/?post_type=product&#038;p=122330"},"modified":"2026-03-24T15:27:34","modified_gmt":"2026-03-24T14:27:34","slug":"lyndra-lynn-my-girlfriends-gift","status":"publish","type":"product","link":"https:\/\/manurefetish.com\/it\/shop\/videos\/lyndra-lynn-my-girlfriends-gift\/","title":{"rendered":"Lyndra Lynn - Il regalo della mia ragazza"},"content":{"rendered":"<p><span style=\"font-weight: 400;\">Ho preparato qualcosa di molto speciale per il mio ragazzo. Per prima cosa ho sistemato la telecamera, cos\u00ec quando avr\u00f2 finito con lui potr\u00e0 guardare quello che \u00e8 successo, perch\u00e9 non ricorder\u00e0 molto. Ho sempre esplorato molte cose estreme, per questa sessione ho portato qualche aroma da fargli inalare, in modo che diventi la troia che voglio che sia. Lo chiamo e la prima cosa che deve fare \u00e8 inalare un po' di aroma per prepararsi alla parte successiva. Dopo averne inalato una buona quantit\u00e0, \u00e8 pronto a indossare il vestito da cameriera che gli ho regalato. Dopo essersi vestito, si sdraia sull'altalena dell'amore e io posso iniziare la sessione estrema. Gliene faccio inalare ancora e poi inizio a sditalinarlo e ad allargargli il buco del culo prima di scoparlo con lo strapon. Poi gli faccio un clistere, dopo avergli riempito il culo di acqua calda, glielo tappo e gli giro intorno perch\u00e9 ora deve leccarmi il buco del culo. Cos\u00ec mi siedo sulla sua faccia mentre lui mi lecca il buco del culo. Ora \u00e8 il momento di togliere il plug, lo estraggo e metto la scatola vicino al suo culo, mentre tutto quello che c'\u00e8 dentro esce. Glielo riverso addosso, anche lui beve un po' della zuppa marrone che si \u00e8 creata.<br \/>\nOra inizia la mia parte preferita. Ho 4 sacchetti sottovuoto con i miei rifiuti. Apro il primo sacchetto e inizio a ricoprirlo, non mi fermo finch\u00e9 tutto il suo corpo non \u00e8 ricoperto dai miei rifiuti. Poi gli faccio un ditalino al buco del culo finch\u00e9 non ha orgasmi prostatici multipli. Ora \u00e8 il mio turno di divertirmi un po', cos\u00ec gli permetto di farmi un ditalino fino a raggiungere un orgasmo selvaggio.<br \/>\nQuesta \u00e8 stata una sessione davvero selvaggia, forse la prossima volta sar\u00f2 io quella legata nell'altalena dell'amore e coperta di rifiuti.<\/span><\/p>","protected":false},"excerpt":{"rendered":"<p>I&#8217;ve prepared something very special for my boyfriend. First I\u2019ve set up the camera so when I\u2019m done with him he can watch what happened, because he won\u2019t remember much. I\u2019ve always explored a lot of extreme stuff, for this session I\u2019ve brought some aroma for him to inhale, so he becomes the slutty goon [&hellip;]<\/p>\n","protected":false},"featured_media":199191,"comment_status":"open","ping_status":"closed","template":"","meta":{"_acf_changed":false,"site-sidebar-layout":"default","site-content-layout":"","ast-site-content-layout":"default","site-content-style":"default","site-sidebar-style":"default","ast-global-header-display":"","ast-banner-title-visibility":"","ast-main-header-display":"","ast-hfb-above-header-display":"","ast-hfb-below-header-display":"","ast-hfb-mobile-header-display":"","site-post-title":"","ast-breadcrumbs-content":"","ast-featured-img":"","footer-sml-layout":"","ast-disable-related-posts":"","theme-transparent-header-meta":"default","adv-header-id-meta":"","stick-header-meta":"","header-above-stick-meta":"","header-main-stick-meta":"","header-below-stick-meta":"","astra-migrate-meta-layouts":"set","ast-page-background-enabled":"default","ast-page-background-meta":{"desktop":{"background-color":"var(--ast-global-color-4)","background-image":"","background-repeat":"repeat","background-position":"center center","background-size":"auto","background-attachment":"scroll","background-type":"","background-media":"","overlay-type":"","overlay-color":"","overlay-opacity":"","overlay-gradient":""},"tablet":{"background-color":"","background-image":"","background-repeat":"repeat","background-position":"center center","background-size":"auto","background-attachment":"scroll","background-type":"","background-media":"","overlay-type":"","overlay-color":"","overlay-opacity":"","overlay-gradient":""},"mobile":{"background-color":"","background-image":"","background-repeat":"repeat","background-position":"center center","background-size":"auto","background-attachment":"scroll","background-type":"","background-media":"","overlay-type":"","overlay-color":"","overlay-opacity":"","overlay-gradient":""}},"ast-content-background-meta":{"desktop":{"background-color":"var(--ast-global-color-5)","background-image":"","background-repeat":"repeat","background-position":"center center","background-size":"auto","background-attachment":"scroll","background-type":"","background-media":"","overlay-type":"","overlay-color":"","overlay-opacity":"","overlay-gradient":""},"tablet":{"background-color":"var(--ast-global-color-5)","background-image":"","background-repeat":"repeat","background-position":"center center","background-size":"auto","background-attachment":"scroll","background-type":"","background-media":"","overlay-type":"","overlay-color":"","overlay-opacity":"","overlay-gradient":""},"mobile":{"background-color":"var(--ast-global-color-5)","background-image":"","background-repeat":"repeat","background-position":"center center","background-size":"auto","background-attachment":"scroll","background-type":"","background-media":"","overlay-type":"","overlay-color":"","overlay-opacity":"","overlay-gradient":""}}},"product_brand":[],"product_cat":[4470],"product_tag":[17,4144,317,318,4140,2551,2869,316,64,3030,4138,3523,2419,3932,3861,4572,4142,4141,3559,4143,2841,2867,2285,2206,2629,65,35,4136,4137,2685,32,4135,3881,2650,3789,2832,2709,2368,3233],"class_list":{"0":"post-122330","1":"product","2":"type-product","3":"status-publish","4":"has-post-thumbnail","6":"product_cat-videos","7":"product_tag-anal","8":"product_tag-aroma-2","9":"product_tag-asshole","10":"product_tag-boobs","11":"product_tag-boyfriend","12":"product_tag-couple","13":"product_tag-cumshot","14":"product_tag-cunt","15":"product_tag-dildo","16":"product_tag-download","17":"product_tag-efro","18":"product_tag-fingering","19":"product_tag-full-hd","20":"product_tag-girlfriend","21":"product_tag-human-dung","22":"product_tag-human-scat","23":"product_tag-inhale","24":"product_tag-inhaling","25":"product_tag-jumpsuit","26":"product_tag-loveswing","27":"product_tag-lyndra-lynn","28":"product_tag-maid","29":"product_tag-masturbate","30":"product_tag-masturbation","31":"product_tag-messy","32":"product_tag-naked","33":"product_tag-orgasm","34":"product_tag-poop","35":"product_tag-pooping","36":"product_tag-prostate","37":"product_tag-pussy","38":"product_tag-scat","39":"product_tag-season-4","40":"product_tag-sensual","41":"product_tag-sissy","42":"product_tag-smearing","43":"product_tag-strapon","44":"product_tag-ultra-hd","45":"product_tag-waifu","46":"pa_length-56-minutes","47":"pa_product-type-digital-download-full-hd-video","48":"pa_product-type-digital-download-ultra-hd-video","49":"pa_product-type-usb-stick","50":"pa_video-info-full-hd-1920x1080p","51":"pa_video-info-ultra-hd-4k","52":"desktop-align-center","53":"tablet-align-left","54":"mobile-align-left","56":"first","57":"instock","58":"shipping-taxable","59":"purchasable","60":"product-type-variable","61":"has-default-attributes"},"exclude_global_add_ons":[],"addons":[],"acf":[],"yoast_head":"<!-- This site is optimized with the Yoast SEO Premium plugin v27.1 (Yoast SEO v27.1.1) - https:\/\/yoast.com\/product\/yoast-seo-premium-wordpress\/ -->\n<title>Lyndra Lynn - My Girlfriend&#039;s Gift - ManureFetish - love swing scat fuck<\/title>\n<meta name=\"description\" content=\"Lyndra Lynn - My Girlfriend&#039;s Gift, I got some Aroma and some save shit from my for my boyfriend I wanted to do something very filthy special\" \/>\n<meta name=\"robots\" content=\"index, follow, max-snippet:-1, max-image-preview:large, max-video-preview:-1\" \/>\n<link rel=\"canonical\" href=\"https:\/\/manurefetish.com\/it\/shop\/videos\/lyndra-lynn-my-girlfriends-gift\/\" \/>\n<meta property=\"og:locale\" content=\"it_IT\" \/>\n<meta property=\"og:type\" content=\"article\" \/>\n<meta property=\"og:title\" content=\"Lyndra Lynn - My Girlfriend&#039;s Gift\" \/>\n<meta property=\"og:description\" content=\"Lyndra Lynn - My Girlfriend&#039;s Gift, I got some Aroma and some save shit from my for my boyfriend I wanted to do something very filthy special\" \/>\n<meta property=\"og:url\" content=\"https:\/\/manurefetish.com\/it\/shop\/videos\/lyndra-lynn-my-girlfriends-gift\/\" \/>\n<meta property=\"og:site_name\" content=\"ManureFetish\" \/>\n<meta property=\"article:publisher\" content=\"https:\/\/www.facebook.com\/manurefetish\/\" \/>\n<meta property=\"article:modified_time\" content=\"2026-03-24T14:27:34+00:00\" \/>\n<meta property=\"og:image\" content=\"https:\/\/manurefetish.com\/wp-content\/uploads\/2023\/12\/Lyndra-Lynn-My-Girlfriends-gift.jpg\" \/>\n\t<meta property=\"og:image:width\" content=\"1728\" \/>\n\t<meta property=\"og:image:height\" content=\"576\" \/>\n\t<meta property=\"og:image:type\" content=\"image\/jpeg\" \/>\n<meta name=\"twitter:card\" content=\"summary_large_image\" \/>\n<meta name=\"twitter:site\" content=\"@Manurefetisch\" \/>\n<script type=\"application\/ld+json\" class=\"yoast-schema-graph\">{\"@context\":\"https:\/\/schema.org\",\"@graph\":[{\"@type\":\"WebPage\",\"@id\":\"https:\/\/manurefetish.com\/shop\/videos\/lyndra-lynn-my-girlfriends-gift\/\",\"url\":\"https:\/\/manurefetish.com\/shop\/videos\/lyndra-lynn-my-girlfriends-gift\/\",\"name\":\"Lyndra Lynn - My Girlfriend's Gift - ManureFetish - love swing scat fuck\",\"isPartOf\":{\"@id\":\"https:\/\/manurefetish.com\/#website\"},\"primaryImageOfPage\":{\"@id\":\"https:\/\/manurefetish.com\/shop\/videos\/lyndra-lynn-my-girlfriends-gift\/#primaryimage\"},\"image\":{\"@id\":\"https:\/\/manurefetish.com\/shop\/videos\/lyndra-lynn-my-girlfriends-gift\/#primaryimage\"},\"thumbnailUrl\":\"https:\/\/manurefetish.b-cdn.net\/wp-content\/uploads\/2023\/12\/Lyndra-Lynn-My-Girlfriends-gift.jpg\",\"datePublished\":\"2023-12-13T13:31:19+00:00\",\"dateModified\":\"2026-03-24T14:27:34+00:00\",\"description\":\"Lyndra Lynn - My Girlfriend's Gift, I got some Aroma and some save shit from my for my boyfriend I wanted to do something very filthy special\",\"breadcrumb\":{\"@id\":\"https:\/\/manurefetish.com\/shop\/videos\/lyndra-lynn-my-girlfriends-gift\/#breadcrumb\"},\"inLanguage\":\"it-IT\",\"potentialAction\":[{\"@type\":\"ReadAction\",\"target\":[\"https:\/\/manurefetish.com\/shop\/videos\/lyndra-lynn-my-girlfriends-gift\/\"]}]},{\"@type\":\"ImageObject\",\"inLanguage\":\"it-IT\",\"@id\":\"https:\/\/manurefetish.com\/shop\/videos\/lyndra-lynn-my-girlfriends-gift\/#primaryimage\",\"url\":\"https:\/\/manurefetish.b-cdn.net\/wp-content\/uploads\/2023\/12\/Lyndra-Lynn-My-Girlfriends-gift.jpg\",\"contentUrl\":\"https:\/\/manurefetish.b-cdn.net\/wp-content\/uploads\/2023\/12\/Lyndra-Lynn-My-Girlfriends-gift.jpg\",\"width\":1728,\"height\":576},{\"@type\":\"BreadcrumbList\",\"@id\":\"https:\/\/manurefetish.com\/shop\/videos\/lyndra-lynn-my-girlfriends-gift\/#breadcrumb\",\"itemListElement\":[{\"@type\":\"ListItem\",\"position\":1,\"name\":\"Home\",\"item\":\"https:\/\/manurefetish.com\/\"},{\"@type\":\"ListItem\",\"position\":2,\"name\":\"Shop\",\"item\":\"https:\/\/manurefetish.com\/shop\/\"},{\"@type\":\"ListItem\",\"position\":3,\"name\":\"Videos\",\"item\":\"https:\/\/manurefetish.com\/product-category\/videos\/\"},{\"@type\":\"ListItem\",\"position\":4,\"name\":\"Lyndra Lynn &#8211; My Girlfriend&#8217;s Gift\"}]},{\"@type\":\"WebSite\",\"@id\":\"https:\/\/manurefetish.com\/#website\",\"url\":\"https:\/\/manurefetish.com\/\",\"name\":\"ManureFetish\",\"description\":\"ManureFetish Shop\",\"publisher\":{\"@id\":\"https:\/\/manurefetish.com\/#organization\"},\"potentialAction\":[{\"@type\":\"SearchAction\",\"target\":{\"@type\":\"EntryPoint\",\"urlTemplate\":\"https:\/\/manurefetish.com\/?s={search_term_string}\"},\"query-input\":{\"@type\":\"PropertyValueSpecification\",\"valueRequired\":true,\"valueName\":\"search_term_string\"}}],\"inLanguage\":\"it-IT\"},{\"@type\":\"Organization\",\"@id\":\"https:\/\/manurefetish.com\/#organization\",\"name\":\"ManureFetish.com\",\"url\":\"https:\/\/manurefetish.com\/\",\"logo\":{\"@type\":\"ImageObject\",\"inLanguage\":\"it-IT\",\"@id\":\"https:\/\/manurefetish.com\/#\/schema\/logo\/image\/\",\"url\":\"https:\/\/manurefetish.com\/wp-content\/uploads\/2019\/06\/1000xmanurefetishcom-michaela-logo-website-shop.png\",\"contentUrl\":\"https:\/\/manurefetish.com\/wp-content\/uploads\/2019\/06\/1000xmanurefetishcom-michaela-logo-website-shop.png\",\"width\":1000,\"height\":632,\"caption\":\"ManureFetish.com\"},\"image\":{\"@id\":\"https:\/\/manurefetish.com\/#\/schema\/logo\/image\/\"},\"sameAs\":[\"https:\/\/www.facebook.com\/manurefetish\/\",\"https:\/\/x.com\/Manurefetisch\",\"https:\/\/www.youtube.com\/c\/ManureFetish\"],\"description\":\"We're creating various fetish content with female and male models alike.\",\"foundingDate\":\"2019-07-04\",\"vatID\":\"DE366928521\",\"numberOfEmployees\":{\"@type\":\"QuantitativeValue\",\"minValue\":\"1\",\"maxValue\":\"10\"}}]}<\/script>\n<meta property=\"og:availability\" content=\"instock\" \/>\n<meta property=\"product:availability\" content=\"instock\" \/>\n<meta property=\"product:retailer_item_id\" content=\"MFW-LLMGG\" \/>\n<meta property=\"product:condition\" content=\"new\" \/>\n<!-- \/ Yoast SEO Premium plugin. -->","yoast_head_json":{"title":"Lyndra Lynn - Il regalo della mia ragazza - ManureFetish - scopata scat dell'amore","description":"Lyndra Lynn - Regalo per la mia ragazza, ho ricevuto un po' di Aroma e un po' di roba da salvare per il mio ragazzo, volevo fare qualcosa di molto sporco e speciale.","robots":{"index":"index","follow":"follow","max-snippet":"max-snippet:-1","max-image-preview":"max-image-preview:large","max-video-preview":"max-video-preview:-1"},"canonical":"https:\/\/manurefetish.com\/it\/shop\/videos\/lyndra-lynn-my-girlfriends-gift\/","og_locale":"it_IT","og_type":"article","og_title":"Lyndra Lynn - My Girlfriend's Gift","og_description":"Lyndra Lynn - My Girlfriend's Gift, I got some Aroma and some save shit from my for my boyfriend I wanted to do something very filthy special","og_url":"https:\/\/manurefetish.com\/it\/shop\/videos\/lyndra-lynn-my-girlfriends-gift\/","og_site_name":"ManureFetish","article_publisher":"https:\/\/www.facebook.com\/manurefetish\/","article_modified_time":"2026-03-24T14:27:34+00:00","og_image":[{"width":1728,"height":576,"url":"https:\/\/manurefetish.com\/wp-content\/uploads\/2023\/12\/Lyndra-Lynn-My-Girlfriends-gift.jpg","type":"image\/jpeg"}],"twitter_card":"summary_large_image","twitter_site":"@Manurefetisch","schema":{"@context":"https:\/\/schema.org","@graph":[{"@type":"WebPage","@id":"https:\/\/manurefetish.com\/shop\/videos\/lyndra-lynn-my-girlfriends-gift\/","url":"https:\/\/manurefetish.com\/shop\/videos\/lyndra-lynn-my-girlfriends-gift\/","name":"Lyndra Lynn - Il regalo della mia ragazza - ManureFetish - scopata scat dell'amore","isPartOf":{"@id":"https:\/\/manurefetish.com\/#website"},"primaryImageOfPage":{"@id":"https:\/\/manurefetish.com\/shop\/videos\/lyndra-lynn-my-girlfriends-gift\/#primaryimage"},"image":{"@id":"https:\/\/manurefetish.com\/shop\/videos\/lyndra-lynn-my-girlfriends-gift\/#primaryimage"},"thumbnailUrl":"https:\/\/manurefetish.b-cdn.net\/wp-content\/uploads\/2023\/12\/Lyndra-Lynn-My-Girlfriends-gift.jpg","datePublished":"2023-12-13T13:31:19+00:00","dateModified":"2026-03-24T14:27:34+00:00","description":"Lyndra Lynn - Regalo per la mia ragazza, ho ricevuto un po' di Aroma e un po' di roba da salvare per il mio ragazzo, volevo fare qualcosa di molto sporco e speciale.","breadcrumb":{"@id":"https:\/\/manurefetish.com\/shop\/videos\/lyndra-lynn-my-girlfriends-gift\/#breadcrumb"},"inLanguage":"it-IT","potentialAction":[{"@type":"ReadAction","target":["https:\/\/manurefetish.com\/shop\/videos\/lyndra-lynn-my-girlfriends-gift\/"]}]},{"@type":"ImageObject","inLanguage":"it-IT","@id":"https:\/\/manurefetish.com\/shop\/videos\/lyndra-lynn-my-girlfriends-gift\/#primaryimage","url":"https:\/\/manurefetish.b-cdn.net\/wp-content\/uploads\/2023\/12\/Lyndra-Lynn-My-Girlfriends-gift.jpg","contentUrl":"https:\/\/manurefetish.b-cdn.net\/wp-content\/uploads\/2023\/12\/Lyndra-Lynn-My-Girlfriends-gift.jpg","width":1728,"height":576},{"@type":"BreadcrumbList","@id":"https:\/\/manurefetish.com\/shop\/videos\/lyndra-lynn-my-girlfriends-gift\/#breadcrumb","itemListElement":[{"@type":"ListItem","position":1,"name":"Home","item":"https:\/\/manurefetish.com\/"},{"@type":"ListItem","position":2,"name":"Shop","item":"https:\/\/manurefetish.com\/shop\/"},{"@type":"ListItem","position":3,"name":"Videos","item":"https:\/\/manurefetish.com\/product-category\/videos\/"},{"@type":"ListItem","position":4,"name":"Lyndra Lynn &#8211; My Girlfriend&#8217;s Gift"}]},{"@type":"WebSite","@id":"https:\/\/manurefetish.com\/#website","url":"https:\/\/manurefetish.com\/","name":"ManureFetish","description":"Negozio ManureFetish","publisher":{"@id":"https:\/\/manurefetish.com\/#organization"},"potentialAction":[{"@type":"SearchAction","target":{"@type":"EntryPoint","urlTemplate":"https:\/\/manurefetish.com\/?s={search_term_string}"},"query-input":{"@type":"PropertyValueSpecification","valueRequired":true,"valueName":"search_term_string"}}],"inLanguage":"it-IT"},{"@type":"Organization","@id":"https:\/\/manurefetish.com\/#organization","name":"ManureFetish.com","url":"https:\/\/manurefetish.com\/","logo":{"@type":"ImageObject","inLanguage":"it-IT","@id":"https:\/\/manurefetish.com\/#\/schema\/logo\/image\/","url":"https:\/\/manurefetish.com\/wp-content\/uploads\/2019\/06\/1000xmanurefetishcom-michaela-logo-website-shop.png","contentUrl":"https:\/\/manurefetish.com\/wp-content\/uploads\/2019\/06\/1000xmanurefetishcom-michaela-logo-website-shop.png","width":1000,"height":632,"caption":"ManureFetish.com"},"image":{"@id":"https:\/\/manurefetish.com\/#\/schema\/logo\/image\/"},"sameAs":["https:\/\/www.facebook.com\/manurefetish\/","https:\/\/x.com\/Manurefetisch","https:\/\/www.youtube.com\/c\/ManureFetish"],"description":"Stiamo creando vari contenuti fetish con modelli femminili e maschili.","foundingDate":"2019-07-04","vatID":"DE366928521","numberOfEmployees":{"@type":"QuantitativeValue","minValue":"1","maxValue":"10"}}]},"og_availability":"instock","product_availability":"instock","product_retailer_item_id":"MFW-LLMGG","product_condition":"new"},"_links":{"self":[{"href":"https:\/\/manurefetish.com\/it\/wp-json\/wp\/v2\/product\/122330","targetHints":{"allow":["GET"]}}],"collection":[{"href":"https:\/\/manurefetish.com\/it\/wp-json\/wp\/v2\/product"}],"about":[{"href":"https:\/\/manurefetish.com\/it\/wp-json\/wp\/v2\/types\/product"}],"replies":[{"embeddable":true,"href":"https:\/\/manurefetish.com\/it\/wp-json\/wp\/v2\/comments?post=122330"}],"version-history":[{"count":0,"href":"https:\/\/manurefetish.com\/it\/wp-json\/wp\/v2\/product\/122330\/revisions"}],"wp:featuredmedia":[{"embeddable":true,"href":"https:\/\/manurefetish.com\/it\/wp-json\/wp\/v2\/media\/199191"}],"wp:attachment":[{"href":"https:\/\/manurefetish.com\/it\/wp-json\/wp\/v2\/media?parent=122330"}],"wp:term":[{"taxonomy":"product_brand","embeddable":true,"href":"https:\/\/manurefetish.com\/it\/wp-json\/wp\/v2\/product_brand?post=122330"},{"taxonomy":"product_cat","embeddable":true,"href":"https:\/\/manurefetish.com\/it\/wp-json\/wp\/v2\/product_cat?post=122330"},{"taxonomy":"product_tag","embeddable":true,"href":"https:\/\/manurefetish.com\/it\/wp-json\/wp\/v2\/product_tag?post=122330"}],"curies":[{"name":"wp","href":"https:\/\/api.w.org\/{rel}","templated":true}]}}