{"id":1378,"date":"2019-06-19T21:56:11","date_gmt":"2019-06-19T21:56:11","guid":{"rendered":"https:\/\/manurefetish.com\/terms\/"},"modified":"2025-04-04T14:28:02","modified_gmt":"2025-04-04T12:28:02","slug":"terms","status":"publish","type":"page","link":"https:\/\/manurefetish.com\/it\/terms\/","title":{"rendered":"Termini e condizioni"},"content":{"rendered":"<h1><\/h1>\n<h1>Termini e condizioni generali \/ Termini di utilizzo<\/h1>\n<p><strong>I. Informazioni generali<\/strong><br \/>\n1) Il sito web \u00e8 gestito dal <a href=\"https:\/\/manurefetish.com\/it\/imprint\/\" target=\"_blank\" rel=\"noopener noreferrer\">Operatore\/fornitore<\/a> nominato nell'imprinting. Egli si assume la responsabilit\u00e0 legale dei contenuti del sito. Allo stesso tempo, \u00e8 la persona di riferimento per le richieste degli utenti, in particolare per le domande relative ai pagamenti e ai servizi.<br \/>\n2. Il gestore non garantisce la disponibilit\u00e0 costante dell'offerta Internet. Tuttavia, si impegner\u00e0 al massimo per garantire una disponibilit\u00e0 costante.<br \/>\n3.il gestore non \u00e8 in ogni caso responsabile dei link esterni. Tuttavia, egli provveder\u00e0 a rimuoverli immediatamente dopo essere venuto a conoscenza di una possibile obiezione legale.<br \/>\n4. La pagina Internet \u00e8 predisposta per l'utilizzo di browser standard (compatibili con HTML2). La risoluzione ottimale dello schermo \u00e8 1280 x 800, quella minima 1024 x 600. Si deve tenere conto di eventuali barre degli strumenti installate sul computer dell'utente. Inoltre, \u00e8 richiesta l'approvazione di Java-Script e un Flash-Player installato (versione minima 10.1). \u00c8 inoltre necessaria una connessione DSL, soprattutto per le offerte video e la live chat.<br \/>\n5.tutti i contenuti del sito web sono soggetti al copyright dell'operatore e non possono essere utilizzati o pubblicati altrove senza l'espressa autorizzazione scritta dell'operatore.<\/p>\n<p><strong>II. registrazione dell'utente sul sito web<\/strong><br \/>\n1) Registrandosi sul Sito, l'utente accetta le presenti Condizioni d'uso (NUB) nella loro interezza e senza limitazioni.<br \/>\n2) Solo le persone maggiorenni possono registrarsi sul Sito.<br \/>\n3.il nome dell'utente (alias) \u00e8 liberamente selezionabile (se non ancora documentato).<br \/>\n4.la password \u00e8 liberamente selezionabile dall'utente durante la registrazione. La password scelta \u00e8 riservata e non pu\u00f2 essere trasmessa a terzi.<br \/>\n5.soprattutto i minori non possono accedere al sito in nessuna forma.<br \/>\n6.l'utente pu\u00f2 utilizzare l'offerta - in particolare le aree a pagamento - solo da un PC.<br \/>\n7. Con la registrazione l'utente \u00e8 in grado di utilizzare le offerte gratuite del sito web. Da ci\u00f2 non derivano costi o spese conseguenti.<br \/>\n8 Il gestore della pagina Internet si riserva il diritto di inviare occasionalmente e in modo irregolare agli utenti informazioni sull'offerta Internet del gestore tramite e-mail. Queste NewsLetter possono essere cancellate in qualsiasi momento indipendentemente dalla registrazione.<\/p>\n<p><strong>III. pagamento dei servizi a pagamento<\/strong><br \/>\n1.per poter utilizzare i servizi a pagamento (on-demand - ad es. gallerie di immagini, video, chat con cam private) sul sito web, il relativo prodotto deve essere acquistato tramite un pagamento unico. Questi possono essere acquistati attraverso i cosiddetti metodi di pagamento online. A tal fine vengono utilizzati anche fornitori di servizi di pagamento esterni.<br \/>\n2.L'intenzione di acquisto da parte dell'utente diventa vincolante con la semplice conferma del pulsante corrispondente dopo la selezione della tariffa desiderata in base alla modalit\u00e0 di pagamento scelta.<br \/>\n3. durante il processo di pagamento fino al completamento del pagamento completo, l'operatore ha assegnato i crediti al rispettivo fornitore di servizi di pagamento. Ci\u00f2 vale anche per un'eventuale riscossione, avviata ad esempio a causa di addebiti diretti restituiti o di pagamenti disconosciuti.<br \/>\n4. sul sito web non vengono realizzati abbonamenti o pagamenti automatici ricorrenti.<br \/>\n5.i dati personali forniti al fornitore di servizi di pagamento - in particolare le informazioni relative alla carta di credito e al conto - saranno conservati e trattati esclusivamente dal fornitore di servizi di pagamento in conformit\u00e0 alle disposizioni di legge.<br \/>\n6.per quanto riguarda i pagamenti si applicano i termini e le condizioni del rispettivo fornitore di servizi di pagamento.<br \/>\n7.in caso di pagamento andato a buon fine e di immediata notifica elettronica da parte del fornitore di servizi di pagamento, il prodotto acquistato sar\u00e0 attivato per il download nel numero appropriato immediatamente nell'account dell'utente.<br \/>\n8. L'utente non ha alcuna pretesa di poter utilizzare in futuro un metodo di pagamento gi\u00e0 utilizzato.<br \/>\n9. I codici coupon non possono essere combinati con gli sconti di vendita. Se i codici coupon sono applicati nel carrello, lo sconto sulle vendite non viene applicato a questi articoli; l'importo finale viene visualizzato nella pagina di checkout finale.<br \/>\n10. Subito dopo l'accertamento del pagamento, il prodotto acquistato viene attivato sull'account dell'utente e da quel momento pu\u00f2 essere scaricato e visualizzato.<\/p>\n<p><strong>IV. varie<\/strong><br \/>\n1.l'utente riconosce di doversi aspettare conseguenze legali in caso di mancato rispetto delle presenti condizioni di utilizzo.<br \/>\n2.l'utilizzo dei servizi di avviene a proprio rischio. In particolare, il gestore del sito web non \u00e8 responsabile per eventuali danni, compresi quelli derivanti dalla perdita di dati a causa del download o dell'utilizzo di software, contenuti multimediali o altri contenuti.<br \/>\n3.l'operatore del sito web \u00e8 responsabile, indipendentemente dalla ragione legale, solo per i danni causati da lui intenzionalmente o per grave negligenza. L'ammontare della responsabilit\u00e0 \u00e8 limitato all'importo che l'utente ha pagato per il servizio. Ogni ulteriore richiesta di risarcimento danni, anche per eventuali danni conseguenti, \u00e8 espressamente esclusa.<br \/>\n4 L'utente \u00e8 consapevole del fatto che i dati di connessione vengono memorizzati a fini statistici e, nel caso di servizi a pagamento, come prova di prestazione. Inoltre, sul disco rigido dell'utente vengono memorizzati cookie innocui in termini di sicurezza. Tutti i dati memorizzati dall'operatore non saranno trasmessi a terzi.<br \/>\n5) Sul sito Internet i marchi citati sono di propriet\u00e0 dei rispettivi titolari.<br \/>\n6) Si applica il diritto della sede del gestore del sito web - allo stesso modo, il foro competente \u00e8 la sede del gestore come concordato.<\/p>\n<p><strong>V. Aste<\/strong><br \/>\n1.Quando presenta un'offerta, l'acquirente \u00e8 consapevole che viene creato un contratto di vendita vincolante. Che lo obbliga a pagare un'asta vinta.<br \/>\n2. Non \u00e8 pi\u00f9 possibile ritirare un'offerta dopo che \u00e8 stata piazzata.<br \/>\n3.L'oggetto messo all'asta deve essere pagato entro una settimana dalla conclusione dell'asta.<br \/>\n4 Dopo l'aggiudicazione di un'asta, non \u00e8 pi\u00f9 possibile ritirare l'offerta.<br \/>\n5) Se il pagamento viene rifiutato dopo che l'asta \u00e8 stata vinta e conclusa, la penale \u00e8 di 100 \u20ac pi\u00f9 l'offerta vincente. Inoltre, verranno intraprese azioni legali e l'asta verr\u00e0 trasferita al successivo miglior offerente.(vedi punto 6)<br \/>\n6) Nel caso in cui il miglior offerente non adempia all'obbligo di pagamento, la vittoria dell'asta viene trasferita al successivo miglior offerente. Anche questa persona \u00e8 legalmente obbligata a rispettare il contratto di acquisto.<\/p>\n<p>7) I coupon e i buoni non possono essere utilizzati con le aste o su articoli provenienti da aste.<br \/>\n8) Con la tua offerta accetti il nostro costo di imballaggio e spedizione per il tuo paese, che puoi trovare qui.\u00a0<a href=\"https:\/\/manurefetish.com\/it\/shipping-methods\/\" target=\"_blank\" rel=\"noopener\">Costo della spedizione<\/a><\/p>\n<p><strong>VI. Sistema di punti fedelt\u00e0 e premi<\/strong><\/p>\n<p>Abuso del sistema di punti<\/p>\n<p>Non \u00e8 consentito abusare deliberatamente del sistema di punti e premi. Ci\u00f2 include:<\/p>\n<ol>\n<li>Creare un secondo account per utilizzare i vantaggi del programma di referral.<\/li>\n<li>condividere i codici coupon che avete sbloccato nel sistema di ricompense<\/li>\n<li>Abusare dei bug in generale per trarne vantaggi o generare punti in qualsiasi modo non previsto.<\/li>\n<li>Utilizzo di bot per la registrazione di account utente attraverso il programma di referral.<\/li>\n<\/ol>\n<p>Se si verifica uno dei casi sopra descritti, l'utente ricever\u00e0 innanzitutto un avvertimento e i punti e i premi sbloccati saranno rimossi. A seconda della gravit\u00e0, bloccheremo anche il tuo account.<\/p>","protected":false},"excerpt":{"rendered":"<p>General Terms and Conditions \/ Terms of Use I. General information 1) The website is maintained by the Operator\/provider named in the imprint. He takes over the legal responsibility for the content of the site. At the same time, he is the contact person for inquiries by users &#8211; especially for questions regarding payments and [&hellip;]<\/p>\n","protected":false},"author":1,"featured_media":0,"parent":0,"menu_order":0,"comment_status":"closed","ping_status":"closed","template":"","meta":{"_acf_changed":false,"site-sidebar-layout":"default","site-content-layout":"","ast-site-content-layout":"default","site-content-style":"default","site-sidebar-style":"default","ast-global-header-display":"","ast-banner-title-visibility":"","ast-main-header-display":"","ast-hfb-above-header-display":"","ast-hfb-below-header-display":"","ast-hfb-mobile-header-display":"","site-post-title":"","ast-breadcrumbs-content":"","ast-featured-img":"","footer-sml-layout":"","ast-disable-related-posts":"","theme-transparent-header-meta":"","adv-header-id-meta":"","stick-header-meta":"","header-above-stick-meta":"","header-main-stick-meta":"","header-below-stick-meta":"","astra-migrate-meta-layouts":"default","ast-page-background-enabled":"default","ast-page-background-meta":{"desktop":{"background-color":"var(--ast-global-color-4)","background-image":"","background-repeat":"repeat","background-position":"center center","background-size":"auto","background-attachment":"scroll","background-type":"","background-media":"","overlay-type":"","overlay-color":"","overlay-opacity":"","overlay-gradient":""},"tablet":{"background-color":"","background-image":"","background-repeat":"repeat","background-position":"center center","background-size":"auto","background-attachment":"scroll","background-type":"","background-media":"","overlay-type":"","overlay-color":"","overlay-opacity":"","overlay-gradient":""},"mobile":{"background-color":"","background-image":"","background-repeat":"repeat","background-position":"center center","background-size":"auto","background-attachment":"scroll","background-type":"","background-media":"","overlay-type":"","overlay-color":"","overlay-opacity":"","overlay-gradient":""}},"ast-content-background-meta":{"desktop":{"background-color":"var(--ast-global-color-5)","background-image":"","background-repeat":"repeat","background-position":"center center","background-size":"auto","background-attachment":"scroll","background-type":"","background-media":"","overlay-type":"","overlay-color":"","overlay-opacity":"","overlay-gradient":""},"tablet":{"background-color":"var(--ast-global-color-5)","background-image":"","background-repeat":"repeat","background-position":"center center","background-size":"auto","background-attachment":"scroll","background-type":"","background-media":"","overlay-type":"","overlay-color":"","overlay-opacity":"","overlay-gradient":""},"mobile":{"background-color":"var(--ast-global-color-5)","background-image":"","background-repeat":"repeat","background-position":"center center","background-size":"auto","background-attachment":"scroll","background-type":"","background-media":"","overlay-type":"","overlay-color":"","overlay-opacity":"","overlay-gradient":""}},"footnotes":""},"class_list":["post-1378","page","type-page","status-publish","hentry"],"acf":[],"yoast_head":"<!-- This site is optimized with the Yoast SEO Premium plugin v27.1 (Yoast SEO v27.1.1) - https:\/\/yoast.com\/product\/yoast-seo-premium-wordpress\/ -->\n<title>Terms &amp; Conditions - ManureFetish - read about our Terms<\/title>\n<meta name=\"description\" content=\"Here you can read about our Terms and Conditions and how we do business with you. Every legal information you need to know.\" \/>\n<meta name=\"robots\" content=\"index, follow, max-snippet:-1, max-image-preview:large, max-video-preview:-1\" \/>\n<link rel=\"canonical\" href=\"https:\/\/manurefetish.com\/it\/terms\/\" \/>\n<meta property=\"og:locale\" content=\"it_IT\" \/>\n<meta property=\"og:type\" content=\"article\" \/>\n<meta property=\"og:title\" content=\"Terms &amp; Conditions\" \/>\n<meta property=\"og:description\" content=\"Here you can read about our Terms and Conditions and how we do business with you. Every legal information you need to know.\" \/>\n<meta property=\"og:url\" content=\"https:\/\/manurefetish.com\/it\/terms\/\" \/>\n<meta property=\"og:site_name\" content=\"ManureFetish\" \/>\n<meta property=\"article:publisher\" content=\"https:\/\/www.facebook.com\/manurefetish\/\" \/>\n<meta property=\"article:modified_time\" content=\"2025-04-04T12:28:02+00:00\" \/>\n<meta name=\"twitter:card\" content=\"summary_large_image\" \/>\n<meta name=\"twitter:site\" content=\"@Manurefetisch\" \/>\n<script type=\"application\/ld+json\" class=\"yoast-schema-graph\">{\"@context\":\"https:\/\/schema.org\",\"@graph\":[{\"@type\":\"WebPage\",\"@id\":\"https:\/\/manurefetish.com\/terms\/\",\"url\":\"https:\/\/manurefetish.com\/terms\/\",\"name\":\"Terms & Conditions - ManureFetish - read about our Terms\",\"isPartOf\":{\"@id\":\"https:\/\/manurefetish.com\/#website\"},\"datePublished\":\"2019-06-19T21:56:11+00:00\",\"dateModified\":\"2025-04-04T12:28:02+00:00\",\"description\":\"Here you can read about our Terms and Conditions and how we do business with you. Every legal information you need to know.\",\"breadcrumb\":{\"@id\":\"https:\/\/manurefetish.com\/terms\/#breadcrumb\"},\"inLanguage\":\"it-IT\",\"potentialAction\":[{\"@type\":\"ReadAction\",\"target\":[\"https:\/\/manurefetish.com\/terms\/\"]}]},{\"@type\":\"BreadcrumbList\",\"@id\":\"https:\/\/manurefetish.com\/terms\/#breadcrumb\",\"itemListElement\":[{\"@type\":\"ListItem\",\"position\":1,\"name\":\"Home\",\"item\":\"https:\/\/manurefetish.com\/\"},{\"@type\":\"ListItem\",\"position\":2,\"name\":\"Terms &#038; Conditions\"}]},{\"@type\":\"WebSite\",\"@id\":\"https:\/\/manurefetish.com\/#website\",\"url\":\"https:\/\/manurefetish.com\/\",\"name\":\"ManureFetish\",\"description\":\"ManureFetish Shop\",\"publisher\":{\"@id\":\"https:\/\/manurefetish.com\/#organization\"},\"potentialAction\":[{\"@type\":\"SearchAction\",\"target\":{\"@type\":\"EntryPoint\",\"urlTemplate\":\"https:\/\/manurefetish.com\/?s={search_term_string}\"},\"query-input\":{\"@type\":\"PropertyValueSpecification\",\"valueRequired\":true,\"valueName\":\"search_term_string\"}}],\"inLanguage\":\"it-IT\"},{\"@type\":\"Organization\",\"@id\":\"https:\/\/manurefetish.com\/#organization\",\"name\":\"ManureFetish.com\",\"url\":\"https:\/\/manurefetish.com\/\",\"logo\":{\"@type\":\"ImageObject\",\"inLanguage\":\"it-IT\",\"@id\":\"https:\/\/manurefetish.com\/#\/schema\/logo\/image\/\",\"url\":\"https:\/\/manurefetish.com\/wp-content\/uploads\/2019\/06\/1000xmanurefetishcom-michaela-logo-website-shop.png\",\"contentUrl\":\"https:\/\/manurefetish.com\/wp-content\/uploads\/2019\/06\/1000xmanurefetishcom-michaela-logo-website-shop.png\",\"width\":1000,\"height\":632,\"caption\":\"ManureFetish.com\"},\"image\":{\"@id\":\"https:\/\/manurefetish.com\/#\/schema\/logo\/image\/\"},\"sameAs\":[\"https:\/\/www.facebook.com\/manurefetish\/\",\"https:\/\/x.com\/Manurefetisch\",\"https:\/\/www.youtube.com\/c\/ManureFetish\"],\"description\":\"We're creating various fetish content with female and male models alike.\",\"foundingDate\":\"2019-07-04\",\"vatID\":\"DE366928521\",\"numberOfEmployees\":{\"@type\":\"QuantitativeValue\",\"minValue\":\"1\",\"maxValue\":\"10\"}}]}<\/script>\n<!-- \/ Yoast SEO Premium plugin. -->","yoast_head_json":{"title":"Termini e condizioni - ManureFetish - leggi i nostri Termini e condizioni","description":"Qui potete leggere i nostri Termini e Condizioni e le modalit\u00e0 con cui operiamo con voi. Tutte le informazioni legali che dovete sapere.","robots":{"index":"index","follow":"follow","max-snippet":"max-snippet:-1","max-image-preview":"max-image-preview:large","max-video-preview":"max-video-preview:-1"},"canonical":"https:\/\/manurefetish.com\/it\/terms\/","og_locale":"it_IT","og_type":"article","og_title":"Terms & Conditions","og_description":"Here you can read about our Terms and Conditions and how we do business with you. Every legal information you need to know.","og_url":"https:\/\/manurefetish.com\/it\/terms\/","og_site_name":"ManureFetish","article_publisher":"https:\/\/www.facebook.com\/manurefetish\/","article_modified_time":"2025-04-04T12:28:02+00:00","twitter_card":"summary_large_image","twitter_site":"@Manurefetisch","schema":{"@context":"https:\/\/schema.org","@graph":[{"@type":"WebPage","@id":"https:\/\/manurefetish.com\/terms\/","url":"https:\/\/manurefetish.com\/terms\/","name":"Termini e condizioni - ManureFetish - leggi i nostri Termini e condizioni","isPartOf":{"@id":"https:\/\/manurefetish.com\/#website"},"datePublished":"2019-06-19T21:56:11+00:00","dateModified":"2025-04-04T12:28:02+00:00","description":"Qui potete leggere i nostri Termini e Condizioni e le modalit\u00e0 con cui operiamo con voi. Tutte le informazioni legali che dovete sapere.","breadcrumb":{"@id":"https:\/\/manurefetish.com\/terms\/#breadcrumb"},"inLanguage":"it-IT","potentialAction":[{"@type":"ReadAction","target":["https:\/\/manurefetish.com\/terms\/"]}]},{"@type":"BreadcrumbList","@id":"https:\/\/manurefetish.com\/terms\/#breadcrumb","itemListElement":[{"@type":"ListItem","position":1,"name":"Home","item":"https:\/\/manurefetish.com\/"},{"@type":"ListItem","position":2,"name":"Terms &#038; Conditions"}]},{"@type":"WebSite","@id":"https:\/\/manurefetish.com\/#website","url":"https:\/\/manurefetish.com\/","name":"ManureFetish","description":"Negozio ManureFetish","publisher":{"@id":"https:\/\/manurefetish.com\/#organization"},"potentialAction":[{"@type":"SearchAction","target":{"@type":"EntryPoint","urlTemplate":"https:\/\/manurefetish.com\/?s={search_term_string}"},"query-input":{"@type":"PropertyValueSpecification","valueRequired":true,"valueName":"search_term_string"}}],"inLanguage":"it-IT"},{"@type":"Organization","@id":"https:\/\/manurefetish.com\/#organization","name":"ManureFetish.com","url":"https:\/\/manurefetish.com\/","logo":{"@type":"ImageObject","inLanguage":"it-IT","@id":"https:\/\/manurefetish.com\/#\/schema\/logo\/image\/","url":"https:\/\/manurefetish.com\/wp-content\/uploads\/2019\/06\/1000xmanurefetishcom-michaela-logo-website-shop.png","contentUrl":"https:\/\/manurefetish.com\/wp-content\/uploads\/2019\/06\/1000xmanurefetishcom-michaela-logo-website-shop.png","width":1000,"height":632,"caption":"ManureFetish.com"},"image":{"@id":"https:\/\/manurefetish.com\/#\/schema\/logo\/image\/"},"sameAs":["https:\/\/www.facebook.com\/manurefetish\/","https:\/\/x.com\/Manurefetisch","https:\/\/www.youtube.com\/c\/ManureFetish"],"description":"Stiamo creando vari contenuti fetish con modelli femminili e maschili.","foundingDate":"2019-07-04","vatID":"DE366928521","numberOfEmployees":{"@type":"QuantitativeValue","minValue":"1","maxValue":"10"}}]}},"_links":{"self":[{"href":"https:\/\/manurefetish.com\/it\/wp-json\/wp\/v2\/pages\/1378","targetHints":{"allow":["GET"]}}],"collection":[{"href":"https:\/\/manurefetish.com\/it\/wp-json\/wp\/v2\/pages"}],"about":[{"href":"https:\/\/manurefetish.com\/it\/wp-json\/wp\/v2\/types\/page"}],"author":[{"embeddable":true,"href":"https:\/\/manurefetish.com\/it\/wp-json\/wp\/v2\/users\/1"}],"replies":[{"embeddable":true,"href":"https:\/\/manurefetish.com\/it\/wp-json\/wp\/v2\/comments?post=1378"}],"version-history":[{"count":0,"href":"https:\/\/manurefetish.com\/it\/wp-json\/wp\/v2\/pages\/1378\/revisions"}],"wp:attachment":[{"href":"https:\/\/manurefetish.com\/it\/wp-json\/wp\/v2\/media?parent=1378"}],"curies":[{"name":"wp","href":"https:\/\/api.w.org\/{rel}","templated":true}]}}