{"id":8612,"date":"2020-07-05T19:45:34","date_gmt":"2020-07-05T18:45:34","guid":{"rendered":"https:\/\/manurefetish.com\/?post_type=product&#038;p=8612"},"modified":"2026-03-24T17:18:21","modified_gmt":"2026-03-24T16:18:21","slug":"manure-pit-anniversary","status":"publish","type":"product","link":"https:\/\/manurefetish.com\/fr\/shop\/videos\/manure-pit-anniversary\/","title":{"rendered":"Anniversaire de la fosse \u00e0 purin"},"content":{"rendered":"<p>One year has passed since we&#8217;ve launched and with that I&#8217;ve visited the spot known from\u00a0<a href=\"https:\/\/manurefetish.com\/fr\/shop\/men\/manure-pit-channel-fun\/\" target=\"_blank\" rel=\"noopener noreferrer\">Manure Pit &amp; Channel Fun<\/a> to celebrate.<\/p>\n<p>Dans cette vid\u00e9o, je commence par grimper \u00e0 l'int\u00e9rieur de la fosse \u00e0 purin, \u00e9tape par \u00e9tape. Apr\u00e8s avoir tremp\u00e9 mes orteils, je me couvre un peu plus jusqu'\u00e0 ce que j'entre compl\u00e8tement \u00e0 l'int\u00e9rieur, jusqu'au cou. Je nage un peu et je commence \u00e0 me branler pour profiter pleinement du moment. Ensuite, je m'immerge compl\u00e8tement et je continue \u00e0 me branler. Au bout d'un certain temps, je commence \u00e0 me lubrifier et j'ins\u00e8re mon buttplug gonflable. Puis je commence \u00e0 pomper et \u00e0 me branler pour atteindre un orgasme incroyable. \u00c0 la fin, tu vois aussi quelques belles vues de l'int\u00e9rieur de la fosse depuis le bas de l'\u00e9chelle.<\/p>","protected":false},"excerpt":{"rendered":"<p>One year has passed since we&#8217;ve launched and with that I&#8217;ve visited the spot known from\u00a0Manure Pit &amp; Channel Fun to celebrate. This video starts with me climbing inside the manure pit, step by step. After dipping my toes in I cover myself a little bit more till I fully go inside, neck deep. I [&hellip;]<\/p>\n","protected":false},"featured_media":198906,"comment_status":"open","ping_status":"closed","template":"","meta":{"_acf_changed":false,"site-sidebar-layout":"default","site-content-layout":"","ast-site-content-layout":"default","site-content-style":"default","site-sidebar-style":"default","ast-global-header-display":"","ast-banner-title-visibility":"","ast-main-header-display":"","ast-hfb-above-header-display":"","ast-hfb-below-header-display":"","ast-hfb-mobile-header-display":"","site-post-title":"","ast-breadcrumbs-content":"","ast-featured-img":"","footer-sml-layout":"","ast-disable-related-posts":"","theme-transparent-header-meta":"default","adv-header-id-meta":"","stick-header-meta":"","header-above-stick-meta":"","header-main-stick-meta":"","header-below-stick-meta":"","astra-migrate-meta-layouts":"set","ast-page-background-enabled":"default","ast-page-background-meta":{"desktop":{"background-color":"var(--ast-global-color-4)","background-image":"","background-repeat":"repeat","background-position":"center center","background-size":"auto","background-attachment":"scroll","background-type":"","background-media":"","overlay-type":"","overlay-color":"","overlay-opacity":"","overlay-gradient":""},"tablet":{"background-color":"","background-image":"","background-repeat":"repeat","background-position":"center center","background-size":"auto","background-attachment":"scroll","background-type":"","background-media":"","overlay-type":"","overlay-color":"","overlay-opacity":"","overlay-gradient":""},"mobile":{"background-color":"","background-image":"","background-repeat":"repeat","background-position":"center center","background-size":"auto","background-attachment":"scroll","background-type":"","background-media":"","overlay-type":"","overlay-color":"","overlay-opacity":"","overlay-gradient":""}},"ast-content-background-meta":{"desktop":{"background-color":"var(--ast-global-color-5)","background-image":"","background-repeat":"repeat","background-position":"center center","background-size":"auto","background-attachment":"scroll","background-type":"","background-media":"","overlay-type":"","overlay-color":"","overlay-opacity":"","overlay-gradient":""},"tablet":{"background-color":"var(--ast-global-color-5)","background-image":"","background-repeat":"repeat","background-position":"center center","background-size":"auto","background-attachment":"scroll","background-type":"","background-media":"","overlay-type":"","overlay-color":"","overlay-opacity":"","overlay-gradient":""},"mobile":{"background-color":"var(--ast-global-color-5)","background-image":"","background-repeat":"repeat","background-position":"center center","background-size":"auto","background-attachment":"scroll","background-type":"","background-media":"","overlay-type":"","overlay-color":"","overlay-opacity":"","overlay-gradient":""}}},"product_brand":[],"product_cat":[4470],"product_tag":[17,317,22,2281,19,2621,3030,2438,2419,51,2206,35,360,3425,4482,24,277,2201,29,2363],"class_list":{"0":"post-8612","1":"product","2":"type-product","3":"status-publish","4":"has-post-thumbnail","6":"product_cat-videos","7":"product_tag-anal","8":"product_tag-asshole","9":"product_tag-butt-plug","10":"product_tag-completely-submerged","11":"product_tag-cow","12":"product_tag-cow-dung","13":"product_tag-download","14":"product_tag-franky","15":"product_tag-full-hd","16":"product_tag-manure-pit","17":"product_tag-masturbation","18":"product_tag-orgasm","19":"product_tag-outdoor","20":"product_tag-season-1","21":"product_tag-sex-in-cowshit","22":"product_tag-slurry","23":"product_tag-slurry-bath","24":"product_tag-slurry-porn","25":"product_tag-submerging","26":"product_tag-swimming","27":"pa_audio-info-stereo","28":"pa_format-mp4","29":"pa_length-29-minutes","30":"pa_product-type-digital-download-full-hd-video","31":"pa_product-type-digital-download-ultra-hd-video","32":"pa_product-type-usb-stick","33":"pa_productionyear-2198","34":"pa_size-616-gb","35":"pa_video-info-full-hd-1920x1080p","36":"desktop-align-center","37":"tablet-align-left","38":"mobile-align-left","40":"first","41":"instock","42":"featured","43":"shipping-taxable","44":"purchasable","45":"product-type-variable"},"exclude_global_add_ons":[],"addons":[],"acf":[],"yoast_head":"<!-- This site is optimized with the Yoast SEO Premium plugin v27.1 (Yoast SEO v27.1.1) - https:\/\/yoast.com\/product\/yoast-seo-premium-wordpress\/ -->\n<title>Manure Pit Anniversary - ManureFetish - swimming in cow dung<\/title>\n<meta name=\"description\" content=\"With Manure Pit Anniversary we&#039;re celebrating our one year birthday. In this video I&#039;m swimming and diving and masturbating in a manure pit\" \/>\n<meta name=\"robots\" content=\"index, follow, max-snippet:-1, max-image-preview:large, max-video-preview:-1\" \/>\n<link rel=\"canonical\" href=\"https:\/\/manurefetish.com\/fr\/shop\/videos\/manure-pit-anniversary\/\" \/>\n<meta property=\"og:locale\" content=\"fr_FR\" \/>\n<meta property=\"og:type\" content=\"article\" \/>\n<meta property=\"og:title\" content=\"Manure Pit Anniversary\" \/>\n<meta property=\"og:description\" content=\"With Manure Pit Anniversary we&#039;re celebrating our one year birthday. In this video I&#039;m swimming and diving and masturbating in a manure pit\" \/>\n<meta property=\"og:url\" content=\"https:\/\/manurefetish.com\/fr\/shop\/videos\/manure-pit-anniversary\/\" \/>\n<meta property=\"og:site_name\" content=\"ManureFetish\" \/>\n<meta property=\"article:publisher\" content=\"https:\/\/www.facebook.com\/manurefetish\/\" \/>\n<meta property=\"article:modified_time\" content=\"2026-03-24T16:18:21+00:00\" \/>\n<meta property=\"og:image\" content=\"https:\/\/manurefetish.com\/wp-content\/uploads\/2020\/07\/Manure-Pit-Anniversary.jpg\" \/>\n\t<meta property=\"og:image:width\" content=\"1728\" \/>\n\t<meta property=\"og:image:height\" content=\"576\" \/>\n\t<meta property=\"og:image:type\" content=\"image\/jpeg\" \/>\n<meta name=\"twitter:card\" content=\"summary_large_image\" \/>\n<meta name=\"twitter:site\" content=\"@Manurefetisch\" \/>\n<script type=\"application\/ld+json\" class=\"yoast-schema-graph\">{\"@context\":\"https:\/\/schema.org\",\"@graph\":[{\"@type\":\"WebPage\",\"@id\":\"https:\/\/manurefetish.com\/shop\/videos\/manure-pit-anniversary\/\",\"url\":\"https:\/\/manurefetish.com\/shop\/videos\/manure-pit-anniversary\/\",\"name\":\"Manure Pit Anniversary - ManureFetish - swimming in cow dung\",\"isPartOf\":{\"@id\":\"https:\/\/manurefetish.com\/#website\"},\"primaryImageOfPage\":{\"@id\":\"https:\/\/manurefetish.com\/shop\/videos\/manure-pit-anniversary\/#primaryimage\"},\"image\":{\"@id\":\"https:\/\/manurefetish.com\/shop\/videos\/manure-pit-anniversary\/#primaryimage\"},\"thumbnailUrl\":\"https:\/\/manurefetish.b-cdn.net\/wp-content\/uploads\/2020\/07\/Manure-Pit-Anniversary.jpg\",\"datePublished\":\"2020-07-05T18:45:34+00:00\",\"dateModified\":\"2026-03-24T16:18:21+00:00\",\"description\":\"With Manure Pit Anniversary we're celebrating our one year birthday. In this video I'm swimming and diving and masturbating in a manure pit\",\"breadcrumb\":{\"@id\":\"https:\/\/manurefetish.com\/shop\/videos\/manure-pit-anniversary\/#breadcrumb\"},\"inLanguage\":\"fr-FR\",\"potentialAction\":[{\"@type\":\"ReadAction\",\"target\":[\"https:\/\/manurefetish.com\/shop\/videos\/manure-pit-anniversary\/\"]}]},{\"@type\":\"ImageObject\",\"inLanguage\":\"fr-FR\",\"@id\":\"https:\/\/manurefetish.com\/shop\/videos\/manure-pit-anniversary\/#primaryimage\",\"url\":\"https:\/\/manurefetish.b-cdn.net\/wp-content\/uploads\/2020\/07\/Manure-Pit-Anniversary.jpg\",\"contentUrl\":\"https:\/\/manurefetish.b-cdn.net\/wp-content\/uploads\/2020\/07\/Manure-Pit-Anniversary.jpg\",\"width\":1728,\"height\":576},{\"@type\":\"BreadcrumbList\",\"@id\":\"https:\/\/manurefetish.com\/shop\/videos\/manure-pit-anniversary\/#breadcrumb\",\"itemListElement\":[{\"@type\":\"ListItem\",\"position\":1,\"name\":\"Home\",\"item\":\"https:\/\/manurefetish.com\/\"},{\"@type\":\"ListItem\",\"position\":2,\"name\":\"Shop\",\"item\":\"https:\/\/manurefetish.com\/shop\/\"},{\"@type\":\"ListItem\",\"position\":3,\"name\":\"Videos\",\"item\":\"https:\/\/manurefetish.com\/product-category\/videos\/\"},{\"@type\":\"ListItem\",\"position\":4,\"name\":\"Manure Pit Anniversary\"}]},{\"@type\":\"WebSite\",\"@id\":\"https:\/\/manurefetish.com\/#website\",\"url\":\"https:\/\/manurefetish.com\/\",\"name\":\"ManureFetish\",\"description\":\"ManureFetish Shop\",\"publisher\":{\"@id\":\"https:\/\/manurefetish.com\/#organization\"},\"potentialAction\":[{\"@type\":\"SearchAction\",\"target\":{\"@type\":\"EntryPoint\",\"urlTemplate\":\"https:\/\/manurefetish.com\/?s={search_term_string}\"},\"query-input\":{\"@type\":\"PropertyValueSpecification\",\"valueRequired\":true,\"valueName\":\"search_term_string\"}}],\"inLanguage\":\"fr-FR\"},{\"@type\":\"Organization\",\"@id\":\"https:\/\/manurefetish.com\/#organization\",\"name\":\"ManureFetish.com\",\"url\":\"https:\/\/manurefetish.com\/\",\"logo\":{\"@type\":\"ImageObject\",\"inLanguage\":\"fr-FR\",\"@id\":\"https:\/\/manurefetish.com\/#\/schema\/logo\/image\/\",\"url\":\"https:\/\/manurefetish.com\/wp-content\/uploads\/2019\/06\/1000xmanurefetishcom-michaela-logo-website-shop.png\",\"contentUrl\":\"https:\/\/manurefetish.com\/wp-content\/uploads\/2019\/06\/1000xmanurefetishcom-michaela-logo-website-shop.png\",\"width\":1000,\"height\":632,\"caption\":\"ManureFetish.com\"},\"image\":{\"@id\":\"https:\/\/manurefetish.com\/#\/schema\/logo\/image\/\"},\"sameAs\":[\"https:\/\/www.facebook.com\/manurefetish\/\",\"https:\/\/x.com\/Manurefetisch\",\"https:\/\/www.youtube.com\/c\/ManureFetish\"],\"description\":\"We're creating various fetish content with female and male models alike.\",\"foundingDate\":\"2019-07-04\",\"vatID\":\"DE366928521\",\"numberOfEmployees\":{\"@type\":\"QuantitativeValue\",\"minValue\":\"1\",\"maxValue\":\"10\"}}]}<\/script>\n<meta property=\"og:availability\" content=\"instock\" \/>\n<meta property=\"product:availability\" content=\"instock\" \/>\n<meta property=\"product:retailer_item_id\" content=\"MFM-MPA\" \/>\n<meta property=\"product:condition\" content=\"new\" \/>\n<!-- \/ Yoast SEO Premium plugin. -->","yoast_head_json":{"title":"Anniversaire de la fosse \u00e0 purin - ManureFetish - nager dans la bouse de vache","description":"Avec Manure Pit Anniversary, nous c\u00e9l\u00e9brons notre premier anniversaire. Dans cette vid\u00e9o, je nage, je plonge et je me masturbe dans une fosse \u00e0 purin","robots":{"index":"index","follow":"follow","max-snippet":"max-snippet:-1","max-image-preview":"max-image-preview:large","max-video-preview":"max-video-preview:-1"},"canonical":"https:\/\/manurefetish.com\/fr\/shop\/videos\/manure-pit-anniversary\/","og_locale":"fr_FR","og_type":"article","og_title":"Manure Pit Anniversary","og_description":"With Manure Pit Anniversary we're celebrating our one year birthday. In this video I'm swimming and diving and masturbating in a manure pit","og_url":"https:\/\/manurefetish.com\/fr\/shop\/videos\/manure-pit-anniversary\/","og_site_name":"ManureFetish","article_publisher":"https:\/\/www.facebook.com\/manurefetish\/","article_modified_time":"2026-03-24T16:18:21+00:00","og_image":[{"width":1728,"height":576,"url":"https:\/\/manurefetish.com\/wp-content\/uploads\/2020\/07\/Manure-Pit-Anniversary.jpg","type":"image\/jpeg"}],"twitter_card":"summary_large_image","twitter_site":"@Manurefetisch","schema":{"@context":"https:\/\/schema.org","@graph":[{"@type":"WebPage","@id":"https:\/\/manurefetish.com\/shop\/videos\/manure-pit-anniversary\/","url":"https:\/\/manurefetish.com\/shop\/videos\/manure-pit-anniversary\/","name":"Anniversaire de la fosse \u00e0 purin - ManureFetish - nager dans la bouse de vache","isPartOf":{"@id":"https:\/\/manurefetish.com\/#website"},"primaryImageOfPage":{"@id":"https:\/\/manurefetish.com\/shop\/videos\/manure-pit-anniversary\/#primaryimage"},"image":{"@id":"https:\/\/manurefetish.com\/shop\/videos\/manure-pit-anniversary\/#primaryimage"},"thumbnailUrl":"https:\/\/manurefetish.b-cdn.net\/wp-content\/uploads\/2020\/07\/Manure-Pit-Anniversary.jpg","datePublished":"2020-07-05T18:45:34+00:00","dateModified":"2026-03-24T16:18:21+00:00","description":"Avec Manure Pit Anniversary, nous c\u00e9l\u00e9brons notre premier anniversaire. Dans cette vid\u00e9o, je nage, je plonge et je me masturbe dans une fosse \u00e0 purin","breadcrumb":{"@id":"https:\/\/manurefetish.com\/shop\/videos\/manure-pit-anniversary\/#breadcrumb"},"inLanguage":"fr-FR","potentialAction":[{"@type":"ReadAction","target":["https:\/\/manurefetish.com\/shop\/videos\/manure-pit-anniversary\/"]}]},{"@type":"ImageObject","inLanguage":"fr-FR","@id":"https:\/\/manurefetish.com\/shop\/videos\/manure-pit-anniversary\/#primaryimage","url":"https:\/\/manurefetish.b-cdn.net\/wp-content\/uploads\/2020\/07\/Manure-Pit-Anniversary.jpg","contentUrl":"https:\/\/manurefetish.b-cdn.net\/wp-content\/uploads\/2020\/07\/Manure-Pit-Anniversary.jpg","width":1728,"height":576},{"@type":"BreadcrumbList","@id":"https:\/\/manurefetish.com\/shop\/videos\/manure-pit-anniversary\/#breadcrumb","itemListElement":[{"@type":"ListItem","position":1,"name":"Home","item":"https:\/\/manurefetish.com\/"},{"@type":"ListItem","position":2,"name":"Shop","item":"https:\/\/manurefetish.com\/shop\/"},{"@type":"ListItem","position":3,"name":"Videos","item":"https:\/\/manurefetish.com\/product-category\/videos\/"},{"@type":"ListItem","position":4,"name":"Manure Pit Anniversary"}]},{"@type":"WebSite","@id":"https:\/\/manurefetish.com\/#website","url":"https:\/\/manurefetish.com\/","name":"ManureFetish","description":"ManureFetish Shop","publisher":{"@id":"https:\/\/manurefetish.com\/#organization"},"potentialAction":[{"@type":"SearchAction","target":{"@type":"EntryPoint","urlTemplate":"https:\/\/manurefetish.com\/?s={search_term_string}"},"query-input":{"@type":"PropertyValueSpecification","valueRequired":true,"valueName":"search_term_string"}}],"inLanguage":"fr-FR"},{"@type":"Organization","@id":"https:\/\/manurefetish.com\/#organization","name":"ManureFetish.com","url":"https:\/\/manurefetish.com\/","logo":{"@type":"ImageObject","inLanguage":"fr-FR","@id":"https:\/\/manurefetish.com\/#\/schema\/logo\/image\/","url":"https:\/\/manurefetish.com\/wp-content\/uploads\/2019\/06\/1000xmanurefetishcom-michaela-logo-website-shop.png","contentUrl":"https:\/\/manurefetish.com\/wp-content\/uploads\/2019\/06\/1000xmanurefetishcom-michaela-logo-website-shop.png","width":1000,"height":632,"caption":"ManureFetish.com"},"image":{"@id":"https:\/\/manurefetish.com\/#\/schema\/logo\/image\/"},"sameAs":["https:\/\/www.facebook.com\/manurefetish\/","https:\/\/x.com\/Manurefetisch","https:\/\/www.youtube.com\/c\/ManureFetish"],"description":"Nous cr\u00e9ons divers contenus f\u00e9tichistes avec des mod\u00e8les f\u00e9minins et masculins.","foundingDate":"2019-07-04","vatID":"DE366928521","numberOfEmployees":{"@type":"QuantitativeValue","minValue":"1","maxValue":"10"}}]},"og_availability":"instock","product_availability":"instock","product_retailer_item_id":"MFM-MPA","product_condition":"new"},"_links":{"self":[{"href":"https:\/\/manurefetish.com\/fr\/wp-json\/wp\/v2\/product\/8612","targetHints":{"allow":["GET"]}}],"collection":[{"href":"https:\/\/manurefetish.com\/fr\/wp-json\/wp\/v2\/product"}],"about":[{"href":"https:\/\/manurefetish.com\/fr\/wp-json\/wp\/v2\/types\/product"}],"replies":[{"embeddable":true,"href":"https:\/\/manurefetish.com\/fr\/wp-json\/wp\/v2\/comments?post=8612"}],"version-history":[{"count":0,"href":"https:\/\/manurefetish.com\/fr\/wp-json\/wp\/v2\/product\/8612\/revisions"}],"wp:featuredmedia":[{"embeddable":true,"href":"https:\/\/manurefetish.com\/fr\/wp-json\/wp\/v2\/media\/198906"}],"wp:attachment":[{"href":"https:\/\/manurefetish.com\/fr\/wp-json\/wp\/v2\/media?parent=8612"}],"wp:term":[{"taxonomy":"product_brand","embeddable":true,"href":"https:\/\/manurefetish.com\/fr\/wp-json\/wp\/v2\/product_brand?post=8612"},{"taxonomy":"product_cat","embeddable":true,"href":"https:\/\/manurefetish.com\/fr\/wp-json\/wp\/v2\/product_cat?post=8612"},{"taxonomy":"product_tag","embeddable":true,"href":"https:\/\/manurefetish.com\/fr\/wp-json\/wp\/v2\/product_tag?post=8612"}],"curies":[{"name":"wp","href":"https:\/\/api.w.org\/{rel}","templated":true}]}}