{"id":52864,"date":"2022-06-29T22:11:29","date_gmt":"2022-06-29T20:11:29","guid":{"rendered":"https:\/\/manurefetish.com\/?post_type=product&#038;p=52864"},"modified":"2026-03-24T17:09:28","modified_gmt":"2026-03-24T16:09:28","slug":"inspector-betty-showered-with-cow-dung","status":"publish","type":"product","link":"https:\/\/manurefetish.com\/fr\/shop\/videos\/inspector-betty-showered-with-cow-dung\/","title":{"rendered":"L'inspecteur Betty douch\u00e9e avec de la bouse de vache"},"content":{"rendered":"<p><span style=\"font-weight: 400;\">L'inspectrice Betty a obtenu un contrat pour v\u00e9rifier et approuver la nouvelle douche manure. Elle a d'abord v\u00e9rifi\u00e9 le tuyau, puis la cha\u00eene, et jusqu'\u00e0 pr\u00e9sent, tout semblait aller bien. Elle a ensuite tir\u00e9 un peu plus fort pour voir si tout allait fonctionner, mais le coulis a commenc\u00e9 \u00e0 s'\u00e9couler. Elle ne s'y attendait pas et la boue s'est litt\u00e9ralement d\u00e9vers\u00e9e du tuyau. Ses v\u00eatements \u00e9taient compl\u00e8tement tremp\u00e9s. Mais Betty ne s'en est pas vraiment souci\u00e9e et s'est d\u00e9shabill\u00e9e pour profiter de la douche chaude avec la vache dung. L'eau coulait partout et elle semblait appr\u00e9cier d'en \u00eatre couverte de la t\u00eate aux pieds avec la manure. Avec plaisir, elle s'est mass\u00e9 la chatte et s'est doigt\u00e9. Mais elle s'est alors souvenue qu'il y avait encore un gode suspendu au-dessus d'elle. Betty a saisi le gode et l'a enfonc\u00e9 avec plaisir dans sa chatte humide, jusqu'\u00e0 ce qu'elle ait un orgasme sauvage. Le temps passe vite et elle doit se rendre \u00e0 un autre rendez-vous, alors Betty prend ses v\u00eatements et s'habille \u00e0 nouveau. Mais elle s'est souvenue qu'elle devait encore signer, puisque tout allait bien avec la douche, et elle s'est mise en route.<\/span><\/p>","protected":false},"excerpt":{"rendered":"<p>Inspector Betty got a contract to check and approve the new manure shower. First she checked the pipe and then the chain, so far everything seemed to be okay. She then pulled a little harder to see if everything would work, but then the slurry already started flowing. She didn&#8217;t expect it and it literally [&hellip;]<\/p>\n","protected":false},"featured_media":198996,"comment_status":"open","ping_status":"closed","template":"","meta":{"_acf_changed":false,"site-sidebar-layout":"default","site-content-layout":"","ast-site-content-layout":"default","site-content-style":"default","site-sidebar-style":"default","ast-global-header-display":"","ast-banner-title-visibility":"","ast-main-header-display":"","ast-hfb-above-header-display":"","ast-hfb-below-header-display":"","ast-hfb-mobile-header-display":"","site-post-title":"","ast-breadcrumbs-content":"","ast-featured-img":"","footer-sml-layout":"","ast-disable-related-posts":"","theme-transparent-header-meta":"default","adv-header-id-meta":"","stick-header-meta":"","header-above-stick-meta":"","header-main-stick-meta":"","header-below-stick-meta":"","astra-migrate-meta-layouts":"set","ast-page-background-enabled":"default","ast-page-background-meta":{"desktop":{"background-color":"var(--ast-global-color-4)","background-image":"","background-repeat":"repeat","background-position":"center center","background-size":"auto","background-attachment":"scroll","background-type":"","background-media":"","overlay-type":"","overlay-color":"","overlay-opacity":"","overlay-gradient":""},"tablet":{"background-color":"","background-image":"","background-repeat":"repeat","background-position":"center center","background-size":"auto","background-attachment":"scroll","background-type":"","background-media":"","overlay-type":"","overlay-color":"","overlay-opacity":"","overlay-gradient":""},"mobile":{"background-color":"","background-image":"","background-repeat":"repeat","background-position":"center center","background-size":"auto","background-attachment":"scroll","background-type":"","background-media":"","overlay-type":"","overlay-color":"","overlay-opacity":"","overlay-gradient":""}},"ast-content-background-meta":{"desktop":{"background-color":"var(--ast-global-color-5)","background-image":"","background-repeat":"repeat","background-position":"center center","background-size":"auto","background-attachment":"scroll","background-type":"","background-media":"","overlay-type":"","overlay-color":"","overlay-opacity":"","overlay-gradient":""},"tablet":{"background-color":"var(--ast-global-color-5)","background-image":"","background-repeat":"repeat","background-position":"center center","background-size":"auto","background-attachment":"scroll","background-type":"","background-media":"","overlay-type":"","overlay-color":"","overlay-opacity":"","overlay-gradient":""},"mobile":{"background-color":"var(--ast-global-color-5)","background-image":"","background-repeat":"repeat","background-position":"center center","background-size":"auto","background-attachment":"scroll","background-type":"","background-media":"","overlay-type":"","overlay-color":"","overlay-opacity":"","overlay-gradient":""}}},"product_brand":[],"product_cat":[4470],"product_tag":[17,317,2623,2476,2601,318,3493,66,2508,2631,2621,118,316,64,2557,3030,2624,2304,54,2419,425,3348,2285,2206,65,35,2636,2482,32,3408,3494,4482,23,53,24,2832,2663,2478,358,29,319,3203],"class_list":{"0":"post-52864","1":"product","2":"type-product","3":"status-publish","4":"has-post-thumbnail","6":"product_cat-videos","7":"product_tag-anal","8":"product_tag-asshole","9":"product_tag-barn","10":"product_tag-betty","11":"product_tag-black-hair","12":"product_tag-boobs","13":"product_tag-business-suit","14":"product_tag-clothed","15":"product_tag-clothes","16":"product_tag-completely-covered","17":"product_tag-cow-dung","18":"product_tag-cowshed","19":"product_tag-cunt","20":"product_tag-dildo","21":"product_tag-doggy-style","22":"product_tag-download","23":"product_tag-farm","24":"product_tag-farm-porn","25":"product_tag-full-covered","26":"product_tag-full-hd","27":"product_tag-hair","28":"product_tag-manure-shower","29":"product_tag-masturbate","30":"product_tag-masturbation","31":"product_tag-naked","32":"product_tag-orgasm","33":"product_tag-panties","34":"product_tag-peeing","35":"product_tag-pussy","36":"product_tag-season-3","37":"product_tag-secretary","38":"product_tag-sex-in-cowshit","39":"product_tag-shed","40":"product_tag-shower","41":"product_tag-slurry","42":"product_tag-smearing","43":"product_tag-spa","44":"product_tag-squirting","45":"product_tag-stuffing","46":"product_tag-submerging","47":"product_tag-tits","48":"product_tag-workout","49":"pa_audio-info-stereo","50":"pa_format-mp4","51":"pa_length-37-minutes","52":"pa_product-type-digital-download-full-hd-video","53":"pa_product-type-digital-download-ultra-hd-video","54":"pa_product-type-usb-stick","55":"pa_size-fhd-5-50-gb","56":"pa_size-uhd-10-9-gb","57":"pa_video-info-full-hd-1920x1080p","58":"pa_video-info-ultra-hd-4k","59":"desktop-align-center","60":"tablet-align-left","61":"mobile-align-left","63":"first","64":"instock","65":"shipping-taxable","66":"purchasable","67":"product-type-variable","68":"has-default-attributes"},"exclude_global_add_ons":[],"addons":[],"acf":[],"yoast_head":"<!-- This site is optimized with the Yoast SEO Premium plugin v27.1 (Yoast SEO v27.1.1) - https:\/\/yoast.com\/product\/yoast-seo-premium-wordpress\/ -->\n<title>Inspector Betty Showered with Cow Dung - ManureFetish<\/title>\n<meta name=\"description\" content=\"Inspector Betty Showered with Cow Dung, she inspects the new manure shower if everything is fine, but gets showered with cowshit.\" \/>\n<meta name=\"robots\" content=\"index, follow, max-snippet:-1, max-image-preview:large, max-video-preview:-1\" \/>\n<link rel=\"canonical\" href=\"https:\/\/manurefetish.com\/fr\/shop\/videos\/inspector-betty-showered-with-cow-dung\/\" \/>\n<meta property=\"og:locale\" content=\"fr_FR\" \/>\n<meta property=\"og:type\" content=\"article\" \/>\n<meta property=\"og:title\" content=\"Inspector Betty Showered with Cow Dung\" \/>\n<meta property=\"og:description\" content=\"Inspector Betty Showered with Cow Dung, she inspects the new manure shower if everything is fine, but gets showered with cowshit.\" \/>\n<meta property=\"og:url\" content=\"https:\/\/manurefetish.com\/fr\/shop\/videos\/inspector-betty-showered-with-cow-dung\/\" \/>\n<meta property=\"og:site_name\" content=\"ManureFetish\" \/>\n<meta property=\"article:publisher\" content=\"https:\/\/www.facebook.com\/manurefetish\/\" \/>\n<meta property=\"article:modified_time\" content=\"2026-03-24T16:09:28+00:00\" \/>\n<meta property=\"og:image\" content=\"https:\/\/manurefetish.com\/wp-content\/uploads\/2022\/06\/Inspektor-Betty.jpg\" \/>\n\t<meta property=\"og:image:width\" content=\"1728\" \/>\n\t<meta property=\"og:image:height\" content=\"576\" \/>\n\t<meta property=\"og:image:type\" content=\"image\/jpeg\" \/>\n<meta name=\"twitter:card\" content=\"summary_large_image\" \/>\n<meta name=\"twitter:site\" content=\"@Manurefetisch\" \/>\n<script type=\"application\/ld+json\" class=\"yoast-schema-graph\">{\"@context\":\"https:\/\/schema.org\",\"@graph\":[{\"@type\":\"WebPage\",\"@id\":\"https:\/\/manurefetish.com\/shop\/videos\/inspector-betty-showered-with-cow-dung\/\",\"url\":\"https:\/\/manurefetish.com\/shop\/videos\/inspector-betty-showered-with-cow-dung\/\",\"name\":\"Inspector Betty Showered with Cow Dung - ManureFetish\",\"isPartOf\":{\"@id\":\"https:\/\/manurefetish.com\/#website\"},\"primaryImageOfPage\":{\"@id\":\"https:\/\/manurefetish.com\/shop\/videos\/inspector-betty-showered-with-cow-dung\/#primaryimage\"},\"image\":{\"@id\":\"https:\/\/manurefetish.com\/shop\/videos\/inspector-betty-showered-with-cow-dung\/#primaryimage\"},\"thumbnailUrl\":\"https:\/\/manurefetish.b-cdn.net\/wp-content\/uploads\/2022\/06\/Inspektor-Betty.jpg\",\"datePublished\":\"2022-06-29T20:11:29+00:00\",\"dateModified\":\"2026-03-24T16:09:28+00:00\",\"description\":\"Inspector Betty Showered with Cow Dung, she inspects the new manure shower if everything is fine, but gets showered with cowshit.\",\"breadcrumb\":{\"@id\":\"https:\/\/manurefetish.com\/shop\/videos\/inspector-betty-showered-with-cow-dung\/#breadcrumb\"},\"inLanguage\":\"fr-FR\",\"potentialAction\":[{\"@type\":\"ReadAction\",\"target\":[\"https:\/\/manurefetish.com\/shop\/videos\/inspector-betty-showered-with-cow-dung\/\"]}]},{\"@type\":\"ImageObject\",\"inLanguage\":\"fr-FR\",\"@id\":\"https:\/\/manurefetish.com\/shop\/videos\/inspector-betty-showered-with-cow-dung\/#primaryimage\",\"url\":\"https:\/\/manurefetish.b-cdn.net\/wp-content\/uploads\/2022\/06\/Inspektor-Betty.jpg\",\"contentUrl\":\"https:\/\/manurefetish.b-cdn.net\/wp-content\/uploads\/2022\/06\/Inspektor-Betty.jpg\",\"width\":1728,\"height\":576},{\"@type\":\"BreadcrumbList\",\"@id\":\"https:\/\/manurefetish.com\/shop\/videos\/inspector-betty-showered-with-cow-dung\/#breadcrumb\",\"itemListElement\":[{\"@type\":\"ListItem\",\"position\":1,\"name\":\"Home\",\"item\":\"https:\/\/manurefetish.com\/\"},{\"@type\":\"ListItem\",\"position\":2,\"name\":\"Shop\",\"item\":\"https:\/\/manurefetish.com\/shop\/\"},{\"@type\":\"ListItem\",\"position\":3,\"name\":\"Videos\",\"item\":\"https:\/\/manurefetish.com\/product-category\/videos\/\"},{\"@type\":\"ListItem\",\"position\":4,\"name\":\"Inspector Betty Showered with Cow Dung\"}]},{\"@type\":\"WebSite\",\"@id\":\"https:\/\/manurefetish.com\/#website\",\"url\":\"https:\/\/manurefetish.com\/\",\"name\":\"ManureFetish\",\"description\":\"ManureFetish Shop\",\"publisher\":{\"@id\":\"https:\/\/manurefetish.com\/#organization\"},\"potentialAction\":[{\"@type\":\"SearchAction\",\"target\":{\"@type\":\"EntryPoint\",\"urlTemplate\":\"https:\/\/manurefetish.com\/?s={search_term_string}\"},\"query-input\":{\"@type\":\"PropertyValueSpecification\",\"valueRequired\":true,\"valueName\":\"search_term_string\"}}],\"inLanguage\":\"fr-FR\"},{\"@type\":\"Organization\",\"@id\":\"https:\/\/manurefetish.com\/#organization\",\"name\":\"ManureFetish.com\",\"url\":\"https:\/\/manurefetish.com\/\",\"logo\":{\"@type\":\"ImageObject\",\"inLanguage\":\"fr-FR\",\"@id\":\"https:\/\/manurefetish.com\/#\/schema\/logo\/image\/\",\"url\":\"https:\/\/manurefetish.com\/wp-content\/uploads\/2019\/06\/1000xmanurefetishcom-michaela-logo-website-shop.png\",\"contentUrl\":\"https:\/\/manurefetish.com\/wp-content\/uploads\/2019\/06\/1000xmanurefetishcom-michaela-logo-website-shop.png\",\"width\":1000,\"height\":632,\"caption\":\"ManureFetish.com\"},\"image\":{\"@id\":\"https:\/\/manurefetish.com\/#\/schema\/logo\/image\/\"},\"sameAs\":[\"https:\/\/www.facebook.com\/manurefetish\/\",\"https:\/\/x.com\/Manurefetisch\",\"https:\/\/www.youtube.com\/c\/ManureFetish\"],\"description\":\"We're creating various fetish content with female and male models alike.\",\"foundingDate\":\"2019-07-04\",\"vatID\":\"DE366928521\",\"numberOfEmployees\":{\"@type\":\"QuantitativeValue\",\"minValue\":\"1\",\"maxValue\":\"10\"}}]}<\/script>\n<meta property=\"og:availability\" content=\"instock\" \/>\n<meta property=\"product:availability\" content=\"instock\" \/>\n<meta property=\"product:retailer_item_id\" content=\"MFW-IBSWCD\" \/>\n<meta property=\"product:condition\" content=\"new\" \/>\n<!-- \/ Yoast SEO Premium plugin. -->","yoast_head_json":{"title":"L'inspecteur Betty se douche avec de la bouse de vache - ManureFetish","description":"L'inspectrice Betty douch\u00e9e par la bouse de vache, elle inspecte la nouvelle douche de fumier si tout va bien, mais se fait doucher par la bouse de vache.","robots":{"index":"index","follow":"follow","max-snippet":"max-snippet:-1","max-image-preview":"max-image-preview:large","max-video-preview":"max-video-preview:-1"},"canonical":"https:\/\/manurefetish.com\/fr\/shop\/videos\/inspector-betty-showered-with-cow-dung\/","og_locale":"fr_FR","og_type":"article","og_title":"Inspector Betty Showered with Cow Dung","og_description":"Inspector Betty Showered with Cow Dung, she inspects the new manure shower if everything is fine, but gets showered with cowshit.","og_url":"https:\/\/manurefetish.com\/fr\/shop\/videos\/inspector-betty-showered-with-cow-dung\/","og_site_name":"ManureFetish","article_publisher":"https:\/\/www.facebook.com\/manurefetish\/","article_modified_time":"2026-03-24T16:09:28+00:00","og_image":[{"width":1728,"height":576,"url":"https:\/\/manurefetish.com\/wp-content\/uploads\/2022\/06\/Inspektor-Betty.jpg","type":"image\/jpeg"}],"twitter_card":"summary_large_image","twitter_site":"@Manurefetisch","schema":{"@context":"https:\/\/schema.org","@graph":[{"@type":"WebPage","@id":"https:\/\/manurefetish.com\/shop\/videos\/inspector-betty-showered-with-cow-dung\/","url":"https:\/\/manurefetish.com\/shop\/videos\/inspector-betty-showered-with-cow-dung\/","name":"L'inspecteur Betty se douche avec de la bouse de vache - ManureFetish","isPartOf":{"@id":"https:\/\/manurefetish.com\/#website"},"primaryImageOfPage":{"@id":"https:\/\/manurefetish.com\/shop\/videos\/inspector-betty-showered-with-cow-dung\/#primaryimage"},"image":{"@id":"https:\/\/manurefetish.com\/shop\/videos\/inspector-betty-showered-with-cow-dung\/#primaryimage"},"thumbnailUrl":"https:\/\/manurefetish.b-cdn.net\/wp-content\/uploads\/2022\/06\/Inspektor-Betty.jpg","datePublished":"2022-06-29T20:11:29+00:00","dateModified":"2026-03-24T16:09:28+00:00","description":"L'inspectrice Betty douch\u00e9e par la bouse de vache, elle inspecte la nouvelle douche de fumier si tout va bien, mais se fait doucher par la bouse de vache.","breadcrumb":{"@id":"https:\/\/manurefetish.com\/shop\/videos\/inspector-betty-showered-with-cow-dung\/#breadcrumb"},"inLanguage":"fr-FR","potentialAction":[{"@type":"ReadAction","target":["https:\/\/manurefetish.com\/shop\/videos\/inspector-betty-showered-with-cow-dung\/"]}]},{"@type":"ImageObject","inLanguage":"fr-FR","@id":"https:\/\/manurefetish.com\/shop\/videos\/inspector-betty-showered-with-cow-dung\/#primaryimage","url":"https:\/\/manurefetish.b-cdn.net\/wp-content\/uploads\/2022\/06\/Inspektor-Betty.jpg","contentUrl":"https:\/\/manurefetish.b-cdn.net\/wp-content\/uploads\/2022\/06\/Inspektor-Betty.jpg","width":1728,"height":576},{"@type":"BreadcrumbList","@id":"https:\/\/manurefetish.com\/shop\/videos\/inspector-betty-showered-with-cow-dung\/#breadcrumb","itemListElement":[{"@type":"ListItem","position":1,"name":"Home","item":"https:\/\/manurefetish.com\/"},{"@type":"ListItem","position":2,"name":"Shop","item":"https:\/\/manurefetish.com\/shop\/"},{"@type":"ListItem","position":3,"name":"Videos","item":"https:\/\/manurefetish.com\/product-category\/videos\/"},{"@type":"ListItem","position":4,"name":"Inspector Betty Showered with Cow Dung"}]},{"@type":"WebSite","@id":"https:\/\/manurefetish.com\/#website","url":"https:\/\/manurefetish.com\/","name":"ManureFetish","description":"ManureFetish Shop","publisher":{"@id":"https:\/\/manurefetish.com\/#organization"},"potentialAction":[{"@type":"SearchAction","target":{"@type":"EntryPoint","urlTemplate":"https:\/\/manurefetish.com\/?s={search_term_string}"},"query-input":{"@type":"PropertyValueSpecification","valueRequired":true,"valueName":"search_term_string"}}],"inLanguage":"fr-FR"},{"@type":"Organization","@id":"https:\/\/manurefetish.com\/#organization","name":"ManureFetish.com","url":"https:\/\/manurefetish.com\/","logo":{"@type":"ImageObject","inLanguage":"fr-FR","@id":"https:\/\/manurefetish.com\/#\/schema\/logo\/image\/","url":"https:\/\/manurefetish.com\/wp-content\/uploads\/2019\/06\/1000xmanurefetishcom-michaela-logo-website-shop.png","contentUrl":"https:\/\/manurefetish.com\/wp-content\/uploads\/2019\/06\/1000xmanurefetishcom-michaela-logo-website-shop.png","width":1000,"height":632,"caption":"ManureFetish.com"},"image":{"@id":"https:\/\/manurefetish.com\/#\/schema\/logo\/image\/"},"sameAs":["https:\/\/www.facebook.com\/manurefetish\/","https:\/\/x.com\/Manurefetisch","https:\/\/www.youtube.com\/c\/ManureFetish"],"description":"Nous cr\u00e9ons divers contenus f\u00e9tichistes avec des mod\u00e8les f\u00e9minins et masculins.","foundingDate":"2019-07-04","vatID":"DE366928521","numberOfEmployees":{"@type":"QuantitativeValue","minValue":"1","maxValue":"10"}}]},"og_availability":"instock","product_availability":"instock","product_retailer_item_id":"MFW-IBSWCD","product_condition":"new"},"_links":{"self":[{"href":"https:\/\/manurefetish.com\/fr\/wp-json\/wp\/v2\/product\/52864","targetHints":{"allow":["GET"]}}],"collection":[{"href":"https:\/\/manurefetish.com\/fr\/wp-json\/wp\/v2\/product"}],"about":[{"href":"https:\/\/manurefetish.com\/fr\/wp-json\/wp\/v2\/types\/product"}],"replies":[{"embeddable":true,"href":"https:\/\/manurefetish.com\/fr\/wp-json\/wp\/v2\/comments?post=52864"}],"version-history":[{"count":0,"href":"https:\/\/manurefetish.com\/fr\/wp-json\/wp\/v2\/product\/52864\/revisions"}],"wp:featuredmedia":[{"embeddable":true,"href":"https:\/\/manurefetish.com\/fr\/wp-json\/wp\/v2\/media\/198996"}],"wp:attachment":[{"href":"https:\/\/manurefetish.com\/fr\/wp-json\/wp\/v2\/media?parent=52864"}],"wp:term":[{"taxonomy":"product_brand","embeddable":true,"href":"https:\/\/manurefetish.com\/fr\/wp-json\/wp\/v2\/product_brand?post=52864"},{"taxonomy":"product_cat","embeddable":true,"href":"https:\/\/manurefetish.com\/fr\/wp-json\/wp\/v2\/product_cat?post=52864"},{"taxonomy":"product_tag","embeddable":true,"href":"https:\/\/manurefetish.com\/fr\/wp-json\/wp\/v2\/product_tag?post=52864"}],"curies":[{"name":"wp","href":"https:\/\/api.w.org\/{rel}","templated":true}]}}