{"id":52175,"date":"2022-06-24T22:07:39","date_gmt":"2022-06-24T20:07:39","guid":{"rendered":"https:\/\/manurefetish.com\/?post_type=product&#038;p=52175"},"modified":"2026-03-24T17:09:53","modified_gmt":"2026-03-24T16:09:53","slug":"five-prostate-orgasms-in-cow-dung","status":"publish","type":"product","link":"https:\/\/manurefetish.com\/fr\/shop\/videos\/five-prostate-orgasms-in-cow-dung\/","title":{"rendered":"Cinq orgasmes de la prostate dans la bouse de vache"},"content":{"rendered":"<p><span style=\"font-weight: 400;\">Franky est de nouveau dans la remise. Il veut profiter de son temps dans le bassin de fumier avec la fuckmachine. Il commence \u00e0 remonter le gode et l'introduit lentement dans son trou du cul. La machine commence \u00e0 le baiser lentement et \u00e0 frapper d\u00e9j\u00e0 la prostate. Franky tire sur la cha\u00eene, pour que la douche de fumier puisse couler sur son corps et son cul. Il acc\u00e9l\u00e8re la machine \u00e0 baiser pour que son cul soit martel\u00e9 et que la prostate soit touch\u00e9e de plein fouet. C'est \u00e0 ce moment-l\u00e0 qu'il a son premier orgasme de la prostate et il doit prendre un moment pour s'en remettre. Apr\u00e8s son premier orgasme, il en veut encore plus, il commence \u00e0 se branler, mais ce n'est pas suffisant, il ins\u00e8re \u00e0 nouveau le gode de la machine \u00e0 baiser et a plusieurs orgasmes prostatiques d'affil\u00e9e.<\/span><\/p>\n<p>&nbsp;<\/p>","protected":false},"excerpt":{"rendered":"<p>Franky is back in the shed again. He wants to enjoy his time in the manure basin with the fuckmachine. He begins to lupe up the dildo and slowly inserts it in his asshole. The machine begins to slowly fuck him and hitting already the prostate. Franky pulls on the chain, so the manure shower [&hellip;]<\/p>\n","protected":false},"featured_media":199456,"comment_status":"open","ping_status":"closed","template":"","meta":{"_acf_changed":false,"site-sidebar-layout":"default","site-content-layout":"","ast-site-content-layout":"default","site-content-style":"default","site-sidebar-style":"default","ast-global-header-display":"","ast-banner-title-visibility":"","ast-main-header-display":"","ast-hfb-above-header-display":"","ast-hfb-below-header-display":"","ast-hfb-mobile-header-display":"","site-post-title":"","ast-breadcrumbs-content":"","ast-featured-img":"","footer-sml-layout":"","ast-disable-related-posts":"","theme-transparent-header-meta":"default","adv-header-id-meta":"","stick-header-meta":"","header-above-stick-meta":"","header-main-stick-meta":"","header-below-stick-meta":"","astra-migrate-meta-layouts":"set","ast-page-background-enabled":"default","ast-page-background-meta":{"desktop":{"background-color":"var(--ast-global-color-4)","background-image":"","background-repeat":"repeat","background-position":"center center","background-size":"auto","background-attachment":"scroll","background-type":"","background-media":"","overlay-type":"","overlay-color":"","overlay-opacity":"","overlay-gradient":""},"tablet":{"background-color":"","background-image":"","background-repeat":"repeat","background-position":"center center","background-size":"auto","background-attachment":"scroll","background-type":"","background-media":"","overlay-type":"","overlay-color":"","overlay-opacity":"","overlay-gradient":""},"mobile":{"background-color":"","background-image":"","background-repeat":"repeat","background-position":"center center","background-size":"auto","background-attachment":"scroll","background-type":"","background-media":"","overlay-type":"","overlay-color":"","overlay-opacity":"","overlay-gradient":""}},"ast-content-background-meta":{"desktop":{"background-color":"var(--ast-global-color-5)","background-image":"","background-repeat":"repeat","background-position":"center center","background-size":"auto","background-attachment":"scroll","background-type":"","background-media":"","overlay-type":"","overlay-color":"","overlay-opacity":"","overlay-gradient":""},"tablet":{"background-color":"var(--ast-global-color-5)","background-image":"","background-repeat":"repeat","background-position":"center center","background-size":"auto","background-attachment":"scroll","background-type":"","background-media":"","overlay-type":"","overlay-color":"","overlay-opacity":"","overlay-gradient":""},"mobile":{"background-color":"var(--ast-global-color-5)","background-image":"","background-repeat":"repeat","background-position":"center center","background-size":"auto","background-attachment":"scroll","background-type":"","background-media":"","overlay-type":"","overlay-color":"","overlay-opacity":"","overlay-gradient":""}}},"product_brand":[],"product_cat":[4470],"product_tag":[17,317,3295,2708,2631,2621,316,64,2557,3030,56,320,321,2438,2682,54,2419,3312,37,2332,18,3174,65,35,2685,3246,3299,3408,4482,2683,2832,3298,2368],"class_list":{"0":"post-52175","1":"product","2":"type-product","3":"status-publish","4":"has-post-thumbnail","6":"product_cat-videos","7":"product_tag-anal","8":"product_tag-asshole","9":"product_tag-basin","10":"product_tag-bisexual","11":"product_tag-completely-covered","12":"product_tag-cow-dung","13":"product_tag-cunt","14":"product_tag-dildo","15":"product_tag-doggy-style","16":"product_tag-download","17":"product_tag-erotic","18":"product_tag-feet","19":"product_tag-foot","20":"product_tag-franky","21":"product_tag-fuckmachine","22":"product_tag-full-covered","23":"product_tag-full-hd","24":"product_tag-gay","25":"product_tag-jerk-off","26":"product_tag-jerking-off","27":"product_tag-manure","28":"product_tag-missionary","29":"product_tag-naked","30":"product_tag-orgasm","31":"product_tag-prostate","32":"product_tag-prostate-massage","33":"product_tag-riding","34":"product_tag-season-3","35":"product_tag-sex-in-cowshit","36":"product_tag-sexmachine","37":"product_tag-smearing","38":"product_tag-solo","39":"product_tag-ultra-hd","40":"pa_audio-info-stereo","41":"pa_format-mp4","42":"pa_length-29-minutes","43":"pa_product-type-digital-download-full-hd-video","44":"pa_product-type-digital-download-ultra-hd-video","45":"pa_product-type-usb-stick","46":"pa_size-fhd-4-38-gb","47":"pa_size-uhd-7-54-gb","48":"pa_video-info-full-hd-1920x1080p","49":"pa_video-info-ultra-hd-4k","50":"desktop-align-center","51":"tablet-align-left","52":"mobile-align-left","54":"first","55":"instock","56":"featured","57":"shipping-taxable","58":"purchasable","59":"product-type-variable","60":"has-default-attributes"},"exclude_global_add_ons":[],"addons":[],"acf":[],"yoast_head":"<!-- This site is optimized with the Yoast SEO Premium plugin v27.1 (Yoast SEO v27.1.1) - https:\/\/yoast.com\/product\/yoast-seo-premium-wordpress\/ -->\n<title>Five Prostate Orgasms in Cow Dung - ManureFetish - anal masturbation<\/title>\n<meta name=\"description\" content=\"Five Prostate Orgasms in Cow Dung, Franky is back for some fun with his fuckmachine in the cowshed, covered in cowshit he gets multiple\" \/>\n<meta name=\"robots\" content=\"index, follow, max-snippet:-1, max-image-preview:large, max-video-preview:-1\" \/>\n<link rel=\"canonical\" href=\"https:\/\/manurefetish.com\/fr\/shop\/videos\/five-prostate-orgasms-in-cow-dung\/\" \/>\n<meta property=\"og:locale\" content=\"fr_FR\" \/>\n<meta property=\"og:type\" content=\"article\" \/>\n<meta property=\"og:title\" content=\"Five Prostate Orgasms in Cow Dung\" \/>\n<meta property=\"og:description\" content=\"Five Prostate Orgasms in Cow Dung, Franky is back for some fun with his fuckmachine in the cowshed, covered in cowshit he gets multiple\" \/>\n<meta property=\"og:url\" content=\"https:\/\/manurefetish.com\/fr\/shop\/videos\/five-prostate-orgasms-in-cow-dung\/\" \/>\n<meta property=\"og:site_name\" content=\"ManureFetish\" \/>\n<meta property=\"article:publisher\" content=\"https:\/\/www.facebook.com\/manurefetish\/\" \/>\n<meta property=\"article:modified_time\" content=\"2026-03-24T16:09:53+00:00\" \/>\n<meta property=\"og:image\" content=\"https:\/\/manurefetish.com\/wp-content\/uploads\/2022\/06\/five-prostate-orgasms-in-cow-dung-16.jpg\" \/>\n\t<meta property=\"og:image:width\" content=\"1728\" \/>\n\t<meta property=\"og:image:height\" content=\"576\" \/>\n\t<meta property=\"og:image:type\" content=\"image\/jpeg\" \/>\n<meta name=\"twitter:card\" content=\"summary_large_image\" \/>\n<meta name=\"twitter:site\" content=\"@Manurefetisch\" \/>\n<script type=\"application\/ld+json\" class=\"yoast-schema-graph\">{\"@context\":\"https:\/\/schema.org\",\"@graph\":[{\"@type\":\"WebPage\",\"@id\":\"https:\/\/manurefetish.com\/shop\/videos\/five-prostate-orgasms-in-cow-dung\/\",\"url\":\"https:\/\/manurefetish.com\/shop\/videos\/five-prostate-orgasms-in-cow-dung\/\",\"name\":\"Five Prostate Orgasms in Cow Dung - ManureFetish - anal masturbation\",\"isPartOf\":{\"@id\":\"https:\/\/manurefetish.com\/#website\"},\"primaryImageOfPage\":{\"@id\":\"https:\/\/manurefetish.com\/shop\/videos\/five-prostate-orgasms-in-cow-dung\/#primaryimage\"},\"image\":{\"@id\":\"https:\/\/manurefetish.com\/shop\/videos\/five-prostate-orgasms-in-cow-dung\/#primaryimage\"},\"thumbnailUrl\":\"https:\/\/manurefetish.b-cdn.net\/wp-content\/uploads\/2022\/06\/five-prostate-orgasms-in-cow-dung-16.jpg\",\"datePublished\":\"2022-06-24T20:07:39+00:00\",\"dateModified\":\"2026-03-24T16:09:53+00:00\",\"description\":\"Five Prostate Orgasms in Cow Dung, Franky is back for some fun with his fuckmachine in the cowshed, covered in cowshit he gets multiple\",\"breadcrumb\":{\"@id\":\"https:\/\/manurefetish.com\/shop\/videos\/five-prostate-orgasms-in-cow-dung\/#breadcrumb\"},\"inLanguage\":\"fr-FR\",\"potentialAction\":[{\"@type\":\"ReadAction\",\"target\":[\"https:\/\/manurefetish.com\/shop\/videos\/five-prostate-orgasms-in-cow-dung\/\"]}]},{\"@type\":\"ImageObject\",\"inLanguage\":\"fr-FR\",\"@id\":\"https:\/\/manurefetish.com\/shop\/videos\/five-prostate-orgasms-in-cow-dung\/#primaryimage\",\"url\":\"https:\/\/manurefetish.b-cdn.net\/wp-content\/uploads\/2022\/06\/five-prostate-orgasms-in-cow-dung-16.jpg\",\"contentUrl\":\"https:\/\/manurefetish.b-cdn.net\/wp-content\/uploads\/2022\/06\/five-prostate-orgasms-in-cow-dung-16.jpg\",\"width\":1728,\"height\":576},{\"@type\":\"BreadcrumbList\",\"@id\":\"https:\/\/manurefetish.com\/shop\/videos\/five-prostate-orgasms-in-cow-dung\/#breadcrumb\",\"itemListElement\":[{\"@type\":\"ListItem\",\"position\":1,\"name\":\"Home\",\"item\":\"https:\/\/manurefetish.com\/\"},{\"@type\":\"ListItem\",\"position\":2,\"name\":\"Shop\",\"item\":\"https:\/\/manurefetish.com\/shop\/\"},{\"@type\":\"ListItem\",\"position\":3,\"name\":\"Videos\",\"item\":\"https:\/\/manurefetish.com\/product-category\/videos\/\"},{\"@type\":\"ListItem\",\"position\":4,\"name\":\"Five Prostate Orgasms in Cow Dung\"}]},{\"@type\":\"WebSite\",\"@id\":\"https:\/\/manurefetish.com\/#website\",\"url\":\"https:\/\/manurefetish.com\/\",\"name\":\"ManureFetish\",\"description\":\"ManureFetish Shop\",\"publisher\":{\"@id\":\"https:\/\/manurefetish.com\/#organization\"},\"potentialAction\":[{\"@type\":\"SearchAction\",\"target\":{\"@type\":\"EntryPoint\",\"urlTemplate\":\"https:\/\/manurefetish.com\/?s={search_term_string}\"},\"query-input\":{\"@type\":\"PropertyValueSpecification\",\"valueRequired\":true,\"valueName\":\"search_term_string\"}}],\"inLanguage\":\"fr-FR\"},{\"@type\":\"Organization\",\"@id\":\"https:\/\/manurefetish.com\/#organization\",\"name\":\"ManureFetish.com\",\"url\":\"https:\/\/manurefetish.com\/\",\"logo\":{\"@type\":\"ImageObject\",\"inLanguage\":\"fr-FR\",\"@id\":\"https:\/\/manurefetish.com\/#\/schema\/logo\/image\/\",\"url\":\"https:\/\/manurefetish.com\/wp-content\/uploads\/2019\/06\/1000xmanurefetishcom-michaela-logo-website-shop.png\",\"contentUrl\":\"https:\/\/manurefetish.com\/wp-content\/uploads\/2019\/06\/1000xmanurefetishcom-michaela-logo-website-shop.png\",\"width\":1000,\"height\":632,\"caption\":\"ManureFetish.com\"},\"image\":{\"@id\":\"https:\/\/manurefetish.com\/#\/schema\/logo\/image\/\"},\"sameAs\":[\"https:\/\/www.facebook.com\/manurefetish\/\",\"https:\/\/x.com\/Manurefetisch\",\"https:\/\/www.youtube.com\/c\/ManureFetish\"],\"description\":\"We're creating various fetish content with female and male models alike.\",\"foundingDate\":\"2019-07-04\",\"vatID\":\"DE366928521\",\"numberOfEmployees\":{\"@type\":\"QuantitativeValue\",\"minValue\":\"1\",\"maxValue\":\"10\"}}]}<\/script>\n<meta property=\"og:availability\" content=\"instock\" \/>\n<meta property=\"product:availability\" content=\"instock\" \/>\n<meta property=\"product:retailer_item_id\" content=\"MFM-POCD\" \/>\n<meta property=\"product:condition\" content=\"new\" \/>\n<!-- \/ Yoast SEO Premium plugin. -->","yoast_head_json":{"title":"Cinq orgasmes de la prostate dans la bouse de vache - ManureFetish - masturbation anale","description":"Cinq orgasmes de la prostate dans la bouse de vache, Franky est de retour pour s'amuser avec sa machine \u00e0 baiser dans l'\u00e9table, couvert de bouse de vache, il obtient plusieurs orgasmes de la prostate.","robots":{"index":"index","follow":"follow","max-snippet":"max-snippet:-1","max-image-preview":"max-image-preview:large","max-video-preview":"max-video-preview:-1"},"canonical":"https:\/\/manurefetish.com\/fr\/shop\/videos\/five-prostate-orgasms-in-cow-dung\/","og_locale":"fr_FR","og_type":"article","og_title":"Five Prostate Orgasms in Cow Dung","og_description":"Five Prostate Orgasms in Cow Dung, Franky is back for some fun with his fuckmachine in the cowshed, covered in cowshit he gets multiple","og_url":"https:\/\/manurefetish.com\/fr\/shop\/videos\/five-prostate-orgasms-in-cow-dung\/","og_site_name":"ManureFetish","article_publisher":"https:\/\/www.facebook.com\/manurefetish\/","article_modified_time":"2026-03-24T16:09:53+00:00","og_image":[{"width":1728,"height":576,"url":"https:\/\/manurefetish.com\/wp-content\/uploads\/2022\/06\/five-prostate-orgasms-in-cow-dung-16.jpg","type":"image\/jpeg"}],"twitter_card":"summary_large_image","twitter_site":"@Manurefetisch","schema":{"@context":"https:\/\/schema.org","@graph":[{"@type":"WebPage","@id":"https:\/\/manurefetish.com\/shop\/videos\/five-prostate-orgasms-in-cow-dung\/","url":"https:\/\/manurefetish.com\/shop\/videos\/five-prostate-orgasms-in-cow-dung\/","name":"Cinq orgasmes de la prostate dans la bouse de vache - ManureFetish - masturbation anale","isPartOf":{"@id":"https:\/\/manurefetish.com\/#website"},"primaryImageOfPage":{"@id":"https:\/\/manurefetish.com\/shop\/videos\/five-prostate-orgasms-in-cow-dung\/#primaryimage"},"image":{"@id":"https:\/\/manurefetish.com\/shop\/videos\/five-prostate-orgasms-in-cow-dung\/#primaryimage"},"thumbnailUrl":"https:\/\/manurefetish.b-cdn.net\/wp-content\/uploads\/2022\/06\/five-prostate-orgasms-in-cow-dung-16.jpg","datePublished":"2022-06-24T20:07:39+00:00","dateModified":"2026-03-24T16:09:53+00:00","description":"Cinq orgasmes de la prostate dans la bouse de vache, Franky est de retour pour s'amuser avec sa machine \u00e0 baiser dans l'\u00e9table, couvert de bouse de vache, il obtient plusieurs orgasmes de la prostate.","breadcrumb":{"@id":"https:\/\/manurefetish.com\/shop\/videos\/five-prostate-orgasms-in-cow-dung\/#breadcrumb"},"inLanguage":"fr-FR","potentialAction":[{"@type":"ReadAction","target":["https:\/\/manurefetish.com\/shop\/videos\/five-prostate-orgasms-in-cow-dung\/"]}]},{"@type":"ImageObject","inLanguage":"fr-FR","@id":"https:\/\/manurefetish.com\/shop\/videos\/five-prostate-orgasms-in-cow-dung\/#primaryimage","url":"https:\/\/manurefetish.b-cdn.net\/wp-content\/uploads\/2022\/06\/five-prostate-orgasms-in-cow-dung-16.jpg","contentUrl":"https:\/\/manurefetish.b-cdn.net\/wp-content\/uploads\/2022\/06\/five-prostate-orgasms-in-cow-dung-16.jpg","width":1728,"height":576},{"@type":"BreadcrumbList","@id":"https:\/\/manurefetish.com\/shop\/videos\/five-prostate-orgasms-in-cow-dung\/#breadcrumb","itemListElement":[{"@type":"ListItem","position":1,"name":"Home","item":"https:\/\/manurefetish.com\/"},{"@type":"ListItem","position":2,"name":"Shop","item":"https:\/\/manurefetish.com\/shop\/"},{"@type":"ListItem","position":3,"name":"Videos","item":"https:\/\/manurefetish.com\/product-category\/videos\/"},{"@type":"ListItem","position":4,"name":"Five Prostate Orgasms in Cow Dung"}]},{"@type":"WebSite","@id":"https:\/\/manurefetish.com\/#website","url":"https:\/\/manurefetish.com\/","name":"ManureFetish","description":"ManureFetish Shop","publisher":{"@id":"https:\/\/manurefetish.com\/#organization"},"potentialAction":[{"@type":"SearchAction","target":{"@type":"EntryPoint","urlTemplate":"https:\/\/manurefetish.com\/?s={search_term_string}"},"query-input":{"@type":"PropertyValueSpecification","valueRequired":true,"valueName":"search_term_string"}}],"inLanguage":"fr-FR"},{"@type":"Organization","@id":"https:\/\/manurefetish.com\/#organization","name":"ManureFetish.com","url":"https:\/\/manurefetish.com\/","logo":{"@type":"ImageObject","inLanguage":"fr-FR","@id":"https:\/\/manurefetish.com\/#\/schema\/logo\/image\/","url":"https:\/\/manurefetish.com\/wp-content\/uploads\/2019\/06\/1000xmanurefetishcom-michaela-logo-website-shop.png","contentUrl":"https:\/\/manurefetish.com\/wp-content\/uploads\/2019\/06\/1000xmanurefetishcom-michaela-logo-website-shop.png","width":1000,"height":632,"caption":"ManureFetish.com"},"image":{"@id":"https:\/\/manurefetish.com\/#\/schema\/logo\/image\/"},"sameAs":["https:\/\/www.facebook.com\/manurefetish\/","https:\/\/x.com\/Manurefetisch","https:\/\/www.youtube.com\/c\/ManureFetish"],"description":"Nous cr\u00e9ons divers contenus f\u00e9tichistes avec des mod\u00e8les f\u00e9minins et masculins.","foundingDate":"2019-07-04","vatID":"DE366928521","numberOfEmployees":{"@type":"QuantitativeValue","minValue":"1","maxValue":"10"}}]},"og_availability":"instock","product_availability":"instock","product_retailer_item_id":"MFM-POCD","product_condition":"new"},"_links":{"self":[{"href":"https:\/\/manurefetish.com\/fr\/wp-json\/wp\/v2\/product\/52175","targetHints":{"allow":["GET"]}}],"collection":[{"href":"https:\/\/manurefetish.com\/fr\/wp-json\/wp\/v2\/product"}],"about":[{"href":"https:\/\/manurefetish.com\/fr\/wp-json\/wp\/v2\/types\/product"}],"replies":[{"embeddable":true,"href":"https:\/\/manurefetish.com\/fr\/wp-json\/wp\/v2\/comments?post=52175"}],"version-history":[{"count":0,"href":"https:\/\/manurefetish.com\/fr\/wp-json\/wp\/v2\/product\/52175\/revisions"}],"wp:featuredmedia":[{"embeddable":true,"href":"https:\/\/manurefetish.com\/fr\/wp-json\/wp\/v2\/media\/199456"}],"wp:attachment":[{"href":"https:\/\/manurefetish.com\/fr\/wp-json\/wp\/v2\/media?parent=52175"}],"wp:term":[{"taxonomy":"product_brand","embeddable":true,"href":"https:\/\/manurefetish.com\/fr\/wp-json\/wp\/v2\/product_brand?post=52175"},{"taxonomy":"product_cat","embeddable":true,"href":"https:\/\/manurefetish.com\/fr\/wp-json\/wp\/v2\/product_cat?post=52175"},{"taxonomy":"product_tag","embeddable":true,"href":"https:\/\/manurefetish.com\/fr\/wp-json\/wp\/v2\/product_tag?post=52175"}],"curies":[{"name":"wp","href":"https:\/\/api.w.org\/{rel}","templated":true}]}}