{"id":48946,"date":"2022-04-26T21:39:48","date_gmt":"2022-04-26T19:39:48","guid":{"rendered":"https:\/\/manurefetish.com\/?post_type=product&#038;p=48946"},"modified":"2026-03-24T17:10:26","modified_gmt":"2026-03-24T16:10:26","slug":"cow-dung-maid","status":"publish","type":"product","link":"https:\/\/manurefetish.com\/fr\/shop\/videos\/cow-dung-maid\/","title":{"rendered":"Servante de bouse de vache"},"content":{"rendered":"<p><span style=\"font-weight: 400;\">Franky a sa propre servante en bouse de vache, elle exauce tous ses souhaits. Aujourd'hui, Franky prend un bain dans son bassin de fumier priv\u00e9. Apr\u00e8s s'\u00eatre recouvert de suffisamment de fumier, il sonne pour appeler sa bonne (Lyndra Lynn). Sa bonne porte un beau costume en vinyle et un grand strapon. De temps en temps, Franky aime \u00eatre branch\u00e9. Sa bonne commence par recouvrir sa bite et son trou du cul de bave. Elle est un peu trop press\u00e9e avec la grosse lani\u00e8re et manque de d\u00e9chirer Franky. Elle commence donc \u00e0 recouvrir Franky de bouse de vache et de bave tout en le branlant. Franky lui demande de commencer \u00e0 lui doigter le trou du cul, ce qu'elle fait. Elle utilise de plus en plus de doigts jusqu'\u00e0 ce que toute sa main entre dans son trou du cul. Franky est maintenant assez tendu pour le gode et la bonne commence \u00e0 le baiser dans diff\u00e9rentes positions. \u00c0 la fin, elle lui fait une branlette rude jusqu'\u00e0 ce qu'il \u00e9jacule.<\/span><\/p>","protected":false},"excerpt":{"rendered":"<p>Franky has his own Cow Dung Maid, she fulfills his every wish. Today, Franky takes a bath in his own private Manure Basin. After he covered himself with enough manure, he rings for his Maid (Lyndra Lynn). His maid wears a nice vinyl costume and a large strapon. From time to time Franky loves to [&hellip;]<\/p>\n","protected":false},"featured_media":199006,"comment_status":"open","ping_status":"closed","template":"","meta":{"_acf_changed":false,"site-sidebar-layout":"default","site-content-layout":"","ast-site-content-layout":"default","site-content-style":"default","site-sidebar-style":"default","ast-global-header-display":"","ast-banner-title-visibility":"","ast-main-header-display":"","ast-hfb-above-header-display":"","ast-hfb-below-header-display":"","ast-hfb-mobile-header-display":"","site-post-title":"","ast-breadcrumbs-content":"","ast-featured-img":"","footer-sml-layout":"","ast-disable-related-posts":"","theme-transparent-header-meta":"default","adv-header-id-meta":"","stick-header-meta":"","header-above-stick-meta":"","header-main-stick-meta":"","header-below-stick-meta":"","astra-migrate-meta-layouts":"set","ast-page-background-enabled":"default","ast-page-background-meta":{"desktop":{"background-color":"var(--ast-global-color-4)","background-image":"","background-repeat":"repeat","background-position":"center center","background-size":"auto","background-attachment":"scroll","background-type":"","background-media":"","overlay-type":"","overlay-color":"","overlay-opacity":"","overlay-gradient":""},"tablet":{"background-color":"","background-image":"","background-repeat":"repeat","background-position":"center center","background-size":"auto","background-attachment":"scroll","background-type":"","background-media":"","overlay-type":"","overlay-color":"","overlay-opacity":"","overlay-gradient":""},"mobile":{"background-color":"","background-image":"","background-repeat":"repeat","background-position":"center center","background-size":"auto","background-attachment":"scroll","background-type":"","background-media":"","overlay-type":"","overlay-color":"","overlay-opacity":"","overlay-gradient":""}},"ast-content-background-meta":{"desktop":{"background-color":"var(--ast-global-color-5)","background-image":"","background-repeat":"repeat","background-position":"center center","background-size":"auto","background-attachment":"scroll","background-type":"","background-media":"","overlay-type":"","overlay-color":"","overlay-opacity":"","overlay-gradient":""},"tablet":{"background-color":"var(--ast-global-color-5)","background-image":"","background-repeat":"repeat","background-position":"center center","background-size":"auto","background-attachment":"scroll","background-type":"","background-media":"","overlay-type":"","overlay-color":"","overlay-opacity":"","overlay-gradient":""},"mobile":{"background-color":"var(--ast-global-color-5)","background-image":"","background-repeat":"repeat","background-position":"center center","background-size":"auto","background-attachment":"scroll","background-type":"","background-media":"","overlay-type":"","overlay-color":"","overlay-opacity":"","overlay-gradient":""}}},"product_brand":[],"product_cat":[4470],"product_tag":[17,317,3295,318,3296,66,2508,2631,2621,2558,316,64,2557,3030,56,320,3334,321,2438,54,2419,3335,37,2841,2867,18,3174,65,35,3247,2871,32,3408,4482,2832,3298,2709,319,2368,3233],"class_list":{"0":"post-48946","1":"product","2":"type-product","3":"status-publish","4":"has-post-thumbnail","6":"product_cat-videos","7":"product_tag-anal","8":"product_tag-asshole","9":"product_tag-basin","10":"product_tag-boobs","11":"product_tag-cleaning","12":"product_tag-clothed","13":"product_tag-clothes","14":"product_tag-completely-covered","15":"product_tag-cow-dung","16":"product_tag-cowgirl","17":"product_tag-cunt","18":"product_tag-dildo","19":"product_tag-doggy-style","20":"product_tag-download","21":"product_tag-erotic","22":"product_tag-feet","23":"product_tag-fisting","24":"product_tag-foot","25":"product_tag-franky","26":"product_tag-full-covered","27":"product_tag-full-hd","28":"product_tag-handjob","29":"product_tag-jerk-off","30":"product_tag-lyndra-lynn","31":"product_tag-maid","32":"product_tag-manure","33":"product_tag-missionary","34":"product_tag-naked","35":"product_tag-orgasm","36":"product_tag-pegging","37":"product_tag-pov","38":"product_tag-pussy","39":"product_tag-season-3","40":"product_tag-sex-in-cowshit","41":"product_tag-smearing","42":"product_tag-solo","43":"product_tag-strapon","44":"product_tag-tits","45":"product_tag-ultra-hd","46":"product_tag-waifu","47":"pa_audio-info-stereo","48":"pa_format-mp4","49":"pa_length-20-minutes","50":"pa_product-type-digital-download-full-hd-video","51":"pa_product-type-digital-download-ultra-hd-video","52":"pa_product-type-usb-stick","53":"pa_size-fhd-6-48-gb","54":"pa_size-uhd-8-87-gb","55":"pa_video-info-full-hd-1920x1080p","56":"pa_video-info-ultra-hd-4k","57":"desktop-align-center","58":"tablet-align-left","59":"mobile-align-left","61":"first","62":"instock","63":"shipping-taxable","64":"purchasable","65":"product-type-variable","66":"has-default-attributes"},"exclude_global_add_ons":[],"addons":[],"acf":[],"yoast_head":"<!-- This site is optimized with the Yoast SEO Premium plugin v27.1 (Yoast SEO v27.1.1) - https:\/\/yoast.com\/product\/yoast-seo-premium-wordpress\/ -->\n<title>Cow Dung Maid - ManureFetish - Pegging in cowshit<\/title>\n<meta name=\"description\" content=\"Cow Dung Maid, Franky has his own maid which fullfills him every wish he has. His made has a nice strapon and loves to play in cowshit.\" \/>\n<meta name=\"robots\" content=\"index, follow, max-snippet:-1, max-image-preview:large, max-video-preview:-1\" \/>\n<link rel=\"canonical\" href=\"https:\/\/manurefetish.com\/fr\/shop\/videos\/cow-dung-maid\/\" \/>\n<meta property=\"og:locale\" content=\"fr_FR\" \/>\n<meta property=\"og:type\" content=\"article\" \/>\n<meta property=\"og:title\" content=\"Cow Dung Maid\" \/>\n<meta property=\"og:description\" content=\"Cow Dung Maid, Franky has his own maid which fullfills him every wish he has. His made has a nice strapon and loves to play in cowshit.\" \/>\n<meta property=\"og:url\" content=\"https:\/\/manurefetish.com\/fr\/shop\/videos\/cow-dung-maid\/\" \/>\n<meta property=\"og:site_name\" content=\"ManureFetish\" \/>\n<meta property=\"article:publisher\" content=\"https:\/\/www.facebook.com\/manurefetish\/\" \/>\n<meta property=\"article:modified_time\" content=\"2026-03-24T16:10:26+00:00\" \/>\n<meta property=\"og:image\" content=\"https:\/\/manurefetish.com\/wp-content\/uploads\/2022\/04\/Dirty-Cowdung-Maid.jpg\" \/>\n\t<meta property=\"og:image:width\" content=\"1728\" \/>\n\t<meta property=\"og:image:height\" content=\"576\" \/>\n\t<meta property=\"og:image:type\" content=\"image\/jpeg\" \/>\n<meta name=\"twitter:card\" content=\"summary_large_image\" \/>\n<meta name=\"twitter:site\" content=\"@Manurefetisch\" \/>\n<script type=\"application\/ld+json\" class=\"yoast-schema-graph\">{\"@context\":\"https:\/\/schema.org\",\"@graph\":[{\"@type\":\"WebPage\",\"@id\":\"https:\/\/manurefetish.com\/shop\/videos\/cow-dung-maid\/\",\"url\":\"https:\/\/manurefetish.com\/shop\/videos\/cow-dung-maid\/\",\"name\":\"Cow Dung Maid - ManureFetish - Pegging in cowshit\",\"isPartOf\":{\"@id\":\"https:\/\/manurefetish.com\/#website\"},\"primaryImageOfPage\":{\"@id\":\"https:\/\/manurefetish.com\/shop\/videos\/cow-dung-maid\/#primaryimage\"},\"image\":{\"@id\":\"https:\/\/manurefetish.com\/shop\/videos\/cow-dung-maid\/#primaryimage\"},\"thumbnailUrl\":\"https:\/\/manurefetish.b-cdn.net\/wp-content\/uploads\/2022\/04\/Dirty-Cowdung-Maid.jpg\",\"datePublished\":\"2022-04-26T19:39:48+00:00\",\"dateModified\":\"2026-03-24T16:10:26+00:00\",\"description\":\"Cow Dung Maid, Franky has his own maid which fullfills him every wish he has. His made has a nice strapon and loves to play in cowshit.\",\"breadcrumb\":{\"@id\":\"https:\/\/manurefetish.com\/shop\/videos\/cow-dung-maid\/#breadcrumb\"},\"inLanguage\":\"fr-FR\",\"potentialAction\":[{\"@type\":\"ReadAction\",\"target\":[\"https:\/\/manurefetish.com\/shop\/videos\/cow-dung-maid\/\"]}]},{\"@type\":\"ImageObject\",\"inLanguage\":\"fr-FR\",\"@id\":\"https:\/\/manurefetish.com\/shop\/videos\/cow-dung-maid\/#primaryimage\",\"url\":\"https:\/\/manurefetish.b-cdn.net\/wp-content\/uploads\/2022\/04\/Dirty-Cowdung-Maid.jpg\",\"contentUrl\":\"https:\/\/manurefetish.b-cdn.net\/wp-content\/uploads\/2022\/04\/Dirty-Cowdung-Maid.jpg\",\"width\":1728,\"height\":576},{\"@type\":\"BreadcrumbList\",\"@id\":\"https:\/\/manurefetish.com\/shop\/videos\/cow-dung-maid\/#breadcrumb\",\"itemListElement\":[{\"@type\":\"ListItem\",\"position\":1,\"name\":\"Home\",\"item\":\"https:\/\/manurefetish.com\/\"},{\"@type\":\"ListItem\",\"position\":2,\"name\":\"Shop\",\"item\":\"https:\/\/manurefetish.com\/shop\/\"},{\"@type\":\"ListItem\",\"position\":3,\"name\":\"Videos\",\"item\":\"https:\/\/manurefetish.com\/product-category\/videos\/\"},{\"@type\":\"ListItem\",\"position\":4,\"name\":\"Cow Dung Maid\"}]},{\"@type\":\"WebSite\",\"@id\":\"https:\/\/manurefetish.com\/#website\",\"url\":\"https:\/\/manurefetish.com\/\",\"name\":\"ManureFetish\",\"description\":\"ManureFetish Shop\",\"publisher\":{\"@id\":\"https:\/\/manurefetish.com\/#organization\"},\"potentialAction\":[{\"@type\":\"SearchAction\",\"target\":{\"@type\":\"EntryPoint\",\"urlTemplate\":\"https:\/\/manurefetish.com\/?s={search_term_string}\"},\"query-input\":{\"@type\":\"PropertyValueSpecification\",\"valueRequired\":true,\"valueName\":\"search_term_string\"}}],\"inLanguage\":\"fr-FR\"},{\"@type\":\"Organization\",\"@id\":\"https:\/\/manurefetish.com\/#organization\",\"name\":\"ManureFetish.com\",\"url\":\"https:\/\/manurefetish.com\/\",\"logo\":{\"@type\":\"ImageObject\",\"inLanguage\":\"fr-FR\",\"@id\":\"https:\/\/manurefetish.com\/#\/schema\/logo\/image\/\",\"url\":\"https:\/\/manurefetish.com\/wp-content\/uploads\/2019\/06\/1000xmanurefetishcom-michaela-logo-website-shop.png\",\"contentUrl\":\"https:\/\/manurefetish.com\/wp-content\/uploads\/2019\/06\/1000xmanurefetishcom-michaela-logo-website-shop.png\",\"width\":1000,\"height\":632,\"caption\":\"ManureFetish.com\"},\"image\":{\"@id\":\"https:\/\/manurefetish.com\/#\/schema\/logo\/image\/\"},\"sameAs\":[\"https:\/\/www.facebook.com\/manurefetish\/\",\"https:\/\/x.com\/Manurefetisch\",\"https:\/\/www.youtube.com\/c\/ManureFetish\"],\"description\":\"We're creating various fetish content with female and male models alike.\",\"foundingDate\":\"2019-07-04\",\"vatID\":\"DE366928521\",\"numberOfEmployees\":{\"@type\":\"QuantitativeValue\",\"minValue\":\"1\",\"maxValue\":\"10\"}}]}<\/script>\n<meta property=\"og:availability\" content=\"instock\" \/>\n<meta property=\"product:availability\" content=\"instock\" \/>\n<meta property=\"product:retailer_item_id\" content=\"MFW-CDM\" \/>\n<meta property=\"product:condition\" content=\"new\" \/>\n<!-- \/ Yoast SEO Premium plugin. -->","yoast_head_json":{"title":"Servante en bouse de vache - ManureFetish - P\u00e9dicure dans la bouse de vache","description":"Bouse de vache Maid, Franky a sa propre maid qui comble tous ses d\u00e9sirs. Sa made a un beau strapon et adore jouer dans la bouse de vache.","robots":{"index":"index","follow":"follow","max-snippet":"max-snippet:-1","max-image-preview":"max-image-preview:large","max-video-preview":"max-video-preview:-1"},"canonical":"https:\/\/manurefetish.com\/fr\/shop\/videos\/cow-dung-maid\/","og_locale":"fr_FR","og_type":"article","og_title":"Cow Dung Maid","og_description":"Cow Dung Maid, Franky has his own maid which fullfills him every wish he has. His made has a nice strapon and loves to play in cowshit.","og_url":"https:\/\/manurefetish.com\/fr\/shop\/videos\/cow-dung-maid\/","og_site_name":"ManureFetish","article_publisher":"https:\/\/www.facebook.com\/manurefetish\/","article_modified_time":"2026-03-24T16:10:26+00:00","og_image":[{"width":1728,"height":576,"url":"https:\/\/manurefetish.com\/wp-content\/uploads\/2022\/04\/Dirty-Cowdung-Maid.jpg","type":"image\/jpeg"}],"twitter_card":"summary_large_image","twitter_site":"@Manurefetisch","schema":{"@context":"https:\/\/schema.org","@graph":[{"@type":"WebPage","@id":"https:\/\/manurefetish.com\/shop\/videos\/cow-dung-maid\/","url":"https:\/\/manurefetish.com\/shop\/videos\/cow-dung-maid\/","name":"Servante en bouse de vache - ManureFetish - P\u00e9dicure dans la bouse de vache","isPartOf":{"@id":"https:\/\/manurefetish.com\/#website"},"primaryImageOfPage":{"@id":"https:\/\/manurefetish.com\/shop\/videos\/cow-dung-maid\/#primaryimage"},"image":{"@id":"https:\/\/manurefetish.com\/shop\/videos\/cow-dung-maid\/#primaryimage"},"thumbnailUrl":"https:\/\/manurefetish.b-cdn.net\/wp-content\/uploads\/2022\/04\/Dirty-Cowdung-Maid.jpg","datePublished":"2022-04-26T19:39:48+00:00","dateModified":"2026-03-24T16:10:26+00:00","description":"Bouse de vache Maid, Franky a sa propre maid qui comble tous ses d\u00e9sirs. Sa made a un beau strapon et adore jouer dans la bouse de vache.","breadcrumb":{"@id":"https:\/\/manurefetish.com\/shop\/videos\/cow-dung-maid\/#breadcrumb"},"inLanguage":"fr-FR","potentialAction":[{"@type":"ReadAction","target":["https:\/\/manurefetish.com\/shop\/videos\/cow-dung-maid\/"]}]},{"@type":"ImageObject","inLanguage":"fr-FR","@id":"https:\/\/manurefetish.com\/shop\/videos\/cow-dung-maid\/#primaryimage","url":"https:\/\/manurefetish.b-cdn.net\/wp-content\/uploads\/2022\/04\/Dirty-Cowdung-Maid.jpg","contentUrl":"https:\/\/manurefetish.b-cdn.net\/wp-content\/uploads\/2022\/04\/Dirty-Cowdung-Maid.jpg","width":1728,"height":576},{"@type":"BreadcrumbList","@id":"https:\/\/manurefetish.com\/shop\/videos\/cow-dung-maid\/#breadcrumb","itemListElement":[{"@type":"ListItem","position":1,"name":"Home","item":"https:\/\/manurefetish.com\/"},{"@type":"ListItem","position":2,"name":"Shop","item":"https:\/\/manurefetish.com\/shop\/"},{"@type":"ListItem","position":3,"name":"Videos","item":"https:\/\/manurefetish.com\/product-category\/videos\/"},{"@type":"ListItem","position":4,"name":"Cow Dung Maid"}]},{"@type":"WebSite","@id":"https:\/\/manurefetish.com\/#website","url":"https:\/\/manurefetish.com\/","name":"ManureFetish","description":"ManureFetish Shop","publisher":{"@id":"https:\/\/manurefetish.com\/#organization"},"potentialAction":[{"@type":"SearchAction","target":{"@type":"EntryPoint","urlTemplate":"https:\/\/manurefetish.com\/?s={search_term_string}"},"query-input":{"@type":"PropertyValueSpecification","valueRequired":true,"valueName":"search_term_string"}}],"inLanguage":"fr-FR"},{"@type":"Organization","@id":"https:\/\/manurefetish.com\/#organization","name":"ManureFetish.com","url":"https:\/\/manurefetish.com\/","logo":{"@type":"ImageObject","inLanguage":"fr-FR","@id":"https:\/\/manurefetish.com\/#\/schema\/logo\/image\/","url":"https:\/\/manurefetish.com\/wp-content\/uploads\/2019\/06\/1000xmanurefetishcom-michaela-logo-website-shop.png","contentUrl":"https:\/\/manurefetish.com\/wp-content\/uploads\/2019\/06\/1000xmanurefetishcom-michaela-logo-website-shop.png","width":1000,"height":632,"caption":"ManureFetish.com"},"image":{"@id":"https:\/\/manurefetish.com\/#\/schema\/logo\/image\/"},"sameAs":["https:\/\/www.facebook.com\/manurefetish\/","https:\/\/x.com\/Manurefetisch","https:\/\/www.youtube.com\/c\/ManureFetish"],"description":"Nous cr\u00e9ons divers contenus f\u00e9tichistes avec des mod\u00e8les f\u00e9minins et masculins.","foundingDate":"2019-07-04","vatID":"DE366928521","numberOfEmployees":{"@type":"QuantitativeValue","minValue":"1","maxValue":"10"}}]},"og_availability":"instock","product_availability":"instock","product_retailer_item_id":"MFW-CDM","product_condition":"new"},"_links":{"self":[{"href":"https:\/\/manurefetish.com\/fr\/wp-json\/wp\/v2\/product\/48946","targetHints":{"allow":["GET"]}}],"collection":[{"href":"https:\/\/manurefetish.com\/fr\/wp-json\/wp\/v2\/product"}],"about":[{"href":"https:\/\/manurefetish.com\/fr\/wp-json\/wp\/v2\/types\/product"}],"replies":[{"embeddable":true,"href":"https:\/\/manurefetish.com\/fr\/wp-json\/wp\/v2\/comments?post=48946"}],"version-history":[{"count":0,"href":"https:\/\/manurefetish.com\/fr\/wp-json\/wp\/v2\/product\/48946\/revisions"}],"wp:featuredmedia":[{"embeddable":true,"href":"https:\/\/manurefetish.com\/fr\/wp-json\/wp\/v2\/media\/199006"}],"wp:attachment":[{"href":"https:\/\/manurefetish.com\/fr\/wp-json\/wp\/v2\/media?parent=48946"}],"wp:term":[{"taxonomy":"product_brand","embeddable":true,"href":"https:\/\/manurefetish.com\/fr\/wp-json\/wp\/v2\/product_brand?post=48946"},{"taxonomy":"product_cat","embeddable":true,"href":"https:\/\/manurefetish.com\/fr\/wp-json\/wp\/v2\/product_cat?post=48946"},{"taxonomy":"product_tag","embeddable":true,"href":"https:\/\/manurefetish.com\/fr\/wp-json\/wp\/v2\/product_tag?post=48946"}],"curies":[{"name":"wp","href":"https:\/\/api.w.org\/{rel}","templated":true}]}}