{"id":47432,"date":"2022-03-19T21:28:22","date_gmt":"2022-03-19T20:28:22","guid":{"rendered":"https:\/\/manurefetish.com\/?post_type=product&#038;p=47432"},"modified":"2026-03-24T17:11:02","modified_gmt":"2026-03-24T16:11:02","slug":"bettys-chocolate-banana","status":"publish","type":"product","link":"https:\/\/manurefetish.com\/fr\/shop\/videos\/bettys-chocolate-banana\/","title":{"rendered":"Betty&#8217;s Chocolate Banana"},"content":{"rendered":"<p><span style=\"font-weight: 400;\">Betty a une nouvelle vid\u00e9o cochonne pour nous. Dans sa derni\u00e8re vid\u00e9o, elle s'amuse beaucoup avec une banane et de la cr\u00e8me stock\u00e9e et aussi de la cr\u00e8me fra\u00eeche \"au chocolat\". Elle suce d'abord la banane et la baise ensuite pour se pr\u00e9parer \u00e0 un plaisir tr\u00e8s salissant. Elle ouvre le r\u00e9frig\u00e9rateur et en sort un bol de la cr\u00e8me qu'elle a conserv\u00e9e. Elle commence \u00e0 se couvrir les seins et le haut du corps. Ensuite, elle se d\u00e9shabille et couvre chaque centim\u00e8tre de son corps. La cr\u00e8me conserv\u00e9e n'est pas suffisante, alors elle en fait sortir de la fra\u00eeche. Puis elle attrape la banane et commence \u00e0 se baiser dans diff\u00e9rentes positions. Apr\u00e8s s'\u00eatre bien suc\u00e9 et bais\u00e9 et avoir eu un tr\u00e8s bel orgasme, elle allume sa cigarette bien m\u00e9rit\u00e9e, tout en continuant \u00e0 se toucher. <\/span><\/p>\n<p>&nbsp;<\/p>","protected":false},"excerpt":{"rendered":"<p>Betty has a new filthy video for us. In her latest video, she has a good amount of fun with a banana and some stored and also fresh \u201cchocolate\u201d cream. She first sucks and then fucks the banana to prepare herself for some very messy fun. She opens the fridge and pulls out a bowl [&hellip;]<\/p>\n","protected":false},"featured_media":198964,"comment_status":"open","ping_status":"closed","template":"","meta":{"_acf_changed":false,"site-sidebar-layout":"default","site-content-layout":"","ast-site-content-layout":"default","site-content-style":"default","site-sidebar-style":"default","ast-global-header-display":"","ast-banner-title-visibility":"","ast-main-header-display":"","ast-hfb-above-header-display":"","ast-hfb-below-header-display":"","ast-hfb-mobile-header-display":"","site-post-title":"","ast-breadcrumbs-content":"","ast-featured-img":"","footer-sml-layout":"","ast-disable-related-posts":"","theme-transparent-header-meta":"default","adv-header-id-meta":"","stick-header-meta":"","header-above-stick-meta":"","header-main-stick-meta":"","header-below-stick-meta":"","astra-migrate-meta-layouts":"set","ast-page-background-enabled":"default","ast-page-background-meta":{"desktop":{"background-color":"var(--ast-global-color-4)","background-image":"","background-repeat":"repeat","background-position":"center center","background-size":"auto","background-attachment":"scroll","background-type":"","background-media":"","overlay-type":"","overlay-color":"","overlay-opacity":"","overlay-gradient":""},"tablet":{"background-color":"","background-image":"","background-repeat":"repeat","background-position":"center center","background-size":"auto","background-attachment":"scroll","background-type":"","background-media":"","overlay-type":"","overlay-color":"","overlay-opacity":"","overlay-gradient":""},"mobile":{"background-color":"","background-image":"","background-repeat":"repeat","background-position":"center center","background-size":"auto","background-attachment":"scroll","background-type":"","background-media":"","overlay-type":"","overlay-color":"","overlay-opacity":"","overlay-gradient":""}},"ast-content-background-meta":{"desktop":{"background-color":"var(--ast-global-color-5)","background-image":"","background-repeat":"repeat","background-position":"center center","background-size":"auto","background-attachment":"scroll","background-type":"","background-media":"","overlay-type":"","overlay-color":"","overlay-opacity":"","overlay-gradient":""},"tablet":{"background-color":"var(--ast-global-color-5)","background-image":"","background-repeat":"repeat","background-position":"center center","background-size":"auto","background-attachment":"scroll","background-type":"","background-media":"","overlay-type":"","overlay-color":"","overlay-opacity":"","overlay-gradient":""},"mobile":{"background-color":"var(--ast-global-color-5)","background-image":"","background-repeat":"repeat","background-position":"center center","background-size":"auto","background-attachment":"scroll","background-type":"","background-media":"","overlay-type":"","overlay-color":"","overlay-opacity":"","overlay-gradient":""}}},"product_brand":[],"product_cat":[4470],"product_tag":[17,317,3268,2476,318,3269,66,316,3030,334,3270,54,2419,4572,3273,2285,2206,65,35,2482,32,4135,3408,53,2832,3271,3272,319],"class_list":{"0":"post-47432","1":"product","2":"type-product","3":"status-publish","4":"has-post-thumbnail","6":"product_cat-videos","7":"product_tag-anal","8":"product_tag-asshole","9":"product_tag-banana","10":"product_tag-betty","11":"product_tag-boobs","12":"product_tag-cigarette","13":"product_tag-clothed","14":"product_tag-cunt","15":"product_tag-download","16":"product_tag-eating","17":"product_tag-fruit","18":"product_tag-full-covered","19":"product_tag-full-hd","20":"product_tag-human-scat","21":"product_tag-kitchen","22":"product_tag-masturbate","23":"product_tag-masturbation","24":"product_tag-naked","25":"product_tag-orgasm","26":"product_tag-peeing","27":"product_tag-pussy","28":"product_tag-scat","29":"product_tag-season-3","30":"product_tag-shower","31":"product_tag-smearing","32":"product_tag-smoke","33":"product_tag-smoking","34":"product_tag-tits","35":"pa_audio-info-stereo","36":"pa_format-mp4","37":"pa_length-24-minutes","38":"pa_product-type-digital-download-video","39":"pa_product-type-usb-stick","40":"pa_size-4-05-gb","41":"pa_video-info-full-hd-1920x1080p","42":"desktop-align-center","43":"tablet-align-left","44":"mobile-align-left","46":"first","47":"instock","48":"shipping-taxable","49":"purchasable","50":"product-type-variable","51":"has-default-attributes"},"exclude_global_add_ons":[],"addons":[],"acf":[],"yoast_head":"<!-- This site is optimized with the Yoast SEO Premium plugin v27.1 (Yoast SEO v27.1.1) - https:\/\/yoast.com\/product\/yoast-seo-premium-wordpress\/ -->\n<title>Betty&#039;s Chocolate Banana - ManureFetish - banana and scat masturbation<\/title>\n<meta name=\"description\" content=\"Betty&#039;s chocolate banana, Betty is back with a new very dirty poop and scat video. She uses a banana and makes herself cum and poop.\" \/>\n<meta name=\"robots\" content=\"index, follow, max-snippet:-1, max-image-preview:large, max-video-preview:-1\" \/>\n<link rel=\"canonical\" href=\"https:\/\/manurefetish.com\/fr\/shop\/videos\/bettys-chocolate-banana\/\" \/>\n<meta property=\"og:locale\" content=\"fr_FR\" \/>\n<meta property=\"og:type\" content=\"article\" \/>\n<meta property=\"og:title\" content=\"Betty&#039;s Chocolate Banana\" \/>\n<meta property=\"og:description\" content=\"Betty&#039;s chocolate banana, Betty is back with a new very dirty poop and scat video. She uses a banana and makes herself cum and poop.\" \/>\n<meta property=\"og:url\" content=\"https:\/\/manurefetish.com\/fr\/shop\/videos\/bettys-chocolate-banana\/\" \/>\n<meta property=\"og:site_name\" content=\"ManureFetish\" \/>\n<meta property=\"article:publisher\" content=\"https:\/\/www.facebook.com\/manurefetish\/\" \/>\n<meta property=\"article:modified_time\" content=\"2026-03-24T16:11:02+00:00\" \/>\n<meta property=\"og:image\" content=\"https:\/\/manurefetish.com\/wp-content\/uploads\/2022\/03\/Bettys-chocolate-banana-17.jpg\" \/>\n\t<meta property=\"og:image:width\" content=\"1728\" \/>\n\t<meta property=\"og:image:height\" content=\"576\" \/>\n\t<meta property=\"og:image:type\" content=\"image\/jpeg\" \/>\n<meta name=\"twitter:card\" content=\"summary_large_image\" \/>\n<meta name=\"twitter:site\" content=\"@Manurefetisch\" \/>\n<script type=\"application\/ld+json\" class=\"yoast-schema-graph\">{\"@context\":\"https:\/\/schema.org\",\"@graph\":[{\"@type\":\"WebPage\",\"@id\":\"https:\/\/manurefetish.com\/shop\/videos\/bettys-chocolate-banana\/\",\"url\":\"https:\/\/manurefetish.com\/shop\/videos\/bettys-chocolate-banana\/\",\"name\":\"Betty's Chocolate Banana - ManureFetish - banana and scat masturbation\",\"isPartOf\":{\"@id\":\"https:\/\/manurefetish.com\/#website\"},\"primaryImageOfPage\":{\"@id\":\"https:\/\/manurefetish.com\/shop\/videos\/bettys-chocolate-banana\/#primaryimage\"},\"image\":{\"@id\":\"https:\/\/manurefetish.com\/shop\/videos\/bettys-chocolate-banana\/#primaryimage\"},\"thumbnailUrl\":\"https:\/\/manurefetish.b-cdn.net\/wp-content\/uploads\/2022\/03\/Bettys-chocolate-banana-17.jpg\",\"datePublished\":\"2022-03-19T20:28:22+00:00\",\"dateModified\":\"2026-03-24T16:11:02+00:00\",\"description\":\"Betty's chocolate banana, Betty is back with a new very dirty poop and scat video. She uses a banana and makes herself cum and poop.\",\"breadcrumb\":{\"@id\":\"https:\/\/manurefetish.com\/shop\/videos\/bettys-chocolate-banana\/#breadcrumb\"},\"inLanguage\":\"fr-FR\",\"potentialAction\":[{\"@type\":\"ReadAction\",\"target\":[\"https:\/\/manurefetish.com\/shop\/videos\/bettys-chocolate-banana\/\"]}]},{\"@type\":\"ImageObject\",\"inLanguage\":\"fr-FR\",\"@id\":\"https:\/\/manurefetish.com\/shop\/videos\/bettys-chocolate-banana\/#primaryimage\",\"url\":\"https:\/\/manurefetish.b-cdn.net\/wp-content\/uploads\/2022\/03\/Bettys-chocolate-banana-17.jpg\",\"contentUrl\":\"https:\/\/manurefetish.b-cdn.net\/wp-content\/uploads\/2022\/03\/Bettys-chocolate-banana-17.jpg\",\"width\":1728,\"height\":576},{\"@type\":\"BreadcrumbList\",\"@id\":\"https:\/\/manurefetish.com\/shop\/videos\/bettys-chocolate-banana\/#breadcrumb\",\"itemListElement\":[{\"@type\":\"ListItem\",\"position\":1,\"name\":\"Home\",\"item\":\"https:\/\/manurefetish.com\/\"},{\"@type\":\"ListItem\",\"position\":2,\"name\":\"Shop\",\"item\":\"https:\/\/manurefetish.com\/shop\/\"},{\"@type\":\"ListItem\",\"position\":3,\"name\":\"Videos\",\"item\":\"https:\/\/manurefetish.com\/product-category\/videos\/\"},{\"@type\":\"ListItem\",\"position\":4,\"name\":\"Betty&#8217;s Chocolate Banana\"}]},{\"@type\":\"WebSite\",\"@id\":\"https:\/\/manurefetish.com\/#website\",\"url\":\"https:\/\/manurefetish.com\/\",\"name\":\"ManureFetish\",\"description\":\"ManureFetish Shop\",\"publisher\":{\"@id\":\"https:\/\/manurefetish.com\/#organization\"},\"potentialAction\":[{\"@type\":\"SearchAction\",\"target\":{\"@type\":\"EntryPoint\",\"urlTemplate\":\"https:\/\/manurefetish.com\/?s={search_term_string}\"},\"query-input\":{\"@type\":\"PropertyValueSpecification\",\"valueRequired\":true,\"valueName\":\"search_term_string\"}}],\"inLanguage\":\"fr-FR\"},{\"@type\":\"Organization\",\"@id\":\"https:\/\/manurefetish.com\/#organization\",\"name\":\"ManureFetish.com\",\"url\":\"https:\/\/manurefetish.com\/\",\"logo\":{\"@type\":\"ImageObject\",\"inLanguage\":\"fr-FR\",\"@id\":\"https:\/\/manurefetish.com\/#\/schema\/logo\/image\/\",\"url\":\"https:\/\/manurefetish.com\/wp-content\/uploads\/2019\/06\/1000xmanurefetishcom-michaela-logo-website-shop.png\",\"contentUrl\":\"https:\/\/manurefetish.com\/wp-content\/uploads\/2019\/06\/1000xmanurefetishcom-michaela-logo-website-shop.png\",\"width\":1000,\"height\":632,\"caption\":\"ManureFetish.com\"},\"image\":{\"@id\":\"https:\/\/manurefetish.com\/#\/schema\/logo\/image\/\"},\"sameAs\":[\"https:\/\/www.facebook.com\/manurefetish\/\",\"https:\/\/x.com\/Manurefetisch\",\"https:\/\/www.youtube.com\/c\/ManureFetish\"],\"description\":\"We're creating various fetish content with female and male models alike.\",\"foundingDate\":\"2019-07-04\",\"vatID\":\"DE366928521\",\"numberOfEmployees\":{\"@type\":\"QuantitativeValue\",\"minValue\":\"1\",\"maxValue\":\"10\"}}]}<\/script>\n<meta property=\"og:availability\" content=\"instock\" \/>\n<meta property=\"product:availability\" content=\"instock\" \/>\n<meta property=\"product:retailer_item_id\" content=\"MFW-BCB\" \/>\n<meta property=\"product:condition\" content=\"new\" \/>\n<!-- \/ Yoast SEO Premium plugin. -->","yoast_head_json":{"title":"Betty's Chocolate Banana - ManureFetish - masturbation de banane et d'excr\u00e9ments","description":"La banane au chocolat de Betty, Betty est de retour avec une nouvelle vid\u00e9o tr\u00e8s sale de caca et de scat. Elle utilise une banane et se fait jouir et faire caca.","robots":{"index":"index","follow":"follow","max-snippet":"max-snippet:-1","max-image-preview":"max-image-preview:large","max-video-preview":"max-video-preview:-1"},"canonical":"https:\/\/manurefetish.com\/fr\/shop\/videos\/bettys-chocolate-banana\/","og_locale":"fr_FR","og_type":"article","og_title":"Betty's Chocolate Banana","og_description":"Betty's chocolate banana, Betty is back with a new very dirty poop and scat video. She uses a banana and makes herself cum and poop.","og_url":"https:\/\/manurefetish.com\/fr\/shop\/videos\/bettys-chocolate-banana\/","og_site_name":"ManureFetish","article_publisher":"https:\/\/www.facebook.com\/manurefetish\/","article_modified_time":"2026-03-24T16:11:02+00:00","og_image":[{"width":1728,"height":576,"url":"https:\/\/manurefetish.com\/wp-content\/uploads\/2022\/03\/Bettys-chocolate-banana-17.jpg","type":"image\/jpeg"}],"twitter_card":"summary_large_image","twitter_site":"@Manurefetisch","schema":{"@context":"https:\/\/schema.org","@graph":[{"@type":"WebPage","@id":"https:\/\/manurefetish.com\/shop\/videos\/bettys-chocolate-banana\/","url":"https:\/\/manurefetish.com\/shop\/videos\/bettys-chocolate-banana\/","name":"Betty's Chocolate Banana - ManureFetish - masturbation de banane et d'excr\u00e9ments","isPartOf":{"@id":"https:\/\/manurefetish.com\/#website"},"primaryImageOfPage":{"@id":"https:\/\/manurefetish.com\/shop\/videos\/bettys-chocolate-banana\/#primaryimage"},"image":{"@id":"https:\/\/manurefetish.com\/shop\/videos\/bettys-chocolate-banana\/#primaryimage"},"thumbnailUrl":"https:\/\/manurefetish.b-cdn.net\/wp-content\/uploads\/2022\/03\/Bettys-chocolate-banana-17.jpg","datePublished":"2022-03-19T20:28:22+00:00","dateModified":"2026-03-24T16:11:02+00:00","description":"La banane au chocolat de Betty, Betty est de retour avec une nouvelle vid\u00e9o tr\u00e8s sale de caca et de scat. Elle utilise une banane et se fait jouir et faire caca.","breadcrumb":{"@id":"https:\/\/manurefetish.com\/shop\/videos\/bettys-chocolate-banana\/#breadcrumb"},"inLanguage":"fr-FR","potentialAction":[{"@type":"ReadAction","target":["https:\/\/manurefetish.com\/shop\/videos\/bettys-chocolate-banana\/"]}]},{"@type":"ImageObject","inLanguage":"fr-FR","@id":"https:\/\/manurefetish.com\/shop\/videos\/bettys-chocolate-banana\/#primaryimage","url":"https:\/\/manurefetish.b-cdn.net\/wp-content\/uploads\/2022\/03\/Bettys-chocolate-banana-17.jpg","contentUrl":"https:\/\/manurefetish.b-cdn.net\/wp-content\/uploads\/2022\/03\/Bettys-chocolate-banana-17.jpg","width":1728,"height":576},{"@type":"BreadcrumbList","@id":"https:\/\/manurefetish.com\/shop\/videos\/bettys-chocolate-banana\/#breadcrumb","itemListElement":[{"@type":"ListItem","position":1,"name":"Home","item":"https:\/\/manurefetish.com\/"},{"@type":"ListItem","position":2,"name":"Shop","item":"https:\/\/manurefetish.com\/shop\/"},{"@type":"ListItem","position":3,"name":"Videos","item":"https:\/\/manurefetish.com\/product-category\/videos\/"},{"@type":"ListItem","position":4,"name":"Betty&#8217;s Chocolate Banana"}]},{"@type":"WebSite","@id":"https:\/\/manurefetish.com\/#website","url":"https:\/\/manurefetish.com\/","name":"ManureFetish","description":"ManureFetish Shop","publisher":{"@id":"https:\/\/manurefetish.com\/#organization"},"potentialAction":[{"@type":"SearchAction","target":{"@type":"EntryPoint","urlTemplate":"https:\/\/manurefetish.com\/?s={search_term_string}"},"query-input":{"@type":"PropertyValueSpecification","valueRequired":true,"valueName":"search_term_string"}}],"inLanguage":"fr-FR"},{"@type":"Organization","@id":"https:\/\/manurefetish.com\/#organization","name":"ManureFetish.com","url":"https:\/\/manurefetish.com\/","logo":{"@type":"ImageObject","inLanguage":"fr-FR","@id":"https:\/\/manurefetish.com\/#\/schema\/logo\/image\/","url":"https:\/\/manurefetish.com\/wp-content\/uploads\/2019\/06\/1000xmanurefetishcom-michaela-logo-website-shop.png","contentUrl":"https:\/\/manurefetish.com\/wp-content\/uploads\/2019\/06\/1000xmanurefetishcom-michaela-logo-website-shop.png","width":1000,"height":632,"caption":"ManureFetish.com"},"image":{"@id":"https:\/\/manurefetish.com\/#\/schema\/logo\/image\/"},"sameAs":["https:\/\/www.facebook.com\/manurefetish\/","https:\/\/x.com\/Manurefetisch","https:\/\/www.youtube.com\/c\/ManureFetish"],"description":"Nous cr\u00e9ons divers contenus f\u00e9tichistes avec des mod\u00e8les f\u00e9minins et masculins.","foundingDate":"2019-07-04","vatID":"DE366928521","numberOfEmployees":{"@type":"QuantitativeValue","minValue":"1","maxValue":"10"}}]},"og_availability":"instock","product_availability":"instock","product_retailer_item_id":"MFW-BCB","product_condition":"new"},"_links":{"self":[{"href":"https:\/\/manurefetish.com\/fr\/wp-json\/wp\/v2\/product\/47432","targetHints":{"allow":["GET"]}}],"collection":[{"href":"https:\/\/manurefetish.com\/fr\/wp-json\/wp\/v2\/product"}],"about":[{"href":"https:\/\/manurefetish.com\/fr\/wp-json\/wp\/v2\/types\/product"}],"replies":[{"embeddable":true,"href":"https:\/\/manurefetish.com\/fr\/wp-json\/wp\/v2\/comments?post=47432"}],"version-history":[{"count":0,"href":"https:\/\/manurefetish.com\/fr\/wp-json\/wp\/v2\/product\/47432\/revisions"}],"wp:featuredmedia":[{"embeddable":true,"href":"https:\/\/manurefetish.com\/fr\/wp-json\/wp\/v2\/media\/198964"}],"wp:attachment":[{"href":"https:\/\/manurefetish.com\/fr\/wp-json\/wp\/v2\/media?parent=47432"}],"wp:term":[{"taxonomy":"product_brand","embeddable":true,"href":"https:\/\/manurefetish.com\/fr\/wp-json\/wp\/v2\/product_brand?post=47432"},{"taxonomy":"product_cat","embeddable":true,"href":"https:\/\/manurefetish.com\/fr\/wp-json\/wp\/v2\/product_cat?post=47432"},{"taxonomy":"product_tag","embeddable":true,"href":"https:\/\/manurefetish.com\/fr\/wp-json\/wp\/v2\/product_tag?post=47432"}],"curies":[{"name":"wp","href":"https:\/\/api.w.org\/{rel}","templated":true}]}}