{"id":37384,"date":"2021-08-25T12:15:43","date_gmt":"2021-08-25T10:15:43","guid":{"rendered":"https:\/\/manurefetish.com\/?post_type=product&#038;p=37384"},"modified":"2026-03-24T17:13:27","modified_gmt":"2026-03-24T16:13:27","slug":"lyndra-lynns-first-time-on-the-cow-pasture","status":"publish","type":"product","link":"https:\/\/manurefetish.com\/fr\/shop\/videos\/lyndra-lynns-first-time-on-the-cow-pasture\/","title":{"rendered":"Lyndra Lynn&#8217;s First Time On The Cow Pasture"},"content":{"rendered":"<p>Un jour, je me promenais dans un p\u00e2turage et j'ai senti une odeur agr\u00e9able. Je me suis donc dirig\u00e9 vers le p\u00e2turage et j'ai regard\u00e9 d'o\u00f9 venait l'odeur. L'odeur provenait d'une galette de vache, alors ma curiosit\u00e9 a pris le dessus et j'ai d\u00fb marcher dans une galette de vache avec mes chaussures. Ce bruit et cette odeur m'ont donn\u00e9 une id\u00e9e et j'ai commenc\u00e9 \u00e0 jouer. J'ai d'abord frott\u00e9 mes chaussures lentement, mais cela ne me suffisait pas. Je suis donc sorti avec mes seaux et j'ai toujours ramass\u00e9 quelque chose dans les seaux en jouant. Mais \u00e0 un moment donn\u00e9, le d\u00e9sir s'est empar\u00e9 de moi et je me suis frott\u00e9 avec la vache dung et j'ai jou\u00e9 avec moi-m\u00eame sur le c\u00f4t\u00e9. Heureusement, j'avais mon gode et mon vibromasseur avec moi. J'ai continu\u00e9 \u00e0 me frotter et \u00e0 m'exciter sur le c\u00f4t\u00e9 et, \u00e0 un moment donn\u00e9, j'ai \u00e9t\u00e9 tellement fatigu\u00e9e que j'ai ferm\u00e9 les yeux alors que j'\u00e9tais toujours allong\u00e9e dans le p\u00e2turage des vaches....<\/p>","protected":false},"excerpt":{"rendered":"<p>One day I was walking along a cow pasture and a lovely scent came to my nose. So I went to the cow pasture and looked where the scent was coming from. The smell came from a cow patty, so my curiosity got the better of me and I had to step into a cow [&hellip;]<\/p>\n","protected":false},"featured_media":198943,"comment_status":"open","ping_status":"closed","template":"","meta":{"_acf_changed":false,"site-sidebar-layout":"default","site-content-layout":"","ast-site-content-layout":"default","site-content-style":"default","site-sidebar-style":"default","ast-global-header-display":"","ast-banner-title-visibility":"","ast-main-header-display":"","ast-hfb-above-header-display":"","ast-hfb-below-header-display":"","ast-hfb-mobile-header-display":"","site-post-title":"","ast-breadcrumbs-content":"","ast-featured-img":"","footer-sml-layout":"","ast-disable-related-posts":"","theme-transparent-header-meta":"default","adv-header-id-meta":"","stick-header-meta":"","header-above-stick-meta":"","header-main-stick-meta":"","header-below-stick-meta":"","astra-migrate-meta-layouts":"set","ast-page-background-enabled":"default","ast-page-background-meta":{"desktop":{"background-color":"var(--ast-global-color-4)","background-image":"","background-repeat":"repeat","background-position":"center center","background-size":"auto","background-attachment":"scroll","background-type":"","background-media":"","overlay-type":"","overlay-color":"","overlay-opacity":"","overlay-gradient":""},"tablet":{"background-color":"","background-image":"","background-repeat":"repeat","background-position":"center center","background-size":"auto","background-attachment":"scroll","background-type":"","background-media":"","overlay-type":"","overlay-color":"","overlay-opacity":"","overlay-gradient":""},"mobile":{"background-color":"","background-image":"","background-repeat":"repeat","background-position":"center center","background-size":"auto","background-attachment":"scroll","background-type":"","background-media":"","overlay-type":"","overlay-color":"","overlay-opacity":"","overlay-gradient":""}},"ast-content-background-meta":{"desktop":{"background-color":"var(--ast-global-color-5)","background-image":"","background-repeat":"repeat","background-position":"center center","background-size":"auto","background-attachment":"scroll","background-type":"","background-media":"","overlay-type":"","overlay-color":"","overlay-opacity":"","overlay-gradient":""},"tablet":{"background-color":"var(--ast-global-color-5)","background-image":"","background-repeat":"repeat","background-position":"center center","background-size":"auto","background-attachment":"scroll","background-type":"","background-media":"","overlay-type":"","overlay-color":"","overlay-opacity":"","overlay-gradient":""},"mobile":{"background-color":"var(--ast-global-color-5)","background-image":"","background-repeat":"repeat","background-position":"center center","background-size":"auto","background-attachment":"scroll","background-type":"","background-media":"","overlay-type":"","overlay-color":"","overlay-opacity":"","overlay-gradient":""}}},"product_brand":[],"product_cat":[4470],"product_tag":[17,317,318,2770,66,19,2621,362,2942,2941,316,64,3030,2513,20,334,320,4139,321,54,2419,2841,18,2285,2206,65,35,360,2636,32,2479,4646,4482,24,277,2201,2832,2575,319],"class_list":{"0":"post-37384","1":"product","2":"type-product","3":"status-publish","4":"has-post-thumbnail","6":"product_cat-videos","7":"product_tag-anal","8":"product_tag-asshole","9":"product_tag-boobs","10":"product_tag-close-up","11":"product_tag-clothed","12":"product_tag-cow","13":"product_tag-cow-dung","14":"product_tag-cow-pasture","15":"product_tag-cow-patty","16":"product_tag-cowpat","17":"product_tag-cunt","18":"product_tag-dildo","19":"product_tag-download","20":"product_tag-dress","21":"product_tag-dung","22":"product_tag-eating","23":"product_tag-feet","24":"product_tag-first-time","25":"product_tag-foot","26":"product_tag-full-covered","27":"product_tag-full-hd","28":"product_tag-lyndra-lynn","29":"product_tag-manure","30":"product_tag-masturbate","31":"product_tag-masturbation","32":"product_tag-naked","33":"product_tag-orgasm","34":"product_tag-outdoor","35":"product_tag-panties","36":"product_tag-pussy","37":"product_tag-sandals","38":"product_tag-season-2","39":"product_tag-sex-in-cowshit","40":"product_tag-slurry","41":"product_tag-slurry-bath","42":"product_tag-slurry-porn","43":"product_tag-smearing","44":"product_tag-socks","45":"product_tag-tits","46":"pa_audio-info-stereo","47":"pa_format-mp4","48":"pa_length-19-minutes","49":"pa_product-type-digital-download-full-hd-video","50":"pa_product-type-digital-download-ultra-hd-video","51":"pa_product-type-usb-stick","52":"pa_size-4-93-gb","53":"pa_video-info-full-hd-1920x1080p","54":"desktop-align-center","55":"tablet-align-left","56":"mobile-align-left","58":"first","59":"instock","60":"shipping-taxable","61":"purchasable","62":"product-type-variable"},"exclude_global_add_ons":[],"addons":[],"acf":[],"yoast_head":"<!-- This site is optimized with the Yoast SEO Premium plugin v27.1 (Yoast SEO v27.1.1) - https:\/\/yoast.com\/product\/yoast-seo-premium-wordpress\/ -->\n<title>Lyndra Lynn&#039;s First Time On The Cow Pasture - ManureFetish<\/title>\n<meta name=\"description\" content=\"Lyndra Lynn&#039;s first time on the cow pasture. She was walking along a cow pasture when a lovely scent came to her nose\" \/>\n<meta name=\"robots\" content=\"index, follow, max-snippet:-1, max-image-preview:large, max-video-preview:-1\" \/>\n<link rel=\"canonical\" href=\"https:\/\/manurefetish.com\/fr\/shop\/videos\/lyndra-lynns-first-time-on-the-cow-pasture\/\" \/>\n<meta property=\"og:locale\" content=\"fr_FR\" \/>\n<meta property=\"og:type\" content=\"article\" \/>\n<meta property=\"og:title\" content=\"Lyndra Lynn&#039;s First Time On The Cow Pasture\" \/>\n<meta property=\"og:description\" content=\"Lyndra Lynn&#039;s first time on the cow pasture. She was walking along a cow pasture when a lovely scent came to her nose\" \/>\n<meta property=\"og:url\" content=\"https:\/\/manurefetish.com\/fr\/shop\/videos\/lyndra-lynns-first-time-on-the-cow-pasture\/\" \/>\n<meta property=\"og:site_name\" content=\"ManureFetish\" \/>\n<meta property=\"article:publisher\" content=\"https:\/\/www.facebook.com\/manurefetish\/\" \/>\n<meta property=\"article:modified_time\" content=\"2026-03-24T16:13:27+00:00\" \/>\n<meta property=\"og:image\" content=\"https:\/\/manurefetish.com\/wp-content\/uploads\/2021\/08\/Lyndra-Lynns-first-time-on-the-cow-pasture.jpg\" \/>\n\t<meta property=\"og:image:width\" content=\"1728\" \/>\n\t<meta property=\"og:image:height\" content=\"576\" \/>\n\t<meta property=\"og:image:type\" content=\"image\/jpeg\" \/>\n<meta name=\"twitter:card\" content=\"summary_large_image\" \/>\n<meta name=\"twitter:site\" content=\"@Manurefetisch\" \/>\n<script type=\"application\/ld+json\" class=\"yoast-schema-graph\">{\"@context\":\"https:\/\/schema.org\",\"@graph\":[{\"@type\":\"WebPage\",\"@id\":\"https:\/\/manurefetish.com\/shop\/videos\/lyndra-lynns-first-time-on-the-cow-pasture\/\",\"url\":\"https:\/\/manurefetish.com\/shop\/videos\/lyndra-lynns-first-time-on-the-cow-pasture\/\",\"name\":\"Lyndra Lynn's First Time On The Cow Pasture - ManureFetish\",\"isPartOf\":{\"@id\":\"https:\/\/manurefetish.com\/#website\"},\"primaryImageOfPage\":{\"@id\":\"https:\/\/manurefetish.com\/shop\/videos\/lyndra-lynns-first-time-on-the-cow-pasture\/#primaryimage\"},\"image\":{\"@id\":\"https:\/\/manurefetish.com\/shop\/videos\/lyndra-lynns-first-time-on-the-cow-pasture\/#primaryimage\"},\"thumbnailUrl\":\"https:\/\/manurefetish.b-cdn.net\/wp-content\/uploads\/2021\/08\/Lyndra-Lynns-first-time-on-the-cow-pasture.jpg\",\"datePublished\":\"2021-08-25T10:15:43+00:00\",\"dateModified\":\"2026-03-24T16:13:27+00:00\",\"description\":\"Lyndra Lynn's first time on the cow pasture. She was walking along a cow pasture when a lovely scent came to her nose\",\"breadcrumb\":{\"@id\":\"https:\/\/manurefetish.com\/shop\/videos\/lyndra-lynns-first-time-on-the-cow-pasture\/#breadcrumb\"},\"inLanguage\":\"fr-FR\",\"potentialAction\":[{\"@type\":\"ReadAction\",\"target\":[\"https:\/\/manurefetish.com\/shop\/videos\/lyndra-lynns-first-time-on-the-cow-pasture\/\"]}]},{\"@type\":\"ImageObject\",\"inLanguage\":\"fr-FR\",\"@id\":\"https:\/\/manurefetish.com\/shop\/videos\/lyndra-lynns-first-time-on-the-cow-pasture\/#primaryimage\",\"url\":\"https:\/\/manurefetish.b-cdn.net\/wp-content\/uploads\/2021\/08\/Lyndra-Lynns-first-time-on-the-cow-pasture.jpg\",\"contentUrl\":\"https:\/\/manurefetish.b-cdn.net\/wp-content\/uploads\/2021\/08\/Lyndra-Lynns-first-time-on-the-cow-pasture.jpg\",\"width\":1728,\"height\":576},{\"@type\":\"BreadcrumbList\",\"@id\":\"https:\/\/manurefetish.com\/shop\/videos\/lyndra-lynns-first-time-on-the-cow-pasture\/#breadcrumb\",\"itemListElement\":[{\"@type\":\"ListItem\",\"position\":1,\"name\":\"Home\",\"item\":\"https:\/\/manurefetish.com\/\"},{\"@type\":\"ListItem\",\"position\":2,\"name\":\"Shop\",\"item\":\"https:\/\/manurefetish.com\/shop\/\"},{\"@type\":\"ListItem\",\"position\":3,\"name\":\"Videos\",\"item\":\"https:\/\/manurefetish.com\/product-category\/videos\/\"},{\"@type\":\"ListItem\",\"position\":4,\"name\":\"Lyndra Lynn&#8217;s First Time On The Cow Pasture\"}]},{\"@type\":\"WebSite\",\"@id\":\"https:\/\/manurefetish.com\/#website\",\"url\":\"https:\/\/manurefetish.com\/\",\"name\":\"ManureFetish\",\"description\":\"ManureFetish Shop\",\"publisher\":{\"@id\":\"https:\/\/manurefetish.com\/#organization\"},\"potentialAction\":[{\"@type\":\"SearchAction\",\"target\":{\"@type\":\"EntryPoint\",\"urlTemplate\":\"https:\/\/manurefetish.com\/?s={search_term_string}\"},\"query-input\":{\"@type\":\"PropertyValueSpecification\",\"valueRequired\":true,\"valueName\":\"search_term_string\"}}],\"inLanguage\":\"fr-FR\"},{\"@type\":\"Organization\",\"@id\":\"https:\/\/manurefetish.com\/#organization\",\"name\":\"ManureFetish.com\",\"url\":\"https:\/\/manurefetish.com\/\",\"logo\":{\"@type\":\"ImageObject\",\"inLanguage\":\"fr-FR\",\"@id\":\"https:\/\/manurefetish.com\/#\/schema\/logo\/image\/\",\"url\":\"https:\/\/manurefetish.com\/wp-content\/uploads\/2019\/06\/1000xmanurefetishcom-michaela-logo-website-shop.png\",\"contentUrl\":\"https:\/\/manurefetish.com\/wp-content\/uploads\/2019\/06\/1000xmanurefetishcom-michaela-logo-website-shop.png\",\"width\":1000,\"height\":632,\"caption\":\"ManureFetish.com\"},\"image\":{\"@id\":\"https:\/\/manurefetish.com\/#\/schema\/logo\/image\/\"},\"sameAs\":[\"https:\/\/www.facebook.com\/manurefetish\/\",\"https:\/\/x.com\/Manurefetisch\",\"https:\/\/www.youtube.com\/c\/ManureFetish\"],\"description\":\"We're creating various fetish content with female and male models alike.\",\"foundingDate\":\"2019-07-04\",\"vatID\":\"DE366928521\",\"numberOfEmployees\":{\"@type\":\"QuantitativeValue\",\"minValue\":\"1\",\"maxValue\":\"10\"}}]}<\/script>\n<meta property=\"og:availability\" content=\"instock\" \/>\n<meta property=\"product:availability\" content=\"instock\" \/>\n<meta property=\"product:retailer_item_id\" content=\"MFW-LYNFTOCP\" \/>\n<meta property=\"product:condition\" content=\"new\" \/>\n<!-- \/ Yoast SEO Premium plugin. -->","yoast_head_json":{"title":"La premi\u00e8re fois de Lyndra Lynn dans le p\u00e2turage des vaches - ManureFetish","description":"La premi\u00e8re fois que Lyndra Lynn se rend dans un p\u00e2turage pour vaches. Elle marchait le long d'un p\u00e2turage pour vaches lorsqu'une belle odeur est venue \u00e0 son nez","robots":{"index":"index","follow":"follow","max-snippet":"max-snippet:-1","max-image-preview":"max-image-preview:large","max-video-preview":"max-video-preview:-1"},"canonical":"https:\/\/manurefetish.com\/fr\/shop\/videos\/lyndra-lynns-first-time-on-the-cow-pasture\/","og_locale":"fr_FR","og_type":"article","og_title":"Lyndra Lynn's First Time On The Cow Pasture","og_description":"Lyndra Lynn's first time on the cow pasture. She was walking along a cow pasture when a lovely scent came to her nose","og_url":"https:\/\/manurefetish.com\/fr\/shop\/videos\/lyndra-lynns-first-time-on-the-cow-pasture\/","og_site_name":"ManureFetish","article_publisher":"https:\/\/www.facebook.com\/manurefetish\/","article_modified_time":"2026-03-24T16:13:27+00:00","og_image":[{"width":1728,"height":576,"url":"https:\/\/manurefetish.com\/wp-content\/uploads\/2021\/08\/Lyndra-Lynns-first-time-on-the-cow-pasture.jpg","type":"image\/jpeg"}],"twitter_card":"summary_large_image","twitter_site":"@Manurefetisch","schema":{"@context":"https:\/\/schema.org","@graph":[{"@type":"WebPage","@id":"https:\/\/manurefetish.com\/shop\/videos\/lyndra-lynns-first-time-on-the-cow-pasture\/","url":"https:\/\/manurefetish.com\/shop\/videos\/lyndra-lynns-first-time-on-the-cow-pasture\/","name":"La premi\u00e8re fois de Lyndra Lynn dans le p\u00e2turage des vaches - ManureFetish","isPartOf":{"@id":"https:\/\/manurefetish.com\/#website"},"primaryImageOfPage":{"@id":"https:\/\/manurefetish.com\/shop\/videos\/lyndra-lynns-first-time-on-the-cow-pasture\/#primaryimage"},"image":{"@id":"https:\/\/manurefetish.com\/shop\/videos\/lyndra-lynns-first-time-on-the-cow-pasture\/#primaryimage"},"thumbnailUrl":"https:\/\/manurefetish.b-cdn.net\/wp-content\/uploads\/2021\/08\/Lyndra-Lynns-first-time-on-the-cow-pasture.jpg","datePublished":"2021-08-25T10:15:43+00:00","dateModified":"2026-03-24T16:13:27+00:00","description":"La premi\u00e8re fois que Lyndra Lynn se rend dans un p\u00e2turage pour vaches. Elle marchait le long d'un p\u00e2turage pour vaches lorsqu'une belle odeur est venue \u00e0 son nez","breadcrumb":{"@id":"https:\/\/manurefetish.com\/shop\/videos\/lyndra-lynns-first-time-on-the-cow-pasture\/#breadcrumb"},"inLanguage":"fr-FR","potentialAction":[{"@type":"ReadAction","target":["https:\/\/manurefetish.com\/shop\/videos\/lyndra-lynns-first-time-on-the-cow-pasture\/"]}]},{"@type":"ImageObject","inLanguage":"fr-FR","@id":"https:\/\/manurefetish.com\/shop\/videos\/lyndra-lynns-first-time-on-the-cow-pasture\/#primaryimage","url":"https:\/\/manurefetish.b-cdn.net\/wp-content\/uploads\/2021\/08\/Lyndra-Lynns-first-time-on-the-cow-pasture.jpg","contentUrl":"https:\/\/manurefetish.b-cdn.net\/wp-content\/uploads\/2021\/08\/Lyndra-Lynns-first-time-on-the-cow-pasture.jpg","width":1728,"height":576},{"@type":"BreadcrumbList","@id":"https:\/\/manurefetish.com\/shop\/videos\/lyndra-lynns-first-time-on-the-cow-pasture\/#breadcrumb","itemListElement":[{"@type":"ListItem","position":1,"name":"Home","item":"https:\/\/manurefetish.com\/"},{"@type":"ListItem","position":2,"name":"Shop","item":"https:\/\/manurefetish.com\/shop\/"},{"@type":"ListItem","position":3,"name":"Videos","item":"https:\/\/manurefetish.com\/product-category\/videos\/"},{"@type":"ListItem","position":4,"name":"Lyndra Lynn&#8217;s First Time On The Cow Pasture"}]},{"@type":"WebSite","@id":"https:\/\/manurefetish.com\/#website","url":"https:\/\/manurefetish.com\/","name":"ManureFetish","description":"ManureFetish Shop","publisher":{"@id":"https:\/\/manurefetish.com\/#organization"},"potentialAction":[{"@type":"SearchAction","target":{"@type":"EntryPoint","urlTemplate":"https:\/\/manurefetish.com\/?s={search_term_string}"},"query-input":{"@type":"PropertyValueSpecification","valueRequired":true,"valueName":"search_term_string"}}],"inLanguage":"fr-FR"},{"@type":"Organization","@id":"https:\/\/manurefetish.com\/#organization","name":"ManureFetish.com","url":"https:\/\/manurefetish.com\/","logo":{"@type":"ImageObject","inLanguage":"fr-FR","@id":"https:\/\/manurefetish.com\/#\/schema\/logo\/image\/","url":"https:\/\/manurefetish.com\/wp-content\/uploads\/2019\/06\/1000xmanurefetishcom-michaela-logo-website-shop.png","contentUrl":"https:\/\/manurefetish.com\/wp-content\/uploads\/2019\/06\/1000xmanurefetishcom-michaela-logo-website-shop.png","width":1000,"height":632,"caption":"ManureFetish.com"},"image":{"@id":"https:\/\/manurefetish.com\/#\/schema\/logo\/image\/"},"sameAs":["https:\/\/www.facebook.com\/manurefetish\/","https:\/\/x.com\/Manurefetisch","https:\/\/www.youtube.com\/c\/ManureFetish"],"description":"Nous cr\u00e9ons divers contenus f\u00e9tichistes avec des mod\u00e8les f\u00e9minins et masculins.","foundingDate":"2019-07-04","vatID":"DE366928521","numberOfEmployees":{"@type":"QuantitativeValue","minValue":"1","maxValue":"10"}}]},"og_availability":"instock","product_availability":"instock","product_retailer_item_id":"MFW-LYNFTOCP","product_condition":"new"},"_links":{"self":[{"href":"https:\/\/manurefetish.com\/fr\/wp-json\/wp\/v2\/product\/37384","targetHints":{"allow":["GET"]}}],"collection":[{"href":"https:\/\/manurefetish.com\/fr\/wp-json\/wp\/v2\/product"}],"about":[{"href":"https:\/\/manurefetish.com\/fr\/wp-json\/wp\/v2\/types\/product"}],"replies":[{"embeddable":true,"href":"https:\/\/manurefetish.com\/fr\/wp-json\/wp\/v2\/comments?post=37384"}],"version-history":[{"count":0,"href":"https:\/\/manurefetish.com\/fr\/wp-json\/wp\/v2\/product\/37384\/revisions"}],"wp:featuredmedia":[{"embeddable":true,"href":"https:\/\/manurefetish.com\/fr\/wp-json\/wp\/v2\/media\/198943"}],"wp:attachment":[{"href":"https:\/\/manurefetish.com\/fr\/wp-json\/wp\/v2\/media?parent=37384"}],"wp:term":[{"taxonomy":"product_brand","embeddable":true,"href":"https:\/\/manurefetish.com\/fr\/wp-json\/wp\/v2\/product_brand?post=37384"},{"taxonomy":"product_cat","embeddable":true,"href":"https:\/\/manurefetish.com\/fr\/wp-json\/wp\/v2\/product_cat?post=37384"},{"taxonomy":"product_tag","embeddable":true,"href":"https:\/\/manurefetish.com\/fr\/wp-json\/wp\/v2\/product_tag?post=37384"}],"curies":[{"name":"wp","href":"https:\/\/api.w.org\/{rel}","templated":true}]}}