{"id":30177,"date":"2021-02-14T01:20:59","date_gmt":"2021-02-14T00:20:59","guid":{"rendered":"https:\/\/manurefetish.com\/?post_type=product&#038;p=30177"},"modified":"2026-03-24T17:17:19","modified_gmt":"2026-03-24T16:17:19","slug":"niko-is-disgusted","status":"publish","type":"product","link":"https:\/\/manurefetish.com\/fr\/shop\/videos\/niko-is-disgusted\/","title":{"rendered":"Niko est d\u00e9go\u00fbt\u00e9"},"content":{"rendered":"<p><span style=\"font-weight: 400;\">Niko fait une pause dans le ramassage du crottin de cheval, qui est son travail \u00e0 la ferme \u00e9questre. Elle a toujours \u00e9t\u00e9 attir\u00e9e par l'odeur des chevaux, mais aussi par leur crottin. Il lui a toujours sembl\u00e9 doux. Cette fois-ci, pendant sa pause, elle est attir\u00e9e par le crottin pour une raison ou une autre. Elle se met \u00e0 genoux et s'agenouille \u00e0 c\u00f4t\u00e9 du fumier de cheval qui se trouve sur le sol. Elle commence \u00e0 le ramasser et \u00e0 le sentir. L'odeur l'excite. Elle commence \u00e0 se couvrir les bras d'abord, puis continuellement avec ses v\u00eatements. Elle attrape le seau qu'elle a utilis\u00e9 pour ramasser le crottin pr\u00e9c\u00e9dent et s'enduit encore plus. Niko commence \u00e0 se d\u00e9shabiller et \u00e0 frotter sa nudit\u00e9 avec plus de bouse. Elle s'en couvre tout le corps, se masse les seins et la chatte, ce qui l'excite encore plus. Elle commence \u00e0 lui doigter les fesses avec deux doigts et au bout d'un moment, elle ins\u00e8re son buttplug et recouvre ses belles fesses d'encore plus de bouse. Sa pause est bient\u00f4t termin\u00e9e, alors elle retire le buttplug de son cul et commence \u00e0 baiser sa chatte humide et cr\u00e9meuse avec son gode jusqu'\u00e0 ce qu'elle ait un bel orgasme. Apr\u00e8s son orgasme, elle r\u00e9alise ce qu'elle a fait et s'\u00e9loigne rapidement, d\u00e9go\u00fbt\u00e9e.<\/span><\/p>","protected":false},"excerpt":{"rendered":"<p>Niko takes a break from collecting horse dung, which is her job at the horse farm. She always was drawn to the smell of horses but also their dung. It always seemed kind of soft to her. During her break this time, she drawn to it for some reason. She gets on her knees and [&hellip;]<\/p>\n","protected":false},"featured_media":198928,"comment_status":"open","ping_status":"closed","template":"","meta":{"_acf_changed":false,"site-sidebar-layout":"default","site-content-layout":"","ast-site-content-layout":"default","site-content-style":"default","site-sidebar-style":"default","ast-global-header-display":"","ast-banner-title-visibility":"","ast-main-header-display":"","ast-hfb-above-header-display":"","ast-hfb-below-header-display":"","ast-hfb-mobile-header-display":"","site-post-title":"","ast-breadcrumbs-content":"","ast-featured-img":"","footer-sml-layout":"","ast-disable-related-posts":"","theme-transparent-header-meta":"default","adv-header-id-meta":"","stick-header-meta":"","header-above-stick-meta":"","header-main-stick-meta":"","header-below-stick-meta":"","astra-migrate-meta-layouts":"set","ast-page-background-enabled":"default","ast-page-background-meta":{"desktop":{"background-color":"var(--ast-global-color-4)","background-image":"","background-repeat":"repeat","background-position":"center center","background-size":"auto","background-attachment":"scroll","background-type":"","background-media":"","overlay-type":"","overlay-color":"","overlay-opacity":"","overlay-gradient":""},"tablet":{"background-color":"","background-image":"","background-repeat":"repeat","background-position":"center center","background-size":"auto","background-attachment":"scroll","background-type":"","background-media":"","overlay-type":"","overlay-color":"","overlay-opacity":"","overlay-gradient":""},"mobile":{"background-color":"","background-image":"","background-repeat":"repeat","background-position":"center center","background-size":"auto","background-attachment":"scroll","background-type":"","background-media":"","overlay-type":"","overlay-color":"","overlay-opacity":"","overlay-gradient":""}},"ast-content-background-meta":{"desktop":{"background-color":"var(--ast-global-color-5)","background-image":"","background-repeat":"repeat","background-position":"center center","background-size":"auto","background-attachment":"scroll","background-type":"","background-media":"","overlay-type":"","overlay-color":"","overlay-opacity":"","overlay-gradient":""},"tablet":{"background-color":"var(--ast-global-color-5)","background-image":"","background-repeat":"repeat","background-position":"center center","background-size":"auto","background-attachment":"scroll","background-type":"","background-media":"","overlay-type":"","overlay-color":"","overlay-opacity":"","overlay-gradient":""},"mobile":{"background-color":"var(--ast-global-color-5)","background-image":"","background-repeat":"repeat","background-position":"center center","background-size":"auto","background-attachment":"scroll","background-type":"","background-media":"","overlay-type":"","overlay-color":"","overlay-opacity":"","overlay-gradient":""}}},"product_brand":[],"product_cat":[4470],"product_tag":[17,318,71,22,66,316,64,3030,20,56,320,21,321,2419,2704,67,2206,65,2706,35,32,2396,3425,4482,24,2201,2397],"class_list":{"0":"post-30177","1":"product","2":"type-product","3":"status-publish","4":"has-post-thumbnail","6":"product_cat-videos","7":"product_tag-anal","8":"product_tag-boobs","9":"product_tag-bucket","10":"product_tag-butt-plug","11":"product_tag-clothed","12":"product_tag-cunt","13":"product_tag-dildo","14":"product_tag-download","15":"product_tag-dung","16":"product_tag-erotic","17":"product_tag-feet","18":"product_tag-fetish","19":"product_tag-foot","20":"product_tag-full-hd","21":"product_tag-horse","22":"product_tag-liquid","23":"product_tag-masturbation","24":"product_tag-naked","25":"product_tag-niko","26":"product_tag-orgasm","27":"product_tag-pussy","28":"product_tag-rubber-boots","29":"product_tag-season-1","30":"product_tag-sex-in-cowshit","31":"product_tag-slurry","32":"product_tag-slurry-porn","33":"product_tag-wellies","34":"pa_audio-info-stereo","35":"pa_format-mp4","36":"pa_length-39-minutes","37":"pa_product-type-digital-download-full-hd-video","38":"pa_product-type-digital-download-ultra-hd-video","39":"pa_product-type-usb-stick","40":"pa_productionyear-2702","41":"pa_size-4-61-gb","42":"pa_video-info-full-hd-1920x1080p","43":"desktop-align-center","44":"tablet-align-left","45":"mobile-align-left","47":"first","48":"instock","49":"shipping-taxable","50":"purchasable","51":"product-type-variable"},"exclude_global_add_ons":[],"addons":[],"acf":[],"yoast_head":"<!-- This site is optimized with the Yoast SEO Premium plugin v27.1 (Yoast SEO v27.1.1) - https:\/\/yoast.com\/product\/yoast-seo-premium-wordpress\/ -->\n<title>Niko is Disgusted - ManureFetish - Masturbating in horse dung<\/title>\n<meta name=\"description\" content=\"Niko is disgusted. Niko loves horses, she loves their smell but also the smell of their dung. During her break she is drawn to the dung.\" \/>\n<meta name=\"robots\" content=\"index, follow, max-snippet:-1, max-image-preview:large, max-video-preview:-1\" \/>\n<link rel=\"canonical\" href=\"https:\/\/manurefetish.com\/fr\/shop\/videos\/niko-is-disgusted\/\" \/>\n<meta name=\"twitter:card\" content=\"summary_large_image\" \/>\n<meta name=\"twitter:title\" content=\"Niko is Disgusted - ManureFetish - Masturbating in horse dung\" \/>\n<meta name=\"twitter:description\" content=\"Niko is disgusted. Niko loves horses, she loves their smell but also the smell of their dung. During her break she is drawn to the dung.\" \/>\n<meta name=\"twitter:image\" content=\"https:\/\/manurefetish.b-cdn.net\/wp-content\/uploads\/2021\/02\/niko-is-disgusted.jpg\" \/>\n<meta name=\"twitter:site\" content=\"@Manurefetisch\" \/>\n<script type=\"application\/ld+json\" class=\"yoast-schema-graph\">{\"@context\":\"https:\/\/schema.org\",\"@graph\":[{\"@type\":\"WebPage\",\"@id\":\"https:\/\/manurefetish.com\/shop\/videos\/niko-is-disgusted\/\",\"url\":\"https:\/\/manurefetish.com\/shop\/videos\/niko-is-disgusted\/\",\"name\":\"Niko is Disgusted - ManureFetish - Masturbating in horse dung\",\"isPartOf\":{\"@id\":\"https:\/\/de.manurefetish.com\/#website\"},\"primaryImageOfPage\":{\"@id\":\"https:\/\/manurefetish.com\/shop\/videos\/niko-is-disgusted\/#primaryimage\"},\"image\":{\"@id\":\"https:\/\/manurefetish.com\/shop\/videos\/niko-is-disgusted\/#primaryimage\"},\"thumbnailUrl\":\"https:\/\/manurefetish.b-cdn.net\/wp-content\/uploads\/2021\/02\/niko-is-disgusted.jpg\",\"datePublished\":\"2021-02-14T00:20:59+00:00\",\"dateModified\":\"2026-03-24T16:17:19+00:00\",\"description\":\"Niko is disgusted. Niko loves horses, she loves their smell but also the smell of their dung. During her break she is drawn to the dung.\",\"breadcrumb\":{\"@id\":\"https:\/\/manurefetish.com\/shop\/videos\/niko-is-disgusted\/#breadcrumb\"},\"inLanguage\":\"fr-FR\",\"potentialAction\":[{\"@type\":\"ReadAction\",\"target\":[\"https:\/\/manurefetish.com\/shop\/videos\/niko-is-disgusted\/\"]}]},{\"@type\":\"ImageObject\",\"inLanguage\":\"fr-FR\",\"@id\":\"https:\/\/manurefetish.com\/shop\/videos\/niko-is-disgusted\/#primaryimage\",\"url\":\"https:\/\/manurefetish.b-cdn.net\/wp-content\/uploads\/2021\/02\/niko-is-disgusted.jpg\",\"contentUrl\":\"https:\/\/manurefetish.b-cdn.net\/wp-content\/uploads\/2021\/02\/niko-is-disgusted.jpg\",\"width\":1728,\"height\":576},{\"@type\":\"BreadcrumbList\",\"@id\":\"https:\/\/manurefetish.com\/shop\/videos\/niko-is-disgusted\/#breadcrumb\",\"itemListElement\":[{\"@type\":\"ListItem\",\"position\":1,\"name\":\"Home\",\"item\":\"https:\/\/manurefetish.com\/\"},{\"@type\":\"ListItem\",\"position\":2,\"name\":\"Shop\",\"item\":\"https:\/\/manurefetish.com\/shop\/\"},{\"@type\":\"ListItem\",\"position\":3,\"name\":\"Videos\",\"item\":\"https:\/\/manurefetish.com\/product-category\/videos\/\"},{\"@type\":\"ListItem\",\"position\":4,\"name\":\"Niko is Disgusted\"}]},{\"@type\":\"WebSite\",\"@id\":\"https:\/\/de.manurefetish.com\/#website\",\"url\":\"https:\/\/de.manurefetish.com\/\",\"name\":\"ManureFetish\",\"description\":\"ManureFetish Shop\",\"publisher\":{\"@id\":\"https:\/\/de.manurefetish.com\/#organization\"},\"potentialAction\":[{\"@type\":\"SearchAction\",\"target\":{\"@type\":\"EntryPoint\",\"urlTemplate\":\"https:\/\/de.manurefetish.com\/?s={search_term_string}\"},\"query-input\":{\"@type\":\"PropertyValueSpecification\",\"valueRequired\":true,\"valueName\":\"search_term_string\"}}],\"inLanguage\":\"fr-FR\"},{\"@type\":\"Organization\",\"@id\":\"https:\/\/de.manurefetish.com\/#organization\",\"name\":\"ManureFetish.com\",\"url\":\"https:\/\/de.manurefetish.com\/\",\"logo\":{\"@type\":\"ImageObject\",\"inLanguage\":\"fr-FR\",\"@id\":\"https:\/\/de.manurefetish.com\/#\/schema\/logo\/image\/\",\"url\":\"https:\/\/manurefetish.com\/wp-content\/uploads\/2019\/06\/1000xmanurefetishcom-michaela-logo-website-shop.png\",\"contentUrl\":\"https:\/\/manurefetish.com\/wp-content\/uploads\/2019\/06\/1000xmanurefetishcom-michaela-logo-website-shop.png\",\"width\":1000,\"height\":632,\"caption\":\"ManureFetish.com\"},\"image\":{\"@id\":\"https:\/\/de.manurefetish.com\/#\/schema\/logo\/image\/\"},\"sameAs\":[\"https:\/\/www.facebook.com\/manurefetish\/\",\"https:\/\/x.com\/Manurefetisch\",\"https:\/\/www.youtube.com\/c\/ManureFetish\"],\"description\":\"We're creating various fetish content with female and male models alike.\",\"foundingDate\":\"2019-07-04\",\"vatID\":\"DE366928521\",\"numberOfEmployees\":{\"@type\":\"QuantitativeValue\",\"minValue\":\"1\",\"maxValue\":\"10\"}}]}<\/script>\n<meta property=\"og:availability\" content=\"instock\" \/>\n<meta property=\"product:availability\" content=\"instock\" \/>\n<meta property=\"product:retailer_item_id\" content=\"MFW-NID\" \/>\n<meta property=\"product:condition\" content=\"new\" \/>\n<!-- \/ Yoast SEO Premium plugin. -->","yoast_head_json":{"title":"Niko est d\u00e9go\u00fbt\u00e9 - ManureFetish - Se masturber dans du crottin de cheval","description":"Niko est d\u00e9go\u00fbt\u00e9e. Niko adore les chevaux, elle aime leur odeur mais aussi celle de leur crottin. Pendant sa pause, elle est attir\u00e9e par le crottin.","robots":{"index":"index","follow":"follow","max-snippet":"max-snippet:-1","max-image-preview":"max-image-preview:large","max-video-preview":"max-video-preview:-1"},"canonical":"https:\/\/manurefetish.com\/fr\/shop\/videos\/niko-is-disgusted\/","twitter_card":"summary_large_image","twitter_title":"Niko is Disgusted - ManureFetish - Masturbating in horse dung","twitter_description":"Niko is disgusted. Niko loves horses, she loves their smell but also the smell of their dung. During her break she is drawn to the dung.","twitter_image":"https:\/\/manurefetish.b-cdn.net\/wp-content\/uploads\/2021\/02\/niko-is-disgusted.jpg","twitter_site":"@Manurefetisch","schema":{"@context":"https:\/\/schema.org","@graph":[{"@type":"WebPage","@id":"https:\/\/manurefetish.com\/shop\/videos\/niko-is-disgusted\/","url":"https:\/\/manurefetish.com\/shop\/videos\/niko-is-disgusted\/","name":"Niko est d\u00e9go\u00fbt\u00e9 - ManureFetish - Se masturber dans du crottin de cheval","isPartOf":{"@id":"https:\/\/de.manurefetish.com\/#website"},"primaryImageOfPage":{"@id":"https:\/\/manurefetish.com\/shop\/videos\/niko-is-disgusted\/#primaryimage"},"image":{"@id":"https:\/\/manurefetish.com\/shop\/videos\/niko-is-disgusted\/#primaryimage"},"thumbnailUrl":"https:\/\/manurefetish.b-cdn.net\/wp-content\/uploads\/2021\/02\/niko-is-disgusted.jpg","datePublished":"2021-02-14T00:20:59+00:00","dateModified":"2026-03-24T16:17:19+00:00","description":"Niko est d\u00e9go\u00fbt\u00e9e. Niko adore les chevaux, elle aime leur odeur mais aussi celle de leur crottin. Pendant sa pause, elle est attir\u00e9e par le crottin.","breadcrumb":{"@id":"https:\/\/manurefetish.com\/shop\/videos\/niko-is-disgusted\/#breadcrumb"},"inLanguage":"fr-FR","potentialAction":[{"@type":"ReadAction","target":["https:\/\/manurefetish.com\/shop\/videos\/niko-is-disgusted\/"]}]},{"@type":"ImageObject","inLanguage":"fr-FR","@id":"https:\/\/manurefetish.com\/shop\/videos\/niko-is-disgusted\/#primaryimage","url":"https:\/\/manurefetish.b-cdn.net\/wp-content\/uploads\/2021\/02\/niko-is-disgusted.jpg","contentUrl":"https:\/\/manurefetish.b-cdn.net\/wp-content\/uploads\/2021\/02\/niko-is-disgusted.jpg","width":1728,"height":576},{"@type":"BreadcrumbList","@id":"https:\/\/manurefetish.com\/shop\/videos\/niko-is-disgusted\/#breadcrumb","itemListElement":[{"@type":"ListItem","position":1,"name":"Home","item":"https:\/\/manurefetish.com\/"},{"@type":"ListItem","position":2,"name":"Shop","item":"https:\/\/manurefetish.com\/shop\/"},{"@type":"ListItem","position":3,"name":"Videos","item":"https:\/\/manurefetish.com\/product-category\/videos\/"},{"@type":"ListItem","position":4,"name":"Niko is Disgusted"}]},{"@type":"WebSite","@id":"https:\/\/de.manurefetish.com\/#website","url":"https:\/\/de.manurefetish.com\/","name":"ManureFetish","description":"ManureFetish Shop","publisher":{"@id":"https:\/\/de.manurefetish.com\/#organization"},"potentialAction":[{"@type":"SearchAction","target":{"@type":"EntryPoint","urlTemplate":"https:\/\/de.manurefetish.com\/?s={search_term_string}"},"query-input":{"@type":"PropertyValueSpecification","valueRequired":true,"valueName":"search_term_string"}}],"inLanguage":"fr-FR"},{"@type":"Organization","@id":"https:\/\/de.manurefetish.com\/#organization","name":"ManureFetish.com","url":"https:\/\/de.manurefetish.com\/","logo":{"@type":"ImageObject","inLanguage":"fr-FR","@id":"https:\/\/de.manurefetish.com\/#\/schema\/logo\/image\/","url":"https:\/\/manurefetish.com\/wp-content\/uploads\/2019\/06\/1000xmanurefetishcom-michaela-logo-website-shop.png","contentUrl":"https:\/\/manurefetish.com\/wp-content\/uploads\/2019\/06\/1000xmanurefetishcom-michaela-logo-website-shop.png","width":1000,"height":632,"caption":"ManureFetish.com"},"image":{"@id":"https:\/\/de.manurefetish.com\/#\/schema\/logo\/image\/"},"sameAs":["https:\/\/www.facebook.com\/manurefetish\/","https:\/\/x.com\/Manurefetisch","https:\/\/www.youtube.com\/c\/ManureFetish"],"description":"Nous cr\u00e9ons divers contenus f\u00e9tichistes avec des mod\u00e8les f\u00e9minins et masculins.","foundingDate":"2019-07-04","vatID":"DE366928521","numberOfEmployees":{"@type":"QuantitativeValue","minValue":"1","maxValue":"10"}}]},"og_availability":"instock","product_availability":"instock","product_retailer_item_id":"MFW-NID","product_condition":"new"},"_links":{"self":[{"href":"https:\/\/manurefetish.com\/fr\/wp-json\/wp\/v2\/product\/30177","targetHints":{"allow":["GET"]}}],"collection":[{"href":"https:\/\/manurefetish.com\/fr\/wp-json\/wp\/v2\/product"}],"about":[{"href":"https:\/\/manurefetish.com\/fr\/wp-json\/wp\/v2\/types\/product"}],"replies":[{"embeddable":true,"href":"https:\/\/manurefetish.com\/fr\/wp-json\/wp\/v2\/comments?post=30177"}],"version-history":[{"count":0,"href":"https:\/\/manurefetish.com\/fr\/wp-json\/wp\/v2\/product\/30177\/revisions"}],"wp:featuredmedia":[{"embeddable":true,"href":"https:\/\/manurefetish.com\/fr\/wp-json\/wp\/v2\/media\/198928"}],"wp:attachment":[{"href":"https:\/\/manurefetish.com\/fr\/wp-json\/wp\/v2\/media?parent=30177"}],"wp:term":[{"taxonomy":"product_brand","embeddable":true,"href":"https:\/\/manurefetish.com\/fr\/wp-json\/wp\/v2\/product_brand?post=30177"},{"taxonomy":"product_cat","embeddable":true,"href":"https:\/\/manurefetish.com\/fr\/wp-json\/wp\/v2\/product_cat?post=30177"},{"taxonomy":"product_tag","embeddable":true,"href":"https:\/\/manurefetish.com\/fr\/wp-json\/wp\/v2\/product_tag?post=30177"}],"curies":[{"name":"wp","href":"https:\/\/api.w.org\/{rel}","templated":true}]}}