{"id":187488,"date":"2025-09-13T01:05:55","date_gmt":"2025-09-12T23:05:55","guid":{"rendered":"https:\/\/manurefetish.com\/?post_type=product&#038;p=187488"},"modified":"2026-03-24T15:12:32","modified_gmt":"2026-03-24T14:12:32","slug":"mistress-marlena-feeding-her-pretty-boy","status":"publish","type":"product","link":"https:\/\/manurefetish.com\/fr\/shop\/videos\/mistress-marlena-feeding-her-pretty-boy\/","title":{"rendered":"Mistress Marlena nourrit son petit gar\u00e7on"},"content":{"rendered":"<p><span style=\"font-weight: 400;\">C'est la premi\u00e8re fois qu'elle se retrouve dans l'\u00e9table avec son esclave. Ma\u00eetresse Marlena est pr\u00eate \u00e0 montrer \u00e0 son esclave comment sera d\u00e9sormais sa vie. Son petit gar\u00e7on est assis dans un coin, tandis qu'elle pr\u00e9l\u00e8ve de la bouse de vache bien cr\u00e9meuse avec sa cuill\u00e8re pour la lui donner \u00e0 manger. Il en go\u00fbte une premi\u00e8re fois sur sa langue, mais Ma\u00eetresse Marlena a d'autres projets. Elle place de la bouse de vache sur le sol, y ajoute de la salive et il est maintenant temps pour son esclave de tout manger. Il fait ce qu'on lui a dit, il commence \u00e0 m\u00e2cher et \u00e0 avaler. Ma\u00eetresse Marlena a tout pr\u00e9vu, dans l'autre coin il y a le grand bol qu'elle remplit de bouse de vache, le Pretty Boy doit se frayer un chemin jusqu'au bol, en mangeant de la bouse de vache tous les quelques m\u00e8tres. Mais elle n'est pas cruelle. Entre-temps, il re\u00e7oit quelques r\u00e9compenses, en l\u00e9chant la bouse de ses seins ou de sa chatte. <\/span><\/p>","protected":false},"excerpt":{"rendered":"<p>It\u2019s her first time in the cowshed with her slave. Mistress Marlena is ready to show her slave how his life will be from now on. Her Pretty Boy is sitting in the corner, as she scoops some nice creamy cowshit with her spoon to feed it to him. He gets a first taste on [&hellip;]<\/p>\n","protected":false},"featured_media":199338,"comment_status":"open","ping_status":"closed","template":"","meta":{"_acf_changed":false,"site-sidebar-layout":"default","site-content-layout":"","ast-site-content-layout":"default","site-content-style":"default","site-sidebar-style":"default","ast-global-header-display":"","ast-banner-title-visibility":"","ast-main-header-display":"","ast-hfb-above-header-display":"","ast-hfb-below-header-display":"","ast-hfb-mobile-header-display":"","site-post-title":"","ast-breadcrumbs-content":"","ast-featured-img":"","footer-sml-layout":"","ast-disable-related-posts":"","theme-transparent-header-meta":"default","adv-header-id-meta":"","stick-header-meta":"","header-above-stick-meta":"","header-main-stick-meta":"","header-below-stick-meta":"","astra-migrate-meta-layouts":"set","ast-page-background-enabled":"default","ast-page-background-meta":{"desktop":{"background-color":"var(--ast-global-color-4)","background-image":"","background-repeat":"repeat","background-position":"center center","background-size":"auto","background-attachment":"scroll","background-type":"","background-media":"","overlay-type":"","overlay-color":"","overlay-opacity":"","overlay-gradient":""},"tablet":{"background-color":"","background-image":"","background-repeat":"repeat","background-position":"center center","background-size":"auto","background-attachment":"scroll","background-type":"","background-media":"","overlay-type":"","overlay-color":"","overlay-opacity":"","overlay-gradient":""},"mobile":{"background-color":"","background-image":"","background-repeat":"repeat","background-position":"center center","background-size":"auto","background-attachment":"scroll","background-type":"","background-media":"","overlay-type":"","overlay-color":"","overlay-opacity":"","overlay-gradient":""}},"ast-content-background-meta":{"desktop":{"background-color":"var(--ast-global-color-5)","background-image":"","background-repeat":"repeat","background-position":"center center","background-size":"auto","background-attachment":"scroll","background-type":"","background-media":"","overlay-type":"","overlay-color":"","overlay-opacity":"","overlay-gradient":""},"tablet":{"background-color":"var(--ast-global-color-5)","background-image":"","background-repeat":"repeat","background-position":"center center","background-size":"auto","background-attachment":"scroll","background-type":"","background-media":"","overlay-type":"","overlay-color":"","overlay-opacity":"","overlay-gradient":""},"mobile":{"background-color":"var(--ast-global-color-5)","background-image":"","background-repeat":"repeat","background-position":"center center","background-size":"auto","background-attachment":"scroll","background-type":"","background-media":"","overlay-type":"","overlay-color":"","overlay-opacity":"","overlay-gradient":""}}},"product_brand":[],"product_cat":[4470],"product_tag":[17,317,4581,318,4571,4593,66,3830,2869,316,64,2900,2901,3030,334,4568,2800,2419,18,52,2285,4590,4591,65,4569,4592,4588,2650,3434,24,2832,4594,2368],"class_list":{"0":"post-187488","1":"product","2":"type-product","3":"status-publish","4":"has-post-thumbnail","6":"product_cat-videos","7":"product_tag-anal","8":"product_tag-asshole","9":"product_tag-bath-in-shit","10":"product_tag-boobs","11":"product_tag-camping","12":"product_tag-chewing","13":"product_tag-clothed","14":"product_tag-cowshit","15":"product_tag-cumshot","16":"product_tag-cunt","17":"product_tag-dildo","18":"product_tag-domina","19":"product_tag-dominatrix","20":"product_tag-download","21":"product_tag-eating","22":"product_tag-feed","23":"product_tag-femdom","24":"product_tag-full-hd","25":"product_tag-manure","26":"product_tag-manure-channel","27":"product_tag-masturbate","28":"product_tag-mistress","29":"product_tag-mistress-marlena","30":"product_tag-naked","31":"product_tag-nude","32":"product_tag-pretty-boy","33":"product_tag-season-6","34":"product_tag-sensual","35":"product_tag-slave","36":"product_tag-slurry","37":"product_tag-smearing","38":"product_tag-tongue","39":"product_tag-ultra-hd","40":"pa_length-47-minutes","41":"pa_product-type-digital-download-full-hd-video","42":"pa_product-type-digital-download-ultra-hd-video","43":"pa_product-type-usb-stick","44":"pa_video-info-full-hd-1920x1080p","45":"pa_video-info-ultra-hd-4k","46":"desktop-align-center","47":"tablet-align-left","48":"mobile-align-left","50":"first","51":"instock","52":"shipping-taxable","53":"purchasable","54":"product-type-variable","55":"has-default-attributes"},"exclude_global_add_ons":[],"addons":[],"acf":[],"yoast_head":"<!-- This site is optimized with the Yoast SEO Premium plugin v27.1 (Yoast SEO v27.1.1) - https:\/\/yoast.com\/product\/yoast-seo-premium-wordpress\/ -->\n<title>Mistress Marlena Feeding Her Pretty Boy - ManureFetish<\/title>\n<meta name=\"description\" content=\"Mistress Marlena Feeding Her Pretty Boy, visits the cowshed with her slaves where she feeds him with creamy cowshit.\" \/>\n<meta name=\"robots\" content=\"index, follow, max-snippet:-1, max-image-preview:large, max-video-preview:-1\" \/>\n<link rel=\"canonical\" href=\"https:\/\/manurefetish.com\/fr\/shop\/videos\/mistress-marlena-feeding-her-pretty-boy\/\" \/>\n<meta property=\"og:locale\" content=\"fr_FR\" \/>\n<meta property=\"og:type\" content=\"article\" \/>\n<meta property=\"og:title\" content=\"Mistress Marlena Feeding Her Pretty Boy\" \/>\n<meta property=\"og:description\" content=\"Mistress Marlena Feeding Her Pretty Boy, visits the cowshed with her slaves where she feeds him with creamy cowshit.\" \/>\n<meta property=\"og:url\" content=\"https:\/\/manurefetish.com\/fr\/shop\/videos\/mistress-marlena-feeding-her-pretty-boy\/\" \/>\n<meta property=\"og:site_name\" content=\"ManureFetish\" \/>\n<meta property=\"article:publisher\" content=\"https:\/\/www.facebook.com\/manurefetish\/\" \/>\n<meta property=\"article:modified_time\" content=\"2026-03-24T14:12:32+00:00\" \/>\n<meta property=\"og:image\" content=\"https:\/\/manurefetish.com\/wp-content\/uploads\/2025\/09\/feeding-her-slave.jpg\" \/>\n\t<meta property=\"og:image:width\" content=\"1728\" \/>\n\t<meta property=\"og:image:height\" content=\"576\" \/>\n\t<meta property=\"og:image:type\" content=\"image\/jpeg\" \/>\n<meta name=\"twitter:card\" content=\"summary_large_image\" \/>\n<meta name=\"twitter:site\" content=\"@Manurefetisch\" \/>\n<script type=\"application\/ld+json\" class=\"yoast-schema-graph\">{\"@context\":\"https:\/\/schema.org\",\"@graph\":[{\"@type\":\"WebPage\",\"@id\":\"https:\/\/manurefetish.com\/shop\/videos\/mistress-marlena-feeding-her-pretty-boy\/\",\"url\":\"https:\/\/manurefetish.com\/shop\/videos\/mistress-marlena-feeding-her-pretty-boy\/\",\"name\":\"Mistress Marlena Feeding Her Pretty Boy - ManureFetish\",\"isPartOf\":{\"@id\":\"https:\/\/manurefetish.com\/#website\"},\"primaryImageOfPage\":{\"@id\":\"https:\/\/manurefetish.com\/shop\/videos\/mistress-marlena-feeding-her-pretty-boy\/#primaryimage\"},\"image\":{\"@id\":\"https:\/\/manurefetish.com\/shop\/videos\/mistress-marlena-feeding-her-pretty-boy\/#primaryimage\"},\"thumbnailUrl\":\"https:\/\/manurefetish.b-cdn.net\/wp-content\/uploads\/2025\/09\/feeding-her-slave.jpg\",\"datePublished\":\"2025-09-12T23:05:55+00:00\",\"dateModified\":\"2026-03-24T14:12:32+00:00\",\"description\":\"Mistress Marlena Feeding Her Pretty Boy, visits the cowshed with her slaves where she feeds him with creamy cowshit.\",\"breadcrumb\":{\"@id\":\"https:\/\/manurefetish.com\/shop\/videos\/mistress-marlena-feeding-her-pretty-boy\/#breadcrumb\"},\"inLanguage\":\"fr-FR\",\"potentialAction\":[{\"@type\":\"ReadAction\",\"target\":[\"https:\/\/manurefetish.com\/shop\/videos\/mistress-marlena-feeding-her-pretty-boy\/\"]}]},{\"@type\":\"ImageObject\",\"inLanguage\":\"fr-FR\",\"@id\":\"https:\/\/manurefetish.com\/shop\/videos\/mistress-marlena-feeding-her-pretty-boy\/#primaryimage\",\"url\":\"https:\/\/manurefetish.b-cdn.net\/wp-content\/uploads\/2025\/09\/feeding-her-slave.jpg\",\"contentUrl\":\"https:\/\/manurefetish.b-cdn.net\/wp-content\/uploads\/2025\/09\/feeding-her-slave.jpg\",\"width\":1728,\"height\":576},{\"@type\":\"BreadcrumbList\",\"@id\":\"https:\/\/manurefetish.com\/shop\/videos\/mistress-marlena-feeding-her-pretty-boy\/#breadcrumb\",\"itemListElement\":[{\"@type\":\"ListItem\",\"position\":1,\"name\":\"Home\",\"item\":\"https:\/\/manurefetish.com\/\"},{\"@type\":\"ListItem\",\"position\":2,\"name\":\"Shop\",\"item\":\"https:\/\/manurefetish.com\/shop\/\"},{\"@type\":\"ListItem\",\"position\":3,\"name\":\"Videos\",\"item\":\"https:\/\/manurefetish.com\/product-category\/videos\/\"},{\"@type\":\"ListItem\",\"position\":4,\"name\":\"Mistress Marlena Feeding Her Pretty Boy\"}]},{\"@type\":\"WebSite\",\"@id\":\"https:\/\/manurefetish.com\/#website\",\"url\":\"https:\/\/manurefetish.com\/\",\"name\":\"ManureFetish\",\"description\":\"ManureFetish Shop\",\"publisher\":{\"@id\":\"https:\/\/manurefetish.com\/#organization\"},\"potentialAction\":[{\"@type\":\"SearchAction\",\"target\":{\"@type\":\"EntryPoint\",\"urlTemplate\":\"https:\/\/manurefetish.com\/?s={search_term_string}\"},\"query-input\":{\"@type\":\"PropertyValueSpecification\",\"valueRequired\":true,\"valueName\":\"search_term_string\"}}],\"inLanguage\":\"fr-FR\"},{\"@type\":\"Organization\",\"@id\":\"https:\/\/manurefetish.com\/#organization\",\"name\":\"ManureFetish.com\",\"url\":\"https:\/\/manurefetish.com\/\",\"logo\":{\"@type\":\"ImageObject\",\"inLanguage\":\"fr-FR\",\"@id\":\"https:\/\/manurefetish.com\/#\/schema\/logo\/image\/\",\"url\":\"https:\/\/manurefetish.com\/wp-content\/uploads\/2019\/06\/1000xmanurefetishcom-michaela-logo-website-shop.png\",\"contentUrl\":\"https:\/\/manurefetish.com\/wp-content\/uploads\/2019\/06\/1000xmanurefetishcom-michaela-logo-website-shop.png\",\"width\":1000,\"height\":632,\"caption\":\"ManureFetish.com\"},\"image\":{\"@id\":\"https:\/\/manurefetish.com\/#\/schema\/logo\/image\/\"},\"sameAs\":[\"https:\/\/www.facebook.com\/manurefetish\/\",\"https:\/\/x.com\/Manurefetisch\",\"https:\/\/www.youtube.com\/c\/ManureFetish\"],\"description\":\"We're creating various fetish content with female and male models alike.\",\"foundingDate\":\"2019-07-04\",\"vatID\":\"DE366928521\",\"numberOfEmployees\":{\"@type\":\"QuantitativeValue\",\"minValue\":\"1\",\"maxValue\":\"10\"}}]}<\/script>\n<meta property=\"og:availability\" content=\"instock\" \/>\n<meta property=\"product:availability\" content=\"instock\" \/>\n<meta property=\"product:retailer_item_id\" content=\"MFW-MMFHPB\" \/>\n<meta property=\"product:condition\" content=\"new\" \/>\n<!-- \/ Yoast SEO Premium plugin. -->","yoast_head_json":{"title":"Mistress Marlena Feeding Her Pretty Boy - ManureFetish","description":"Mistress Marlena Feeding Her Pretty Boy, visite l'\u00e9table avec ses esclaves o\u00f9 elle le nourrit de bouse de vache cr\u00e9meuse.","robots":{"index":"index","follow":"follow","max-snippet":"max-snippet:-1","max-image-preview":"max-image-preview:large","max-video-preview":"max-video-preview:-1"},"canonical":"https:\/\/manurefetish.com\/fr\/shop\/videos\/mistress-marlena-feeding-her-pretty-boy\/","og_locale":"fr_FR","og_type":"article","og_title":"Mistress Marlena Feeding Her Pretty Boy","og_description":"Mistress Marlena Feeding Her Pretty Boy, visits the cowshed with her slaves where she feeds him with creamy cowshit.","og_url":"https:\/\/manurefetish.com\/fr\/shop\/videos\/mistress-marlena-feeding-her-pretty-boy\/","og_site_name":"ManureFetish","article_publisher":"https:\/\/www.facebook.com\/manurefetish\/","article_modified_time":"2026-03-24T14:12:32+00:00","og_image":[{"width":1728,"height":576,"url":"https:\/\/manurefetish.com\/wp-content\/uploads\/2025\/09\/feeding-her-slave.jpg","type":"image\/jpeg"}],"twitter_card":"summary_large_image","twitter_site":"@Manurefetisch","schema":{"@context":"https:\/\/schema.org","@graph":[{"@type":"WebPage","@id":"https:\/\/manurefetish.com\/shop\/videos\/mistress-marlena-feeding-her-pretty-boy\/","url":"https:\/\/manurefetish.com\/shop\/videos\/mistress-marlena-feeding-her-pretty-boy\/","name":"Mistress Marlena Feeding Her Pretty Boy - ManureFetish","isPartOf":{"@id":"https:\/\/manurefetish.com\/#website"},"primaryImageOfPage":{"@id":"https:\/\/manurefetish.com\/shop\/videos\/mistress-marlena-feeding-her-pretty-boy\/#primaryimage"},"image":{"@id":"https:\/\/manurefetish.com\/shop\/videos\/mistress-marlena-feeding-her-pretty-boy\/#primaryimage"},"thumbnailUrl":"https:\/\/manurefetish.b-cdn.net\/wp-content\/uploads\/2025\/09\/feeding-her-slave.jpg","datePublished":"2025-09-12T23:05:55+00:00","dateModified":"2026-03-24T14:12:32+00:00","description":"Mistress Marlena Feeding Her Pretty Boy, visite l'\u00e9table avec ses esclaves o\u00f9 elle le nourrit de bouse de vache cr\u00e9meuse.","breadcrumb":{"@id":"https:\/\/manurefetish.com\/shop\/videos\/mistress-marlena-feeding-her-pretty-boy\/#breadcrumb"},"inLanguage":"fr-FR","potentialAction":[{"@type":"ReadAction","target":["https:\/\/manurefetish.com\/shop\/videos\/mistress-marlena-feeding-her-pretty-boy\/"]}]},{"@type":"ImageObject","inLanguage":"fr-FR","@id":"https:\/\/manurefetish.com\/shop\/videos\/mistress-marlena-feeding-her-pretty-boy\/#primaryimage","url":"https:\/\/manurefetish.b-cdn.net\/wp-content\/uploads\/2025\/09\/feeding-her-slave.jpg","contentUrl":"https:\/\/manurefetish.b-cdn.net\/wp-content\/uploads\/2025\/09\/feeding-her-slave.jpg","width":1728,"height":576},{"@type":"BreadcrumbList","@id":"https:\/\/manurefetish.com\/shop\/videos\/mistress-marlena-feeding-her-pretty-boy\/#breadcrumb","itemListElement":[{"@type":"ListItem","position":1,"name":"Home","item":"https:\/\/manurefetish.com\/"},{"@type":"ListItem","position":2,"name":"Shop","item":"https:\/\/manurefetish.com\/shop\/"},{"@type":"ListItem","position":3,"name":"Videos","item":"https:\/\/manurefetish.com\/product-category\/videos\/"},{"@type":"ListItem","position":4,"name":"Mistress Marlena Feeding Her Pretty Boy"}]},{"@type":"WebSite","@id":"https:\/\/manurefetish.com\/#website","url":"https:\/\/manurefetish.com\/","name":"ManureFetish","description":"ManureFetish Shop","publisher":{"@id":"https:\/\/manurefetish.com\/#organization"},"potentialAction":[{"@type":"SearchAction","target":{"@type":"EntryPoint","urlTemplate":"https:\/\/manurefetish.com\/?s={search_term_string}"},"query-input":{"@type":"PropertyValueSpecification","valueRequired":true,"valueName":"search_term_string"}}],"inLanguage":"fr-FR"},{"@type":"Organization","@id":"https:\/\/manurefetish.com\/#organization","name":"ManureFetish.com","url":"https:\/\/manurefetish.com\/","logo":{"@type":"ImageObject","inLanguage":"fr-FR","@id":"https:\/\/manurefetish.com\/#\/schema\/logo\/image\/","url":"https:\/\/manurefetish.com\/wp-content\/uploads\/2019\/06\/1000xmanurefetishcom-michaela-logo-website-shop.png","contentUrl":"https:\/\/manurefetish.com\/wp-content\/uploads\/2019\/06\/1000xmanurefetishcom-michaela-logo-website-shop.png","width":1000,"height":632,"caption":"ManureFetish.com"},"image":{"@id":"https:\/\/manurefetish.com\/#\/schema\/logo\/image\/"},"sameAs":["https:\/\/www.facebook.com\/manurefetish\/","https:\/\/x.com\/Manurefetisch","https:\/\/www.youtube.com\/c\/ManureFetish"],"description":"Nous cr\u00e9ons divers contenus f\u00e9tichistes avec des mod\u00e8les f\u00e9minins et masculins.","foundingDate":"2019-07-04","vatID":"DE366928521","numberOfEmployees":{"@type":"QuantitativeValue","minValue":"1","maxValue":"10"}}]},"og_availability":"instock","product_availability":"instock","product_retailer_item_id":"MFW-MMFHPB","product_condition":"new"},"_links":{"self":[{"href":"https:\/\/manurefetish.com\/fr\/wp-json\/wp\/v2\/product\/187488","targetHints":{"allow":["GET"]}}],"collection":[{"href":"https:\/\/manurefetish.com\/fr\/wp-json\/wp\/v2\/product"}],"about":[{"href":"https:\/\/manurefetish.com\/fr\/wp-json\/wp\/v2\/types\/product"}],"replies":[{"embeddable":true,"href":"https:\/\/manurefetish.com\/fr\/wp-json\/wp\/v2\/comments?post=187488"}],"version-history":[{"count":0,"href":"https:\/\/manurefetish.com\/fr\/wp-json\/wp\/v2\/product\/187488\/revisions"}],"wp:featuredmedia":[{"embeddable":true,"href":"https:\/\/manurefetish.com\/fr\/wp-json\/wp\/v2\/media\/199338"}],"wp:attachment":[{"href":"https:\/\/manurefetish.com\/fr\/wp-json\/wp\/v2\/media?parent=187488"}],"wp:term":[{"taxonomy":"product_brand","embeddable":true,"href":"https:\/\/manurefetish.com\/fr\/wp-json\/wp\/v2\/product_brand?post=187488"},{"taxonomy":"product_cat","embeddable":true,"href":"https:\/\/manurefetish.com\/fr\/wp-json\/wp\/v2\/product_cat?post=187488"},{"taxonomy":"product_tag","embeddable":true,"href":"https:\/\/manurefetish.com\/fr\/wp-json\/wp\/v2\/product_tag?post=187488"}],"curies":[{"name":"wp","href":"https:\/\/api.w.org\/{rel}","templated":true}]}}