{"id":174681,"date":"2025-04-26T17:45:09","date_gmt":"2025-04-26T15:45:09","guid":{"rendered":"https:\/\/manurefetish.com\/?post_type=product&#038;p=174681"},"modified":"2026-03-24T15:15:15","modified_gmt":"2026-03-24T14:15:15","slug":"pounded-in-the-cowshit-shower","status":"publish","type":"product","link":"https:\/\/manurefetish.com\/fr\/shop\/videos\/pounded-in-the-cowshit-shower\/","title":{"rendered":"Pounded In The Cowshit Shower (Pound\u00e9 dans la douche de merde)"},"content":{"rendered":"<p><span style=\"font-weight: 400;\">Lyndra Lynn est pr\u00eate pour une douche extraordinaire dans la grange. Elle porte son maillot de bain rouge pr\u00e9f\u00e9r\u00e9 et des lunettes de natation. Elle tire sur la cha\u00eene, pr\u00eate \u00e0 faire sortir l'eau, mais elle ne vient pas, elle entend un grondement, mais rien ne se passe. Au bout d'un certain temps et apr\u00e8s avoir v\u00e9rifi\u00e9 le tuyau, une grosse gicl\u00e9e de bouse de vache chaude lui arrive au visage, un peu surprise et confuse, elle continue \u00e0 en profiter. Elle s'agenouille et son visage est frapp\u00e9 par beaucoup de bouse de vache, qui coule dans son maillot de bain, et elle se laisse compl\u00e8tement recouvrir par la bouse. Elle se laisse compl\u00e8tement recouvrir par la bouse, l'\u00e9tale et l'\u00e9crase dans son maillot de bain. Elle commence ensuite \u00e0 sucer le gode de la machine \u00e0 baiser avant de se faire pilonner dans diff\u00e9rentes positions, tout en \u00e9tant toujours frapp\u00e9e par de la merde de vache venant d'en haut.<\/span><\/p>","protected":false},"excerpt":{"rendered":"<p>Lyndra Lynn is ready for an amazing shower in the barn. She\u2019s wearing her favorite red swimsuit and some swimming goggles. She pulls on the chain ready for the water to come out, however it\u2019s not coming, she hears some rumbling, but nothing happens. After some time and checking the pipe a big splash of [&hellip;]<\/p>\n","protected":false},"featured_media":199414,"comment_status":"open","ping_status":"closed","template":"","meta":{"_acf_changed":false,"site-sidebar-layout":"default","site-content-layout":"","ast-site-content-layout":"default","site-content-style":"default","site-sidebar-style":"default","ast-global-header-display":"","ast-banner-title-visibility":"","ast-main-header-display":"","ast-hfb-above-header-display":"","ast-hfb-below-header-display":"","ast-hfb-mobile-header-display":"","site-post-title":"","ast-breadcrumbs-content":"","ast-featured-img":"","footer-sml-layout":"","ast-disable-related-posts":"","theme-transparent-header-meta":"default","adv-header-id-meta":"","stick-header-meta":"","header-above-stick-meta":"","header-main-stick-meta":"","header-below-stick-meta":"","astra-migrate-meta-layouts":"set","ast-page-background-enabled":"default","ast-page-background-meta":{"desktop":{"background-color":"var(--ast-global-color-4)","background-image":"","background-repeat":"repeat","background-position":"center center","background-size":"auto","background-attachment":"scroll","background-type":"","background-media":"","overlay-type":"","overlay-color":"","overlay-opacity":"","overlay-gradient":""},"tablet":{"background-color":"","background-image":"","background-repeat":"repeat","background-position":"center center","background-size":"auto","background-attachment":"scroll","background-type":"","background-media":"","overlay-type":"","overlay-color":"","overlay-opacity":"","overlay-gradient":""},"mobile":{"background-color":"","background-image":"","background-repeat":"repeat","background-position":"center center","background-size":"auto","background-attachment":"scroll","background-type":"","background-media":"","overlay-type":"","overlay-color":"","overlay-opacity":"","overlay-gradient":""}},"ast-content-background-meta":{"desktop":{"background-color":"var(--ast-global-color-5)","background-image":"","background-repeat":"repeat","background-position":"center center","background-size":"auto","background-attachment":"scroll","background-type":"","background-media":"","overlay-type":"","overlay-color":"","overlay-opacity":"","overlay-gradient":""},"tablet":{"background-color":"var(--ast-global-color-5)","background-image":"","background-repeat":"repeat","background-position":"center center","background-size":"auto","background-attachment":"scroll","background-type":"","background-media":"","overlay-type":"","overlay-color":"","overlay-opacity":"","overlay-gradient":""},"mobile":{"background-color":"var(--ast-global-color-5)","background-image":"","background-repeat":"repeat","background-position":"center center","background-size":"auto","background-attachment":"scroll","background-type":"","background-media":"","overlay-type":"","overlay-color":"","overlay-opacity":"","overlay-gradient":""}}},"product_brand":[],"product_cat":[4470],"product_tag":[4196,317,2623,318,66,2621,3830,4481,316,3232,3030,3523,2682,2419,4483,2841,18,2285,2206,4484,35,32,4588,2650,4482,2683,53,24,2832,4480,3623,2368,3233],"class_list":{"0":"post-174681","1":"product","2":"type-product","3":"status-publish","4":"has-post-thumbnail","6":"product_cat-videos","7":"product_tag-animal-scat","8":"product_tag-asshole","9":"product_tag-barn","10":"product_tag-boobs","11":"product_tag-clothed","12":"product_tag-cow-dung","13":"product_tag-cowshit","14":"product_tag-cowshit-bath","15":"product_tag-cunt","16":"product_tag-double-penetration","17":"product_tag-download","18":"product_tag-fingering","19":"product_tag-fuckmachine","20":"product_tag-full-hd","21":"product_tag-girl-in-cowshit","22":"product_tag-lyndra-lynn","23":"product_tag-manure","24":"product_tag-masturbate","25":"product_tag-masturbation","26":"product_tag-masturbation-in-cowshit","27":"product_tag-orgasm","28":"product_tag-pussy","29":"product_tag-season-6","30":"product_tag-sensual","31":"product_tag-sex-in-cowshit","32":"product_tag-sexmachine","33":"product_tag-shower","34":"product_tag-slurry","35":"product_tag-smearing","36":"product_tag-swimming-googles","37":"product_tag-swimsuit","38":"product_tag-ultra-hd","39":"product_tag-waifu","40":"pa_length-45-minutes","41":"pa_product-type-digital-download-full-hd-video","42":"pa_product-type-digital-download-ultra-hd-video","43":"pa_product-type-usb-stick","44":"pa_video-info-full-hd-1920x1080p","45":"pa_video-info-ultra-hd-4k","46":"desktop-align-center","47":"tablet-align-left","48":"mobile-align-left","50":"first","51":"instock","52":"shipping-taxable","53":"purchasable","54":"product-type-variable"},"exclude_global_add_ons":[],"addons":[],"acf":[],"yoast_head":"<!-- This site is optimized with the Yoast SEO Premium plugin v27.1 (Yoast SEO v27.1.1) - https:\/\/yoast.com\/product\/yoast-seo-premium-wordpress\/ -->\n<title>Pounded In The Cowshit Shower - ManureFetish<\/title>\n<meta name=\"description\" content=\"Lyndra Lynn Plugged up shit, so much shit in her ass ready to coming out with the buttplug, watch her new lovely scat smearing video.\" \/>\n<meta name=\"robots\" content=\"index, follow, max-snippet:-1, max-image-preview:large, max-video-preview:-1\" \/>\n<link rel=\"canonical\" href=\"https:\/\/manurefetish.com\/fr\/shop\/videos\/pounded-in-the-cowshit-shower\/\" \/>\n<meta property=\"og:locale\" content=\"fr_FR\" \/>\n<meta property=\"og:type\" content=\"article\" \/>\n<meta property=\"og:title\" content=\"Pounded In The Cowshit Shower\" \/>\n<meta property=\"og:description\" content=\"Lyndra Lynn Plugged up shit, so much shit in her ass ready to coming out with the buttplug, watch her new lovely scat smearing video.\" \/>\n<meta property=\"og:url\" content=\"https:\/\/manurefetish.com\/fr\/shop\/videos\/pounded-in-the-cowshit-shower\/\" \/>\n<meta property=\"og:site_name\" content=\"ManureFetish\" \/>\n<meta property=\"article:publisher\" content=\"https:\/\/www.facebook.com\/manurefetish\/\" \/>\n<meta property=\"article:modified_time\" content=\"2026-03-24T14:15:15+00:00\" \/>\n<meta property=\"og:image\" content=\"https:\/\/manurefetish.com\/wp-content\/uploads\/2025\/04\/pounded-in-the-cowshit-shower.jpg\" \/>\n\t<meta property=\"og:image:width\" content=\"1728\" \/>\n\t<meta property=\"og:image:height\" content=\"576\" \/>\n\t<meta property=\"og:image:type\" content=\"image\/jpeg\" \/>\n<meta name=\"twitter:card\" content=\"summary_large_image\" \/>\n<meta name=\"twitter:site\" content=\"@Manurefetisch\" \/>\n<script type=\"application\/ld+json\" class=\"yoast-schema-graph\">{\"@context\":\"https:\/\/schema.org\",\"@graph\":[{\"@type\":\"WebPage\",\"@id\":\"https:\/\/manurefetish.com\/shop\/videos\/pounded-in-the-cowshit-shower\/\",\"url\":\"https:\/\/manurefetish.com\/shop\/videos\/pounded-in-the-cowshit-shower\/\",\"name\":\"Pounded In The Cowshit Shower - ManureFetish\",\"isPartOf\":{\"@id\":\"https:\/\/manurefetish.com\/#website\"},\"primaryImageOfPage\":{\"@id\":\"https:\/\/manurefetish.com\/shop\/videos\/pounded-in-the-cowshit-shower\/#primaryimage\"},\"image\":{\"@id\":\"https:\/\/manurefetish.com\/shop\/videos\/pounded-in-the-cowshit-shower\/#primaryimage\"},\"thumbnailUrl\":\"https:\/\/manurefetish.b-cdn.net\/wp-content\/uploads\/2025\/04\/pounded-in-the-cowshit-shower.jpg\",\"datePublished\":\"2025-04-26T15:45:09+00:00\",\"dateModified\":\"2026-03-24T14:15:15+00:00\",\"description\":\"Lyndra Lynn Plugged up shit, so much shit in her ass ready to coming out with the buttplug, watch her new lovely scat smearing video.\",\"breadcrumb\":{\"@id\":\"https:\/\/manurefetish.com\/shop\/videos\/pounded-in-the-cowshit-shower\/#breadcrumb\"},\"inLanguage\":\"fr-FR\",\"potentialAction\":[{\"@type\":\"ReadAction\",\"target\":[\"https:\/\/manurefetish.com\/shop\/videos\/pounded-in-the-cowshit-shower\/\"]}]},{\"@type\":\"ImageObject\",\"inLanguage\":\"fr-FR\",\"@id\":\"https:\/\/manurefetish.com\/shop\/videos\/pounded-in-the-cowshit-shower\/#primaryimage\",\"url\":\"https:\/\/manurefetish.b-cdn.net\/wp-content\/uploads\/2025\/04\/pounded-in-the-cowshit-shower.jpg\",\"contentUrl\":\"https:\/\/manurefetish.b-cdn.net\/wp-content\/uploads\/2025\/04\/pounded-in-the-cowshit-shower.jpg\",\"width\":1728,\"height\":576},{\"@type\":\"BreadcrumbList\",\"@id\":\"https:\/\/manurefetish.com\/shop\/videos\/pounded-in-the-cowshit-shower\/#breadcrumb\",\"itemListElement\":[{\"@type\":\"ListItem\",\"position\":1,\"name\":\"Home\",\"item\":\"https:\/\/manurefetish.com\/\"},{\"@type\":\"ListItem\",\"position\":2,\"name\":\"Shop\",\"item\":\"https:\/\/manurefetish.com\/shop\/\"},{\"@type\":\"ListItem\",\"position\":3,\"name\":\"Videos\",\"item\":\"https:\/\/manurefetish.com\/product-category\/videos\/\"},{\"@type\":\"ListItem\",\"position\":4,\"name\":\"Pounded In The Cowshit Shower\"}]},{\"@type\":\"WebSite\",\"@id\":\"https:\/\/manurefetish.com\/#website\",\"url\":\"https:\/\/manurefetish.com\/\",\"name\":\"ManureFetish\",\"description\":\"ManureFetish Shop\",\"publisher\":{\"@id\":\"https:\/\/manurefetish.com\/#organization\"},\"potentialAction\":[{\"@type\":\"SearchAction\",\"target\":{\"@type\":\"EntryPoint\",\"urlTemplate\":\"https:\/\/manurefetish.com\/?s={search_term_string}\"},\"query-input\":{\"@type\":\"PropertyValueSpecification\",\"valueRequired\":true,\"valueName\":\"search_term_string\"}}],\"inLanguage\":\"fr-FR\"},{\"@type\":\"Organization\",\"@id\":\"https:\/\/manurefetish.com\/#organization\",\"name\":\"ManureFetish.com\",\"url\":\"https:\/\/manurefetish.com\/\",\"logo\":{\"@type\":\"ImageObject\",\"inLanguage\":\"fr-FR\",\"@id\":\"https:\/\/manurefetish.com\/#\/schema\/logo\/image\/\",\"url\":\"https:\/\/manurefetish.com\/wp-content\/uploads\/2019\/06\/1000xmanurefetishcom-michaela-logo-website-shop.png\",\"contentUrl\":\"https:\/\/manurefetish.com\/wp-content\/uploads\/2019\/06\/1000xmanurefetishcom-michaela-logo-website-shop.png\",\"width\":1000,\"height\":632,\"caption\":\"ManureFetish.com\"},\"image\":{\"@id\":\"https:\/\/manurefetish.com\/#\/schema\/logo\/image\/\"},\"sameAs\":[\"https:\/\/www.facebook.com\/manurefetish\/\",\"https:\/\/x.com\/Manurefetisch\",\"https:\/\/www.youtube.com\/c\/ManureFetish\"],\"description\":\"We're creating various fetish content with female and male models alike.\",\"foundingDate\":\"2019-07-04\",\"vatID\":\"DE366928521\",\"numberOfEmployees\":{\"@type\":\"QuantitativeValue\",\"minValue\":\"1\",\"maxValue\":\"10\"}}]}<\/script>\n<meta property=\"og:availability\" content=\"instock\" \/>\n<meta property=\"product:availability\" content=\"instock\" \/>\n<meta property=\"product:retailer_item_id\" content=\"MFW-LL-PITCSS\" \/>\n<meta property=\"product:condition\" content=\"new\" \/>\n<!-- \/ Yoast SEO Premium plugin. -->","yoast_head_json":{"title":"Pounded In The Cowshit Shower - ManureFetish","description":"Lyndra Lynn est bouch\u00e9e, elle a tellement de merde dans le cul qu'elle est pr\u00eate \u00e0 sortir avec le buttplug, regarde sa nouvelle vid\u00e9o de barbouillage de scat.","robots":{"index":"index","follow":"follow","max-snippet":"max-snippet:-1","max-image-preview":"max-image-preview:large","max-video-preview":"max-video-preview:-1"},"canonical":"https:\/\/manurefetish.com\/fr\/shop\/videos\/pounded-in-the-cowshit-shower\/","og_locale":"fr_FR","og_type":"article","og_title":"Pounded In The Cowshit Shower","og_description":"Lyndra Lynn Plugged up shit, so much shit in her ass ready to coming out with the buttplug, watch her new lovely scat smearing video.","og_url":"https:\/\/manurefetish.com\/fr\/shop\/videos\/pounded-in-the-cowshit-shower\/","og_site_name":"ManureFetish","article_publisher":"https:\/\/www.facebook.com\/manurefetish\/","article_modified_time":"2026-03-24T14:15:15+00:00","og_image":[{"width":1728,"height":576,"url":"https:\/\/manurefetish.com\/wp-content\/uploads\/2025\/04\/pounded-in-the-cowshit-shower.jpg","type":"image\/jpeg"}],"twitter_card":"summary_large_image","twitter_site":"@Manurefetisch","schema":{"@context":"https:\/\/schema.org","@graph":[{"@type":"WebPage","@id":"https:\/\/manurefetish.com\/shop\/videos\/pounded-in-the-cowshit-shower\/","url":"https:\/\/manurefetish.com\/shop\/videos\/pounded-in-the-cowshit-shower\/","name":"Pounded In The Cowshit Shower - ManureFetish","isPartOf":{"@id":"https:\/\/manurefetish.com\/#website"},"primaryImageOfPage":{"@id":"https:\/\/manurefetish.com\/shop\/videos\/pounded-in-the-cowshit-shower\/#primaryimage"},"image":{"@id":"https:\/\/manurefetish.com\/shop\/videos\/pounded-in-the-cowshit-shower\/#primaryimage"},"thumbnailUrl":"https:\/\/manurefetish.b-cdn.net\/wp-content\/uploads\/2025\/04\/pounded-in-the-cowshit-shower.jpg","datePublished":"2025-04-26T15:45:09+00:00","dateModified":"2026-03-24T14:15:15+00:00","description":"Lyndra Lynn est bouch\u00e9e, elle a tellement de merde dans le cul qu'elle est pr\u00eate \u00e0 sortir avec le buttplug, regarde sa nouvelle vid\u00e9o de barbouillage de scat.","breadcrumb":{"@id":"https:\/\/manurefetish.com\/shop\/videos\/pounded-in-the-cowshit-shower\/#breadcrumb"},"inLanguage":"fr-FR","potentialAction":[{"@type":"ReadAction","target":["https:\/\/manurefetish.com\/shop\/videos\/pounded-in-the-cowshit-shower\/"]}]},{"@type":"ImageObject","inLanguage":"fr-FR","@id":"https:\/\/manurefetish.com\/shop\/videos\/pounded-in-the-cowshit-shower\/#primaryimage","url":"https:\/\/manurefetish.b-cdn.net\/wp-content\/uploads\/2025\/04\/pounded-in-the-cowshit-shower.jpg","contentUrl":"https:\/\/manurefetish.b-cdn.net\/wp-content\/uploads\/2025\/04\/pounded-in-the-cowshit-shower.jpg","width":1728,"height":576},{"@type":"BreadcrumbList","@id":"https:\/\/manurefetish.com\/shop\/videos\/pounded-in-the-cowshit-shower\/#breadcrumb","itemListElement":[{"@type":"ListItem","position":1,"name":"Home","item":"https:\/\/manurefetish.com\/"},{"@type":"ListItem","position":2,"name":"Shop","item":"https:\/\/manurefetish.com\/shop\/"},{"@type":"ListItem","position":3,"name":"Videos","item":"https:\/\/manurefetish.com\/product-category\/videos\/"},{"@type":"ListItem","position":4,"name":"Pounded In The Cowshit Shower"}]},{"@type":"WebSite","@id":"https:\/\/manurefetish.com\/#website","url":"https:\/\/manurefetish.com\/","name":"ManureFetish","description":"ManureFetish Shop","publisher":{"@id":"https:\/\/manurefetish.com\/#organization"},"potentialAction":[{"@type":"SearchAction","target":{"@type":"EntryPoint","urlTemplate":"https:\/\/manurefetish.com\/?s={search_term_string}"},"query-input":{"@type":"PropertyValueSpecification","valueRequired":true,"valueName":"search_term_string"}}],"inLanguage":"fr-FR"},{"@type":"Organization","@id":"https:\/\/manurefetish.com\/#organization","name":"ManureFetish.com","url":"https:\/\/manurefetish.com\/","logo":{"@type":"ImageObject","inLanguage":"fr-FR","@id":"https:\/\/manurefetish.com\/#\/schema\/logo\/image\/","url":"https:\/\/manurefetish.com\/wp-content\/uploads\/2019\/06\/1000xmanurefetishcom-michaela-logo-website-shop.png","contentUrl":"https:\/\/manurefetish.com\/wp-content\/uploads\/2019\/06\/1000xmanurefetishcom-michaela-logo-website-shop.png","width":1000,"height":632,"caption":"ManureFetish.com"},"image":{"@id":"https:\/\/manurefetish.com\/#\/schema\/logo\/image\/"},"sameAs":["https:\/\/www.facebook.com\/manurefetish\/","https:\/\/x.com\/Manurefetisch","https:\/\/www.youtube.com\/c\/ManureFetish"],"description":"Nous cr\u00e9ons divers contenus f\u00e9tichistes avec des mod\u00e8les f\u00e9minins et masculins.","foundingDate":"2019-07-04","vatID":"DE366928521","numberOfEmployees":{"@type":"QuantitativeValue","minValue":"1","maxValue":"10"}}]},"og_availability":"instock","product_availability":"instock","product_retailer_item_id":"MFW-LL-PITCSS","product_condition":"new"},"_links":{"self":[{"href":"https:\/\/manurefetish.com\/fr\/wp-json\/wp\/v2\/product\/174681","targetHints":{"allow":["GET"]}}],"collection":[{"href":"https:\/\/manurefetish.com\/fr\/wp-json\/wp\/v2\/product"}],"about":[{"href":"https:\/\/manurefetish.com\/fr\/wp-json\/wp\/v2\/types\/product"}],"replies":[{"embeddable":true,"href":"https:\/\/manurefetish.com\/fr\/wp-json\/wp\/v2\/comments?post=174681"}],"version-history":[{"count":0,"href":"https:\/\/manurefetish.com\/fr\/wp-json\/wp\/v2\/product\/174681\/revisions"}],"wp:featuredmedia":[{"embeddable":true,"href":"https:\/\/manurefetish.com\/fr\/wp-json\/wp\/v2\/media\/199414"}],"wp:attachment":[{"href":"https:\/\/manurefetish.com\/fr\/wp-json\/wp\/v2\/media?parent=174681"}],"wp:term":[{"taxonomy":"product_brand","embeddable":true,"href":"https:\/\/manurefetish.com\/fr\/wp-json\/wp\/v2\/product_brand?post=174681"},{"taxonomy":"product_cat","embeddable":true,"href":"https:\/\/manurefetish.com\/fr\/wp-json\/wp\/v2\/product_cat?post=174681"},{"taxonomy":"product_tag","embeddable":true,"href":"https:\/\/manurefetish.com\/fr\/wp-json\/wp\/v2\/product_tag?post=174681"}],"curies":[{"name":"wp","href":"https:\/\/api.w.org\/{rel}","templated":true}]}}