{"id":147374,"date":"2024-10-04T18:00:35","date_gmt":"2024-10-04T16:00:35","guid":{"rendered":"https:\/\/manurefetish.com\/?post_type=product&#038;p=147374"},"modified":"2026-03-24T15:17:24","modified_gmt":"2026-03-24T14:17:24","slug":"fresh-from-the-source","status":"publish","type":"product","link":"https:\/\/manurefetish.com\/fr\/shop\/videos\/fresh-from-the-source\/","title":{"rendered":"Frais de la source"},"content":{"rendered":"<p><span style=\"font-weight: 400;\">Franky arrive \u00e0 l'\u00e9table pour voir ce que Lyndra fait depuis si longtemps, il la trouve \u00e0 l'arri\u00e8re de l'\u00e9table en train de ramasser du caca de vache. Bien s\u00fbr, Franky sait pourquoi elle ramasse le cowshit, parce que Lyndra veut avoir du sexe cochon de temps en temps. Il la soutient donc et lui donne des conseils sur les endroits o\u00f9 trouver de la bouse de vache fra\u00eeche. Lorsque le seau est presque plein, ils se rendent tous les deux dans les cabines, o\u00f9 Lyndra commence imm\u00e9diatement \u00e0 branler la bite de Franky. Lyndra veut d'abord baiser sans la bouse de vache, alors elle se penche par-dessus la balustrade pour que Franky puisse la baiser en levrette.<br \/>\nPuis Lyndra se met \u00e0 genoux et Franky commence \u00e0 \u00e9taler la bouse de vache sur son cul avant de continuer \u00e0 la baiser. Puis ils changent \u00e0 nouveau de position et il continue \u00e0 la baiser en missionnaire pendant qu'il \u00e9tale sa bouse de vache cr\u00e9meuse sur le dirndl et ses seins. Ensuite, Lyndra veut encore de la bouse de vache fra\u00eeche et elle se rend \u00e0 un nouvel endroit pour ramasser les galettes fra\u00eeches entre les vaches.<br \/>\nIls retournent ensuite dans la deuxi\u00e8me cabine o\u00f9 Lyndra s'assoit sur la balustrade et Franky la baise en missionnaire, frottant Lyndra avec encore plus de bouse de vache fra\u00eeche. Lyndra veut ensuite continuer \u00e0 sucer la bite de Franky pendant qu'il continue \u00e0 l'enduire de bouse de vache. Lyndra veut aussi qu'il lui jette le seau de bouse de vache cr\u00e9meuse sur la t\u00eate, ce qu'il fait bien s\u00fbr.<br \/>\nPuis il baise \u00e0 nouveau Lyndra par derri\u00e8re tout en d\u00e9versant le reste de la merde de vache sur elle. Enfin, Franky re\u00e7oit une autre pipe intense de Lyndra.<\/span><\/p>","protected":false},"excerpt":{"rendered":"<p>Franky arrives at the cowshed to see what Lyndra has been doing for so long, he finds her at the back of the cowshed picking up cow poo. Of course Franky knows why she&#8217;s collecting the cowshit, because Lyndra wants to have some dirty sex from time to time. So he supports her and gives [&hellip;]<\/p>\n","protected":false},"featured_media":199259,"comment_status":"open","ping_status":"closed","template":"","meta":{"_acf_changed":false,"site-sidebar-layout":"default","site-content-layout":"","ast-site-content-layout":"default","site-content-style":"default","site-sidebar-style":"default","ast-global-header-display":"","ast-banner-title-visibility":"","ast-main-header-display":"","ast-hfb-above-header-display":"","ast-hfb-below-header-display":"","ast-hfb-mobile-header-display":"","site-post-title":"","ast-breadcrumbs-content":"","ast-featured-img":"","footer-sml-layout":"","ast-disable-related-posts":"","theme-transparent-header-meta":"default","adv-header-id-meta":"","stick-header-meta":"","header-above-stick-meta":"","header-main-stick-meta":"","header-below-stick-meta":"","astra-migrate-meta-layouts":"set","ast-page-background-enabled":"default","ast-page-background-meta":{"desktop":{"background-color":"var(--ast-global-color-4)","background-image":"","background-repeat":"repeat","background-position":"center center","background-size":"auto","background-attachment":"scroll","background-type":"","background-media":"","overlay-type":"","overlay-color":"","overlay-opacity":"","overlay-gradient":""},"tablet":{"background-color":"","background-image":"","background-repeat":"repeat","background-position":"center center","background-size":"auto","background-attachment":"scroll","background-type":"","background-media":"","overlay-type":"","overlay-color":"","overlay-opacity":"","overlay-gradient":""},"mobile":{"background-color":"","background-image":"","background-repeat":"repeat","background-position":"center center","background-size":"auto","background-attachment":"scroll","background-type":"","background-media":"","overlay-type":"","overlay-color":"","overlay-opacity":"","overlay-gradient":""}},"ast-content-background-meta":{"desktop":{"background-color":"var(--ast-global-color-5)","background-image":"","background-repeat":"repeat","background-position":"center center","background-size":"auto","background-attachment":"scroll","background-type":"","background-media":"","overlay-type":"","overlay-color":"","overlay-opacity":"","overlay-gradient":""},"tablet":{"background-color":"var(--ast-global-color-5)","background-image":"","background-repeat":"repeat","background-position":"center center","background-size":"auto","background-attachment":"scroll","background-type":"","background-media":"","overlay-type":"","overlay-color":"","overlay-opacity":"","overlay-gradient":""},"mobile":{"background-color":"var(--ast-global-color-5)","background-image":"","background-repeat":"repeat","background-position":"center center","background-size":"auto","background-attachment":"scroll","background-type":"","background-media":"","overlay-type":"","overlay-color":"","overlay-opacity":"","overlay-gradient":""}}},"product_brand":[],"product_cat":[4470],"product_tag":[4196,317,2555,318,4166,71,4228,4357,2631,2551,2621,2607,118,3830,2869,316,3933,3030,3523,2438,4356,2552,2419,2841,18,2285,2206,3174,65,2710,35,360,2482,3539,2872,2871,32,4199,2650,34,4482,4233,24,2832,2368,3233],"class_list":{"0":"post-147374","1":"product","2":"type-product","3":"status-publish","4":"has-post-thumbnail","6":"product_cat-videos","7":"product_tag-animal-scat","8":"product_tag-asshole","9":"product_tag-blowjob","10":"product_tag-boobs","11":"product_tag-box","12":"product_tag-bucket","13":"product_tag-clit","14":"product_tag-collecting","15":"product_tag-completely-covered","16":"product_tag-couple","17":"product_tag-cow-dung","18":"product_tag-cowdung","19":"product_tag-cowshed","20":"product_tag-cowshit","21":"product_tag-cumshot","22":"product_tag-cunt","23":"product_tag-doggystyle","24":"product_tag-download","25":"product_tag-fingering","26":"product_tag-franky","27":"product_tag-fresh","28":"product_tag-fucking","29":"product_tag-full-hd","30":"product_tag-lyndra-lynn","31":"product_tag-manure","32":"product_tag-masturbate","33":"product_tag-masturbation","34":"product_tag-missionary","35":"product_tag-naked","36":"product_tag-oral","37":"product_tag-orgasm","38":"product_tag-outdoor","39":"product_tag-peeing","40":"product_tag-piss","41":"product_tag-point-of-view","42":"product_tag-pov","43":"product_tag-pussy","44":"product_tag-season-5","45":"product_tag-sensual","46":"product_tag-sex","47":"product_tag-sex-in-cowshit","48":"product_tag-shit","49":"product_tag-slurry","50":"product_tag-smearing","51":"product_tag-ultra-hd","52":"product_tag-waifu","53":"pa_length-33-minutes","54":"pa_product-type-digital-download-full-hd-video","55":"pa_product-type-digital-download-ultra-hd-video","56":"pa_product-type-usb-stick","57":"pa_video-info-full-hd-1920x1080p","58":"pa_video-info-ultra-hd-4k","59":"desktop-align-center","60":"tablet-align-left","61":"mobile-align-left","63":"first","64":"instock","65":"shipping-taxable","66":"purchasable","67":"product-type-variable"},"exclude_global_add_ons":[],"addons":[],"acf":[],"yoast_head":"<!-- This site is optimized with the Yoast SEO Premium plugin v27.1 (Yoast SEO v27.1.1) - https:\/\/yoast.com\/product\/yoast-seo-premium-wordpress\/ -->\n<title>Fresh From The Source - ManureFetish<\/title>\n<meta name=\"description\" content=\"Fresh From The Source, Franky is looking for Lyndra and finds her in the cowshed, collecting fresh cowshit into a bucket to have some dirty sex with it.\" \/>\n<meta name=\"robots\" content=\"index, follow, max-snippet:-1, max-image-preview:large, max-video-preview:-1\" \/>\n<link rel=\"canonical\" href=\"https:\/\/manurefetish.com\/fr\/shop\/videos\/fresh-from-the-source\/\" \/>\n<meta property=\"og:locale\" content=\"fr_FR\" \/>\n<meta property=\"og:type\" content=\"article\" \/>\n<meta property=\"og:title\" content=\"Fresh From The Source\" \/>\n<meta property=\"og:description\" content=\"Fresh From The Source, Franky is looking for Lyndra and finds her in the cowshed, collecting fresh cowshit into a bucket to have some dirty sex with it.\" \/>\n<meta property=\"og:url\" content=\"https:\/\/manurefetish.com\/fr\/shop\/videos\/fresh-from-the-source\/\" \/>\n<meta property=\"og:site_name\" content=\"ManureFetish\" \/>\n<meta property=\"article:publisher\" content=\"https:\/\/www.facebook.com\/manurefetish\/\" \/>\n<meta property=\"article:modified_time\" content=\"2026-03-24T14:17:24+00:00\" \/>\n<meta property=\"og:image\" content=\"https:\/\/manurefetish.com\/wp-content\/uploads\/2024\/10\/Fresh-From-the-Source.jpg\" \/>\n\t<meta property=\"og:image:width\" content=\"1728\" \/>\n\t<meta property=\"og:image:height\" content=\"576\" \/>\n\t<meta property=\"og:image:type\" content=\"image\/jpeg\" \/>\n<meta name=\"twitter:card\" content=\"summary_large_image\" \/>\n<meta name=\"twitter:site\" content=\"@Manurefetisch\" \/>\n<script type=\"application\/ld+json\" class=\"yoast-schema-graph\">{\"@context\":\"https:\/\/schema.org\",\"@graph\":[{\"@type\":\"WebPage\",\"@id\":\"https:\/\/manurefetish.com\/shop\/videos\/fresh-from-the-source\/\",\"url\":\"https:\/\/manurefetish.com\/shop\/videos\/fresh-from-the-source\/\",\"name\":\"Fresh From The Source - ManureFetish\",\"isPartOf\":{\"@id\":\"https:\/\/manurefetish.com\/#website\"},\"primaryImageOfPage\":{\"@id\":\"https:\/\/manurefetish.com\/shop\/videos\/fresh-from-the-source\/#primaryimage\"},\"image\":{\"@id\":\"https:\/\/manurefetish.com\/shop\/videos\/fresh-from-the-source\/#primaryimage\"},\"thumbnailUrl\":\"https:\/\/manurefetish.b-cdn.net\/wp-content\/uploads\/2024\/10\/Fresh-From-the-Source.jpg\",\"datePublished\":\"2024-10-04T16:00:35+00:00\",\"dateModified\":\"2026-03-24T14:17:24+00:00\",\"description\":\"Fresh From The Source, Franky is looking for Lyndra and finds her in the cowshed, collecting fresh cowshit into a bucket to have some dirty sex with it.\",\"breadcrumb\":{\"@id\":\"https:\/\/manurefetish.com\/shop\/videos\/fresh-from-the-source\/#breadcrumb\"},\"inLanguage\":\"fr-FR\",\"potentialAction\":[{\"@type\":\"ReadAction\",\"target\":[\"https:\/\/manurefetish.com\/shop\/videos\/fresh-from-the-source\/\"]}]},{\"@type\":\"ImageObject\",\"inLanguage\":\"fr-FR\",\"@id\":\"https:\/\/manurefetish.com\/shop\/videos\/fresh-from-the-source\/#primaryimage\",\"url\":\"https:\/\/manurefetish.b-cdn.net\/wp-content\/uploads\/2024\/10\/Fresh-From-the-Source.jpg\",\"contentUrl\":\"https:\/\/manurefetish.b-cdn.net\/wp-content\/uploads\/2024\/10\/Fresh-From-the-Source.jpg\",\"width\":1728,\"height\":576},{\"@type\":\"BreadcrumbList\",\"@id\":\"https:\/\/manurefetish.com\/shop\/videos\/fresh-from-the-source\/#breadcrumb\",\"itemListElement\":[{\"@type\":\"ListItem\",\"position\":1,\"name\":\"Home\",\"item\":\"https:\/\/manurefetish.com\/\"},{\"@type\":\"ListItem\",\"position\":2,\"name\":\"Shop\",\"item\":\"https:\/\/manurefetish.com\/shop\/\"},{\"@type\":\"ListItem\",\"position\":3,\"name\":\"Videos\",\"item\":\"https:\/\/manurefetish.com\/product-category\/videos\/\"},{\"@type\":\"ListItem\",\"position\":4,\"name\":\"Fresh From The Source\"}]},{\"@type\":\"WebSite\",\"@id\":\"https:\/\/manurefetish.com\/#website\",\"url\":\"https:\/\/manurefetish.com\/\",\"name\":\"ManureFetish\",\"description\":\"ManureFetish Shop\",\"publisher\":{\"@id\":\"https:\/\/manurefetish.com\/#organization\"},\"potentialAction\":[{\"@type\":\"SearchAction\",\"target\":{\"@type\":\"EntryPoint\",\"urlTemplate\":\"https:\/\/manurefetish.com\/?s={search_term_string}\"},\"query-input\":{\"@type\":\"PropertyValueSpecification\",\"valueRequired\":true,\"valueName\":\"search_term_string\"}}],\"inLanguage\":\"fr-FR\"},{\"@type\":\"Organization\",\"@id\":\"https:\/\/manurefetish.com\/#organization\",\"name\":\"ManureFetish.com\",\"url\":\"https:\/\/manurefetish.com\/\",\"logo\":{\"@type\":\"ImageObject\",\"inLanguage\":\"fr-FR\",\"@id\":\"https:\/\/manurefetish.com\/#\/schema\/logo\/image\/\",\"url\":\"https:\/\/manurefetish.com\/wp-content\/uploads\/2019\/06\/1000xmanurefetishcom-michaela-logo-website-shop.png\",\"contentUrl\":\"https:\/\/manurefetish.com\/wp-content\/uploads\/2019\/06\/1000xmanurefetishcom-michaela-logo-website-shop.png\",\"width\":1000,\"height\":632,\"caption\":\"ManureFetish.com\"},\"image\":{\"@id\":\"https:\/\/manurefetish.com\/#\/schema\/logo\/image\/\"},\"sameAs\":[\"https:\/\/www.facebook.com\/manurefetish\/\",\"https:\/\/x.com\/Manurefetisch\",\"https:\/\/www.youtube.com\/c\/ManureFetish\"],\"description\":\"We're creating various fetish content with female and male models alike.\",\"foundingDate\":\"2019-07-04\",\"vatID\":\"DE366928521\",\"numberOfEmployees\":{\"@type\":\"QuantitativeValue\",\"minValue\":\"1\",\"maxValue\":\"10\"}}]}<\/script>\n<meta property=\"og:availability\" content=\"instock\" \/>\n<meta property=\"product:availability\" content=\"instock\" \/>\n<meta property=\"product:retailer_item_id\" content=\"MFW-FFTS\" \/>\n<meta property=\"product:condition\" content=\"new\" \/>\n<!-- \/ Yoast SEO Premium plugin. -->","yoast_head_json":{"title":"Tout droit sorti de la source - ManureFetish","description":"Fresh From The Source, Franky cherche Lyndra et la trouve dans l'\u00e9table, en train de recueillir de la bouse de vache fra\u00eeche dans un seau pour avoir des relations sexuelles cochonnes avec elle.","robots":{"index":"index","follow":"follow","max-snippet":"max-snippet:-1","max-image-preview":"max-image-preview:large","max-video-preview":"max-video-preview:-1"},"canonical":"https:\/\/manurefetish.com\/fr\/shop\/videos\/fresh-from-the-source\/","og_locale":"fr_FR","og_type":"article","og_title":"Fresh From The Source","og_description":"Fresh From The Source, Franky is looking for Lyndra and finds her in the cowshed, collecting fresh cowshit into a bucket to have some dirty sex with it.","og_url":"https:\/\/manurefetish.com\/fr\/shop\/videos\/fresh-from-the-source\/","og_site_name":"ManureFetish","article_publisher":"https:\/\/www.facebook.com\/manurefetish\/","article_modified_time":"2026-03-24T14:17:24+00:00","og_image":[{"width":1728,"height":576,"url":"https:\/\/manurefetish.com\/wp-content\/uploads\/2024\/10\/Fresh-From-the-Source.jpg","type":"image\/jpeg"}],"twitter_card":"summary_large_image","twitter_site":"@Manurefetisch","schema":{"@context":"https:\/\/schema.org","@graph":[{"@type":"WebPage","@id":"https:\/\/manurefetish.com\/shop\/videos\/fresh-from-the-source\/","url":"https:\/\/manurefetish.com\/shop\/videos\/fresh-from-the-source\/","name":"Tout droit sorti de la source - ManureFetish","isPartOf":{"@id":"https:\/\/manurefetish.com\/#website"},"primaryImageOfPage":{"@id":"https:\/\/manurefetish.com\/shop\/videos\/fresh-from-the-source\/#primaryimage"},"image":{"@id":"https:\/\/manurefetish.com\/shop\/videos\/fresh-from-the-source\/#primaryimage"},"thumbnailUrl":"https:\/\/manurefetish.b-cdn.net\/wp-content\/uploads\/2024\/10\/Fresh-From-the-Source.jpg","datePublished":"2024-10-04T16:00:35+00:00","dateModified":"2026-03-24T14:17:24+00:00","description":"Fresh From The Source, Franky cherche Lyndra et la trouve dans l'\u00e9table, en train de recueillir de la bouse de vache fra\u00eeche dans un seau pour avoir des relations sexuelles cochonnes avec elle.","breadcrumb":{"@id":"https:\/\/manurefetish.com\/shop\/videos\/fresh-from-the-source\/#breadcrumb"},"inLanguage":"fr-FR","potentialAction":[{"@type":"ReadAction","target":["https:\/\/manurefetish.com\/shop\/videos\/fresh-from-the-source\/"]}]},{"@type":"ImageObject","inLanguage":"fr-FR","@id":"https:\/\/manurefetish.com\/shop\/videos\/fresh-from-the-source\/#primaryimage","url":"https:\/\/manurefetish.b-cdn.net\/wp-content\/uploads\/2024\/10\/Fresh-From-the-Source.jpg","contentUrl":"https:\/\/manurefetish.b-cdn.net\/wp-content\/uploads\/2024\/10\/Fresh-From-the-Source.jpg","width":1728,"height":576},{"@type":"BreadcrumbList","@id":"https:\/\/manurefetish.com\/shop\/videos\/fresh-from-the-source\/#breadcrumb","itemListElement":[{"@type":"ListItem","position":1,"name":"Home","item":"https:\/\/manurefetish.com\/"},{"@type":"ListItem","position":2,"name":"Shop","item":"https:\/\/manurefetish.com\/shop\/"},{"@type":"ListItem","position":3,"name":"Videos","item":"https:\/\/manurefetish.com\/product-category\/videos\/"},{"@type":"ListItem","position":4,"name":"Fresh From The Source"}]},{"@type":"WebSite","@id":"https:\/\/manurefetish.com\/#website","url":"https:\/\/manurefetish.com\/","name":"ManureFetish","description":"ManureFetish Shop","publisher":{"@id":"https:\/\/manurefetish.com\/#organization"},"potentialAction":[{"@type":"SearchAction","target":{"@type":"EntryPoint","urlTemplate":"https:\/\/manurefetish.com\/?s={search_term_string}"},"query-input":{"@type":"PropertyValueSpecification","valueRequired":true,"valueName":"search_term_string"}}],"inLanguage":"fr-FR"},{"@type":"Organization","@id":"https:\/\/manurefetish.com\/#organization","name":"ManureFetish.com","url":"https:\/\/manurefetish.com\/","logo":{"@type":"ImageObject","inLanguage":"fr-FR","@id":"https:\/\/manurefetish.com\/#\/schema\/logo\/image\/","url":"https:\/\/manurefetish.com\/wp-content\/uploads\/2019\/06\/1000xmanurefetishcom-michaela-logo-website-shop.png","contentUrl":"https:\/\/manurefetish.com\/wp-content\/uploads\/2019\/06\/1000xmanurefetishcom-michaela-logo-website-shop.png","width":1000,"height":632,"caption":"ManureFetish.com"},"image":{"@id":"https:\/\/manurefetish.com\/#\/schema\/logo\/image\/"},"sameAs":["https:\/\/www.facebook.com\/manurefetish\/","https:\/\/x.com\/Manurefetisch","https:\/\/www.youtube.com\/c\/ManureFetish"],"description":"Nous cr\u00e9ons divers contenus f\u00e9tichistes avec des mod\u00e8les f\u00e9minins et masculins.","foundingDate":"2019-07-04","vatID":"DE366928521","numberOfEmployees":{"@type":"QuantitativeValue","minValue":"1","maxValue":"10"}}]},"og_availability":"instock","product_availability":"instock","product_retailer_item_id":"MFW-FFTS","product_condition":"new"},"_links":{"self":[{"href":"https:\/\/manurefetish.com\/fr\/wp-json\/wp\/v2\/product\/147374","targetHints":{"allow":["GET"]}}],"collection":[{"href":"https:\/\/manurefetish.com\/fr\/wp-json\/wp\/v2\/product"}],"about":[{"href":"https:\/\/manurefetish.com\/fr\/wp-json\/wp\/v2\/types\/product"}],"replies":[{"embeddable":true,"href":"https:\/\/manurefetish.com\/fr\/wp-json\/wp\/v2\/comments?post=147374"}],"version-history":[{"count":0,"href":"https:\/\/manurefetish.com\/fr\/wp-json\/wp\/v2\/product\/147374\/revisions"}],"wp:featuredmedia":[{"embeddable":true,"href":"https:\/\/manurefetish.com\/fr\/wp-json\/wp\/v2\/media\/199259"}],"wp:attachment":[{"href":"https:\/\/manurefetish.com\/fr\/wp-json\/wp\/v2\/media?parent=147374"}],"wp:term":[{"taxonomy":"product_brand","embeddable":true,"href":"https:\/\/manurefetish.com\/fr\/wp-json\/wp\/v2\/product_brand?post=147374"},{"taxonomy":"product_cat","embeddable":true,"href":"https:\/\/manurefetish.com\/fr\/wp-json\/wp\/v2\/product_cat?post=147374"},{"taxonomy":"product_tag","embeddable":true,"href":"https:\/\/manurefetish.com\/fr\/wp-json\/wp\/v2\/product_tag?post=147374"}],"curies":[{"name":"wp","href":"https:\/\/api.w.org\/{rel}","templated":true}]}}