{"id":147222,"date":"2024-11-07T19:00:01","date_gmt":"2024-11-07T18:00:01","guid":{"rendered":"https:\/\/manurefetish.com\/?post_type=product&#038;p=147222"},"modified":"2026-03-24T15:16:41","modified_gmt":"2026-03-24T14:16:41","slug":"stationed-in-the-cowshed","status":"publish","type":"product","link":"https:\/\/manurefetish.com\/fr\/shop\/videos\/stationed-in-the-cowshed\/","title":{"rendered":"En poste dans l'\u00e9table"},"content":{"rendered":"<p>Lyndra Lynn est en poste dans une ferme, mais elle n'a rien \u00e0 y faire. La seule chose est de se masturber dans sa chambre, mais c'est devenu ennuyeux au bout de quelques jours. Elle cherche donc quelque chose de plus excitant, elle entre dans l'\u00e9table et trouve un endroit vraiment sale, la bouse de vache est l\u00e0 partout. Alors elle fait quelques pas et aime la sensation de la merde cr\u00e9meuse. Elle commence \u00e0 s'agenouiller et \u00e0 se couvrir petit \u00e0 petit. Il ne lui faut pas longtemps pour s'exciter et il semble que cela pourrait \u00eatre la nouvelle chose pr\u00e9f\u00e9r\u00e9e de Lyndras pour se masturber. Plus elle se salit, plus elle est excit\u00e9e, alors qu'elle rampe dans la bouse de vache et couvre son corps sexy. Elle commence \u00e0 sucer le gode puis \u00e0 le chevaucher pendant que la merde d\u00e9gouline de son corps. Lyndra adore la salet\u00e9 et son odeur, alors elle d\u00e9cide d'aller plus loin. Elle arrive au canal du fumier et s'y glisse lentement. Elle est presque compl\u00e8tement engloutie dans la bouse de vache. Elle remonte juste pour attraper son jouet, afin de pouvoir y retourner directement, pour se baiser \u00e0 fond.<\/p>","protected":false},"excerpt":{"rendered":"<p>Lyndra Lynn is stationed at a farm, but she has nothing to do there. The only thing is masturbating in her room, but that got boring after a few days. So she\u2019s looking for something more exciting, she walks into the cowshed and finds a really dirty spot, the cowshit is there all over the [&hellip;]<\/p>\n","protected":false},"featured_media":199250,"comment_status":"open","ping_status":"closed","template":"","meta":{"_acf_changed":false,"site-sidebar-layout":"default","site-content-layout":"","ast-site-content-layout":"default","site-content-style":"default","site-sidebar-style":"default","ast-global-header-display":"","ast-banner-title-visibility":"","ast-main-header-display":"","ast-hfb-above-header-display":"","ast-hfb-below-header-display":"","ast-hfb-mobile-header-display":"","site-post-title":"","ast-breadcrumbs-content":"","ast-featured-img":"","footer-sml-layout":"","ast-disable-related-posts":"","theme-transparent-header-meta":"default","adv-header-id-meta":"","stick-header-meta":"","header-above-stick-meta":"","header-main-stick-meta":"","header-below-stick-meta":"","astra-migrate-meta-layouts":"set","ast-page-background-enabled":"default","ast-page-background-meta":{"desktop":{"background-color":"var(--ast-global-color-4)","background-image":"","background-repeat":"repeat","background-position":"center center","background-size":"auto","background-attachment":"scroll","background-type":"","background-media":"","overlay-type":"","overlay-color":"","overlay-opacity":"","overlay-gradient":""},"tablet":{"background-color":"","background-image":"","background-repeat":"repeat","background-position":"center center","background-size":"auto","background-attachment":"scroll","background-type":"","background-media":"","overlay-type":"","overlay-color":"","overlay-opacity":"","overlay-gradient":""},"mobile":{"background-color":"","background-image":"","background-repeat":"repeat","background-position":"center center","background-size":"auto","background-attachment":"scroll","background-type":"","background-media":"","overlay-type":"","overlay-color":"","overlay-opacity":"","overlay-gradient":""}},"ast-content-background-meta":{"desktop":{"background-color":"var(--ast-global-color-5)","background-image":"","background-repeat":"repeat","background-position":"center center","background-size":"auto","background-attachment":"scroll","background-type":"","background-media":"","overlay-type":"","overlay-color":"","overlay-opacity":"","overlay-gradient":""},"tablet":{"background-color":"var(--ast-global-color-5)","background-image":"","background-repeat":"repeat","background-position":"center center","background-size":"auto","background-attachment":"scroll","background-type":"","background-media":"","overlay-type":"","overlay-color":"","overlay-opacity":"","overlay-gradient":""},"mobile":{"background-color":"var(--ast-global-color-5)","background-image":"","background-repeat":"repeat","background-position":"center center","background-size":"auto","background-attachment":"scroll","background-type":"","background-media":"","overlay-type":"","overlay-color":"","overlay-opacity":"","overlay-gradient":""}}},"product_brand":[],"product_cat":[4470],"product_tag":[4196,4347,317,318,2632,118,3830,316,3030,2513,20,334,3523,2552,2419,2841,18,2285,2206,2629,3174,65,35,2971,2482,3591,32,4199,2650,4482,24,2832,29,4342,2368,3233],"class_list":{"0":"post-147222","1":"product","2":"type-product","3":"status-publish","4":"has-post-thumbnail","6":"product_cat-videos","7":"product_tag-animal-scat","8":"product_tag-army","9":"product_tag-asshole","10":"product_tag-boobs","11":"product_tag-bra","12":"product_tag-cowshed","13":"product_tag-cowshit","14":"product_tag-cunt","15":"product_tag-download","16":"product_tag-dress","17":"product_tag-dung","18":"product_tag-eating","19":"product_tag-fingering","20":"product_tag-fucking","21":"product_tag-full-hd","22":"product_tag-lyndra-lynn","23":"product_tag-manure","24":"product_tag-masturbate","25":"product_tag-masturbation","26":"product_tag-messy","27":"product_tag-missionary","28":"product_tag-naked","29":"product_tag-orgasm","30":"product_tag-pee","31":"product_tag-peeing","32":"product_tag-public","33":"product_tag-pussy","34":"product_tag-season-5","35":"product_tag-sensual","36":"product_tag-sex-in-cowshit","37":"product_tag-slurry","38":"product_tag-smearing","39":"product_tag-submerging","40":"product_tag-toy","41":"product_tag-ultra-hd","42":"product_tag-waifu","43":"pa_length-41-minutes","44":"pa_product-type-digital-download-full-hd-video","45":"pa_product-type-digital-download-ultra-hd-video","46":"pa_product-type-usb-stick","47":"pa_video-info-full-hd-1920x1080p","48":"pa_video-info-ultra-hd-4k","49":"desktop-align-center","50":"tablet-align-left","51":"mobile-align-left","53":"first","54":"instock","55":"shipping-taxable","56":"purchasable","57":"product-type-variable"},"exclude_global_add_ons":[],"addons":[],"acf":[],"yoast_head":"<!-- This site is optimized with the Yoast SEO Premium plugin v27.1 (Yoast SEO v27.1.1) - https:\/\/yoast.com\/product\/yoast-seo-premium-wordpress\/ -->\n<title>Stationed In The Cowshed - ManureFetish<\/title>\n<meta name=\"description\" content=\"Stationed In The Cowshed, Lyndra Lynn is bored and looks for new ways to masturbate. She finds a really creamy place with cowshit.\" \/>\n<meta name=\"robots\" content=\"index, follow, max-snippet:-1, max-image-preview:large, max-video-preview:-1\" \/>\n<link rel=\"canonical\" href=\"https:\/\/manurefetish.com\/fr\/shop\/videos\/stationed-in-the-cowshed\/\" \/>\n<meta name=\"twitter:card\" content=\"summary_large_image\" \/>\n<meta name=\"twitter:title\" content=\"Stationed In The Cowshed - ManureFetish\" \/>\n<meta name=\"twitter:description\" content=\"Stationed In The Cowshed, Lyndra Lynn is bored and looks for new ways to masturbate. She finds a really creamy place with cowshit.\" \/>\n<meta name=\"twitter:image\" content=\"https:\/\/manurefetish.b-cdn.net\/wp-content\/uploads\/2024\/11\/Lyndra-Lynn-Stationed-In-the-COwshed-1.jpg\" \/>\n<meta name=\"twitter:site\" content=\"@Manurefetisch\" \/>\n<script type=\"application\/ld+json\" class=\"yoast-schema-graph\">{\"@context\":\"https:\/\/schema.org\",\"@graph\":[{\"@type\":\"WebPage\",\"@id\":\"https:\/\/manurefetish.com\/shop\/videos\/stationed-in-the-cowshed\/\",\"url\":\"https:\/\/manurefetish.com\/shop\/videos\/stationed-in-the-cowshed\/\",\"name\":\"Stationed In The Cowshed - ManureFetish\",\"isPartOf\":{\"@id\":\"https:\/\/de.manurefetish.com\/#website\"},\"primaryImageOfPage\":{\"@id\":\"https:\/\/manurefetish.com\/shop\/videos\/stationed-in-the-cowshed\/#primaryimage\"},\"image\":{\"@id\":\"https:\/\/manurefetish.com\/shop\/videos\/stationed-in-the-cowshed\/#primaryimage\"},\"thumbnailUrl\":\"https:\/\/manurefetish.b-cdn.net\/wp-content\/uploads\/2024\/11\/Lyndra-Lynn-Stationed-In-the-COwshed-1.jpg\",\"datePublished\":\"2024-11-07T18:00:01+00:00\",\"dateModified\":\"2026-03-24T14:16:41+00:00\",\"description\":\"Stationed In The Cowshed, Lyndra Lynn is bored and looks for new ways to masturbate. She finds a really creamy place with cowshit.\",\"breadcrumb\":{\"@id\":\"https:\/\/manurefetish.com\/shop\/videos\/stationed-in-the-cowshed\/#breadcrumb\"},\"inLanguage\":\"fr-FR\",\"potentialAction\":[{\"@type\":\"ReadAction\",\"target\":[\"https:\/\/manurefetish.com\/shop\/videos\/stationed-in-the-cowshed\/\"]}]},{\"@type\":\"ImageObject\",\"inLanguage\":\"fr-FR\",\"@id\":\"https:\/\/manurefetish.com\/shop\/videos\/stationed-in-the-cowshed\/#primaryimage\",\"url\":\"https:\/\/manurefetish.b-cdn.net\/wp-content\/uploads\/2024\/11\/Lyndra-Lynn-Stationed-In-the-COwshed-1.jpg\",\"contentUrl\":\"https:\/\/manurefetish.b-cdn.net\/wp-content\/uploads\/2024\/11\/Lyndra-Lynn-Stationed-In-the-COwshed-1.jpg\",\"width\":1728,\"height\":576},{\"@type\":\"BreadcrumbList\",\"@id\":\"https:\/\/manurefetish.com\/shop\/videos\/stationed-in-the-cowshed\/#breadcrumb\",\"itemListElement\":[{\"@type\":\"ListItem\",\"position\":1,\"name\":\"Home\",\"item\":\"https:\/\/manurefetish.com\/\"},{\"@type\":\"ListItem\",\"position\":2,\"name\":\"Shop\",\"item\":\"https:\/\/manurefetish.com\/shop\/\"},{\"@type\":\"ListItem\",\"position\":3,\"name\":\"Videos\",\"item\":\"https:\/\/manurefetish.com\/product-category\/videos\/\"},{\"@type\":\"ListItem\",\"position\":4,\"name\":\"Stationed In The Cowshed\"}]},{\"@type\":\"WebSite\",\"@id\":\"https:\/\/de.manurefetish.com\/#website\",\"url\":\"https:\/\/de.manurefetish.com\/\",\"name\":\"ManureFetish\",\"description\":\"ManureFetish Shop\",\"publisher\":{\"@id\":\"https:\/\/de.manurefetish.com\/#organization\"},\"potentialAction\":[{\"@type\":\"SearchAction\",\"target\":{\"@type\":\"EntryPoint\",\"urlTemplate\":\"https:\/\/de.manurefetish.com\/?s={search_term_string}\"},\"query-input\":{\"@type\":\"PropertyValueSpecification\",\"valueRequired\":true,\"valueName\":\"search_term_string\"}}],\"inLanguage\":\"fr-FR\"},{\"@type\":\"Organization\",\"@id\":\"https:\/\/de.manurefetish.com\/#organization\",\"name\":\"ManureFetish.com\",\"url\":\"https:\/\/de.manurefetish.com\/\",\"logo\":{\"@type\":\"ImageObject\",\"inLanguage\":\"fr-FR\",\"@id\":\"https:\/\/de.manurefetish.com\/#\/schema\/logo\/image\/\",\"url\":\"https:\/\/manurefetish.com\/wp-content\/uploads\/2019\/06\/1000xmanurefetishcom-michaela-logo-website-shop.png\",\"contentUrl\":\"https:\/\/manurefetish.com\/wp-content\/uploads\/2019\/06\/1000xmanurefetishcom-michaela-logo-website-shop.png\",\"width\":1000,\"height\":632,\"caption\":\"ManureFetish.com\"},\"image\":{\"@id\":\"https:\/\/de.manurefetish.com\/#\/schema\/logo\/image\/\"},\"sameAs\":[\"https:\/\/www.facebook.com\/manurefetish\/\",\"https:\/\/x.com\/Manurefetisch\",\"https:\/\/www.youtube.com\/c\/ManureFetish\"],\"description\":\"We're creating various fetish content with female and male models alike.\",\"foundingDate\":\"2019-07-04\",\"vatID\":\"DE366928521\",\"numberOfEmployees\":{\"@type\":\"QuantitativeValue\",\"minValue\":\"1\",\"maxValue\":\"10\"}}]}<\/script>\n<meta property=\"og:availability\" content=\"instock\" \/>\n<meta property=\"product:availability\" content=\"instock\" \/>\n<meta property=\"product:retailer_item_id\" content=\"MFW-SITCS\" \/>\n<meta property=\"product:condition\" content=\"new\" \/>\n<!-- \/ Yoast SEO Premium plugin. -->","yoast_head_json":{"title":"En poste dans l'\u00e9table - ManureFetish","description":"Stationn\u00e9e dans l'\u00e9table, Lyndra Lynn s'ennuie et cherche de nouvelles fa\u00e7ons de se masturber. Elle trouve un endroit vraiment cr\u00e9meux avec de la bouse de vache.","robots":{"index":"index","follow":"follow","max-snippet":"max-snippet:-1","max-image-preview":"max-image-preview:large","max-video-preview":"max-video-preview:-1"},"canonical":"https:\/\/manurefetish.com\/fr\/shop\/videos\/stationed-in-the-cowshed\/","twitter_card":"summary_large_image","twitter_title":"Stationed In The Cowshed - ManureFetish","twitter_description":"Stationed In The Cowshed, Lyndra Lynn is bored and looks for new ways to masturbate. She finds a really creamy place with cowshit.","twitter_image":"https:\/\/manurefetish.b-cdn.net\/wp-content\/uploads\/2024\/11\/Lyndra-Lynn-Stationed-In-the-COwshed-1.jpg","twitter_site":"@Manurefetisch","schema":{"@context":"https:\/\/schema.org","@graph":[{"@type":"WebPage","@id":"https:\/\/manurefetish.com\/shop\/videos\/stationed-in-the-cowshed\/","url":"https:\/\/manurefetish.com\/shop\/videos\/stationed-in-the-cowshed\/","name":"En poste dans l'\u00e9table - ManureFetish","isPartOf":{"@id":"https:\/\/de.manurefetish.com\/#website"},"primaryImageOfPage":{"@id":"https:\/\/manurefetish.com\/shop\/videos\/stationed-in-the-cowshed\/#primaryimage"},"image":{"@id":"https:\/\/manurefetish.com\/shop\/videos\/stationed-in-the-cowshed\/#primaryimage"},"thumbnailUrl":"https:\/\/manurefetish.b-cdn.net\/wp-content\/uploads\/2024\/11\/Lyndra-Lynn-Stationed-In-the-COwshed-1.jpg","datePublished":"2024-11-07T18:00:01+00:00","dateModified":"2026-03-24T14:16:41+00:00","description":"Stationn\u00e9e dans l'\u00e9table, Lyndra Lynn s'ennuie et cherche de nouvelles fa\u00e7ons de se masturber. Elle trouve un endroit vraiment cr\u00e9meux avec de la bouse de vache.","breadcrumb":{"@id":"https:\/\/manurefetish.com\/shop\/videos\/stationed-in-the-cowshed\/#breadcrumb"},"inLanguage":"fr-FR","potentialAction":[{"@type":"ReadAction","target":["https:\/\/manurefetish.com\/shop\/videos\/stationed-in-the-cowshed\/"]}]},{"@type":"ImageObject","inLanguage":"fr-FR","@id":"https:\/\/manurefetish.com\/shop\/videos\/stationed-in-the-cowshed\/#primaryimage","url":"https:\/\/manurefetish.b-cdn.net\/wp-content\/uploads\/2024\/11\/Lyndra-Lynn-Stationed-In-the-COwshed-1.jpg","contentUrl":"https:\/\/manurefetish.b-cdn.net\/wp-content\/uploads\/2024\/11\/Lyndra-Lynn-Stationed-In-the-COwshed-1.jpg","width":1728,"height":576},{"@type":"BreadcrumbList","@id":"https:\/\/manurefetish.com\/shop\/videos\/stationed-in-the-cowshed\/#breadcrumb","itemListElement":[{"@type":"ListItem","position":1,"name":"Home","item":"https:\/\/manurefetish.com\/"},{"@type":"ListItem","position":2,"name":"Shop","item":"https:\/\/manurefetish.com\/shop\/"},{"@type":"ListItem","position":3,"name":"Videos","item":"https:\/\/manurefetish.com\/product-category\/videos\/"},{"@type":"ListItem","position":4,"name":"Stationed In The Cowshed"}]},{"@type":"WebSite","@id":"https:\/\/de.manurefetish.com\/#website","url":"https:\/\/de.manurefetish.com\/","name":"ManureFetish","description":"ManureFetish Shop","publisher":{"@id":"https:\/\/de.manurefetish.com\/#organization"},"potentialAction":[{"@type":"SearchAction","target":{"@type":"EntryPoint","urlTemplate":"https:\/\/de.manurefetish.com\/?s={search_term_string}"},"query-input":{"@type":"PropertyValueSpecification","valueRequired":true,"valueName":"search_term_string"}}],"inLanguage":"fr-FR"},{"@type":"Organization","@id":"https:\/\/de.manurefetish.com\/#organization","name":"ManureFetish.com","url":"https:\/\/de.manurefetish.com\/","logo":{"@type":"ImageObject","inLanguage":"fr-FR","@id":"https:\/\/de.manurefetish.com\/#\/schema\/logo\/image\/","url":"https:\/\/manurefetish.com\/wp-content\/uploads\/2019\/06\/1000xmanurefetishcom-michaela-logo-website-shop.png","contentUrl":"https:\/\/manurefetish.com\/wp-content\/uploads\/2019\/06\/1000xmanurefetishcom-michaela-logo-website-shop.png","width":1000,"height":632,"caption":"ManureFetish.com"},"image":{"@id":"https:\/\/de.manurefetish.com\/#\/schema\/logo\/image\/"},"sameAs":["https:\/\/www.facebook.com\/manurefetish\/","https:\/\/x.com\/Manurefetisch","https:\/\/www.youtube.com\/c\/ManureFetish"],"description":"Nous cr\u00e9ons divers contenus f\u00e9tichistes avec des mod\u00e8les f\u00e9minins et masculins.","foundingDate":"2019-07-04","vatID":"DE366928521","numberOfEmployees":{"@type":"QuantitativeValue","minValue":"1","maxValue":"10"}}]},"og_availability":"instock","product_availability":"instock","product_retailer_item_id":"MFW-SITCS","product_condition":"new"},"_links":{"self":[{"href":"https:\/\/manurefetish.com\/fr\/wp-json\/wp\/v2\/product\/147222","targetHints":{"allow":["GET"]}}],"collection":[{"href":"https:\/\/manurefetish.com\/fr\/wp-json\/wp\/v2\/product"}],"about":[{"href":"https:\/\/manurefetish.com\/fr\/wp-json\/wp\/v2\/types\/product"}],"replies":[{"embeddable":true,"href":"https:\/\/manurefetish.com\/fr\/wp-json\/wp\/v2\/comments?post=147222"}],"version-history":[{"count":0,"href":"https:\/\/manurefetish.com\/fr\/wp-json\/wp\/v2\/product\/147222\/revisions"}],"wp:featuredmedia":[{"embeddable":true,"href":"https:\/\/manurefetish.com\/fr\/wp-json\/wp\/v2\/media\/199250"}],"wp:attachment":[{"href":"https:\/\/manurefetish.com\/fr\/wp-json\/wp\/v2\/media?parent=147222"}],"wp:term":[{"taxonomy":"product_brand","embeddable":true,"href":"https:\/\/manurefetish.com\/fr\/wp-json\/wp\/v2\/product_brand?post=147222"},{"taxonomy":"product_cat","embeddable":true,"href":"https:\/\/manurefetish.com\/fr\/wp-json\/wp\/v2\/product_cat?post=147222"},{"taxonomy":"product_tag","embeddable":true,"href":"https:\/\/manurefetish.com\/fr\/wp-json\/wp\/v2\/product_tag?post=147222"}],"curies":[{"name":"wp","href":"https:\/\/api.w.org\/{rel}","templated":true}]}}