{"id":144264,"date":"2024-08-19T12:35:31","date_gmt":"2024-08-19T10:35:31","guid":{"rendered":"https:\/\/manurefetish.com\/?post_type=product&#038;p=144264"},"modified":"2026-03-24T15:17:46","modified_gmt":"2026-03-24T14:17:46","slug":"cowshed-pyjama-party","status":"publish","type":"product","link":"https:\/\/manurefetish.com\/fr\/shop\/videos\/cowshed-pyjama-party\/","title":{"rendered":"Cowshed Pyjama Party"},"content":{"rendered":"<p>Anjel, Brooke et Lyndra se sont retrouv\u00e9es pour une pyjama party \u00e0 la ferme, mais Lyndra voulait que ce soit un peu plus int\u00e9ressant et leur a propos\u00e9 de dormir toutes les trois dans l'\u00e9table. Elles sont donc all\u00e9es \u00e0 l'\u00e9table avec leurs oreillers et leurs couvertures.<br \/>\nLyndra voulait passer le temps jusqu'au soir et toutes les trois ont commenc\u00e9 une bataille d'oreillers, qui a d\u00e9g\u00e9n\u00e9r\u00e9 lorsque Lyndra a attrap\u00e9 du cowshit et l'a jet\u00e9 sur Brooke. La situation s'est rapidement aggrav\u00e9e car Anjel et Brooke se sont jointes \u00e0 la bataille de cowshit. Les trois filles se sont salies, et c'est alors que Lyndra a d\u00e9cid\u00e9 d'\u00eatre encore plus sale et a saut\u00e9 dans le canal manure. Anjel et Brooke l'ont rejointe dans le canal manure. Couvertes de merde cr\u00e9meuse, les trois filles sont devenues tr\u00e8s sensuelles et excitantes, et elles ont commenc\u00e9 \u00e0 se couvrir mutuellement de cowshit de plus en plus. Lyndra sort un joli gode \u00e0 double face et un plus petit pour Brooke. Maintenant, toutes les trois sucent les godes tout en \u00e9tant plong\u00e9es dans le canal manure. Toutes les trois ont vraiment appr\u00e9ci\u00e9 leur temps de jeu sensuel et sexy dans l'\u00e9table. Alors que chacune des filles devient plus d\u00e9sordonn\u00e9e et encore plus excit\u00e9e. Elles commencent \u00e0 se masturber, \u00e0 se l\u00e9cher la chatte et \u00e0 s'amuser ensemble.<\/p>","protected":false},"excerpt":{"rendered":"<p>Anjel, Brooke and Lyndra got together for a pyjama party at the farm, however Lyndra wanted it to be a bit more interesting and said that all three of them could sleep in the cowshed instead. So they went over to the cowshed with their pillows and blankets. Lyndra wanted to pass some time till [&hellip;]<\/p>\n","protected":false},"featured_media":199264,"comment_status":"open","ping_status":"closed","template":"","meta":{"_acf_changed":false,"site-sidebar-layout":"default","site-content-layout":"","ast-site-content-layout":"default","site-content-style":"default","site-sidebar-style":"default","ast-global-header-display":"","ast-banner-title-visibility":"","ast-main-header-display":"","ast-hfb-above-header-display":"","ast-hfb-below-header-display":"","ast-hfb-mobile-header-display":"","site-post-title":"","ast-breadcrumbs-content":"","ast-featured-img":"","footer-sml-layout":"","ast-disable-related-posts":"","theme-transparent-header-meta":"default","adv-header-id-meta":"","stick-header-meta":"","header-above-stick-meta":"","header-main-stick-meta":"","header-below-stick-meta":"","astra-migrate-meta-layouts":"set","ast-page-background-enabled":"default","ast-page-background-meta":{"desktop":{"background-color":"var(--ast-global-color-4)","background-image":"","background-repeat":"repeat","background-position":"center center","background-size":"auto","background-attachment":"scroll","background-type":"","background-media":"","overlay-type":"","overlay-color":"","overlay-opacity":"","overlay-gradient":""},"tablet":{"background-color":"","background-image":"","background-repeat":"repeat","background-position":"center center","background-size":"auto","background-attachment":"scroll","background-type":"","background-media":"","overlay-type":"","overlay-color":"","overlay-opacity":"","overlay-gradient":""},"mobile":{"background-color":"","background-image":"","background-repeat":"repeat","background-position":"center center","background-size":"auto","background-attachment":"scroll","background-type":"","background-media":"","overlay-type":"","overlay-color":"","overlay-opacity":"","overlay-gradient":""}},"ast-content-background-meta":{"desktop":{"background-color":"var(--ast-global-color-5)","background-image":"","background-repeat":"repeat","background-position":"center center","background-size":"auto","background-attachment":"scroll","background-type":"","background-media":"","overlay-type":"","overlay-color":"","overlay-opacity":"","overlay-gradient":""},"tablet":{"background-color":"var(--ast-global-color-5)","background-image":"","background-repeat":"repeat","background-position":"center center","background-size":"auto","background-attachment":"scroll","background-type":"","background-media":"","overlay-type":"","overlay-color":"","overlay-opacity":"","overlay-gradient":""},"mobile":{"background-color":"var(--ast-global-color-5)","background-image":"","background-repeat":"repeat","background-position":"center center","background-size":"auto","background-attachment":"scroll","background-type":"","background-media":"","overlay-type":"","overlay-color":"","overlay-opacity":"","overlay-gradient":""}}},"product_brand":[],"product_cat":[4470],"product_tag":[4300,17,4196,317,318,3952,2551,2621,118,3830,316,64,3933,3030,20,2624,3523,4139,2419,2707,4305,2841,18,4301,4302,2285,2206,2629,3174,65,35,32,3583,3540,4199,2650,4482,4299,24,2832,29,4280,2784,4282,4281,2368],"class_list":{"0":"post-144264","1":"product","2":"type-product","3":"status-publish","4":"has-post-thumbnail","6":"product_cat-videos","7":"product_tag-alt-anjel","8":"product_tag-anal","9":"product_tag-animal-scat","10":"product_tag-asshole","11":"product_tag-boobs","12":"product_tag-brooke-maddison","13":"product_tag-couple","14":"product_tag-cow-dung","15":"product_tag-cowshed","16":"product_tag-cowshit","17":"product_tag-cunt","18":"product_tag-dildo","19":"product_tag-doggystyle","20":"product_tag-download","21":"product_tag-dung","22":"product_tag-farm","23":"product_tag-fingering","24":"product_tag-first-time","25":"product_tag-full-hd","26":"product_tag-lesbian","27":"product_tag-lesbian-threesome","28":"product_tag-lyndra-lynn","29":"product_tag-manure","30":"product_tag-maria-anjel","31":"product_tag-maria-anjel-auction","32":"product_tag-masturbate","33":"product_tag-masturbation","34":"product_tag-messy","35":"product_tag-missionary","36":"product_tag-naked","37":"product_tag-orgasm","38":"product_tag-pussy","39":"product_tag-pyjama","40":"product_tag-scissoring","41":"product_tag-season-5","42":"product_tag-sensual","43":"product_tag-sex-in-cowshit","44":"product_tag-sleepover","45":"product_tag-slurry","46":"product_tag-smearing","47":"product_tag-submerging","48":"product_tag-sucking","49":"product_tag-threesome","50":"product_tag-toe-licking","51":"product_tag-toes","52":"product_tag-ultra-hd","53":"pa_length-51-minutes","54":"pa_product-type-digital-download-full-hd-video","55":"pa_product-type-digital-download-ultra-hd-video","56":"pa_product-type-usb-stick","57":"pa_video-info-full-hd-1920x1080p","58":"pa_video-info-ultra-hd-4k","59":"desktop-align-center","60":"tablet-align-left","61":"mobile-align-left","63":"first","64":"instock","65":"shipping-taxable","66":"purchasable","67":"product-type-variable"},"exclude_global_add_ons":[],"addons":[],"acf":[],"yoast_head":"<!-- This site is optimized with the Yoast SEO Premium plugin v27.1 (Yoast SEO v27.1.1) - https:\/\/yoast.com\/product\/yoast-seo-premium-wordpress\/ -->\n<title>Cowshed Pyjama Party - ManureFetish<\/title>\n<meta name=\"description\" content=\"Cowshed Pyjama Party, with Maria Anjel, Brooke Maddison and Lyndra Lynn together in lots of creamy cowshit and some very sexy fun.\" \/>\n<meta name=\"robots\" content=\"index, follow, max-snippet:-1, max-image-preview:large, max-video-preview:-1\" \/>\n<link rel=\"canonical\" href=\"https:\/\/manurefetish.com\/fr\/shop\/videos\/cowshed-pyjama-party\/\" \/>\n<meta property=\"og:locale\" content=\"fr_FR\" \/>\n<meta property=\"og:type\" content=\"article\" \/>\n<meta property=\"og:title\" content=\"Cowshed Pyjama Party\" \/>\n<meta property=\"og:description\" content=\"Cowshed Pyjama Party, with Maria Anjel, Brooke Maddison and Lyndra Lynn together in lots of creamy cowshit and some very sexy fun.\" \/>\n<meta property=\"og:url\" content=\"https:\/\/manurefetish.com\/fr\/shop\/videos\/cowshed-pyjama-party\/\" \/>\n<meta property=\"og:site_name\" content=\"ManureFetish\" \/>\n<meta property=\"article:publisher\" content=\"https:\/\/www.facebook.com\/manurefetish\/\" \/>\n<meta property=\"article:modified_time\" content=\"2026-03-24T14:17:46+00:00\" \/>\n<meta property=\"og:image\" content=\"https:\/\/manurefetish.com\/wp-content\/uploads\/2024\/08\/Cowshed-Pyjama-Party-2.jpg\" \/>\n\t<meta property=\"og:image:width\" content=\"1728\" \/>\n\t<meta property=\"og:image:height\" content=\"576\" \/>\n\t<meta property=\"og:image:type\" content=\"image\/jpeg\" \/>\n<meta name=\"twitter:card\" content=\"summary_large_image\" \/>\n<meta name=\"twitter:site\" content=\"@Manurefetisch\" \/>\n<script type=\"application\/ld+json\" class=\"yoast-schema-graph\">{\"@context\":\"https:\/\/schema.org\",\"@graph\":[{\"@type\":\"WebPage\",\"@id\":\"https:\/\/manurefetish.com\/shop\/videos\/cowshed-pyjama-party\/\",\"url\":\"https:\/\/manurefetish.com\/shop\/videos\/cowshed-pyjama-party\/\",\"name\":\"Cowshed Pyjama Party - ManureFetish\",\"isPartOf\":{\"@id\":\"https:\/\/manurefetish.com\/#website\"},\"primaryImageOfPage\":{\"@id\":\"https:\/\/manurefetish.com\/shop\/videos\/cowshed-pyjama-party\/#primaryimage\"},\"image\":{\"@id\":\"https:\/\/manurefetish.com\/shop\/videos\/cowshed-pyjama-party\/#primaryimage\"},\"thumbnailUrl\":\"https:\/\/manurefetish.b-cdn.net\/wp-content\/uploads\/2024\/08\/Cowshed-Pyjama-Party-2.jpg\",\"datePublished\":\"2024-08-19T10:35:31+00:00\",\"dateModified\":\"2026-03-24T14:17:46+00:00\",\"description\":\"Cowshed Pyjama Party, with Maria Anjel, Brooke Maddison and Lyndra Lynn together in lots of creamy cowshit and some very sexy fun.\",\"breadcrumb\":{\"@id\":\"https:\/\/manurefetish.com\/shop\/videos\/cowshed-pyjama-party\/#breadcrumb\"},\"inLanguage\":\"fr-FR\",\"potentialAction\":[{\"@type\":\"ReadAction\",\"target\":[\"https:\/\/manurefetish.com\/shop\/videos\/cowshed-pyjama-party\/\"]}]},{\"@type\":\"ImageObject\",\"inLanguage\":\"fr-FR\",\"@id\":\"https:\/\/manurefetish.com\/shop\/videos\/cowshed-pyjama-party\/#primaryimage\",\"url\":\"https:\/\/manurefetish.b-cdn.net\/wp-content\/uploads\/2024\/08\/Cowshed-Pyjama-Party-2.jpg\",\"contentUrl\":\"https:\/\/manurefetish.b-cdn.net\/wp-content\/uploads\/2024\/08\/Cowshed-Pyjama-Party-2.jpg\",\"width\":1728,\"height\":576},{\"@type\":\"BreadcrumbList\",\"@id\":\"https:\/\/manurefetish.com\/shop\/videos\/cowshed-pyjama-party\/#breadcrumb\",\"itemListElement\":[{\"@type\":\"ListItem\",\"position\":1,\"name\":\"Home\",\"item\":\"https:\/\/manurefetish.com\/\"},{\"@type\":\"ListItem\",\"position\":2,\"name\":\"Shop\",\"item\":\"https:\/\/manurefetish.com\/shop\/\"},{\"@type\":\"ListItem\",\"position\":3,\"name\":\"Videos\",\"item\":\"https:\/\/manurefetish.com\/product-category\/videos\/\"},{\"@type\":\"ListItem\",\"position\":4,\"name\":\"Cowshed Pyjama Party\"}]},{\"@type\":\"WebSite\",\"@id\":\"https:\/\/manurefetish.com\/#website\",\"url\":\"https:\/\/manurefetish.com\/\",\"name\":\"ManureFetish\",\"description\":\"ManureFetish Shop\",\"publisher\":{\"@id\":\"https:\/\/manurefetish.com\/#organization\"},\"potentialAction\":[{\"@type\":\"SearchAction\",\"target\":{\"@type\":\"EntryPoint\",\"urlTemplate\":\"https:\/\/manurefetish.com\/?s={search_term_string}\"},\"query-input\":{\"@type\":\"PropertyValueSpecification\",\"valueRequired\":true,\"valueName\":\"search_term_string\"}}],\"inLanguage\":\"fr-FR\"},{\"@type\":\"Organization\",\"@id\":\"https:\/\/manurefetish.com\/#organization\",\"name\":\"ManureFetish.com\",\"url\":\"https:\/\/manurefetish.com\/\",\"logo\":{\"@type\":\"ImageObject\",\"inLanguage\":\"fr-FR\",\"@id\":\"https:\/\/manurefetish.com\/#\/schema\/logo\/image\/\",\"url\":\"https:\/\/manurefetish.com\/wp-content\/uploads\/2019\/06\/1000xmanurefetishcom-michaela-logo-website-shop.png\",\"contentUrl\":\"https:\/\/manurefetish.com\/wp-content\/uploads\/2019\/06\/1000xmanurefetishcom-michaela-logo-website-shop.png\",\"width\":1000,\"height\":632,\"caption\":\"ManureFetish.com\"},\"image\":{\"@id\":\"https:\/\/manurefetish.com\/#\/schema\/logo\/image\/\"},\"sameAs\":[\"https:\/\/www.facebook.com\/manurefetish\/\",\"https:\/\/x.com\/Manurefetisch\",\"https:\/\/www.youtube.com\/c\/ManureFetish\"],\"description\":\"We're creating various fetish content with female and male models alike.\",\"foundingDate\":\"2019-07-04\",\"vatID\":\"DE366928521\",\"numberOfEmployees\":{\"@type\":\"QuantitativeValue\",\"minValue\":\"1\",\"maxValue\":\"10\"}}]}<\/script>\n<meta property=\"og:availability\" content=\"instock\" \/>\n<meta property=\"product:availability\" content=\"instock\" \/>\n<meta property=\"product:retailer_item_id\" content=\"MFW-CPP\" \/>\n<meta property=\"product:condition\" content=\"new\" \/>\n<!-- \/ Yoast SEO Premium plugin. -->","yoast_head_json":{"title":"Pyjama Party \u00e0 l'\u00e9table - ManureFetish","description":"Cowshed Pyjama Party, avec Maria Anjel, Brooke Maddison et Lyndra Lynn ensemble dans beaucoup de bouse de vache cr\u00e9meuse et un plaisir tr\u00e8s sexy.","robots":{"index":"index","follow":"follow","max-snippet":"max-snippet:-1","max-image-preview":"max-image-preview:large","max-video-preview":"max-video-preview:-1"},"canonical":"https:\/\/manurefetish.com\/fr\/shop\/videos\/cowshed-pyjama-party\/","og_locale":"fr_FR","og_type":"article","og_title":"Cowshed Pyjama Party","og_description":"Cowshed Pyjama Party, with Maria Anjel, Brooke Maddison and Lyndra Lynn together in lots of creamy cowshit and some very sexy fun.","og_url":"https:\/\/manurefetish.com\/fr\/shop\/videos\/cowshed-pyjama-party\/","og_site_name":"ManureFetish","article_publisher":"https:\/\/www.facebook.com\/manurefetish\/","article_modified_time":"2026-03-24T14:17:46+00:00","og_image":[{"width":1728,"height":576,"url":"https:\/\/manurefetish.com\/wp-content\/uploads\/2024\/08\/Cowshed-Pyjama-Party-2.jpg","type":"image\/jpeg"}],"twitter_card":"summary_large_image","twitter_site":"@Manurefetisch","schema":{"@context":"https:\/\/schema.org","@graph":[{"@type":"WebPage","@id":"https:\/\/manurefetish.com\/shop\/videos\/cowshed-pyjama-party\/","url":"https:\/\/manurefetish.com\/shop\/videos\/cowshed-pyjama-party\/","name":"Pyjama Party \u00e0 l'\u00e9table - ManureFetish","isPartOf":{"@id":"https:\/\/manurefetish.com\/#website"},"primaryImageOfPage":{"@id":"https:\/\/manurefetish.com\/shop\/videos\/cowshed-pyjama-party\/#primaryimage"},"image":{"@id":"https:\/\/manurefetish.com\/shop\/videos\/cowshed-pyjama-party\/#primaryimage"},"thumbnailUrl":"https:\/\/manurefetish.b-cdn.net\/wp-content\/uploads\/2024\/08\/Cowshed-Pyjama-Party-2.jpg","datePublished":"2024-08-19T10:35:31+00:00","dateModified":"2026-03-24T14:17:46+00:00","description":"Cowshed Pyjama Party, avec Maria Anjel, Brooke Maddison et Lyndra Lynn ensemble dans beaucoup de bouse de vache cr\u00e9meuse et un plaisir tr\u00e8s sexy.","breadcrumb":{"@id":"https:\/\/manurefetish.com\/shop\/videos\/cowshed-pyjama-party\/#breadcrumb"},"inLanguage":"fr-FR","potentialAction":[{"@type":"ReadAction","target":["https:\/\/manurefetish.com\/shop\/videos\/cowshed-pyjama-party\/"]}]},{"@type":"ImageObject","inLanguage":"fr-FR","@id":"https:\/\/manurefetish.com\/shop\/videos\/cowshed-pyjama-party\/#primaryimage","url":"https:\/\/manurefetish.b-cdn.net\/wp-content\/uploads\/2024\/08\/Cowshed-Pyjama-Party-2.jpg","contentUrl":"https:\/\/manurefetish.b-cdn.net\/wp-content\/uploads\/2024\/08\/Cowshed-Pyjama-Party-2.jpg","width":1728,"height":576},{"@type":"BreadcrumbList","@id":"https:\/\/manurefetish.com\/shop\/videos\/cowshed-pyjama-party\/#breadcrumb","itemListElement":[{"@type":"ListItem","position":1,"name":"Home","item":"https:\/\/manurefetish.com\/"},{"@type":"ListItem","position":2,"name":"Shop","item":"https:\/\/manurefetish.com\/shop\/"},{"@type":"ListItem","position":3,"name":"Videos","item":"https:\/\/manurefetish.com\/product-category\/videos\/"},{"@type":"ListItem","position":4,"name":"Cowshed Pyjama Party"}]},{"@type":"WebSite","@id":"https:\/\/manurefetish.com\/#website","url":"https:\/\/manurefetish.com\/","name":"ManureFetish","description":"ManureFetish Shop","publisher":{"@id":"https:\/\/manurefetish.com\/#organization"},"potentialAction":[{"@type":"SearchAction","target":{"@type":"EntryPoint","urlTemplate":"https:\/\/manurefetish.com\/?s={search_term_string}"},"query-input":{"@type":"PropertyValueSpecification","valueRequired":true,"valueName":"search_term_string"}}],"inLanguage":"fr-FR"},{"@type":"Organization","@id":"https:\/\/manurefetish.com\/#organization","name":"ManureFetish.com","url":"https:\/\/manurefetish.com\/","logo":{"@type":"ImageObject","inLanguage":"fr-FR","@id":"https:\/\/manurefetish.com\/#\/schema\/logo\/image\/","url":"https:\/\/manurefetish.com\/wp-content\/uploads\/2019\/06\/1000xmanurefetishcom-michaela-logo-website-shop.png","contentUrl":"https:\/\/manurefetish.com\/wp-content\/uploads\/2019\/06\/1000xmanurefetishcom-michaela-logo-website-shop.png","width":1000,"height":632,"caption":"ManureFetish.com"},"image":{"@id":"https:\/\/manurefetish.com\/#\/schema\/logo\/image\/"},"sameAs":["https:\/\/www.facebook.com\/manurefetish\/","https:\/\/x.com\/Manurefetisch","https:\/\/www.youtube.com\/c\/ManureFetish"],"description":"Nous cr\u00e9ons divers contenus f\u00e9tichistes avec des mod\u00e8les f\u00e9minins et masculins.","foundingDate":"2019-07-04","vatID":"DE366928521","numberOfEmployees":{"@type":"QuantitativeValue","minValue":"1","maxValue":"10"}}]},"og_availability":"instock","product_availability":"instock","product_retailer_item_id":"MFW-CPP","product_condition":"new"},"_links":{"self":[{"href":"https:\/\/manurefetish.com\/fr\/wp-json\/wp\/v2\/product\/144264","targetHints":{"allow":["GET"]}}],"collection":[{"href":"https:\/\/manurefetish.com\/fr\/wp-json\/wp\/v2\/product"}],"about":[{"href":"https:\/\/manurefetish.com\/fr\/wp-json\/wp\/v2\/types\/product"}],"replies":[{"embeddable":true,"href":"https:\/\/manurefetish.com\/fr\/wp-json\/wp\/v2\/comments?post=144264"}],"version-history":[{"count":0,"href":"https:\/\/manurefetish.com\/fr\/wp-json\/wp\/v2\/product\/144264\/revisions"}],"wp:featuredmedia":[{"embeddable":true,"href":"https:\/\/manurefetish.com\/fr\/wp-json\/wp\/v2\/media\/199264"}],"wp:attachment":[{"href":"https:\/\/manurefetish.com\/fr\/wp-json\/wp\/v2\/media?parent=144264"}],"wp:term":[{"taxonomy":"product_brand","embeddable":true,"href":"https:\/\/manurefetish.com\/fr\/wp-json\/wp\/v2\/product_brand?post=144264"},{"taxonomy":"product_cat","embeddable":true,"href":"https:\/\/manurefetish.com\/fr\/wp-json\/wp\/v2\/product_cat?post=144264"},{"taxonomy":"product_tag","embeddable":true,"href":"https:\/\/manurefetish.com\/fr\/wp-json\/wp\/v2\/product_tag?post=144264"}],"curies":[{"name":"wp","href":"https:\/\/api.w.org\/{rel}","templated":true}]}}