{"id":13884,"date":"2020-09-08T21:29:23","date_gmt":"2020-09-08T19:29:23","guid":{"rendered":"https:\/\/manurefetish.com\/?post_type=product&#038;p=13884"},"modified":"2026-03-24T17:18:16","modified_gmt":"2026-03-24T16:18:16","slug":"betty-loves-manure","status":"publish","type":"product","link":"https:\/\/manurefetish.com\/fr\/shop\/videos\/betty-loves-manure\/","title":{"rendered":"Betty aime le fumier"},"content":{"rendered":"<h3>La voici, Betty. Betty est bien connue pour son attirance pour les choses sales et il semble qu'elle aime aussi la vache fra\u00eeche et cr\u00e9meuse dung. Pour elle, la devise est la suivante : plus c'est sale, mieux c'est, et c'est seulement lorsqu'elle est pleine de salet\u00e9 de la t\u00eate aux pieds qu'elle est satisfaite.<br \/>\nC'est une belle soir\u00e9e d'\u00e9t\u00e9 et Betty d\u00e9cide de visiter la ferme dont elle a tant entendu parler. Elle enfile sa tenue l\u00e9g\u00e8re d'\u00e9t\u00e9, une robe rose en dentelle, ses sandales et prend son sac \u00e0 main avec son jouet pr\u00e9f\u00e9r\u00e9.<br \/>\nElle trouve rapidement la ferme dont elle a d\u00e9j\u00e0 tant entendu parler.\u00a0<span class=\"hiddenSuggestion\">Elle<\/span>\u00a0entre par la porte arri\u00e8re et sent d\u00e9j\u00e0 ce qu'elle est ici.<br \/>\n<span class=\"hiddenSuggestion\">Elle<\/span>\u00a0se rend \u00e0 l'endroit o\u00f9 il y a une ouverture dans le sol et s'approche du canal manure. L'odeur est \u00e9crasante. Elle ne peut plus attendre et s'assoit sur le sol. Elle met son doigt dans la bave brune et verd\u00e2tre et la l\u00e8che.\u00a0<span class=\"hiddenSuggestion\">Elle<\/span>\u00a0prend une poign\u00e9e de dung de vache et s'en enduit le corps. Betty commence \u00e0 aimer le manure. Apr\u00e8s s'\u00eatre couvert suffisamment le corps, elle d\u00e9cide enfin de grimper dans le canal rempli de manure.\u00a0<span class=\"hiddenSpellError\">vache dung<\/span>. Elle se couvre de plus en plus et commence \u00e0 se frotter la chatte. Elle sort de la fosse pour commencer \u00e0 s'amuser.\u00a0<span class=\"hiddenSuggestion\">Elle<\/span>\u00a0prend son godemich\u00e9 rose dans son sac et commence \u00e0\u00a0<span class=\"hiddenSuggestion\">putain<\/span>\u00a0elle-m\u00eame.\u00a0<span class=\"hiddenSuggestion\">Elle<\/span>\u00a0remplit \u00e9galement sa chatte avec la vache dung et\u00a0<span class=\"hiddenSuggestion\">baise<\/span>\u00a0encore plus.\u00a0<span class=\"hiddenSuggestion\">Elle<\/span>\u00a0continue encore et encore, dans diff\u00e9rentes positions \u00e0 l'int\u00e9rieur et \u00e0 l'ext\u00e9rieur du canal manure.\u00a0<span class=\"hiddenSuggestion\">Elle<\/span>\u00a0s'immerge compl\u00e8tement et frotte sa chatte en extase.\u00a0<span class=\"hiddenSuggestion\">Elle<\/span>\u00a0prend la vache dung dans sa bouche, l\u00e8che le gode et se couvre compl\u00e8tement de la t\u00eate aux pieds.\u00a0<span class=\"hiddenSuggestion\">Elle<\/span>\u00a0ne peut plus se retenir et se frotte la chatte jusqu'\u00e0 l'orgasme. Pour se rafra\u00eechir, elle s'immerge \u00e0 nouveau et savoure la sensation de la bouillie sur son corps. Elle s'habille et sort par la porte de derri\u00e8re. Mais cela ne lui suffit pas, elle d\u00e9cide de revenir pour s'amuser encore un peu. Plus de baignade dans le dung, plus de masturbation et plus de plaisir.\u00a0<span class=\"hiddenSuggestion\">putain<\/span> elle-m\u00eame. Betty adore le manure. La meilleure vache manure porno avec elle que vous pouvez trouver.<\/h3>","protected":false},"excerpt":{"rendered":"<p>Here she is, Betty. Betty is well known for her attraction to dirty things and as it seems she also likes fresh creamy cow dung. For her, the motto is the dirtier the better only when she is full of dirt from head to toe she is satisfied. It is a beautiful summer evening and [&hellip;]<\/p>\n","protected":false},"featured_media":198902,"comment_status":"open","ping_status":"closed","template":"","meta":{"_acf_changed":false,"site-sidebar-layout":"default","site-content-layout":"","ast-site-content-layout":"default","site-content-style":"default","site-sidebar-style":"default","ast-global-header-display":"","ast-banner-title-visibility":"","ast-main-header-display":"","ast-hfb-above-header-display":"","ast-hfb-below-header-display":"","ast-hfb-mobile-header-display":"","site-post-title":"","ast-breadcrumbs-content":"","ast-featured-img":"","footer-sml-layout":"","ast-disable-related-posts":"","theme-transparent-header-meta":"default","adv-header-id-meta":"","stick-header-meta":"","header-above-stick-meta":"","header-main-stick-meta":"","header-below-stick-meta":"","astra-migrate-meta-layouts":"set","ast-page-background-enabled":"default","ast-page-background-meta":{"desktop":{"background-color":"var(--ast-global-color-4)","background-image":"","background-repeat":"repeat","background-position":"center center","background-size":"auto","background-attachment":"scroll","background-type":"","background-media":"","overlay-type":"","overlay-color":"","overlay-opacity":"","overlay-gradient":""},"tablet":{"background-color":"","background-image":"","background-repeat":"repeat","background-position":"center center","background-size":"auto","background-attachment":"scroll","background-type":"","background-media":"","overlay-type":"","overlay-color":"","overlay-opacity":"","overlay-gradient":""},"mobile":{"background-color":"","background-image":"","background-repeat":"repeat","background-position":"center center","background-size":"auto","background-attachment":"scroll","background-type":"","background-media":"","overlay-type":"","overlay-color":"","overlay-opacity":"","overlay-gradient":""}},"ast-content-background-meta":{"desktop":{"background-color":"var(--ast-global-color-5)","background-image":"","background-repeat":"repeat","background-position":"center center","background-size":"auto","background-attachment":"scroll","background-type":"","background-media":"","overlay-type":"","overlay-color":"","overlay-opacity":"","overlay-gradient":""},"tablet":{"background-color":"var(--ast-global-color-5)","background-image":"","background-repeat":"repeat","background-position":"center center","background-size":"auto","background-attachment":"scroll","background-type":"","background-media":"","overlay-type":"","overlay-color":"","overlay-opacity":"","overlay-gradient":""},"mobile":{"background-color":"var(--ast-global-color-5)","background-image":"","background-repeat":"repeat","background-position":"center center","background-size":"auto","background-attachment":"scroll","background-type":"","background-media":"","overlay-type":"","overlay-color":"","overlay-opacity":"","overlay-gradient":""}}},"product_brand":[],"product_cat":[4470],"product_tag":[17,317,2476,318,47,66,2281,19,2621,118,316,64,3030,20,56,320,21,321,54,2419,55,2480,2206,65,35,2482,2483,32,2479,3425,4482,24,277,2201,2477,2478,358,29,2481],"class_list":{"0":"post-13884","1":"product","2":"type-product","3":"status-publish","4":"has-post-thumbnail","6":"product_cat-videos","7":"product_tag-anal","8":"product_tag-asshole","9":"product_tag-betty","10":"product_tag-boobs","11":"product_tag-channel","12":"product_tag-clothed","13":"product_tag-completely-submerged","14":"product_tag-cow","15":"product_tag-cow-dung","16":"product_tag-cowshed","17":"product_tag-cunt","18":"product_tag-dildo","19":"product_tag-download","20":"product_tag-dung","21":"product_tag-erotic","22":"product_tag-feet","23":"product_tag-fetish","24":"product_tag-foot","25":"product_tag-full-covered","26":"product_tag-full-hd","27":"product_tag-fun","28":"product_tag-lace-dress","29":"product_tag-masturbation","30":"product_tag-naked","31":"product_tag-orgasm","32":"product_tag-peeing","33":"product_tag-pissing","34":"product_tag-pussy","35":"product_tag-sandals","36":"product_tag-season-1","37":"product_tag-sex-in-cowshit","38":"product_tag-slurry","39":"product_tag-slurry-bath","40":"product_tag-slurry-porn","41":"product_tag-squirt","42":"product_tag-squirting","43":"product_tag-stuffing","44":"product_tag-submerging","45":"product_tag-wet-orgasm","46":"pa_audio-info-stereo","47":"pa_format-mp4","48":"pa_length-46-minutes","49":"pa_product-type-digital-download-full-hd-video","50":"pa_product-type-digital-download-ultra-hd-video","51":"pa_product-type-usb-stick","52":"pa_productionyear-2198","53":"pa_size-926-gb","54":"pa_video-info-full-hd-1920x1080p","55":"desktop-align-center","56":"tablet-align-left","57":"mobile-align-left","59":"first","60":"instock","61":"shipping-taxable","62":"purchasable","63":"product-type-variable"},"exclude_global_add_ons":[],"addons":[],"acf":[],"yoast_head":"<!-- This site is optimized with the Yoast SEO Premium plugin v27.1 (Yoast SEO v27.1.1) - https:\/\/yoast.com\/product\/yoast-seo-premium-wordpress\/ -->\n<title>Betty Loves Manure - ManureFetish - Squirting orgasm in cow dung<\/title>\n<meta name=\"description\" content=\"Betty loves Manure, many of you know her from her Hightide videos. Now it seems that she also likes a creamy bath in cowshit.\" \/>\n<meta name=\"robots\" content=\"index, follow, max-snippet:-1, max-image-preview:large, max-video-preview:-1\" \/>\n<link rel=\"canonical\" href=\"https:\/\/manurefetish.com\/fr\/shop\/videos\/betty-loves-manure\/\" \/>\n<meta property=\"og:locale\" content=\"fr_FR\" \/>\n<meta property=\"og:type\" content=\"article\" \/>\n<meta property=\"og:title\" content=\"Betty Loves Manure\" \/>\n<meta property=\"og:description\" content=\"Betty loves Manure, many of you know her from her Hightide videos. Now it seems that she also likes a creamy bath in cowshit.\" \/>\n<meta property=\"og:url\" content=\"https:\/\/manurefetish.com\/fr\/shop\/videos\/betty-loves-manure\/\" \/>\n<meta property=\"og:site_name\" content=\"ManureFetish\" \/>\n<meta property=\"article:publisher\" content=\"https:\/\/www.facebook.com\/manurefetish\/\" \/>\n<meta property=\"article:modified_time\" content=\"2026-03-24T16:18:16+00:00\" \/>\n<meta property=\"og:image\" content=\"https:\/\/manurefetish.com\/wp-content\/uploads\/2020\/09\/Betty-loves-Manure.jpg\" \/>\n\t<meta property=\"og:image:width\" content=\"1728\" \/>\n\t<meta property=\"og:image:height\" content=\"576\" \/>\n\t<meta property=\"og:image:type\" content=\"image\/jpeg\" \/>\n<meta name=\"twitter:card\" content=\"summary_large_image\" \/>\n<meta name=\"twitter:site\" content=\"@Manurefetisch\" \/>\n<script type=\"application\/ld+json\" class=\"yoast-schema-graph\">{\"@context\":\"https:\/\/schema.org\",\"@graph\":[{\"@type\":\"WebPage\",\"@id\":\"https:\/\/manurefetish.com\/shop\/videos\/betty-loves-manure\/\",\"url\":\"https:\/\/manurefetish.com\/shop\/videos\/betty-loves-manure\/\",\"name\":\"Betty Loves Manure - ManureFetish - Squirting orgasm in cow dung\",\"isPartOf\":{\"@id\":\"https:\/\/manurefetish.com\/#website\"},\"primaryImageOfPage\":{\"@id\":\"https:\/\/manurefetish.com\/shop\/videos\/betty-loves-manure\/#primaryimage\"},\"image\":{\"@id\":\"https:\/\/manurefetish.com\/shop\/videos\/betty-loves-manure\/#primaryimage\"},\"thumbnailUrl\":\"https:\/\/manurefetish.b-cdn.net\/wp-content\/uploads\/2020\/09\/Betty-loves-Manure.jpg\",\"datePublished\":\"2020-09-08T19:29:23+00:00\",\"dateModified\":\"2026-03-24T16:18:16+00:00\",\"description\":\"Betty loves Manure, many of you know her from her Hightide videos. Now it seems that she also likes a creamy bath in cowshit.\",\"breadcrumb\":{\"@id\":\"https:\/\/manurefetish.com\/shop\/videos\/betty-loves-manure\/#breadcrumb\"},\"inLanguage\":\"fr-FR\",\"potentialAction\":[{\"@type\":\"ReadAction\",\"target\":[\"https:\/\/manurefetish.com\/shop\/videos\/betty-loves-manure\/\"]}]},{\"@type\":\"ImageObject\",\"inLanguage\":\"fr-FR\",\"@id\":\"https:\/\/manurefetish.com\/shop\/videos\/betty-loves-manure\/#primaryimage\",\"url\":\"https:\/\/manurefetish.b-cdn.net\/wp-content\/uploads\/2020\/09\/Betty-loves-Manure.jpg\",\"contentUrl\":\"https:\/\/manurefetish.b-cdn.net\/wp-content\/uploads\/2020\/09\/Betty-loves-Manure.jpg\",\"width\":1728,\"height\":576},{\"@type\":\"BreadcrumbList\",\"@id\":\"https:\/\/manurefetish.com\/shop\/videos\/betty-loves-manure\/#breadcrumb\",\"itemListElement\":[{\"@type\":\"ListItem\",\"position\":1,\"name\":\"Home\",\"item\":\"https:\/\/manurefetish.com\/\"},{\"@type\":\"ListItem\",\"position\":2,\"name\":\"Shop\",\"item\":\"https:\/\/manurefetish.com\/shop\/\"},{\"@type\":\"ListItem\",\"position\":3,\"name\":\"Videos\",\"item\":\"https:\/\/manurefetish.com\/product-category\/videos\/\"},{\"@type\":\"ListItem\",\"position\":4,\"name\":\"Betty Loves Manure\"}]},{\"@type\":\"WebSite\",\"@id\":\"https:\/\/manurefetish.com\/#website\",\"url\":\"https:\/\/manurefetish.com\/\",\"name\":\"ManureFetish\",\"description\":\"ManureFetish Shop\",\"publisher\":{\"@id\":\"https:\/\/manurefetish.com\/#organization\"},\"potentialAction\":[{\"@type\":\"SearchAction\",\"target\":{\"@type\":\"EntryPoint\",\"urlTemplate\":\"https:\/\/manurefetish.com\/?s={search_term_string}\"},\"query-input\":{\"@type\":\"PropertyValueSpecification\",\"valueRequired\":true,\"valueName\":\"search_term_string\"}}],\"inLanguage\":\"fr-FR\"},{\"@type\":\"Organization\",\"@id\":\"https:\/\/manurefetish.com\/#organization\",\"name\":\"ManureFetish.com\",\"url\":\"https:\/\/manurefetish.com\/\",\"logo\":{\"@type\":\"ImageObject\",\"inLanguage\":\"fr-FR\",\"@id\":\"https:\/\/manurefetish.com\/#\/schema\/logo\/image\/\",\"url\":\"https:\/\/manurefetish.com\/wp-content\/uploads\/2019\/06\/1000xmanurefetishcom-michaela-logo-website-shop.png\",\"contentUrl\":\"https:\/\/manurefetish.com\/wp-content\/uploads\/2019\/06\/1000xmanurefetishcom-michaela-logo-website-shop.png\",\"width\":1000,\"height\":632,\"caption\":\"ManureFetish.com\"},\"image\":{\"@id\":\"https:\/\/manurefetish.com\/#\/schema\/logo\/image\/\"},\"sameAs\":[\"https:\/\/www.facebook.com\/manurefetish\/\",\"https:\/\/x.com\/Manurefetisch\",\"https:\/\/www.youtube.com\/c\/ManureFetish\"],\"description\":\"We're creating various fetish content with female and male models alike.\",\"foundingDate\":\"2019-07-04\",\"vatID\":\"DE366928521\",\"numberOfEmployees\":{\"@type\":\"QuantitativeValue\",\"minValue\":\"1\",\"maxValue\":\"10\"}}]}<\/script>\n<meta property=\"og:availability\" content=\"instock\" \/>\n<meta property=\"product:availability\" content=\"instock\" \/>\n<meta property=\"product:retailer_item_id\" content=\"MFW-BLM\" \/>\n<meta property=\"product:condition\" content=\"new\" \/>\n<!-- \/ Yoast SEO Premium plugin. -->","yoast_head_json":{"title":"Betty Loves Manure - ManureFetish - orgasme de squirting dans la bouse de vache","description":"Betty adore le fumier, beaucoup d'entre vous la connaissent gr\u00e2ce \u00e0 ses vid\u00e9os Hightide. Aujourd'hui, il semblerait qu'elle aime aussi prendre un bain cr\u00e9meux dans de la bouse de vache.","robots":{"index":"index","follow":"follow","max-snippet":"max-snippet:-1","max-image-preview":"max-image-preview:large","max-video-preview":"max-video-preview:-1"},"canonical":"https:\/\/manurefetish.com\/fr\/shop\/videos\/betty-loves-manure\/","og_locale":"fr_FR","og_type":"article","og_title":"Betty Loves Manure","og_description":"Betty loves Manure, many of you know her from her Hightide videos. Now it seems that she also likes a creamy bath in cowshit.","og_url":"https:\/\/manurefetish.com\/fr\/shop\/videos\/betty-loves-manure\/","og_site_name":"ManureFetish","article_publisher":"https:\/\/www.facebook.com\/manurefetish\/","article_modified_time":"2026-03-24T16:18:16+00:00","og_image":[{"width":1728,"height":576,"url":"https:\/\/manurefetish.com\/wp-content\/uploads\/2020\/09\/Betty-loves-Manure.jpg","type":"image\/jpeg"}],"twitter_card":"summary_large_image","twitter_site":"@Manurefetisch","schema":{"@context":"https:\/\/schema.org","@graph":[{"@type":"WebPage","@id":"https:\/\/manurefetish.com\/shop\/videos\/betty-loves-manure\/","url":"https:\/\/manurefetish.com\/shop\/videos\/betty-loves-manure\/","name":"Betty Loves Manure - ManureFetish - orgasme de squirting dans la bouse de vache","isPartOf":{"@id":"https:\/\/manurefetish.com\/#website"},"primaryImageOfPage":{"@id":"https:\/\/manurefetish.com\/shop\/videos\/betty-loves-manure\/#primaryimage"},"image":{"@id":"https:\/\/manurefetish.com\/shop\/videos\/betty-loves-manure\/#primaryimage"},"thumbnailUrl":"https:\/\/manurefetish.b-cdn.net\/wp-content\/uploads\/2020\/09\/Betty-loves-Manure.jpg","datePublished":"2020-09-08T19:29:23+00:00","dateModified":"2026-03-24T16:18:16+00:00","description":"Betty adore le fumier, beaucoup d'entre vous la connaissent gr\u00e2ce \u00e0 ses vid\u00e9os Hightide. Aujourd'hui, il semblerait qu'elle aime aussi prendre un bain cr\u00e9meux dans de la bouse de vache.","breadcrumb":{"@id":"https:\/\/manurefetish.com\/shop\/videos\/betty-loves-manure\/#breadcrumb"},"inLanguage":"fr-FR","potentialAction":[{"@type":"ReadAction","target":["https:\/\/manurefetish.com\/shop\/videos\/betty-loves-manure\/"]}]},{"@type":"ImageObject","inLanguage":"fr-FR","@id":"https:\/\/manurefetish.com\/shop\/videos\/betty-loves-manure\/#primaryimage","url":"https:\/\/manurefetish.b-cdn.net\/wp-content\/uploads\/2020\/09\/Betty-loves-Manure.jpg","contentUrl":"https:\/\/manurefetish.b-cdn.net\/wp-content\/uploads\/2020\/09\/Betty-loves-Manure.jpg","width":1728,"height":576},{"@type":"BreadcrumbList","@id":"https:\/\/manurefetish.com\/shop\/videos\/betty-loves-manure\/#breadcrumb","itemListElement":[{"@type":"ListItem","position":1,"name":"Home","item":"https:\/\/manurefetish.com\/"},{"@type":"ListItem","position":2,"name":"Shop","item":"https:\/\/manurefetish.com\/shop\/"},{"@type":"ListItem","position":3,"name":"Videos","item":"https:\/\/manurefetish.com\/product-category\/videos\/"},{"@type":"ListItem","position":4,"name":"Betty Loves Manure"}]},{"@type":"WebSite","@id":"https:\/\/manurefetish.com\/#website","url":"https:\/\/manurefetish.com\/","name":"ManureFetish","description":"ManureFetish Shop","publisher":{"@id":"https:\/\/manurefetish.com\/#organization"},"potentialAction":[{"@type":"SearchAction","target":{"@type":"EntryPoint","urlTemplate":"https:\/\/manurefetish.com\/?s={search_term_string}"},"query-input":{"@type":"PropertyValueSpecification","valueRequired":true,"valueName":"search_term_string"}}],"inLanguage":"fr-FR"},{"@type":"Organization","@id":"https:\/\/manurefetish.com\/#organization","name":"ManureFetish.com","url":"https:\/\/manurefetish.com\/","logo":{"@type":"ImageObject","inLanguage":"fr-FR","@id":"https:\/\/manurefetish.com\/#\/schema\/logo\/image\/","url":"https:\/\/manurefetish.com\/wp-content\/uploads\/2019\/06\/1000xmanurefetishcom-michaela-logo-website-shop.png","contentUrl":"https:\/\/manurefetish.com\/wp-content\/uploads\/2019\/06\/1000xmanurefetishcom-michaela-logo-website-shop.png","width":1000,"height":632,"caption":"ManureFetish.com"},"image":{"@id":"https:\/\/manurefetish.com\/#\/schema\/logo\/image\/"},"sameAs":["https:\/\/www.facebook.com\/manurefetish\/","https:\/\/x.com\/Manurefetisch","https:\/\/www.youtube.com\/c\/ManureFetish"],"description":"Nous cr\u00e9ons divers contenus f\u00e9tichistes avec des mod\u00e8les f\u00e9minins et masculins.","foundingDate":"2019-07-04","vatID":"DE366928521","numberOfEmployees":{"@type":"QuantitativeValue","minValue":"1","maxValue":"10"}}]},"og_availability":"instock","product_availability":"instock","product_retailer_item_id":"MFW-BLM","product_condition":"new"},"_links":{"self":[{"href":"https:\/\/manurefetish.com\/fr\/wp-json\/wp\/v2\/product\/13884","targetHints":{"allow":["GET"]}}],"collection":[{"href":"https:\/\/manurefetish.com\/fr\/wp-json\/wp\/v2\/product"}],"about":[{"href":"https:\/\/manurefetish.com\/fr\/wp-json\/wp\/v2\/types\/product"}],"replies":[{"embeddable":true,"href":"https:\/\/manurefetish.com\/fr\/wp-json\/wp\/v2\/comments?post=13884"}],"version-history":[{"count":0,"href":"https:\/\/manurefetish.com\/fr\/wp-json\/wp\/v2\/product\/13884\/revisions"}],"wp:featuredmedia":[{"embeddable":true,"href":"https:\/\/manurefetish.com\/fr\/wp-json\/wp\/v2\/media\/198902"}],"wp:attachment":[{"href":"https:\/\/manurefetish.com\/fr\/wp-json\/wp\/v2\/media?parent=13884"}],"wp:term":[{"taxonomy":"product_brand","embeddable":true,"href":"https:\/\/manurefetish.com\/fr\/wp-json\/wp\/v2\/product_brand?post=13884"},{"taxonomy":"product_cat","embeddable":true,"href":"https:\/\/manurefetish.com\/fr\/wp-json\/wp\/v2\/product_cat?post=13884"},{"taxonomy":"product_tag","embeddable":true,"href":"https:\/\/manurefetish.com\/fr\/wp-json\/wp\/v2\/product_tag?post=13884"}],"curies":[{"name":"wp","href":"https:\/\/api.w.org\/{rel}","templated":true}]}}