{"id":137301,"date":"2024-05-28T05:20:19","date_gmt":"2024-05-28T03:20:19","guid":{"rendered":"https:\/\/manurefetish.com\/?post_type=product&#038;p=137301"},"modified":"2026-03-24T15:23:34","modified_gmt":"2026-03-24T14:23:34","slug":"on-tour-first-pig-manure-lagoon","status":"publish","type":"product","link":"https:\/\/manurefetish.com\/fr\/shop\/videos\/on-tour-first-pig-manure-lagoon\/","title":{"rendered":"EN VISITE : Premi\u00e8re lagune de purin de porc"},"content":{"rendered":"<p><span style=\"font-weight: 400;\">Dans notre s\u00e9rie \"On Tour\", nous parcourons la campagne pour trouver des endroits sympas et nouveaux avec de la bouse de vache ou d'autres excr\u00e9ments d'animaux.<\/span><\/p>\n<p>Lyndra cherchait \u00e0 nouveau de nouveaux endroits excitants pour se salir et s'amuser. Pr\u00e8s d'une route et d'un grand champ, elle a trouv\u00e9 une grande lagune avec de la merde de porc. Elle avait toujours voulu essayer le cochon manure, car jusqu'\u00e0 pr\u00e9sent elle n'avait eu d'exp\u00e9rience qu'avec le cowshit.<br \/>\nElle s'est donc engag\u00e9e sur la grande rampe et a lentement enfonc\u00e9 ses pieds dans l'\u00e9paisse couche de merde. Lyndra marche plus loin dans la lagune et commence \u00e0 y tremper son cul. Elle commence ensuite \u00e0 se couvrir avant de marcher plus loin dans la lagune. Elle appr\u00e9cie vraiment la sensation diff\u00e9rente de la merde de porc sur son corps et commence \u00e0 se masturber pour la premi\u00e8re fois. Elle se masturbe dans diff\u00e9rentes positions tout autour de la lagune, jusqu'\u00e0 ce que, apr\u00e8s de multiples orgasmes, elle s'allonge et profite de son temps.<\/p>","protected":false},"excerpt":{"rendered":"<p>In our \u201cOn Tour\u201d Series, we travel the countryside to find nice and new locations with cowshit or other animal dung. Lyndra was looking again to find new exciting places to get messy and have some fun. Near a road and a large field she found a large lagoon with pig shit. She always wanted [&hellip;]<\/p>\n","protected":false},"featured_media":199212,"comment_status":"open","ping_status":"closed","template":"","meta":{"_acf_changed":false,"site-sidebar-layout":"default","site-content-layout":"","ast-site-content-layout":"default","site-content-style":"default","site-sidebar-style":"default","ast-global-header-display":"","ast-banner-title-visibility":"","ast-main-header-display":"","ast-hfb-above-header-display":"","ast-hfb-below-header-display":"","ast-hfb-mobile-header-display":"","site-post-title":"","ast-breadcrumbs-content":"","ast-featured-img":"","footer-sml-layout":"","ast-disable-related-posts":"","theme-transparent-header-meta":"default","adv-header-id-meta":"","stick-header-meta":"","header-above-stick-meta":"","header-main-stick-meta":"","header-below-stick-meta":"","astra-migrate-meta-layouts":"set","ast-page-background-enabled":"default","ast-page-background-meta":{"desktop":{"background-color":"var(--ast-global-color-4)","background-image":"","background-repeat":"repeat","background-position":"center center","background-size":"auto","background-attachment":"scroll","background-type":"","background-media":"","overlay-type":"","overlay-color":"","overlay-opacity":"","overlay-gradient":""},"tablet":{"background-color":"","background-image":"","background-repeat":"repeat","background-position":"center center","background-size":"auto","background-attachment":"scroll","background-type":"","background-media":"","overlay-type":"","overlay-color":"","overlay-opacity":"","overlay-gradient":""},"mobile":{"background-color":"","background-image":"","background-repeat":"repeat","background-position":"center center","background-size":"auto","background-attachment":"scroll","background-type":"","background-media":"","overlay-type":"","overlay-color":"","overlay-opacity":"","overlay-gradient":""}},"ast-content-background-meta":{"desktop":{"background-color":"var(--ast-global-color-5)","background-image":"","background-repeat":"repeat","background-position":"center center","background-size":"auto","background-attachment":"scroll","background-type":"","background-media":"","overlay-type":"","overlay-color":"","overlay-opacity":"","overlay-gradient":""},"tablet":{"background-color":"var(--ast-global-color-5)","background-image":"","background-repeat":"repeat","background-position":"center center","background-size":"auto","background-attachment":"scroll","background-type":"","background-media":"","overlay-type":"","overlay-color":"","overlay-opacity":"","overlay-gradient":""},"mobile":{"background-color":"var(--ast-global-color-5)","background-image":"","background-repeat":"repeat","background-position":"center center","background-size":"auto","background-attachment":"scroll","background-type":"","background-media":"","overlay-type":"","overlay-color":"","overlay-opacity":"","overlay-gradient":""}}},"product_brand":[],"product_cat":[4470],"product_tag":[317,318,2632,2551,316,64,3933,3030,20,4260,3523,2419,2841,18,2285,2206,2629,3174,65,4259,35,360,2971,2482,2904,4271,4269,4270,3591,32,4199,2650,4482,24,2832,3920,2368,3233],"class_list":{"0":"post-137301","1":"product","2":"type-product","3":"status-publish","4":"has-post-thumbnail","6":"product_cat-videos","7":"product_tag-asshole","8":"product_tag-boobs","9":"product_tag-bra","10":"product_tag-couple","11":"product_tag-cunt","12":"product_tag-dildo","13":"product_tag-doggystyle","14":"product_tag-download","15":"product_tag-dung","16":"product_tag-dung-pile","17":"product_tag-fingering","18":"product_tag-full-hd","19":"product_tag-lyndra-lynn","20":"product_tag-manure","21":"product_tag-masturbate","22":"product_tag-masturbation","23":"product_tag-messy","24":"product_tag-missionary","25":"product_tag-naked","26":"product_tag-on-tour","27":"product_tag-orgasm","28":"product_tag-outdoor","29":"product_tag-pee","30":"product_tag-peeing","31":"product_tag-pig","32":"product_tag-pig-dung","33":"product_tag-pig-manure","34":"product_tag-pig-shit","35":"product_tag-public","36":"product_tag-pussy","37":"product_tag-season-5","38":"product_tag-sensual","39":"product_tag-sex-in-cowshit","40":"product_tag-slurry","41":"product_tag-smearing","42":"product_tag-sportswear","43":"product_tag-ultra-hd","44":"product_tag-waifu","45":"pa_length-22-minuten-2","46":"pa_product-type-digital-download-full-hd-video","47":"pa_product-type-digital-download-ultra-hd-video","48":"pa_product-type-usb-stick","49":"pa_video-info-full-hd-1920x1080p","50":"pa_video-info-ultra-hd-4k","51":"desktop-align-center","52":"tablet-align-left","53":"mobile-align-left","55":"first","56":"instock","57":"shipping-taxable","58":"purchasable","59":"product-type-variable"},"exclude_global_add_ons":[],"addons":[],"acf":[],"yoast_head":"<!-- This site is optimized with the Yoast SEO Premium plugin v27.1 (Yoast SEO v27.1.1) - https:\/\/yoast.com\/product\/yoast-seo-premium-wordpress\/ -->\n<title>ON TOUR: First Pig Manure Lagoon - ManureFetish<\/title>\n<meta name=\"description\" content=\"ON TOUR: First Pig Manure Lagoon, while looking for new places Lyndra finds a really nice spot to get covered in pig shit and masturbate.\" \/>\n<meta name=\"robots\" content=\"index, follow, max-snippet:-1, max-image-preview:large, max-video-preview:-1\" \/>\n<link rel=\"canonical\" href=\"https:\/\/manurefetish.com\/fr\/shop\/videos\/on-tour-first-pig-manure-lagoon\/\" \/>\n<meta property=\"og:locale\" content=\"fr_FR\" \/>\n<meta property=\"og:type\" content=\"article\" \/>\n<meta property=\"og:title\" content=\"ON TOUR: First Pig Manure Lagoon\" \/>\n<meta property=\"og:description\" content=\"ON TOUR: First Pig Manure Lagoon, while looking for new places Lyndra finds a really nice spot to get covered in pig shit and masturbate.\" \/>\n<meta property=\"og:url\" content=\"https:\/\/manurefetish.com\/fr\/shop\/videos\/on-tour-first-pig-manure-lagoon\/\" \/>\n<meta property=\"og:site_name\" content=\"ManureFetish\" \/>\n<meta property=\"article:publisher\" content=\"https:\/\/www.facebook.com\/manurefetish\/\" \/>\n<meta property=\"article:modified_time\" content=\"2026-03-24T14:23:34+00:00\" \/>\n<meta property=\"og:image\" content=\"https:\/\/manurefetish.com\/wp-content\/uploads\/2024\/05\/ON-TOUR-First-Pig-Manure-Lagoon-17.jpg\" \/>\n\t<meta property=\"og:image:width\" content=\"1728\" \/>\n\t<meta property=\"og:image:height\" content=\"576\" \/>\n\t<meta property=\"og:image:type\" content=\"image\/jpeg\" \/>\n<meta name=\"twitter:card\" content=\"summary_large_image\" \/>\n<meta name=\"twitter:site\" content=\"@Manurefetisch\" \/>\n<script type=\"application\/ld+json\" class=\"yoast-schema-graph\">{\"@context\":\"https:\/\/schema.org\",\"@graph\":[{\"@type\":\"WebPage\",\"@id\":\"https:\/\/manurefetish.com\/shop\/videos\/on-tour-first-pig-manure-lagoon\/\",\"url\":\"https:\/\/manurefetish.com\/shop\/videos\/on-tour-first-pig-manure-lagoon\/\",\"name\":\"ON TOUR: First Pig Manure Lagoon - ManureFetish\",\"isPartOf\":{\"@id\":\"https:\/\/manurefetish.com\/#website\"},\"primaryImageOfPage\":{\"@id\":\"https:\/\/manurefetish.com\/shop\/videos\/on-tour-first-pig-manure-lagoon\/#primaryimage\"},\"image\":{\"@id\":\"https:\/\/manurefetish.com\/shop\/videos\/on-tour-first-pig-manure-lagoon\/#primaryimage\"},\"thumbnailUrl\":\"https:\/\/manurefetish.b-cdn.net\/wp-content\/uploads\/2024\/05\/ON-TOUR-First-Pig-Manure-Lagoon-17.jpg\",\"datePublished\":\"2024-05-28T03:20:19+00:00\",\"dateModified\":\"2026-03-24T14:23:34+00:00\",\"description\":\"ON TOUR: First Pig Manure Lagoon, while looking for new places Lyndra finds a really nice spot to get covered in pig shit and masturbate.\",\"breadcrumb\":{\"@id\":\"https:\/\/manurefetish.com\/shop\/videos\/on-tour-first-pig-manure-lagoon\/#breadcrumb\"},\"inLanguage\":\"fr-FR\",\"potentialAction\":[{\"@type\":\"ReadAction\",\"target\":[\"https:\/\/manurefetish.com\/shop\/videos\/on-tour-first-pig-manure-lagoon\/\"]}]},{\"@type\":\"ImageObject\",\"inLanguage\":\"fr-FR\",\"@id\":\"https:\/\/manurefetish.com\/shop\/videos\/on-tour-first-pig-manure-lagoon\/#primaryimage\",\"url\":\"https:\/\/manurefetish.b-cdn.net\/wp-content\/uploads\/2024\/05\/ON-TOUR-First-Pig-Manure-Lagoon-17.jpg\",\"contentUrl\":\"https:\/\/manurefetish.b-cdn.net\/wp-content\/uploads\/2024\/05\/ON-TOUR-First-Pig-Manure-Lagoon-17.jpg\",\"width\":1728,\"height\":576},{\"@type\":\"BreadcrumbList\",\"@id\":\"https:\/\/manurefetish.com\/shop\/videos\/on-tour-first-pig-manure-lagoon\/#breadcrumb\",\"itemListElement\":[{\"@type\":\"ListItem\",\"position\":1,\"name\":\"Home\",\"item\":\"https:\/\/manurefetish.com\/\"},{\"@type\":\"ListItem\",\"position\":2,\"name\":\"Shop\",\"item\":\"https:\/\/manurefetish.com\/shop\/\"},{\"@type\":\"ListItem\",\"position\":3,\"name\":\"Videos\",\"item\":\"https:\/\/manurefetish.com\/product-category\/videos\/\"},{\"@type\":\"ListItem\",\"position\":4,\"name\":\"ON TOUR: First Pig Manure Lagoon\"}]},{\"@type\":\"WebSite\",\"@id\":\"https:\/\/manurefetish.com\/#website\",\"url\":\"https:\/\/manurefetish.com\/\",\"name\":\"ManureFetish\",\"description\":\"ManureFetish Shop\",\"publisher\":{\"@id\":\"https:\/\/manurefetish.com\/#organization\"},\"potentialAction\":[{\"@type\":\"SearchAction\",\"target\":{\"@type\":\"EntryPoint\",\"urlTemplate\":\"https:\/\/manurefetish.com\/?s={search_term_string}\"},\"query-input\":{\"@type\":\"PropertyValueSpecification\",\"valueRequired\":true,\"valueName\":\"search_term_string\"}}],\"inLanguage\":\"fr-FR\"},{\"@type\":\"Organization\",\"@id\":\"https:\/\/manurefetish.com\/#organization\",\"name\":\"ManureFetish.com\",\"url\":\"https:\/\/manurefetish.com\/\",\"logo\":{\"@type\":\"ImageObject\",\"inLanguage\":\"fr-FR\",\"@id\":\"https:\/\/manurefetish.com\/#\/schema\/logo\/image\/\",\"url\":\"https:\/\/manurefetish.com\/wp-content\/uploads\/2019\/06\/1000xmanurefetishcom-michaela-logo-website-shop.png\",\"contentUrl\":\"https:\/\/manurefetish.com\/wp-content\/uploads\/2019\/06\/1000xmanurefetishcom-michaela-logo-website-shop.png\",\"width\":1000,\"height\":632,\"caption\":\"ManureFetish.com\"},\"image\":{\"@id\":\"https:\/\/manurefetish.com\/#\/schema\/logo\/image\/\"},\"sameAs\":[\"https:\/\/www.facebook.com\/manurefetish\/\",\"https:\/\/x.com\/Manurefetisch\",\"https:\/\/www.youtube.com\/c\/ManureFetish\"],\"description\":\"We're creating various fetish content with female and male models alike.\",\"foundingDate\":\"2019-07-04\",\"vatID\":\"DE366928521\",\"numberOfEmployees\":{\"@type\":\"QuantitativeValue\",\"minValue\":\"1\",\"maxValue\":\"10\"}}]}<\/script>\n<meta property=\"og:availability\" content=\"instock\" \/>\n<meta property=\"product:availability\" content=\"instock\" \/>\n<meta property=\"product:retailer_item_id\" content=\"MFW-OT-FPML\" \/>\n<meta property=\"product:condition\" content=\"new\" \/>\n<!-- \/ Yoast SEO Premium plugin. -->","yoast_head_json":{"title":"EN VISITE : First Pig Manure Lagoon - ManureFetish","description":"ON TOUR : First Pig Manure Lagoon, en cherchant de nouveaux endroits, Lyndra trouve un endroit vraiment sympa pour se couvrir de merde de porc et se masturber.","robots":{"index":"index","follow":"follow","max-snippet":"max-snippet:-1","max-image-preview":"max-image-preview:large","max-video-preview":"max-video-preview:-1"},"canonical":"https:\/\/manurefetish.com\/fr\/shop\/videos\/on-tour-first-pig-manure-lagoon\/","og_locale":"fr_FR","og_type":"article","og_title":"ON TOUR: First Pig Manure Lagoon","og_description":"ON TOUR: First Pig Manure Lagoon, while looking for new places Lyndra finds a really nice spot to get covered in pig shit and masturbate.","og_url":"https:\/\/manurefetish.com\/fr\/shop\/videos\/on-tour-first-pig-manure-lagoon\/","og_site_name":"ManureFetish","article_publisher":"https:\/\/www.facebook.com\/manurefetish\/","article_modified_time":"2026-03-24T14:23:34+00:00","og_image":[{"width":1728,"height":576,"url":"https:\/\/manurefetish.com\/wp-content\/uploads\/2024\/05\/ON-TOUR-First-Pig-Manure-Lagoon-17.jpg","type":"image\/jpeg"}],"twitter_card":"summary_large_image","twitter_site":"@Manurefetisch","schema":{"@context":"https:\/\/schema.org","@graph":[{"@type":"WebPage","@id":"https:\/\/manurefetish.com\/shop\/videos\/on-tour-first-pig-manure-lagoon\/","url":"https:\/\/manurefetish.com\/shop\/videos\/on-tour-first-pig-manure-lagoon\/","name":"EN VISITE : First Pig Manure Lagoon - ManureFetish","isPartOf":{"@id":"https:\/\/manurefetish.com\/#website"},"primaryImageOfPage":{"@id":"https:\/\/manurefetish.com\/shop\/videos\/on-tour-first-pig-manure-lagoon\/#primaryimage"},"image":{"@id":"https:\/\/manurefetish.com\/shop\/videos\/on-tour-first-pig-manure-lagoon\/#primaryimage"},"thumbnailUrl":"https:\/\/manurefetish.b-cdn.net\/wp-content\/uploads\/2024\/05\/ON-TOUR-First-Pig-Manure-Lagoon-17.jpg","datePublished":"2024-05-28T03:20:19+00:00","dateModified":"2026-03-24T14:23:34+00:00","description":"ON TOUR : First Pig Manure Lagoon, en cherchant de nouveaux endroits, Lyndra trouve un endroit vraiment sympa pour se couvrir de merde de porc et se masturber.","breadcrumb":{"@id":"https:\/\/manurefetish.com\/shop\/videos\/on-tour-first-pig-manure-lagoon\/#breadcrumb"},"inLanguage":"fr-FR","potentialAction":[{"@type":"ReadAction","target":["https:\/\/manurefetish.com\/shop\/videos\/on-tour-first-pig-manure-lagoon\/"]}]},{"@type":"ImageObject","inLanguage":"fr-FR","@id":"https:\/\/manurefetish.com\/shop\/videos\/on-tour-first-pig-manure-lagoon\/#primaryimage","url":"https:\/\/manurefetish.b-cdn.net\/wp-content\/uploads\/2024\/05\/ON-TOUR-First-Pig-Manure-Lagoon-17.jpg","contentUrl":"https:\/\/manurefetish.b-cdn.net\/wp-content\/uploads\/2024\/05\/ON-TOUR-First-Pig-Manure-Lagoon-17.jpg","width":1728,"height":576},{"@type":"BreadcrumbList","@id":"https:\/\/manurefetish.com\/shop\/videos\/on-tour-first-pig-manure-lagoon\/#breadcrumb","itemListElement":[{"@type":"ListItem","position":1,"name":"Home","item":"https:\/\/manurefetish.com\/"},{"@type":"ListItem","position":2,"name":"Shop","item":"https:\/\/manurefetish.com\/shop\/"},{"@type":"ListItem","position":3,"name":"Videos","item":"https:\/\/manurefetish.com\/product-category\/videos\/"},{"@type":"ListItem","position":4,"name":"ON TOUR: First Pig Manure Lagoon"}]},{"@type":"WebSite","@id":"https:\/\/manurefetish.com\/#website","url":"https:\/\/manurefetish.com\/","name":"ManureFetish","description":"ManureFetish Shop","publisher":{"@id":"https:\/\/manurefetish.com\/#organization"},"potentialAction":[{"@type":"SearchAction","target":{"@type":"EntryPoint","urlTemplate":"https:\/\/manurefetish.com\/?s={search_term_string}"},"query-input":{"@type":"PropertyValueSpecification","valueRequired":true,"valueName":"search_term_string"}}],"inLanguage":"fr-FR"},{"@type":"Organization","@id":"https:\/\/manurefetish.com\/#organization","name":"ManureFetish.com","url":"https:\/\/manurefetish.com\/","logo":{"@type":"ImageObject","inLanguage":"fr-FR","@id":"https:\/\/manurefetish.com\/#\/schema\/logo\/image\/","url":"https:\/\/manurefetish.com\/wp-content\/uploads\/2019\/06\/1000xmanurefetishcom-michaela-logo-website-shop.png","contentUrl":"https:\/\/manurefetish.com\/wp-content\/uploads\/2019\/06\/1000xmanurefetishcom-michaela-logo-website-shop.png","width":1000,"height":632,"caption":"ManureFetish.com"},"image":{"@id":"https:\/\/manurefetish.com\/#\/schema\/logo\/image\/"},"sameAs":["https:\/\/www.facebook.com\/manurefetish\/","https:\/\/x.com\/Manurefetisch","https:\/\/www.youtube.com\/c\/ManureFetish"],"description":"Nous cr\u00e9ons divers contenus f\u00e9tichistes avec des mod\u00e8les f\u00e9minins et masculins.","foundingDate":"2019-07-04","vatID":"DE366928521","numberOfEmployees":{"@type":"QuantitativeValue","minValue":"1","maxValue":"10"}}]},"og_availability":"instock","product_availability":"instock","product_retailer_item_id":"MFW-OT-FPML","product_condition":"new"},"_links":{"self":[{"href":"https:\/\/manurefetish.com\/fr\/wp-json\/wp\/v2\/product\/137301","targetHints":{"allow":["GET"]}}],"collection":[{"href":"https:\/\/manurefetish.com\/fr\/wp-json\/wp\/v2\/product"}],"about":[{"href":"https:\/\/manurefetish.com\/fr\/wp-json\/wp\/v2\/types\/product"}],"replies":[{"embeddable":true,"href":"https:\/\/manurefetish.com\/fr\/wp-json\/wp\/v2\/comments?post=137301"}],"version-history":[{"count":0,"href":"https:\/\/manurefetish.com\/fr\/wp-json\/wp\/v2\/product\/137301\/revisions"}],"wp:featuredmedia":[{"embeddable":true,"href":"https:\/\/manurefetish.com\/fr\/wp-json\/wp\/v2\/media\/199212"}],"wp:attachment":[{"href":"https:\/\/manurefetish.com\/fr\/wp-json\/wp\/v2\/media?parent=137301"}],"wp:term":[{"taxonomy":"product_brand","embeddable":true,"href":"https:\/\/manurefetish.com\/fr\/wp-json\/wp\/v2\/product_brand?post=137301"},{"taxonomy":"product_cat","embeddable":true,"href":"https:\/\/manurefetish.com\/fr\/wp-json\/wp\/v2\/product_cat?post=137301"},{"taxonomy":"product_tag","embeddable":true,"href":"https:\/\/manurefetish.com\/fr\/wp-json\/wp\/v2\/product_tag?post=137301"}],"curies":[{"name":"wp","href":"https:\/\/api.w.org\/{rel}","templated":true}]}}