{"id":132390,"date":"2024-04-29T04:21:51","date_gmt":"2024-04-29T02:21:51","guid":{"rendered":"https:\/\/manurefetish.com\/?post_type=product&#038;p=132390"},"modified":"2026-03-24T15:24:44","modified_gmt":"2026-03-24T14:24:44","slug":"cowzy-corner","status":"publish","type":"product","link":"https:\/\/manurefetish.com\/fr\/shop\/videos\/cowzy-corner\/","title":{"rendered":"Cowzy Corner"},"content":{"rendered":"<p><span style=\"font-weight: 400;\">Lyndra wants to relax and read a magazine on her favorite chair. She walks over to it, sits down and gets cozy in her blanket. Then she hears a splashing noise and realizes it comes from the pipe where it spills out warm creamy cowshit. She can\u2019t resist and wants to have some fun. So she grabs the pipe and pulls it over, so the cowshit flows out onto her.<br \/>\nShe begins to cover her body and pulls down her onesie so that it can flow in. She likes the feeling of the warm cowshit on her skin. After she\u2019s nearly completely covered, she begins to masturbate, Lyndra also tries out a new position, upside down on the chair, which she really likes.<\/span><\/p>","protected":false},"excerpt":{"rendered":"<p>Lyndra wants to relax and read a magazine on her favorite chair. She walks over to it, sits down and gets cozy in her blanket. Then she hears a splashing noise and realizes it comes from the pipe where it spills out warm creamy cowshit. She can\u2019t resist and wants to have some fun. So [&hellip;]<\/p>\n","protected":false},"featured_media":199225,"comment_status":"open","ping_status":"closed","template":"","meta":{"_acf_changed":false,"site-sidebar-layout":"default","site-content-layout":"","ast-site-content-layout":"default","site-content-style":"default","site-sidebar-style":"default","ast-global-header-display":"","ast-banner-title-visibility":"","ast-main-header-display":"","ast-hfb-above-header-display":"","ast-hfb-below-header-display":"","ast-hfb-mobile-header-display":"","site-post-title":"","ast-breadcrumbs-content":"","ast-featured-img":"","footer-sml-layout":"","ast-disable-related-posts":"","theme-transparent-header-meta":"default","adv-header-id-meta":"","stick-header-meta":"","header-above-stick-meta":"","header-main-stick-meta":"","header-below-stick-meta":"","astra-migrate-meta-layouts":"set","ast-page-background-enabled":"default","ast-page-background-meta":{"desktop":{"background-color":"var(--ast-global-color-4)","background-image":"","background-repeat":"repeat","background-position":"center center","background-size":"auto","background-attachment":"scroll","background-type":"","background-media":"","overlay-type":"","overlay-color":"","overlay-opacity":"","overlay-gradient":""},"tablet":{"background-color":"","background-image":"","background-repeat":"repeat","background-position":"center center","background-size":"auto","background-attachment":"scroll","background-type":"","background-media":"","overlay-type":"","overlay-color":"","overlay-opacity":"","overlay-gradient":""},"mobile":{"background-color":"","background-image":"","background-repeat":"repeat","background-position":"center center","background-size":"auto","background-attachment":"scroll","background-type":"","background-media":"","overlay-type":"","overlay-color":"","overlay-opacity":"","overlay-gradient":""}},"ast-content-background-meta":{"desktop":{"background-color":"var(--ast-global-color-5)","background-image":"","background-repeat":"repeat","background-position":"center center","background-size":"auto","background-attachment":"scroll","background-type":"","background-media":"","overlay-type":"","overlay-color":"","overlay-opacity":"","overlay-gradient":""},"tablet":{"background-color":"var(--ast-global-color-5)","background-image":"","background-repeat":"repeat","background-position":"center center","background-size":"auto","background-attachment":"scroll","background-type":"","background-media":"","overlay-type":"","overlay-color":"","overlay-opacity":"","overlay-gradient":""},"mobile":{"background-color":"var(--ast-global-color-5)","background-image":"","background-repeat":"repeat","background-position":"center center","background-size":"auto","background-attachment":"scroll","background-type":"","background-media":"","overlay-type":"","overlay-color":"","overlay-opacity":"","overlay-gradient":""}}},"product_brand":[],"product_cat":[4470],"product_tag":[17,4196,4226,317,2623,318,2621,3830,4227,316,4225,64,3933,3030,20,4089,3523,2419,2841,18,2285,2206,2629,3174,65,35,32,4199,2650,4482,24,2832,2368,3233],"class_list":{"0":"post-132390","1":"product","2":"type-product","3":"status-publish","4":"has-post-thumbnail","6":"product_cat-videos","7":"product_tag-anal","8":"product_tag-animal-scat","9":"product_tag-armchair","10":"product_tag-asshole","11":"product_tag-barn","12":"product_tag-boobs","13":"product_tag-cow-dung","14":"product_tag-cowshit","15":"product_tag-cozy","16":"product_tag-cunt","17":"product_tag-daddy","18":"product_tag-dildo","19":"product_tag-doggystyle","20":"product_tag-download","21":"product_tag-dung","22":"product_tag-egirl","23":"product_tag-fingering","24":"product_tag-full-hd","25":"product_tag-lyndra-lynn","26":"product_tag-manure","27":"product_tag-masturbate","28":"product_tag-masturbation","29":"product_tag-messy","30":"product_tag-missionary","31":"product_tag-naked","32":"product_tag-orgasm","33":"product_tag-pussy","34":"product_tag-season-5","35":"product_tag-sensual","36":"product_tag-sex-in-cowshit","37":"product_tag-slurry","38":"product_tag-smearing","39":"product_tag-ultra-hd","40":"product_tag-waifu","41":"pa_length-31-minutes","42":"pa_product-type-digital-download-full-hd-video","43":"pa_product-type-digital-download-ultra-hd-video","44":"pa_product-type-usb-stick","45":"pa_video-info-full-hd-1920x1080p","46":"pa_video-info-ultra-hd-4k","47":"desktop-align-center","48":"tablet-align-left","49":"mobile-align-left","51":"first","52":"instock","53":"shipping-taxable","54":"purchasable","55":"product-type-variable"},"exclude_global_add_ons":[],"addons":[],"acf":[],"yoast_head":"<!-- This site is optimized with the Yoast SEO Premium plugin v27.1 (Yoast SEO v27.1.1) - https:\/\/yoast.com\/product\/yoast-seo-premium-wordpress\/ -->\n<title>Cowzy Corner - ManureFetish - cowshit from the pipe<\/title>\n<meta name=\"description\" content=\"Cowzy Corner, Lyndra walks over to her favorite chair to read some magazine and chill a bit, but the cowshit is already movie through the pipe.\" \/>\n<meta name=\"robots\" content=\"index, follow, max-snippet:-1, max-image-preview:large, max-video-preview:-1\" \/>\n<link rel=\"canonical\" href=\"https:\/\/manurefetish.com\/fr\/shop\/videos\/cowzy-corner\/\" \/>\n<meta name=\"twitter:card\" content=\"summary_large_image\" \/>\n<meta name=\"twitter:title\" content=\"Cowzy Corner - ManureFetish - cowshit from the pipe\" \/>\n<meta name=\"twitter:description\" content=\"Cowzy Corner, Lyndra walks over to her favorite chair to read some magazine and chill a bit, but the cowshit is already movie through the pipe.\" \/>\n<meta name=\"twitter:image\" content=\"https:\/\/manurefetish.b-cdn.net\/wp-content\/uploads\/2024\/04\/Lyndra-Lynn-Cowzy-Corner.jpg\" \/>\n<meta name=\"twitter:site\" content=\"@Manurefetisch\" \/>\n<script type=\"application\/ld+json\" class=\"yoast-schema-graph\">{\"@context\":\"https:\/\/schema.org\",\"@graph\":[{\"@type\":\"WebPage\",\"@id\":\"https:\/\/manurefetish.com\/shop\/videos\/cowzy-corner\/\",\"url\":\"https:\/\/manurefetish.com\/shop\/videos\/cowzy-corner\/\",\"name\":\"Cowzy Corner - ManureFetish - cowshit from the pipe\",\"isPartOf\":{\"@id\":\"https:\/\/de.manurefetish.com\/#website\"},\"primaryImageOfPage\":{\"@id\":\"https:\/\/manurefetish.com\/shop\/videos\/cowzy-corner\/#primaryimage\"},\"image\":{\"@id\":\"https:\/\/manurefetish.com\/shop\/videos\/cowzy-corner\/#primaryimage\"},\"thumbnailUrl\":\"https:\/\/manurefetish.b-cdn.net\/wp-content\/uploads\/2024\/04\/Lyndra-Lynn-Cowzy-Corner.jpg\",\"datePublished\":\"2024-04-29T02:21:51+00:00\",\"dateModified\":\"2026-03-24T14:24:44+00:00\",\"description\":\"Cowzy Corner, Lyndra walks over to her favorite chair to read some magazine and chill a bit, but the cowshit is already movie through the pipe.\",\"breadcrumb\":{\"@id\":\"https:\/\/manurefetish.com\/shop\/videos\/cowzy-corner\/#breadcrumb\"},\"inLanguage\":\"fr-FR\",\"potentialAction\":[{\"@type\":\"ReadAction\",\"target\":[\"https:\/\/manurefetish.com\/shop\/videos\/cowzy-corner\/\"]}]},{\"@type\":\"ImageObject\",\"inLanguage\":\"fr-FR\",\"@id\":\"https:\/\/manurefetish.com\/shop\/videos\/cowzy-corner\/#primaryimage\",\"url\":\"https:\/\/manurefetish.b-cdn.net\/wp-content\/uploads\/2024\/04\/Lyndra-Lynn-Cowzy-Corner.jpg\",\"contentUrl\":\"https:\/\/manurefetish.b-cdn.net\/wp-content\/uploads\/2024\/04\/Lyndra-Lynn-Cowzy-Corner.jpg\",\"width\":1728,\"height\":576},{\"@type\":\"BreadcrumbList\",\"@id\":\"https:\/\/manurefetish.com\/shop\/videos\/cowzy-corner\/#breadcrumb\",\"itemListElement\":[{\"@type\":\"ListItem\",\"position\":1,\"name\":\"Home\",\"item\":\"https:\/\/manurefetish.com\/\"},{\"@type\":\"ListItem\",\"position\":2,\"name\":\"Shop\",\"item\":\"https:\/\/manurefetish.com\/shop\/\"},{\"@type\":\"ListItem\",\"position\":3,\"name\":\"Videos\",\"item\":\"https:\/\/manurefetish.com\/product-category\/videos\/\"},{\"@type\":\"ListItem\",\"position\":4,\"name\":\"Cowzy Corner\"}]},{\"@type\":\"WebSite\",\"@id\":\"https:\/\/de.manurefetish.com\/#website\",\"url\":\"https:\/\/de.manurefetish.com\/\",\"name\":\"ManureFetish\",\"description\":\"ManureFetish Shop\",\"publisher\":{\"@id\":\"https:\/\/de.manurefetish.com\/#organization\"},\"potentialAction\":[{\"@type\":\"SearchAction\",\"target\":{\"@type\":\"EntryPoint\",\"urlTemplate\":\"https:\/\/de.manurefetish.com\/?s={search_term_string}\"},\"query-input\":{\"@type\":\"PropertyValueSpecification\",\"valueRequired\":true,\"valueName\":\"search_term_string\"}}],\"inLanguage\":\"fr-FR\"},{\"@type\":\"Organization\",\"@id\":\"https:\/\/de.manurefetish.com\/#organization\",\"name\":\"ManureFetish.com\",\"url\":\"https:\/\/de.manurefetish.com\/\",\"logo\":{\"@type\":\"ImageObject\",\"inLanguage\":\"fr-FR\",\"@id\":\"https:\/\/de.manurefetish.com\/#\/schema\/logo\/image\/\",\"url\":\"https:\/\/manurefetish.com\/wp-content\/uploads\/2019\/06\/1000xmanurefetishcom-michaela-logo-website-shop.png\",\"contentUrl\":\"https:\/\/manurefetish.com\/wp-content\/uploads\/2019\/06\/1000xmanurefetishcom-michaela-logo-website-shop.png\",\"width\":1000,\"height\":632,\"caption\":\"ManureFetish.com\"},\"image\":{\"@id\":\"https:\/\/de.manurefetish.com\/#\/schema\/logo\/image\/\"},\"sameAs\":[\"https:\/\/www.facebook.com\/manurefetish\/\",\"https:\/\/x.com\/Manurefetisch\",\"https:\/\/www.youtube.com\/c\/ManureFetish\"],\"description\":\"We're creating various fetish content with female and male models alike.\",\"foundingDate\":\"2019-07-04\",\"vatID\":\"DE366928521\",\"numberOfEmployees\":{\"@type\":\"QuantitativeValue\",\"minValue\":\"1\",\"maxValue\":\"10\"}}]}<\/script>\n<meta property=\"og:availability\" content=\"instock\" \/>\n<meta property=\"product:availability\" content=\"instock\" \/>\n<meta property=\"product:retailer_item_id\" content=\"MFW-COCO\" \/>\n<meta property=\"product:condition\" content=\"new\" \/>\n<!-- \/ Yoast SEO Premium plugin. -->","yoast_head_json":{"title":"Cowzy Corner - ManureFetish - la merde de vache du tuyau","description":"Cowzy Corner, Lyndra se dirige vers sa chaise pr\u00e9f\u00e9r\u00e9e pour lire un magazine et se d\u00e9tendre un peu, mais la merde de vache est d\u00e9j\u00e0 en train de passer par le tuyau.","robots":{"index":"index","follow":"follow","max-snippet":"max-snippet:-1","max-image-preview":"max-image-preview:large","max-video-preview":"max-video-preview:-1"},"canonical":"https:\/\/manurefetish.com\/fr\/shop\/videos\/cowzy-corner\/","twitter_card":"summary_large_image","twitter_title":"Cowzy Corner - ManureFetish - cowshit from the pipe","twitter_description":"Cowzy Corner, Lyndra walks over to her favorite chair to read some magazine and chill a bit, but the cowshit is already movie through the pipe.","twitter_image":"https:\/\/manurefetish.b-cdn.net\/wp-content\/uploads\/2024\/04\/Lyndra-Lynn-Cowzy-Corner.jpg","twitter_site":"@Manurefetisch","schema":{"@context":"https:\/\/schema.org","@graph":[{"@type":"WebPage","@id":"https:\/\/manurefetish.com\/shop\/videos\/cowzy-corner\/","url":"https:\/\/manurefetish.com\/shop\/videos\/cowzy-corner\/","name":"Cowzy Corner - ManureFetish - la merde de vache du tuyau","isPartOf":{"@id":"https:\/\/de.manurefetish.com\/#website"},"primaryImageOfPage":{"@id":"https:\/\/manurefetish.com\/shop\/videos\/cowzy-corner\/#primaryimage"},"image":{"@id":"https:\/\/manurefetish.com\/shop\/videos\/cowzy-corner\/#primaryimage"},"thumbnailUrl":"https:\/\/manurefetish.b-cdn.net\/wp-content\/uploads\/2024\/04\/Lyndra-Lynn-Cowzy-Corner.jpg","datePublished":"2024-04-29T02:21:51+00:00","dateModified":"2026-03-24T14:24:44+00:00","description":"Cowzy Corner, Lyndra se dirige vers sa chaise pr\u00e9f\u00e9r\u00e9e pour lire un magazine et se d\u00e9tendre un peu, mais la merde de vache est d\u00e9j\u00e0 en train de passer par le tuyau.","breadcrumb":{"@id":"https:\/\/manurefetish.com\/shop\/videos\/cowzy-corner\/#breadcrumb"},"inLanguage":"fr-FR","potentialAction":[{"@type":"ReadAction","target":["https:\/\/manurefetish.com\/shop\/videos\/cowzy-corner\/"]}]},{"@type":"ImageObject","inLanguage":"fr-FR","@id":"https:\/\/manurefetish.com\/shop\/videos\/cowzy-corner\/#primaryimage","url":"https:\/\/manurefetish.b-cdn.net\/wp-content\/uploads\/2024\/04\/Lyndra-Lynn-Cowzy-Corner.jpg","contentUrl":"https:\/\/manurefetish.b-cdn.net\/wp-content\/uploads\/2024\/04\/Lyndra-Lynn-Cowzy-Corner.jpg","width":1728,"height":576},{"@type":"BreadcrumbList","@id":"https:\/\/manurefetish.com\/shop\/videos\/cowzy-corner\/#breadcrumb","itemListElement":[{"@type":"ListItem","position":1,"name":"Home","item":"https:\/\/manurefetish.com\/"},{"@type":"ListItem","position":2,"name":"Shop","item":"https:\/\/manurefetish.com\/shop\/"},{"@type":"ListItem","position":3,"name":"Videos","item":"https:\/\/manurefetish.com\/product-category\/videos\/"},{"@type":"ListItem","position":4,"name":"Cowzy Corner"}]},{"@type":"WebSite","@id":"https:\/\/de.manurefetish.com\/#website","url":"https:\/\/de.manurefetish.com\/","name":"ManureFetish","description":"ManureFetish Shop","publisher":{"@id":"https:\/\/de.manurefetish.com\/#organization"},"potentialAction":[{"@type":"SearchAction","target":{"@type":"EntryPoint","urlTemplate":"https:\/\/de.manurefetish.com\/?s={search_term_string}"},"query-input":{"@type":"PropertyValueSpecification","valueRequired":true,"valueName":"search_term_string"}}],"inLanguage":"fr-FR"},{"@type":"Organization","@id":"https:\/\/de.manurefetish.com\/#organization","name":"ManureFetish.com","url":"https:\/\/de.manurefetish.com\/","logo":{"@type":"ImageObject","inLanguage":"fr-FR","@id":"https:\/\/de.manurefetish.com\/#\/schema\/logo\/image\/","url":"https:\/\/manurefetish.com\/wp-content\/uploads\/2019\/06\/1000xmanurefetishcom-michaela-logo-website-shop.png","contentUrl":"https:\/\/manurefetish.com\/wp-content\/uploads\/2019\/06\/1000xmanurefetishcom-michaela-logo-website-shop.png","width":1000,"height":632,"caption":"ManureFetish.com"},"image":{"@id":"https:\/\/de.manurefetish.com\/#\/schema\/logo\/image\/"},"sameAs":["https:\/\/www.facebook.com\/manurefetish\/","https:\/\/x.com\/Manurefetisch","https:\/\/www.youtube.com\/c\/ManureFetish"],"description":"Nous cr\u00e9ons divers contenus f\u00e9tichistes avec des mod\u00e8les f\u00e9minins et masculins.","foundingDate":"2019-07-04","vatID":"DE366928521","numberOfEmployees":{"@type":"QuantitativeValue","minValue":"1","maxValue":"10"}}]},"og_availability":"instock","product_availability":"instock","product_retailer_item_id":"MFW-COCO","product_condition":"new"},"_links":{"self":[{"href":"https:\/\/manurefetish.com\/fr\/wp-json\/wp\/v2\/product\/132390","targetHints":{"allow":["GET"]}}],"collection":[{"href":"https:\/\/manurefetish.com\/fr\/wp-json\/wp\/v2\/product"}],"about":[{"href":"https:\/\/manurefetish.com\/fr\/wp-json\/wp\/v2\/types\/product"}],"replies":[{"embeddable":true,"href":"https:\/\/manurefetish.com\/fr\/wp-json\/wp\/v2\/comments?post=132390"}],"version-history":[{"count":0,"href":"https:\/\/manurefetish.com\/fr\/wp-json\/wp\/v2\/product\/132390\/revisions"}],"wp:featuredmedia":[{"embeddable":true,"href":"https:\/\/manurefetish.com\/fr\/wp-json\/wp\/v2\/media\/199225"}],"wp:attachment":[{"href":"https:\/\/manurefetish.com\/fr\/wp-json\/wp\/v2\/media?parent=132390"}],"wp:term":[{"taxonomy":"product_brand","embeddable":true,"href":"https:\/\/manurefetish.com\/fr\/wp-json\/wp\/v2\/product_brand?post=132390"},{"taxonomy":"product_cat","embeddable":true,"href":"https:\/\/manurefetish.com\/fr\/wp-json\/wp\/v2\/product_cat?post=132390"},{"taxonomy":"product_tag","embeddable":true,"href":"https:\/\/manurefetish.com\/fr\/wp-json\/wp\/v2\/product_tag?post=132390"}],"curies":[{"name":"wp","href":"https:\/\/api.w.org\/{rel}","templated":true}]}}