{"id":131617,"date":"2024-04-06T23:52:42","date_gmt":"2024-04-06T21:52:42","guid":{"rendered":"https:\/\/manurefetish.com\/?post_type=product&#038;p=131617"},"modified":"2026-03-24T15:26:23","modified_gmt":"2026-03-24T14:26:23","slug":"lyndra-lynn-midnight-pooping","status":"publish","type":"product","link":"https:\/\/manurefetish.com\/fr\/shop\/videos\/lyndra-lynn-midnight-pooping\/","title":{"rendered":"Lyndra Lynn &#8211; Midnight Pooping"},"content":{"rendered":"<p><span style=\"font-weight: 400;\">Mon ventre a gargouill\u00e9 toute la journ\u00e9e, j'\u00e9tais tellement fatigu\u00e9e que je me suis couch\u00e9e t\u00f4t. Vers minuit, c'est arriv\u00e9, je n'ai plus pu me retenir et je me suis compl\u00e8tement chi\u00e9 dessus. Maintenant que je suis de toute fa\u00e7on d\u00e9sordonn\u00e9e et d\u00e9j\u00e0 un peu excit\u00e9e par ma culotte pleine, je peux commencer \u00e0 m'amuser. Je commence \u00e0 l'\u00e9craser dans ma culotte et \u00e0 rebondir de haut en bas. J'en veux plus, alors j'attrape ma culotte pleine de merde et je l'\u00e9tale tout autour de mon cul, puis je commence \u00e0 me doigter et plus tard j'attrape mon gode pour baiser ma chatte tr\u00e8s fort. C'\u00e9tait une s\u00e9ance tr\u00e8s salissante et j'ai mis le bazar dans mon lit.<\/span><\/p>","protected":false},"excerpt":{"rendered":"<p>My belly rumbled the whole day, I was so tired from it so I got to bed early. Around midnight it happened, I couldn\u2019t hold it anymore and shit myself completely. Now that I\u2019m messy anyway and already a little bit turned on from my full panties, I can start to have some fun. I [&hellip;]<\/p>\n","protected":false},"featured_media":199176,"comment_status":"open","ping_status":"closed","template":"","meta":{"_acf_changed":false,"site-sidebar-layout":"default","site-content-layout":"","ast-site-content-layout":"default","site-content-style":"default","site-sidebar-style":"default","ast-global-header-display":"","ast-banner-title-visibility":"","ast-main-header-display":"","ast-hfb-above-header-display":"","ast-hfb-below-header-display":"","ast-hfb-mobile-header-display":"","site-post-title":"","ast-breadcrumbs-content":"","ast-featured-img":"","footer-sml-layout":"","ast-disable-related-posts":"","theme-transparent-header-meta":"default","adv-header-id-meta":"","stick-header-meta":"","header-above-stick-meta":"","header-main-stick-meta":"","header-below-stick-meta":"","astra-migrate-meta-layouts":"set","ast-page-background-enabled":"default","ast-page-background-meta":{"desktop":{"background-color":"var(--ast-global-color-4)","background-image":"","background-repeat":"repeat","background-position":"center center","background-size":"auto","background-attachment":"scroll","background-type":"","background-media":"","overlay-type":"","overlay-color":"","overlay-opacity":"","overlay-gradient":""},"tablet":{"background-color":"","background-image":"","background-repeat":"repeat","background-position":"center center","background-size":"auto","background-attachment":"scroll","background-type":"","background-media":"","overlay-type":"","overlay-color":"","overlay-opacity":"","overlay-gradient":""},"mobile":{"background-color":"","background-image":"","background-repeat":"repeat","background-position":"center center","background-size":"auto","background-attachment":"scroll","background-type":"","background-media":"","overlay-type":"","overlay-color":"","overlay-opacity":"","overlay-gradient":""}},"ast-content-background-meta":{"desktop":{"background-color":"var(--ast-global-color-5)","background-image":"","background-repeat":"repeat","background-position":"center center","background-size":"auto","background-attachment":"scroll","background-type":"","background-media":"","overlay-type":"","overlay-color":"","overlay-opacity":"","overlay-gradient":""},"tablet":{"background-color":"var(--ast-global-color-5)","background-image":"","background-repeat":"repeat","background-position":"center center","background-size":"auto","background-attachment":"scroll","background-type":"","background-media":"","overlay-type":"","overlay-color":"","overlay-opacity":"","overlay-gradient":""},"mobile":{"background-color":"var(--ast-global-color-5)","background-image":"","background-repeat":"repeat","background-position":"center center","background-size":"auto","background-attachment":"scroll","background-type":"","background-media":"","overlay-type":"","overlay-color":"","overlay-opacity":"","overlay-gradient":""}}},"product_brand":[],"product_cat":[4470],"product_tag":[317,318,2551,316,64,3933,3030,2419,3861,4573,4572,4556,2841,2285,2206,2629,3174,65,35,2637,4194,4193,4136,4137,32,4135,3881,2650,34,3512,4187,2832,2477,4178,2368,3233],"class_list":{"0":"post-131617","1":"product","2":"type-product","3":"status-publish","4":"has-post-thumbnail","6":"product_cat-videos","7":"product_tag-asshole","8":"product_tag-boobs","9":"product_tag-couple","10":"product_tag-cunt","11":"product_tag-dildo","12":"product_tag-doggystyle","13":"product_tag-download","14":"product_tag-full-hd","15":"product_tag-human-dung","16":"product_tag-human-feces","17":"product_tag-human-scat","18":"product_tag-human-shit","19":"product_tag-lyndra-lynn","20":"product_tag-masturbate","21":"product_tag-masturbation","22":"product_tag-messy","23":"product_tag-missionary","24":"product_tag-naked","25":"product_tag-orgasm","26":"product_tag-panty","27":"product_tag-panty-poop","28":"product_tag-pantypooping","29":"product_tag-poop","30":"product_tag-pooping","31":"product_tag-pussy","32":"product_tag-scat","33":"product_tag-season-4","34":"product_tag-sensual","35":"product_tag-sex","36":"product_tag-sextoy","37":"product_tag-shitting","38":"product_tag-smearing","39":"product_tag-squirt","40":"product_tag-treatment","41":"product_tag-ultra-hd","42":"product_tag-waifu","43":"pa_length-27-minutes","44":"pa_product-type-digital-download-full-hd-video","45":"pa_product-type-digital-download-ultra-hd-video","46":"pa_product-type-usb-stick","47":"pa_video-info-full-hd-1920x1080p","48":"pa_video-info-ultra-hd-4k","49":"desktop-align-center","50":"tablet-align-left","51":"mobile-align-left","53":"first","54":"instock","55":"shipping-taxable","56":"purchasable","57":"product-type-variable","58":"has-default-attributes"},"exclude_global_add_ons":[],"addons":[],"acf":[],"yoast_head":"<!-- This site is optimized with the Yoast SEO Premium plugin v27.1 (Yoast SEO v27.1.1) - https:\/\/yoast.com\/product\/yoast-seo-premium-wordpress\/ -->\n<title>Lyndra Lynn - Midnight Pooping - ManureFetish -<\/title>\n<meta name=\"description\" content=\"Lyndra Lynn - Midnight Pooping, I shit myself in my sleep. I couldn&#039;t hold it anymore. I filled my panties completely then I&#039;ve masturbated with it.\" \/>\n<meta name=\"robots\" content=\"index, follow, max-snippet:-1, max-image-preview:large, max-video-preview:-1\" \/>\n<link rel=\"canonical\" href=\"https:\/\/manurefetish.com\/fr\/shop\/videos\/lyndra-lynn-midnight-pooping\/\" \/>\n<meta property=\"og:locale\" content=\"fr_FR\" \/>\n<meta property=\"og:type\" content=\"article\" \/>\n<meta property=\"og:title\" content=\"Lyndra Lynn - Midnight Pooping\" \/>\n<meta property=\"og:description\" content=\"Lyndra Lynn - Midnight Pooping, I shit myself in my sleep. I couldn&#039;t hold it anymore. I filled my panties completely then I&#039;ve masturbated with it.\" \/>\n<meta property=\"og:url\" content=\"https:\/\/manurefetish.com\/fr\/shop\/videos\/lyndra-lynn-midnight-pooping\/\" \/>\n<meta property=\"og:site_name\" content=\"ManureFetish\" \/>\n<meta property=\"article:publisher\" content=\"https:\/\/www.facebook.com\/manurefetish\/\" \/>\n<meta property=\"article:modified_time\" content=\"2026-03-24T14:26:23+00:00\" \/>\n<meta property=\"og:image\" content=\"https:\/\/manurefetish.com\/wp-content\/uploads\/2024\/04\/Lyndra-Lynn-Midnight-Pooping.jpg\" \/>\n\t<meta property=\"og:image:width\" content=\"1728\" \/>\n\t<meta property=\"og:image:height\" content=\"576\" \/>\n\t<meta property=\"og:image:type\" content=\"image\/jpeg\" \/>\n<meta name=\"twitter:card\" content=\"summary_large_image\" \/>\n<meta name=\"twitter:site\" content=\"@Manurefetisch\" \/>\n<script type=\"application\/ld+json\" class=\"yoast-schema-graph\">{\"@context\":\"https:\/\/schema.org\",\"@graph\":[{\"@type\":\"WebPage\",\"@id\":\"https:\/\/manurefetish.com\/shop\/videos\/lyndra-lynn-midnight-pooping\/\",\"url\":\"https:\/\/manurefetish.com\/shop\/videos\/lyndra-lynn-midnight-pooping\/\",\"name\":\"Lyndra Lynn - Midnight Pooping - ManureFetish -\",\"isPartOf\":{\"@id\":\"https:\/\/manurefetish.com\/#website\"},\"primaryImageOfPage\":{\"@id\":\"https:\/\/manurefetish.com\/shop\/videos\/lyndra-lynn-midnight-pooping\/#primaryimage\"},\"image\":{\"@id\":\"https:\/\/manurefetish.com\/shop\/videos\/lyndra-lynn-midnight-pooping\/#primaryimage\"},\"thumbnailUrl\":\"https:\/\/manurefetish.b-cdn.net\/wp-content\/uploads\/2024\/04\/Lyndra-Lynn-Midnight-Pooping.jpg\",\"datePublished\":\"2024-04-06T21:52:42+00:00\",\"dateModified\":\"2026-03-24T14:26:23+00:00\",\"description\":\"Lyndra Lynn - Midnight Pooping, I shit myself in my sleep. I couldn't hold it anymore. I filled my panties completely then I've masturbated with it.\",\"breadcrumb\":{\"@id\":\"https:\/\/manurefetish.com\/shop\/videos\/lyndra-lynn-midnight-pooping\/#breadcrumb\"},\"inLanguage\":\"fr-FR\",\"potentialAction\":[{\"@type\":\"ReadAction\",\"target\":[\"https:\/\/manurefetish.com\/shop\/videos\/lyndra-lynn-midnight-pooping\/\"]}]},{\"@type\":\"ImageObject\",\"inLanguage\":\"fr-FR\",\"@id\":\"https:\/\/manurefetish.com\/shop\/videos\/lyndra-lynn-midnight-pooping\/#primaryimage\",\"url\":\"https:\/\/manurefetish.b-cdn.net\/wp-content\/uploads\/2024\/04\/Lyndra-Lynn-Midnight-Pooping.jpg\",\"contentUrl\":\"https:\/\/manurefetish.b-cdn.net\/wp-content\/uploads\/2024\/04\/Lyndra-Lynn-Midnight-Pooping.jpg\",\"width\":1728,\"height\":576},{\"@type\":\"BreadcrumbList\",\"@id\":\"https:\/\/manurefetish.com\/shop\/videos\/lyndra-lynn-midnight-pooping\/#breadcrumb\",\"itemListElement\":[{\"@type\":\"ListItem\",\"position\":1,\"name\":\"Home\",\"item\":\"https:\/\/manurefetish.com\/\"},{\"@type\":\"ListItem\",\"position\":2,\"name\":\"Shop\",\"item\":\"https:\/\/manurefetish.com\/shop\/\"},{\"@type\":\"ListItem\",\"position\":3,\"name\":\"Videos\",\"item\":\"https:\/\/manurefetish.com\/product-category\/videos\/\"},{\"@type\":\"ListItem\",\"position\":4,\"name\":\"Lyndra Lynn &#8211; Midnight Pooping\"}]},{\"@type\":\"WebSite\",\"@id\":\"https:\/\/manurefetish.com\/#website\",\"url\":\"https:\/\/manurefetish.com\/\",\"name\":\"ManureFetish\",\"description\":\"ManureFetish Shop\",\"publisher\":{\"@id\":\"https:\/\/manurefetish.com\/#organization\"},\"potentialAction\":[{\"@type\":\"SearchAction\",\"target\":{\"@type\":\"EntryPoint\",\"urlTemplate\":\"https:\/\/manurefetish.com\/?s={search_term_string}\"},\"query-input\":{\"@type\":\"PropertyValueSpecification\",\"valueRequired\":true,\"valueName\":\"search_term_string\"}}],\"inLanguage\":\"fr-FR\"},{\"@type\":\"Organization\",\"@id\":\"https:\/\/manurefetish.com\/#organization\",\"name\":\"ManureFetish.com\",\"url\":\"https:\/\/manurefetish.com\/\",\"logo\":{\"@type\":\"ImageObject\",\"inLanguage\":\"fr-FR\",\"@id\":\"https:\/\/manurefetish.com\/#\/schema\/logo\/image\/\",\"url\":\"https:\/\/manurefetish.com\/wp-content\/uploads\/2019\/06\/1000xmanurefetishcom-michaela-logo-website-shop.png\",\"contentUrl\":\"https:\/\/manurefetish.com\/wp-content\/uploads\/2019\/06\/1000xmanurefetishcom-michaela-logo-website-shop.png\",\"width\":1000,\"height\":632,\"caption\":\"ManureFetish.com\"},\"image\":{\"@id\":\"https:\/\/manurefetish.com\/#\/schema\/logo\/image\/\"},\"sameAs\":[\"https:\/\/www.facebook.com\/manurefetish\/\",\"https:\/\/x.com\/Manurefetisch\",\"https:\/\/www.youtube.com\/c\/ManureFetish\"],\"description\":\"We're creating various fetish content with female and male models alike.\",\"foundingDate\":\"2019-07-04\",\"vatID\":\"DE366928521\",\"numberOfEmployees\":{\"@type\":\"QuantitativeValue\",\"minValue\":\"1\",\"maxValue\":\"10\"}}]}<\/script>\n<meta property=\"og:availability\" content=\"instock\" \/>\n<meta property=\"product:availability\" content=\"instock\" \/>\n<meta property=\"product:retailer_item_id\" content=\"MFW-LLMPP\" \/>\n<meta property=\"product:condition\" content=\"new\" \/>\n<!-- \/ Yoast SEO Premium plugin. -->","yoast_head_json":{"title":"Lyndra Lynn - Midnight Pooping - ManureFetish -","description":"Lyndra Lynn - Midnight Pooping, je me suis chi\u00e9 dessus dans mon sommeil. Je ne pouvais plus me retenir. J'ai rempli compl\u00e8tement ma culotte puis je me suis masturb\u00e9e avec.","robots":{"index":"index","follow":"follow","max-snippet":"max-snippet:-1","max-image-preview":"max-image-preview:large","max-video-preview":"max-video-preview:-1"},"canonical":"https:\/\/manurefetish.com\/fr\/shop\/videos\/lyndra-lynn-midnight-pooping\/","og_locale":"fr_FR","og_type":"article","og_title":"Lyndra Lynn - Midnight Pooping","og_description":"Lyndra Lynn - Midnight Pooping, I shit myself in my sleep. I couldn't hold it anymore. I filled my panties completely then I've masturbated with it.","og_url":"https:\/\/manurefetish.com\/fr\/shop\/videos\/lyndra-lynn-midnight-pooping\/","og_site_name":"ManureFetish","article_publisher":"https:\/\/www.facebook.com\/manurefetish\/","article_modified_time":"2026-03-24T14:26:23+00:00","og_image":[{"width":1728,"height":576,"url":"https:\/\/manurefetish.com\/wp-content\/uploads\/2024\/04\/Lyndra-Lynn-Midnight-Pooping.jpg","type":"image\/jpeg"}],"twitter_card":"summary_large_image","twitter_site":"@Manurefetisch","schema":{"@context":"https:\/\/schema.org","@graph":[{"@type":"WebPage","@id":"https:\/\/manurefetish.com\/shop\/videos\/lyndra-lynn-midnight-pooping\/","url":"https:\/\/manurefetish.com\/shop\/videos\/lyndra-lynn-midnight-pooping\/","name":"Lyndra Lynn - Midnight Pooping - ManureFetish -","isPartOf":{"@id":"https:\/\/manurefetish.com\/#website"},"primaryImageOfPage":{"@id":"https:\/\/manurefetish.com\/shop\/videos\/lyndra-lynn-midnight-pooping\/#primaryimage"},"image":{"@id":"https:\/\/manurefetish.com\/shop\/videos\/lyndra-lynn-midnight-pooping\/#primaryimage"},"thumbnailUrl":"https:\/\/manurefetish.b-cdn.net\/wp-content\/uploads\/2024\/04\/Lyndra-Lynn-Midnight-Pooping.jpg","datePublished":"2024-04-06T21:52:42+00:00","dateModified":"2026-03-24T14:26:23+00:00","description":"Lyndra Lynn - Midnight Pooping, je me suis chi\u00e9 dessus dans mon sommeil. Je ne pouvais plus me retenir. J'ai rempli compl\u00e8tement ma culotte puis je me suis masturb\u00e9e avec.","breadcrumb":{"@id":"https:\/\/manurefetish.com\/shop\/videos\/lyndra-lynn-midnight-pooping\/#breadcrumb"},"inLanguage":"fr-FR","potentialAction":[{"@type":"ReadAction","target":["https:\/\/manurefetish.com\/shop\/videos\/lyndra-lynn-midnight-pooping\/"]}]},{"@type":"ImageObject","inLanguage":"fr-FR","@id":"https:\/\/manurefetish.com\/shop\/videos\/lyndra-lynn-midnight-pooping\/#primaryimage","url":"https:\/\/manurefetish.b-cdn.net\/wp-content\/uploads\/2024\/04\/Lyndra-Lynn-Midnight-Pooping.jpg","contentUrl":"https:\/\/manurefetish.b-cdn.net\/wp-content\/uploads\/2024\/04\/Lyndra-Lynn-Midnight-Pooping.jpg","width":1728,"height":576},{"@type":"BreadcrumbList","@id":"https:\/\/manurefetish.com\/shop\/videos\/lyndra-lynn-midnight-pooping\/#breadcrumb","itemListElement":[{"@type":"ListItem","position":1,"name":"Home","item":"https:\/\/manurefetish.com\/"},{"@type":"ListItem","position":2,"name":"Shop","item":"https:\/\/manurefetish.com\/shop\/"},{"@type":"ListItem","position":3,"name":"Videos","item":"https:\/\/manurefetish.com\/product-category\/videos\/"},{"@type":"ListItem","position":4,"name":"Lyndra Lynn &#8211; Midnight Pooping"}]},{"@type":"WebSite","@id":"https:\/\/manurefetish.com\/#website","url":"https:\/\/manurefetish.com\/","name":"ManureFetish","description":"ManureFetish Shop","publisher":{"@id":"https:\/\/manurefetish.com\/#organization"},"potentialAction":[{"@type":"SearchAction","target":{"@type":"EntryPoint","urlTemplate":"https:\/\/manurefetish.com\/?s={search_term_string}"},"query-input":{"@type":"PropertyValueSpecification","valueRequired":true,"valueName":"search_term_string"}}],"inLanguage":"fr-FR"},{"@type":"Organization","@id":"https:\/\/manurefetish.com\/#organization","name":"ManureFetish.com","url":"https:\/\/manurefetish.com\/","logo":{"@type":"ImageObject","inLanguage":"fr-FR","@id":"https:\/\/manurefetish.com\/#\/schema\/logo\/image\/","url":"https:\/\/manurefetish.com\/wp-content\/uploads\/2019\/06\/1000xmanurefetishcom-michaela-logo-website-shop.png","contentUrl":"https:\/\/manurefetish.com\/wp-content\/uploads\/2019\/06\/1000xmanurefetishcom-michaela-logo-website-shop.png","width":1000,"height":632,"caption":"ManureFetish.com"},"image":{"@id":"https:\/\/manurefetish.com\/#\/schema\/logo\/image\/"},"sameAs":["https:\/\/www.facebook.com\/manurefetish\/","https:\/\/x.com\/Manurefetisch","https:\/\/www.youtube.com\/c\/ManureFetish"],"description":"Nous cr\u00e9ons divers contenus f\u00e9tichistes avec des mod\u00e8les f\u00e9minins et masculins.","foundingDate":"2019-07-04","vatID":"DE366928521","numberOfEmployees":{"@type":"QuantitativeValue","minValue":"1","maxValue":"10"}}]},"og_availability":"instock","product_availability":"instock","product_retailer_item_id":"MFW-LLMPP","product_condition":"new"},"_links":{"self":[{"href":"https:\/\/manurefetish.com\/fr\/wp-json\/wp\/v2\/product\/131617","targetHints":{"allow":["GET"]}}],"collection":[{"href":"https:\/\/manurefetish.com\/fr\/wp-json\/wp\/v2\/product"}],"about":[{"href":"https:\/\/manurefetish.com\/fr\/wp-json\/wp\/v2\/types\/product"}],"replies":[{"embeddable":true,"href":"https:\/\/manurefetish.com\/fr\/wp-json\/wp\/v2\/comments?post=131617"}],"version-history":[{"count":0,"href":"https:\/\/manurefetish.com\/fr\/wp-json\/wp\/v2\/product\/131617\/revisions"}],"wp:featuredmedia":[{"embeddable":true,"href":"https:\/\/manurefetish.com\/fr\/wp-json\/wp\/v2\/media\/199176"}],"wp:attachment":[{"href":"https:\/\/manurefetish.com\/fr\/wp-json\/wp\/v2\/media?parent=131617"}],"wp:term":[{"taxonomy":"product_brand","embeddable":true,"href":"https:\/\/manurefetish.com\/fr\/wp-json\/wp\/v2\/product_brand?post=131617"},{"taxonomy":"product_cat","embeddable":true,"href":"https:\/\/manurefetish.com\/fr\/wp-json\/wp\/v2\/product_cat?post=131617"},{"taxonomy":"product_tag","embeddable":true,"href":"https:\/\/manurefetish.com\/fr\/wp-json\/wp\/v2\/product_tag?post=131617"}],"curies":[{"name":"wp","href":"https:\/\/api.w.org\/{rel}","templated":true}]}}