{"id":119199,"date":"2023-10-30T09:00:20","date_gmt":"2023-10-30T08:00:20","guid":{"rendered":"https:\/\/manurefetish.com\/?post_type=product&#038;p=119199"},"modified":"2026-03-24T15:29:34","modified_gmt":"2026-03-24T14:29:34","slug":"lyndra-lynn-my-special-flavor","status":"publish","type":"product","link":"https:\/\/manurefetish.com\/fr\/shop\/videos\/lyndra-lynn-my-special-flavor\/","title":{"rendered":"Lyndra Lynn - Mon go\u00fbt particulier"},"content":{"rendered":"<p><span style=\"font-weight: 400;\">Quelqu'un a mang\u00e9 ma glace, mais je peux cr\u00e9er mon propre parfum sp\u00e9cial. Alors je me retourne et je pousse tout ce qui sort de mon cul dans le gobelet de McFlurry. Puis j'attrape la cuill\u00e8re et je m\u00e9lange le tout avant de m'en enduire le corps. C'est vraiment agr\u00e9able de s'enduire de toute cette salet\u00e9 brune et puante, ce qui m'am\u00e8ne \u00e0 me masturber couvert de toute cette boue<\/span><\/p>","protected":false},"excerpt":{"rendered":"<p>Someone ate my ice cream, but I can create my own special flavor. So I turn around and push everything out of my ass into the McFlurry cup. Then I grab the spoon and mix it before I smear it on my body. It is really nice smearing all of that brown stinky mess on [&hellip;]<\/p>\n","protected":false},"featured_media":199140,"comment_status":"open","ping_status":"closed","template":"","meta":{"_acf_changed":false,"site-sidebar-layout":"default","site-content-layout":"","ast-site-content-layout":"default","site-content-style":"default","site-sidebar-style":"default","ast-global-header-display":"","ast-banner-title-visibility":"","ast-main-header-display":"","ast-hfb-above-header-display":"","ast-hfb-below-header-display":"","ast-hfb-mobile-header-display":"","site-post-title":"","ast-breadcrumbs-content":"","ast-featured-img":"","footer-sml-layout":"","ast-disable-related-posts":"","theme-transparent-header-meta":"default","adv-header-id-meta":"","stick-header-meta":"","header-above-stick-meta":"","header-main-stick-meta":"","header-below-stick-meta":"","astra-migrate-meta-layouts":"set","ast-page-background-enabled":"default","ast-page-background-meta":{"desktop":{"background-color":"var(--ast-global-color-4)","background-image":"","background-repeat":"repeat","background-position":"center center","background-size":"auto","background-attachment":"scroll","background-type":"","background-media":"","overlay-type":"","overlay-color":"","overlay-opacity":"","overlay-gradient":""},"tablet":{"background-color":"","background-image":"","background-repeat":"repeat","background-position":"center center","background-size":"auto","background-attachment":"scroll","background-type":"","background-media":"","overlay-type":"","overlay-color":"","overlay-opacity":"","overlay-gradient":""},"mobile":{"background-color":"","background-image":"","background-repeat":"repeat","background-position":"center center","background-size":"auto","background-attachment":"scroll","background-type":"","background-media":"","overlay-type":"","overlay-color":"","overlay-opacity":"","overlay-gradient":""}},"ast-content-background-meta":{"desktop":{"background-color":"var(--ast-global-color-5)","background-image":"","background-repeat":"repeat","background-position":"center center","background-size":"auto","background-attachment":"scroll","background-type":"","background-media":"","overlay-type":"","overlay-color":"","overlay-opacity":"","overlay-gradient":""},"tablet":{"background-color":"var(--ast-global-color-5)","background-image":"","background-repeat":"repeat","background-position":"center center","background-size":"auto","background-attachment":"scroll","background-type":"","background-media":"","overlay-type":"","overlay-color":"","overlay-opacity":"","overlay-gradient":""},"mobile":{"background-color":"var(--ast-global-color-5)","background-image":"","background-repeat":"repeat","background-position":"center center","background-size":"auto","background-attachment":"scroll","background-type":"","background-media":"","overlay-type":"","overlay-color":"","overlay-opacity":"","overlay-gradient":""}}},"product_brand":[],"product_cat":[4470],"product_tag":[4112,17,317,318,2632,2551,316,3933,3030,334,4089,3523,4115,2419,3861,4572,4114,4099,2841,2285,2206,4117,2629,3174,65,35,2506,32,3881,2650,2832,4116,358,2368,3233],"class_list":{"0":"post-119199","1":"product","2":"type-product","3":"status-publish","4":"has-post-thumbnail","6":"product_cat-videos","7":"product_tag-abdl","8":"product_tag-anal","9":"product_tag-asshole","10":"product_tag-boobs","11":"product_tag-bra","12":"product_tag-couple","13":"product_tag-cunt","14":"product_tag-doggystyle","15":"product_tag-download","16":"product_tag-eating","17":"product_tag-egirl","18":"product_tag-fingering","19":"product_tag-flavor","20":"product_tag-full-hd","21":"product_tag-human-dung","22":"product_tag-human-scat","23":"product_tag-ice-cream","24":"product_tag-living-room","25":"product_tag-lyndra-lynn","26":"product_tag-masturbate","27":"product_tag-masturbation","28":"product_tag-mcflurry","29":"product_tag-messy","30":"product_tag-missionary","31":"product_tag-naked","32":"product_tag-orgasm","33":"product_tag-pink","34":"product_tag-pussy","35":"product_tag-season-4","36":"product_tag-sensual","37":"product_tag-smearing","38":"product_tag-special","39":"product_tag-stuffing","40":"product_tag-ultra-hd","41":"product_tag-waifu","42":"pa_length-16-minutes","43":"pa_product-type-digital-download-full-hd-video","44":"pa_product-type-digital-download-ultra-hd-video","45":"pa_product-type-usb-stick","46":"pa_video-info-full-hd-1920x1080p","47":"pa_video-info-ultra-hd-4k","48":"desktop-align-center","49":"tablet-align-left","50":"mobile-align-left","52":"first","53":"instock","54":"shipping-taxable","55":"purchasable","56":"product-type-variable","57":"has-default-attributes"},"exclude_global_add_ons":[],"addons":[],"acf":[],"yoast_head":"<!-- This site is optimized with the Yoast SEO Premium plugin v27.1 (Yoast SEO v27.1.1) - https:\/\/yoast.com\/product\/yoast-seo-premium-wordpress\/ -->\n<title>Lyndra Lynn - My Special Flavor - ManureFetish<\/title>\n<meta name=\"description\" content=\"Lyndra Lynn - My Special Flavor, someone ate my icecream so I make my own out of my poop, my shittycream tastes good and I masturbate with it\" \/>\n<meta name=\"robots\" content=\"index, follow, max-snippet:-1, max-image-preview:large, max-video-preview:-1\" \/>\n<link rel=\"canonical\" href=\"https:\/\/manurefetish.com\/fr\/shop\/videos\/lyndra-lynn-my-special-flavor\/\" \/>\n<meta property=\"og:locale\" content=\"fr_FR\" \/>\n<meta property=\"og:type\" content=\"article\" \/>\n<meta property=\"og:title\" content=\"Lyndra Lynn - My Special Flavor\" \/>\n<meta property=\"og:description\" content=\"Lyndra Lynn - My Special Flavor, someone ate my icecream so I make my own out of my poop, my shittycream tastes good and I masturbate with it\" \/>\n<meta property=\"og:url\" content=\"https:\/\/manurefetish.com\/fr\/shop\/videos\/lyndra-lynn-my-special-flavor\/\" \/>\n<meta property=\"og:site_name\" content=\"ManureFetish\" \/>\n<meta property=\"article:publisher\" content=\"https:\/\/www.facebook.com\/manurefetish\/\" \/>\n<meta property=\"article:modified_time\" content=\"2026-03-24T14:29:34+00:00\" \/>\n<meta property=\"og:image\" content=\"https:\/\/manurefetish.com\/wp-content\/uploads\/2023\/10\/Lyndra-Lynn-My-Special-Flavor.jpg\" \/>\n\t<meta property=\"og:image:width\" content=\"1728\" \/>\n\t<meta property=\"og:image:height\" content=\"576\" \/>\n\t<meta property=\"og:image:type\" content=\"image\/jpeg\" \/>\n<meta name=\"twitter:card\" content=\"summary_large_image\" \/>\n<meta name=\"twitter:site\" content=\"@Manurefetisch\" \/>\n<script type=\"application\/ld+json\" class=\"yoast-schema-graph\">{\"@context\":\"https:\/\/schema.org\",\"@graph\":[{\"@type\":\"WebPage\",\"@id\":\"https:\/\/manurefetish.com\/shop\/videos\/lyndra-lynn-my-special-flavor\/\",\"url\":\"https:\/\/manurefetish.com\/shop\/videos\/lyndra-lynn-my-special-flavor\/\",\"name\":\"Lyndra Lynn - My Special Flavor - ManureFetish\",\"isPartOf\":{\"@id\":\"https:\/\/manurefetish.com\/#website\"},\"primaryImageOfPage\":{\"@id\":\"https:\/\/manurefetish.com\/shop\/videos\/lyndra-lynn-my-special-flavor\/#primaryimage\"},\"image\":{\"@id\":\"https:\/\/manurefetish.com\/shop\/videos\/lyndra-lynn-my-special-flavor\/#primaryimage\"},\"thumbnailUrl\":\"https:\/\/manurefetish.b-cdn.net\/wp-content\/uploads\/2023\/10\/Lyndra-Lynn-My-Special-Flavor.jpg\",\"datePublished\":\"2023-10-30T08:00:20+00:00\",\"dateModified\":\"2026-03-24T14:29:34+00:00\",\"description\":\"Lyndra Lynn - My Special Flavor, someone ate my icecream so I make my own out of my poop, my shittycream tastes good and I masturbate with it\",\"breadcrumb\":{\"@id\":\"https:\/\/manurefetish.com\/shop\/videos\/lyndra-lynn-my-special-flavor\/#breadcrumb\"},\"inLanguage\":\"fr-FR\",\"potentialAction\":[{\"@type\":\"ReadAction\",\"target\":[\"https:\/\/manurefetish.com\/shop\/videos\/lyndra-lynn-my-special-flavor\/\"]}]},{\"@type\":\"ImageObject\",\"inLanguage\":\"fr-FR\",\"@id\":\"https:\/\/manurefetish.com\/shop\/videos\/lyndra-lynn-my-special-flavor\/#primaryimage\",\"url\":\"https:\/\/manurefetish.b-cdn.net\/wp-content\/uploads\/2023\/10\/Lyndra-Lynn-My-Special-Flavor.jpg\",\"contentUrl\":\"https:\/\/manurefetish.b-cdn.net\/wp-content\/uploads\/2023\/10\/Lyndra-Lynn-My-Special-Flavor.jpg\",\"width\":1728,\"height\":576},{\"@type\":\"BreadcrumbList\",\"@id\":\"https:\/\/manurefetish.com\/shop\/videos\/lyndra-lynn-my-special-flavor\/#breadcrumb\",\"itemListElement\":[{\"@type\":\"ListItem\",\"position\":1,\"name\":\"Home\",\"item\":\"https:\/\/manurefetish.com\/\"},{\"@type\":\"ListItem\",\"position\":2,\"name\":\"Shop\",\"item\":\"https:\/\/manurefetish.com\/shop\/\"},{\"@type\":\"ListItem\",\"position\":3,\"name\":\"Videos\",\"item\":\"https:\/\/manurefetish.com\/product-category\/videos\/\"},{\"@type\":\"ListItem\",\"position\":4,\"name\":\"Lyndra Lynn &#8211; My Special Flavor\"}]},{\"@type\":\"WebSite\",\"@id\":\"https:\/\/manurefetish.com\/#website\",\"url\":\"https:\/\/manurefetish.com\/\",\"name\":\"ManureFetish\",\"description\":\"ManureFetish Shop\",\"publisher\":{\"@id\":\"https:\/\/manurefetish.com\/#organization\"},\"potentialAction\":[{\"@type\":\"SearchAction\",\"target\":{\"@type\":\"EntryPoint\",\"urlTemplate\":\"https:\/\/manurefetish.com\/?s={search_term_string}\"},\"query-input\":{\"@type\":\"PropertyValueSpecification\",\"valueRequired\":true,\"valueName\":\"search_term_string\"}}],\"inLanguage\":\"fr-FR\"},{\"@type\":\"Organization\",\"@id\":\"https:\/\/manurefetish.com\/#organization\",\"name\":\"ManureFetish.com\",\"url\":\"https:\/\/manurefetish.com\/\",\"logo\":{\"@type\":\"ImageObject\",\"inLanguage\":\"fr-FR\",\"@id\":\"https:\/\/manurefetish.com\/#\/schema\/logo\/image\/\",\"url\":\"https:\/\/manurefetish.com\/wp-content\/uploads\/2019\/06\/1000xmanurefetishcom-michaela-logo-website-shop.png\",\"contentUrl\":\"https:\/\/manurefetish.com\/wp-content\/uploads\/2019\/06\/1000xmanurefetishcom-michaela-logo-website-shop.png\",\"width\":1000,\"height\":632,\"caption\":\"ManureFetish.com\"},\"image\":{\"@id\":\"https:\/\/manurefetish.com\/#\/schema\/logo\/image\/\"},\"sameAs\":[\"https:\/\/www.facebook.com\/manurefetish\/\",\"https:\/\/x.com\/Manurefetisch\",\"https:\/\/www.youtube.com\/c\/ManureFetish\"],\"description\":\"We're creating various fetish content with female and male models alike.\",\"foundingDate\":\"2019-07-04\",\"vatID\":\"DE366928521\",\"numberOfEmployees\":{\"@type\":\"QuantitativeValue\",\"minValue\":\"1\",\"maxValue\":\"10\"}}]}<\/script>\n<meta property=\"og:availability\" content=\"instock\" \/>\n<meta property=\"product:availability\" content=\"instock\" \/>\n<meta property=\"product:retailer_item_id\" content=\"MFW-LLMSF\" \/>\n<meta property=\"product:condition\" content=\"new\" \/>\n<!-- \/ Yoast SEO Premium plugin. -->","yoast_head_json":{"title":"Lyndra Lynn - Ma saveur sp\u00e9ciale - ManureFetish","description":"Lyndra Lynn - Ma saveur sp\u00e9ciale, quelqu'un a mang\u00e9 ma glace, alors je fais la mienne avec mon caca, ma glace de merde a bon go\u00fbt et je me masturbe avec.","robots":{"index":"index","follow":"follow","max-snippet":"max-snippet:-1","max-image-preview":"max-image-preview:large","max-video-preview":"max-video-preview:-1"},"canonical":"https:\/\/manurefetish.com\/fr\/shop\/videos\/lyndra-lynn-my-special-flavor\/","og_locale":"fr_FR","og_type":"article","og_title":"Lyndra Lynn - My Special Flavor","og_description":"Lyndra Lynn - My Special Flavor, someone ate my icecream so I make my own out of my poop, my shittycream tastes good and I masturbate with it","og_url":"https:\/\/manurefetish.com\/fr\/shop\/videos\/lyndra-lynn-my-special-flavor\/","og_site_name":"ManureFetish","article_publisher":"https:\/\/www.facebook.com\/manurefetish\/","article_modified_time":"2026-03-24T14:29:34+00:00","og_image":[{"width":1728,"height":576,"url":"https:\/\/manurefetish.com\/wp-content\/uploads\/2023\/10\/Lyndra-Lynn-My-Special-Flavor.jpg","type":"image\/jpeg"}],"twitter_card":"summary_large_image","twitter_site":"@Manurefetisch","schema":{"@context":"https:\/\/schema.org","@graph":[{"@type":"WebPage","@id":"https:\/\/manurefetish.com\/shop\/videos\/lyndra-lynn-my-special-flavor\/","url":"https:\/\/manurefetish.com\/shop\/videos\/lyndra-lynn-my-special-flavor\/","name":"Lyndra Lynn - Ma saveur sp\u00e9ciale - ManureFetish","isPartOf":{"@id":"https:\/\/manurefetish.com\/#website"},"primaryImageOfPage":{"@id":"https:\/\/manurefetish.com\/shop\/videos\/lyndra-lynn-my-special-flavor\/#primaryimage"},"image":{"@id":"https:\/\/manurefetish.com\/shop\/videos\/lyndra-lynn-my-special-flavor\/#primaryimage"},"thumbnailUrl":"https:\/\/manurefetish.b-cdn.net\/wp-content\/uploads\/2023\/10\/Lyndra-Lynn-My-Special-Flavor.jpg","datePublished":"2023-10-30T08:00:20+00:00","dateModified":"2026-03-24T14:29:34+00:00","description":"Lyndra Lynn - Ma saveur sp\u00e9ciale, quelqu'un a mang\u00e9 ma glace, alors je fais la mienne avec mon caca, ma glace de merde a bon go\u00fbt et je me masturbe avec.","breadcrumb":{"@id":"https:\/\/manurefetish.com\/shop\/videos\/lyndra-lynn-my-special-flavor\/#breadcrumb"},"inLanguage":"fr-FR","potentialAction":[{"@type":"ReadAction","target":["https:\/\/manurefetish.com\/shop\/videos\/lyndra-lynn-my-special-flavor\/"]}]},{"@type":"ImageObject","inLanguage":"fr-FR","@id":"https:\/\/manurefetish.com\/shop\/videos\/lyndra-lynn-my-special-flavor\/#primaryimage","url":"https:\/\/manurefetish.b-cdn.net\/wp-content\/uploads\/2023\/10\/Lyndra-Lynn-My-Special-Flavor.jpg","contentUrl":"https:\/\/manurefetish.b-cdn.net\/wp-content\/uploads\/2023\/10\/Lyndra-Lynn-My-Special-Flavor.jpg","width":1728,"height":576},{"@type":"BreadcrumbList","@id":"https:\/\/manurefetish.com\/shop\/videos\/lyndra-lynn-my-special-flavor\/#breadcrumb","itemListElement":[{"@type":"ListItem","position":1,"name":"Home","item":"https:\/\/manurefetish.com\/"},{"@type":"ListItem","position":2,"name":"Shop","item":"https:\/\/manurefetish.com\/shop\/"},{"@type":"ListItem","position":3,"name":"Videos","item":"https:\/\/manurefetish.com\/product-category\/videos\/"},{"@type":"ListItem","position":4,"name":"Lyndra Lynn &#8211; My Special Flavor"}]},{"@type":"WebSite","@id":"https:\/\/manurefetish.com\/#website","url":"https:\/\/manurefetish.com\/","name":"ManureFetish","description":"ManureFetish Shop","publisher":{"@id":"https:\/\/manurefetish.com\/#organization"},"potentialAction":[{"@type":"SearchAction","target":{"@type":"EntryPoint","urlTemplate":"https:\/\/manurefetish.com\/?s={search_term_string}"},"query-input":{"@type":"PropertyValueSpecification","valueRequired":true,"valueName":"search_term_string"}}],"inLanguage":"fr-FR"},{"@type":"Organization","@id":"https:\/\/manurefetish.com\/#organization","name":"ManureFetish.com","url":"https:\/\/manurefetish.com\/","logo":{"@type":"ImageObject","inLanguage":"fr-FR","@id":"https:\/\/manurefetish.com\/#\/schema\/logo\/image\/","url":"https:\/\/manurefetish.com\/wp-content\/uploads\/2019\/06\/1000xmanurefetishcom-michaela-logo-website-shop.png","contentUrl":"https:\/\/manurefetish.com\/wp-content\/uploads\/2019\/06\/1000xmanurefetishcom-michaela-logo-website-shop.png","width":1000,"height":632,"caption":"ManureFetish.com"},"image":{"@id":"https:\/\/manurefetish.com\/#\/schema\/logo\/image\/"},"sameAs":["https:\/\/www.facebook.com\/manurefetish\/","https:\/\/x.com\/Manurefetisch","https:\/\/www.youtube.com\/c\/ManureFetish"],"description":"Nous cr\u00e9ons divers contenus f\u00e9tichistes avec des mod\u00e8les f\u00e9minins et masculins.","foundingDate":"2019-07-04","vatID":"DE366928521","numberOfEmployees":{"@type":"QuantitativeValue","minValue":"1","maxValue":"10"}}]},"og_availability":"instock","product_availability":"instock","product_retailer_item_id":"MFW-LLMSF","product_condition":"new"},"_links":{"self":[{"href":"https:\/\/manurefetish.com\/fr\/wp-json\/wp\/v2\/product\/119199","targetHints":{"allow":["GET"]}}],"collection":[{"href":"https:\/\/manurefetish.com\/fr\/wp-json\/wp\/v2\/product"}],"about":[{"href":"https:\/\/manurefetish.com\/fr\/wp-json\/wp\/v2\/types\/product"}],"replies":[{"embeddable":true,"href":"https:\/\/manurefetish.com\/fr\/wp-json\/wp\/v2\/comments?post=119199"}],"version-history":[{"count":0,"href":"https:\/\/manurefetish.com\/fr\/wp-json\/wp\/v2\/product\/119199\/revisions"}],"wp:featuredmedia":[{"embeddable":true,"href":"https:\/\/manurefetish.com\/fr\/wp-json\/wp\/v2\/media\/199140"}],"wp:attachment":[{"href":"https:\/\/manurefetish.com\/fr\/wp-json\/wp\/v2\/media?parent=119199"}],"wp:term":[{"taxonomy":"product_brand","embeddable":true,"href":"https:\/\/manurefetish.com\/fr\/wp-json\/wp\/v2\/product_brand?post=119199"},{"taxonomy":"product_cat","embeddable":true,"href":"https:\/\/manurefetish.com\/fr\/wp-json\/wp\/v2\/product_cat?post=119199"},{"taxonomy":"product_tag","embeddable":true,"href":"https:\/\/manurefetish.com\/fr\/wp-json\/wp\/v2\/product_tag?post=119199"}],"curies":[{"name":"wp","href":"https:\/\/api.w.org\/{rel}","templated":true}]}}