{"id":110554,"date":"2024-01-20T18:00:28","date_gmt":"2024-01-20T17:00:28","guid":{"rendered":"https:\/\/manurefetish.com\/?post_type=product&#038;p=110554"},"modified":"2026-03-24T15:27:06","modified_gmt":"2026-03-24T14:27:06","slug":"brooke-maddison-morning-cowshed-routine","status":"publish","type":"product","link":"https:\/\/manurefetish.com\/fr\/shop\/videos\/brooke-maddison-morning-cowshed-routine\/","title":{"rendered":"Routine matinale de Brooke Maddison \u00e0 l'\u00e9table"},"content":{"rendered":"<p><span style=\"font-weight: 400;\">Brooke a d\u00e9j\u00e0 \u00e9tabli sa routine matinale, car elle est maintenant amoureuse de la bouse de vache et ne peut pas manquer une journ\u00e9e sans elle, elle commence tout simplement sa journ\u00e9e tout de suite avec beaucoup, beaucoup de fumier.Brooke sort de Bed met ses sous-v\u00eatements et sa robe et va directement dans l'\u00e9table pour commencer sa routine avec beaucoup d'action sensuelle \u00e9rotique dans le canal du fumier.<\/span><\/p>","protected":false},"excerpt":{"rendered":"<p>Brooke already has established her morning routine, as she is now in love with cow dung and can\u2019t miss a day without it, she simply starts her day right away with lots and lots of manure.Brooke gets out of Bed puts on her underwear and her gown and goes straight in the cowshed to start [&hellip;]<\/p>\n","protected":false},"featured_media":199184,"comment_status":"open","ping_status":"closed","template":"","meta":{"_acf_changed":false,"site-sidebar-layout":"default","site-content-layout":"","ast-site-content-layout":"default","site-content-style":"default","site-sidebar-style":"default","ast-global-header-display":"","ast-banner-title-visibility":"","ast-main-header-display":"","ast-hfb-above-header-display":"","ast-hfb-below-header-display":"","ast-hfb-mobile-header-display":"","site-post-title":"","ast-breadcrumbs-content":"","ast-featured-img":"","footer-sml-layout":"","ast-disable-related-posts":"","theme-transparent-header-meta":"default","adv-header-id-meta":"","stick-header-meta":"","header-above-stick-meta":"","header-main-stick-meta":"","header-below-stick-meta":"","astra-migrate-meta-layouts":"set","ast-page-background-enabled":"default","ast-page-background-meta":{"desktop":{"background-color":"var(--ast-global-color-4)","background-image":"","background-repeat":"repeat","background-position":"center center","background-size":"auto","background-attachment":"scroll","background-type":"","background-media":"","overlay-type":"","overlay-color":"","overlay-opacity":"","overlay-gradient":""},"tablet":{"background-color":"","background-image":"","background-repeat":"repeat","background-position":"center center","background-size":"auto","background-attachment":"scroll","background-type":"","background-media":"","overlay-type":"","overlay-color":"","overlay-opacity":"","overlay-gradient":""},"mobile":{"background-color":"","background-image":"","background-repeat":"repeat","background-position":"center center","background-size":"auto","background-attachment":"scroll","background-type":"","background-media":"","overlay-type":"","overlay-color":"","overlay-opacity":"","overlay-gradient":""}},"ast-content-background-meta":{"desktop":{"background-color":"var(--ast-global-color-5)","background-image":"","background-repeat":"repeat","background-position":"center center","background-size":"auto","background-attachment":"scroll","background-type":"","background-media":"","overlay-type":"","overlay-color":"","overlay-opacity":"","overlay-gradient":""},"tablet":{"background-color":"var(--ast-global-color-5)","background-image":"","background-repeat":"repeat","background-position":"center center","background-size":"auto","background-attachment":"scroll","background-type":"","background-media":"","overlay-type":"","overlay-color":"","overlay-opacity":"","overlay-gradient":""},"mobile":{"background-color":"var(--ast-global-color-5)","background-image":"","background-repeat":"repeat","background-position":"center center","background-size":"auto","background-attachment":"scroll","background-type":"","background-media":"","overlay-type":"","overlay-color":"","overlay-opacity":"","overlay-gradient":""}}},"product_brand":[],"product_cat":[4470],"product_tag":[317,3455,318,2675,2632,3952,66,2508,2631,2281,2621,118,316,3030,2513,56,320,54,2419,3914,18,52,65,35,3955,2637,32,3881,4482,3778,3562,2832,29,319,2398,2368,2676],"class_list":{"0":"post-110554","1":"product","2":"type-product","3":"status-publish","4":"has-post-thumbnail","6":"product_cat-videos","7":"product_tag-asshole","8":"product_tag-bathrobe","9":"product_tag-boobs","10":"product_tag-boots","11":"product_tag-bra","12":"product_tag-brooke-maddison","13":"product_tag-clothed","14":"product_tag-clothes","15":"product_tag-completely-covered","16":"product_tag-completely-submerged","17":"product_tag-cow-dung","18":"product_tag-cowshed","19":"product_tag-cunt","20":"product_tag-download","21":"product_tag-dress","22":"product_tag-erotic","23":"product_tag-feet","24":"product_tag-full-covered","25":"product_tag-full-hd","26":"product_tag-leather","27":"product_tag-manure","28":"product_tag-manure-channel","29":"product_tag-naked","30":"product_tag-orgasm","31":"product_tag-overknee-2","32":"product_tag-panty","33":"product_tag-pussy","34":"product_tag-season-4","35":"product_tag-sex-in-cowshit","36":"product_tag-sextoys-2","37":"product_tag-sexy","38":"product_tag-smearing","39":"product_tag-submerging","40":"product_tag-tits","41":"product_tag-top","42":"product_tag-ultra-hd","43":"product_tag-underwear","44":"pa_length-43-minutes","45":"pa_product-type-digital-download-full-hd-video","46":"pa_product-type-digital-download-ultra-hd-video","47":"pa_product-type-usb-stick","48":"pa_video-info-full-hd-1920x1080p","49":"pa_video-info-ultra-hd-4k","50":"desktop-align-center","51":"tablet-align-left","52":"mobile-align-left","54":"first","55":"instock","56":"shipping-taxable","57":"purchasable","58":"product-type-variable","59":"has-default-attributes"},"exclude_global_add_ons":[],"addons":[],"acf":[],"yoast_head":"<!-- This site is optimized with the Yoast SEO Premium plugin v27.1 (Yoast SEO v27.1.1) - https:\/\/yoast.com\/product\/yoast-seo-premium-wordpress\/ -->\n<title>Brooke Maddison Morning Cowshed Routine - ManureFetish -<\/title>\n<meta name=\"description\" content=\"Brooke Maddison Morning Cowshed Routine, she does this every morning in the cowshed, her favorite thing to do before her day starts.\" \/>\n<meta name=\"robots\" content=\"index, follow, max-snippet:-1, max-image-preview:large, max-video-preview:-1\" \/>\n<link rel=\"canonical\" href=\"https:\/\/manurefetish.com\/fr\/shop\/videos\/brooke-maddison-morning-cowshed-routine\/\" \/>\n<meta property=\"og:locale\" content=\"fr_FR\" \/>\n<meta property=\"og:type\" content=\"article\" \/>\n<meta property=\"og:title\" content=\"Brooke Maddison Morning Cowshed Routine\" \/>\n<meta property=\"og:description\" content=\"Brooke Maddison Morning Cowshed Routine, she does this every morning in the cowshed, her favorite thing to do before her day starts.\" \/>\n<meta property=\"og:url\" content=\"https:\/\/manurefetish.com\/fr\/shop\/videos\/brooke-maddison-morning-cowshed-routine\/\" \/>\n<meta property=\"og:site_name\" content=\"ManureFetish\" \/>\n<meta property=\"article:publisher\" content=\"https:\/\/www.facebook.com\/manurefetish\/\" \/>\n<meta property=\"article:modified_time\" content=\"2026-03-24T14:27:06+00:00\" \/>\n<meta property=\"og:image\" content=\"https:\/\/manurefetish.com\/wp-content\/uploads\/2024\/01\/Brooke-Maddison-Morning-Cowshed-Routine.jpg\" \/>\n\t<meta property=\"og:image:width\" content=\"1728\" \/>\n\t<meta property=\"og:image:height\" content=\"576\" \/>\n\t<meta property=\"og:image:type\" content=\"image\/jpeg\" \/>\n<meta name=\"twitter:card\" content=\"summary_large_image\" \/>\n<meta name=\"twitter:site\" content=\"@Manurefetisch\" \/>\n<script type=\"application\/ld+json\" class=\"yoast-schema-graph\">{\"@context\":\"https:\/\/schema.org\",\"@graph\":[{\"@type\":\"WebPage\",\"@id\":\"https:\/\/manurefetish.com\/shop\/videos\/brooke-maddison-morning-cowshed-routine\/\",\"url\":\"https:\/\/manurefetish.com\/shop\/videos\/brooke-maddison-morning-cowshed-routine\/\",\"name\":\"Brooke Maddison Morning Cowshed Routine - ManureFetish -\",\"isPartOf\":{\"@id\":\"https:\/\/manurefetish.com\/#website\"},\"primaryImageOfPage\":{\"@id\":\"https:\/\/manurefetish.com\/shop\/videos\/brooke-maddison-morning-cowshed-routine\/#primaryimage\"},\"image\":{\"@id\":\"https:\/\/manurefetish.com\/shop\/videos\/brooke-maddison-morning-cowshed-routine\/#primaryimage\"},\"thumbnailUrl\":\"https:\/\/manurefetish.b-cdn.net\/wp-content\/uploads\/2024\/01\/Brooke-Maddison-Morning-Cowshed-Routine.jpg\",\"datePublished\":\"2024-01-20T17:00:28+00:00\",\"dateModified\":\"2026-03-24T14:27:06+00:00\",\"description\":\"Brooke Maddison Morning Cowshed Routine, she does this every morning in the cowshed, her favorite thing to do before her day starts.\",\"breadcrumb\":{\"@id\":\"https:\/\/manurefetish.com\/shop\/videos\/brooke-maddison-morning-cowshed-routine\/#breadcrumb\"},\"inLanguage\":\"fr-FR\",\"potentialAction\":[{\"@type\":\"ReadAction\",\"target\":[\"https:\/\/manurefetish.com\/shop\/videos\/brooke-maddison-morning-cowshed-routine\/\"]}]},{\"@type\":\"ImageObject\",\"inLanguage\":\"fr-FR\",\"@id\":\"https:\/\/manurefetish.com\/shop\/videos\/brooke-maddison-morning-cowshed-routine\/#primaryimage\",\"url\":\"https:\/\/manurefetish.b-cdn.net\/wp-content\/uploads\/2024\/01\/Brooke-Maddison-Morning-Cowshed-Routine.jpg\",\"contentUrl\":\"https:\/\/manurefetish.b-cdn.net\/wp-content\/uploads\/2024\/01\/Brooke-Maddison-Morning-Cowshed-Routine.jpg\",\"width\":1728,\"height\":576},{\"@type\":\"BreadcrumbList\",\"@id\":\"https:\/\/manurefetish.com\/shop\/videos\/brooke-maddison-morning-cowshed-routine\/#breadcrumb\",\"itemListElement\":[{\"@type\":\"ListItem\",\"position\":1,\"name\":\"Home\",\"item\":\"https:\/\/manurefetish.com\/\"},{\"@type\":\"ListItem\",\"position\":2,\"name\":\"Shop\",\"item\":\"https:\/\/manurefetish.com\/shop\/\"},{\"@type\":\"ListItem\",\"position\":3,\"name\":\"Videos\",\"item\":\"https:\/\/manurefetish.com\/product-category\/videos\/\"},{\"@type\":\"ListItem\",\"position\":4,\"name\":\"Brooke Maddison Morning Cowshed Routine\"}]},{\"@type\":\"WebSite\",\"@id\":\"https:\/\/manurefetish.com\/#website\",\"url\":\"https:\/\/manurefetish.com\/\",\"name\":\"ManureFetish\",\"description\":\"ManureFetish Shop\",\"publisher\":{\"@id\":\"https:\/\/manurefetish.com\/#organization\"},\"potentialAction\":[{\"@type\":\"SearchAction\",\"target\":{\"@type\":\"EntryPoint\",\"urlTemplate\":\"https:\/\/manurefetish.com\/?s={search_term_string}\"},\"query-input\":{\"@type\":\"PropertyValueSpecification\",\"valueRequired\":true,\"valueName\":\"search_term_string\"}}],\"inLanguage\":\"fr-FR\"},{\"@type\":\"Organization\",\"@id\":\"https:\/\/manurefetish.com\/#organization\",\"name\":\"ManureFetish.com\",\"url\":\"https:\/\/manurefetish.com\/\",\"logo\":{\"@type\":\"ImageObject\",\"inLanguage\":\"fr-FR\",\"@id\":\"https:\/\/manurefetish.com\/#\/schema\/logo\/image\/\",\"url\":\"https:\/\/manurefetish.com\/wp-content\/uploads\/2019\/06\/1000xmanurefetishcom-michaela-logo-website-shop.png\",\"contentUrl\":\"https:\/\/manurefetish.com\/wp-content\/uploads\/2019\/06\/1000xmanurefetishcom-michaela-logo-website-shop.png\",\"width\":1000,\"height\":632,\"caption\":\"ManureFetish.com\"},\"image\":{\"@id\":\"https:\/\/manurefetish.com\/#\/schema\/logo\/image\/\"},\"sameAs\":[\"https:\/\/www.facebook.com\/manurefetish\/\",\"https:\/\/x.com\/Manurefetisch\",\"https:\/\/www.youtube.com\/c\/ManureFetish\"],\"description\":\"We're creating various fetish content with female and male models alike.\",\"foundingDate\":\"2019-07-04\",\"vatID\":\"DE366928521\",\"numberOfEmployees\":{\"@type\":\"QuantitativeValue\",\"minValue\":\"1\",\"maxValue\":\"10\"}}]}<\/script>\n<meta property=\"og:availability\" content=\"instock\" \/>\n<meta property=\"product:availability\" content=\"instock\" \/>\n<meta property=\"product:retailer_item_id\" content=\"MFW-BMMCR\" \/>\n<meta property=\"product:condition\" content=\"new\" \/>\n<!-- \/ Yoast SEO Premium plugin. -->","yoast_head_json":{"title":"La routine matinale de Brooke Maddison \u00e0 l'\u00e9table - ManureFetish -","description":"Brooke Maddison Morning Cowshed Routine, elle fait cela tous les matins dans l'\u00e9table, c'est ce qu'elle pr\u00e9f\u00e8re faire avant de commencer sa journ\u00e9e.","robots":{"index":"index","follow":"follow","max-snippet":"max-snippet:-1","max-image-preview":"max-image-preview:large","max-video-preview":"max-video-preview:-1"},"canonical":"https:\/\/manurefetish.com\/fr\/shop\/videos\/brooke-maddison-morning-cowshed-routine\/","og_locale":"fr_FR","og_type":"article","og_title":"Brooke Maddison Morning Cowshed Routine","og_description":"Brooke Maddison Morning Cowshed Routine, she does this every morning in the cowshed, her favorite thing to do before her day starts.","og_url":"https:\/\/manurefetish.com\/fr\/shop\/videos\/brooke-maddison-morning-cowshed-routine\/","og_site_name":"ManureFetish","article_publisher":"https:\/\/www.facebook.com\/manurefetish\/","article_modified_time":"2026-03-24T14:27:06+00:00","og_image":[{"width":1728,"height":576,"url":"https:\/\/manurefetish.com\/wp-content\/uploads\/2024\/01\/Brooke-Maddison-Morning-Cowshed-Routine.jpg","type":"image\/jpeg"}],"twitter_card":"summary_large_image","twitter_site":"@Manurefetisch","schema":{"@context":"https:\/\/schema.org","@graph":[{"@type":"WebPage","@id":"https:\/\/manurefetish.com\/shop\/videos\/brooke-maddison-morning-cowshed-routine\/","url":"https:\/\/manurefetish.com\/shop\/videos\/brooke-maddison-morning-cowshed-routine\/","name":"La routine matinale de Brooke Maddison \u00e0 l'\u00e9table - ManureFetish -","isPartOf":{"@id":"https:\/\/manurefetish.com\/#website"},"primaryImageOfPage":{"@id":"https:\/\/manurefetish.com\/shop\/videos\/brooke-maddison-morning-cowshed-routine\/#primaryimage"},"image":{"@id":"https:\/\/manurefetish.com\/shop\/videos\/brooke-maddison-morning-cowshed-routine\/#primaryimage"},"thumbnailUrl":"https:\/\/manurefetish.b-cdn.net\/wp-content\/uploads\/2024\/01\/Brooke-Maddison-Morning-Cowshed-Routine.jpg","datePublished":"2024-01-20T17:00:28+00:00","dateModified":"2026-03-24T14:27:06+00:00","description":"Brooke Maddison Morning Cowshed Routine, elle fait cela tous les matins dans l'\u00e9table, c'est ce qu'elle pr\u00e9f\u00e8re faire avant de commencer sa journ\u00e9e.","breadcrumb":{"@id":"https:\/\/manurefetish.com\/shop\/videos\/brooke-maddison-morning-cowshed-routine\/#breadcrumb"},"inLanguage":"fr-FR","potentialAction":[{"@type":"ReadAction","target":["https:\/\/manurefetish.com\/shop\/videos\/brooke-maddison-morning-cowshed-routine\/"]}]},{"@type":"ImageObject","inLanguage":"fr-FR","@id":"https:\/\/manurefetish.com\/shop\/videos\/brooke-maddison-morning-cowshed-routine\/#primaryimage","url":"https:\/\/manurefetish.b-cdn.net\/wp-content\/uploads\/2024\/01\/Brooke-Maddison-Morning-Cowshed-Routine.jpg","contentUrl":"https:\/\/manurefetish.b-cdn.net\/wp-content\/uploads\/2024\/01\/Brooke-Maddison-Morning-Cowshed-Routine.jpg","width":1728,"height":576},{"@type":"BreadcrumbList","@id":"https:\/\/manurefetish.com\/shop\/videos\/brooke-maddison-morning-cowshed-routine\/#breadcrumb","itemListElement":[{"@type":"ListItem","position":1,"name":"Home","item":"https:\/\/manurefetish.com\/"},{"@type":"ListItem","position":2,"name":"Shop","item":"https:\/\/manurefetish.com\/shop\/"},{"@type":"ListItem","position":3,"name":"Videos","item":"https:\/\/manurefetish.com\/product-category\/videos\/"},{"@type":"ListItem","position":4,"name":"Brooke Maddison Morning Cowshed Routine"}]},{"@type":"WebSite","@id":"https:\/\/manurefetish.com\/#website","url":"https:\/\/manurefetish.com\/","name":"ManureFetish","description":"ManureFetish Shop","publisher":{"@id":"https:\/\/manurefetish.com\/#organization"},"potentialAction":[{"@type":"SearchAction","target":{"@type":"EntryPoint","urlTemplate":"https:\/\/manurefetish.com\/?s={search_term_string}"},"query-input":{"@type":"PropertyValueSpecification","valueRequired":true,"valueName":"search_term_string"}}],"inLanguage":"fr-FR"},{"@type":"Organization","@id":"https:\/\/manurefetish.com\/#organization","name":"ManureFetish.com","url":"https:\/\/manurefetish.com\/","logo":{"@type":"ImageObject","inLanguage":"fr-FR","@id":"https:\/\/manurefetish.com\/#\/schema\/logo\/image\/","url":"https:\/\/manurefetish.com\/wp-content\/uploads\/2019\/06\/1000xmanurefetishcom-michaela-logo-website-shop.png","contentUrl":"https:\/\/manurefetish.com\/wp-content\/uploads\/2019\/06\/1000xmanurefetishcom-michaela-logo-website-shop.png","width":1000,"height":632,"caption":"ManureFetish.com"},"image":{"@id":"https:\/\/manurefetish.com\/#\/schema\/logo\/image\/"},"sameAs":["https:\/\/www.facebook.com\/manurefetish\/","https:\/\/x.com\/Manurefetisch","https:\/\/www.youtube.com\/c\/ManureFetish"],"description":"Nous cr\u00e9ons divers contenus f\u00e9tichistes avec des mod\u00e8les f\u00e9minins et masculins.","foundingDate":"2019-07-04","vatID":"DE366928521","numberOfEmployees":{"@type":"QuantitativeValue","minValue":"1","maxValue":"10"}}]},"og_availability":"instock","product_availability":"instock","product_retailer_item_id":"MFW-BMMCR","product_condition":"new"},"_links":{"self":[{"href":"https:\/\/manurefetish.com\/fr\/wp-json\/wp\/v2\/product\/110554","targetHints":{"allow":["GET"]}}],"collection":[{"href":"https:\/\/manurefetish.com\/fr\/wp-json\/wp\/v2\/product"}],"about":[{"href":"https:\/\/manurefetish.com\/fr\/wp-json\/wp\/v2\/types\/product"}],"replies":[{"embeddable":true,"href":"https:\/\/manurefetish.com\/fr\/wp-json\/wp\/v2\/comments?post=110554"}],"version-history":[{"count":0,"href":"https:\/\/manurefetish.com\/fr\/wp-json\/wp\/v2\/product\/110554\/revisions"}],"wp:featuredmedia":[{"embeddable":true,"href":"https:\/\/manurefetish.com\/fr\/wp-json\/wp\/v2\/media\/199184"}],"wp:attachment":[{"href":"https:\/\/manurefetish.com\/fr\/wp-json\/wp\/v2\/media?parent=110554"}],"wp:term":[{"taxonomy":"product_brand","embeddable":true,"href":"https:\/\/manurefetish.com\/fr\/wp-json\/wp\/v2\/product_brand?post=110554"},{"taxonomy":"product_cat","embeddable":true,"href":"https:\/\/manurefetish.com\/fr\/wp-json\/wp\/v2\/product_cat?post=110554"},{"taxonomy":"product_tag","embeddable":true,"href":"https:\/\/manurefetish.com\/fr\/wp-json\/wp\/v2\/product_tag?post=110554"}],"curies":[{"name":"wp","href":"https:\/\/api.w.org\/{rel}","templated":true}]}}