{"id":110455,"date":"2024-05-30T13:00:50","date_gmt":"2024-05-30T11:00:50","guid":{"rendered":"https:\/\/manurefetish.com\/?post_type=product&#038;p=110455"},"modified":"2026-03-24T15:23:34","modified_gmt":"2026-03-24T14:23:34","slug":"wet-kitty-in-the-cowshed","status":"publish","type":"product","link":"https:\/\/manurefetish.com\/fr\/shop\/videos\/wet-kitty-in-the-cowshed\/","title":{"rendered":"Chat mouill\u00e9 dans l'\u00e9table"},"content":{"rendered":"<p><span style=\"font-weight: 400;\">Lyndra est de nouveau dans l'\u00e9table, avec une tenue mignonne et sexy. Elle veut s'amuser, mais elle \u00e9tait press\u00e9e et a oubli\u00e9 d'aller aux toilettes, alors debout \u00e0 c\u00f4t\u00e9 du canal \u00e0 fumier, elle se fait pipi dessus. C'est le d\u00e9but de beaucoup de plaisir pour elle dans le canal \u00e0 fumier.<\/span><\/p>","protected":false},"excerpt":{"rendered":"<p>Lyndra est de nouveau dans l'\u00e9table, avec une tenue mignonne et sexy. Elle veut s'amuser, mais elle \u00e9tait press\u00e9e et a oubli\u00e9 d'aller aux toilettes, alors debout \u00e0 c\u00f4t\u00e9 du canal \u00e0 fumier, elle se fait pipi dessus. C'est le d\u00e9but de beaucoup de plaisir pour elle dans le canal \u00e0 fumier.<\/p>","protected":false},"featured_media":199211,"comment_status":"open","ping_status":"closed","template":"","meta":{"_acf_changed":false,"site-sidebar-layout":"default","site-content-layout":"","ast-site-content-layout":"default","site-content-style":"default","site-sidebar-style":"default","ast-global-header-display":"","ast-banner-title-visibility":"","ast-main-header-display":"","ast-hfb-above-header-display":"","ast-hfb-below-header-display":"","ast-hfb-mobile-header-display":"","site-post-title":"","ast-breadcrumbs-content":"","ast-featured-img":"","footer-sml-layout":"","ast-disable-related-posts":"","theme-transparent-header-meta":"default","adv-header-id-meta":"","stick-header-meta":"","header-above-stick-meta":"","header-main-stick-meta":"","header-below-stick-meta":"","astra-migrate-meta-layouts":"set","ast-page-background-enabled":"default","ast-page-background-meta":{"desktop":{"background-color":"var(--ast-global-color-4)","background-image":"","background-repeat":"repeat","background-position":"center center","background-size":"auto","background-attachment":"scroll","background-type":"","background-media":"","overlay-type":"","overlay-color":"","overlay-opacity":"","overlay-gradient":""},"tablet":{"background-color":"","background-image":"","background-repeat":"repeat","background-position":"center center","background-size":"auto","background-attachment":"scroll","background-type":"","background-media":"","overlay-type":"","overlay-color":"","overlay-opacity":"","overlay-gradient":""},"mobile":{"background-color":"","background-image":"","background-repeat":"repeat","background-position":"center center","background-size":"auto","background-attachment":"scroll","background-type":"","background-media":"","overlay-type":"","overlay-color":"","overlay-opacity":"","overlay-gradient":""}},"ast-content-background-meta":{"desktop":{"background-color":"var(--ast-global-color-5)","background-image":"","background-repeat":"repeat","background-position":"center center","background-size":"auto","background-attachment":"scroll","background-type":"","background-media":"","overlay-type":"","overlay-color":"","overlay-opacity":"","overlay-gradient":""},"tablet":{"background-color":"var(--ast-global-color-5)","background-image":"","background-repeat":"repeat","background-position":"center center","background-size":"auto","background-attachment":"scroll","background-type":"","background-media":"","overlay-type":"","overlay-color":"","overlay-opacity":"","overlay-gradient":""},"mobile":{"background-color":"var(--ast-global-color-5)","background-image":"","background-repeat":"repeat","background-position":"center center","background-size":"auto","background-attachment":"scroll","background-type":"","background-media":"","overlay-type":"","overlay-color":"","overlay-opacity":"","overlay-gradient":""}}},"product_brand":[],"product_cat":[4470],"product_tag":[17,317,318,2632,2551,2621,316,64,3933,3030,20,3523,2419,4032,2841,18,2285,2206,2629,3174,2836,65,35,2637,3351,2482,32,4199,2650,4482,24,2832,29,2368,3233,3997,3592],"class_list":{"0":"post-110455","1":"product","2":"type-product","3":"status-publish","4":"has-post-thumbnail","6":"product_cat-videos","7":"product_tag-anal","8":"product_tag-asshole","9":"product_tag-boobs","10":"product_tag-bra","11":"product_tag-couple","12":"product_tag-cow-dung","13":"product_tag-cunt","14":"product_tag-dildo","15":"product_tag-doggystyle","16":"product_tag-download","17":"product_tag-dung","18":"product_tag-fingering","19":"product_tag-full-hd","20":"product_tag-kitty","21":"product_tag-lyndra-lynn","22":"product_tag-manure","23":"product_tag-masturbate","24":"product_tag-masturbation","25":"product_tag-messy","26":"product_tag-missionary","27":"product_tag-mud","28":"product_tag-naked","29":"product_tag-orgasm","30":"product_tag-panty","31":"product_tag-pantyhose","32":"product_tag-peeing","33":"product_tag-pussy","34":"product_tag-season-5","35":"product_tag-sensual","36":"product_tag-sex-in-cowshit","37":"product_tag-slurry","38":"product_tag-smearing","39":"product_tag-submerging","40":"product_tag-ultra-hd","41":"product_tag-waifu","42":"product_tag-wedding","43":"product_tag-wetting","44":"pa_product-type-digital-download-full-hd-video","45":"pa_product-type-digital-download-ultra-hd-video","46":"pa_product-type-usb-stick","47":"pa_video-info-full-hd-1920x1080p","48":"pa_video-info-ultra-hd-4k","49":"desktop-align-center","50":"tablet-align-left","51":"mobile-align-left","53":"first","54":"instock","55":"shipping-taxable","56":"purchasable","57":"product-type-variable"},"exclude_global_add_ons":[],"addons":[],"acf":[],"yoast_head":"<!-- This site is optimized with the Yoast SEO Premium plugin v27.1 (Yoast SEO v27.1.1) - https:\/\/yoast.com\/product\/yoast-seo-premium-wordpress\/ -->\n<title>Wet Kitty In The Cowshed - ManureFetish -<\/title>\n<meta name=\"description\" content=\"Wet Kitty In The Cowshed, Lyndra Lynn is back in the cowshed and first she has a pee accident in her panty, then she masturbates in cowshit\" \/>\n<meta name=\"robots\" content=\"index, follow, max-snippet:-1, max-image-preview:large, max-video-preview:-1\" \/>\n<link rel=\"canonical\" href=\"https:\/\/manurefetish.com\/fr\/shop\/videos\/wet-kitty-in-the-cowshed\/\" \/>\n<meta name=\"twitter:card\" content=\"summary_large_image\" \/>\n<meta name=\"twitter:title\" content=\"Wet Kitty In The Cowshed - ManureFetish -\" \/>\n<meta name=\"twitter:description\" content=\"Wet Kitty In The Cowshed, Lyndra Lynn is back in the cowshed and first she has a pee accident in her panty, then she masturbates in cowshit\" \/>\n<meta name=\"twitter:image\" content=\"https:\/\/manurefetish.b-cdn.net\/wp-content\/uploads\/2024\/05\/Lyndra-Lynn-Wet-Kitty.jpg\" \/>\n<meta name=\"twitter:site\" content=\"@Manurefetisch\" \/>\n<script type=\"application\/ld+json\" class=\"yoast-schema-graph\">{\"@context\":\"https:\/\/schema.org\",\"@graph\":[{\"@type\":\"WebPage\",\"@id\":\"https:\/\/manurefetish.com\/shop\/videos\/wet-kitty-in-the-cowshed\/\",\"url\":\"https:\/\/manurefetish.com\/shop\/videos\/wet-kitty-in-the-cowshed\/\",\"name\":\"Wet Kitty In The Cowshed - ManureFetish -\",\"isPartOf\":{\"@id\":\"https:\/\/de.manurefetish.com\/#website\"},\"primaryImageOfPage\":{\"@id\":\"https:\/\/manurefetish.com\/shop\/videos\/wet-kitty-in-the-cowshed\/#primaryimage\"},\"image\":{\"@id\":\"https:\/\/manurefetish.com\/shop\/videos\/wet-kitty-in-the-cowshed\/#primaryimage\"},\"thumbnailUrl\":\"https:\/\/manurefetish.b-cdn.net\/wp-content\/uploads\/2024\/05\/Lyndra-Lynn-Wet-Kitty.jpg\",\"datePublished\":\"2024-05-30T11:00:50+00:00\",\"dateModified\":\"2026-03-24T14:23:34+00:00\",\"description\":\"Wet Kitty In The Cowshed, Lyndra Lynn is back in the cowshed and first she has a pee accident in her panty, then she masturbates in cowshit\",\"breadcrumb\":{\"@id\":\"https:\/\/manurefetish.com\/shop\/videos\/wet-kitty-in-the-cowshed\/#breadcrumb\"},\"inLanguage\":\"fr-FR\",\"potentialAction\":[{\"@type\":\"ReadAction\",\"target\":[\"https:\/\/manurefetish.com\/shop\/videos\/wet-kitty-in-the-cowshed\/\"]}]},{\"@type\":\"ImageObject\",\"inLanguage\":\"fr-FR\",\"@id\":\"https:\/\/manurefetish.com\/shop\/videos\/wet-kitty-in-the-cowshed\/#primaryimage\",\"url\":\"https:\/\/manurefetish.b-cdn.net\/wp-content\/uploads\/2024\/05\/Lyndra-Lynn-Wet-Kitty.jpg\",\"contentUrl\":\"https:\/\/manurefetish.b-cdn.net\/wp-content\/uploads\/2024\/05\/Lyndra-Lynn-Wet-Kitty.jpg\",\"width\":1728,\"height\":576},{\"@type\":\"BreadcrumbList\",\"@id\":\"https:\/\/manurefetish.com\/shop\/videos\/wet-kitty-in-the-cowshed\/#breadcrumb\",\"itemListElement\":[{\"@type\":\"ListItem\",\"position\":1,\"name\":\"Home\",\"item\":\"https:\/\/manurefetish.com\/\"},{\"@type\":\"ListItem\",\"position\":2,\"name\":\"Shop\",\"item\":\"https:\/\/manurefetish.com\/shop\/\"},{\"@type\":\"ListItem\",\"position\":3,\"name\":\"Videos\",\"item\":\"https:\/\/manurefetish.com\/product-category\/videos\/\"},{\"@type\":\"ListItem\",\"position\":4,\"name\":\"Wet Kitty In The Cowshed\"}]},{\"@type\":\"WebSite\",\"@id\":\"https:\/\/de.manurefetish.com\/#website\",\"url\":\"https:\/\/de.manurefetish.com\/\",\"name\":\"ManureFetish\",\"description\":\"ManureFetish Shop\",\"publisher\":{\"@id\":\"https:\/\/de.manurefetish.com\/#organization\"},\"potentialAction\":[{\"@type\":\"SearchAction\",\"target\":{\"@type\":\"EntryPoint\",\"urlTemplate\":\"https:\/\/de.manurefetish.com\/?s={search_term_string}\"},\"query-input\":{\"@type\":\"PropertyValueSpecification\",\"valueRequired\":true,\"valueName\":\"search_term_string\"}}],\"inLanguage\":\"fr-FR\"},{\"@type\":\"Organization\",\"@id\":\"https:\/\/de.manurefetish.com\/#organization\",\"name\":\"ManureFetish.com\",\"url\":\"https:\/\/de.manurefetish.com\/\",\"logo\":{\"@type\":\"ImageObject\",\"inLanguage\":\"fr-FR\",\"@id\":\"https:\/\/de.manurefetish.com\/#\/schema\/logo\/image\/\",\"url\":\"https:\/\/manurefetish.com\/wp-content\/uploads\/2019\/06\/1000xmanurefetishcom-michaela-logo-website-shop.png\",\"contentUrl\":\"https:\/\/manurefetish.com\/wp-content\/uploads\/2019\/06\/1000xmanurefetishcom-michaela-logo-website-shop.png\",\"width\":1000,\"height\":632,\"caption\":\"ManureFetish.com\"},\"image\":{\"@id\":\"https:\/\/de.manurefetish.com\/#\/schema\/logo\/image\/\"},\"sameAs\":[\"https:\/\/www.facebook.com\/manurefetish\/\",\"https:\/\/x.com\/Manurefetisch\",\"https:\/\/www.youtube.com\/c\/ManureFetish\"],\"description\":\"We're creating various fetish content with female and male models alike.\",\"foundingDate\":\"2019-07-04\",\"vatID\":\"DE366928521\",\"numberOfEmployees\":{\"@type\":\"QuantitativeValue\",\"minValue\":\"1\",\"maxValue\":\"10\"}}]}<\/script>\n<meta property=\"og:availability\" content=\"instock\" \/>\n<meta property=\"product:availability\" content=\"instock\" \/>\n<meta property=\"product:retailer_item_id\" content=\"MFW-WKITC\" \/>\n<meta property=\"product:condition\" content=\"new\" \/>\n<!-- \/ Yoast SEO Premium plugin. -->","yoast_head_json":{"title":"Chat mouill\u00e9 dans l'\u00e9table - ManureFetish -","description":"Wet Kitty In The Cowshed, Lyndra Lynn est de retour dans l'\u00e9table et d'abord elle a un accident de pipi dans sa culotte, puis elle se masturbe dans de la merde de vache.","robots":{"index":"index","follow":"follow","max-snippet":"max-snippet:-1","max-image-preview":"max-image-preview:large","max-video-preview":"max-video-preview:-1"},"canonical":"https:\/\/manurefetish.com\/fr\/shop\/videos\/wet-kitty-in-the-cowshed\/","twitter_card":"summary_large_image","twitter_title":"Wet Kitty In The Cowshed - ManureFetish -","twitter_description":"Wet Kitty In The Cowshed, Lyndra Lynn is back in the cowshed and first she has a pee accident in her panty, then she masturbates in cowshit","twitter_image":"https:\/\/manurefetish.b-cdn.net\/wp-content\/uploads\/2024\/05\/Lyndra-Lynn-Wet-Kitty.jpg","twitter_site":"@Manurefetisch","schema":{"@context":"https:\/\/schema.org","@graph":[{"@type":"WebPage","@id":"https:\/\/manurefetish.com\/shop\/videos\/wet-kitty-in-the-cowshed\/","url":"https:\/\/manurefetish.com\/shop\/videos\/wet-kitty-in-the-cowshed\/","name":"Chat mouill\u00e9 dans l'\u00e9table - ManureFetish -","isPartOf":{"@id":"https:\/\/de.manurefetish.com\/#website"},"primaryImageOfPage":{"@id":"https:\/\/manurefetish.com\/shop\/videos\/wet-kitty-in-the-cowshed\/#primaryimage"},"image":{"@id":"https:\/\/manurefetish.com\/shop\/videos\/wet-kitty-in-the-cowshed\/#primaryimage"},"thumbnailUrl":"https:\/\/manurefetish.b-cdn.net\/wp-content\/uploads\/2024\/05\/Lyndra-Lynn-Wet-Kitty.jpg","datePublished":"2024-05-30T11:00:50+00:00","dateModified":"2026-03-24T14:23:34+00:00","description":"Wet Kitty In The Cowshed, Lyndra Lynn est de retour dans l'\u00e9table et d'abord elle a un accident de pipi dans sa culotte, puis elle se masturbe dans de la merde de vache.","breadcrumb":{"@id":"https:\/\/manurefetish.com\/shop\/videos\/wet-kitty-in-the-cowshed\/#breadcrumb"},"inLanguage":"fr-FR","potentialAction":[{"@type":"ReadAction","target":["https:\/\/manurefetish.com\/shop\/videos\/wet-kitty-in-the-cowshed\/"]}]},{"@type":"ImageObject","inLanguage":"fr-FR","@id":"https:\/\/manurefetish.com\/shop\/videos\/wet-kitty-in-the-cowshed\/#primaryimage","url":"https:\/\/manurefetish.b-cdn.net\/wp-content\/uploads\/2024\/05\/Lyndra-Lynn-Wet-Kitty.jpg","contentUrl":"https:\/\/manurefetish.b-cdn.net\/wp-content\/uploads\/2024\/05\/Lyndra-Lynn-Wet-Kitty.jpg","width":1728,"height":576},{"@type":"BreadcrumbList","@id":"https:\/\/manurefetish.com\/shop\/videos\/wet-kitty-in-the-cowshed\/#breadcrumb","itemListElement":[{"@type":"ListItem","position":1,"name":"Home","item":"https:\/\/manurefetish.com\/"},{"@type":"ListItem","position":2,"name":"Shop","item":"https:\/\/manurefetish.com\/shop\/"},{"@type":"ListItem","position":3,"name":"Videos","item":"https:\/\/manurefetish.com\/product-category\/videos\/"},{"@type":"ListItem","position":4,"name":"Wet Kitty In The Cowshed"}]},{"@type":"WebSite","@id":"https:\/\/de.manurefetish.com\/#website","url":"https:\/\/de.manurefetish.com\/","name":"ManureFetish","description":"ManureFetish Shop","publisher":{"@id":"https:\/\/de.manurefetish.com\/#organization"},"potentialAction":[{"@type":"SearchAction","target":{"@type":"EntryPoint","urlTemplate":"https:\/\/de.manurefetish.com\/?s={search_term_string}"},"query-input":{"@type":"PropertyValueSpecification","valueRequired":true,"valueName":"search_term_string"}}],"inLanguage":"fr-FR"},{"@type":"Organization","@id":"https:\/\/de.manurefetish.com\/#organization","name":"ManureFetish.com","url":"https:\/\/de.manurefetish.com\/","logo":{"@type":"ImageObject","inLanguage":"fr-FR","@id":"https:\/\/de.manurefetish.com\/#\/schema\/logo\/image\/","url":"https:\/\/manurefetish.com\/wp-content\/uploads\/2019\/06\/1000xmanurefetishcom-michaela-logo-website-shop.png","contentUrl":"https:\/\/manurefetish.com\/wp-content\/uploads\/2019\/06\/1000xmanurefetishcom-michaela-logo-website-shop.png","width":1000,"height":632,"caption":"ManureFetish.com"},"image":{"@id":"https:\/\/de.manurefetish.com\/#\/schema\/logo\/image\/"},"sameAs":["https:\/\/www.facebook.com\/manurefetish\/","https:\/\/x.com\/Manurefetisch","https:\/\/www.youtube.com\/c\/ManureFetish"],"description":"Nous cr\u00e9ons divers contenus f\u00e9tichistes avec des mod\u00e8les f\u00e9minins et masculins.","foundingDate":"2019-07-04","vatID":"DE366928521","numberOfEmployees":{"@type":"QuantitativeValue","minValue":"1","maxValue":"10"}}]},"og_availability":"instock","product_availability":"instock","product_retailer_item_id":"MFW-WKITC","product_condition":"new"},"_links":{"self":[{"href":"https:\/\/manurefetish.com\/fr\/wp-json\/wp\/v2\/product\/110455","targetHints":{"allow":["GET"]}}],"collection":[{"href":"https:\/\/manurefetish.com\/fr\/wp-json\/wp\/v2\/product"}],"about":[{"href":"https:\/\/manurefetish.com\/fr\/wp-json\/wp\/v2\/types\/product"}],"replies":[{"embeddable":true,"href":"https:\/\/manurefetish.com\/fr\/wp-json\/wp\/v2\/comments?post=110455"}],"version-history":[{"count":0,"href":"https:\/\/manurefetish.com\/fr\/wp-json\/wp\/v2\/product\/110455\/revisions"}],"wp:featuredmedia":[{"embeddable":true,"href":"https:\/\/manurefetish.com\/fr\/wp-json\/wp\/v2\/media\/199211"}],"wp:attachment":[{"href":"https:\/\/manurefetish.com\/fr\/wp-json\/wp\/v2\/media?parent=110455"}],"wp:term":[{"taxonomy":"product_brand","embeddable":true,"href":"https:\/\/manurefetish.com\/fr\/wp-json\/wp\/v2\/product_brand?post=110455"},{"taxonomy":"product_cat","embeddable":true,"href":"https:\/\/manurefetish.com\/fr\/wp-json\/wp\/v2\/product_cat?post=110455"},{"taxonomy":"product_tag","embeddable":true,"href":"https:\/\/manurefetish.com\/fr\/wp-json\/wp\/v2\/product_tag?post=110455"}],"curies":[{"name":"wp","href":"https:\/\/api.w.org\/{rel}","templated":true}]}}