{"id":100098,"date":"2023-10-02T23:00:47","date_gmt":"2023-10-02T21:00:47","guid":{"rendered":"https:\/\/manurefetish.com\/?post_type=product&#038;p=100098"},"modified":"2026-03-24T15:33:44","modified_gmt":"2026-03-24T14:33:44","slug":"rada-brewer-and-lyndra-lynn-cowgirls-filthy-adventure","status":"publish","type":"product","link":"https:\/\/manurefetish.com\/fr\/shop\/videos\/rada-brewer-and-lyndra-lynn-cowgirls-filthy-adventure\/","title":{"rendered":"Rada Brewer et Lyndra Lynn Cowgirls Filthy Adventure"},"content":{"rendered":"<p><span style=\"font-weight: 400;\">Les cow-girls Rada Brewer et Lyndra Lynn ont termin\u00e9 leur travail \u00e0 la ferme aujourd'hui. Lyndra sait que sa nouvelle amie Rada aime se salir \u00e0 la ferme. Lyndra a donc pr\u00e9par\u00e9 quelque chose dont elle se souviendra longtemps.<br \/>\nLyndra a apport\u00e9 son kit de lavement et un seau avec du lait de vache frais, elle a enfonc\u00e9 l'extr\u00e9mit\u00e9 du tuyau dans le trou du cul serr\u00e9 de Rada et a ouvert la valve pour que le lait commence \u00e0 remplir son cul. Rada prend les deux litres de lait que Lyndra a apport\u00e9s avec elle, elle se sent vraiment pleine et n'arrive presque plus \u00e0 se retenir. Lorsque Lyndra Lynn retire le tuyau, elle ne peut plus se retenir et un peu de lait sort de son trou du cul sur les dungarees de Lyndra. Lyndra s'agenouille derri\u00e8re elle et Rada fait gicler beaucoup de lait sur Lyndra pendant qu'elle lui doigte la chatte.<br \/>\nLyndra verse maintenant un seau plein de vache fra\u00eeche dung sur Rada, ce qui l'excite beaucoup. Mais Lyndra a une autre surprise, un gros strapon sous ses dungarees. Rada commence tout de suite \u00e0 sucer le gros strapon et en profite. Rada grimpe ensuite dans l'auge et Lyndra commence \u00e0 la baiser par derri\u00e8re. Apr\u00e8s une baise intense, Lyndra s'assoit \u00e0 c\u00f4t\u00e9 du gros dunghill cr\u00e9meux et Rada s'assoit sur elle, elle chevauche le gode comme une bonne cowgirl devrait le faire. Rada et Lyndra passent maintenant au grand r\u00e9cipient rempli de manure et Rada commence \u00e0 sucer le gode alors qu'elle est presque immerg\u00e9e dedans.<br \/>\nLes deux femmes retournent ensuite \u00e0 l'auge, o\u00f9 elles utilisent un gode \u00e0 double face dans une action de cul \u00e0 cul, que les deux filles appr\u00e9cient. Elles passent d'une position \u00e0 l'autre, en ciseaux, Lyndra baisant Rada avec ses doigts et un gode. Rada l\u00e8che la chatte couverte de dung de Lyndra. Elles ont toutes les deux beaucoup de sexe chaud et filthy ensemble.<\/span><\/p>","protected":false},"excerpt":{"rendered":"<p>Cowgirls Rada Brewer and Lyndra Lynn are done with their work today on the farm. Lyndra knows that her new friend Rada likes to get dirty on the farm. So Lyndra prepared something she will remember for a long time. Lyndra brought her enema kit and a bucket with some fresh cow milk, she stuck [&hellip;]<\/p>\n","protected":false},"featured_media":199152,"comment_status":"open","ping_status":"closed","template":"","meta":{"_acf_changed":false,"site-sidebar-layout":"default","site-content-layout":"","ast-site-content-layout":"default","site-content-style":"default","site-sidebar-style":"default","ast-global-header-display":"","ast-banner-title-visibility":"","ast-main-header-display":"","ast-hfb-above-header-display":"","ast-hfb-below-header-display":"","ast-hfb-mobile-header-display":"","site-post-title":"","ast-breadcrumbs-content":"","ast-featured-img":"","footer-sml-layout":"","ast-disable-related-posts":"","theme-transparent-header-meta":"default","adv-header-id-meta":"","stick-header-meta":"","header-above-stick-meta":"","header-main-stick-meta":"","header-below-stick-meta":"","astra-migrate-meta-layouts":"set","ast-page-background-enabled":"default","ast-page-background-meta":{"desktop":{"background-color":"var(--ast-global-color-4)","background-image":"","background-repeat":"repeat","background-position":"center center","background-size":"auto","background-attachment":"scroll","background-type":"","background-media":"","overlay-type":"","overlay-color":"","overlay-opacity":"","overlay-gradient":""},"tablet":{"background-color":"","background-image":"","background-repeat":"repeat","background-position":"center center","background-size":"auto","background-attachment":"scroll","background-type":"","background-media":"","overlay-type":"","overlay-color":"","overlay-opacity":"","overlay-gradient":""},"mobile":{"background-color":"","background-image":"","background-repeat":"repeat","background-position":"center center","background-size":"auto","background-attachment":"scroll","background-type":"","background-media":"","overlay-type":"","overlay-color":"","overlay-opacity":"","overlay-gradient":""}},"ast-content-background-meta":{"desktop":{"background-color":"var(--ast-global-color-5)","background-image":"","background-repeat":"repeat","background-position":"center center","background-size":"auto","background-attachment":"scroll","background-type":"","background-media":"","overlay-type":"","overlay-color":"","overlay-opacity":"","overlay-gradient":""},"tablet":{"background-color":"var(--ast-global-color-5)","background-image":"","background-repeat":"repeat","background-position":"center center","background-size":"auto","background-attachment":"scroll","background-type":"","background-media":"","overlay-type":"","overlay-color":"","overlay-opacity":"","overlay-gradient":""},"mobile":{"background-color":"var(--ast-global-color-5)","background-image":"","background-repeat":"repeat","background-position":"center center","background-size":"auto","background-attachment":"scroll","background-type":"","background-media":"","overlay-type":"","overlay-color":"","overlay-opacity":"","overlay-gradient":""}}},"product_brand":[],"product_cat":[4470],"product_tag":[17,317,3295,318,2675,2632,66,2508,2631,2281,2551,2621,3893,316,64,3030,2513,2603,2905,56,2624,2204,3628,320,3850,54,2419,2707,2841,18,3882,65,35,360,2637,2971,2482,32,3879,3881,4482,3778,3562,2832,2477,2478,2709,319,2368,2676],"class_list":{"0":"post-100098","1":"product","2":"type-product","3":"status-publish","4":"has-post-thumbnail","6":"product_cat-videos","7":"product_tag-anal","8":"product_tag-asshole","9":"product_tag-basin","10":"product_tag-boobs","11":"product_tag-boots","12":"product_tag-bra","13":"product_tag-clothed","14":"product_tag-clothes","15":"product_tag-completely-covered","16":"product_tag-completely-submerged","17":"product_tag-couple","18":"product_tag-cow-dung","19":"product_tag-cowgirls","20":"product_tag-cunt","21":"product_tag-dildo","22":"product_tag-download","23":"product_tag-dress","24":"product_tag-dunghill","25":"product_tag-enema","26":"product_tag-erotic","27":"product_tag-farm","28":"product_tag-farm-girl","29":"product_tag-farmer-girl","30":"product_tag-feet","31":"product_tag-food","32":"product_tag-full-covered","33":"product_tag-full-hd","34":"product_tag-lesbian","35":"product_tag-lyndra-lynn","36":"product_tag-manure","37":"product_tag-messing","38":"product_tag-naked","39":"product_tag-orgasm","40":"product_tag-outdoor","41":"product_tag-panty","42":"product_tag-pee","43":"product_tag-peeing","44":"product_tag-pussy","45":"product_tag-rada-brewer","46":"product_tag-season-4","47":"product_tag-sex-in-cowshit","48":"product_tag-sextoys-2","49":"product_tag-sexy","50":"product_tag-smearing","51":"product_tag-squirt","52":"product_tag-squirting","53":"product_tag-strapon","54":"product_tag-tits","55":"product_tag-ultra-hd","56":"product_tag-underwear","57":"pa_audio-info-stereo","58":"pa_format-mp4","59":"pa_length-43-minutes","60":"pa_product-type-digital-download-full-hd-video","61":"pa_product-type-digital-download-ultra-hd-video","62":"pa_product-type-usb-stick","63":"pa_size-fhd-8-03-gb","64":"pa_size-uhd-14-5-gb","65":"pa_video-info-full-hd-1920x1080p","66":"pa_video-info-ultra-hd-4k","67":"desktop-align-center","68":"tablet-align-left","69":"mobile-align-left","71":"first","72":"instock","73":"shipping-taxable","74":"purchasable","75":"product-type-variable","76":"has-default-attributes"},"exclude_global_add_ons":[],"addons":[],"acf":[],"yoast_head":"<!-- This site is optimized with the Yoast SEO Premium plugin v27.1 (Yoast SEO v27.1.1) - https:\/\/yoast.com\/product\/yoast-seo-premium-wordpress\/ -->\n<title>Rada Brewer and Lyndra Lynn Cowgirls Filthy Adventure<\/title>\n<meta name=\"description\" content=\"Rada Brewer &amp; Lyndra Lynn Cowgirls Filthy Adventure, these lesbian fuck and play in a lot of cowshit. They finger and fucking their pussies and asshole.\" \/>\n<meta name=\"robots\" content=\"index, follow, max-snippet:-1, max-image-preview:large, max-video-preview:-1\" \/>\n<link rel=\"canonical\" href=\"https:\/\/manurefetish.com\/fr\/shop\/videos\/rada-brewer-and-lyndra-lynn-cowgirls-filthy-adventure\/\" \/>\n<meta property=\"og:locale\" content=\"fr_FR\" \/>\n<meta property=\"og:type\" content=\"article\" \/>\n<meta property=\"og:title\" content=\"Rada Brewer and Lyndra Lynn Cowgirls Filthy Adventure\" \/>\n<meta property=\"og:description\" content=\"Rada Brewer &amp; Lyndra Lynn Cowgirls Filthy Adventure, these lesbian fuck and play in a lot of cowshit. They finger and fucking their pussies and asshole.\" \/>\n<meta property=\"og:url\" content=\"https:\/\/manurefetish.com\/fr\/shop\/videos\/rada-brewer-and-lyndra-lynn-cowgirls-filthy-adventure\/\" \/>\n<meta property=\"og:site_name\" content=\"ManureFetish\" \/>\n<meta property=\"article:publisher\" content=\"https:\/\/www.facebook.com\/manurefetish\/\" \/>\n<meta property=\"article:modified_time\" content=\"2026-03-24T14:33:44+00:00\" \/>\n<meta property=\"og:image\" content=\"https:\/\/manurefetish.com\/wp-content\/uploads\/2023\/10\/Rada-Brewer-and-Lyndra-Lynn-Filithy-Cowgirl-Adventure.jpg\" \/>\n\t<meta property=\"og:image:width\" content=\"1728\" \/>\n\t<meta property=\"og:image:height\" content=\"576\" \/>\n\t<meta property=\"og:image:type\" content=\"image\/jpeg\" \/>\n<meta name=\"twitter:card\" content=\"summary_large_image\" \/>\n<meta name=\"twitter:site\" content=\"@Manurefetisch\" \/>\n<script type=\"application\/ld+json\" class=\"yoast-schema-graph\">{\"@context\":\"https:\/\/schema.org\",\"@graph\":[{\"@type\":\"WebPage\",\"@id\":\"https:\/\/manurefetish.com\/shop\/videos\/rada-brewer-and-lyndra-lynn-cowgirls-filthy-adventure\/\",\"url\":\"https:\/\/manurefetish.com\/shop\/videos\/rada-brewer-and-lyndra-lynn-cowgirls-filthy-adventure\/\",\"name\":\"Rada Brewer and Lyndra Lynn Cowgirls Filthy Adventure\",\"isPartOf\":{\"@id\":\"https:\/\/manurefetish.com\/#website\"},\"primaryImageOfPage\":{\"@id\":\"https:\/\/manurefetish.com\/shop\/videos\/rada-brewer-and-lyndra-lynn-cowgirls-filthy-adventure\/#primaryimage\"},\"image\":{\"@id\":\"https:\/\/manurefetish.com\/shop\/videos\/rada-brewer-and-lyndra-lynn-cowgirls-filthy-adventure\/#primaryimage\"},\"thumbnailUrl\":\"https:\/\/manurefetish.b-cdn.net\/wp-content\/uploads\/2023\/10\/Rada-Brewer-and-Lyndra-Lynn-Filithy-Cowgirl-Adventure.jpg\",\"datePublished\":\"2023-10-02T21:00:47+00:00\",\"dateModified\":\"2026-03-24T14:33:44+00:00\",\"description\":\"Rada Brewer & Lyndra Lynn Cowgirls Filthy Adventure, these lesbian fuck and play in a lot of cowshit. They finger and fucking their pussies and asshole.\",\"breadcrumb\":{\"@id\":\"https:\/\/manurefetish.com\/shop\/videos\/rada-brewer-and-lyndra-lynn-cowgirls-filthy-adventure\/#breadcrumb\"},\"inLanguage\":\"fr-FR\",\"potentialAction\":[{\"@type\":\"ReadAction\",\"target\":[\"https:\/\/manurefetish.com\/shop\/videos\/rada-brewer-and-lyndra-lynn-cowgirls-filthy-adventure\/\"]}]},{\"@type\":\"ImageObject\",\"inLanguage\":\"fr-FR\",\"@id\":\"https:\/\/manurefetish.com\/shop\/videos\/rada-brewer-and-lyndra-lynn-cowgirls-filthy-adventure\/#primaryimage\",\"url\":\"https:\/\/manurefetish.b-cdn.net\/wp-content\/uploads\/2023\/10\/Rada-Brewer-and-Lyndra-Lynn-Filithy-Cowgirl-Adventure.jpg\",\"contentUrl\":\"https:\/\/manurefetish.b-cdn.net\/wp-content\/uploads\/2023\/10\/Rada-Brewer-and-Lyndra-Lynn-Filithy-Cowgirl-Adventure.jpg\",\"width\":1728,\"height\":576},{\"@type\":\"BreadcrumbList\",\"@id\":\"https:\/\/manurefetish.com\/shop\/videos\/rada-brewer-and-lyndra-lynn-cowgirls-filthy-adventure\/#breadcrumb\",\"itemListElement\":[{\"@type\":\"ListItem\",\"position\":1,\"name\":\"Home\",\"item\":\"https:\/\/manurefetish.com\/\"},{\"@type\":\"ListItem\",\"position\":2,\"name\":\"Shop\",\"item\":\"https:\/\/manurefetish.com\/shop\/\"},{\"@type\":\"ListItem\",\"position\":3,\"name\":\"Videos\",\"item\":\"https:\/\/manurefetish.com\/product-category\/videos\/\"},{\"@type\":\"ListItem\",\"position\":4,\"name\":\"Rada Brewer and Lyndra Lynn Cowgirls Filthy Adventure\"}]},{\"@type\":\"WebSite\",\"@id\":\"https:\/\/manurefetish.com\/#website\",\"url\":\"https:\/\/manurefetish.com\/\",\"name\":\"ManureFetish\",\"description\":\"ManureFetish Shop\",\"publisher\":{\"@id\":\"https:\/\/manurefetish.com\/#organization\"},\"potentialAction\":[{\"@type\":\"SearchAction\",\"target\":{\"@type\":\"EntryPoint\",\"urlTemplate\":\"https:\/\/manurefetish.com\/?s={search_term_string}\"},\"query-input\":{\"@type\":\"PropertyValueSpecification\",\"valueRequired\":true,\"valueName\":\"search_term_string\"}}],\"inLanguage\":\"fr-FR\"},{\"@type\":\"Organization\",\"@id\":\"https:\/\/manurefetish.com\/#organization\",\"name\":\"ManureFetish.com\",\"url\":\"https:\/\/manurefetish.com\/\",\"logo\":{\"@type\":\"ImageObject\",\"inLanguage\":\"fr-FR\",\"@id\":\"https:\/\/manurefetish.com\/#\/schema\/logo\/image\/\",\"url\":\"https:\/\/manurefetish.com\/wp-content\/uploads\/2019\/06\/1000xmanurefetishcom-michaela-logo-website-shop.png\",\"contentUrl\":\"https:\/\/manurefetish.com\/wp-content\/uploads\/2019\/06\/1000xmanurefetishcom-michaela-logo-website-shop.png\",\"width\":1000,\"height\":632,\"caption\":\"ManureFetish.com\"},\"image\":{\"@id\":\"https:\/\/manurefetish.com\/#\/schema\/logo\/image\/\"},\"sameAs\":[\"https:\/\/www.facebook.com\/manurefetish\/\",\"https:\/\/x.com\/Manurefetisch\",\"https:\/\/www.youtube.com\/c\/ManureFetish\"],\"description\":\"We're creating various fetish content with female and male models alike.\",\"foundingDate\":\"2019-07-04\",\"vatID\":\"DE366928521\",\"numberOfEmployees\":{\"@type\":\"QuantitativeValue\",\"minValue\":\"1\",\"maxValue\":\"10\"}}]}<\/script>\n<meta property=\"og:availability\" content=\"instock\" \/>\n<meta property=\"product:availability\" content=\"instock\" \/>\n<meta property=\"product:retailer_item_id\" content=\"MFW-RBLLCFA\" \/>\n<meta property=\"product:condition\" content=\"new\" \/>\n<!-- \/ Yoast SEO Premium plugin. -->","yoast_head_json":{"title":"Rada Brewer et Lyndra Lynn Cowgirls Filthy Adventure","description":"Rada Brewer &amp; Lyndra Lynn Cowgirls Filthy Adventure, ces lesbiennes baisent et jouent dans beaucoup de merde de vache. Elles se doigtent et baisent leurs chattes et leurs trous de cul.","robots":{"index":"index","follow":"follow","max-snippet":"max-snippet:-1","max-image-preview":"max-image-preview:large","max-video-preview":"max-video-preview:-1"},"canonical":"https:\/\/manurefetish.com\/fr\/shop\/videos\/rada-brewer-and-lyndra-lynn-cowgirls-filthy-adventure\/","og_locale":"fr_FR","og_type":"article","og_title":"Rada Brewer and Lyndra Lynn Cowgirls Filthy Adventure","og_description":"Rada Brewer & Lyndra Lynn Cowgirls Filthy Adventure, these lesbian fuck and play in a lot of cowshit. They finger and fucking their pussies and asshole.","og_url":"https:\/\/manurefetish.com\/fr\/shop\/videos\/rada-brewer-and-lyndra-lynn-cowgirls-filthy-adventure\/","og_site_name":"ManureFetish","article_publisher":"https:\/\/www.facebook.com\/manurefetish\/","article_modified_time":"2026-03-24T14:33:44+00:00","og_image":[{"width":1728,"height":576,"url":"https:\/\/manurefetish.com\/wp-content\/uploads\/2023\/10\/Rada-Brewer-and-Lyndra-Lynn-Filithy-Cowgirl-Adventure.jpg","type":"image\/jpeg"}],"twitter_card":"summary_large_image","twitter_site":"@Manurefetisch","schema":{"@context":"https:\/\/schema.org","@graph":[{"@type":"WebPage","@id":"https:\/\/manurefetish.com\/shop\/videos\/rada-brewer-and-lyndra-lynn-cowgirls-filthy-adventure\/","url":"https:\/\/manurefetish.com\/shop\/videos\/rada-brewer-and-lyndra-lynn-cowgirls-filthy-adventure\/","name":"Rada Brewer et Lyndra Lynn Cowgirls Filthy Adventure","isPartOf":{"@id":"https:\/\/manurefetish.com\/#website"},"primaryImageOfPage":{"@id":"https:\/\/manurefetish.com\/shop\/videos\/rada-brewer-and-lyndra-lynn-cowgirls-filthy-adventure\/#primaryimage"},"image":{"@id":"https:\/\/manurefetish.com\/shop\/videos\/rada-brewer-and-lyndra-lynn-cowgirls-filthy-adventure\/#primaryimage"},"thumbnailUrl":"https:\/\/manurefetish.b-cdn.net\/wp-content\/uploads\/2023\/10\/Rada-Brewer-and-Lyndra-Lynn-Filithy-Cowgirl-Adventure.jpg","datePublished":"2023-10-02T21:00:47+00:00","dateModified":"2026-03-24T14:33:44+00:00","description":"Rada Brewer &amp; Lyndra Lynn Cowgirls Filthy Adventure, ces lesbiennes baisent et jouent dans beaucoup de merde de vache. Elles se doigtent et baisent leurs chattes et leurs trous de cul.","breadcrumb":{"@id":"https:\/\/manurefetish.com\/shop\/videos\/rada-brewer-and-lyndra-lynn-cowgirls-filthy-adventure\/#breadcrumb"},"inLanguage":"fr-FR","potentialAction":[{"@type":"ReadAction","target":["https:\/\/manurefetish.com\/shop\/videos\/rada-brewer-and-lyndra-lynn-cowgirls-filthy-adventure\/"]}]},{"@type":"ImageObject","inLanguage":"fr-FR","@id":"https:\/\/manurefetish.com\/shop\/videos\/rada-brewer-and-lyndra-lynn-cowgirls-filthy-adventure\/#primaryimage","url":"https:\/\/manurefetish.b-cdn.net\/wp-content\/uploads\/2023\/10\/Rada-Brewer-and-Lyndra-Lynn-Filithy-Cowgirl-Adventure.jpg","contentUrl":"https:\/\/manurefetish.b-cdn.net\/wp-content\/uploads\/2023\/10\/Rada-Brewer-and-Lyndra-Lynn-Filithy-Cowgirl-Adventure.jpg","width":1728,"height":576},{"@type":"BreadcrumbList","@id":"https:\/\/manurefetish.com\/shop\/videos\/rada-brewer-and-lyndra-lynn-cowgirls-filthy-adventure\/#breadcrumb","itemListElement":[{"@type":"ListItem","position":1,"name":"Home","item":"https:\/\/manurefetish.com\/"},{"@type":"ListItem","position":2,"name":"Shop","item":"https:\/\/manurefetish.com\/shop\/"},{"@type":"ListItem","position":3,"name":"Videos","item":"https:\/\/manurefetish.com\/product-category\/videos\/"},{"@type":"ListItem","position":4,"name":"Rada Brewer and Lyndra Lynn Cowgirls Filthy Adventure"}]},{"@type":"WebSite","@id":"https:\/\/manurefetish.com\/#website","url":"https:\/\/manurefetish.com\/","name":"ManureFetish","description":"ManureFetish Shop","publisher":{"@id":"https:\/\/manurefetish.com\/#organization"},"potentialAction":[{"@type":"SearchAction","target":{"@type":"EntryPoint","urlTemplate":"https:\/\/manurefetish.com\/?s={search_term_string}"},"query-input":{"@type":"PropertyValueSpecification","valueRequired":true,"valueName":"search_term_string"}}],"inLanguage":"fr-FR"},{"@type":"Organization","@id":"https:\/\/manurefetish.com\/#organization","name":"ManureFetish.com","url":"https:\/\/manurefetish.com\/","logo":{"@type":"ImageObject","inLanguage":"fr-FR","@id":"https:\/\/manurefetish.com\/#\/schema\/logo\/image\/","url":"https:\/\/manurefetish.com\/wp-content\/uploads\/2019\/06\/1000xmanurefetishcom-michaela-logo-website-shop.png","contentUrl":"https:\/\/manurefetish.com\/wp-content\/uploads\/2019\/06\/1000xmanurefetishcom-michaela-logo-website-shop.png","width":1000,"height":632,"caption":"ManureFetish.com"},"image":{"@id":"https:\/\/manurefetish.com\/#\/schema\/logo\/image\/"},"sameAs":["https:\/\/www.facebook.com\/manurefetish\/","https:\/\/x.com\/Manurefetisch","https:\/\/www.youtube.com\/c\/ManureFetish"],"description":"Nous cr\u00e9ons divers contenus f\u00e9tichistes avec des mod\u00e8les f\u00e9minins et masculins.","foundingDate":"2019-07-04","vatID":"DE366928521","numberOfEmployees":{"@type":"QuantitativeValue","minValue":"1","maxValue":"10"}}]},"og_availability":"instock","product_availability":"instock","product_retailer_item_id":"MFW-RBLLCFA","product_condition":"new"},"_links":{"self":[{"href":"https:\/\/manurefetish.com\/fr\/wp-json\/wp\/v2\/product\/100098","targetHints":{"allow":["GET"]}}],"collection":[{"href":"https:\/\/manurefetish.com\/fr\/wp-json\/wp\/v2\/product"}],"about":[{"href":"https:\/\/manurefetish.com\/fr\/wp-json\/wp\/v2\/types\/product"}],"replies":[{"embeddable":true,"href":"https:\/\/manurefetish.com\/fr\/wp-json\/wp\/v2\/comments?post=100098"}],"version-history":[{"count":0,"href":"https:\/\/manurefetish.com\/fr\/wp-json\/wp\/v2\/product\/100098\/revisions"}],"wp:featuredmedia":[{"embeddable":true,"href":"https:\/\/manurefetish.com\/fr\/wp-json\/wp\/v2\/media\/199152"}],"wp:attachment":[{"href":"https:\/\/manurefetish.com\/fr\/wp-json\/wp\/v2\/media?parent=100098"}],"wp:term":[{"taxonomy":"product_brand","embeddable":true,"href":"https:\/\/manurefetish.com\/fr\/wp-json\/wp\/v2\/product_brand?post=100098"},{"taxonomy":"product_cat","embeddable":true,"href":"https:\/\/manurefetish.com\/fr\/wp-json\/wp\/v2\/product_cat?post=100098"},{"taxonomy":"product_tag","embeddable":true,"href":"https:\/\/manurefetish.com\/fr\/wp-json\/wp\/v2\/product_tag?post=100098"}],"curies":[{"name":"wp","href":"https:\/\/api.w.org\/{rel}","templated":true}]}}