{"id":1378,"date":"2019-06-19T21:56:11","date_gmt":"2019-06-19T21:56:11","guid":{"rendered":"https:\/\/manurefetish.com\/terms\/"},"modified":"2025-04-04T14:28:02","modified_gmt":"2025-04-04T12:28:02","slug":"terms","status":"publish","type":"page","link":"https:\/\/manurefetish.com\/fr\/terms\/","title":{"rendered":"Terms &#038; Conditions"},"content":{"rendered":"<h1><\/h1>\n<h1>Conditions g\u00e9n\u00e9rales \/ Conditions d'utilisation<\/h1>\n<p><strong>I. General information<\/strong><br \/>\n1) The website is maintained by the <a href=\"https:\/\/manurefetish.com\/fr\/imprint\/\" target=\"_blank\" rel=\"noopener noreferrer\">Operator\/provider<\/a> named in the imprint. He takes over the legal responsibility for the content of the site. At the same time, he is the contact person for inquiries by users &#8211; especially for questions regarding payments and services.<br \/>\n2.the operator does not guarantee for a constant availability of the Internet offer. However, he will make every effort to ensure constant availability.<br \/>\n3.the operator is in any case not responsible for external links. He will, however, remove these immediately after knowledge of a possible legal objection.<br \/>\n4.the Internet page is laid out for the use with standard browsers (HTML2 compatible). The optimum screen resolution is 1280 x 800, the minimum screen resolution is 1024 x 600. Any toolbars installed on the user&#8217;s computer must be taken into account. Furthermore, the approval of Java-Script and an installed Flash-Player (minimum version 10.1) is required. Furthermore, a DSL connection is required, especially for video offers and live chat.<br \/>\n5.all content on the website is subject to the copyright of the operator and may not be used or published elsewhere without the express written permission of the operator.<\/p>\n<p><strong>II. registration of the user on the website<\/strong><br \/>\n1) By registering on the Website, you accept these Terms of Use (NUB&#8217;s) in their full and unrestricted scope.<br \/>\n2) Only persons of legal age are permitted to register on the Website.<br \/>\n3.the user name (alias) is freely selectable (if not yet documented).<br \/>\n4.the password is freely selectable by the user during registration. This chosen password is confidential and may not be passed on to third parties.<br \/>\n5.especially minors are not allowed to access the website in any form.<br \/>\n6.the user may only use the offer &#8211; especially the fee-based areas &#8211; from one PC.<br \/>\n7.by registering the user is able to use the free offers on the website. No costs or consequential costs arise from this.<br \/>\n8th The operator of the Internet page reserves itself the right to send information about the Internet offer of the operator to users occasionally and in irregular distances via email. These NewsLetter can be cancelled at any time independently of the registration.<\/p>\n<p><strong>III. payment of chargeable services<\/strong><br \/>\n1.in order to be able to use chargeable services (on-demand &#8211; e.g. picture galleries, videos, private cam chat) on the website, the respective product must be purchased through a one-time payment. These can be acquired through so-called online payment methods. External payment service providers are also used for this.<br \/>\n2.The intention to purchase by the user comes into effect bindingly by simple confirmation of the corresponding button after the selection of the desired tariff depending on the selected payment method.<br \/>\n3.during the payment process until the final completion of the complete payment, the operator has assigned the claims to the respective payment service provider. This also applies to a possible collection, which is initiated due to e.g. returned direct debits or dishonoured payments.<br \/>\n4.no subscriptions or recurring, automatic payments are realized on the website.<br \/>\n5.the personal data provided to the payment service provider &#8211; especially credit card and account information &#8211; will be stored and processed exclusively by the payment service provider according to the legal regulations.<br \/>\n6.the terms and conditions of the respective payment service provider apply with regard to payments.<br \/>\n7.in the case of a successful payment and immediate electronic notification by the payment service provider, the purchased product will be activated for download in the appropriate number immediately in the user account.<br \/>\n8.The user has no claim to be able to use a payment method once used in the future.<br \/>\n9. Coupon codes can&#8217;t be combined with sales discounts. If coupon codes are applied in the cart the sales discount is not applied to these items, the final amount is displayed at the final checkout page.<br \/>\n10. Immediately after the payment has been determined, the purchased product is activated on the user account and can be downloaded and viewed from this point in time.<\/p>\n<p><strong>IV. miscellaneous<\/strong><br \/>\n1.the user acknowledges that he\/she must expect legal consequences if these terms of use are not complied with.<br \/>\n2.the use of the services of takes place on own risk. In particular, the operator of the website is not liable for any damages, including damages resulting from loss of data due to the download or use of software, multimedia content or other content.<br \/>\n3.the operator of the website is only liable, regardless of the legal reason, for damages caused by him intentionally or through gross negligence. The amount of liability is limited to the amount that the user has paid for the service. Any further claims for damages, also for any consequential damages, are expressly excluded.<br \/>\n4 The user is aware that connection data is stored for statistical purposes as well as for proof of performance in the case of paid services. Furthermore, cookies that are harmless in terms of security are stored on the user&#8217;s hard disk. All data stored by the operator will not be passed on to third parties.<br \/>\n5) On the Internet site mentioned trademarks are property of the respective trademark owners.<br \/>\n6) The law of the place of business of the operator of the website applies &#8211; likewise, the place of jurisdiction is the location of the operator as agreed.<\/p>\n<p><strong>V. Auctions<\/strong><br \/>\n1.When submitting a bid, the buyer is aware that a binding sales contract is created. Which obliges him to pay a won auction.<br \/>\n2.A bid can no longer be withdrawn after it has been placed.<br \/>\n3.The auctioned item must be paid within one week after the auction has ended.<br \/>\n4 After an auction has been won, a withdrawal of the bid is no longer possible.<br \/>\n5) If payment is refused after an auction is won and finished, the penalty is 100 \u20ac plus your winning bid. Additionally, legal steps will be taken and the auction is transfered to the next highest bidder.(see more under point 6)<br \/>\n6) In case the highest bidder does not meet his payment obligation, the win of the auction is transferred to the next highest bidder. This person is also legally obliged to fulfill the purchase contract.<\/p>\n<p>7) \u00a0Coupons and vouchers can&#8217;t be used with auctions or on items from auctions.<br \/>\n8) With your bid you agree on our packing and shipping cost for your country, which you can finde here.\u00a0<a href=\"https:\/\/manurefetish.com\/fr\/shipping-methods\/\" target=\"_blank\" rel=\"noopener\">Cost of Shipment<\/a><\/p>\n<p><strong>VI. Syst\u00e8me de points de fid\u00e9lit\u00e9 et de r\u00e9compenses<\/strong><\/p>\n<p>Abus du syst\u00e8me de points<\/p>\n<p>Il n'est pas permis d'abuser d\u00e9lib\u00e9r\u00e9ment du syst\u00e8me de points et de r\u00e9compenses. Cela inclut :<\/p>\n<ol>\n<li>Cr\u00e9er un deuxi\u00e8me compte pour utiliser les avantages du programme de parrainage.<\/li>\n<li>partager les codes de r\u00e9duction que tu as d\u00e9bloqu\u00e9s dans le syst\u00e8me de r\u00e9compenses.<\/li>\n<li>Abuser des bugs en g\u00e9n\u00e9ral pour en tirer des avantages ou g\u00e9n\u00e9rer des points d'une mani\u00e8re qui n'est pas pr\u00e9vue.<\/li>\n<li>Utiliser des bots pour enregistrer des comptes d'utilisateurs par le biais du programme de parrainage.<\/li>\n<\/ol>\n<p>Si l'une des situations ci-dessus se produit, tu recevras d'abord un avertissement et les points et les r\u00e9compenses d\u00e9bloqu\u00e9s seront supprim\u00e9s. En fonction de la gravit\u00e9, nous verrouillerons \u00e9galement ton compte.<\/p>","protected":false},"excerpt":{"rendered":"<p>General Terms and Conditions \/ Terms of Use I. General information 1) The website is maintained by the Operator\/provider named in the imprint. He takes over the legal responsibility for the content of the site. At the same time, he is the contact person for inquiries by users &#8211; especially for questions regarding payments and [&hellip;]<\/p>\n","protected":false},"author":1,"featured_media":0,"parent":0,"menu_order":0,"comment_status":"closed","ping_status":"closed","template":"","meta":{"_acf_changed":false,"site-sidebar-layout":"default","site-content-layout":"","ast-site-content-layout":"default","site-content-style":"default","site-sidebar-style":"default","ast-global-header-display":"","ast-banner-title-visibility":"","ast-main-header-display":"","ast-hfb-above-header-display":"","ast-hfb-below-header-display":"","ast-hfb-mobile-header-display":"","site-post-title":"","ast-breadcrumbs-content":"","ast-featured-img":"","footer-sml-layout":"","ast-disable-related-posts":"","theme-transparent-header-meta":"","adv-header-id-meta":"","stick-header-meta":"","header-above-stick-meta":"","header-main-stick-meta":"","header-below-stick-meta":"","astra-migrate-meta-layouts":"default","ast-page-background-enabled":"default","ast-page-background-meta":{"desktop":{"background-color":"var(--ast-global-color-4)","background-image":"","background-repeat":"repeat","background-position":"center center","background-size":"auto","background-attachment":"scroll","background-type":"","background-media":"","overlay-type":"","overlay-color":"","overlay-opacity":"","overlay-gradient":""},"tablet":{"background-color":"","background-image":"","background-repeat":"repeat","background-position":"center center","background-size":"auto","background-attachment":"scroll","background-type":"","background-media":"","overlay-type":"","overlay-color":"","overlay-opacity":"","overlay-gradient":""},"mobile":{"background-color":"","background-image":"","background-repeat":"repeat","background-position":"center center","background-size":"auto","background-attachment":"scroll","background-type":"","background-media":"","overlay-type":"","overlay-color":"","overlay-opacity":"","overlay-gradient":""}},"ast-content-background-meta":{"desktop":{"background-color":"var(--ast-global-color-5)","background-image":"","background-repeat":"repeat","background-position":"center center","background-size":"auto","background-attachment":"scroll","background-type":"","background-media":"","overlay-type":"","overlay-color":"","overlay-opacity":"","overlay-gradient":""},"tablet":{"background-color":"var(--ast-global-color-5)","background-image":"","background-repeat":"repeat","background-position":"center center","background-size":"auto","background-attachment":"scroll","background-type":"","background-media":"","overlay-type":"","overlay-color":"","overlay-opacity":"","overlay-gradient":""},"mobile":{"background-color":"var(--ast-global-color-5)","background-image":"","background-repeat":"repeat","background-position":"center center","background-size":"auto","background-attachment":"scroll","background-type":"","background-media":"","overlay-type":"","overlay-color":"","overlay-opacity":"","overlay-gradient":""}},"footnotes":""},"class_list":["post-1378","page","type-page","status-publish","hentry"],"acf":[],"yoast_head":"<!-- This site is optimized with the Yoast SEO Premium plugin v27.1 (Yoast SEO v27.1.1) - https:\/\/yoast.com\/product\/yoast-seo-premium-wordpress\/ -->\n<title>Terms &amp; Conditions - ManureFetish - read about our Terms<\/title>\n<meta name=\"description\" content=\"Here you can read about our Terms and Conditions and how we do business with you. Every legal information you need to know.\" \/>\n<meta name=\"robots\" content=\"index, follow, max-snippet:-1, max-image-preview:large, max-video-preview:-1\" \/>\n<link rel=\"canonical\" href=\"https:\/\/manurefetish.com\/fr\/terms\/\" \/>\n<meta property=\"og:locale\" content=\"fr_FR\" \/>\n<meta property=\"og:type\" content=\"article\" \/>\n<meta property=\"og:title\" content=\"Terms &amp; Conditions\" \/>\n<meta property=\"og:description\" content=\"Here you can read about our Terms and Conditions and how we do business with you. Every legal information you need to know.\" \/>\n<meta property=\"og:url\" content=\"https:\/\/manurefetish.com\/fr\/terms\/\" \/>\n<meta property=\"og:site_name\" content=\"ManureFetish\" \/>\n<meta property=\"article:publisher\" content=\"https:\/\/www.facebook.com\/manurefetish\/\" \/>\n<meta property=\"article:modified_time\" content=\"2025-04-04T12:28:02+00:00\" \/>\n<meta name=\"twitter:card\" content=\"summary_large_image\" \/>\n<meta name=\"twitter:site\" content=\"@Manurefetisch\" \/>\n<script type=\"application\/ld+json\" class=\"yoast-schema-graph\">{\"@context\":\"https:\/\/schema.org\",\"@graph\":[{\"@type\":\"WebPage\",\"@id\":\"https:\/\/manurefetish.com\/terms\/\",\"url\":\"https:\/\/manurefetish.com\/terms\/\",\"name\":\"Terms & Conditions - ManureFetish - read about our Terms\",\"isPartOf\":{\"@id\":\"https:\/\/manurefetish.com\/#website\"},\"datePublished\":\"2019-06-19T21:56:11+00:00\",\"dateModified\":\"2025-04-04T12:28:02+00:00\",\"description\":\"Here you can read about our Terms and Conditions and how we do business with you. Every legal information you need to know.\",\"breadcrumb\":{\"@id\":\"https:\/\/manurefetish.com\/terms\/#breadcrumb\"},\"inLanguage\":\"fr-FR\",\"potentialAction\":[{\"@type\":\"ReadAction\",\"target\":[\"https:\/\/manurefetish.com\/terms\/\"]}]},{\"@type\":\"BreadcrumbList\",\"@id\":\"https:\/\/manurefetish.com\/terms\/#breadcrumb\",\"itemListElement\":[{\"@type\":\"ListItem\",\"position\":1,\"name\":\"Home\",\"item\":\"https:\/\/manurefetish.com\/\"},{\"@type\":\"ListItem\",\"position\":2,\"name\":\"Terms &#038; Conditions\"}]},{\"@type\":\"WebSite\",\"@id\":\"https:\/\/manurefetish.com\/#website\",\"url\":\"https:\/\/manurefetish.com\/\",\"name\":\"ManureFetish\",\"description\":\"ManureFetish Shop\",\"publisher\":{\"@id\":\"https:\/\/manurefetish.com\/#organization\"},\"potentialAction\":[{\"@type\":\"SearchAction\",\"target\":{\"@type\":\"EntryPoint\",\"urlTemplate\":\"https:\/\/manurefetish.com\/?s={search_term_string}\"},\"query-input\":{\"@type\":\"PropertyValueSpecification\",\"valueRequired\":true,\"valueName\":\"search_term_string\"}}],\"inLanguage\":\"fr-FR\"},{\"@type\":\"Organization\",\"@id\":\"https:\/\/manurefetish.com\/#organization\",\"name\":\"ManureFetish.com\",\"url\":\"https:\/\/manurefetish.com\/\",\"logo\":{\"@type\":\"ImageObject\",\"inLanguage\":\"fr-FR\",\"@id\":\"https:\/\/manurefetish.com\/#\/schema\/logo\/image\/\",\"url\":\"https:\/\/manurefetish.com\/wp-content\/uploads\/2019\/06\/1000xmanurefetishcom-michaela-logo-website-shop.png\",\"contentUrl\":\"https:\/\/manurefetish.com\/wp-content\/uploads\/2019\/06\/1000xmanurefetishcom-michaela-logo-website-shop.png\",\"width\":1000,\"height\":632,\"caption\":\"ManureFetish.com\"},\"image\":{\"@id\":\"https:\/\/manurefetish.com\/#\/schema\/logo\/image\/\"},\"sameAs\":[\"https:\/\/www.facebook.com\/manurefetish\/\",\"https:\/\/x.com\/Manurefetisch\",\"https:\/\/www.youtube.com\/c\/ManureFetish\"],\"description\":\"We're creating various fetish content with female and male models alike.\",\"foundingDate\":\"2019-07-04\",\"vatID\":\"DE366928521\",\"numberOfEmployees\":{\"@type\":\"QuantitativeValue\",\"minValue\":\"1\",\"maxValue\":\"10\"}}]}<\/script>\n<!-- \/ Yoast SEO Premium plugin. -->","yoast_head_json":{"title":"Terms & Conditions - ManureFetish - read about our Terms","description":"Here you can read about our Terms and Conditions and how we do business with you. Every legal information you need to know.","robots":{"index":"index","follow":"follow","max-snippet":"max-snippet:-1","max-image-preview":"max-image-preview:large","max-video-preview":"max-video-preview:-1"},"canonical":"https:\/\/manurefetish.com\/fr\/terms\/","og_locale":"fr_FR","og_type":"article","og_title":"Terms & Conditions","og_description":"Here you can read about our Terms and Conditions and how we do business with you. Every legal information you need to know.","og_url":"https:\/\/manurefetish.com\/fr\/terms\/","og_site_name":"ManureFetish","article_publisher":"https:\/\/www.facebook.com\/manurefetish\/","article_modified_time":"2025-04-04T12:28:02+00:00","twitter_card":"summary_large_image","twitter_site":"@Manurefetisch","schema":{"@context":"https:\/\/schema.org","@graph":[{"@type":"WebPage","@id":"https:\/\/manurefetish.com\/terms\/","url":"https:\/\/manurefetish.com\/terms\/","name":"Terms & Conditions - ManureFetish - read about our Terms","isPartOf":{"@id":"https:\/\/manurefetish.com\/#website"},"datePublished":"2019-06-19T21:56:11+00:00","dateModified":"2025-04-04T12:28:02+00:00","description":"Here you can read about our Terms and Conditions and how we do business with you. Every legal information you need to know.","breadcrumb":{"@id":"https:\/\/manurefetish.com\/terms\/#breadcrumb"},"inLanguage":"fr-FR","potentialAction":[{"@type":"ReadAction","target":["https:\/\/manurefetish.com\/terms\/"]}]},{"@type":"BreadcrumbList","@id":"https:\/\/manurefetish.com\/terms\/#breadcrumb","itemListElement":[{"@type":"ListItem","position":1,"name":"Home","item":"https:\/\/manurefetish.com\/"},{"@type":"ListItem","position":2,"name":"Terms &#038; Conditions"}]},{"@type":"WebSite","@id":"https:\/\/manurefetish.com\/#website","url":"https:\/\/manurefetish.com\/","name":"ManureFetish","description":"ManureFetish Shop","publisher":{"@id":"https:\/\/manurefetish.com\/#organization"},"potentialAction":[{"@type":"SearchAction","target":{"@type":"EntryPoint","urlTemplate":"https:\/\/manurefetish.com\/?s={search_term_string}"},"query-input":{"@type":"PropertyValueSpecification","valueRequired":true,"valueName":"search_term_string"}}],"inLanguage":"fr-FR"},{"@type":"Organization","@id":"https:\/\/manurefetish.com\/#organization","name":"ManureFetish.com","url":"https:\/\/manurefetish.com\/","logo":{"@type":"ImageObject","inLanguage":"fr-FR","@id":"https:\/\/manurefetish.com\/#\/schema\/logo\/image\/","url":"https:\/\/manurefetish.com\/wp-content\/uploads\/2019\/06\/1000xmanurefetishcom-michaela-logo-website-shop.png","contentUrl":"https:\/\/manurefetish.com\/wp-content\/uploads\/2019\/06\/1000xmanurefetishcom-michaela-logo-website-shop.png","width":1000,"height":632,"caption":"ManureFetish.com"},"image":{"@id":"https:\/\/manurefetish.com\/#\/schema\/logo\/image\/"},"sameAs":["https:\/\/www.facebook.com\/manurefetish\/","https:\/\/x.com\/Manurefetisch","https:\/\/www.youtube.com\/c\/ManureFetish"],"description":"Nous cr\u00e9ons divers contenus f\u00e9tichistes avec des mod\u00e8les f\u00e9minins et masculins.","foundingDate":"2019-07-04","vatID":"DE366928521","numberOfEmployees":{"@type":"QuantitativeValue","minValue":"1","maxValue":"10"}}]}},"_links":{"self":[{"href":"https:\/\/manurefetish.com\/fr\/wp-json\/wp\/v2\/pages\/1378","targetHints":{"allow":["GET"]}}],"collection":[{"href":"https:\/\/manurefetish.com\/fr\/wp-json\/wp\/v2\/pages"}],"about":[{"href":"https:\/\/manurefetish.com\/fr\/wp-json\/wp\/v2\/types\/page"}],"author":[{"embeddable":true,"href":"https:\/\/manurefetish.com\/fr\/wp-json\/wp\/v2\/users\/1"}],"replies":[{"embeddable":true,"href":"https:\/\/manurefetish.com\/fr\/wp-json\/wp\/v2\/comments?post=1378"}],"version-history":[{"count":0,"href":"https:\/\/manurefetish.com\/fr\/wp-json\/wp\/v2\/pages\/1378\/revisions"}],"wp:attachment":[{"href":"https:\/\/manurefetish.com\/fr\/wp-json\/wp\/v2\/media?parent=1378"}],"curies":[{"name":"wp","href":"https:\/\/api.w.org\/{rel}","templated":true}]}}