{"id":98910,"date":"2023-05-26T20:44:02","date_gmt":"2023-05-26T18:44:02","guid":{"rendered":"https:\/\/manurefetish.com\/?post_type=product&#038;p=98910"},"modified":"2026-03-24T15:33:40","modified_gmt":"2026-03-24T14:33:40","slug":"dirty-dung-dirndl","status":"publish","type":"product","link":"https:\/\/manurefetish.com\/es\/shop\/videos\/dirty-dung-dirndl\/","title":{"rendered":"Dirndl de esti\u00e9rcol sucio"},"content":{"rendered":"<p><span style=\"font-weight: 400;\">Lyndra estaba lista para salir, pero antes quer\u00eda comer algo. As\u00ed que se prepar\u00f3 unos espaguetis con salsa de tomate. Al verter la salsa sobre sus nudillos, un poco de salsa de tomate salpica su caro vestido. El vestido est\u00e1 arruinado, as\u00ed que decide divertirse de todos modos. Lyndra empieza a destrozar totalmente el vestido vertiendo m\u00e1s salsa y espaguetis sobre \u00e9l. Ella tira todo en el suelo y comienza a meterlo en su panty y comienza a masturbarse. Se mete algunos espaguetis en el culo los saca y se los come. Entonces ella esta lista para llevar el desorden al siguiente nivel. Ella trae 4 bolsas de vaca dung y 2 cubos llenos con ella. Empieza vertiendolo sobre sus pechos y cubre el vestido y sus tetas completamente, la siguiente bolsa la vac\u00eda sobre su cabeza. Ella sumerge su cabeza en el cubo manure y se cubre m\u00e1s y m\u00e1s. Luego Lyndra empieza a desnudarse y a orinarse sobre el vestido, despues empieza a masturbarse de nuevo en varias posturas hasta alcanzar un buen orgasmo.<\/span><\/p>","protected":false},"excerpt":{"rendered":"<p>Lyndra was ready to go out but wanted to eat something first. So she cooked herself some spaghetti with tomato sauce. As she was pouring the sauce on her nudles some of the tomato sauce splashed on her expensive dress. The dress is now ruined so she decides to have some fun anyway. Lyndra begins [&hellip;]<\/p>\n","protected":false},"featured_media":199073,"comment_status":"open","ping_status":"closed","template":"","meta":{"_acf_changed":false,"site-sidebar-layout":"default","site-content-layout":"","ast-site-content-layout":"default","site-content-style":"default","site-sidebar-style":"default","ast-global-header-display":"","ast-banner-title-visibility":"","ast-main-header-display":"","ast-hfb-above-header-display":"","ast-hfb-below-header-display":"","ast-hfb-mobile-header-display":"","site-post-title":"","ast-breadcrumbs-content":"","ast-featured-img":"","footer-sml-layout":"","ast-disable-related-posts":"","theme-transparent-header-meta":"default","adv-header-id-meta":"","stick-header-meta":"","header-above-stick-meta":"","header-main-stick-meta":"","header-below-stick-meta":"","astra-migrate-meta-layouts":"set","ast-page-background-enabled":"default","ast-page-background-meta":{"desktop":{"background-color":"var(--ast-global-color-4)","background-image":"","background-repeat":"repeat","background-position":"center center","background-size":"auto","background-attachment":"scroll","background-type":"","background-media":"","overlay-type":"","overlay-color":"","overlay-opacity":"","overlay-gradient":""},"tablet":{"background-color":"","background-image":"","background-repeat":"repeat","background-position":"center center","background-size":"auto","background-attachment":"scroll","background-type":"","background-media":"","overlay-type":"","overlay-color":"","overlay-opacity":"","overlay-gradient":""},"mobile":{"background-color":"","background-image":"","background-repeat":"repeat","background-position":"center center","background-size":"auto","background-attachment":"scroll","background-type":"","background-media":"","overlay-type":"","overlay-color":"","overlay-opacity":"","overlay-gradient":""}},"ast-content-background-meta":{"desktop":{"background-color":"var(--ast-global-color-5)","background-image":"","background-repeat":"repeat","background-position":"center center","background-size":"auto","background-attachment":"scroll","background-type":"","background-media":"","overlay-type":"","overlay-color":"","overlay-opacity":"","overlay-gradient":""},"tablet":{"background-color":"var(--ast-global-color-5)","background-image":"","background-repeat":"repeat","background-position":"center center","background-size":"auto","background-attachment":"scroll","background-type":"","background-media":"","overlay-type":"","overlay-color":"","overlay-opacity":"","overlay-gradient":""},"mobile":{"background-color":"var(--ast-global-color-5)","background-image":"","background-repeat":"repeat","background-position":"center center","background-size":"auto","background-attachment":"scroll","background-type":"","background-media":"","overlay-type":"","overlay-color":"","overlay-opacity":"","overlay-gradient":""}}},"product_brand":[],"product_cat":[4470],"product_tag":[17,317,318,2675,2632,3667,66,2508,2631,2281,2621,316,64,3865,3030,2513,56,320,3850,54,2419,2841,18,65,35,2637,2971,2482,32,3881,4482,2683,3562,2832,3866,319,2368,2676],"class_list":{"0":"post-98910","1":"product","2":"type-product","3":"status-publish","4":"has-post-thumbnail","6":"product_cat-videos","7":"product_tag-anal","8":"product_tag-asshole","9":"product_tag-boobs","10":"product_tag-boots","11":"product_tag-bra","12":"product_tag-business","13":"product_tag-clothed","14":"product_tag-clothes","15":"product_tag-completely-covered","16":"product_tag-completely-submerged","17":"product_tag-cow-dung","18":"product_tag-cunt","19":"product_tag-dildo","20":"product_tag-dirndl","21":"product_tag-download","22":"product_tag-dress","23":"product_tag-erotic","24":"product_tag-feet","25":"product_tag-food","26":"product_tag-full-covered","27":"product_tag-full-hd","28":"product_tag-lyndra-lynn","29":"product_tag-manure","30":"product_tag-naked","31":"product_tag-orgasm","32":"product_tag-panty","33":"product_tag-pee","34":"product_tag-peeing","35":"product_tag-pussy","36":"product_tag-season-4","37":"product_tag-sex-in-cowshit","38":"product_tag-sexmachine","39":"product_tag-sexy","40":"product_tag-smearing","41":"product_tag-spaghetti","42":"product_tag-tits","43":"product_tag-ultra-hd","44":"product_tag-underwear","45":"pa_audio-info-stereo","46":"pa_format-mp4","47":"pa_length-35-minutes","48":"pa_product-type-digital-download-full-hd-video","49":"pa_product-type-digital-download-ultra-hd-video","50":"pa_product-type-usb-stick","51":"pa_size-fhd-6-61-gb","52":"pa_size-uhd-10-5-gb","53":"pa_video-info-full-hd-1920x1080p","54":"pa_video-info-ultra-hd-4k","55":"desktop-align-center","56":"tablet-align-left","57":"mobile-align-left","59":"first","60":"instock","61":"shipping-taxable","62":"purchasable","63":"product-type-variable","64":"has-default-attributes"},"exclude_global_add_ons":[],"addons":[],"acf":[],"yoast_head":"<!-- This site is optimized with the Yoast SEO Premium plugin v27.1 (Yoast SEO v27.1.1) - https:\/\/yoast.com\/product\/yoast-seo-premium-wordpress\/ -->\n<title>Dirty Dung Dirndl - ManureFetish<\/title>\n<meta name=\"description\" content=\"Dirty Dung Dirndl, Lyndra Lynn destroys her expensive Dirndl with spaghetti and tomato sauce and cowshit while she masturbates with it.\" \/>\n<meta name=\"robots\" content=\"index, follow, max-snippet:-1, max-image-preview:large, max-video-preview:-1\" \/>\n<link rel=\"canonical\" href=\"https:\/\/manurefetish.com\/es\/shop\/videos\/dirty-dung-dirndl\/\" \/>\n<meta property=\"og:locale\" content=\"es_ES\" \/>\n<meta property=\"og:type\" content=\"article\" \/>\n<meta property=\"og:title\" content=\"Dirty Dung Dirndl\" \/>\n<meta property=\"og:description\" content=\"Dirty Dung Dirndl, Lyndra Lynn destroys her expensive Dirndl with spaghetti and tomato sauce and cowshit while she masturbates with it.\" \/>\n<meta property=\"og:url\" content=\"https:\/\/manurefetish.com\/es\/shop\/videos\/dirty-dung-dirndl\/\" \/>\n<meta property=\"og:site_name\" content=\"ManureFetish\" \/>\n<meta property=\"article:publisher\" content=\"https:\/\/www.facebook.com\/manurefetish\/\" \/>\n<meta property=\"article:modified_time\" content=\"2026-03-24T14:33:40+00:00\" \/>\n<meta property=\"og:image\" content=\"https:\/\/manurefetish.com\/wp-content\/uploads\/2023\/05\/Lyndra-Lynn-Dirty-Dung-Dirndl.jpg\" \/>\n\t<meta property=\"og:image:width\" content=\"1728\" \/>\n\t<meta property=\"og:image:height\" content=\"576\" \/>\n\t<meta property=\"og:image:type\" content=\"image\/jpeg\" \/>\n<meta name=\"twitter:card\" content=\"summary_large_image\" \/>\n<meta name=\"twitter:site\" content=\"@Manurefetisch\" \/>\n<script type=\"application\/ld+json\" class=\"yoast-schema-graph\">{\"@context\":\"https:\/\/schema.org\",\"@graph\":[{\"@type\":\"WebPage\",\"@id\":\"https:\/\/manurefetish.com\/shop\/videos\/dirty-dung-dirndl\/\",\"url\":\"https:\/\/manurefetish.com\/shop\/videos\/dirty-dung-dirndl\/\",\"name\":\"Dirty Dung Dirndl - ManureFetish\",\"isPartOf\":{\"@id\":\"https:\/\/manurefetish.com\/#website\"},\"primaryImageOfPage\":{\"@id\":\"https:\/\/manurefetish.com\/shop\/videos\/dirty-dung-dirndl\/#primaryimage\"},\"image\":{\"@id\":\"https:\/\/manurefetish.com\/shop\/videos\/dirty-dung-dirndl\/#primaryimage\"},\"thumbnailUrl\":\"https:\/\/manurefetish.b-cdn.net\/wp-content\/uploads\/2023\/05\/Lyndra-Lynn-Dirty-Dung-Dirndl.jpg\",\"datePublished\":\"2023-05-26T18:44:02+00:00\",\"dateModified\":\"2026-03-24T14:33:40+00:00\",\"description\":\"Dirty Dung Dirndl, Lyndra Lynn destroys her expensive Dirndl with spaghetti and tomato sauce and cowshit while she masturbates with it.\",\"breadcrumb\":{\"@id\":\"https:\/\/manurefetish.com\/shop\/videos\/dirty-dung-dirndl\/#breadcrumb\"},\"inLanguage\":\"es\",\"potentialAction\":[{\"@type\":\"ReadAction\",\"target\":[\"https:\/\/manurefetish.com\/shop\/videos\/dirty-dung-dirndl\/\"]}]},{\"@type\":\"ImageObject\",\"inLanguage\":\"es\",\"@id\":\"https:\/\/manurefetish.com\/shop\/videos\/dirty-dung-dirndl\/#primaryimage\",\"url\":\"https:\/\/manurefetish.b-cdn.net\/wp-content\/uploads\/2023\/05\/Lyndra-Lynn-Dirty-Dung-Dirndl.jpg\",\"contentUrl\":\"https:\/\/manurefetish.b-cdn.net\/wp-content\/uploads\/2023\/05\/Lyndra-Lynn-Dirty-Dung-Dirndl.jpg\",\"width\":1728,\"height\":576},{\"@type\":\"BreadcrumbList\",\"@id\":\"https:\/\/manurefetish.com\/shop\/videos\/dirty-dung-dirndl\/#breadcrumb\",\"itemListElement\":[{\"@type\":\"ListItem\",\"position\":1,\"name\":\"Home\",\"item\":\"https:\/\/manurefetish.com\/\"},{\"@type\":\"ListItem\",\"position\":2,\"name\":\"Shop\",\"item\":\"https:\/\/manurefetish.com\/shop\/\"},{\"@type\":\"ListItem\",\"position\":3,\"name\":\"Videos\",\"item\":\"https:\/\/manurefetish.com\/product-category\/videos\/\"},{\"@type\":\"ListItem\",\"position\":4,\"name\":\"Dirty Dung Dirndl\"}]},{\"@type\":\"WebSite\",\"@id\":\"https:\/\/manurefetish.com\/#website\",\"url\":\"https:\/\/manurefetish.com\/\",\"name\":\"ManureFetish\",\"description\":\"ManureFetish Shop\",\"publisher\":{\"@id\":\"https:\/\/manurefetish.com\/#organization\"},\"potentialAction\":[{\"@type\":\"SearchAction\",\"target\":{\"@type\":\"EntryPoint\",\"urlTemplate\":\"https:\/\/manurefetish.com\/?s={search_term_string}\"},\"query-input\":{\"@type\":\"PropertyValueSpecification\",\"valueRequired\":true,\"valueName\":\"search_term_string\"}}],\"inLanguage\":\"es\"},{\"@type\":\"Organization\",\"@id\":\"https:\/\/manurefetish.com\/#organization\",\"name\":\"ManureFetish.com\",\"url\":\"https:\/\/manurefetish.com\/\",\"logo\":{\"@type\":\"ImageObject\",\"inLanguage\":\"es\",\"@id\":\"https:\/\/manurefetish.com\/#\/schema\/logo\/image\/\",\"url\":\"https:\/\/manurefetish.com\/wp-content\/uploads\/2019\/06\/1000xmanurefetishcom-michaela-logo-website-shop.png\",\"contentUrl\":\"https:\/\/manurefetish.com\/wp-content\/uploads\/2019\/06\/1000xmanurefetishcom-michaela-logo-website-shop.png\",\"width\":1000,\"height\":632,\"caption\":\"ManureFetish.com\"},\"image\":{\"@id\":\"https:\/\/manurefetish.com\/#\/schema\/logo\/image\/\"},\"sameAs\":[\"https:\/\/www.facebook.com\/manurefetish\/\",\"https:\/\/x.com\/Manurefetisch\",\"https:\/\/www.youtube.com\/c\/ManureFetish\"],\"description\":\"We're creating various fetish content with female and male models alike.\",\"foundingDate\":\"2019-07-04\",\"vatID\":\"DE366928521\",\"numberOfEmployees\":{\"@type\":\"QuantitativeValue\",\"minValue\":\"1\",\"maxValue\":\"10\"}}]}<\/script>\n<meta property=\"og:availability\" content=\"instock\" \/>\n<meta property=\"product:availability\" content=\"instock\" \/>\n<meta property=\"product:retailer_item_id\" content=\"MFW-DDD\" \/>\n<meta property=\"product:condition\" content=\"new\" \/>\n<!-- \/ Yoast SEO Premium plugin. -->","yoast_head_json":{"title":"Dirty Dung Dirndl - ManureFetish","description":"Dirty Dung Dirndl, Lyndra Lynn destroza su caro Dirndl con espaguetis, salsa de tomate y mierda de vaca mientras se masturba con \u00e9l.","robots":{"index":"index","follow":"follow","max-snippet":"max-snippet:-1","max-image-preview":"max-image-preview:large","max-video-preview":"max-video-preview:-1"},"canonical":"https:\/\/manurefetish.com\/es\/shop\/videos\/dirty-dung-dirndl\/","og_locale":"es_ES","og_type":"article","og_title":"Dirty Dung Dirndl","og_description":"Dirty Dung Dirndl, Lyndra Lynn destroys her expensive Dirndl with spaghetti and tomato sauce and cowshit while she masturbates with it.","og_url":"https:\/\/manurefetish.com\/es\/shop\/videos\/dirty-dung-dirndl\/","og_site_name":"ManureFetish","article_publisher":"https:\/\/www.facebook.com\/manurefetish\/","article_modified_time":"2026-03-24T14:33:40+00:00","og_image":[{"width":1728,"height":576,"url":"https:\/\/manurefetish.com\/wp-content\/uploads\/2023\/05\/Lyndra-Lynn-Dirty-Dung-Dirndl.jpg","type":"image\/jpeg"}],"twitter_card":"summary_large_image","twitter_site":"@Manurefetisch","schema":{"@context":"https:\/\/schema.org","@graph":[{"@type":"WebPage","@id":"https:\/\/manurefetish.com\/shop\/videos\/dirty-dung-dirndl\/","url":"https:\/\/manurefetish.com\/shop\/videos\/dirty-dung-dirndl\/","name":"Dirty Dung Dirndl - ManureFetish","isPartOf":{"@id":"https:\/\/manurefetish.com\/#website"},"primaryImageOfPage":{"@id":"https:\/\/manurefetish.com\/shop\/videos\/dirty-dung-dirndl\/#primaryimage"},"image":{"@id":"https:\/\/manurefetish.com\/shop\/videos\/dirty-dung-dirndl\/#primaryimage"},"thumbnailUrl":"https:\/\/manurefetish.b-cdn.net\/wp-content\/uploads\/2023\/05\/Lyndra-Lynn-Dirty-Dung-Dirndl.jpg","datePublished":"2023-05-26T18:44:02+00:00","dateModified":"2026-03-24T14:33:40+00:00","description":"Dirty Dung Dirndl, Lyndra Lynn destroza su caro Dirndl con espaguetis, salsa de tomate y mierda de vaca mientras se masturba con \u00e9l.","breadcrumb":{"@id":"https:\/\/manurefetish.com\/shop\/videos\/dirty-dung-dirndl\/#breadcrumb"},"inLanguage":"es","potentialAction":[{"@type":"ReadAction","target":["https:\/\/manurefetish.com\/shop\/videos\/dirty-dung-dirndl\/"]}]},{"@type":"ImageObject","inLanguage":"es","@id":"https:\/\/manurefetish.com\/shop\/videos\/dirty-dung-dirndl\/#primaryimage","url":"https:\/\/manurefetish.b-cdn.net\/wp-content\/uploads\/2023\/05\/Lyndra-Lynn-Dirty-Dung-Dirndl.jpg","contentUrl":"https:\/\/manurefetish.b-cdn.net\/wp-content\/uploads\/2023\/05\/Lyndra-Lynn-Dirty-Dung-Dirndl.jpg","width":1728,"height":576},{"@type":"BreadcrumbList","@id":"https:\/\/manurefetish.com\/shop\/videos\/dirty-dung-dirndl\/#breadcrumb","itemListElement":[{"@type":"ListItem","position":1,"name":"Home","item":"https:\/\/manurefetish.com\/"},{"@type":"ListItem","position":2,"name":"Shop","item":"https:\/\/manurefetish.com\/shop\/"},{"@type":"ListItem","position":3,"name":"Videos","item":"https:\/\/manurefetish.com\/product-category\/videos\/"},{"@type":"ListItem","position":4,"name":"Dirty Dung Dirndl"}]},{"@type":"WebSite","@id":"https:\/\/manurefetish.com\/#website","url":"https:\/\/manurefetish.com\/","name":"ManureFetish","description":"ManureFetish","publisher":{"@id":"https:\/\/manurefetish.com\/#organization"},"potentialAction":[{"@type":"SearchAction","target":{"@type":"EntryPoint","urlTemplate":"https:\/\/manurefetish.com\/?s={search_term_string}"},"query-input":{"@type":"PropertyValueSpecification","valueRequired":true,"valueName":"search_term_string"}}],"inLanguage":"es"},{"@type":"Organization","@id":"https:\/\/manurefetish.com\/#organization","name":"ManureFetish.com","url":"https:\/\/manurefetish.com\/","logo":{"@type":"ImageObject","inLanguage":"es","@id":"https:\/\/manurefetish.com\/#\/schema\/logo\/image\/","url":"https:\/\/manurefetish.com\/wp-content\/uploads\/2019\/06\/1000xmanurefetishcom-michaela-logo-website-shop.png","contentUrl":"https:\/\/manurefetish.com\/wp-content\/uploads\/2019\/06\/1000xmanurefetishcom-michaela-logo-website-shop.png","width":1000,"height":632,"caption":"ManureFetish.com"},"image":{"@id":"https:\/\/manurefetish.com\/#\/schema\/logo\/image\/"},"sameAs":["https:\/\/www.facebook.com\/manurefetish\/","https:\/\/x.com\/Manurefetisch","https:\/\/www.youtube.com\/c\/ManureFetish"],"description":"Estamos creando diversos contenidos fetichistas con modelos femeninos y masculinos por igual.","foundingDate":"2019-07-04","vatID":"DE366928521","numberOfEmployees":{"@type":"QuantitativeValue","minValue":"1","maxValue":"10"}}]},"og_availability":"instock","product_availability":"instock","product_retailer_item_id":"MFW-DDD","product_condition":"new"},"_links":{"self":[{"href":"https:\/\/manurefetish.com\/es\/wp-json\/wp\/v2\/product\/98910","targetHints":{"allow":["GET"]}}],"collection":[{"href":"https:\/\/manurefetish.com\/es\/wp-json\/wp\/v2\/product"}],"about":[{"href":"https:\/\/manurefetish.com\/es\/wp-json\/wp\/v2\/types\/product"}],"replies":[{"embeddable":true,"href":"https:\/\/manurefetish.com\/es\/wp-json\/wp\/v2\/comments?post=98910"}],"version-history":[{"count":0,"href":"https:\/\/manurefetish.com\/es\/wp-json\/wp\/v2\/product\/98910\/revisions"}],"wp:featuredmedia":[{"embeddable":true,"href":"https:\/\/manurefetish.com\/es\/wp-json\/wp\/v2\/media\/199073"}],"wp:attachment":[{"href":"https:\/\/manurefetish.com\/es\/wp-json\/wp\/v2\/media?parent=98910"}],"wp:term":[{"taxonomy":"product_brand","embeddable":true,"href":"https:\/\/manurefetish.com\/es\/wp-json\/wp\/v2\/product_brand?post=98910"},{"taxonomy":"product_cat","embeddable":true,"href":"https:\/\/manurefetish.com\/es\/wp-json\/wp\/v2\/product_cat?post=98910"},{"taxonomy":"product_tag","embeddable":true,"href":"https:\/\/manurefetish.com\/es\/wp-json\/wp\/v2\/product_tag?post=98910"}],"curies":[{"name":"wp","href":"https:\/\/api.w.org\/{rel}","templated":true}]}}