{"id":97010,"date":"2023-04-28T20:24:41","date_gmt":"2023-04-28T18:24:41","guid":{"rendered":"https:\/\/manurefetish.com\/?post_type=product&#038;p=97010"},"modified":"2026-03-24T15:33:43","modified_gmt":"2026-03-24T14:33:43","slug":"lyndra-lynn-chocolate-fun","status":"publish","type":"product","link":"https:\/\/manurefetish.com\/es\/shop\/videos\/lyndra-lynn-chocolate-fun\/","title":{"rendered":"Lyndra Lynn &#8211; Chocolate Fun"},"content":{"rendered":"<p><span style=\"font-weight: 400;\">I finally got some time to try out my new chocolate cream and marshmallow fluff. I also got some leftover chocolate cakes from my last party. I begin to cover my shirt with the creamy and very sticky chocolate.I lay back and smear some on my jeans and masturbate through them. I\u2019m now in my underwear and cover myself more with it, smear some on my panty and pussy and start rubbing it. Then I turn around and smear it on my ass while rubbing my asshole. I get covered in the chocolate creme more and more and also pop open the first jar with marshmallow full. I dip my dildo in it and start fucking my tight pussy. I now take my first cake and sit with my bare pussy on it. I slide on the cake which pushes against my clit. I take the second cake and craft myself a nice dildo holder, now I ride the dildo and the cake which feels amazing. I\u2019m now covered in chocolate cream, marshmallow fluff and chocolate cake.<br \/>\nI use more from everything, smearing it everywhere on my body while masturbating in different positions, till the point I reach my messy orgasm.<\/span><\/p>","protected":false},"excerpt":{"rendered":"<p>I finally got some time to try out my new chocolate cream and marshmallow fluff. I also got some leftover chocolate cakes from my last party. I begin to cover my shirt with the creamy and very sticky chocolate.I lay back and smear some on my jeans and masturbate through them. I\u2019m now in my [&hellip;]<\/p>\n","protected":false},"featured_media":199078,"comment_status":"open","ping_status":"closed","template":"","meta":{"_acf_changed":false,"site-sidebar-layout":"default","site-content-layout":"","ast-site-content-layout":"default","site-content-style":"default","site-sidebar-style":"default","ast-global-header-display":"","ast-banner-title-visibility":"","ast-main-header-display":"","ast-hfb-above-header-display":"","ast-hfb-below-header-display":"","ast-hfb-mobile-header-display":"","site-post-title":"","ast-breadcrumbs-content":"","ast-featured-img":"","footer-sml-layout":"","ast-disable-related-posts":"","theme-transparent-header-meta":"default","adv-header-id-meta":"","stick-header-meta":"","header-above-stick-meta":"","header-main-stick-meta":"","header-below-stick-meta":"","astra-migrate-meta-layouts":"set","ast-page-background-enabled":"default","ast-page-background-meta":{"desktop":{"background-color":"var(--ast-global-color-4)","background-image":"","background-repeat":"repeat","background-position":"center center","background-size":"auto","background-attachment":"scroll","background-type":"","background-media":"","overlay-type":"","overlay-color":"","overlay-opacity":"","overlay-gradient":""},"tablet":{"background-color":"","background-image":"","background-repeat":"repeat","background-position":"center center","background-size":"auto","background-attachment":"scroll","background-type":"","background-media":"","overlay-type":"","overlay-color":"","overlay-opacity":"","overlay-gradient":""},"mobile":{"background-color":"","background-image":"","background-repeat":"repeat","background-position":"center center","background-size":"auto","background-attachment":"scroll","background-type":"","background-media":"","overlay-type":"","overlay-color":"","overlay-opacity":"","overlay-gradient":""}},"ast-content-background-meta":{"desktop":{"background-color":"var(--ast-global-color-5)","background-image":"","background-repeat":"repeat","background-position":"center center","background-size":"auto","background-attachment":"scroll","background-type":"","background-media":"","overlay-type":"","overlay-color":"","overlay-opacity":"","overlay-gradient":""},"tablet":{"background-color":"var(--ast-global-color-5)","background-image":"","background-repeat":"repeat","background-position":"center center","background-size":"auto","background-attachment":"scroll","background-type":"","background-media":"","overlay-type":"","overlay-color":"","overlay-opacity":"","overlay-gradient":""},"mobile":{"background-color":"var(--ast-global-color-5)","background-image":"","background-repeat":"repeat","background-position":"center center","background-size":"auto","background-attachment":"scroll","background-type":"","background-media":"","overlay-type":"","overlay-color":"","overlay-opacity":"","overlay-gradient":""}}},"product_brand":[],"product_cat":[4470],"product_tag":[17,317,318,2632,3849,3848,316,64,3030,3523,3850,2419,3653,3458,2841,2897,2285,2206,2629,65,35,2637,32,3881,2650,3778,3332,2832,2368,2676,2896,3233,1069,2970,3488],"class_list":{"0":"post-97010","1":"product","2":"type-product","3":"status-publish","4":"has-post-thumbnail","6":"product_cat-videos","7":"product_tag-anal","8":"product_tag-asshole","9":"product_tag-boobs","10":"product_tag-bra","11":"product_tag-cake","12":"product_tag-chocolate","13":"product_tag-cunt","14":"product_tag-dildo","15":"product_tag-download","16":"product_tag-fingering","17":"product_tag-food","18":"product_tag-full-hd","19":"product_tag-latex","20":"product_tag-leggings","21":"product_tag-lyndra-lynn","22":"product_tag-marshmallow","23":"product_tag-masturbate","24":"product_tag-masturbation","25":"product_tag-messy","26":"product_tag-naked","27":"product_tag-orgasm","28":"product_tag-panty","29":"product_tag-pussy","30":"product_tag-season-4","31":"product_tag-sensual","32":"product_tag-sextoys-2","33":"product_tag-slime","34":"product_tag-smearing","35":"product_tag-ultra-hd","36":"product_tag-underwear","37":"product_tag-vinyl","38":"product_tag-waifu","39":"product_tag-wam","40":"product_tag-wet","41":"product_tag-yoga-pants","42":"pa_audio-info-stereo","43":"pa_format-mp4","44":"pa_length-50-minutes","45":"pa_product-type-digital-download-full-hd-video","46":"pa_product-type-digital-download-ultra-hd-video","47":"pa_product-type-usb-stick","48":"pa_video-info-full-hd-1920x1080p","49":"pa_video-info-ultra-hd-4k","50":"desktop-align-center","51":"tablet-align-left","52":"mobile-align-left","54":"first","55":"instock","56":"shipping-taxable","57":"purchasable","58":"product-type-variable"},"exclude_global_add_ons":[],"addons":[],"acf":[],"yoast_head":"<!-- This site is optimized with the Yoast SEO Premium plugin v27.1 (Yoast SEO v27.1.1) - https:\/\/yoast.com\/product\/yoast-seo-premium-wordpress\/ -->\n<title>Lyndra Lynn - Chocolate Fun - ManureFetish -<\/title>\n<meta name=\"description\" content=\"Lyndra Lynn - Chocolate Fun, she masturbates to a wild wet and messy orgasm covered in chocolate cream, marshmallow fluff and cake.\" \/>\n<meta name=\"robots\" content=\"index, follow, max-snippet:-1, max-image-preview:large, max-video-preview:-1\" \/>\n<link rel=\"canonical\" href=\"https:\/\/manurefetish.com\/es\/shop\/videos\/lyndra-lynn-chocolate-fun\/\" \/>\n<meta property=\"og:locale\" content=\"es_ES\" \/>\n<meta property=\"og:type\" content=\"article\" \/>\n<meta property=\"og:title\" content=\"Lyndra Lynn - Chocolate Fun\" \/>\n<meta property=\"og:description\" content=\"Lyndra Lynn - Chocolate Fun, she masturbates to a wild wet and messy orgasm covered in chocolate cream, marshmallow fluff and cake.\" \/>\n<meta property=\"og:url\" content=\"https:\/\/manurefetish.com\/es\/shop\/videos\/lyndra-lynn-chocolate-fun\/\" \/>\n<meta property=\"og:site_name\" content=\"ManureFetish\" \/>\n<meta property=\"article:publisher\" content=\"https:\/\/www.facebook.com\/manurefetish\/\" \/>\n<meta property=\"article:modified_time\" content=\"2026-03-24T14:33:43+00:00\" \/>\n<meta property=\"og:image\" content=\"https:\/\/manurefetish.com\/wp-content\/uploads\/2023\/04\/Lyndra-Lynn-Chocolate-Fun.jpg\" \/>\n\t<meta property=\"og:image:width\" content=\"1728\" \/>\n\t<meta property=\"og:image:height\" content=\"576\" \/>\n\t<meta property=\"og:image:type\" content=\"image\/jpeg\" \/>\n<meta name=\"twitter:card\" content=\"summary_large_image\" \/>\n<meta name=\"twitter:site\" content=\"@Manurefetisch\" \/>\n<script type=\"application\/ld+json\" class=\"yoast-schema-graph\">{\"@context\":\"https:\/\/schema.org\",\"@graph\":[{\"@type\":\"WebPage\",\"@id\":\"https:\/\/manurefetish.com\/shop\/videos\/lyndra-lynn-chocolate-fun\/\",\"url\":\"https:\/\/manurefetish.com\/shop\/videos\/lyndra-lynn-chocolate-fun\/\",\"name\":\"Lyndra Lynn - Chocolate Fun - ManureFetish -\",\"isPartOf\":{\"@id\":\"https:\/\/manurefetish.com\/#website\"},\"primaryImageOfPage\":{\"@id\":\"https:\/\/manurefetish.com\/shop\/videos\/lyndra-lynn-chocolate-fun\/#primaryimage\"},\"image\":{\"@id\":\"https:\/\/manurefetish.com\/shop\/videos\/lyndra-lynn-chocolate-fun\/#primaryimage\"},\"thumbnailUrl\":\"https:\/\/manurefetish.b-cdn.net\/wp-content\/uploads\/2023\/04\/Lyndra-Lynn-Chocolate-Fun.jpg\",\"datePublished\":\"2023-04-28T18:24:41+00:00\",\"dateModified\":\"2026-03-24T14:33:43+00:00\",\"description\":\"Lyndra Lynn - Chocolate Fun, she masturbates to a wild wet and messy orgasm covered in chocolate cream, marshmallow fluff and cake.\",\"breadcrumb\":{\"@id\":\"https:\/\/manurefetish.com\/shop\/videos\/lyndra-lynn-chocolate-fun\/#breadcrumb\"},\"inLanguage\":\"es\",\"potentialAction\":[{\"@type\":\"ReadAction\",\"target\":[\"https:\/\/manurefetish.com\/shop\/videos\/lyndra-lynn-chocolate-fun\/\"]}]},{\"@type\":\"ImageObject\",\"inLanguage\":\"es\",\"@id\":\"https:\/\/manurefetish.com\/shop\/videos\/lyndra-lynn-chocolate-fun\/#primaryimage\",\"url\":\"https:\/\/manurefetish.b-cdn.net\/wp-content\/uploads\/2023\/04\/Lyndra-Lynn-Chocolate-Fun.jpg\",\"contentUrl\":\"https:\/\/manurefetish.b-cdn.net\/wp-content\/uploads\/2023\/04\/Lyndra-Lynn-Chocolate-Fun.jpg\",\"width\":1728,\"height\":576},{\"@type\":\"BreadcrumbList\",\"@id\":\"https:\/\/manurefetish.com\/shop\/videos\/lyndra-lynn-chocolate-fun\/#breadcrumb\",\"itemListElement\":[{\"@type\":\"ListItem\",\"position\":1,\"name\":\"Home\",\"item\":\"https:\/\/manurefetish.com\/\"},{\"@type\":\"ListItem\",\"position\":2,\"name\":\"Shop\",\"item\":\"https:\/\/manurefetish.com\/shop\/\"},{\"@type\":\"ListItem\",\"position\":3,\"name\":\"Videos\",\"item\":\"https:\/\/manurefetish.com\/product-category\/videos\/\"},{\"@type\":\"ListItem\",\"position\":4,\"name\":\"Lyndra Lynn &#8211; Chocolate Fun\"}]},{\"@type\":\"WebSite\",\"@id\":\"https:\/\/manurefetish.com\/#website\",\"url\":\"https:\/\/manurefetish.com\/\",\"name\":\"ManureFetish\",\"description\":\"ManureFetish Shop\",\"publisher\":{\"@id\":\"https:\/\/manurefetish.com\/#organization\"},\"potentialAction\":[{\"@type\":\"SearchAction\",\"target\":{\"@type\":\"EntryPoint\",\"urlTemplate\":\"https:\/\/manurefetish.com\/?s={search_term_string}\"},\"query-input\":{\"@type\":\"PropertyValueSpecification\",\"valueRequired\":true,\"valueName\":\"search_term_string\"}}],\"inLanguage\":\"es\"},{\"@type\":\"Organization\",\"@id\":\"https:\/\/manurefetish.com\/#organization\",\"name\":\"ManureFetish.com\",\"url\":\"https:\/\/manurefetish.com\/\",\"logo\":{\"@type\":\"ImageObject\",\"inLanguage\":\"es\",\"@id\":\"https:\/\/manurefetish.com\/#\/schema\/logo\/image\/\",\"url\":\"https:\/\/manurefetish.com\/wp-content\/uploads\/2019\/06\/1000xmanurefetishcom-michaela-logo-website-shop.png\",\"contentUrl\":\"https:\/\/manurefetish.com\/wp-content\/uploads\/2019\/06\/1000xmanurefetishcom-michaela-logo-website-shop.png\",\"width\":1000,\"height\":632,\"caption\":\"ManureFetish.com\"},\"image\":{\"@id\":\"https:\/\/manurefetish.com\/#\/schema\/logo\/image\/\"},\"sameAs\":[\"https:\/\/www.facebook.com\/manurefetish\/\",\"https:\/\/x.com\/Manurefetisch\",\"https:\/\/www.youtube.com\/c\/ManureFetish\"],\"description\":\"We're creating various fetish content with female and male models alike.\",\"foundingDate\":\"2019-07-04\",\"vatID\":\"DE366928521\",\"numberOfEmployees\":{\"@type\":\"QuantitativeValue\",\"minValue\":\"1\",\"maxValue\":\"10\"}}]}<\/script>\n<meta property=\"og:availability\" content=\"instock\" \/>\n<meta property=\"product:availability\" content=\"instock\" \/>\n<meta property=\"product:retailer_item_id\" content=\"MFW-LYNN-CF\" \/>\n<meta property=\"product:condition\" content=\"new\" \/>\n<!-- \/ Yoast SEO Premium plugin. -->","yoast_head_json":{"title":"Lyndra Lynn - Diversi\u00f3n con chocolate - ManureFetish -","description":"Lyndra Lynn - Diversi\u00f3n de chocolate, se masturba hasta un salvaje orgasmo h\u00famedo y desordenado cubierta de crema de chocolate, pelusa de malvavisco y pastel.","robots":{"index":"index","follow":"follow","max-snippet":"max-snippet:-1","max-image-preview":"max-image-preview:large","max-video-preview":"max-video-preview:-1"},"canonical":"https:\/\/manurefetish.com\/es\/shop\/videos\/lyndra-lynn-chocolate-fun\/","og_locale":"es_ES","og_type":"article","og_title":"Lyndra Lynn - Chocolate Fun","og_description":"Lyndra Lynn - Chocolate Fun, she masturbates to a wild wet and messy orgasm covered in chocolate cream, marshmallow fluff and cake.","og_url":"https:\/\/manurefetish.com\/es\/shop\/videos\/lyndra-lynn-chocolate-fun\/","og_site_name":"ManureFetish","article_publisher":"https:\/\/www.facebook.com\/manurefetish\/","article_modified_time":"2026-03-24T14:33:43+00:00","og_image":[{"width":1728,"height":576,"url":"https:\/\/manurefetish.com\/wp-content\/uploads\/2023\/04\/Lyndra-Lynn-Chocolate-Fun.jpg","type":"image\/jpeg"}],"twitter_card":"summary_large_image","twitter_site":"@Manurefetisch","schema":{"@context":"https:\/\/schema.org","@graph":[{"@type":"WebPage","@id":"https:\/\/manurefetish.com\/shop\/videos\/lyndra-lynn-chocolate-fun\/","url":"https:\/\/manurefetish.com\/shop\/videos\/lyndra-lynn-chocolate-fun\/","name":"Lyndra Lynn - Diversi\u00f3n con chocolate - ManureFetish -","isPartOf":{"@id":"https:\/\/manurefetish.com\/#website"},"primaryImageOfPage":{"@id":"https:\/\/manurefetish.com\/shop\/videos\/lyndra-lynn-chocolate-fun\/#primaryimage"},"image":{"@id":"https:\/\/manurefetish.com\/shop\/videos\/lyndra-lynn-chocolate-fun\/#primaryimage"},"thumbnailUrl":"https:\/\/manurefetish.b-cdn.net\/wp-content\/uploads\/2023\/04\/Lyndra-Lynn-Chocolate-Fun.jpg","datePublished":"2023-04-28T18:24:41+00:00","dateModified":"2026-03-24T14:33:43+00:00","description":"Lyndra Lynn - Diversi\u00f3n de chocolate, se masturba hasta un salvaje orgasmo h\u00famedo y desordenado cubierta de crema de chocolate, pelusa de malvavisco y pastel.","breadcrumb":{"@id":"https:\/\/manurefetish.com\/shop\/videos\/lyndra-lynn-chocolate-fun\/#breadcrumb"},"inLanguage":"es","potentialAction":[{"@type":"ReadAction","target":["https:\/\/manurefetish.com\/shop\/videos\/lyndra-lynn-chocolate-fun\/"]}]},{"@type":"ImageObject","inLanguage":"es","@id":"https:\/\/manurefetish.com\/shop\/videos\/lyndra-lynn-chocolate-fun\/#primaryimage","url":"https:\/\/manurefetish.b-cdn.net\/wp-content\/uploads\/2023\/04\/Lyndra-Lynn-Chocolate-Fun.jpg","contentUrl":"https:\/\/manurefetish.b-cdn.net\/wp-content\/uploads\/2023\/04\/Lyndra-Lynn-Chocolate-Fun.jpg","width":1728,"height":576},{"@type":"BreadcrumbList","@id":"https:\/\/manurefetish.com\/shop\/videos\/lyndra-lynn-chocolate-fun\/#breadcrumb","itemListElement":[{"@type":"ListItem","position":1,"name":"Home","item":"https:\/\/manurefetish.com\/"},{"@type":"ListItem","position":2,"name":"Shop","item":"https:\/\/manurefetish.com\/shop\/"},{"@type":"ListItem","position":3,"name":"Videos","item":"https:\/\/manurefetish.com\/product-category\/videos\/"},{"@type":"ListItem","position":4,"name":"Lyndra Lynn &#8211; Chocolate Fun"}]},{"@type":"WebSite","@id":"https:\/\/manurefetish.com\/#website","url":"https:\/\/manurefetish.com\/","name":"ManureFetish","description":"ManureFetish","publisher":{"@id":"https:\/\/manurefetish.com\/#organization"},"potentialAction":[{"@type":"SearchAction","target":{"@type":"EntryPoint","urlTemplate":"https:\/\/manurefetish.com\/?s={search_term_string}"},"query-input":{"@type":"PropertyValueSpecification","valueRequired":true,"valueName":"search_term_string"}}],"inLanguage":"es"},{"@type":"Organization","@id":"https:\/\/manurefetish.com\/#organization","name":"ManureFetish.com","url":"https:\/\/manurefetish.com\/","logo":{"@type":"ImageObject","inLanguage":"es","@id":"https:\/\/manurefetish.com\/#\/schema\/logo\/image\/","url":"https:\/\/manurefetish.com\/wp-content\/uploads\/2019\/06\/1000xmanurefetishcom-michaela-logo-website-shop.png","contentUrl":"https:\/\/manurefetish.com\/wp-content\/uploads\/2019\/06\/1000xmanurefetishcom-michaela-logo-website-shop.png","width":1000,"height":632,"caption":"ManureFetish.com"},"image":{"@id":"https:\/\/manurefetish.com\/#\/schema\/logo\/image\/"},"sameAs":["https:\/\/www.facebook.com\/manurefetish\/","https:\/\/x.com\/Manurefetisch","https:\/\/www.youtube.com\/c\/ManureFetish"],"description":"Estamos creando diversos contenidos fetichistas con modelos femeninos y masculinos por igual.","foundingDate":"2019-07-04","vatID":"DE366928521","numberOfEmployees":{"@type":"QuantitativeValue","minValue":"1","maxValue":"10"}}]},"og_availability":"instock","product_availability":"instock","product_retailer_item_id":"MFW-LYNN-CF","product_condition":"new"},"_links":{"self":[{"href":"https:\/\/manurefetish.com\/es\/wp-json\/wp\/v2\/product\/97010","targetHints":{"allow":["GET"]}}],"collection":[{"href":"https:\/\/manurefetish.com\/es\/wp-json\/wp\/v2\/product"}],"about":[{"href":"https:\/\/manurefetish.com\/es\/wp-json\/wp\/v2\/types\/product"}],"replies":[{"embeddable":true,"href":"https:\/\/manurefetish.com\/es\/wp-json\/wp\/v2\/comments?post=97010"}],"version-history":[{"count":0,"href":"https:\/\/manurefetish.com\/es\/wp-json\/wp\/v2\/product\/97010\/revisions"}],"wp:featuredmedia":[{"embeddable":true,"href":"https:\/\/manurefetish.com\/es\/wp-json\/wp\/v2\/media\/199078"}],"wp:attachment":[{"href":"https:\/\/manurefetish.com\/es\/wp-json\/wp\/v2\/media?parent=97010"}],"wp:term":[{"taxonomy":"product_brand","embeddable":true,"href":"https:\/\/manurefetish.com\/es\/wp-json\/wp\/v2\/product_brand?post=97010"},{"taxonomy":"product_cat","embeddable":true,"href":"https:\/\/manurefetish.com\/es\/wp-json\/wp\/v2\/product_cat?post=97010"},{"taxonomy":"product_tag","embeddable":true,"href":"https:\/\/manurefetish.com\/es\/wp-json\/wp\/v2\/product_tag?post=97010"}],"curies":[{"name":"wp","href":"https:\/\/api.w.org\/{rel}","templated":true}]}}