{"id":96791,"date":"2023-04-26T16:52:03","date_gmt":"2023-04-26T14:52:03","guid":{"rendered":"https:\/\/manurefetish.com\/?post_type=product&#038;p=96791"},"modified":"2026-03-24T15:33:47","modified_gmt":"2026-03-24T14:33:47","slug":"lyndra-lynn-wet-laps","status":"publish","type":"product","link":"https:\/\/manurefetish.com\/es\/shop\/videos\/lyndra-lynn-wet-laps\/","title":{"rendered":"Lyndra Lynn &#8211; Wet Laps"},"content":{"rendered":"<p><span style=\"font-weight: 400;\">Estamos los dos juntos en la cama para pasar un rato sexy, pero tengo muchas ganas de mear, as\u00ed que me suelto y empapo completamente mis pantalones y los suyos. Le quito los pantalones y empiezo a cabalgar su polla. Luego cambiamos de postura y \u00e9l me folla a lo perrito. Entonces quiero que me llene el culo, empieza a meterme los dedos en el ojete y a dilat\u00e1rmelo con diferentes consoladores antes de foll\u00e1rmelo a lo perrito y a lo misionero, donde me llena con su cremoso semen.<\/span><\/p>","protected":false},"excerpt":{"rendered":"<p>We\u2019re both together on the bed for some sexy time, but I have to pee so bad, so I just let go and soak mine and his pants completely. I undress his pants and start riding his cock. Then we switch positions where he fucks me in doggy. Then I want my ass filled up, [&hellip;]<\/p>\n","protected":false},"featured_media":199080,"comment_status":"open","ping_status":"closed","template":"","meta":{"_acf_changed":false,"site-sidebar-layout":"default","site-content-layout":"","ast-site-content-layout":"default","site-content-style":"default","site-sidebar-style":"default","ast-global-header-display":"","ast-banner-title-visibility":"","ast-main-header-display":"","ast-hfb-above-header-display":"","ast-hfb-below-header-display":"","ast-hfb-mobile-header-display":"","site-post-title":"","ast-breadcrumbs-content":"","ast-featured-img":"","footer-sml-layout":"","ast-disable-related-posts":"","theme-transparent-header-meta":"default","adv-header-id-meta":"","stick-header-meta":"","header-above-stick-meta":"","header-main-stick-meta":"","header-below-stick-meta":"","astra-migrate-meta-layouts":"set","ast-page-background-enabled":"default","ast-page-background-meta":{"desktop":{"background-color":"var(--ast-global-color-4)","background-image":"","background-repeat":"repeat","background-position":"center center","background-size":"auto","background-attachment":"scroll","background-type":"","background-media":"","overlay-type":"","overlay-color":"","overlay-opacity":"","overlay-gradient":""},"tablet":{"background-color":"","background-image":"","background-repeat":"repeat","background-position":"center center","background-size":"auto","background-attachment":"scroll","background-type":"","background-media":"","overlay-type":"","overlay-color":"","overlay-opacity":"","overlay-gradient":""},"mobile":{"background-color":"","background-image":"","background-repeat":"repeat","background-position":"center center","background-size":"auto","background-attachment":"scroll","background-type":"","background-media":"","overlay-type":"","overlay-color":"","overlay-opacity":"","overlay-gradient":""}},"ast-content-background-meta":{"desktop":{"background-color":"var(--ast-global-color-5)","background-image":"","background-repeat":"repeat","background-position":"center center","background-size":"auto","background-attachment":"scroll","background-type":"","background-media":"","overlay-type":"","overlay-color":"","overlay-opacity":"","overlay-gradient":""},"tablet":{"background-color":"var(--ast-global-color-5)","background-image":"","background-repeat":"repeat","background-position":"center center","background-size":"auto","background-attachment":"scroll","background-type":"","background-media":"","overlay-type":"","overlay-color":"","overlay-opacity":"","overlay-gradient":""},"mobile":{"background-color":"var(--ast-global-color-5)","background-image":"","background-repeat":"repeat","background-position":"center center","background-size":"auto","background-attachment":"scroll","background-type":"","background-media":"","overlay-type":"","overlay-color":"","overlay-opacity":"","overlay-gradient":""}}},"product_brand":[],"product_cat":[4470],"product_tag":[17,317,318,2632,2551,316,64,3030,3523,2438,2419,3458,2841,18,2285,2206,65,35,2971,3881,2650,3778,24,2832,2368,2676,3233,3592,3488],"class_list":{"0":"post-96791","1":"product","2":"type-product","3":"status-publish","4":"has-post-thumbnail","6":"product_cat-videos","7":"product_tag-anal","8":"product_tag-asshole","9":"product_tag-boobs","10":"product_tag-bra","11":"product_tag-couple","12":"product_tag-cunt","13":"product_tag-dildo","14":"product_tag-download","15":"product_tag-fingering","16":"product_tag-franky","17":"product_tag-full-hd","18":"product_tag-leggings","19":"product_tag-lyndra-lynn","20":"product_tag-manure","21":"product_tag-masturbate","22":"product_tag-masturbation","23":"product_tag-naked","24":"product_tag-orgasm","25":"product_tag-pee","26":"product_tag-season-4","27":"product_tag-sensual","28":"product_tag-sextoys-2","29":"product_tag-slurry","30":"product_tag-smearing","31":"product_tag-ultra-hd","32":"product_tag-underwear","33":"product_tag-waifu","34":"product_tag-wetting","35":"product_tag-yoga-pants","36":"pa_audio-info-stereo","37":"pa_format-mp4","38":"pa_length-39-minutes","39":"pa_product-type-digital-download-full-hd-video","40":"pa_product-type-digital-download-ultra-hd-video","41":"pa_product-type-usb-stick","42":"pa_video-info-full-hd-1920x1080p","43":"pa_video-info-ultra-hd-4k","44":"desktop-align-center","45":"tablet-align-left","46":"mobile-align-left","48":"first","49":"instock","50":"shipping-taxable","51":"purchasable","52":"product-type-variable"},"exclude_global_add_ons":[],"addons":[],"acf":[],"yoast_head":"<!-- This site is optimized with the Yoast SEO Premium plugin v27.1 (Yoast SEO v27.1.1) - https:\/\/yoast.com\/product\/yoast-seo-premium-wordpress\/ -->\n<title>Lyndra Lynn - Wet Laps - ManureFetish -<\/title>\n<meta name=\"description\" content=\"Lyndra Lynn - Wet Laps, she wetting her leggins and peeing on his short, after that he fucks her in both of her tight wet holes.\" \/>\n<meta name=\"robots\" content=\"index, follow, max-snippet:-1, max-image-preview:large, max-video-preview:-1\" \/>\n<link rel=\"canonical\" href=\"https:\/\/manurefetish.com\/es\/shop\/videos\/lyndra-lynn-wet-laps\/\" \/>\n<meta name=\"twitter:card\" content=\"summary_large_image\" \/>\n<meta name=\"twitter:title\" content=\"Lyndra Lynn - Wet Laps - ManureFetish -\" \/>\n<meta name=\"twitter:description\" content=\"Lyndra Lynn - Wet Laps, she wetting her leggins and peeing on his short, after that he fucks her in both of her tight wet holes.\" \/>\n<meta name=\"twitter:image\" content=\"https:\/\/manurefetish.b-cdn.net\/wp-content\/uploads\/2023\/04\/Wet-Laps.jpg\" \/>\n<meta name=\"twitter:site\" content=\"@Manurefetisch\" \/>\n<script type=\"application\/ld+json\" class=\"yoast-schema-graph\">{\"@context\":\"https:\/\/schema.org\",\"@graph\":[{\"@type\":\"WebPage\",\"@id\":\"https:\/\/manurefetish.com\/shop\/videos\/lyndra-lynn-wet-laps\/\",\"url\":\"https:\/\/manurefetish.com\/shop\/videos\/lyndra-lynn-wet-laps\/\",\"name\":\"Lyndra Lynn - Wet Laps - ManureFetish -\",\"isPartOf\":{\"@id\":\"https:\/\/de.manurefetish.com\/#website\"},\"primaryImageOfPage\":{\"@id\":\"https:\/\/manurefetish.com\/shop\/videos\/lyndra-lynn-wet-laps\/#primaryimage\"},\"image\":{\"@id\":\"https:\/\/manurefetish.com\/shop\/videos\/lyndra-lynn-wet-laps\/#primaryimage\"},\"thumbnailUrl\":\"https:\/\/manurefetish.b-cdn.net\/wp-content\/uploads\/2023\/04\/Wet-Laps.jpg\",\"datePublished\":\"2023-04-26T14:52:03+00:00\",\"dateModified\":\"2026-03-24T14:33:47+00:00\",\"description\":\"Lyndra Lynn - Wet Laps, she wetting her leggins and peeing on his short, after that he fucks her in both of her tight wet holes.\",\"breadcrumb\":{\"@id\":\"https:\/\/manurefetish.com\/shop\/videos\/lyndra-lynn-wet-laps\/#breadcrumb\"},\"inLanguage\":\"es\",\"potentialAction\":[{\"@type\":\"ReadAction\",\"target\":[\"https:\/\/manurefetish.com\/shop\/videos\/lyndra-lynn-wet-laps\/\"]}]},{\"@type\":\"ImageObject\",\"inLanguage\":\"es\",\"@id\":\"https:\/\/manurefetish.com\/shop\/videos\/lyndra-lynn-wet-laps\/#primaryimage\",\"url\":\"https:\/\/manurefetish.b-cdn.net\/wp-content\/uploads\/2023\/04\/Wet-Laps.jpg\",\"contentUrl\":\"https:\/\/manurefetish.b-cdn.net\/wp-content\/uploads\/2023\/04\/Wet-Laps.jpg\",\"width\":1728,\"height\":576},{\"@type\":\"BreadcrumbList\",\"@id\":\"https:\/\/manurefetish.com\/shop\/videos\/lyndra-lynn-wet-laps\/#breadcrumb\",\"itemListElement\":[{\"@type\":\"ListItem\",\"position\":1,\"name\":\"Home\",\"item\":\"https:\/\/manurefetish.com\/\"},{\"@type\":\"ListItem\",\"position\":2,\"name\":\"Shop\",\"item\":\"https:\/\/manurefetish.com\/shop\/\"},{\"@type\":\"ListItem\",\"position\":3,\"name\":\"Videos\",\"item\":\"https:\/\/manurefetish.com\/product-category\/videos\/\"},{\"@type\":\"ListItem\",\"position\":4,\"name\":\"Lyndra Lynn &#8211; Wet Laps\"}]},{\"@type\":\"WebSite\",\"@id\":\"https:\/\/de.manurefetish.com\/#website\",\"url\":\"https:\/\/de.manurefetish.com\/\",\"name\":\"ManureFetish\",\"description\":\"ManureFetish Shop\",\"publisher\":{\"@id\":\"https:\/\/de.manurefetish.com\/#organization\"},\"potentialAction\":[{\"@type\":\"SearchAction\",\"target\":{\"@type\":\"EntryPoint\",\"urlTemplate\":\"https:\/\/de.manurefetish.com\/?s={search_term_string}\"},\"query-input\":{\"@type\":\"PropertyValueSpecification\",\"valueRequired\":true,\"valueName\":\"search_term_string\"}}],\"inLanguage\":\"es\"},{\"@type\":\"Organization\",\"@id\":\"https:\/\/de.manurefetish.com\/#organization\",\"name\":\"ManureFetish.com\",\"url\":\"https:\/\/de.manurefetish.com\/\",\"logo\":{\"@type\":\"ImageObject\",\"inLanguage\":\"es\",\"@id\":\"https:\/\/de.manurefetish.com\/#\/schema\/logo\/image\/\",\"url\":\"https:\/\/manurefetish.com\/wp-content\/uploads\/2019\/06\/1000xmanurefetishcom-michaela-logo-website-shop.png\",\"contentUrl\":\"https:\/\/manurefetish.com\/wp-content\/uploads\/2019\/06\/1000xmanurefetishcom-michaela-logo-website-shop.png\",\"width\":1000,\"height\":632,\"caption\":\"ManureFetish.com\"},\"image\":{\"@id\":\"https:\/\/de.manurefetish.com\/#\/schema\/logo\/image\/\"},\"sameAs\":[\"https:\/\/www.facebook.com\/manurefetish\/\",\"https:\/\/x.com\/Manurefetisch\",\"https:\/\/www.youtube.com\/c\/ManureFetish\"],\"description\":\"We're creating various fetish content with female and male models alike.\",\"foundingDate\":\"2019-07-04\",\"vatID\":\"DE366928521\",\"numberOfEmployees\":{\"@type\":\"QuantitativeValue\",\"minValue\":\"1\",\"maxValue\":\"10\"}}]}<\/script>\n<meta property=\"og:availability\" content=\"instock\" \/>\n<meta property=\"product:availability\" content=\"instock\" \/>\n<meta property=\"product:retailer_item_id\" content=\"MFW-LYNN-WL\" \/>\n<meta property=\"product:condition\" content=\"new\" \/>\n<!-- \/ Yoast SEO Premium plugin. -->","yoast_head_json":{"title":"Lyndra Lynn - Vueltas Mojadas - ManureFetish -","description":"Lyndra Lynn - Wet Laps, ella moja sus leggins y se mea en su short, despu\u00e9s \u00e9l se la folla en sus dos apretados agujeros h\u00famedos.","robots":{"index":"index","follow":"follow","max-snippet":"max-snippet:-1","max-image-preview":"max-image-preview:large","max-video-preview":"max-video-preview:-1"},"canonical":"https:\/\/manurefetish.com\/es\/shop\/videos\/lyndra-lynn-wet-laps\/","twitter_card":"summary_large_image","twitter_title":"Lyndra Lynn - Wet Laps - ManureFetish -","twitter_description":"Lyndra Lynn - Wet Laps, she wetting her leggins and peeing on his short, after that he fucks her in both of her tight wet holes.","twitter_image":"https:\/\/manurefetish.b-cdn.net\/wp-content\/uploads\/2023\/04\/Wet-Laps.jpg","twitter_site":"@Manurefetisch","schema":{"@context":"https:\/\/schema.org","@graph":[{"@type":"WebPage","@id":"https:\/\/manurefetish.com\/shop\/videos\/lyndra-lynn-wet-laps\/","url":"https:\/\/manurefetish.com\/shop\/videos\/lyndra-lynn-wet-laps\/","name":"Lyndra Lynn - Vueltas Mojadas - ManureFetish -","isPartOf":{"@id":"https:\/\/de.manurefetish.com\/#website"},"primaryImageOfPage":{"@id":"https:\/\/manurefetish.com\/shop\/videos\/lyndra-lynn-wet-laps\/#primaryimage"},"image":{"@id":"https:\/\/manurefetish.com\/shop\/videos\/lyndra-lynn-wet-laps\/#primaryimage"},"thumbnailUrl":"https:\/\/manurefetish.b-cdn.net\/wp-content\/uploads\/2023\/04\/Wet-Laps.jpg","datePublished":"2023-04-26T14:52:03+00:00","dateModified":"2026-03-24T14:33:47+00:00","description":"Lyndra Lynn - Wet Laps, ella moja sus leggins y se mea en su short, despu\u00e9s \u00e9l se la folla en sus dos apretados agujeros h\u00famedos.","breadcrumb":{"@id":"https:\/\/manurefetish.com\/shop\/videos\/lyndra-lynn-wet-laps\/#breadcrumb"},"inLanguage":"es","potentialAction":[{"@type":"ReadAction","target":["https:\/\/manurefetish.com\/shop\/videos\/lyndra-lynn-wet-laps\/"]}]},{"@type":"ImageObject","inLanguage":"es","@id":"https:\/\/manurefetish.com\/shop\/videos\/lyndra-lynn-wet-laps\/#primaryimage","url":"https:\/\/manurefetish.b-cdn.net\/wp-content\/uploads\/2023\/04\/Wet-Laps.jpg","contentUrl":"https:\/\/manurefetish.b-cdn.net\/wp-content\/uploads\/2023\/04\/Wet-Laps.jpg","width":1728,"height":576},{"@type":"BreadcrumbList","@id":"https:\/\/manurefetish.com\/shop\/videos\/lyndra-lynn-wet-laps\/#breadcrumb","itemListElement":[{"@type":"ListItem","position":1,"name":"Home","item":"https:\/\/manurefetish.com\/"},{"@type":"ListItem","position":2,"name":"Shop","item":"https:\/\/manurefetish.com\/shop\/"},{"@type":"ListItem","position":3,"name":"Videos","item":"https:\/\/manurefetish.com\/product-category\/videos\/"},{"@type":"ListItem","position":4,"name":"Lyndra Lynn &#8211; Wet Laps"}]},{"@type":"WebSite","@id":"https:\/\/de.manurefetish.com\/#website","url":"https:\/\/de.manurefetish.com\/","name":"ManureFetish","description":"ManureFetish","publisher":{"@id":"https:\/\/de.manurefetish.com\/#organization"},"potentialAction":[{"@type":"SearchAction","target":{"@type":"EntryPoint","urlTemplate":"https:\/\/de.manurefetish.com\/?s={search_term_string}"},"query-input":{"@type":"PropertyValueSpecification","valueRequired":true,"valueName":"search_term_string"}}],"inLanguage":"es"},{"@type":"Organization","@id":"https:\/\/de.manurefetish.com\/#organization","name":"ManureFetish.com","url":"https:\/\/de.manurefetish.com\/","logo":{"@type":"ImageObject","inLanguage":"es","@id":"https:\/\/de.manurefetish.com\/#\/schema\/logo\/image\/","url":"https:\/\/manurefetish.com\/wp-content\/uploads\/2019\/06\/1000xmanurefetishcom-michaela-logo-website-shop.png","contentUrl":"https:\/\/manurefetish.com\/wp-content\/uploads\/2019\/06\/1000xmanurefetishcom-michaela-logo-website-shop.png","width":1000,"height":632,"caption":"ManureFetish.com"},"image":{"@id":"https:\/\/de.manurefetish.com\/#\/schema\/logo\/image\/"},"sameAs":["https:\/\/www.facebook.com\/manurefetish\/","https:\/\/x.com\/Manurefetisch","https:\/\/www.youtube.com\/c\/ManureFetish"],"description":"Estamos creando diversos contenidos fetichistas con modelos femeninos y masculinos por igual.","foundingDate":"2019-07-04","vatID":"DE366928521","numberOfEmployees":{"@type":"QuantitativeValue","minValue":"1","maxValue":"10"}}]},"og_availability":"instock","product_availability":"instock","product_retailer_item_id":"MFW-LYNN-WL","product_condition":"new"},"_links":{"self":[{"href":"https:\/\/manurefetish.com\/es\/wp-json\/wp\/v2\/product\/96791","targetHints":{"allow":["GET"]}}],"collection":[{"href":"https:\/\/manurefetish.com\/es\/wp-json\/wp\/v2\/product"}],"about":[{"href":"https:\/\/manurefetish.com\/es\/wp-json\/wp\/v2\/types\/product"}],"replies":[{"embeddable":true,"href":"https:\/\/manurefetish.com\/es\/wp-json\/wp\/v2\/comments?post=96791"}],"version-history":[{"count":0,"href":"https:\/\/manurefetish.com\/es\/wp-json\/wp\/v2\/product\/96791\/revisions"}],"wp:featuredmedia":[{"embeddable":true,"href":"https:\/\/manurefetish.com\/es\/wp-json\/wp\/v2\/media\/199080"}],"wp:attachment":[{"href":"https:\/\/manurefetish.com\/es\/wp-json\/wp\/v2\/media?parent=96791"}],"wp:term":[{"taxonomy":"product_brand","embeddable":true,"href":"https:\/\/manurefetish.com\/es\/wp-json\/wp\/v2\/product_brand?post=96791"},{"taxonomy":"product_cat","embeddable":true,"href":"https:\/\/manurefetish.com\/es\/wp-json\/wp\/v2\/product_cat?post=96791"},{"taxonomy":"product_tag","embeddable":true,"href":"https:\/\/manurefetish.com\/es\/wp-json\/wp\/v2\/product_tag?post=96791"}],"curies":[{"name":"wp","href":"https:\/\/api.w.org\/{rel}","templated":true}]}}