{"id":80331,"date":"2022-11-24T15:29:44","date_gmt":"2022-11-24T14:29:44","guid":{"rendered":"https:\/\/manurefetish.com\/?post_type=product&#038;p=80331"},"modified":"2026-03-24T15:35:42","modified_gmt":"2026-03-24T14:35:42","slug":"red-riding-hood-in-forest-mud","status":"publish","type":"product","link":"https:\/\/manurefetish.com\/es\/shop\/videos\/red-riding-hood-in-forest-mud\/","title":{"rendered":"Caperucita Roja en el barro del bosque"},"content":{"rendered":"<p><span style=\"font-weight: 400;\">Caminaba por el bosque hasta que encontr\u00e9 un lugar muy fangoso en el bosque. Toda la zona era pantanosa. No pod\u00eda esperar m\u00e1s, as\u00ed que di mi primer paso en el cremoso lodazal.<\/span><\/p>\n<p><span style=\"font-weight: 400;\">Ahora es el momento de ensuciar por completo mi cosplay de Caperucita Roja y a m\u00ed. Empiezo embadurnando mi cosplay poco a poco. Saco mis tetas y las cubro con el barro pegajoso embadurn\u00e1ndolas cuidadosamente, lo que me pone muy cachonda. Contin\u00fao desnud\u00e1ndome y cubriendo todo mi cuerpo con el agradable barro. Empiezo a masturbarme, primero con los dedos y despu\u00e9s con mi varita m\u00e1gica, hasta que consigo un orgasmo incre\u00edble.<\/span><\/p>","protected":false},"excerpt":{"rendered":"<p>I was walking around through the forest till I found a really muddy spot in the forest. The whole area there was swampy. I couldn\u2019t wait any longer so I took my first step in the creamy mess. Now it\u2019s time to get my Red Riding Hood cosplay and me completely dirty. I start with [&hellip;]<\/p>\n","protected":false},"featured_media":199041,"comment_status":"open","ping_status":"closed","template":"","meta":{"_acf_changed":false,"site-sidebar-layout":"default","site-content-layout":"","ast-site-content-layout":"default","site-content-style":"default","site-sidebar-style":"default","ast-global-header-display":"","ast-banner-title-visibility":"","ast-main-header-display":"","ast-hfb-above-header-display":"","ast-hfb-below-header-display":"","ast-hfb-mobile-header-display":"","site-post-title":"","ast-breadcrumbs-content":"","ast-featured-img":"","footer-sml-layout":"","ast-disable-related-posts":"","theme-transparent-header-meta":"default","adv-header-id-meta":"","stick-header-meta":"","header-above-stick-meta":"","header-main-stick-meta":"","header-below-stick-meta":"","astra-migrate-meta-layouts":"set","ast-page-background-enabled":"default","ast-page-background-meta":{"desktop":{"background-color":"var(--ast-global-color-4)","background-image":"","background-repeat":"repeat","background-position":"center center","background-size":"auto","background-attachment":"scroll","background-type":"","background-media":"","overlay-type":"","overlay-color":"","overlay-opacity":"","overlay-gradient":""},"tablet":{"background-color":"","background-image":"","background-repeat":"repeat","background-position":"center center","background-size":"auto","background-attachment":"scroll","background-type":"","background-media":"","overlay-type":"","overlay-color":"","overlay-opacity":"","overlay-gradient":""},"mobile":{"background-color":"","background-image":"","background-repeat":"repeat","background-position":"center center","background-size":"auto","background-attachment":"scroll","background-type":"","background-media":"","overlay-type":"","overlay-color":"","overlay-opacity":"","overlay-gradient":""}},"ast-content-background-meta":{"desktop":{"background-color":"var(--ast-global-color-5)","background-image":"","background-repeat":"repeat","background-position":"center center","background-size":"auto","background-attachment":"scroll","background-type":"","background-media":"","overlay-type":"","overlay-color":"","overlay-opacity":"","overlay-gradient":""},"tablet":{"background-color":"var(--ast-global-color-5)","background-image":"","background-repeat":"repeat","background-position":"center center","background-size":"auto","background-attachment":"scroll","background-type":"","background-media":"","overlay-type":"","overlay-color":"","overlay-opacity":"","overlay-gradient":""},"mobile":{"background-color":"var(--ast-global-color-5)","background-image":"","background-repeat":"repeat","background-position":"center center","background-size":"auto","background-attachment":"scroll","background-type":"","background-media":"","overlay-type":"","overlay-color":"","overlay-opacity":"","overlay-gradient":""}}},"product_brand":[],"product_cat":[4470],"product_tag":[17,317,2555,318,2842,2558,3285,316,64,3030,3284,3739,54,2419,2841,2836,65,35,360,2871,32,3738,3408,3740,3332,2832,3286,319,3233,1069],"class_list":{"0":"post-80331","1":"product","2":"type-product","3":"status-publish","4":"has-post-thumbnail","6":"product_cat-videos","7":"product_tag-anal","8":"product_tag-asshole","9":"product_tag-blowjob","10":"product_tag-boobs","11":"product_tag-cosplay","12":"product_tag-cowgirl","13":"product_tag-cream","14":"product_tag-cunt","15":"product_tag-dildo","16":"product_tag-download","17":"product_tag-fluff","18":"product_tag-forest","19":"product_tag-full-covered","20":"product_tag-full-hd","21":"product_tag-lyndra-lynn","22":"product_tag-mud","23":"product_tag-naked","24":"product_tag-orgasm","25":"product_tag-outdoor","26":"product_tag-pov","27":"product_tag-pussy","28":"product_tag-red-riding-hood","29":"product_tag-season-3","30":"product_tag-sinking","31":"product_tag-slime","32":"product_tag-smearing","33":"product_tag-sticky","34":"product_tag-tits","35":"product_tag-waifu","36":"product_tag-wam","37":"pa_audio-info-stereo","38":"pa_format-mp4","39":"pa_length-20-minutes","40":"pa_product-type-digital-download-video","41":"pa_product-type-usb-stick","42":"pa_size-fhd-2-30-gb","43":"pa_video-info-full-hd-1920x1080p","44":"desktop-align-center","45":"tablet-align-left","46":"mobile-align-left","48":"first","49":"instock","50":"shipping-taxable","51":"purchasable","52":"product-type-variable","53":"has-default-attributes"},"exclude_global_add_ons":[],"addons":[],"acf":[],"yoast_head":"<!-- This site is optimized with the Yoast SEO Premium plugin v27.1 (Yoast SEO v27.1.1) - https:\/\/yoast.com\/product\/yoast-seo-premium-wordpress\/ -->\n<title>Red Riding Hood in Forest Mud - ManureFetish - Filthy orgasm<\/title>\n<meta name=\"description\" content=\"Red Riding Hood in Forest Mud, she is walking through the forest when she sunk in the mud. Now she&#039;s in trouble but somehow gets turned on by it\" \/>\n<meta name=\"robots\" content=\"index, follow, max-snippet:-1, max-image-preview:large, max-video-preview:-1\" \/>\n<link rel=\"canonical\" href=\"https:\/\/manurefetish.com\/es\/shop\/videos\/red-riding-hood-in-forest-mud\/\" \/>\n<meta property=\"og:locale\" content=\"es_ES\" \/>\n<meta property=\"og:type\" content=\"article\" \/>\n<meta property=\"og:title\" content=\"Red Riding Hood in Forest Mud\" \/>\n<meta property=\"og:description\" content=\"Red Riding Hood in Forest Mud, she is walking through the forest when she sunk in the mud. Now she&#039;s in trouble but somehow gets turned on by it\" \/>\n<meta property=\"og:url\" content=\"https:\/\/manurefetish.com\/es\/shop\/videos\/red-riding-hood-in-forest-mud\/\" \/>\n<meta property=\"og:site_name\" content=\"ManureFetish\" \/>\n<meta property=\"article:publisher\" content=\"https:\/\/www.facebook.com\/manurefetish\/\" \/>\n<meta property=\"article:modified_time\" content=\"2026-03-24T14:35:42+00:00\" \/>\n<meta property=\"og:image\" content=\"https:\/\/manurefetish.com\/wp-content\/uploads\/2022\/11\/Red-Riding-Hood-Forest-Mud.jpg\" \/>\n\t<meta property=\"og:image:width\" content=\"1728\" \/>\n\t<meta property=\"og:image:height\" content=\"576\" \/>\n\t<meta property=\"og:image:type\" content=\"image\/jpeg\" \/>\n<meta name=\"twitter:card\" content=\"summary_large_image\" \/>\n<meta name=\"twitter:site\" content=\"@Manurefetisch\" \/>\n<script type=\"application\/ld+json\" class=\"yoast-schema-graph\">{\"@context\":\"https:\/\/schema.org\",\"@graph\":[{\"@type\":\"WebPage\",\"@id\":\"https:\/\/manurefetish.com\/shop\/videos\/red-riding-hood-in-forest-mud\/\",\"url\":\"https:\/\/manurefetish.com\/shop\/videos\/red-riding-hood-in-forest-mud\/\",\"name\":\"Red Riding Hood in Forest Mud - ManureFetish - Filthy orgasm\",\"isPartOf\":{\"@id\":\"https:\/\/manurefetish.com\/#website\"},\"primaryImageOfPage\":{\"@id\":\"https:\/\/manurefetish.com\/shop\/videos\/red-riding-hood-in-forest-mud\/#primaryimage\"},\"image\":{\"@id\":\"https:\/\/manurefetish.com\/shop\/videos\/red-riding-hood-in-forest-mud\/#primaryimage\"},\"thumbnailUrl\":\"https:\/\/manurefetish.b-cdn.net\/wp-content\/uploads\/2022\/11\/Red-Riding-Hood-Forest-Mud.jpg\",\"datePublished\":\"2022-11-24T14:29:44+00:00\",\"dateModified\":\"2026-03-24T14:35:42+00:00\",\"description\":\"Red Riding Hood in Forest Mud, she is walking through the forest when she sunk in the mud. Now she's in trouble but somehow gets turned on by it\",\"breadcrumb\":{\"@id\":\"https:\/\/manurefetish.com\/shop\/videos\/red-riding-hood-in-forest-mud\/#breadcrumb\"},\"inLanguage\":\"es\",\"potentialAction\":[{\"@type\":\"ReadAction\",\"target\":[\"https:\/\/manurefetish.com\/shop\/videos\/red-riding-hood-in-forest-mud\/\"]}]},{\"@type\":\"ImageObject\",\"inLanguage\":\"es\",\"@id\":\"https:\/\/manurefetish.com\/shop\/videos\/red-riding-hood-in-forest-mud\/#primaryimage\",\"url\":\"https:\/\/manurefetish.b-cdn.net\/wp-content\/uploads\/2022\/11\/Red-Riding-Hood-Forest-Mud.jpg\",\"contentUrl\":\"https:\/\/manurefetish.b-cdn.net\/wp-content\/uploads\/2022\/11\/Red-Riding-Hood-Forest-Mud.jpg\",\"width\":1728,\"height\":576},{\"@type\":\"BreadcrumbList\",\"@id\":\"https:\/\/manurefetish.com\/shop\/videos\/red-riding-hood-in-forest-mud\/#breadcrumb\",\"itemListElement\":[{\"@type\":\"ListItem\",\"position\":1,\"name\":\"Home\",\"item\":\"https:\/\/manurefetish.com\/\"},{\"@type\":\"ListItem\",\"position\":2,\"name\":\"Shop\",\"item\":\"https:\/\/manurefetish.com\/shop\/\"},{\"@type\":\"ListItem\",\"position\":3,\"name\":\"Videos\",\"item\":\"https:\/\/manurefetish.com\/product-category\/videos\/\"},{\"@type\":\"ListItem\",\"position\":4,\"name\":\"Red Riding Hood in Forest Mud\"}]},{\"@type\":\"WebSite\",\"@id\":\"https:\/\/manurefetish.com\/#website\",\"url\":\"https:\/\/manurefetish.com\/\",\"name\":\"ManureFetish\",\"description\":\"ManureFetish Shop\",\"publisher\":{\"@id\":\"https:\/\/manurefetish.com\/#organization\"},\"potentialAction\":[{\"@type\":\"SearchAction\",\"target\":{\"@type\":\"EntryPoint\",\"urlTemplate\":\"https:\/\/manurefetish.com\/?s={search_term_string}\"},\"query-input\":{\"@type\":\"PropertyValueSpecification\",\"valueRequired\":true,\"valueName\":\"search_term_string\"}}],\"inLanguage\":\"es\"},{\"@type\":\"Organization\",\"@id\":\"https:\/\/manurefetish.com\/#organization\",\"name\":\"ManureFetish.com\",\"url\":\"https:\/\/manurefetish.com\/\",\"logo\":{\"@type\":\"ImageObject\",\"inLanguage\":\"es\",\"@id\":\"https:\/\/manurefetish.com\/#\/schema\/logo\/image\/\",\"url\":\"https:\/\/manurefetish.com\/wp-content\/uploads\/2019\/06\/1000xmanurefetishcom-michaela-logo-website-shop.png\",\"contentUrl\":\"https:\/\/manurefetish.com\/wp-content\/uploads\/2019\/06\/1000xmanurefetishcom-michaela-logo-website-shop.png\",\"width\":1000,\"height\":632,\"caption\":\"ManureFetish.com\"},\"image\":{\"@id\":\"https:\/\/manurefetish.com\/#\/schema\/logo\/image\/\"},\"sameAs\":[\"https:\/\/www.facebook.com\/manurefetish\/\",\"https:\/\/x.com\/Manurefetisch\",\"https:\/\/www.youtube.com\/c\/ManureFetish\"],\"description\":\"We're creating various fetish content with female and male models alike.\",\"foundingDate\":\"2019-07-04\",\"vatID\":\"DE366928521\",\"numberOfEmployees\":{\"@type\":\"QuantitativeValue\",\"minValue\":\"1\",\"maxValue\":\"10\"}}]}<\/script>\n<meta property=\"og:availability\" content=\"instock\" \/>\n<meta property=\"product:availability\" content=\"instock\" \/>\n<meta property=\"product:retailer_item_id\" content=\"MFW-LYNN-RRHIFM\" \/>\n<meta property=\"product:condition\" content=\"new\" \/>\n<!-- \/ Yoast SEO Premium plugin. -->","yoast_head_json":{"title":"Caperucita Roja en el barro del bosque - ManureFetish - Orgasmo asqueroso","description":"Caperucita Roja en el Barro del Bosque, est\u00e1 paseando por el bosque cuando se hundi\u00f3 en el barro. Ahora est\u00e1 en apuros, pero de alg\u00fan modo le excita","robots":{"index":"index","follow":"follow","max-snippet":"max-snippet:-1","max-image-preview":"max-image-preview:large","max-video-preview":"max-video-preview:-1"},"canonical":"https:\/\/manurefetish.com\/es\/shop\/videos\/red-riding-hood-in-forest-mud\/","og_locale":"es_ES","og_type":"article","og_title":"Red Riding Hood in Forest Mud","og_description":"Red Riding Hood in Forest Mud, she is walking through the forest when she sunk in the mud. Now she's in trouble but somehow gets turned on by it","og_url":"https:\/\/manurefetish.com\/es\/shop\/videos\/red-riding-hood-in-forest-mud\/","og_site_name":"ManureFetish","article_publisher":"https:\/\/www.facebook.com\/manurefetish\/","article_modified_time":"2026-03-24T14:35:42+00:00","og_image":[{"width":1728,"height":576,"url":"https:\/\/manurefetish.com\/wp-content\/uploads\/2022\/11\/Red-Riding-Hood-Forest-Mud.jpg","type":"image\/jpeg"}],"twitter_card":"summary_large_image","twitter_site":"@Manurefetisch","schema":{"@context":"https:\/\/schema.org","@graph":[{"@type":"WebPage","@id":"https:\/\/manurefetish.com\/shop\/videos\/red-riding-hood-in-forest-mud\/","url":"https:\/\/manurefetish.com\/shop\/videos\/red-riding-hood-in-forest-mud\/","name":"Caperucita Roja en el barro del bosque - ManureFetish - Orgasmo asqueroso","isPartOf":{"@id":"https:\/\/manurefetish.com\/#website"},"primaryImageOfPage":{"@id":"https:\/\/manurefetish.com\/shop\/videos\/red-riding-hood-in-forest-mud\/#primaryimage"},"image":{"@id":"https:\/\/manurefetish.com\/shop\/videos\/red-riding-hood-in-forest-mud\/#primaryimage"},"thumbnailUrl":"https:\/\/manurefetish.b-cdn.net\/wp-content\/uploads\/2022\/11\/Red-Riding-Hood-Forest-Mud.jpg","datePublished":"2022-11-24T14:29:44+00:00","dateModified":"2026-03-24T14:35:42+00:00","description":"Caperucita Roja en el Barro del Bosque, est\u00e1 paseando por el bosque cuando se hundi\u00f3 en el barro. Ahora est\u00e1 en apuros, pero de alg\u00fan modo le excita","breadcrumb":{"@id":"https:\/\/manurefetish.com\/shop\/videos\/red-riding-hood-in-forest-mud\/#breadcrumb"},"inLanguage":"es","potentialAction":[{"@type":"ReadAction","target":["https:\/\/manurefetish.com\/shop\/videos\/red-riding-hood-in-forest-mud\/"]}]},{"@type":"ImageObject","inLanguage":"es","@id":"https:\/\/manurefetish.com\/shop\/videos\/red-riding-hood-in-forest-mud\/#primaryimage","url":"https:\/\/manurefetish.b-cdn.net\/wp-content\/uploads\/2022\/11\/Red-Riding-Hood-Forest-Mud.jpg","contentUrl":"https:\/\/manurefetish.b-cdn.net\/wp-content\/uploads\/2022\/11\/Red-Riding-Hood-Forest-Mud.jpg","width":1728,"height":576},{"@type":"BreadcrumbList","@id":"https:\/\/manurefetish.com\/shop\/videos\/red-riding-hood-in-forest-mud\/#breadcrumb","itemListElement":[{"@type":"ListItem","position":1,"name":"Home","item":"https:\/\/manurefetish.com\/"},{"@type":"ListItem","position":2,"name":"Shop","item":"https:\/\/manurefetish.com\/shop\/"},{"@type":"ListItem","position":3,"name":"Videos","item":"https:\/\/manurefetish.com\/product-category\/videos\/"},{"@type":"ListItem","position":4,"name":"Red Riding Hood in Forest Mud"}]},{"@type":"WebSite","@id":"https:\/\/manurefetish.com\/#website","url":"https:\/\/manurefetish.com\/","name":"ManureFetish","description":"ManureFetish","publisher":{"@id":"https:\/\/manurefetish.com\/#organization"},"potentialAction":[{"@type":"SearchAction","target":{"@type":"EntryPoint","urlTemplate":"https:\/\/manurefetish.com\/?s={search_term_string}"},"query-input":{"@type":"PropertyValueSpecification","valueRequired":true,"valueName":"search_term_string"}}],"inLanguage":"es"},{"@type":"Organization","@id":"https:\/\/manurefetish.com\/#organization","name":"ManureFetish.com","url":"https:\/\/manurefetish.com\/","logo":{"@type":"ImageObject","inLanguage":"es","@id":"https:\/\/manurefetish.com\/#\/schema\/logo\/image\/","url":"https:\/\/manurefetish.com\/wp-content\/uploads\/2019\/06\/1000xmanurefetishcom-michaela-logo-website-shop.png","contentUrl":"https:\/\/manurefetish.com\/wp-content\/uploads\/2019\/06\/1000xmanurefetishcom-michaela-logo-website-shop.png","width":1000,"height":632,"caption":"ManureFetish.com"},"image":{"@id":"https:\/\/manurefetish.com\/#\/schema\/logo\/image\/"},"sameAs":["https:\/\/www.facebook.com\/manurefetish\/","https:\/\/x.com\/Manurefetisch","https:\/\/www.youtube.com\/c\/ManureFetish"],"description":"Estamos creando diversos contenidos fetichistas con modelos femeninos y masculinos por igual.","foundingDate":"2019-07-04","vatID":"DE366928521","numberOfEmployees":{"@type":"QuantitativeValue","minValue":"1","maxValue":"10"}}]},"og_availability":"instock","product_availability":"instock","product_retailer_item_id":"MFW-LYNN-RRHIFM","product_condition":"new"},"_links":{"self":[{"href":"https:\/\/manurefetish.com\/es\/wp-json\/wp\/v2\/product\/80331","targetHints":{"allow":["GET"]}}],"collection":[{"href":"https:\/\/manurefetish.com\/es\/wp-json\/wp\/v2\/product"}],"about":[{"href":"https:\/\/manurefetish.com\/es\/wp-json\/wp\/v2\/types\/product"}],"replies":[{"embeddable":true,"href":"https:\/\/manurefetish.com\/es\/wp-json\/wp\/v2\/comments?post=80331"}],"version-history":[{"count":0,"href":"https:\/\/manurefetish.com\/es\/wp-json\/wp\/v2\/product\/80331\/revisions"}],"wp:featuredmedia":[{"embeddable":true,"href":"https:\/\/manurefetish.com\/es\/wp-json\/wp\/v2\/media\/199041"}],"wp:attachment":[{"href":"https:\/\/manurefetish.com\/es\/wp-json\/wp\/v2\/media?parent=80331"}],"wp:term":[{"taxonomy":"product_brand","embeddable":true,"href":"https:\/\/manurefetish.com\/es\/wp-json\/wp\/v2\/product_brand?post=80331"},{"taxonomy":"product_cat","embeddable":true,"href":"https:\/\/manurefetish.com\/es\/wp-json\/wp\/v2\/product_cat?post=80331"},{"taxonomy":"product_tag","embeddable":true,"href":"https:\/\/manurefetish.com\/es\/wp-json\/wp\/v2\/product_tag?post=80331"}],"curies":[{"name":"wp","href":"https:\/\/api.w.org\/{rel}","templated":true}]}}