{"id":77783,"date":"2023-02-13T13:00:59","date_gmt":"2023-02-13T12:00:59","guid":{"rendered":"https:\/\/manurefetish.com\/?post_type=product&#038;p=77783"},"modified":"2026-03-24T15:35:10","modified_gmt":"2026-03-24T14:35:10","slug":"lyndra-lynns-manure-pool","status":"publish","type":"product","link":"https:\/\/manurefetish.com\/es\/shop\/videos\/lyndra-lynns-manure-pool\/","title":{"rendered":"Lyndra Lynn&#8217;s Manure Pool"},"content":{"rendered":"<p><span style=\"font-weight: 400;\">Lyndra Lynn siempre quiso una piscina de esti\u00e9rcol. Ahora, con la gran fosa de esti\u00e9rcol, la tiene. Ya est\u00e1 en la fosa de esti\u00e9rcol con su flamenco hinchable, nadando y jugueteando en el cremoso esti\u00e9rcol de vaca. Lleva all\u00ed un rato y le entran ganas de mear, se aparta el bikini y empieza a mear. Ahora est\u00e1 lista para divertirse de verdad. Se desliza hasta el esti\u00e9rcol y empieza a cubrirse el cuerpo con \u00e9l. Luego empuja su flamenco hasta la tuber\u00eda que conecta el pozo de esti\u00e9rcol con el establo. Se sube a su flamenco para poder alcanzar la tuber\u00eda y coger esti\u00e9rcol fresco de vaca procedente del establo. Lo utiliza para cubrirse el culo y untar un poco de esti\u00e9rcol en su hermoso co\u00f1o. Ahora se tumba boca arriba para empezar a masturbarse hasta alcanzar su primer orgasmo incre\u00edble. Luego se tumba de lado y empieza a meterse los dedos en el culo para prepararlo para el consolador de doble cara. Despu\u00e9s de follarse el culo con el consolador, necesita refrescarse un poco, as\u00ed que salta a la cremosa masa para nadar un poco en ella. Se divierte claramente estando totalmente cubierta de esti\u00e9rcol de vaca. Luego vuelve a subirse a su flamingo para masturbarse de nuevo al estilo perrito, y despu\u00e9s vuelve a ponerse de lado para follarse el culo con los dedos. Tras su orgasmo final, salta de nuevo al esti\u00e9rcol de vaca para volver a nadar.<\/span><\/p>","protected":false},"excerpt":{"rendered":"<p>Lyndra Lynn always wanted a manure pool. Now with the large manure pit she got it. She\u2019s already in the manure pit with her inflatable flamingo, swimming and playing around in the creamy cow dung. She\u2019s been there for some time and with that the urge to pee comes, she pushes her bikini aside and [&hellip;]<\/p>\n","protected":false},"featured_media":199034,"comment_status":"open","ping_status":"closed","template":"","meta":{"_acf_changed":false,"site-sidebar-layout":"default","site-content-layout":"","ast-site-content-layout":"default","site-content-style":"default","site-sidebar-style":"default","ast-global-header-display":"","ast-banner-title-visibility":"","ast-main-header-display":"","ast-hfb-above-header-display":"","ast-hfb-below-header-display":"","ast-hfb-mobile-header-display":"","site-post-title":"","ast-breadcrumbs-content":"","ast-featured-img":"","footer-sml-layout":"","ast-disable-related-posts":"","theme-transparent-header-meta":"default","adv-header-id-meta":"","stick-header-meta":"","header-above-stick-meta":"","header-main-stick-meta":"","header-below-stick-meta":"","astra-migrate-meta-layouts":"set","ast-page-background-enabled":"default","ast-page-background-meta":{"desktop":{"background-color":"var(--ast-global-color-4)","background-image":"","background-repeat":"repeat","background-position":"center center","background-size":"auto","background-attachment":"scroll","background-type":"","background-media":"","overlay-type":"","overlay-color":"","overlay-opacity":"","overlay-gradient":""},"tablet":{"background-color":"","background-image":"","background-repeat":"repeat","background-position":"center center","background-size":"auto","background-attachment":"scroll","background-type":"","background-media":"","overlay-type":"","overlay-color":"","overlay-opacity":"","overlay-gradient":""},"mobile":{"background-color":"","background-image":"","background-repeat":"repeat","background-position":"center center","background-size":"auto","background-attachment":"scroll","background-type":"","background-media":"","overlay-type":"","overlay-color":"","overlay-opacity":"","overlay-gradient":""}},"ast-content-background-meta":{"desktop":{"background-color":"var(--ast-global-color-5)","background-image":"","background-repeat":"repeat","background-position":"center center","background-size":"auto","background-attachment":"scroll","background-type":"","background-media":"","overlay-type":"","overlay-color":"","overlay-opacity":"","overlay-gradient":""},"tablet":{"background-color":"var(--ast-global-color-5)","background-image":"","background-repeat":"repeat","background-position":"center center","background-size":"auto","background-attachment":"scroll","background-type":"","background-media":"","overlay-type":"","overlay-color":"","overlay-opacity":"","overlay-gradient":""},"mobile":{"background-color":"var(--ast-global-color-5)","background-image":"","background-repeat":"repeat","background-position":"center center","background-size":"auto","background-attachment":"scroll","background-type":"","background-media":"","overlay-type":"","overlay-color":"","overlay-opacity":"","overlay-gradient":""}}},"product_brand":[],"product_cat":[4470],"product_tag":[17,317,2395,318,2508,2631,2281,2621,118,316,64,2557,3030,56,2624,3456,3457,320,3663,54,2419,2841,18,52,51,3174,65,35,360,2637,2971,2482,2506,3560,3665,32,3408,4482,3562,3566,2832,29,3664,2363,319,2368],"class_list":{"0":"post-77783","1":"product","2":"type-product","3":"status-publish","4":"has-post-thumbnail","6":"product_cat-videos","7":"product_tag-anal","8":"product_tag-asshole","9":"product_tag-bikini","10":"product_tag-boobs","11":"product_tag-clothes","12":"product_tag-completely-covered","13":"product_tag-completely-submerged","14":"product_tag-cow-dung","15":"product_tag-cowshed","16":"product_tag-cunt","17":"product_tag-dildo","18":"product_tag-doggy-style","19":"product_tag-download","20":"product_tag-erotic","21":"product_tag-farm","22":"product_tag-fart","23":"product_tag-farting","24":"product_tag-feet","25":"product_tag-flamingo","26":"product_tag-full-covered","27":"product_tag-full-hd","28":"product_tag-lyndra-lynn","29":"product_tag-manure","30":"product_tag-manure-channel","31":"product_tag-manure-pit","32":"product_tag-missionary","33":"product_tag-naked","34":"product_tag-orgasm","35":"product_tag-outdoor","36":"product_tag-panty","37":"product_tag-pee","38":"product_tag-peeing","39":"product_tag-pink","40":"product_tag-pit","41":"product_tag-pool","42":"product_tag-pussy","43":"product_tag-season-3","44":"product_tag-sex-in-cowshit","45":"product_tag-sexy","46":"product_tag-slurry-pit","47":"product_tag-smearing","48":"product_tag-submerging","49":"product_tag-swim","50":"product_tag-swimming","51":"product_tag-tits","52":"product_tag-ultra-hd","53":"pa_audio-info-stereo","54":"pa_format-mp4","55":"pa_length-37-minutes","56":"pa_product-type-digital-download-full-hd-video","57":"pa_product-type-digital-download-ultra-hd-video","58":"pa_product-type-usb-stick","59":"pa_size-fhd-8-29-gb","60":"pa_size-uhd-12-4-gb","61":"pa_video-info-full-hd-1920x1080p","62":"pa_video-info-ultra-hd-4k","63":"desktop-align-center","64":"tablet-align-left","65":"mobile-align-left","67":"first","68":"instock","69":"shipping-taxable","70":"purchasable","71":"product-type-variable","72":"has-default-attributes"},"exclude_global_add_ons":[],"addons":[],"acf":[],"yoast_head":"<!-- This site is optimized with the Yoast SEO Premium plugin v27.1 (Yoast SEO v27.1.1) - https:\/\/yoast.com\/product\/yoast-seo-premium-wordpress\/ -->\n<title>Lyndra Lynn&#039;s Manure Pool - ManureFetish<\/title>\n<meta name=\"description\" content=\"Lyndra Lynn&#039;s Manure Pool, she is swimming around in a manure pit full of cowshit, she also likes to masturbate with the creamy slurry.\" \/>\n<meta name=\"robots\" content=\"index, follow, max-snippet:-1, max-image-preview:large, max-video-preview:-1\" \/>\n<link rel=\"canonical\" href=\"https:\/\/manurefetish.com\/es\/shop\/videos\/lyndra-lynns-manure-pool\/\" \/>\n<meta property=\"og:locale\" content=\"es_ES\" \/>\n<meta property=\"og:type\" content=\"article\" \/>\n<meta property=\"og:title\" content=\"Lyndra Lynn&#039;s Manure Pool\" \/>\n<meta property=\"og:description\" content=\"Lyndra Lynn&#039;s Manure Pool, she is swimming around in a manure pit full of cowshit, she also likes to masturbate with the creamy slurry.\" \/>\n<meta property=\"og:url\" content=\"https:\/\/manurefetish.com\/es\/shop\/videos\/lyndra-lynns-manure-pool\/\" \/>\n<meta property=\"og:site_name\" content=\"ManureFetish\" \/>\n<meta property=\"article:publisher\" content=\"https:\/\/www.facebook.com\/manurefetish\/\" \/>\n<meta property=\"article:modified_time\" content=\"2026-03-24T14:35:10+00:00\" \/>\n<meta property=\"og:image\" content=\"https:\/\/manurefetish.com\/wp-content\/uploads\/2023\/02\/Lyndra-Lynn-Manure-Pool.jpg\" \/>\n\t<meta property=\"og:image:width\" content=\"1728\" \/>\n\t<meta property=\"og:image:height\" content=\"576\" \/>\n\t<meta property=\"og:image:type\" content=\"image\/jpeg\" \/>\n<meta name=\"twitter:card\" content=\"summary_large_image\" \/>\n<meta name=\"twitter:site\" content=\"@Manurefetisch\" \/>\n<script type=\"application\/ld+json\" class=\"yoast-schema-graph\">{\"@context\":\"https:\/\/schema.org\",\"@graph\":[{\"@type\":\"WebPage\",\"@id\":\"https:\/\/manurefetish.com\/shop\/videos\/lyndra-lynns-manure-pool\/\",\"url\":\"https:\/\/manurefetish.com\/shop\/videos\/lyndra-lynns-manure-pool\/\",\"name\":\"Lyndra Lynn's Manure Pool - ManureFetish\",\"isPartOf\":{\"@id\":\"https:\/\/manurefetish.com\/#website\"},\"primaryImageOfPage\":{\"@id\":\"https:\/\/manurefetish.com\/shop\/videos\/lyndra-lynns-manure-pool\/#primaryimage\"},\"image\":{\"@id\":\"https:\/\/manurefetish.com\/shop\/videos\/lyndra-lynns-manure-pool\/#primaryimage\"},\"thumbnailUrl\":\"https:\/\/manurefetish.b-cdn.net\/wp-content\/uploads\/2023\/02\/Lyndra-Lynn-Manure-Pool.jpg\",\"datePublished\":\"2023-02-13T12:00:59+00:00\",\"dateModified\":\"2026-03-24T14:35:10+00:00\",\"description\":\"Lyndra Lynn's Manure Pool, she is swimming around in a manure pit full of cowshit, she also likes to masturbate with the creamy slurry.\",\"breadcrumb\":{\"@id\":\"https:\/\/manurefetish.com\/shop\/videos\/lyndra-lynns-manure-pool\/#breadcrumb\"},\"inLanguage\":\"es\",\"potentialAction\":[{\"@type\":\"ReadAction\",\"target\":[\"https:\/\/manurefetish.com\/shop\/videos\/lyndra-lynns-manure-pool\/\"]}]},{\"@type\":\"ImageObject\",\"inLanguage\":\"es\",\"@id\":\"https:\/\/manurefetish.com\/shop\/videos\/lyndra-lynns-manure-pool\/#primaryimage\",\"url\":\"https:\/\/manurefetish.b-cdn.net\/wp-content\/uploads\/2023\/02\/Lyndra-Lynn-Manure-Pool.jpg\",\"contentUrl\":\"https:\/\/manurefetish.b-cdn.net\/wp-content\/uploads\/2023\/02\/Lyndra-Lynn-Manure-Pool.jpg\",\"width\":1728,\"height\":576},{\"@type\":\"BreadcrumbList\",\"@id\":\"https:\/\/manurefetish.com\/shop\/videos\/lyndra-lynns-manure-pool\/#breadcrumb\",\"itemListElement\":[{\"@type\":\"ListItem\",\"position\":1,\"name\":\"Home\",\"item\":\"https:\/\/manurefetish.com\/\"},{\"@type\":\"ListItem\",\"position\":2,\"name\":\"Shop\",\"item\":\"https:\/\/manurefetish.com\/shop\/\"},{\"@type\":\"ListItem\",\"position\":3,\"name\":\"Videos\",\"item\":\"https:\/\/manurefetish.com\/product-category\/videos\/\"},{\"@type\":\"ListItem\",\"position\":4,\"name\":\"Lyndra Lynn&#8217;s Manure Pool\"}]},{\"@type\":\"WebSite\",\"@id\":\"https:\/\/manurefetish.com\/#website\",\"url\":\"https:\/\/manurefetish.com\/\",\"name\":\"ManureFetish\",\"description\":\"ManureFetish Shop\",\"publisher\":{\"@id\":\"https:\/\/manurefetish.com\/#organization\"},\"potentialAction\":[{\"@type\":\"SearchAction\",\"target\":{\"@type\":\"EntryPoint\",\"urlTemplate\":\"https:\/\/manurefetish.com\/?s={search_term_string}\"},\"query-input\":{\"@type\":\"PropertyValueSpecification\",\"valueRequired\":true,\"valueName\":\"search_term_string\"}}],\"inLanguage\":\"es\"},{\"@type\":\"Organization\",\"@id\":\"https:\/\/manurefetish.com\/#organization\",\"name\":\"ManureFetish.com\",\"url\":\"https:\/\/manurefetish.com\/\",\"logo\":{\"@type\":\"ImageObject\",\"inLanguage\":\"es\",\"@id\":\"https:\/\/manurefetish.com\/#\/schema\/logo\/image\/\",\"url\":\"https:\/\/manurefetish.com\/wp-content\/uploads\/2019\/06\/1000xmanurefetishcom-michaela-logo-website-shop.png\",\"contentUrl\":\"https:\/\/manurefetish.com\/wp-content\/uploads\/2019\/06\/1000xmanurefetishcom-michaela-logo-website-shop.png\",\"width\":1000,\"height\":632,\"caption\":\"ManureFetish.com\"},\"image\":{\"@id\":\"https:\/\/manurefetish.com\/#\/schema\/logo\/image\/\"},\"sameAs\":[\"https:\/\/www.facebook.com\/manurefetish\/\",\"https:\/\/x.com\/Manurefetisch\",\"https:\/\/www.youtube.com\/c\/ManureFetish\"],\"description\":\"We're creating various fetish content with female and male models alike.\",\"foundingDate\":\"2019-07-04\",\"vatID\":\"DE366928521\",\"numberOfEmployees\":{\"@type\":\"QuantitativeValue\",\"minValue\":\"1\",\"maxValue\":\"10\"}}]}<\/script>\n<meta property=\"og:availability\" content=\"instock\" \/>\n<meta property=\"product:availability\" content=\"instock\" \/>\n<meta property=\"product:retailer_item_id\" content=\"MFW-LLMP\" \/>\n<meta property=\"product:condition\" content=\"new\" \/>\n<!-- \/ Yoast SEO Premium plugin. -->","yoast_head_json":{"title":"La piscina de esti\u00e9rcol de Lyndra Lynn - ManureFetish","description":"Lyndra Lynn's Manure Pool, est\u00e1 nadando en un pozo de esti\u00e9rcol lleno de mierda de vaca, tambi\u00e9n le gusta masturbarse con el cremoso pur\u00edn.","robots":{"index":"index","follow":"follow","max-snippet":"max-snippet:-1","max-image-preview":"max-image-preview:large","max-video-preview":"max-video-preview:-1"},"canonical":"https:\/\/manurefetish.com\/es\/shop\/videos\/lyndra-lynns-manure-pool\/","og_locale":"es_ES","og_type":"article","og_title":"Lyndra Lynn's Manure Pool","og_description":"Lyndra Lynn's Manure Pool, she is swimming around in a manure pit full of cowshit, she also likes to masturbate with the creamy slurry.","og_url":"https:\/\/manurefetish.com\/es\/shop\/videos\/lyndra-lynns-manure-pool\/","og_site_name":"ManureFetish","article_publisher":"https:\/\/www.facebook.com\/manurefetish\/","article_modified_time":"2026-03-24T14:35:10+00:00","og_image":[{"width":1728,"height":576,"url":"https:\/\/manurefetish.com\/wp-content\/uploads\/2023\/02\/Lyndra-Lynn-Manure-Pool.jpg","type":"image\/jpeg"}],"twitter_card":"summary_large_image","twitter_site":"@Manurefetisch","schema":{"@context":"https:\/\/schema.org","@graph":[{"@type":"WebPage","@id":"https:\/\/manurefetish.com\/shop\/videos\/lyndra-lynns-manure-pool\/","url":"https:\/\/manurefetish.com\/shop\/videos\/lyndra-lynns-manure-pool\/","name":"La piscina de esti\u00e9rcol de Lyndra Lynn - ManureFetish","isPartOf":{"@id":"https:\/\/manurefetish.com\/#website"},"primaryImageOfPage":{"@id":"https:\/\/manurefetish.com\/shop\/videos\/lyndra-lynns-manure-pool\/#primaryimage"},"image":{"@id":"https:\/\/manurefetish.com\/shop\/videos\/lyndra-lynns-manure-pool\/#primaryimage"},"thumbnailUrl":"https:\/\/manurefetish.b-cdn.net\/wp-content\/uploads\/2023\/02\/Lyndra-Lynn-Manure-Pool.jpg","datePublished":"2023-02-13T12:00:59+00:00","dateModified":"2026-03-24T14:35:10+00:00","description":"Lyndra Lynn's Manure Pool, est\u00e1 nadando en un pozo de esti\u00e9rcol lleno de mierda de vaca, tambi\u00e9n le gusta masturbarse con el cremoso pur\u00edn.","breadcrumb":{"@id":"https:\/\/manurefetish.com\/shop\/videos\/lyndra-lynns-manure-pool\/#breadcrumb"},"inLanguage":"es","potentialAction":[{"@type":"ReadAction","target":["https:\/\/manurefetish.com\/shop\/videos\/lyndra-lynns-manure-pool\/"]}]},{"@type":"ImageObject","inLanguage":"es","@id":"https:\/\/manurefetish.com\/shop\/videos\/lyndra-lynns-manure-pool\/#primaryimage","url":"https:\/\/manurefetish.b-cdn.net\/wp-content\/uploads\/2023\/02\/Lyndra-Lynn-Manure-Pool.jpg","contentUrl":"https:\/\/manurefetish.b-cdn.net\/wp-content\/uploads\/2023\/02\/Lyndra-Lynn-Manure-Pool.jpg","width":1728,"height":576},{"@type":"BreadcrumbList","@id":"https:\/\/manurefetish.com\/shop\/videos\/lyndra-lynns-manure-pool\/#breadcrumb","itemListElement":[{"@type":"ListItem","position":1,"name":"Home","item":"https:\/\/manurefetish.com\/"},{"@type":"ListItem","position":2,"name":"Shop","item":"https:\/\/manurefetish.com\/shop\/"},{"@type":"ListItem","position":3,"name":"Videos","item":"https:\/\/manurefetish.com\/product-category\/videos\/"},{"@type":"ListItem","position":4,"name":"Lyndra Lynn&#8217;s Manure Pool"}]},{"@type":"WebSite","@id":"https:\/\/manurefetish.com\/#website","url":"https:\/\/manurefetish.com\/","name":"ManureFetish","description":"ManureFetish","publisher":{"@id":"https:\/\/manurefetish.com\/#organization"},"potentialAction":[{"@type":"SearchAction","target":{"@type":"EntryPoint","urlTemplate":"https:\/\/manurefetish.com\/?s={search_term_string}"},"query-input":{"@type":"PropertyValueSpecification","valueRequired":true,"valueName":"search_term_string"}}],"inLanguage":"es"},{"@type":"Organization","@id":"https:\/\/manurefetish.com\/#organization","name":"ManureFetish.com","url":"https:\/\/manurefetish.com\/","logo":{"@type":"ImageObject","inLanguage":"es","@id":"https:\/\/manurefetish.com\/#\/schema\/logo\/image\/","url":"https:\/\/manurefetish.com\/wp-content\/uploads\/2019\/06\/1000xmanurefetishcom-michaela-logo-website-shop.png","contentUrl":"https:\/\/manurefetish.com\/wp-content\/uploads\/2019\/06\/1000xmanurefetishcom-michaela-logo-website-shop.png","width":1000,"height":632,"caption":"ManureFetish.com"},"image":{"@id":"https:\/\/manurefetish.com\/#\/schema\/logo\/image\/"},"sameAs":["https:\/\/www.facebook.com\/manurefetish\/","https:\/\/x.com\/Manurefetisch","https:\/\/www.youtube.com\/c\/ManureFetish"],"description":"Estamos creando diversos contenidos fetichistas con modelos femeninos y masculinos por igual.","foundingDate":"2019-07-04","vatID":"DE366928521","numberOfEmployees":{"@type":"QuantitativeValue","minValue":"1","maxValue":"10"}}]},"og_availability":"instock","product_availability":"instock","product_retailer_item_id":"MFW-LLMP","product_condition":"new"},"_links":{"self":[{"href":"https:\/\/manurefetish.com\/es\/wp-json\/wp\/v2\/product\/77783","targetHints":{"allow":["GET"]}}],"collection":[{"href":"https:\/\/manurefetish.com\/es\/wp-json\/wp\/v2\/product"}],"about":[{"href":"https:\/\/manurefetish.com\/es\/wp-json\/wp\/v2\/types\/product"}],"replies":[{"embeddable":true,"href":"https:\/\/manurefetish.com\/es\/wp-json\/wp\/v2\/comments?post=77783"}],"version-history":[{"count":0,"href":"https:\/\/manurefetish.com\/es\/wp-json\/wp\/v2\/product\/77783\/revisions"}],"wp:featuredmedia":[{"embeddable":true,"href":"https:\/\/manurefetish.com\/es\/wp-json\/wp\/v2\/media\/199034"}],"wp:attachment":[{"href":"https:\/\/manurefetish.com\/es\/wp-json\/wp\/v2\/media?parent=77783"}],"wp:term":[{"taxonomy":"product_brand","embeddable":true,"href":"https:\/\/manurefetish.com\/es\/wp-json\/wp\/v2\/product_brand?post=77783"},{"taxonomy":"product_cat","embeddable":true,"href":"https:\/\/manurefetish.com\/es\/wp-json\/wp\/v2\/product_cat?post=77783"},{"taxonomy":"product_tag","embeddable":true,"href":"https:\/\/manurefetish.com\/es\/wp-json\/wp\/v2\/product_tag?post=77783"}],"curies":[{"name":"wp","href":"https:\/\/api.w.org\/{rel}","templated":true}]}}