{"id":77772,"date":"2023-04-02T13:00:28","date_gmt":"2023-04-02T11:00:28","guid":{"rendered":"https:\/\/manurefetish.com\/?post_type=product&#038;p=77772"},"modified":"2026-03-24T15:34:14","modified_gmt":"2026-03-24T14:34:14","slug":"gossip-girl-lyndra-lynn","status":"publish","type":"product","link":"https:\/\/manurefetish.com\/es\/shop\/videos\/gossip-girl-lyndra-lynn\/","title":{"rendered":"Gossip Girl Lyndra Lynn"},"content":{"rendered":"<p><span style=\"font-weight: 400;\">Gossip Girl Lyndra was walking around and got lost in the cowshed. She was pretty disgusted with what she saw and took pictures of the place to post. However, she slipped and fell full tilt into the manure pile. She couldn&#8217;t believe it, her nice brand of clothes, covered in cow dung? She tried to get up again but fell right back in. She tried to clean herself up, but somehow Lyndra realized how it had turned her on. She took off her pants and got into the manure channel, played around with the cow manure and even took some of it in her mouth then she grabbed the fuckmachine and she starts to get fucked by it in various different positions.. But that was not enough for her. So she pulled the fucking machine over to the manure pile and let herself be fucked on it. She screamed with pleasure as the fuckmachine pounds her from behind.. She got into the manure channel again and took a lot of cow dung into her mouth to play around with it with her tongue. Now she was also completely submerged in the manure channel and enjoyed her time in it. But she realized that she took too long to only make &#8220;a few pictures&#8221; and grabbed her clothes and walked out of the cowshed.<\/span><\/p>","protected":false},"excerpt":{"rendered":"<p>Gossip Girl Lyndra was walking around and got lost in the cowshed. She was pretty disgusted with what she saw and took pictures of the place to post. However, she slipped and fell full tilt into the manure pile. She couldn&#8217;t believe it, her nice brand of clothes, covered in cow dung? She tried to [&hellip;]<\/p>\n","protected":false},"featured_media":199083,"comment_status":"open","ping_status":"closed","template":"","meta":{"_acf_changed":false,"site-sidebar-layout":"default","site-content-layout":"","ast-site-content-layout":"default","site-content-style":"default","site-sidebar-style":"default","ast-global-header-display":"","ast-banner-title-visibility":"","ast-main-header-display":"","ast-hfb-above-header-display":"","ast-hfb-below-header-display":"","ast-hfb-mobile-header-display":"","site-post-title":"","ast-breadcrumbs-content":"","ast-featured-img":"","footer-sml-layout":"","ast-disable-related-posts":"","theme-transparent-header-meta":"default","adv-header-id-meta":"","stick-header-meta":"","header-above-stick-meta":"","header-main-stick-meta":"","header-below-stick-meta":"","astra-migrate-meta-layouts":"set","ast-page-background-enabled":"default","ast-page-background-meta":{"desktop":{"background-color":"var(--ast-global-color-4)","background-image":"","background-repeat":"repeat","background-position":"center center","background-size":"auto","background-attachment":"scroll","background-type":"","background-media":"","overlay-type":"","overlay-color":"","overlay-opacity":"","overlay-gradient":""},"tablet":{"background-color":"","background-image":"","background-repeat":"repeat","background-position":"center center","background-size":"auto","background-attachment":"scroll","background-type":"","background-media":"","overlay-type":"","overlay-color":"","overlay-opacity":"","overlay-gradient":""},"mobile":{"background-color":"","background-image":"","background-repeat":"repeat","background-position":"center center","background-size":"auto","background-attachment":"scroll","background-type":"","background-media":"","overlay-type":"","overlay-color":"","overlay-opacity":"","overlay-gradient":""}},"ast-content-background-meta":{"desktop":{"background-color":"var(--ast-global-color-5)","background-image":"","background-repeat":"repeat","background-position":"center center","background-size":"auto","background-attachment":"scroll","background-type":"","background-media":"","overlay-type":"","overlay-color":"","overlay-opacity":"","overlay-gradient":""},"tablet":{"background-color":"var(--ast-global-color-5)","background-image":"","background-repeat":"repeat","background-position":"center center","background-size":"auto","background-attachment":"scroll","background-type":"","background-media":"","overlay-type":"","overlay-color":"","overlay-opacity":"","overlay-gradient":""},"mobile":{"background-color":"var(--ast-global-color-5)","background-image":"","background-repeat":"repeat","background-position":"center center","background-size":"auto","background-attachment":"scroll","background-type":"","background-media":"","overlay-type":"","overlay-color":"","overlay-opacity":"","overlay-gradient":""}}},"product_brand":[],"product_cat":[4470],"product_tag":[317,318,2675,2632,3667,66,2508,2631,2281,2621,316,64,2557,3030,56,2624,320,2682,54,2419,3666,3659,3660,2582,2841,18,52,3174,65,35,360,2637,2971,2482,2506,32,3408,4482,2683,3562,2832,29,3415,319,2368,2676],"class_list":{"0":"post-77772","1":"product","2":"type-product","3":"status-publish","4":"has-post-thumbnail","6":"product_cat-videos","7":"product_tag-asshole","8":"product_tag-boobs","9":"product_tag-boots","10":"product_tag-bra","11":"product_tag-business","12":"product_tag-clothed","13":"product_tag-clothes","14":"product_tag-completely-covered","15":"product_tag-completely-submerged","16":"product_tag-cow-dung","17":"product_tag-cunt","18":"product_tag-dildo","19":"product_tag-doggy-style","20":"product_tag-download","21":"product_tag-erotic","22":"product_tag-farm","23":"product_tag-feet","24":"product_tag-fuckmachine","25":"product_tag-full-covered","26":"product_tag-full-hd","27":"product_tag-gossip","28":"product_tag-gossip-girl","29":"product_tag-jean","30":"product_tag-jeans","31":"product_tag-lyndra-lynn","32":"product_tag-manure","33":"product_tag-manure-channel","34":"product_tag-missionary","35":"product_tag-naked","36":"product_tag-orgasm","37":"product_tag-outdoor","38":"product_tag-panty","39":"product_tag-pee","40":"product_tag-peeing","41":"product_tag-pink","42":"product_tag-pussy","43":"product_tag-season-3","44":"product_tag-sex-in-cowshit","45":"product_tag-sexmachine","46":"product_tag-sexy","47":"product_tag-smearing","48":"product_tag-submerging","49":"product_tag-suit","50":"product_tag-tits","51":"product_tag-ultra-hd","52":"product_tag-underwear","53":"pa_audio-info-stereo","54":"pa_format-mp4","55":"pa_length-44-minutes","56":"pa_product-type-digital-download-full-hd-video","57":"pa_product-type-digital-download-ultra-hd-video","58":"pa_product-type-usb-stick","59":"pa_size-fhd-8-28-gb","60":"pa_size-uhd-14-7-gb","61":"pa_video-info-full-hd-1920x1080p","62":"pa_video-info-ultra-hd-4k","63":"desktop-align-center","64":"tablet-align-left","65":"mobile-align-left","67":"first","68":"instock","69":"shipping-taxable","70":"purchasable","71":"product-type-variable","72":"has-default-attributes"},"exclude_global_add_ons":[],"addons":[],"acf":[],"yoast_head":"<!-- This site is optimized with the Yoast SEO Premium plugin v27.1 (Yoast SEO v27.1.1) - https:\/\/yoast.com\/product\/yoast-seo-premium-wordpress\/ -->\n<title>Gossip Girl Lyndra Lynn - ManureFetish<\/title>\n<meta name=\"description\" content=\"Gossip Girl Lyndra Lynn got lost in the cowshed. She was disgusted by the smell and the looks of it, she fell in the cowshit and is completely covered.\" \/>\n<meta name=\"robots\" content=\"index, follow, max-snippet:-1, max-image-preview:large, max-video-preview:-1\" \/>\n<link rel=\"canonical\" href=\"https:\/\/manurefetish.com\/es\/shop\/videos\/gossip-girl-lyndra-lynn\/\" \/>\n<meta name=\"twitter:card\" content=\"summary_large_image\" \/>\n<meta name=\"twitter:title\" content=\"Gossip Girl Lyndra Lynn - ManureFetish\" \/>\n<meta name=\"twitter:description\" content=\"Gossip Girl Lyndra Lynn got lost in the cowshed. She was disgusted by the smell and the looks of it, she fell in the cowshit and is completely covered.\" \/>\n<meta name=\"twitter:image\" content=\"https:\/\/manurefetish.b-cdn.net\/wp-content\/uploads\/2023\/04\/Lyndra-Lynn-Gossip-Girl.jpg\" \/>\n<meta name=\"twitter:site\" content=\"@Manurefetisch\" \/>\n<script type=\"application\/ld+json\" class=\"yoast-schema-graph\">{\"@context\":\"https:\/\/schema.org\",\"@graph\":[{\"@type\":\"WebPage\",\"@id\":\"https:\/\/manurefetish.com\/shop\/videos\/gossip-girl-lyndra-lynn\/\",\"url\":\"https:\/\/manurefetish.com\/shop\/videos\/gossip-girl-lyndra-lynn\/\",\"name\":\"Gossip Girl Lyndra Lynn - ManureFetish\",\"isPartOf\":{\"@id\":\"https:\/\/de.manurefetish.com\/#website\"},\"primaryImageOfPage\":{\"@id\":\"https:\/\/manurefetish.com\/shop\/videos\/gossip-girl-lyndra-lynn\/#primaryimage\"},\"image\":{\"@id\":\"https:\/\/manurefetish.com\/shop\/videos\/gossip-girl-lyndra-lynn\/#primaryimage\"},\"thumbnailUrl\":\"https:\/\/manurefetish.b-cdn.net\/wp-content\/uploads\/2023\/04\/Lyndra-Lynn-Gossip-Girl.jpg\",\"datePublished\":\"2023-04-02T11:00:28+00:00\",\"dateModified\":\"2026-03-24T14:34:14+00:00\",\"description\":\"Gossip Girl Lyndra Lynn got lost in the cowshed. She was disgusted by the smell and the looks of it, she fell in the cowshit and is completely covered.\",\"breadcrumb\":{\"@id\":\"https:\/\/manurefetish.com\/shop\/videos\/gossip-girl-lyndra-lynn\/#breadcrumb\"},\"inLanguage\":\"es\",\"potentialAction\":[{\"@type\":\"ReadAction\",\"target\":[\"https:\/\/manurefetish.com\/shop\/videos\/gossip-girl-lyndra-lynn\/\"]}]},{\"@type\":\"ImageObject\",\"inLanguage\":\"es\",\"@id\":\"https:\/\/manurefetish.com\/shop\/videos\/gossip-girl-lyndra-lynn\/#primaryimage\",\"url\":\"https:\/\/manurefetish.b-cdn.net\/wp-content\/uploads\/2023\/04\/Lyndra-Lynn-Gossip-Girl.jpg\",\"contentUrl\":\"https:\/\/manurefetish.b-cdn.net\/wp-content\/uploads\/2023\/04\/Lyndra-Lynn-Gossip-Girl.jpg\",\"width\":1728,\"height\":576},{\"@type\":\"BreadcrumbList\",\"@id\":\"https:\/\/manurefetish.com\/shop\/videos\/gossip-girl-lyndra-lynn\/#breadcrumb\",\"itemListElement\":[{\"@type\":\"ListItem\",\"position\":1,\"name\":\"Home\",\"item\":\"https:\/\/manurefetish.com\/\"},{\"@type\":\"ListItem\",\"position\":2,\"name\":\"Shop\",\"item\":\"https:\/\/manurefetish.com\/shop\/\"},{\"@type\":\"ListItem\",\"position\":3,\"name\":\"Videos\",\"item\":\"https:\/\/manurefetish.com\/product-category\/videos\/\"},{\"@type\":\"ListItem\",\"position\":4,\"name\":\"Gossip Girl Lyndra Lynn\"}]},{\"@type\":\"WebSite\",\"@id\":\"https:\/\/de.manurefetish.com\/#website\",\"url\":\"https:\/\/de.manurefetish.com\/\",\"name\":\"ManureFetish\",\"description\":\"ManureFetish Shop\",\"publisher\":{\"@id\":\"https:\/\/de.manurefetish.com\/#organization\"},\"potentialAction\":[{\"@type\":\"SearchAction\",\"target\":{\"@type\":\"EntryPoint\",\"urlTemplate\":\"https:\/\/de.manurefetish.com\/?s={search_term_string}\"},\"query-input\":{\"@type\":\"PropertyValueSpecification\",\"valueRequired\":true,\"valueName\":\"search_term_string\"}}],\"inLanguage\":\"es\"},{\"@type\":\"Organization\",\"@id\":\"https:\/\/de.manurefetish.com\/#organization\",\"name\":\"ManureFetish.com\",\"url\":\"https:\/\/de.manurefetish.com\/\",\"logo\":{\"@type\":\"ImageObject\",\"inLanguage\":\"es\",\"@id\":\"https:\/\/de.manurefetish.com\/#\/schema\/logo\/image\/\",\"url\":\"https:\/\/manurefetish.com\/wp-content\/uploads\/2019\/06\/1000xmanurefetishcom-michaela-logo-website-shop.png\",\"contentUrl\":\"https:\/\/manurefetish.com\/wp-content\/uploads\/2019\/06\/1000xmanurefetishcom-michaela-logo-website-shop.png\",\"width\":1000,\"height\":632,\"caption\":\"ManureFetish.com\"},\"image\":{\"@id\":\"https:\/\/de.manurefetish.com\/#\/schema\/logo\/image\/\"},\"sameAs\":[\"https:\/\/www.facebook.com\/manurefetish\/\",\"https:\/\/x.com\/Manurefetisch\",\"https:\/\/www.youtube.com\/c\/ManureFetish\"],\"description\":\"We're creating various fetish content with female and male models alike.\",\"foundingDate\":\"2019-07-04\",\"vatID\":\"DE366928521\",\"numberOfEmployees\":{\"@type\":\"QuantitativeValue\",\"minValue\":\"1\",\"maxValue\":\"10\"}}]}<\/script>\n<meta property=\"og:availability\" content=\"instock\" \/>\n<meta property=\"product:availability\" content=\"instock\" \/>\n<meta property=\"product:retailer_item_id\" content=\"MFW-GGLL\" \/>\n<meta property=\"product:condition\" content=\"new\" \/>\n<!-- \/ Yoast SEO Premium plugin. -->","yoast_head_json":{"title":"Gossip Girl Lyndra Lynn - ManureFetish","description":"Gossip Girl Lyndra Lynn se perdi\u00f3 en el establo. Asqueada por el olor y el aspecto, se cay\u00f3 en la mierda de vaca y est\u00e1 completamente cubierta.","robots":{"index":"index","follow":"follow","max-snippet":"max-snippet:-1","max-image-preview":"max-image-preview:large","max-video-preview":"max-video-preview:-1"},"canonical":"https:\/\/manurefetish.com\/es\/shop\/videos\/gossip-girl-lyndra-lynn\/","twitter_card":"summary_large_image","twitter_title":"Gossip Girl Lyndra Lynn - ManureFetish","twitter_description":"Gossip Girl Lyndra Lynn got lost in the cowshed. She was disgusted by the smell and the looks of it, she fell in the cowshit and is completely covered.","twitter_image":"https:\/\/manurefetish.b-cdn.net\/wp-content\/uploads\/2023\/04\/Lyndra-Lynn-Gossip-Girl.jpg","twitter_site":"@Manurefetisch","schema":{"@context":"https:\/\/schema.org","@graph":[{"@type":"WebPage","@id":"https:\/\/manurefetish.com\/shop\/videos\/gossip-girl-lyndra-lynn\/","url":"https:\/\/manurefetish.com\/shop\/videos\/gossip-girl-lyndra-lynn\/","name":"Gossip Girl Lyndra Lynn - ManureFetish","isPartOf":{"@id":"https:\/\/de.manurefetish.com\/#website"},"primaryImageOfPage":{"@id":"https:\/\/manurefetish.com\/shop\/videos\/gossip-girl-lyndra-lynn\/#primaryimage"},"image":{"@id":"https:\/\/manurefetish.com\/shop\/videos\/gossip-girl-lyndra-lynn\/#primaryimage"},"thumbnailUrl":"https:\/\/manurefetish.b-cdn.net\/wp-content\/uploads\/2023\/04\/Lyndra-Lynn-Gossip-Girl.jpg","datePublished":"2023-04-02T11:00:28+00:00","dateModified":"2026-03-24T14:34:14+00:00","description":"Gossip Girl Lyndra Lynn se perdi\u00f3 en el establo. Asqueada por el olor y el aspecto, se cay\u00f3 en la mierda de vaca y est\u00e1 completamente cubierta.","breadcrumb":{"@id":"https:\/\/manurefetish.com\/shop\/videos\/gossip-girl-lyndra-lynn\/#breadcrumb"},"inLanguage":"es","potentialAction":[{"@type":"ReadAction","target":["https:\/\/manurefetish.com\/shop\/videos\/gossip-girl-lyndra-lynn\/"]}]},{"@type":"ImageObject","inLanguage":"es","@id":"https:\/\/manurefetish.com\/shop\/videos\/gossip-girl-lyndra-lynn\/#primaryimage","url":"https:\/\/manurefetish.b-cdn.net\/wp-content\/uploads\/2023\/04\/Lyndra-Lynn-Gossip-Girl.jpg","contentUrl":"https:\/\/manurefetish.b-cdn.net\/wp-content\/uploads\/2023\/04\/Lyndra-Lynn-Gossip-Girl.jpg","width":1728,"height":576},{"@type":"BreadcrumbList","@id":"https:\/\/manurefetish.com\/shop\/videos\/gossip-girl-lyndra-lynn\/#breadcrumb","itemListElement":[{"@type":"ListItem","position":1,"name":"Home","item":"https:\/\/manurefetish.com\/"},{"@type":"ListItem","position":2,"name":"Shop","item":"https:\/\/manurefetish.com\/shop\/"},{"@type":"ListItem","position":3,"name":"Videos","item":"https:\/\/manurefetish.com\/product-category\/videos\/"},{"@type":"ListItem","position":4,"name":"Gossip Girl Lyndra Lynn"}]},{"@type":"WebSite","@id":"https:\/\/de.manurefetish.com\/#website","url":"https:\/\/de.manurefetish.com\/","name":"ManureFetish","description":"ManureFetish","publisher":{"@id":"https:\/\/de.manurefetish.com\/#organization"},"potentialAction":[{"@type":"SearchAction","target":{"@type":"EntryPoint","urlTemplate":"https:\/\/de.manurefetish.com\/?s={search_term_string}"},"query-input":{"@type":"PropertyValueSpecification","valueRequired":true,"valueName":"search_term_string"}}],"inLanguage":"es"},{"@type":"Organization","@id":"https:\/\/de.manurefetish.com\/#organization","name":"ManureFetish.com","url":"https:\/\/de.manurefetish.com\/","logo":{"@type":"ImageObject","inLanguage":"es","@id":"https:\/\/de.manurefetish.com\/#\/schema\/logo\/image\/","url":"https:\/\/manurefetish.com\/wp-content\/uploads\/2019\/06\/1000xmanurefetishcom-michaela-logo-website-shop.png","contentUrl":"https:\/\/manurefetish.com\/wp-content\/uploads\/2019\/06\/1000xmanurefetishcom-michaela-logo-website-shop.png","width":1000,"height":632,"caption":"ManureFetish.com"},"image":{"@id":"https:\/\/de.manurefetish.com\/#\/schema\/logo\/image\/"},"sameAs":["https:\/\/www.facebook.com\/manurefetish\/","https:\/\/x.com\/Manurefetisch","https:\/\/www.youtube.com\/c\/ManureFetish"],"description":"Estamos creando diversos contenidos fetichistas con modelos femeninos y masculinos por igual.","foundingDate":"2019-07-04","vatID":"DE366928521","numberOfEmployees":{"@type":"QuantitativeValue","minValue":"1","maxValue":"10"}}]},"og_availability":"instock","product_availability":"instock","product_retailer_item_id":"MFW-GGLL","product_condition":"new"},"_links":{"self":[{"href":"https:\/\/manurefetish.com\/es\/wp-json\/wp\/v2\/product\/77772","targetHints":{"allow":["GET"]}}],"collection":[{"href":"https:\/\/manurefetish.com\/es\/wp-json\/wp\/v2\/product"}],"about":[{"href":"https:\/\/manurefetish.com\/es\/wp-json\/wp\/v2\/types\/product"}],"replies":[{"embeddable":true,"href":"https:\/\/manurefetish.com\/es\/wp-json\/wp\/v2\/comments?post=77772"}],"version-history":[{"count":0,"href":"https:\/\/manurefetish.com\/es\/wp-json\/wp\/v2\/product\/77772\/revisions"}],"wp:featuredmedia":[{"embeddable":true,"href":"https:\/\/manurefetish.com\/es\/wp-json\/wp\/v2\/media\/199083"}],"wp:attachment":[{"href":"https:\/\/manurefetish.com\/es\/wp-json\/wp\/v2\/media?parent=77772"}],"wp:term":[{"taxonomy":"product_brand","embeddable":true,"href":"https:\/\/manurefetish.com\/es\/wp-json\/wp\/v2\/product_brand?post=77772"},{"taxonomy":"product_cat","embeddable":true,"href":"https:\/\/manurefetish.com\/es\/wp-json\/wp\/v2\/product_cat?post=77772"},{"taxonomy":"product_tag","embeddable":true,"href":"https:\/\/manurefetish.com\/es\/wp-json\/wp\/v2\/product_tag?post=77772"}],"curies":[{"name":"wp","href":"https:\/\/api.w.org\/{rel}","templated":true}]}}