{"id":77740,"date":"2022-10-31T20:25:48","date_gmt":"2022-10-31T19:25:48","guid":{"rendered":"https:\/\/manurefetish.com\/?post_type=product&#038;p=77740"},"modified":"2026-03-24T15:35:46","modified_gmt":"2026-03-24T14:35:46","slug":"cow-slurry-date-in-latex","status":"publish","type":"product","link":"https:\/\/manurefetish.com\/es\/shop\/videos\/cow-slurry-date-in-latex\/","title":{"rendered":"D\u00e1til de pur\u00edn de vaca en l\u00e1tex"},"content":{"rendered":"<p><span style=\"font-weight: 400;\">Betty estaba so\u00f1ando y jugaba con la mierda de vaca. En alg\u00fan momento alguien la llam\u00f3,, pero estaba tan so\u00f1adora que no se dio cuenta. Steven vino y se sent\u00f3 con Betty, y los dos empezaron a embadurnarse mutuamente de mierda de vaca. Betty empez\u00f3 a lamerle y chuparle la polla, pero necesitaba mear, as\u00ed que se subi\u00f3 sobre su cabeza y le me\u00f3 encima. Betty necesitaba m\u00e1s, se subi\u00f3 al Canal del Esti\u00e9rcol donde continu\u00f3 chup\u00e1ndole la polla. Steven se uni\u00f3 a ella en el canal de esti\u00e9rcol y ambos se metieron hasta el cuello. Betty sali\u00f3 y se sent\u00f3 en el borde del canal de esti\u00e9rcol para que \u00e9l pudiera meterle los dedos en el co\u00f1o. Cuando termin\u00f3 de meterse los dedos, Betty tuvo una idea, as\u00ed que cogi\u00f3 un pu\u00f1ado de esti\u00e9rcol de vaca y lo form\u00f3 como una bola de esti\u00e9rcol. Apret\u00f3 y presion\u00f3 el esti\u00e9rcol hasta que tuvo la forma perfecta para desaparecer en su co\u00f1o. Tambi\u00e9n lo apret\u00f3 con el pu\u00f1o para que estuviera bien dentro y luego lo sac\u00f3. Por supuesto, Betty segu\u00eda muy cachonda y por eso Steve se la foll\u00f3 con fuerza. Pero Steven ten\u00eda que irse, as\u00ed que Betty se qued\u00f3 sola y por fin pudo relajarse un poco en la mierda de vaca. Al cabo de un rato se limpi\u00f3 un poco y sali\u00f3 tambi\u00e9n.<\/span><\/p>","protected":false},"excerpt":{"rendered":"<p>Betty was dreaming and played around with the cow shit. At some point someone called for her,, but she was so dreamy that she didn\u2019t notice it. Steven came and sat down with Betty, and the two began to smear each other with cow shit. Betty started to lick and suck his cock, but she [&hellip;]<\/p>\n","protected":false},"featured_media":199042,"comment_status":"open","ping_status":"closed","template":"","meta":{"_acf_changed":false,"site-sidebar-layout":"default","site-content-layout":"","ast-site-content-layout":"default","site-content-style":"default","site-sidebar-style":"default","ast-global-header-display":"","ast-banner-title-visibility":"","ast-main-header-display":"","ast-hfb-above-header-display":"","ast-hfb-below-header-display":"","ast-hfb-mobile-header-display":"","site-post-title":"","ast-breadcrumbs-content":"","ast-featured-img":"","footer-sml-layout":"","ast-disable-related-posts":"","theme-transparent-header-meta":"default","adv-header-id-meta":"","stick-header-meta":"","header-above-stick-meta":"","header-main-stick-meta":"","header-below-stick-meta":"","astra-migrate-meta-layouts":"set","ast-page-background-enabled":"default","ast-page-background-meta":{"desktop":{"background-color":"var(--ast-global-color-4)","background-image":"","background-repeat":"repeat","background-position":"center center","background-size":"auto","background-attachment":"scroll","background-type":"","background-media":"","overlay-type":"","overlay-color":"","overlay-opacity":"","overlay-gradient":""},"tablet":{"background-color":"","background-image":"","background-repeat":"repeat","background-position":"center center","background-size":"auto","background-attachment":"scroll","background-type":"","background-media":"","overlay-type":"","overlay-color":"","overlay-opacity":"","overlay-gradient":""},"mobile":{"background-color":"","background-image":"","background-repeat":"repeat","background-position":"center center","background-size":"auto","background-attachment":"scroll","background-type":"","background-media":"","overlay-type":"","overlay-color":"","overlay-opacity":"","overlay-gradient":""}},"ast-content-background-meta":{"desktop":{"background-color":"var(--ast-global-color-5)","background-image":"","background-repeat":"repeat","background-position":"center center","background-size":"auto","background-attachment":"scroll","background-type":"","background-media":"","overlay-type":"","overlay-color":"","overlay-opacity":"","overlay-gradient":""},"tablet":{"background-color":"var(--ast-global-color-5)","background-image":"","background-repeat":"repeat","background-position":"center center","background-size":"auto","background-attachment":"scroll","background-type":"","background-media":"","overlay-type":"","overlay-color":"","overlay-opacity":"","overlay-gradient":""},"mobile":{"background-color":"var(--ast-global-color-5)","background-image":"","background-repeat":"repeat","background-position":"center center","background-size":"auto","background-attachment":"scroll","background-type":"","background-media":"","overlay-type":"","overlay-color":"","overlay-opacity":"","overlay-gradient":""}}},"product_brand":[],"product_cat":[4470],"product_tag":[17,3668,317,2476,2395,2601,318,66,2508,2631,2621,2558,118,2869,316,64,2557,3030,2624,3523,3334,2552,54,2419,3525,3526,425,2332,3653,2285,2206,3174,65,3649,35,2971,2482,32,3408,34,4482,23,24,2832,2478,358,29,319,2368,2896],"class_list":{"0":"post-77740","1":"product","2":"type-product","3":"status-publish","4":"has-post-thumbnail","6":"product_cat-videos","7":"product_tag-anal","8":"product_tag-anal-plug","9":"product_tag-asshole","10":"product_tag-betty","11":"product_tag-bikini","12":"product_tag-black-hair","13":"product_tag-boobs","14":"product_tag-clothed","15":"product_tag-clothes","16":"product_tag-completely-covered","17":"product_tag-cow-dung","18":"product_tag-cowgirl","19":"product_tag-cowshed","20":"product_tag-cumshot","21":"product_tag-cunt","22":"product_tag-dildo","23":"product_tag-doggy-style","24":"product_tag-download","25":"product_tag-farm","26":"product_tag-fingering","27":"product_tag-fisting","28":"product_tag-fucking","29":"product_tag-full-covered","30":"product_tag-full-hd","31":"product_tag-group","32":"product_tag-group-sex","33":"product_tag-hair","34":"product_tag-jerking-off","35":"product_tag-latex","36":"product_tag-masturbate","37":"product_tag-masturbation","38":"product_tag-missionary","39":"product_tag-naked","40":"product_tag-nylon","41":"product_tag-orgasm","42":"product_tag-pee","43":"product_tag-peeing","44":"product_tag-pussy","45":"product_tag-season-3","46":"product_tag-sex","47":"product_tag-sex-in-cowshit","48":"product_tag-shed","49":"product_tag-slurry","50":"product_tag-smearing","51":"product_tag-squirting","52":"product_tag-stuffing","53":"product_tag-submerging","54":"product_tag-tits","55":"product_tag-ultra-hd","56":"product_tag-vinyl","57":"pa_audio-info-stereo","58":"pa_format-mp4","59":"pa_length-49-minutes","60":"pa_product-type-digital-download-full-hd-video","61":"pa_product-type-digital-download-ultra-hd-video","62":"pa_product-type-usb-stick","63":"pa_size-fhd-7-30-gb","64":"pa_size-uhd-14-5-gb","65":"pa_video-info-full-hd-1920x1080p","66":"pa_video-info-ultra-hd-4k","67":"desktop-align-center","68":"tablet-align-left","69":"mobile-align-left","71":"first","72":"instock","73":"shipping-taxable","74":"purchasable","75":"product-type-variable","76":"has-default-attributes"},"exclude_global_add_ons":[],"addons":[],"acf":[],"yoast_head":"<!-- This site is optimized with the Yoast SEO Premium plugin v27.1 (Yoast SEO v27.1.1) - https:\/\/yoast.com\/product\/yoast-seo-premium-wordpress\/ -->\n<title>Cow Slurry Date In Latex - ManureFetish<\/title>\n<meta name=\"description\" content=\"Cow Slurry Date In Latex, both wear nice vinyl and latex clothes which Betty and Stefan both cover in cowshit while they fuck each other.\" \/>\n<meta name=\"robots\" content=\"index, follow, max-snippet:-1, max-image-preview:large, max-video-preview:-1\" \/>\n<link rel=\"canonical\" href=\"https:\/\/manurefetish.com\/es\/shop\/videos\/cow-slurry-date-in-latex\/\" \/>\n<meta property=\"og:locale\" content=\"es_ES\" \/>\n<meta property=\"og:type\" content=\"article\" \/>\n<meta property=\"og:title\" content=\"Cow Slurry Date In Latex\" \/>\n<meta property=\"og:description\" content=\"Cow Slurry Date In Latex, both wear nice vinyl and latex clothes which Betty and Stefan both cover in cowshit while they fuck each other.\" \/>\n<meta property=\"og:url\" content=\"https:\/\/manurefetish.com\/es\/shop\/videos\/cow-slurry-date-in-latex\/\" \/>\n<meta property=\"og:site_name\" content=\"ManureFetish\" \/>\n<meta property=\"article:publisher\" content=\"https:\/\/www.facebook.com\/manurefetish\/\" \/>\n<meta property=\"article:modified_time\" content=\"2026-03-24T14:35:46+00:00\" \/>\n<meta property=\"og:image\" content=\"https:\/\/manurefetish.com\/wp-content\/uploads\/2022\/10\/Betty-Cow-Slurry-Date-in-Latex.jpg\" \/>\n\t<meta property=\"og:image:width\" content=\"1728\" \/>\n\t<meta property=\"og:image:height\" content=\"576\" \/>\n\t<meta property=\"og:image:type\" content=\"image\/jpeg\" \/>\n<meta name=\"twitter:card\" content=\"summary_large_image\" \/>\n<meta name=\"twitter:site\" content=\"@Manurefetisch\" \/>\n<script type=\"application\/ld+json\" class=\"yoast-schema-graph\">{\"@context\":\"https:\/\/schema.org\",\"@graph\":[{\"@type\":\"WebPage\",\"@id\":\"https:\/\/manurefetish.com\/shop\/videos\/cow-slurry-date-in-latex\/\",\"url\":\"https:\/\/manurefetish.com\/shop\/videos\/cow-slurry-date-in-latex\/\",\"name\":\"Cow Slurry Date In Latex - ManureFetish\",\"isPartOf\":{\"@id\":\"https:\/\/manurefetish.com\/#website\"},\"primaryImageOfPage\":{\"@id\":\"https:\/\/manurefetish.com\/shop\/videos\/cow-slurry-date-in-latex\/#primaryimage\"},\"image\":{\"@id\":\"https:\/\/manurefetish.com\/shop\/videos\/cow-slurry-date-in-latex\/#primaryimage\"},\"thumbnailUrl\":\"https:\/\/manurefetish.b-cdn.net\/wp-content\/uploads\/2022\/10\/Betty-Cow-Slurry-Date-in-Latex.jpg\",\"datePublished\":\"2022-10-31T19:25:48+00:00\",\"dateModified\":\"2026-03-24T14:35:46+00:00\",\"description\":\"Cow Slurry Date In Latex, both wear nice vinyl and latex clothes which Betty and Stefan both cover in cowshit while they fuck each other.\",\"breadcrumb\":{\"@id\":\"https:\/\/manurefetish.com\/shop\/videos\/cow-slurry-date-in-latex\/#breadcrumb\"},\"inLanguage\":\"es\",\"potentialAction\":[{\"@type\":\"ReadAction\",\"target\":[\"https:\/\/manurefetish.com\/shop\/videos\/cow-slurry-date-in-latex\/\"]}]},{\"@type\":\"ImageObject\",\"inLanguage\":\"es\",\"@id\":\"https:\/\/manurefetish.com\/shop\/videos\/cow-slurry-date-in-latex\/#primaryimage\",\"url\":\"https:\/\/manurefetish.b-cdn.net\/wp-content\/uploads\/2022\/10\/Betty-Cow-Slurry-Date-in-Latex.jpg\",\"contentUrl\":\"https:\/\/manurefetish.b-cdn.net\/wp-content\/uploads\/2022\/10\/Betty-Cow-Slurry-Date-in-Latex.jpg\",\"width\":1728,\"height\":576},{\"@type\":\"BreadcrumbList\",\"@id\":\"https:\/\/manurefetish.com\/shop\/videos\/cow-slurry-date-in-latex\/#breadcrumb\",\"itemListElement\":[{\"@type\":\"ListItem\",\"position\":1,\"name\":\"Home\",\"item\":\"https:\/\/manurefetish.com\/\"},{\"@type\":\"ListItem\",\"position\":2,\"name\":\"Shop\",\"item\":\"https:\/\/manurefetish.com\/shop\/\"},{\"@type\":\"ListItem\",\"position\":3,\"name\":\"Videos\",\"item\":\"https:\/\/manurefetish.com\/product-category\/videos\/\"},{\"@type\":\"ListItem\",\"position\":4,\"name\":\"Cow Slurry Date In Latex\"}]},{\"@type\":\"WebSite\",\"@id\":\"https:\/\/manurefetish.com\/#website\",\"url\":\"https:\/\/manurefetish.com\/\",\"name\":\"ManureFetish\",\"description\":\"ManureFetish Shop\",\"publisher\":{\"@id\":\"https:\/\/manurefetish.com\/#organization\"},\"potentialAction\":[{\"@type\":\"SearchAction\",\"target\":{\"@type\":\"EntryPoint\",\"urlTemplate\":\"https:\/\/manurefetish.com\/?s={search_term_string}\"},\"query-input\":{\"@type\":\"PropertyValueSpecification\",\"valueRequired\":true,\"valueName\":\"search_term_string\"}}],\"inLanguage\":\"es\"},{\"@type\":\"Organization\",\"@id\":\"https:\/\/manurefetish.com\/#organization\",\"name\":\"ManureFetish.com\",\"url\":\"https:\/\/manurefetish.com\/\",\"logo\":{\"@type\":\"ImageObject\",\"inLanguage\":\"es\",\"@id\":\"https:\/\/manurefetish.com\/#\/schema\/logo\/image\/\",\"url\":\"https:\/\/manurefetish.com\/wp-content\/uploads\/2019\/06\/1000xmanurefetishcom-michaela-logo-website-shop.png\",\"contentUrl\":\"https:\/\/manurefetish.com\/wp-content\/uploads\/2019\/06\/1000xmanurefetishcom-michaela-logo-website-shop.png\",\"width\":1000,\"height\":632,\"caption\":\"ManureFetish.com\"},\"image\":{\"@id\":\"https:\/\/manurefetish.com\/#\/schema\/logo\/image\/\"},\"sameAs\":[\"https:\/\/www.facebook.com\/manurefetish\/\",\"https:\/\/x.com\/Manurefetisch\",\"https:\/\/www.youtube.com\/c\/ManureFetish\"],\"description\":\"We're creating various fetish content with female and male models alike.\",\"foundingDate\":\"2019-07-04\",\"vatID\":\"DE366928521\",\"numberOfEmployees\":{\"@type\":\"QuantitativeValue\",\"minValue\":\"1\",\"maxValue\":\"10\"}}]}<\/script>\n<meta property=\"og:availability\" content=\"instock\" \/>\n<meta property=\"product:availability\" content=\"instock\" \/>\n<meta property=\"product:retailer_item_id\" content=\"MFW-CSDIL\" \/>\n<meta property=\"product:condition\" content=\"new\" \/>\n<!-- \/ Yoast SEO Premium plugin. -->","yoast_head_json":{"title":"D\u00e1til de pur\u00edn de vaca en l\u00e1tex - ManureFetish","description":"Cita con caca de vaca en l\u00e1tex, ambos visten bonitas ropas de vinilo y l\u00e1tex que Betty y Stefan cubren de caca de vaca mientras follan entre s\u00ed.","robots":{"index":"index","follow":"follow","max-snippet":"max-snippet:-1","max-image-preview":"max-image-preview:large","max-video-preview":"max-video-preview:-1"},"canonical":"https:\/\/manurefetish.com\/es\/shop\/videos\/cow-slurry-date-in-latex\/","og_locale":"es_ES","og_type":"article","og_title":"Cow Slurry Date In Latex","og_description":"Cow Slurry Date In Latex, both wear nice vinyl and latex clothes which Betty and Stefan both cover in cowshit while they fuck each other.","og_url":"https:\/\/manurefetish.com\/es\/shop\/videos\/cow-slurry-date-in-latex\/","og_site_name":"ManureFetish","article_publisher":"https:\/\/www.facebook.com\/manurefetish\/","article_modified_time":"2026-03-24T14:35:46+00:00","og_image":[{"width":1728,"height":576,"url":"https:\/\/manurefetish.com\/wp-content\/uploads\/2022\/10\/Betty-Cow-Slurry-Date-in-Latex.jpg","type":"image\/jpeg"}],"twitter_card":"summary_large_image","twitter_site":"@Manurefetisch","schema":{"@context":"https:\/\/schema.org","@graph":[{"@type":"WebPage","@id":"https:\/\/manurefetish.com\/shop\/videos\/cow-slurry-date-in-latex\/","url":"https:\/\/manurefetish.com\/shop\/videos\/cow-slurry-date-in-latex\/","name":"D\u00e1til de pur\u00edn de vaca en l\u00e1tex - ManureFetish","isPartOf":{"@id":"https:\/\/manurefetish.com\/#website"},"primaryImageOfPage":{"@id":"https:\/\/manurefetish.com\/shop\/videos\/cow-slurry-date-in-latex\/#primaryimage"},"image":{"@id":"https:\/\/manurefetish.com\/shop\/videos\/cow-slurry-date-in-latex\/#primaryimage"},"thumbnailUrl":"https:\/\/manurefetish.b-cdn.net\/wp-content\/uploads\/2022\/10\/Betty-Cow-Slurry-Date-in-Latex.jpg","datePublished":"2022-10-31T19:25:48+00:00","dateModified":"2026-03-24T14:35:46+00:00","description":"Cita con caca de vaca en l\u00e1tex, ambos visten bonitas ropas de vinilo y l\u00e1tex que Betty y Stefan cubren de caca de vaca mientras follan entre s\u00ed.","breadcrumb":{"@id":"https:\/\/manurefetish.com\/shop\/videos\/cow-slurry-date-in-latex\/#breadcrumb"},"inLanguage":"es","potentialAction":[{"@type":"ReadAction","target":["https:\/\/manurefetish.com\/shop\/videos\/cow-slurry-date-in-latex\/"]}]},{"@type":"ImageObject","inLanguage":"es","@id":"https:\/\/manurefetish.com\/shop\/videos\/cow-slurry-date-in-latex\/#primaryimage","url":"https:\/\/manurefetish.b-cdn.net\/wp-content\/uploads\/2022\/10\/Betty-Cow-Slurry-Date-in-Latex.jpg","contentUrl":"https:\/\/manurefetish.b-cdn.net\/wp-content\/uploads\/2022\/10\/Betty-Cow-Slurry-Date-in-Latex.jpg","width":1728,"height":576},{"@type":"BreadcrumbList","@id":"https:\/\/manurefetish.com\/shop\/videos\/cow-slurry-date-in-latex\/#breadcrumb","itemListElement":[{"@type":"ListItem","position":1,"name":"Home","item":"https:\/\/manurefetish.com\/"},{"@type":"ListItem","position":2,"name":"Shop","item":"https:\/\/manurefetish.com\/shop\/"},{"@type":"ListItem","position":3,"name":"Videos","item":"https:\/\/manurefetish.com\/product-category\/videos\/"},{"@type":"ListItem","position":4,"name":"Cow Slurry Date In Latex"}]},{"@type":"WebSite","@id":"https:\/\/manurefetish.com\/#website","url":"https:\/\/manurefetish.com\/","name":"ManureFetish","description":"ManureFetish","publisher":{"@id":"https:\/\/manurefetish.com\/#organization"},"potentialAction":[{"@type":"SearchAction","target":{"@type":"EntryPoint","urlTemplate":"https:\/\/manurefetish.com\/?s={search_term_string}"},"query-input":{"@type":"PropertyValueSpecification","valueRequired":true,"valueName":"search_term_string"}}],"inLanguage":"es"},{"@type":"Organization","@id":"https:\/\/manurefetish.com\/#organization","name":"ManureFetish.com","url":"https:\/\/manurefetish.com\/","logo":{"@type":"ImageObject","inLanguage":"es","@id":"https:\/\/manurefetish.com\/#\/schema\/logo\/image\/","url":"https:\/\/manurefetish.com\/wp-content\/uploads\/2019\/06\/1000xmanurefetishcom-michaela-logo-website-shop.png","contentUrl":"https:\/\/manurefetish.com\/wp-content\/uploads\/2019\/06\/1000xmanurefetishcom-michaela-logo-website-shop.png","width":1000,"height":632,"caption":"ManureFetish.com"},"image":{"@id":"https:\/\/manurefetish.com\/#\/schema\/logo\/image\/"},"sameAs":["https:\/\/www.facebook.com\/manurefetish\/","https:\/\/x.com\/Manurefetisch","https:\/\/www.youtube.com\/c\/ManureFetish"],"description":"Estamos creando diversos contenidos fetichistas con modelos femeninos y masculinos por igual.","foundingDate":"2019-07-04","vatID":"DE366928521","numberOfEmployees":{"@type":"QuantitativeValue","minValue":"1","maxValue":"10"}}]},"og_availability":"instock","product_availability":"instock","product_retailer_item_id":"MFW-CSDIL","product_condition":"new"},"_links":{"self":[{"href":"https:\/\/manurefetish.com\/es\/wp-json\/wp\/v2\/product\/77740","targetHints":{"allow":["GET"]}}],"collection":[{"href":"https:\/\/manurefetish.com\/es\/wp-json\/wp\/v2\/product"}],"about":[{"href":"https:\/\/manurefetish.com\/es\/wp-json\/wp\/v2\/types\/product"}],"replies":[{"embeddable":true,"href":"https:\/\/manurefetish.com\/es\/wp-json\/wp\/v2\/comments?post=77740"}],"version-history":[{"count":0,"href":"https:\/\/manurefetish.com\/es\/wp-json\/wp\/v2\/product\/77740\/revisions"}],"wp:featuredmedia":[{"embeddable":true,"href":"https:\/\/manurefetish.com\/es\/wp-json\/wp\/v2\/media\/199042"}],"wp:attachment":[{"href":"https:\/\/manurefetish.com\/es\/wp-json\/wp\/v2\/media?parent=77740"}],"wp:term":[{"taxonomy":"product_brand","embeddable":true,"href":"https:\/\/manurefetish.com\/es\/wp-json\/wp\/v2\/product_brand?post=77740"},{"taxonomy":"product_cat","embeddable":true,"href":"https:\/\/manurefetish.com\/es\/wp-json\/wp\/v2\/product_cat?post=77740"},{"taxonomy":"product_tag","embeddable":true,"href":"https:\/\/manurefetish.com\/es\/wp-json\/wp\/v2\/product_tag?post=77740"}],"curies":[{"name":"wp","href":"https:\/\/api.w.org\/{rel}","templated":true}]}}