{"id":77681,"date":"2023-03-08T13:00:28","date_gmt":"2023-03-08T12:00:28","guid":{"rendered":"https:\/\/manurefetish.com\/?post_type=product&#038;p=77681"},"modified":"2026-03-24T15:34:46","modified_gmt":"2026-03-24T14:34:46","slug":"nights-out-with-betty-and-lyndra","status":"publish","type":"product","link":"https:\/\/manurefetish.com\/es\/shop\/videos\/nights-out-with-betty-and-lyndra\/","title":{"rendered":"Salidas nocturnas con Betty y Lyndra"},"content":{"rendered":"<p><span style=\"font-weight: 400;\">Betty and Lyndra were on their way to a club, but Lyndra wanted to have some fun before. So they both had a little pregame. Lyndra always had a thing for Betty, so she asked Betty if she wanted to have some fun. Betty said yes, and Lyndra&#8217;s eyes lit up with joy, and the two of them made their way to the pool. There was a bucket full of white slime and they started playing with it and rubbing it on each other. They threw it at each other and laughed. Then Lyndra pulled the chain and the cow dung started flowing. Betty and Lyndra let their tops and faces covered and then helped each other get undressed. After they both covered themselves with enough cow dung Lyndra grabbed the strapon and Betty gave it a good Blowjob. After that Lyndra Lynn fucked Betty first in doggy, before Betty rode Lyndra in cowgirl. Then the double dildo was used in the scissor position. The two pushed it in and fucked each other, also without the dildo where both climaxed. Lyndra fingered Betty until a large Golden Shower came and Lyndra was ready for it, she let her face covered by it and drank some of it. At the end both poured themselves with cow dung from the bucket, while they got dressed again and sat down together on the bench.<\/span><\/p>","protected":false},"excerpt":{"rendered":"<p>Betty and Lyndra were on their way to a club, but Lyndra wanted to have some fun before. So they both had a little pregame. Lyndra always had a thing for Betty, so she asked Betty if she wanted to have some fun. Betty said yes, and Lyndra&#8217;s eyes lit up with joy, and the [&hellip;]<\/p>\n","protected":false},"featured_media":199084,"comment_status":"open","ping_status":"closed","template":"","meta":{"_acf_changed":false,"site-sidebar-layout":"default","site-content-layout":"","ast-site-content-layout":"default","site-content-style":"default","site-sidebar-style":"default","ast-global-header-display":"","ast-banner-title-visibility":"","ast-main-header-display":"","ast-hfb-above-header-display":"","ast-hfb-below-header-display":"","ast-hfb-mobile-header-display":"","site-post-title":"","ast-breadcrumbs-content":"","ast-featured-img":"","footer-sml-layout":"","ast-disable-related-posts":"","theme-transparent-header-meta":"default","adv-header-id-meta":"","stick-header-meta":"","header-above-stick-meta":"","header-main-stick-meta":"","header-below-stick-meta":"","astra-migrate-meta-layouts":"set","ast-page-background-enabled":"default","ast-page-background-meta":{"desktop":{"background-color":"var(--ast-global-color-4)","background-image":"","background-repeat":"repeat","background-position":"center center","background-size":"auto","background-attachment":"scroll","background-type":"","background-media":"","overlay-type":"","overlay-color":"","overlay-opacity":"","overlay-gradient":""},"tablet":{"background-color":"","background-image":"","background-repeat":"repeat","background-position":"center center","background-size":"auto","background-attachment":"scroll","background-type":"","background-media":"","overlay-type":"","overlay-color":"","overlay-opacity":"","overlay-gradient":""},"mobile":{"background-color":"","background-image":"","background-repeat":"repeat","background-position":"center center","background-size":"auto","background-attachment":"scroll","background-type":"","background-media":"","overlay-type":"","overlay-color":"","overlay-opacity":"","overlay-gradient":""}},"ast-content-background-meta":{"desktop":{"background-color":"var(--ast-global-color-5)","background-image":"","background-repeat":"repeat","background-position":"center center","background-size":"auto","background-attachment":"scroll","background-type":"","background-media":"","overlay-type":"","overlay-color":"","overlay-opacity":"","overlay-gradient":""},"tablet":{"background-color":"var(--ast-global-color-5)","background-image":"","background-repeat":"repeat","background-position":"center center","background-size":"auto","background-attachment":"scroll","background-type":"","background-media":"","overlay-type":"","overlay-color":"","overlay-opacity":"","overlay-gradient":""},"mobile":{"background-color":"var(--ast-global-color-5)","background-image":"","background-repeat":"repeat","background-position":"center center","background-size":"auto","background-attachment":"scroll","background-type":"","background-media":"","overlay-type":"","overlay-color":"","overlay-opacity":"","overlay-gradient":""}}},"product_brand":[],"product_cat":[4470],"product_tag":[3541,317,2476,2601,318,66,2508,2631,2551,2621,316,64,2557,3030,2972,2624,2304,3523,3334,2552,54,2419,425,2332,3458,2707,2841,2285,2206,3174,65,35,2636,3669,3645,2971,2482,3539,32,3540,3408,34,4482,23,3332,24,2832,3272,2477,2478,358,29,319,1069,3644],"class_list":{"0":"post-77681","1":"product","2":"type-product","3":"status-publish","4":"has-post-thumbnail","6":"product_cat-videos","7":"product_tag-ass-to-ass","8":"product_tag-asshole","9":"product_tag-betty","10":"product_tag-black-hair","11":"product_tag-boobs","12":"product_tag-clothed","13":"product_tag-clothes","14":"product_tag-completely-covered","15":"product_tag-couple","16":"product_tag-cow-dung","17":"product_tag-cunt","18":"product_tag-dildo","19":"product_tag-doggy-style","20":"product_tag-download","21":"product_tag-drinking","22":"product_tag-farm","23":"product_tag-farm-porn","24":"product_tag-fingering","25":"product_tag-fisting","26":"product_tag-fucking","27":"product_tag-full-covered","28":"product_tag-full-hd","29":"product_tag-hair","30":"product_tag-jerking-off","31":"product_tag-leggings","32":"product_tag-lesbian","33":"product_tag-lyndra-lynn","34":"product_tag-masturbate","35":"product_tag-masturbation","36":"product_tag-missionary","37":"product_tag-naked","38":"product_tag-orgasm","39":"product_tag-panties","40":"product_tag-party-girls","41":"product_tag-partygirls","42":"product_tag-pee","43":"product_tag-peeing","44":"product_tag-piss","45":"product_tag-pussy","46":"product_tag-scissoring","47":"product_tag-season-3","48":"product_tag-sex","49":"product_tag-sex-in-cowshit","50":"product_tag-shed","51":"product_tag-slime","52":"product_tag-slurry","53":"product_tag-smearing","54":"product_tag-smoking","55":"product_tag-squirt","56":"product_tag-squirting","57":"product_tag-stuffing","58":"product_tag-submerging","59":"product_tag-tits","60":"product_tag-wam","61":"product_tag-white-slime","62":"pa_audio-info-stereo","63":"pa_format-mp4","64":"pa_length-38-minutes","65":"pa_product-type-digital-download-full-hd-video","66":"pa_product-type-digital-download-ultra-hd-video","67":"pa_product-type-usb-stick","68":"pa_size-fhd-8-48-gb","69":"pa_size-uhd-13-8-gb","70":"pa_video-info-full-hd-1920x1080p","71":"pa_video-info-ultra-hd-4k","72":"desktop-align-center","73":"tablet-align-left","74":"mobile-align-left","76":"first","77":"instock","78":"shipping-taxable","79":"purchasable","80":"product-type-variable","81":"has-default-attributes"},"exclude_global_add_ons":[],"addons":[],"acf":[],"yoast_head":"<!-- This site is optimized with the Yoast SEO Premium plugin v27.1 (Yoast SEO v27.1.1) - https:\/\/yoast.com\/product\/yoast-seo-premium-wordpress\/ -->\n<title>Nights out with Betty and Lyndra - ManureFetish<\/title>\n<meta name=\"description\" content=\"Nights out with Betty and Lyndra, both have some very filthy fun with cowshit and slime and also some peeing involved in all their lesbian action\" \/>\n<meta name=\"robots\" content=\"index, follow, max-snippet:-1, max-image-preview:large, max-video-preview:-1\" \/>\n<link rel=\"canonical\" href=\"https:\/\/manurefetish.com\/es\/shop\/videos\/nights-out-with-betty-and-lyndra\/\" \/>\n<meta name=\"twitter:card\" content=\"summary_large_image\" \/>\n<meta name=\"twitter:title\" content=\"Nights out with Betty and Lyndra - ManureFetish\" \/>\n<meta name=\"twitter:description\" content=\"Nights out with Betty and Lyndra, both have some very filthy fun with cowshit and slime and also some peeing involved in all their lesbian action\" \/>\n<meta name=\"twitter:image\" content=\"https:\/\/manurefetish.b-cdn.net\/wp-content\/uploads\/2023\/03\/Nights-Out-with-Betty-and-Lyndra.jpg\" \/>\n<meta name=\"twitter:site\" content=\"@Manurefetisch\" \/>\n<script type=\"application\/ld+json\" class=\"yoast-schema-graph\">{\"@context\":\"https:\/\/schema.org\",\"@graph\":[{\"@type\":\"WebPage\",\"@id\":\"https:\/\/manurefetish.com\/shop\/videos\/nights-out-with-betty-and-lyndra\/\",\"url\":\"https:\/\/manurefetish.com\/shop\/videos\/nights-out-with-betty-and-lyndra\/\",\"name\":\"Nights out with Betty and Lyndra - ManureFetish\",\"isPartOf\":{\"@id\":\"https:\/\/de.manurefetish.com\/#website\"},\"primaryImageOfPage\":{\"@id\":\"https:\/\/manurefetish.com\/shop\/videos\/nights-out-with-betty-and-lyndra\/#primaryimage\"},\"image\":{\"@id\":\"https:\/\/manurefetish.com\/shop\/videos\/nights-out-with-betty-and-lyndra\/#primaryimage\"},\"thumbnailUrl\":\"https:\/\/manurefetish.b-cdn.net\/wp-content\/uploads\/2023\/03\/Nights-Out-with-Betty-and-Lyndra.jpg\",\"datePublished\":\"2023-03-08T12:00:28+00:00\",\"dateModified\":\"2026-03-24T14:34:46+00:00\",\"description\":\"Nights out with Betty and Lyndra, both have some very filthy fun with cowshit and slime and also some peeing involved in all their lesbian action\",\"breadcrumb\":{\"@id\":\"https:\/\/manurefetish.com\/shop\/videos\/nights-out-with-betty-and-lyndra\/#breadcrumb\"},\"inLanguage\":\"es\",\"potentialAction\":[{\"@type\":\"ReadAction\",\"target\":[\"https:\/\/manurefetish.com\/shop\/videos\/nights-out-with-betty-and-lyndra\/\"]}]},{\"@type\":\"ImageObject\",\"inLanguage\":\"es\",\"@id\":\"https:\/\/manurefetish.com\/shop\/videos\/nights-out-with-betty-and-lyndra\/#primaryimage\",\"url\":\"https:\/\/manurefetish.b-cdn.net\/wp-content\/uploads\/2023\/03\/Nights-Out-with-Betty-and-Lyndra.jpg\",\"contentUrl\":\"https:\/\/manurefetish.b-cdn.net\/wp-content\/uploads\/2023\/03\/Nights-Out-with-Betty-and-Lyndra.jpg\",\"width\":1728,\"height\":576},{\"@type\":\"BreadcrumbList\",\"@id\":\"https:\/\/manurefetish.com\/shop\/videos\/nights-out-with-betty-and-lyndra\/#breadcrumb\",\"itemListElement\":[{\"@type\":\"ListItem\",\"position\":1,\"name\":\"Home\",\"item\":\"https:\/\/manurefetish.com\/\"},{\"@type\":\"ListItem\",\"position\":2,\"name\":\"Shop\",\"item\":\"https:\/\/manurefetish.com\/shop\/\"},{\"@type\":\"ListItem\",\"position\":3,\"name\":\"Videos\",\"item\":\"https:\/\/manurefetish.com\/product-category\/videos\/\"},{\"@type\":\"ListItem\",\"position\":4,\"name\":\"Nights out with Betty and Lyndra\"}]},{\"@type\":\"WebSite\",\"@id\":\"https:\/\/de.manurefetish.com\/#website\",\"url\":\"https:\/\/de.manurefetish.com\/\",\"name\":\"ManureFetish\",\"description\":\"ManureFetish Shop\",\"publisher\":{\"@id\":\"https:\/\/de.manurefetish.com\/#organization\"},\"potentialAction\":[{\"@type\":\"SearchAction\",\"target\":{\"@type\":\"EntryPoint\",\"urlTemplate\":\"https:\/\/de.manurefetish.com\/?s={search_term_string}\"},\"query-input\":{\"@type\":\"PropertyValueSpecification\",\"valueRequired\":true,\"valueName\":\"search_term_string\"}}],\"inLanguage\":\"es\"},{\"@type\":\"Organization\",\"@id\":\"https:\/\/de.manurefetish.com\/#organization\",\"name\":\"ManureFetish.com\",\"url\":\"https:\/\/de.manurefetish.com\/\",\"logo\":{\"@type\":\"ImageObject\",\"inLanguage\":\"es\",\"@id\":\"https:\/\/de.manurefetish.com\/#\/schema\/logo\/image\/\",\"url\":\"https:\/\/manurefetish.com\/wp-content\/uploads\/2019\/06\/1000xmanurefetishcom-michaela-logo-website-shop.png\",\"contentUrl\":\"https:\/\/manurefetish.com\/wp-content\/uploads\/2019\/06\/1000xmanurefetishcom-michaela-logo-website-shop.png\",\"width\":1000,\"height\":632,\"caption\":\"ManureFetish.com\"},\"image\":{\"@id\":\"https:\/\/de.manurefetish.com\/#\/schema\/logo\/image\/\"},\"sameAs\":[\"https:\/\/www.facebook.com\/manurefetish\/\",\"https:\/\/x.com\/Manurefetisch\",\"https:\/\/www.youtube.com\/c\/ManureFetish\"],\"description\":\"We're creating various fetish content with female and male models alike.\",\"foundingDate\":\"2019-07-04\",\"vatID\":\"DE366928521\",\"numberOfEmployees\":{\"@type\":\"QuantitativeValue\",\"minValue\":\"1\",\"maxValue\":\"10\"}}]}<\/script>\n<meta property=\"og:availability\" content=\"instock\" \/>\n<meta property=\"product:availability\" content=\"instock\" \/>\n<meta property=\"product:retailer_item_id\" content=\"MFW-NOWBL\" \/>\n<meta property=\"product:condition\" content=\"new\" \/>\n<!-- \/ Yoast SEO Premium plugin. -->","yoast_head_json":{"title":"Noches de fiesta con Betty y Lyndra - ManureFetish","description":"Noches de juerga con Betty y Lyndra, ambas se divierten de forma muy guarra con caca de vaca y baba y tambi\u00e9n con alg\u00fan pis involucrado en toda su acci\u00f3n l\u00e9sbica","robots":{"index":"index","follow":"follow","max-snippet":"max-snippet:-1","max-image-preview":"max-image-preview:large","max-video-preview":"max-video-preview:-1"},"canonical":"https:\/\/manurefetish.com\/es\/shop\/videos\/nights-out-with-betty-and-lyndra\/","twitter_card":"summary_large_image","twitter_title":"Nights out with Betty and Lyndra - ManureFetish","twitter_description":"Nights out with Betty and Lyndra, both have some very filthy fun with cowshit and slime and also some peeing involved in all their lesbian action","twitter_image":"https:\/\/manurefetish.b-cdn.net\/wp-content\/uploads\/2023\/03\/Nights-Out-with-Betty-and-Lyndra.jpg","twitter_site":"@Manurefetisch","schema":{"@context":"https:\/\/schema.org","@graph":[{"@type":"WebPage","@id":"https:\/\/manurefetish.com\/shop\/videos\/nights-out-with-betty-and-lyndra\/","url":"https:\/\/manurefetish.com\/shop\/videos\/nights-out-with-betty-and-lyndra\/","name":"Noches de fiesta con Betty y Lyndra - ManureFetish","isPartOf":{"@id":"https:\/\/de.manurefetish.com\/#website"},"primaryImageOfPage":{"@id":"https:\/\/manurefetish.com\/shop\/videos\/nights-out-with-betty-and-lyndra\/#primaryimage"},"image":{"@id":"https:\/\/manurefetish.com\/shop\/videos\/nights-out-with-betty-and-lyndra\/#primaryimage"},"thumbnailUrl":"https:\/\/manurefetish.b-cdn.net\/wp-content\/uploads\/2023\/03\/Nights-Out-with-Betty-and-Lyndra.jpg","datePublished":"2023-03-08T12:00:28+00:00","dateModified":"2026-03-24T14:34:46+00:00","description":"Noches de juerga con Betty y Lyndra, ambas se divierten de forma muy guarra con caca de vaca y baba y tambi\u00e9n con alg\u00fan pis involucrado en toda su acci\u00f3n l\u00e9sbica","breadcrumb":{"@id":"https:\/\/manurefetish.com\/shop\/videos\/nights-out-with-betty-and-lyndra\/#breadcrumb"},"inLanguage":"es","potentialAction":[{"@type":"ReadAction","target":["https:\/\/manurefetish.com\/shop\/videos\/nights-out-with-betty-and-lyndra\/"]}]},{"@type":"ImageObject","inLanguage":"es","@id":"https:\/\/manurefetish.com\/shop\/videos\/nights-out-with-betty-and-lyndra\/#primaryimage","url":"https:\/\/manurefetish.b-cdn.net\/wp-content\/uploads\/2023\/03\/Nights-Out-with-Betty-and-Lyndra.jpg","contentUrl":"https:\/\/manurefetish.b-cdn.net\/wp-content\/uploads\/2023\/03\/Nights-Out-with-Betty-and-Lyndra.jpg","width":1728,"height":576},{"@type":"BreadcrumbList","@id":"https:\/\/manurefetish.com\/shop\/videos\/nights-out-with-betty-and-lyndra\/#breadcrumb","itemListElement":[{"@type":"ListItem","position":1,"name":"Home","item":"https:\/\/manurefetish.com\/"},{"@type":"ListItem","position":2,"name":"Shop","item":"https:\/\/manurefetish.com\/shop\/"},{"@type":"ListItem","position":3,"name":"Videos","item":"https:\/\/manurefetish.com\/product-category\/videos\/"},{"@type":"ListItem","position":4,"name":"Nights out with Betty and Lyndra"}]},{"@type":"WebSite","@id":"https:\/\/de.manurefetish.com\/#website","url":"https:\/\/de.manurefetish.com\/","name":"ManureFetish","description":"ManureFetish","publisher":{"@id":"https:\/\/de.manurefetish.com\/#organization"},"potentialAction":[{"@type":"SearchAction","target":{"@type":"EntryPoint","urlTemplate":"https:\/\/de.manurefetish.com\/?s={search_term_string}"},"query-input":{"@type":"PropertyValueSpecification","valueRequired":true,"valueName":"search_term_string"}}],"inLanguage":"es"},{"@type":"Organization","@id":"https:\/\/de.manurefetish.com\/#organization","name":"ManureFetish.com","url":"https:\/\/de.manurefetish.com\/","logo":{"@type":"ImageObject","inLanguage":"es","@id":"https:\/\/de.manurefetish.com\/#\/schema\/logo\/image\/","url":"https:\/\/manurefetish.com\/wp-content\/uploads\/2019\/06\/1000xmanurefetishcom-michaela-logo-website-shop.png","contentUrl":"https:\/\/manurefetish.com\/wp-content\/uploads\/2019\/06\/1000xmanurefetishcom-michaela-logo-website-shop.png","width":1000,"height":632,"caption":"ManureFetish.com"},"image":{"@id":"https:\/\/de.manurefetish.com\/#\/schema\/logo\/image\/"},"sameAs":["https:\/\/www.facebook.com\/manurefetish\/","https:\/\/x.com\/Manurefetisch","https:\/\/www.youtube.com\/c\/ManureFetish"],"description":"Estamos creando diversos contenidos fetichistas con modelos femeninos y masculinos por igual.","foundingDate":"2019-07-04","vatID":"DE366928521","numberOfEmployees":{"@type":"QuantitativeValue","minValue":"1","maxValue":"10"}}]},"og_availability":"instock","product_availability":"instock","product_retailer_item_id":"MFW-NOWBL","product_condition":"new"},"_links":{"self":[{"href":"https:\/\/manurefetish.com\/es\/wp-json\/wp\/v2\/product\/77681","targetHints":{"allow":["GET"]}}],"collection":[{"href":"https:\/\/manurefetish.com\/es\/wp-json\/wp\/v2\/product"}],"about":[{"href":"https:\/\/manurefetish.com\/es\/wp-json\/wp\/v2\/types\/product"}],"replies":[{"embeddable":true,"href":"https:\/\/manurefetish.com\/es\/wp-json\/wp\/v2\/comments?post=77681"}],"version-history":[{"count":0,"href":"https:\/\/manurefetish.com\/es\/wp-json\/wp\/v2\/product\/77681\/revisions"}],"wp:featuredmedia":[{"embeddable":true,"href":"https:\/\/manurefetish.com\/es\/wp-json\/wp\/v2\/media\/199084"}],"wp:attachment":[{"href":"https:\/\/manurefetish.com\/es\/wp-json\/wp\/v2\/media?parent=77681"}],"wp:term":[{"taxonomy":"product_brand","embeddable":true,"href":"https:\/\/manurefetish.com\/es\/wp-json\/wp\/v2\/product_brand?post=77681"},{"taxonomy":"product_cat","embeddable":true,"href":"https:\/\/manurefetish.com\/es\/wp-json\/wp\/v2\/product_cat?post=77681"},{"taxonomy":"product_tag","embeddable":true,"href":"https:\/\/manurefetish.com\/es\/wp-json\/wp\/v2\/product_tag?post=77681"}],"curies":[{"name":"wp","href":"https:\/\/api.w.org\/{rel}","templated":true}]}}