{"id":69958,"date":"2022-09-08T21:10:25","date_gmt":"2022-09-08T19:10:25","guid":{"rendered":"https:\/\/manurefetish.com\/?post_type=product&#038;p=69958"},"modified":"2026-03-24T15:36:05","modified_gmt":"2026-03-24T14:36:05","slug":"collecting-cow-dung","status":"publish","type":"product","link":"https:\/\/manurefetish.com\/es\/shop\/videos\/collecting-cow-dung\/","title":{"rendered":"Recogida de esti\u00e9rcol de vaca"},"content":{"rendered":"<p><span style=\"font-weight: 400;\">De nuevo estaba en el prado de las vacas con mi cubo. Recog\u00ed diligentemente las hamburguesas frescas de vaca. Mi cubo se llen\u00f3 r\u00e1pidamente y tambi\u00e9n tuve que vaciarme. Me siento en el prado directamente sobre una hamburguesa de vaca y la dejo correr, mis bragas y mis vaqueros se mojan mucho. Luego cubro mis vaqueros y mis zapatillas con la bosta de vaca y, por supuesto, tambi\u00e9n mi top. Luego me desnudo hasta la ropa interior y me cubro todo el cuerpo con esti\u00e9rcol de vaca. Me siento tan honrada que no puedo aguantar m\u00e1s y empiezo a meterme el dedo en mi co\u00f1o mojado y, por supuesto, tambi\u00e9n en mi culo apretado. Primero con el dedo, luego con el consolador. Despu\u00e9s de follarme el culo con el consolador, cojo mi segundo consolador y me follo el co\u00f1o con \u00e9l hasta que tengo un fuerte y agradable orgasmo. Eso no fue todo, por supuesto, a lo perrito me froto el cl\u00edtoris hasta que tengo ganas de mear. Despu\u00e9s disfruto del esti\u00e9rcol de vaca en mi piel y tambi\u00e9n empujo mi cara en el esti\u00e9rcol de vaca.<\/span><\/p>","protected":false},"excerpt":{"rendered":"<p>I was once again in the cow pasture with my bucket. I diligently collect the fresh cow patties. My bucket was full pretty quickly and I had to empty myself too. I sit down on the meadow directly in a cow patty and just let it run, my panties and jeans get very wet.. Then [&hellip;]<\/p>\n","protected":false},"featured_media":199048,"comment_status":"open","ping_status":"closed","template":"","meta":{"_acf_changed":false,"site-sidebar-layout":"default","site-content-layout":"","ast-site-content-layout":"default","site-content-style":"default","site-sidebar-style":"default","ast-global-header-display":"","ast-banner-title-visibility":"","ast-main-header-display":"","ast-hfb-above-header-display":"","ast-hfb-below-header-display":"","ast-hfb-mobile-header-display":"","site-post-title":"","ast-breadcrumbs-content":"","ast-featured-img":"","footer-sml-layout":"","ast-disable-related-posts":"","theme-transparent-header-meta":"default","adv-header-id-meta":"","stick-header-meta":"","header-above-stick-meta":"","header-main-stick-meta":"","header-below-stick-meta":"","astra-migrate-meta-layouts":"set","ast-page-background-enabled":"default","ast-page-background-meta":{"desktop":{"background-color":"var(--ast-global-color-4)","background-image":"","background-repeat":"repeat","background-position":"center center","background-size":"auto","background-attachment":"scroll","background-type":"","background-media":"","overlay-type":"","overlay-color":"","overlay-opacity":"","overlay-gradient":""},"tablet":{"background-color":"","background-image":"","background-repeat":"repeat","background-position":"center center","background-size":"auto","background-attachment":"scroll","background-type":"","background-media":"","overlay-type":"","overlay-color":"","overlay-opacity":"","overlay-gradient":""},"mobile":{"background-color":"","background-image":"","background-repeat":"repeat","background-position":"center center","background-size":"auto","background-attachment":"scroll","background-type":"","background-media":"","overlay-type":"","overlay-color":"","overlay-opacity":"","overlay-gradient":""}},"ast-content-background-meta":{"desktop":{"background-color":"var(--ast-global-color-5)","background-image":"","background-repeat":"repeat","background-position":"center center","background-size":"auto","background-attachment":"scroll","background-type":"","background-media":"","overlay-type":"","overlay-color":"","overlay-opacity":"","overlay-gradient":""},"tablet":{"background-color":"var(--ast-global-color-5)","background-image":"","background-repeat":"repeat","background-position":"center center","background-size":"auto","background-attachment":"scroll","background-type":"","background-media":"","overlay-type":"","overlay-color":"","overlay-opacity":"","overlay-gradient":""},"mobile":{"background-color":"var(--ast-global-color-5)","background-image":"","background-repeat":"repeat","background-position":"center center","background-size":"auto","background-attachment":"scroll","background-type":"","background-media":"","overlay-type":"","overlay-color":"","overlay-opacity":"","overlay-gradient":""}}},"product_brand":[],"product_cat":[4470],"product_tag":[17,317,2623,3295,3455,2395,318,2632,19,2621,362,316,64,3030,54,2419,3585,2582,2841,18,2285,2206,65,35,360,3586,2482,3591,32,3408,4482,23,24,2832,3286,319,2368,2676,3233,3592],"class_list":{"0":"post-69958","1":"product","2":"type-product","3":"status-publish","4":"has-post-thumbnail","6":"product_cat-videos","7":"product_tag-anal","8":"product_tag-asshole","9":"product_tag-barn","10":"product_tag-basin","11":"product_tag-bathrobe","12":"product_tag-bikini","13":"product_tag-boobs","14":"product_tag-bra","15":"product_tag-cow","16":"product_tag-cow-dung","17":"product_tag-cow-pasture","18":"product_tag-cunt","19":"product_tag-dildo","20":"product_tag-download","21":"product_tag-full-covered","22":"product_tag-full-hd","23":"product_tag-hotpants","24":"product_tag-jeans","25":"product_tag-lyndra-lynn","26":"product_tag-manure","27":"product_tag-masturbate","28":"product_tag-masturbation","29":"product_tag-naked","30":"product_tag-orgasm","31":"product_tag-outdoor","32":"product_tag-pantys","33":"product_tag-peeing","34":"product_tag-public","35":"product_tag-pussy","36":"product_tag-season-3","37":"product_tag-sex-in-cowshit","38":"product_tag-shed","39":"product_tag-slurry","40":"product_tag-smearing","41":"product_tag-sticky","42":"product_tag-tits","43":"product_tag-ultra-hd","44":"product_tag-underwear","45":"product_tag-waifu","46":"product_tag-wetting","47":"pa_audio-info-stereo","48":"pa_format-mp4","49":"pa_length-36-minutes","50":"pa_product-type-digital-download-full-hd-video","51":"pa_product-type-digital-download-ultra-hd-video","52":"pa_product-type-usb-stick","53":"pa_size-fhd-8-03-gb","54":"pa_size-uhd-10-7-gb","55":"pa_video-info-full-hd-1920x1080p","56":"pa_video-info-ultra-hd-4k","57":"desktop-align-center","58":"tablet-align-left","59":"mobile-align-left","61":"first","62":"instock","63":"shipping-taxable","64":"purchasable","65":"product-type-variable"},"exclude_global_add_ons":[],"addons":[],"acf":[],"yoast_head":"<!-- This site is optimized with the Yoast SEO Premium plugin v27.1 (Yoast SEO v27.1.1) - https:\/\/yoast.com\/product\/yoast-seo-premium-wordpress\/ -->\n<title>Collecting Cow Dung - ManureFetish - outdoor orgasm<\/title>\n<meta name=\"description\" content=\"Collecting Cow Dung, Lyndra Lynn is back on the cow pasture and collects fresh creamy cowshit to masturbate and cover herself with.\" \/>\n<meta name=\"robots\" content=\"index, follow, max-snippet:-1, max-image-preview:large, max-video-preview:-1\" \/>\n<link rel=\"canonical\" href=\"https:\/\/manurefetish.com\/es\/shop\/videos\/collecting-cow-dung\/\" \/>\n<meta property=\"og:locale\" content=\"es_ES\" \/>\n<meta property=\"og:type\" content=\"article\" \/>\n<meta property=\"og:title\" content=\"Collecting Cow Dung\" \/>\n<meta property=\"og:description\" content=\"Collecting Cow Dung, Lyndra Lynn is back on the cow pasture and collects fresh creamy cowshit to masturbate and cover herself with.\" \/>\n<meta property=\"og:url\" content=\"https:\/\/manurefetish.com\/es\/shop\/videos\/collecting-cow-dung\/\" \/>\n<meta property=\"og:site_name\" content=\"ManureFetish\" \/>\n<meta property=\"article:publisher\" content=\"https:\/\/www.facebook.com\/manurefetish\/\" \/>\n<meta property=\"article:modified_time\" content=\"2026-03-24T14:36:05+00:00\" \/>\n<meta property=\"og:image\" content=\"https:\/\/manurefetish.com\/wp-content\/uploads\/2022\/09\/Lyndra-Lynn-Collecting-Cow-Dung.jpg\" \/>\n\t<meta property=\"og:image:width\" content=\"1728\" \/>\n\t<meta property=\"og:image:height\" content=\"576\" \/>\n\t<meta property=\"og:image:type\" content=\"image\/jpeg\" \/>\n<meta name=\"twitter:card\" content=\"summary_large_image\" \/>\n<meta name=\"twitter:site\" content=\"@Manurefetisch\" \/>\n<script type=\"application\/ld+json\" class=\"yoast-schema-graph\">{\"@context\":\"https:\/\/schema.org\",\"@graph\":[{\"@type\":\"WebPage\",\"@id\":\"https:\/\/manurefetish.com\/shop\/videos\/collecting-cow-dung\/\",\"url\":\"https:\/\/manurefetish.com\/shop\/videos\/collecting-cow-dung\/\",\"name\":\"Collecting Cow Dung - ManureFetish - outdoor orgasm\",\"isPartOf\":{\"@id\":\"https:\/\/manurefetish.com\/#website\"},\"primaryImageOfPage\":{\"@id\":\"https:\/\/manurefetish.com\/shop\/videos\/collecting-cow-dung\/#primaryimage\"},\"image\":{\"@id\":\"https:\/\/manurefetish.com\/shop\/videos\/collecting-cow-dung\/#primaryimage\"},\"thumbnailUrl\":\"https:\/\/manurefetish.b-cdn.net\/wp-content\/uploads\/2022\/09\/Lyndra-Lynn-Collecting-Cow-Dung.jpg\",\"datePublished\":\"2022-09-08T19:10:25+00:00\",\"dateModified\":\"2026-03-24T14:36:05+00:00\",\"description\":\"Collecting Cow Dung, Lyndra Lynn is back on the cow pasture and collects fresh creamy cowshit to masturbate and cover herself with.\",\"breadcrumb\":{\"@id\":\"https:\/\/manurefetish.com\/shop\/videos\/collecting-cow-dung\/#breadcrumb\"},\"inLanguage\":\"es\",\"potentialAction\":[{\"@type\":\"ReadAction\",\"target\":[\"https:\/\/manurefetish.com\/shop\/videos\/collecting-cow-dung\/\"]}]},{\"@type\":\"ImageObject\",\"inLanguage\":\"es\",\"@id\":\"https:\/\/manurefetish.com\/shop\/videos\/collecting-cow-dung\/#primaryimage\",\"url\":\"https:\/\/manurefetish.b-cdn.net\/wp-content\/uploads\/2022\/09\/Lyndra-Lynn-Collecting-Cow-Dung.jpg\",\"contentUrl\":\"https:\/\/manurefetish.b-cdn.net\/wp-content\/uploads\/2022\/09\/Lyndra-Lynn-Collecting-Cow-Dung.jpg\",\"width\":1728,\"height\":576},{\"@type\":\"BreadcrumbList\",\"@id\":\"https:\/\/manurefetish.com\/shop\/videos\/collecting-cow-dung\/#breadcrumb\",\"itemListElement\":[{\"@type\":\"ListItem\",\"position\":1,\"name\":\"Home\",\"item\":\"https:\/\/manurefetish.com\/\"},{\"@type\":\"ListItem\",\"position\":2,\"name\":\"Shop\",\"item\":\"https:\/\/manurefetish.com\/shop\/\"},{\"@type\":\"ListItem\",\"position\":3,\"name\":\"Videos\",\"item\":\"https:\/\/manurefetish.com\/product-category\/videos\/\"},{\"@type\":\"ListItem\",\"position\":4,\"name\":\"Collecting Cow Dung\"}]},{\"@type\":\"WebSite\",\"@id\":\"https:\/\/manurefetish.com\/#website\",\"url\":\"https:\/\/manurefetish.com\/\",\"name\":\"ManureFetish\",\"description\":\"ManureFetish Shop\",\"publisher\":{\"@id\":\"https:\/\/manurefetish.com\/#organization\"},\"potentialAction\":[{\"@type\":\"SearchAction\",\"target\":{\"@type\":\"EntryPoint\",\"urlTemplate\":\"https:\/\/manurefetish.com\/?s={search_term_string}\"},\"query-input\":{\"@type\":\"PropertyValueSpecification\",\"valueRequired\":true,\"valueName\":\"search_term_string\"}}],\"inLanguage\":\"es\"},{\"@type\":\"Organization\",\"@id\":\"https:\/\/manurefetish.com\/#organization\",\"name\":\"ManureFetish.com\",\"url\":\"https:\/\/manurefetish.com\/\",\"logo\":{\"@type\":\"ImageObject\",\"inLanguage\":\"es\",\"@id\":\"https:\/\/manurefetish.com\/#\/schema\/logo\/image\/\",\"url\":\"https:\/\/manurefetish.com\/wp-content\/uploads\/2019\/06\/1000xmanurefetishcom-michaela-logo-website-shop.png\",\"contentUrl\":\"https:\/\/manurefetish.com\/wp-content\/uploads\/2019\/06\/1000xmanurefetishcom-michaela-logo-website-shop.png\",\"width\":1000,\"height\":632,\"caption\":\"ManureFetish.com\"},\"image\":{\"@id\":\"https:\/\/manurefetish.com\/#\/schema\/logo\/image\/\"},\"sameAs\":[\"https:\/\/www.facebook.com\/manurefetish\/\",\"https:\/\/x.com\/Manurefetisch\",\"https:\/\/www.youtube.com\/c\/ManureFetish\"],\"description\":\"We're creating various fetish content with female and male models alike.\",\"foundingDate\":\"2019-07-04\",\"vatID\":\"DE366928521\",\"numberOfEmployees\":{\"@type\":\"QuantitativeValue\",\"minValue\":\"1\",\"maxValue\":\"10\"}}]}<\/script>\n<meta property=\"og:availability\" content=\"instock\" \/>\n<meta property=\"product:availability\" content=\"instock\" \/>\n<meta property=\"product:retailer_item_id\" content=\"MFW-LYNN-CCD\" \/>\n<meta property=\"product:condition\" content=\"new\" \/>\n<!-- \/ Yoast SEO Premium plugin. -->","yoast_head_json":{"title":"Recogiendo esti\u00e9rcol de vaca - ManureFetish - orgasmo al aire libre","description":"Recogiendo Esti\u00e9rcol de Vaca, Lyndra Lynn est\u00e1 de vuelta en el prado de las vacas y recoge cremosa mierda de vaca fresca para masturbarse y cubrirse con ella.","robots":{"index":"index","follow":"follow","max-snippet":"max-snippet:-1","max-image-preview":"max-image-preview:large","max-video-preview":"max-video-preview:-1"},"canonical":"https:\/\/manurefetish.com\/es\/shop\/videos\/collecting-cow-dung\/","og_locale":"es_ES","og_type":"article","og_title":"Collecting Cow Dung","og_description":"Collecting Cow Dung, Lyndra Lynn is back on the cow pasture and collects fresh creamy cowshit to masturbate and cover herself with.","og_url":"https:\/\/manurefetish.com\/es\/shop\/videos\/collecting-cow-dung\/","og_site_name":"ManureFetish","article_publisher":"https:\/\/www.facebook.com\/manurefetish\/","article_modified_time":"2026-03-24T14:36:05+00:00","og_image":[{"width":1728,"height":576,"url":"https:\/\/manurefetish.com\/wp-content\/uploads\/2022\/09\/Lyndra-Lynn-Collecting-Cow-Dung.jpg","type":"image\/jpeg"}],"twitter_card":"summary_large_image","twitter_site":"@Manurefetisch","schema":{"@context":"https:\/\/schema.org","@graph":[{"@type":"WebPage","@id":"https:\/\/manurefetish.com\/shop\/videos\/collecting-cow-dung\/","url":"https:\/\/manurefetish.com\/shop\/videos\/collecting-cow-dung\/","name":"Recogiendo esti\u00e9rcol de vaca - ManureFetish - orgasmo al aire libre","isPartOf":{"@id":"https:\/\/manurefetish.com\/#website"},"primaryImageOfPage":{"@id":"https:\/\/manurefetish.com\/shop\/videos\/collecting-cow-dung\/#primaryimage"},"image":{"@id":"https:\/\/manurefetish.com\/shop\/videos\/collecting-cow-dung\/#primaryimage"},"thumbnailUrl":"https:\/\/manurefetish.b-cdn.net\/wp-content\/uploads\/2022\/09\/Lyndra-Lynn-Collecting-Cow-Dung.jpg","datePublished":"2022-09-08T19:10:25+00:00","dateModified":"2026-03-24T14:36:05+00:00","description":"Recogiendo Esti\u00e9rcol de Vaca, Lyndra Lynn est\u00e1 de vuelta en el prado de las vacas y recoge cremosa mierda de vaca fresca para masturbarse y cubrirse con ella.","breadcrumb":{"@id":"https:\/\/manurefetish.com\/shop\/videos\/collecting-cow-dung\/#breadcrumb"},"inLanguage":"es","potentialAction":[{"@type":"ReadAction","target":["https:\/\/manurefetish.com\/shop\/videos\/collecting-cow-dung\/"]}]},{"@type":"ImageObject","inLanguage":"es","@id":"https:\/\/manurefetish.com\/shop\/videos\/collecting-cow-dung\/#primaryimage","url":"https:\/\/manurefetish.b-cdn.net\/wp-content\/uploads\/2022\/09\/Lyndra-Lynn-Collecting-Cow-Dung.jpg","contentUrl":"https:\/\/manurefetish.b-cdn.net\/wp-content\/uploads\/2022\/09\/Lyndra-Lynn-Collecting-Cow-Dung.jpg","width":1728,"height":576},{"@type":"BreadcrumbList","@id":"https:\/\/manurefetish.com\/shop\/videos\/collecting-cow-dung\/#breadcrumb","itemListElement":[{"@type":"ListItem","position":1,"name":"Home","item":"https:\/\/manurefetish.com\/"},{"@type":"ListItem","position":2,"name":"Shop","item":"https:\/\/manurefetish.com\/shop\/"},{"@type":"ListItem","position":3,"name":"Videos","item":"https:\/\/manurefetish.com\/product-category\/videos\/"},{"@type":"ListItem","position":4,"name":"Collecting Cow Dung"}]},{"@type":"WebSite","@id":"https:\/\/manurefetish.com\/#website","url":"https:\/\/manurefetish.com\/","name":"ManureFetish","description":"ManureFetish","publisher":{"@id":"https:\/\/manurefetish.com\/#organization"},"potentialAction":[{"@type":"SearchAction","target":{"@type":"EntryPoint","urlTemplate":"https:\/\/manurefetish.com\/?s={search_term_string}"},"query-input":{"@type":"PropertyValueSpecification","valueRequired":true,"valueName":"search_term_string"}}],"inLanguage":"es"},{"@type":"Organization","@id":"https:\/\/manurefetish.com\/#organization","name":"ManureFetish.com","url":"https:\/\/manurefetish.com\/","logo":{"@type":"ImageObject","inLanguage":"es","@id":"https:\/\/manurefetish.com\/#\/schema\/logo\/image\/","url":"https:\/\/manurefetish.com\/wp-content\/uploads\/2019\/06\/1000xmanurefetishcom-michaela-logo-website-shop.png","contentUrl":"https:\/\/manurefetish.com\/wp-content\/uploads\/2019\/06\/1000xmanurefetishcom-michaela-logo-website-shop.png","width":1000,"height":632,"caption":"ManureFetish.com"},"image":{"@id":"https:\/\/manurefetish.com\/#\/schema\/logo\/image\/"},"sameAs":["https:\/\/www.facebook.com\/manurefetish\/","https:\/\/x.com\/Manurefetisch","https:\/\/www.youtube.com\/c\/ManureFetish"],"description":"Estamos creando diversos contenidos fetichistas con modelos femeninos y masculinos por igual.","foundingDate":"2019-07-04","vatID":"DE366928521","numberOfEmployees":{"@type":"QuantitativeValue","minValue":"1","maxValue":"10"}}]},"og_availability":"instock","product_availability":"instock","product_retailer_item_id":"MFW-LYNN-CCD","product_condition":"new"},"_links":{"self":[{"href":"https:\/\/manurefetish.com\/es\/wp-json\/wp\/v2\/product\/69958","targetHints":{"allow":["GET"]}}],"collection":[{"href":"https:\/\/manurefetish.com\/es\/wp-json\/wp\/v2\/product"}],"about":[{"href":"https:\/\/manurefetish.com\/es\/wp-json\/wp\/v2\/types\/product"}],"replies":[{"embeddable":true,"href":"https:\/\/manurefetish.com\/es\/wp-json\/wp\/v2\/comments?post=69958"}],"version-history":[{"count":0,"href":"https:\/\/manurefetish.com\/es\/wp-json\/wp\/v2\/product\/69958\/revisions"}],"wp:featuredmedia":[{"embeddable":true,"href":"https:\/\/manurefetish.com\/es\/wp-json\/wp\/v2\/media\/199048"}],"wp:attachment":[{"href":"https:\/\/manurefetish.com\/es\/wp-json\/wp\/v2\/media?parent=69958"}],"wp:term":[{"taxonomy":"product_brand","embeddable":true,"href":"https:\/\/manurefetish.com\/es\/wp-json\/wp\/v2\/product_brand?post=69958"},{"taxonomy":"product_cat","embeddable":true,"href":"https:\/\/manurefetish.com\/es\/wp-json\/wp\/v2\/product_cat?post=69958"},{"taxonomy":"product_tag","embeddable":true,"href":"https:\/\/manurefetish.com\/es\/wp-json\/wp\/v2\/product_tag?post=69958"}],"curies":[{"name":"wp","href":"https:\/\/api.w.org\/{rel}","templated":true}]}}