{"id":69947,"date":"2022-09-08T20:59:14","date_gmt":"2022-09-08T18:59:14","guid":{"rendered":"https:\/\/manurefetish.com\/?post_type=product&#038;p=69947"},"modified":"2026-03-24T15:36:15","modified_gmt":"2026-03-24T14:36:15","slug":"lovely-dung-bath","status":"publish","type":"product","link":"https:\/\/manurefetish.com\/es\/shop\/videos\/lovely-dung-bath\/","title":{"rendered":"Precioso Ba\u00f1o de Esti\u00e9rcol"},"content":{"rendered":"<p><span style=\"font-weight: 400;\">Me dirijo a mi piscina favorita. Pero entonces me di cuenta de que ten\u00eda demasiada presi\u00f3n y tuve que aliviarme primero. Era tanta que empap\u00f3 completamente mis pantalones calientes y corri\u00f3 por mis piernas, incluso se me meti\u00f3 en los zapatos. Por supuesto, eso me excit\u00f3 de inmediato. Me quit\u00e9 los zapatos y me met\u00ed en la pila de esti\u00e9rcol, en la pila primero remov\u00ed el esti\u00e9rcol de vaca con los pies. Luego me arrodill\u00e9 en el cremoso esti\u00e9rcol de vaca y empec\u00e9 a embadurnarme los calzoncillos y el top con \u00e9l. Cuando lo tuve todo bien cubierto de esti\u00e9rcol, me desnud\u00e9 lentamente. La preciosa ropa interior roja a\u00fan estaba demasiado limpia para m\u00ed, as\u00ed que la cubr\u00ed con el esti\u00e9rcol de vaca. Cuando tambi\u00e9n estuvo cubierta de esti\u00e9rcol, empec\u00e9 a quit\u00e1rmela. Ahora estaba muy cachonda y empec\u00e9 a masturbarme, primero con los dedos y luego tambi\u00e9n con juguetes. Primero me met\u00ed los dedos en el culo y luego el consolador, eso me moj\u00f3 mucho, as\u00ed que tambi\u00e9n cog\u00ed un consolador para follarme el co\u00f1o chorreante. Despu\u00e9s de tener un orgasmo, tuve que refrescarme la cabeza, por supuesto, as\u00ed que constru\u00ed una peque\u00f1a pila de esti\u00e9rcol de vaca y met\u00ed la cabeza en ella. Despu\u00e9s tuve que hacerlo otra vez, porque no me cansaba del olor y la sensaci\u00f3n de estar completamente cubierta de esti\u00e9rcol de vaca.<\/span><\/p>","protected":false},"excerpt":{"rendered":"<p>I\u2019m on my way to my favorite pool. But then I realized that my pressure was too great and I had to relieve myself first. It was so much that it completely soaked my hot pants and ran down my legs, it even got in my shoes. Of course, that really turned me on right [&hellip;]<\/p>\n","protected":false},"featured_media":70041,"comment_status":"open","ping_status":"closed","template":"","meta":{"_acf_changed":false,"site-sidebar-layout":"default","site-content-layout":"","ast-site-content-layout":"default","site-content-style":"default","site-sidebar-style":"default","ast-global-header-display":"","ast-banner-title-visibility":"","ast-main-header-display":"","ast-hfb-above-header-display":"","ast-hfb-below-header-display":"","ast-hfb-mobile-header-display":"","site-post-title":"","ast-breadcrumbs-content":"","ast-featured-img":"","footer-sml-layout":"","ast-disable-related-posts":"","theme-transparent-header-meta":"default","adv-header-id-meta":"","stick-header-meta":"","header-above-stick-meta":"","header-main-stick-meta":"","header-below-stick-meta":"","astra-migrate-meta-layouts":"set","ast-page-background-enabled":"default","ast-page-background-meta":{"desktop":{"background-color":"var(--ast-global-color-4)","background-image":"","background-repeat":"repeat","background-position":"center center","background-size":"auto","background-attachment":"scroll","background-type":"","background-media":"","overlay-type":"","overlay-color":"","overlay-opacity":"","overlay-gradient":""},"tablet":{"background-color":"","background-image":"","background-repeat":"repeat","background-position":"center center","background-size":"auto","background-attachment":"scroll","background-type":"","background-media":"","overlay-type":"","overlay-color":"","overlay-opacity":"","overlay-gradient":""},"mobile":{"background-color":"","background-image":"","background-repeat":"repeat","background-position":"center center","background-size":"auto","background-attachment":"scroll","background-type":"","background-media":"","overlay-type":"","overlay-color":"","overlay-opacity":"","overlay-gradient":""}},"ast-content-background-meta":{"desktop":{"background-color":"var(--ast-global-color-5)","background-image":"","background-repeat":"repeat","background-position":"center center","background-size":"auto","background-attachment":"scroll","background-type":"","background-media":"","overlay-type":"","overlay-color":"","overlay-opacity":"","overlay-gradient":""},"tablet":{"background-color":"var(--ast-global-color-5)","background-image":"","background-repeat":"repeat","background-position":"center center","background-size":"auto","background-attachment":"scroll","background-type":"","background-media":"","overlay-type":"","overlay-color":"","overlay-opacity":"","overlay-gradient":""},"mobile":{"background-color":"var(--ast-global-color-5)","background-image":"","background-repeat":"repeat","background-position":"center center","background-size":"auto","background-attachment":"scroll","background-type":"","background-media":"","overlay-type":"","overlay-color":"","overlay-opacity":"","overlay-gradient":""}}},"product_brand":[],"product_cat":[4470],"product_tag":[17,317,2623,3295,3455,2395,318,2632,19,2621,316,64,3030,54,2419,3585,2841,18,3348,2285,2206,65,35,3586,32,3408,4482,23,53,24,2832,3286,319,2368,2676,3233],"class_list":{"0":"post-69947","1":"product","2":"type-product","3":"status-publish","4":"has-post-thumbnail","6":"product_cat-videos","7":"product_tag-anal","8":"product_tag-asshole","9":"product_tag-barn","10":"product_tag-basin","11":"product_tag-bathrobe","12":"product_tag-bikini","13":"product_tag-boobs","14":"product_tag-bra","15":"product_tag-cow","16":"product_tag-cow-dung","17":"product_tag-cunt","18":"product_tag-dildo","19":"product_tag-download","20":"product_tag-full-covered","21":"product_tag-full-hd","22":"product_tag-hotpants","23":"product_tag-lyndra-lynn","24":"product_tag-manure","25":"product_tag-manure-shower","26":"product_tag-masturbate","27":"product_tag-masturbation","28":"product_tag-naked","29":"product_tag-orgasm","30":"product_tag-pantys","31":"product_tag-pussy","32":"product_tag-season-3","33":"product_tag-sex-in-cowshit","34":"product_tag-shed","35":"product_tag-shower","36":"product_tag-slurry","37":"product_tag-smearing","38":"product_tag-sticky","39":"product_tag-tits","40":"product_tag-ultra-hd","41":"product_tag-underwear","42":"product_tag-waifu","43":"pa_audio-info-stereo","44":"pa_format-mp4","45":"pa_length-31-minutes","46":"pa_product-type-digital-download-full-hd-video","47":"pa_product-type-digital-download-ultra-hd-video","48":"pa_product-type-usb-stick","49":"pa_size-fhd-8-18-gb","50":"pa_size-uhd-11-4-gb","51":"pa_video-info-full-hd-1920x1080p","52":"pa_video-info-ultra-hd-4k","53":"desktop-align-center","54":"tablet-align-left","55":"mobile-align-left","57":"first","58":"instock","59":"shipping-taxable","60":"purchasable","61":"product-type-variable","62":"has-default-attributes"},"exclude_global_add_ons":[],"addons":[],"acf":[],"yoast_head":"<!-- This site is optimized with the Yoast SEO Premium plugin v27.1 (Yoast SEO v27.1.1) - https:\/\/yoast.com\/product\/yoast-seo-premium-wordpress\/ -->\n<title>Lovely Dung Bath - ManureFetish - Peed in hotpants<\/title>\n<meta name=\"description\" content=\"Lovely Dung Bath, Lyndra Lynn first pees in her Hotpants before she gets in the manure basin to cover herself completely with cowshit\" \/>\n<meta name=\"robots\" content=\"index, follow, max-snippet:-1, max-image-preview:large, max-video-preview:-1\" \/>\n<link rel=\"canonical\" href=\"https:\/\/manurefetish.com\/es\/shop\/videos\/lovely-dung-bath\/\" \/>\n<meta property=\"og:locale\" content=\"es_ES\" \/>\n<meta property=\"og:type\" content=\"article\" \/>\n<meta property=\"og:title\" content=\"Lovely Dung Bath\" \/>\n<meta property=\"og:description\" content=\"Lovely Dung Bath, Lyndra Lynn first pees in her Hotpants before she gets in the manure basin to cover herself completely with cowshit\" \/>\n<meta property=\"og:url\" content=\"https:\/\/manurefetish.com\/es\/shop\/videos\/lovely-dung-bath\/\" \/>\n<meta property=\"og:site_name\" content=\"ManureFetish\" \/>\n<meta property=\"article:publisher\" content=\"https:\/\/www.facebook.com\/manurefetish\/\" \/>\n<meta property=\"article:modified_time\" content=\"2026-03-24T14:36:15+00:00\" \/>\n<meta property=\"og:image\" content=\"https:\/\/manurefetish.com\/wp-content\/uploads\/2022\/09\/lyndra-lynn-lovely-dung-bath.jpg\" \/>\n\t<meta property=\"og:image:width\" content=\"1920\" \/>\n\t<meta property=\"og:image:height\" content=\"1080\" \/>\n\t<meta property=\"og:image:type\" content=\"image\/jpeg\" \/>\n<meta name=\"twitter:card\" content=\"summary_large_image\" \/>\n<meta name=\"twitter:site\" content=\"@Manurefetisch\" \/>\n<script type=\"application\/ld+json\" class=\"yoast-schema-graph\">{\"@context\":\"https:\/\/schema.org\",\"@graph\":[{\"@type\":\"WebPage\",\"@id\":\"https:\/\/manurefetish.com\/shop\/videos\/lovely-dung-bath\/\",\"url\":\"https:\/\/manurefetish.com\/shop\/videos\/lovely-dung-bath\/\",\"name\":\"Lovely Dung Bath - ManureFetish - Peed in hotpants\",\"isPartOf\":{\"@id\":\"https:\/\/manurefetish.com\/#website\"},\"primaryImageOfPage\":{\"@id\":\"https:\/\/manurefetish.com\/shop\/videos\/lovely-dung-bath\/#primaryimage\"},\"image\":{\"@id\":\"https:\/\/manurefetish.com\/shop\/videos\/lovely-dung-bath\/#primaryimage\"},\"thumbnailUrl\":\"https:\/\/manurefetish.b-cdn.net\/wp-content\/uploads\/2022\/09\/lyndra-lynn-lovely-dung-bath.jpg\",\"datePublished\":\"2022-09-08T18:59:14+00:00\",\"dateModified\":\"2026-03-24T14:36:15+00:00\",\"description\":\"Lovely Dung Bath, Lyndra Lynn first pees in her Hotpants before she gets in the manure basin to cover herself completely with cowshit\",\"breadcrumb\":{\"@id\":\"https:\/\/manurefetish.com\/shop\/videos\/lovely-dung-bath\/#breadcrumb\"},\"inLanguage\":\"es\",\"potentialAction\":[{\"@type\":\"ReadAction\",\"target\":[\"https:\/\/manurefetish.com\/shop\/videos\/lovely-dung-bath\/\"]}]},{\"@type\":\"ImageObject\",\"inLanguage\":\"es\",\"@id\":\"https:\/\/manurefetish.com\/shop\/videos\/lovely-dung-bath\/#primaryimage\",\"url\":\"https:\/\/manurefetish.b-cdn.net\/wp-content\/uploads\/2022\/09\/lyndra-lynn-lovely-dung-bath.jpg\",\"contentUrl\":\"https:\/\/manurefetish.b-cdn.net\/wp-content\/uploads\/2022\/09\/lyndra-lynn-lovely-dung-bath.jpg\",\"width\":1920,\"height\":1080},{\"@type\":\"BreadcrumbList\",\"@id\":\"https:\/\/manurefetish.com\/shop\/videos\/lovely-dung-bath\/#breadcrumb\",\"itemListElement\":[{\"@type\":\"ListItem\",\"position\":1,\"name\":\"Home\",\"item\":\"https:\/\/manurefetish.com\/\"},{\"@type\":\"ListItem\",\"position\":2,\"name\":\"Shop\",\"item\":\"https:\/\/manurefetish.com\/shop\/\"},{\"@type\":\"ListItem\",\"position\":3,\"name\":\"Videos\",\"item\":\"https:\/\/manurefetish.com\/product-category\/videos\/\"},{\"@type\":\"ListItem\",\"position\":4,\"name\":\"Lovely Dung Bath\"}]},{\"@type\":\"WebSite\",\"@id\":\"https:\/\/manurefetish.com\/#website\",\"url\":\"https:\/\/manurefetish.com\/\",\"name\":\"ManureFetish\",\"description\":\"ManureFetish Shop\",\"publisher\":{\"@id\":\"https:\/\/manurefetish.com\/#organization\"},\"potentialAction\":[{\"@type\":\"SearchAction\",\"target\":{\"@type\":\"EntryPoint\",\"urlTemplate\":\"https:\/\/manurefetish.com\/?s={search_term_string}\"},\"query-input\":{\"@type\":\"PropertyValueSpecification\",\"valueRequired\":true,\"valueName\":\"search_term_string\"}}],\"inLanguage\":\"es\"},{\"@type\":\"Organization\",\"@id\":\"https:\/\/manurefetish.com\/#organization\",\"name\":\"ManureFetish.com\",\"url\":\"https:\/\/manurefetish.com\/\",\"logo\":{\"@type\":\"ImageObject\",\"inLanguage\":\"es\",\"@id\":\"https:\/\/manurefetish.com\/#\/schema\/logo\/image\/\",\"url\":\"https:\/\/manurefetish.com\/wp-content\/uploads\/2019\/06\/1000xmanurefetishcom-michaela-logo-website-shop.png\",\"contentUrl\":\"https:\/\/manurefetish.com\/wp-content\/uploads\/2019\/06\/1000xmanurefetishcom-michaela-logo-website-shop.png\",\"width\":1000,\"height\":632,\"caption\":\"ManureFetish.com\"},\"image\":{\"@id\":\"https:\/\/manurefetish.com\/#\/schema\/logo\/image\/\"},\"sameAs\":[\"https:\/\/www.facebook.com\/manurefetish\/\",\"https:\/\/x.com\/Manurefetisch\",\"https:\/\/www.youtube.com\/c\/ManureFetish\"],\"description\":\"We're creating various fetish content with female and male models alike.\",\"foundingDate\":\"2019-07-04\",\"vatID\":\"DE366928521\",\"numberOfEmployees\":{\"@type\":\"QuantitativeValue\",\"minValue\":\"1\",\"maxValue\":\"10\"}}]}<\/script>\n<meta property=\"og:availability\" content=\"instock\" \/>\n<meta property=\"product:availability\" content=\"instock\" \/>\n<meta property=\"product:retailer_item_id\" content=\"MFW-LYNN-LDB\" \/>\n<meta property=\"product:condition\" content=\"new\" \/>\n<!-- \/ Yoast SEO Premium plugin. -->","yoast_head_json":{"title":"Precioso Ba\u00f1o de Esti\u00e9rcol - ManureFetish - Meado en calzoncillos","description":"Adorable Ba\u00f1o de Esti\u00e9rcol, Lyndra Lynn orina primero en sus Hotpants antes de meterse en la pila de esti\u00e9rcol para cubrirse completamente de mierda de vaca.","robots":{"index":"index","follow":"follow","max-snippet":"max-snippet:-1","max-image-preview":"max-image-preview:large","max-video-preview":"max-video-preview:-1"},"canonical":"https:\/\/manurefetish.com\/es\/shop\/videos\/lovely-dung-bath\/","og_locale":"es_ES","og_type":"article","og_title":"Lovely Dung Bath","og_description":"Lovely Dung Bath, Lyndra Lynn first pees in her Hotpants before she gets in the manure basin to cover herself completely with cowshit","og_url":"https:\/\/manurefetish.com\/es\/shop\/videos\/lovely-dung-bath\/","og_site_name":"ManureFetish","article_publisher":"https:\/\/www.facebook.com\/manurefetish\/","article_modified_time":"2026-03-24T14:36:15+00:00","og_image":[{"width":1920,"height":1080,"url":"https:\/\/manurefetish.com\/wp-content\/uploads\/2022\/09\/lyndra-lynn-lovely-dung-bath.jpg","type":"image\/jpeg"}],"twitter_card":"summary_large_image","twitter_site":"@Manurefetisch","schema":{"@context":"https:\/\/schema.org","@graph":[{"@type":"WebPage","@id":"https:\/\/manurefetish.com\/shop\/videos\/lovely-dung-bath\/","url":"https:\/\/manurefetish.com\/shop\/videos\/lovely-dung-bath\/","name":"Precioso Ba\u00f1o de Esti\u00e9rcol - ManureFetish - Meado en calzoncillos","isPartOf":{"@id":"https:\/\/manurefetish.com\/#website"},"primaryImageOfPage":{"@id":"https:\/\/manurefetish.com\/shop\/videos\/lovely-dung-bath\/#primaryimage"},"image":{"@id":"https:\/\/manurefetish.com\/shop\/videos\/lovely-dung-bath\/#primaryimage"},"thumbnailUrl":"https:\/\/manurefetish.b-cdn.net\/wp-content\/uploads\/2022\/09\/lyndra-lynn-lovely-dung-bath.jpg","datePublished":"2022-09-08T18:59:14+00:00","dateModified":"2026-03-24T14:36:15+00:00","description":"Adorable Ba\u00f1o de Esti\u00e9rcol, Lyndra Lynn orina primero en sus Hotpants antes de meterse en la pila de esti\u00e9rcol para cubrirse completamente de mierda de vaca.","breadcrumb":{"@id":"https:\/\/manurefetish.com\/shop\/videos\/lovely-dung-bath\/#breadcrumb"},"inLanguage":"es","potentialAction":[{"@type":"ReadAction","target":["https:\/\/manurefetish.com\/shop\/videos\/lovely-dung-bath\/"]}]},{"@type":"ImageObject","inLanguage":"es","@id":"https:\/\/manurefetish.com\/shop\/videos\/lovely-dung-bath\/#primaryimage","url":"https:\/\/manurefetish.b-cdn.net\/wp-content\/uploads\/2022\/09\/lyndra-lynn-lovely-dung-bath.jpg","contentUrl":"https:\/\/manurefetish.b-cdn.net\/wp-content\/uploads\/2022\/09\/lyndra-lynn-lovely-dung-bath.jpg","width":1920,"height":1080},{"@type":"BreadcrumbList","@id":"https:\/\/manurefetish.com\/shop\/videos\/lovely-dung-bath\/#breadcrumb","itemListElement":[{"@type":"ListItem","position":1,"name":"Home","item":"https:\/\/manurefetish.com\/"},{"@type":"ListItem","position":2,"name":"Shop","item":"https:\/\/manurefetish.com\/shop\/"},{"@type":"ListItem","position":3,"name":"Videos","item":"https:\/\/manurefetish.com\/product-category\/videos\/"},{"@type":"ListItem","position":4,"name":"Lovely Dung Bath"}]},{"@type":"WebSite","@id":"https:\/\/manurefetish.com\/#website","url":"https:\/\/manurefetish.com\/","name":"ManureFetish","description":"ManureFetish","publisher":{"@id":"https:\/\/manurefetish.com\/#organization"},"potentialAction":[{"@type":"SearchAction","target":{"@type":"EntryPoint","urlTemplate":"https:\/\/manurefetish.com\/?s={search_term_string}"},"query-input":{"@type":"PropertyValueSpecification","valueRequired":true,"valueName":"search_term_string"}}],"inLanguage":"es"},{"@type":"Organization","@id":"https:\/\/manurefetish.com\/#organization","name":"ManureFetish.com","url":"https:\/\/manurefetish.com\/","logo":{"@type":"ImageObject","inLanguage":"es","@id":"https:\/\/manurefetish.com\/#\/schema\/logo\/image\/","url":"https:\/\/manurefetish.com\/wp-content\/uploads\/2019\/06\/1000xmanurefetishcom-michaela-logo-website-shop.png","contentUrl":"https:\/\/manurefetish.com\/wp-content\/uploads\/2019\/06\/1000xmanurefetishcom-michaela-logo-website-shop.png","width":1000,"height":632,"caption":"ManureFetish.com"},"image":{"@id":"https:\/\/manurefetish.com\/#\/schema\/logo\/image\/"},"sameAs":["https:\/\/www.facebook.com\/manurefetish\/","https:\/\/x.com\/Manurefetisch","https:\/\/www.youtube.com\/c\/ManureFetish"],"description":"Estamos creando diversos contenidos fetichistas con modelos femeninos y masculinos por igual.","foundingDate":"2019-07-04","vatID":"DE366928521","numberOfEmployees":{"@type":"QuantitativeValue","minValue":"1","maxValue":"10"}}]},"og_availability":"instock","product_availability":"instock","product_retailer_item_id":"MFW-LYNN-LDB","product_condition":"new"},"_links":{"self":[{"href":"https:\/\/manurefetish.com\/es\/wp-json\/wp\/v2\/product\/69947","targetHints":{"allow":["GET"]}}],"collection":[{"href":"https:\/\/manurefetish.com\/es\/wp-json\/wp\/v2\/product"}],"about":[{"href":"https:\/\/manurefetish.com\/es\/wp-json\/wp\/v2\/types\/product"}],"replies":[{"embeddable":true,"href":"https:\/\/manurefetish.com\/es\/wp-json\/wp\/v2\/comments?post=69947"}],"version-history":[{"count":0,"href":"https:\/\/manurefetish.com\/es\/wp-json\/wp\/v2\/product\/69947\/revisions"}],"wp:featuredmedia":[{"embeddable":true,"href":"https:\/\/manurefetish.com\/es\/wp-json\/wp\/v2\/media\/70041"}],"wp:attachment":[{"href":"https:\/\/manurefetish.com\/es\/wp-json\/wp\/v2\/media?parent=69947"}],"wp:term":[{"taxonomy":"product_brand","embeddable":true,"href":"https:\/\/manurefetish.com\/es\/wp-json\/wp\/v2\/product_brand?post=69947"},{"taxonomy":"product_cat","embeddable":true,"href":"https:\/\/manurefetish.com\/es\/wp-json\/wp\/v2\/product_cat?post=69947"},{"taxonomy":"product_tag","embeddable":true,"href":"https:\/\/manurefetish.com\/es\/wp-json\/wp\/v2\/product_tag?post=69947"}],"curies":[{"name":"wp","href":"https:\/\/api.w.org\/{rel}","templated":true}]}}