{"id":68911,"date":"2024-05-21T14:19:00","date_gmt":"2024-05-21T12:19:00","guid":{"rendered":"https:\/\/manurefetish.com\/?post_type=product&#038;p=68911"},"modified":"2026-03-24T15:24:11","modified_gmt":"2026-03-24T14:24:11","slug":"christy-ley-in-the-manure-pit","status":"publish","type":"product","link":"https:\/\/manurefetish.com\/es\/shop\/videos\/christy-ley-in-the-manure-pit\/","title":{"rendered":"Christy Ley en la fosa de esti\u00e9rcol"},"content":{"rendered":"<p><span style=\"font-weight: 400;\">Es la primera vez que Christy Ley entra en la gran fosa de esti\u00e9rcol que hay fuera del establo. Iba a echar esti\u00e9rcol en el cubo del huerto. Baja por la escalera y da un primer paso en la fosa de esti\u00e9rcol. Es m\u00e1s profundo de lo que pensaba, sus botas de agua se llenan de esti\u00e9rcol de vaca. Le gusta la sensaci\u00f3n cremosa en los pies y las piernas. Vadea el cremoso esti\u00e9rcol para ir a la tuber\u00eda que conecta con el establo, de donde sale todo el esti\u00e9rcol. Llena un poco su cubo y se lo echa por encima. Vuelve a la escalera y empieza a desnudarse. Se cubre cada vez m\u00e1s y lo embadurna todo sobre su hermoso cuerpo. Christy Ley se apoya en la escalera y empieza a masturbarse el co\u00f1o por primera vez. No tarda mucho en alcanzar el primer orgasmo. En total tiene 4 orgasmos abrumadores en el pozo de esti\u00e9rcol. Entre medias, se embadurna todo el cuerpo e incluso baila un poco metida hasta las rodillas en el esti\u00e9rcol. Cuando termina, vuelve a salir de la fosa de esti\u00e9rcol completamente desnuda y cubierta de esti\u00e9rcol de vaca.<\/span><\/p>","protected":false},"excerpt":{"rendered":"<p>It\u2019s Christy Ley\u2019s first time in the large manure pit outside of the cowshed. She was on her way to fill some cow dung into the bucket for the garden. She climbs down the ladder and takes a first step into the manure pit. It\u2019s deeper as she thought, her wellies fill with cow dung. [&hellip;]<\/p>\n","protected":false},"featured_media":199218,"comment_status":"open","ping_status":"closed","template":"","meta":{"_acf_changed":false,"site-sidebar-layout":"default","site-content-layout":"","ast-site-content-layout":"default","site-content-style":"default","site-sidebar-style":"default","ast-global-header-display":"","ast-banner-title-visibility":"","ast-main-header-display":"","ast-hfb-above-header-display":"","ast-hfb-below-header-display":"","ast-hfb-mobile-header-display":"","site-post-title":"","ast-breadcrumbs-content":"","ast-featured-img":"","footer-sml-layout":"","ast-disable-related-posts":"","theme-transparent-header-meta":"default","adv-header-id-meta":"","stick-header-meta":"","header-above-stick-meta":"","header-main-stick-meta":"","header-below-stick-meta":"","astra-migrate-meta-layouts":"set","ast-page-background-enabled":"default","ast-page-background-meta":{"desktop":{"background-color":"var(--ast-global-color-4)","background-image":"","background-repeat":"repeat","background-position":"center center","background-size":"auto","background-attachment":"scroll","background-type":"","background-media":"","overlay-type":"","overlay-color":"","overlay-opacity":"","overlay-gradient":""},"tablet":{"background-color":"","background-image":"","background-repeat":"repeat","background-position":"center center","background-size":"auto","background-attachment":"scroll","background-type":"","background-media":"","overlay-type":"","overlay-color":"","overlay-opacity":"","overlay-gradient":""},"mobile":{"background-color":"","background-image":"","background-repeat":"repeat","background-position":"center center","background-size":"auto","background-attachment":"scroll","background-type":"","background-media":"","overlay-type":"","overlay-color":"","overlay-opacity":"","overlay-gradient":""}},"ast-content-background-meta":{"desktop":{"background-color":"var(--ast-global-color-5)","background-image":"","background-repeat":"repeat","background-position":"center center","background-size":"auto","background-attachment":"scroll","background-type":"","background-media":"","overlay-type":"","overlay-color":"","overlay-opacity":"","overlay-gradient":""},"tablet":{"background-color":"var(--ast-global-color-5)","background-image":"","background-repeat":"repeat","background-position":"center center","background-size":"auto","background-attachment":"scroll","background-type":"","background-media":"","overlay-type":"","overlay-color":"","overlay-opacity":"","overlay-gradient":""},"mobile":{"background-color":"var(--ast-global-color-5)","background-image":"","background-repeat":"repeat","background-position":"center center","background-size":"auto","background-attachment":"scroll","background-type":"","background-media":"","overlay-type":"","overlay-color":"","overlay-opacity":"","overlay-gradient":""}}},"product_brand":[],"product_cat":[4470],"product_tag":[2399,317,2601,318,2675,71,3557,66,2508,2631,2621,316,3563,2557,3030,56,2624,2304,54,2419,425,3561,3559,51,2285,2206,65,35,3558,2636,2482,3560,32,2396,3881,4482,3562,24,3566,2832,319,2368,2676,2397],"class_list":{"0":"post-68911","1":"product","2":"type-product","3":"status-publish","4":"has-post-thumbnail","6":"product_cat-videos","7":"product_tag-ass","8":"product_tag-asshole","9":"product_tag-black-hair","10":"product_tag-boobs","11":"product_tag-boots","12":"product_tag-bucket","13":"product_tag-christy-ley","14":"product_tag-clothed","15":"product_tag-clothes","16":"product_tag-completely-covered","17":"product_tag-cow-dung","18":"product_tag-cunt","19":"product_tag-dancing","20":"product_tag-doggy-style","21":"product_tag-download","22":"product_tag-erotic","23":"product_tag-farm","24":"product_tag-farm-porn","25":"product_tag-full-covered","26":"product_tag-full-hd","27":"product_tag-hair","28":"product_tag-hot","29":"product_tag-jumpsuit","30":"product_tag-manure-pit","31":"product_tag-masturbate","32":"product_tag-masturbation","33":"product_tag-naked","34":"product_tag-orgasm","35":"product_tag-overall","36":"product_tag-panties","37":"product_tag-peeing","38":"product_tag-pit","39":"product_tag-pussy","40":"product_tag-rubber-boots","41":"product_tag-season-4","42":"product_tag-sex-in-cowshit","43":"product_tag-sexy","44":"product_tag-slurry","45":"product_tag-slurry-pit","46":"product_tag-smearing","47":"product_tag-tits","48":"product_tag-ultra-hd","49":"product_tag-underwear","50":"product_tag-wellies","51":"pa_audio-info-stereo","52":"pa_format-mp4","53":"pa_length-38-minutes","54":"pa_product-type-digital-download-full-hd-video","55":"pa_product-type-digital-download-ultra-hd-video","56":"pa_product-type-usb-stick","57":"pa_size-fhd-101-gb","58":"pa_size-uhd-130-gb","59":"pa_video-info-full-hd-1920x1080p","60":"pa_video-info-ultra-hd-4k","61":"desktop-align-center","62":"tablet-align-left","63":"mobile-align-left","65":"first","66":"instock","67":"shipping-taxable","68":"purchasable","69":"product-type-variable","70":"has-default-attributes"},"exclude_global_add_ons":[],"addons":[],"acf":[],"yoast_head":"<!-- This site is optimized with the Yoast SEO Premium plugin v27.1 (Yoast SEO v27.1.1) - https:\/\/yoast.com\/product\/yoast-seo-premium-wordpress\/ -->\n<title>Christy Ley in the Manure Pit - ManureFetish<\/title>\n<meta name=\"description\" content=\"Christy Ley in the Manure Pit, it&#039;s her first time being completely covered in cowshit and masturbating in the large slurry pit.\" \/>\n<meta name=\"robots\" content=\"index, follow, max-snippet:-1, max-image-preview:large, max-video-preview:-1\" \/>\n<link rel=\"canonical\" href=\"https:\/\/manurefetish.com\/es\/shop\/videos\/christy-ley-in-the-manure-pit\/\" \/>\n<meta property=\"og:locale\" content=\"es_ES\" \/>\n<meta property=\"og:type\" content=\"article\" \/>\n<meta property=\"og:title\" content=\"Christy Ley in the Manure Pit\" \/>\n<meta property=\"og:description\" content=\"Christy Ley in the Manure Pit, it&#039;s her first time being completely covered in cowshit and masturbating in the large slurry pit.\" \/>\n<meta property=\"og:url\" content=\"https:\/\/manurefetish.com\/es\/shop\/videos\/christy-ley-in-the-manure-pit\/\" \/>\n<meta property=\"og:site_name\" content=\"ManureFetish\" \/>\n<meta property=\"article:publisher\" content=\"https:\/\/www.facebook.com\/manurefetish\/\" \/>\n<meta property=\"article:modified_time\" content=\"2026-03-24T14:24:11+00:00\" \/>\n<meta property=\"og:image\" content=\"https:\/\/manurefetish.com\/wp-content\/uploads\/2024\/05\/christy-ley-in-the-manure-pit.jpg\" \/>\n\t<meta property=\"og:image:width\" content=\"1728\" \/>\n\t<meta property=\"og:image:height\" content=\"576\" \/>\n\t<meta property=\"og:image:type\" content=\"image\/jpeg\" \/>\n<meta name=\"twitter:card\" content=\"summary_large_image\" \/>\n<meta name=\"twitter:site\" content=\"@Manurefetisch\" \/>\n<script type=\"application\/ld+json\" class=\"yoast-schema-graph\">{\"@context\":\"https:\/\/schema.org\",\"@graph\":[{\"@type\":\"WebPage\",\"@id\":\"https:\/\/manurefetish.com\/shop\/videos\/christy-ley-in-the-manure-pit\/\",\"url\":\"https:\/\/manurefetish.com\/shop\/videos\/christy-ley-in-the-manure-pit\/\",\"name\":\"Christy Ley in the Manure Pit - ManureFetish\",\"isPartOf\":{\"@id\":\"https:\/\/manurefetish.com\/#website\"},\"primaryImageOfPage\":{\"@id\":\"https:\/\/manurefetish.com\/shop\/videos\/christy-ley-in-the-manure-pit\/#primaryimage\"},\"image\":{\"@id\":\"https:\/\/manurefetish.com\/shop\/videos\/christy-ley-in-the-manure-pit\/#primaryimage\"},\"thumbnailUrl\":\"https:\/\/manurefetish.b-cdn.net\/wp-content\/uploads\/2024\/05\/christy-ley-in-the-manure-pit.jpg\",\"datePublished\":\"2024-05-21T12:19:00+00:00\",\"dateModified\":\"2026-03-24T14:24:11+00:00\",\"description\":\"Christy Ley in the Manure Pit, it's her first time being completely covered in cowshit and masturbating in the large slurry pit.\",\"breadcrumb\":{\"@id\":\"https:\/\/manurefetish.com\/shop\/videos\/christy-ley-in-the-manure-pit\/#breadcrumb\"},\"inLanguage\":\"es\",\"potentialAction\":[{\"@type\":\"ReadAction\",\"target\":[\"https:\/\/manurefetish.com\/shop\/videos\/christy-ley-in-the-manure-pit\/\"]}]},{\"@type\":\"ImageObject\",\"inLanguage\":\"es\",\"@id\":\"https:\/\/manurefetish.com\/shop\/videos\/christy-ley-in-the-manure-pit\/#primaryimage\",\"url\":\"https:\/\/manurefetish.b-cdn.net\/wp-content\/uploads\/2024\/05\/christy-ley-in-the-manure-pit.jpg\",\"contentUrl\":\"https:\/\/manurefetish.b-cdn.net\/wp-content\/uploads\/2024\/05\/christy-ley-in-the-manure-pit.jpg\",\"width\":1728,\"height\":576},{\"@type\":\"BreadcrumbList\",\"@id\":\"https:\/\/manurefetish.com\/shop\/videos\/christy-ley-in-the-manure-pit\/#breadcrumb\",\"itemListElement\":[{\"@type\":\"ListItem\",\"position\":1,\"name\":\"Home\",\"item\":\"https:\/\/manurefetish.com\/\"},{\"@type\":\"ListItem\",\"position\":2,\"name\":\"Shop\",\"item\":\"https:\/\/manurefetish.com\/shop\/\"},{\"@type\":\"ListItem\",\"position\":3,\"name\":\"Videos\",\"item\":\"https:\/\/manurefetish.com\/product-category\/videos\/\"},{\"@type\":\"ListItem\",\"position\":4,\"name\":\"Christy Ley in the Manure Pit\"}]},{\"@type\":\"WebSite\",\"@id\":\"https:\/\/manurefetish.com\/#website\",\"url\":\"https:\/\/manurefetish.com\/\",\"name\":\"ManureFetish\",\"description\":\"ManureFetish Shop\",\"publisher\":{\"@id\":\"https:\/\/manurefetish.com\/#organization\"},\"potentialAction\":[{\"@type\":\"SearchAction\",\"target\":{\"@type\":\"EntryPoint\",\"urlTemplate\":\"https:\/\/manurefetish.com\/?s={search_term_string}\"},\"query-input\":{\"@type\":\"PropertyValueSpecification\",\"valueRequired\":true,\"valueName\":\"search_term_string\"}}],\"inLanguage\":\"es\"},{\"@type\":\"Organization\",\"@id\":\"https:\/\/manurefetish.com\/#organization\",\"name\":\"ManureFetish.com\",\"url\":\"https:\/\/manurefetish.com\/\",\"logo\":{\"@type\":\"ImageObject\",\"inLanguage\":\"es\",\"@id\":\"https:\/\/manurefetish.com\/#\/schema\/logo\/image\/\",\"url\":\"https:\/\/manurefetish.com\/wp-content\/uploads\/2019\/06\/1000xmanurefetishcom-michaela-logo-website-shop.png\",\"contentUrl\":\"https:\/\/manurefetish.com\/wp-content\/uploads\/2019\/06\/1000xmanurefetishcom-michaela-logo-website-shop.png\",\"width\":1000,\"height\":632,\"caption\":\"ManureFetish.com\"},\"image\":{\"@id\":\"https:\/\/manurefetish.com\/#\/schema\/logo\/image\/\"},\"sameAs\":[\"https:\/\/www.facebook.com\/manurefetish\/\",\"https:\/\/x.com\/Manurefetisch\",\"https:\/\/www.youtube.com\/c\/ManureFetish\"],\"description\":\"We're creating various fetish content with female and male models alike.\",\"foundingDate\":\"2019-07-04\",\"vatID\":\"DE366928521\",\"numberOfEmployees\":{\"@type\":\"QuantitativeValue\",\"minValue\":\"1\",\"maxValue\":\"10\"}}]}<\/script>\n<meta property=\"og:availability\" content=\"instock\" \/>\n<meta property=\"product:availability\" content=\"instock\" \/>\n<meta property=\"product:retailer_item_id\" content=\"MFW-CLMP\" \/>\n<meta property=\"product:condition\" content=\"new\" \/>\n<!-- \/ Yoast SEO Premium plugin. -->","yoast_head_json":{"title":"Christy Ley en la fosa de esti\u00e9rcol - ManureFetish","description":"Christy Ley en el Pozo de Esti\u00e9rcol, es la primera vez que est\u00e1 completamente cubierta de mierda de vaca y se masturba en el gran pozo de esti\u00e9rcol.","robots":{"index":"index","follow":"follow","max-snippet":"max-snippet:-1","max-image-preview":"max-image-preview:large","max-video-preview":"max-video-preview:-1"},"canonical":"https:\/\/manurefetish.com\/es\/shop\/videos\/christy-ley-in-the-manure-pit\/","og_locale":"es_ES","og_type":"article","og_title":"Christy Ley in the Manure Pit","og_description":"Christy Ley in the Manure Pit, it's her first time being completely covered in cowshit and masturbating in the large slurry pit.","og_url":"https:\/\/manurefetish.com\/es\/shop\/videos\/christy-ley-in-the-manure-pit\/","og_site_name":"ManureFetish","article_publisher":"https:\/\/www.facebook.com\/manurefetish\/","article_modified_time":"2026-03-24T14:24:11+00:00","og_image":[{"width":1728,"height":576,"url":"https:\/\/manurefetish.com\/wp-content\/uploads\/2024\/05\/christy-ley-in-the-manure-pit.jpg","type":"image\/jpeg"}],"twitter_card":"summary_large_image","twitter_site":"@Manurefetisch","schema":{"@context":"https:\/\/schema.org","@graph":[{"@type":"WebPage","@id":"https:\/\/manurefetish.com\/shop\/videos\/christy-ley-in-the-manure-pit\/","url":"https:\/\/manurefetish.com\/shop\/videos\/christy-ley-in-the-manure-pit\/","name":"Christy Ley en la fosa de esti\u00e9rcol - ManureFetish","isPartOf":{"@id":"https:\/\/manurefetish.com\/#website"},"primaryImageOfPage":{"@id":"https:\/\/manurefetish.com\/shop\/videos\/christy-ley-in-the-manure-pit\/#primaryimage"},"image":{"@id":"https:\/\/manurefetish.com\/shop\/videos\/christy-ley-in-the-manure-pit\/#primaryimage"},"thumbnailUrl":"https:\/\/manurefetish.b-cdn.net\/wp-content\/uploads\/2024\/05\/christy-ley-in-the-manure-pit.jpg","datePublished":"2024-05-21T12:19:00+00:00","dateModified":"2026-03-24T14:24:11+00:00","description":"Christy Ley en el Pozo de Esti\u00e9rcol, es la primera vez que est\u00e1 completamente cubierta de mierda de vaca y se masturba en el gran pozo de esti\u00e9rcol.","breadcrumb":{"@id":"https:\/\/manurefetish.com\/shop\/videos\/christy-ley-in-the-manure-pit\/#breadcrumb"},"inLanguage":"es","potentialAction":[{"@type":"ReadAction","target":["https:\/\/manurefetish.com\/shop\/videos\/christy-ley-in-the-manure-pit\/"]}]},{"@type":"ImageObject","inLanguage":"es","@id":"https:\/\/manurefetish.com\/shop\/videos\/christy-ley-in-the-manure-pit\/#primaryimage","url":"https:\/\/manurefetish.b-cdn.net\/wp-content\/uploads\/2024\/05\/christy-ley-in-the-manure-pit.jpg","contentUrl":"https:\/\/manurefetish.b-cdn.net\/wp-content\/uploads\/2024\/05\/christy-ley-in-the-manure-pit.jpg","width":1728,"height":576},{"@type":"BreadcrumbList","@id":"https:\/\/manurefetish.com\/shop\/videos\/christy-ley-in-the-manure-pit\/#breadcrumb","itemListElement":[{"@type":"ListItem","position":1,"name":"Home","item":"https:\/\/manurefetish.com\/"},{"@type":"ListItem","position":2,"name":"Shop","item":"https:\/\/manurefetish.com\/shop\/"},{"@type":"ListItem","position":3,"name":"Videos","item":"https:\/\/manurefetish.com\/product-category\/videos\/"},{"@type":"ListItem","position":4,"name":"Christy Ley in the Manure Pit"}]},{"@type":"WebSite","@id":"https:\/\/manurefetish.com\/#website","url":"https:\/\/manurefetish.com\/","name":"ManureFetish","description":"ManureFetish","publisher":{"@id":"https:\/\/manurefetish.com\/#organization"},"potentialAction":[{"@type":"SearchAction","target":{"@type":"EntryPoint","urlTemplate":"https:\/\/manurefetish.com\/?s={search_term_string}"},"query-input":{"@type":"PropertyValueSpecification","valueRequired":true,"valueName":"search_term_string"}}],"inLanguage":"es"},{"@type":"Organization","@id":"https:\/\/manurefetish.com\/#organization","name":"ManureFetish.com","url":"https:\/\/manurefetish.com\/","logo":{"@type":"ImageObject","inLanguage":"es","@id":"https:\/\/manurefetish.com\/#\/schema\/logo\/image\/","url":"https:\/\/manurefetish.com\/wp-content\/uploads\/2019\/06\/1000xmanurefetishcom-michaela-logo-website-shop.png","contentUrl":"https:\/\/manurefetish.com\/wp-content\/uploads\/2019\/06\/1000xmanurefetishcom-michaela-logo-website-shop.png","width":1000,"height":632,"caption":"ManureFetish.com"},"image":{"@id":"https:\/\/manurefetish.com\/#\/schema\/logo\/image\/"},"sameAs":["https:\/\/www.facebook.com\/manurefetish\/","https:\/\/x.com\/Manurefetisch","https:\/\/www.youtube.com\/c\/ManureFetish"],"description":"Estamos creando diversos contenidos fetichistas con modelos femeninos y masculinos por igual.","foundingDate":"2019-07-04","vatID":"DE366928521","numberOfEmployees":{"@type":"QuantitativeValue","minValue":"1","maxValue":"10"}}]},"og_availability":"instock","product_availability":"instock","product_retailer_item_id":"MFW-CLMP","product_condition":"new"},"_links":{"self":[{"href":"https:\/\/manurefetish.com\/es\/wp-json\/wp\/v2\/product\/68911","targetHints":{"allow":["GET"]}}],"collection":[{"href":"https:\/\/manurefetish.com\/es\/wp-json\/wp\/v2\/product"}],"about":[{"href":"https:\/\/manurefetish.com\/es\/wp-json\/wp\/v2\/types\/product"}],"replies":[{"embeddable":true,"href":"https:\/\/manurefetish.com\/es\/wp-json\/wp\/v2\/comments?post=68911"}],"version-history":[{"count":0,"href":"https:\/\/manurefetish.com\/es\/wp-json\/wp\/v2\/product\/68911\/revisions"}],"wp:featuredmedia":[{"embeddable":true,"href":"https:\/\/manurefetish.com\/es\/wp-json\/wp\/v2\/media\/199218"}],"wp:attachment":[{"href":"https:\/\/manurefetish.com\/es\/wp-json\/wp\/v2\/media?parent=68911"}],"wp:term":[{"taxonomy":"product_brand","embeddable":true,"href":"https:\/\/manurefetish.com\/es\/wp-json\/wp\/v2\/product_brand?post=68911"},{"taxonomy":"product_cat","embeddable":true,"href":"https:\/\/manurefetish.com\/es\/wp-json\/wp\/v2\/product_cat?post=68911"},{"taxonomy":"product_tag","embeddable":true,"href":"https:\/\/manurefetish.com\/es\/wp-json\/wp\/v2\/product_tag?post=68911"}],"curies":[{"name":"wp","href":"https:\/\/api.w.org\/{rel}","templated":true}]}}