{"id":54862,"date":"2022-08-08T21:54:18","date_gmt":"2022-08-08T19:54:18","guid":{"rendered":"https:\/\/manurefetish.com\/?post_type=product&#038;p=54862"},"modified":"2026-03-24T15:36:19","modified_gmt":"2026-03-24T14:36:19","slug":"2-girls-1-manure-channel","status":"publish","type":"product","link":"https:\/\/manurefetish.com\/es\/shop\/videos\/2-girls-1-manure-channel\/","title":{"rendered":"2 Chicas 1 Canal de esti\u00e9rcol"},"content":{"rendered":"<p><span style=\"font-weight: 400;\">Betty and Lyndra Lynn are back in the cowshed. This time it will be sensually sweet and wicked. Both caress each other tenderly while they explore and touch each other&#8217;s bodies. They start to undress and then begin with the double dildo in the scissor position. After that Lyndra Lynn takes the lead and fucks Betty with the dildo. Now it&#8217;s Lyndra&#8217;s turn and she gets into the doggy position so Betty can fuck her from behind with the dildo. After both have made each horny, they start to smear each other with cow dung. Betty now finally wants to lick Lyndra Lynn&#8217;s pussy while she also masturbates herself. Both sit down now at the edge of the manure channel and fuck each other with the dildos, first crosswise, then each for themselves. Now it\u2019s the first time they get in the manure channel together, where both caress each other and then submerge together. Both climb out of the slurry canal and start to fuck each other again. They use the dildos in different positions and both fisting each other. Betty and Lyndra Lynn are visibly having fun together as they climb into the slurry canal again and again, taking cow manure in their mouths and submerging together.<\/span><\/p>","protected":false},"excerpt":{"rendered":"<p>Betty and Lyndra Lynn are back in the cowshed. This time it will be sensually sweet and wicked. Both caress each other tenderly while they explore and touch each other&#8217;s bodies. They start to undress and then begin with the double dildo in the scissor position. After that Lyndra Lynn takes the lead and fucks [&hellip;]<\/p>\n","protected":false},"featured_media":198993,"comment_status":"open","ping_status":"closed","template":"","meta":{"_acf_changed":false,"site-sidebar-layout":"default","site-content-layout":"","ast-site-content-layout":"default","site-content-style":"default","site-sidebar-style":"default","ast-global-header-display":"","ast-banner-title-visibility":"","ast-main-header-display":"","ast-hfb-above-header-display":"","ast-hfb-below-header-display":"","ast-hfb-mobile-header-display":"","site-post-title":"","ast-breadcrumbs-content":"","ast-featured-img":"","footer-sml-layout":"","ast-disable-related-posts":"","theme-transparent-header-meta":"default","adv-header-id-meta":"","stick-header-meta":"","header-above-stick-meta":"","header-main-stick-meta":"","header-below-stick-meta":"","astra-migrate-meta-layouts":"set","ast-page-background-enabled":"default","ast-page-background-meta":{"desktop":{"background-color":"var(--ast-global-color-4)","background-image":"","background-repeat":"repeat","background-position":"center center","background-size":"auto","background-attachment":"scroll","background-type":"","background-media":"","overlay-type":"","overlay-color":"","overlay-opacity":"","overlay-gradient":""},"tablet":{"background-color":"","background-image":"","background-repeat":"repeat","background-position":"center center","background-size":"auto","background-attachment":"scroll","background-type":"","background-media":"","overlay-type":"","overlay-color":"","overlay-opacity":"","overlay-gradient":""},"mobile":{"background-color":"","background-image":"","background-repeat":"repeat","background-position":"center center","background-size":"auto","background-attachment":"scroll","background-type":"","background-media":"","overlay-type":"","overlay-color":"","overlay-opacity":"","overlay-gradient":""}},"ast-content-background-meta":{"desktop":{"background-color":"var(--ast-global-color-5)","background-image":"","background-repeat":"repeat","background-position":"center center","background-size":"auto","background-attachment":"scroll","background-type":"","background-media":"","overlay-type":"","overlay-color":"","overlay-opacity":"","overlay-gradient":""},"tablet":{"background-color":"var(--ast-global-color-5)","background-image":"","background-repeat":"repeat","background-position":"center center","background-size":"auto","background-attachment":"scroll","background-type":"","background-media":"","overlay-type":"","overlay-color":"","overlay-opacity":"","overlay-gradient":""},"mobile":{"background-color":"var(--ast-global-color-5)","background-image":"","background-repeat":"repeat","background-position":"center center","background-size":"auto","background-attachment":"scroll","background-type":"","background-media":"","overlay-type":"","overlay-color":"","overlay-opacity":"","overlay-gradient":""}}},"product_brand":[],"product_cat":[4470],"product_tag":[3541,317,2476,2601,318,66,2508,2631,2551,2621,118,316,64,2557,3030,2972,2624,2304,3523,3334,2552,54,2419,425,2332,3458,2707,2841,2285,2206,3174,65,35,2636,2971,2482,3539,32,3540,3408,34,4482,23,24,2832,2478,358,29,319],"class_list":{"0":"post-54862","1":"product","2":"type-product","3":"status-publish","4":"has-post-thumbnail","6":"product_cat-videos","7":"product_tag-ass-to-ass","8":"product_tag-asshole","9":"product_tag-betty","10":"product_tag-black-hair","11":"product_tag-boobs","12":"product_tag-clothed","13":"product_tag-clothes","14":"product_tag-completely-covered","15":"product_tag-couple","16":"product_tag-cow-dung","17":"product_tag-cowshed","18":"product_tag-cunt","19":"product_tag-dildo","20":"product_tag-doggy-style","21":"product_tag-download","22":"product_tag-drinking","23":"product_tag-farm","24":"product_tag-farm-porn","25":"product_tag-fingering","26":"product_tag-fisting","27":"product_tag-fucking","28":"product_tag-full-covered","29":"product_tag-full-hd","30":"product_tag-hair","31":"product_tag-jerking-off","32":"product_tag-leggings","33":"product_tag-lesbian","34":"product_tag-lyndra-lynn","35":"product_tag-masturbate","36":"product_tag-masturbation","37":"product_tag-missionary","38":"product_tag-naked","39":"product_tag-orgasm","40":"product_tag-panties","41":"product_tag-pee","42":"product_tag-peeing","43":"product_tag-piss","44":"product_tag-pussy","45":"product_tag-scissoring","46":"product_tag-season-3","47":"product_tag-sex","48":"product_tag-sex-in-cowshit","49":"product_tag-shed","50":"product_tag-slurry","51":"product_tag-smearing","52":"product_tag-squirting","53":"product_tag-stuffing","54":"product_tag-submerging","55":"product_tag-tits","56":"pa_audio-info-stereo","57":"pa_format-mp4","58":"pa_length-41-minutes","59":"pa_product-type-digital-download-full-hd-video","60":"pa_product-type-digital-download-ultra-hd-video","61":"pa_product-type-usb-stick","62":"pa_size-fhd-9-29-gb","63":"pa_size-uhd-15-0-gb","64":"pa_video-info-full-hd-1920x1080p","65":"pa_video-info-ultra-hd-4k","66":"desktop-align-center","67":"tablet-align-left","68":"mobile-align-left","70":"first","71":"instock","72":"shipping-taxable","73":"purchasable","74":"product-type-variable","75":"has-default-attributes"},"exclude_global_add_ons":[],"addons":[],"acf":[],"yoast_head":"<!-- This site is optimized with the Yoast SEO Premium plugin v27.1 (Yoast SEO v27.1.1) - https:\/\/yoast.com\/product\/yoast-seo-premium-wordpress\/ -->\n<title>2 Girls 1 Manure Channel - ManureFetish<\/title>\n<meta name=\"description\" content=\"2 Girls 1 Manure Channel, Betty and Lyndra back together in the manure channel, a sensual lovely lesbian adventure in cowshit.\" \/>\n<meta name=\"robots\" content=\"index, follow, max-snippet:-1, max-image-preview:large, max-video-preview:-1\" \/>\n<link rel=\"canonical\" href=\"https:\/\/manurefetish.com\/es\/shop\/videos\/2-girls-1-manure-channel\/\" \/>\n<meta property=\"og:locale\" content=\"es_ES\" \/>\n<meta property=\"og:type\" content=\"article\" \/>\n<meta property=\"og:title\" content=\"2 Girls 1 Manure Channel\" \/>\n<meta property=\"og:description\" content=\"2 Girls 1 Manure Channel, Betty and Lyndra back together in the manure channel, a sensual lovely lesbian adventure in cowshit.\" \/>\n<meta property=\"og:url\" content=\"https:\/\/manurefetish.com\/es\/shop\/videos\/2-girls-1-manure-channel\/\" \/>\n<meta property=\"og:site_name\" content=\"ManureFetish\" \/>\n<meta property=\"article:publisher\" content=\"https:\/\/www.facebook.com\/manurefetish\/\" \/>\n<meta property=\"article:modified_time\" content=\"2026-03-24T14:36:19+00:00\" \/>\n<meta property=\"og:image\" content=\"https:\/\/manurefetish.com\/wp-content\/uploads\/2022\/08\/2-Girls-1-Channel.jpg\" \/>\n\t<meta property=\"og:image:width\" content=\"1728\" \/>\n\t<meta property=\"og:image:height\" content=\"576\" \/>\n\t<meta property=\"og:image:type\" content=\"image\/jpeg\" \/>\n<meta name=\"twitter:card\" content=\"summary_large_image\" \/>\n<meta name=\"twitter:site\" content=\"@Manurefetisch\" \/>\n<script type=\"application\/ld+json\" class=\"yoast-schema-graph\">{\"@context\":\"https:\/\/schema.org\",\"@graph\":[{\"@type\":\"WebPage\",\"@id\":\"https:\/\/manurefetish.com\/shop\/videos\/2-girls-1-manure-channel\/\",\"url\":\"https:\/\/manurefetish.com\/shop\/videos\/2-girls-1-manure-channel\/\",\"name\":\"2 Girls 1 Manure Channel - ManureFetish\",\"isPartOf\":{\"@id\":\"https:\/\/manurefetish.com\/#website\"},\"primaryImageOfPage\":{\"@id\":\"https:\/\/manurefetish.com\/shop\/videos\/2-girls-1-manure-channel\/#primaryimage\"},\"image\":{\"@id\":\"https:\/\/manurefetish.com\/shop\/videos\/2-girls-1-manure-channel\/#primaryimage\"},\"thumbnailUrl\":\"https:\/\/manurefetish.b-cdn.net\/wp-content\/uploads\/2022\/08\/2-Girls-1-Channel.jpg\",\"datePublished\":\"2022-08-08T19:54:18+00:00\",\"dateModified\":\"2026-03-24T14:36:19+00:00\",\"description\":\"2 Girls 1 Manure Channel, Betty and Lyndra back together in the manure channel, a sensual lovely lesbian adventure in cowshit.\",\"breadcrumb\":{\"@id\":\"https:\/\/manurefetish.com\/shop\/videos\/2-girls-1-manure-channel\/#breadcrumb\"},\"inLanguage\":\"es\",\"potentialAction\":[{\"@type\":\"ReadAction\",\"target\":[\"https:\/\/manurefetish.com\/shop\/videos\/2-girls-1-manure-channel\/\"]}]},{\"@type\":\"ImageObject\",\"inLanguage\":\"es\",\"@id\":\"https:\/\/manurefetish.com\/shop\/videos\/2-girls-1-manure-channel\/#primaryimage\",\"url\":\"https:\/\/manurefetish.b-cdn.net\/wp-content\/uploads\/2022\/08\/2-Girls-1-Channel.jpg\",\"contentUrl\":\"https:\/\/manurefetish.b-cdn.net\/wp-content\/uploads\/2022\/08\/2-Girls-1-Channel.jpg\",\"width\":1728,\"height\":576},{\"@type\":\"BreadcrumbList\",\"@id\":\"https:\/\/manurefetish.com\/shop\/videos\/2-girls-1-manure-channel\/#breadcrumb\",\"itemListElement\":[{\"@type\":\"ListItem\",\"position\":1,\"name\":\"Home\",\"item\":\"https:\/\/manurefetish.com\/\"},{\"@type\":\"ListItem\",\"position\":2,\"name\":\"Shop\",\"item\":\"https:\/\/manurefetish.com\/shop\/\"},{\"@type\":\"ListItem\",\"position\":3,\"name\":\"Videos\",\"item\":\"https:\/\/manurefetish.com\/product-category\/videos\/\"},{\"@type\":\"ListItem\",\"position\":4,\"name\":\"2 Girls 1 Manure Channel\"}]},{\"@type\":\"WebSite\",\"@id\":\"https:\/\/manurefetish.com\/#website\",\"url\":\"https:\/\/manurefetish.com\/\",\"name\":\"ManureFetish\",\"description\":\"ManureFetish Shop\",\"publisher\":{\"@id\":\"https:\/\/manurefetish.com\/#organization\"},\"potentialAction\":[{\"@type\":\"SearchAction\",\"target\":{\"@type\":\"EntryPoint\",\"urlTemplate\":\"https:\/\/manurefetish.com\/?s={search_term_string}\"},\"query-input\":{\"@type\":\"PropertyValueSpecification\",\"valueRequired\":true,\"valueName\":\"search_term_string\"}}],\"inLanguage\":\"es\"},{\"@type\":\"Organization\",\"@id\":\"https:\/\/manurefetish.com\/#organization\",\"name\":\"ManureFetish.com\",\"url\":\"https:\/\/manurefetish.com\/\",\"logo\":{\"@type\":\"ImageObject\",\"inLanguage\":\"es\",\"@id\":\"https:\/\/manurefetish.com\/#\/schema\/logo\/image\/\",\"url\":\"https:\/\/manurefetish.com\/wp-content\/uploads\/2019\/06\/1000xmanurefetishcom-michaela-logo-website-shop.png\",\"contentUrl\":\"https:\/\/manurefetish.com\/wp-content\/uploads\/2019\/06\/1000xmanurefetishcom-michaela-logo-website-shop.png\",\"width\":1000,\"height\":632,\"caption\":\"ManureFetish.com\"},\"image\":{\"@id\":\"https:\/\/manurefetish.com\/#\/schema\/logo\/image\/\"},\"sameAs\":[\"https:\/\/www.facebook.com\/manurefetish\/\",\"https:\/\/x.com\/Manurefetisch\",\"https:\/\/www.youtube.com\/c\/ManureFetish\"],\"description\":\"We're creating various fetish content with female and male models alike.\",\"foundingDate\":\"2019-07-04\",\"vatID\":\"DE366928521\",\"numberOfEmployees\":{\"@type\":\"QuantitativeValue\",\"minValue\":\"1\",\"maxValue\":\"10\"}}]}<\/script>\n<meta property=\"og:availability\" content=\"instock\" \/>\n<meta property=\"product:availability\" content=\"instock\" \/>\n<meta property=\"product:retailer_item_id\" content=\"MFW-2G1MC\" \/>\n<meta property=\"product:condition\" content=\"new\" \/>\n<!-- \/ Yoast SEO Premium plugin. -->","yoast_head_json":{"title":"2 Chicas 1 Canal Esti\u00e9rcol - ManureFetish","description":"2 Chicas 1 Canal de Esti\u00e9rcol, Betty y Lyndra de nuevo juntas en el canal de esti\u00e9rcol, una sensual y encantadora aventura l\u00e9sbica en la mierda de vaca.","robots":{"index":"index","follow":"follow","max-snippet":"max-snippet:-1","max-image-preview":"max-image-preview:large","max-video-preview":"max-video-preview:-1"},"canonical":"https:\/\/manurefetish.com\/es\/shop\/videos\/2-girls-1-manure-channel\/","og_locale":"es_ES","og_type":"article","og_title":"2 Girls 1 Manure Channel","og_description":"2 Girls 1 Manure Channel, Betty and Lyndra back together in the manure channel, a sensual lovely lesbian adventure in cowshit.","og_url":"https:\/\/manurefetish.com\/es\/shop\/videos\/2-girls-1-manure-channel\/","og_site_name":"ManureFetish","article_publisher":"https:\/\/www.facebook.com\/manurefetish\/","article_modified_time":"2026-03-24T14:36:19+00:00","og_image":[{"width":1728,"height":576,"url":"https:\/\/manurefetish.com\/wp-content\/uploads\/2022\/08\/2-Girls-1-Channel.jpg","type":"image\/jpeg"}],"twitter_card":"summary_large_image","twitter_site":"@Manurefetisch","schema":{"@context":"https:\/\/schema.org","@graph":[{"@type":"WebPage","@id":"https:\/\/manurefetish.com\/shop\/videos\/2-girls-1-manure-channel\/","url":"https:\/\/manurefetish.com\/shop\/videos\/2-girls-1-manure-channel\/","name":"2 Chicas 1 Canal Esti\u00e9rcol - ManureFetish","isPartOf":{"@id":"https:\/\/manurefetish.com\/#website"},"primaryImageOfPage":{"@id":"https:\/\/manurefetish.com\/shop\/videos\/2-girls-1-manure-channel\/#primaryimage"},"image":{"@id":"https:\/\/manurefetish.com\/shop\/videos\/2-girls-1-manure-channel\/#primaryimage"},"thumbnailUrl":"https:\/\/manurefetish.b-cdn.net\/wp-content\/uploads\/2022\/08\/2-Girls-1-Channel.jpg","datePublished":"2022-08-08T19:54:18+00:00","dateModified":"2026-03-24T14:36:19+00:00","description":"2 Chicas 1 Canal de Esti\u00e9rcol, Betty y Lyndra de nuevo juntas en el canal de esti\u00e9rcol, una sensual y encantadora aventura l\u00e9sbica en la mierda de vaca.","breadcrumb":{"@id":"https:\/\/manurefetish.com\/shop\/videos\/2-girls-1-manure-channel\/#breadcrumb"},"inLanguage":"es","potentialAction":[{"@type":"ReadAction","target":["https:\/\/manurefetish.com\/shop\/videos\/2-girls-1-manure-channel\/"]}]},{"@type":"ImageObject","inLanguage":"es","@id":"https:\/\/manurefetish.com\/shop\/videos\/2-girls-1-manure-channel\/#primaryimage","url":"https:\/\/manurefetish.b-cdn.net\/wp-content\/uploads\/2022\/08\/2-Girls-1-Channel.jpg","contentUrl":"https:\/\/manurefetish.b-cdn.net\/wp-content\/uploads\/2022\/08\/2-Girls-1-Channel.jpg","width":1728,"height":576},{"@type":"BreadcrumbList","@id":"https:\/\/manurefetish.com\/shop\/videos\/2-girls-1-manure-channel\/#breadcrumb","itemListElement":[{"@type":"ListItem","position":1,"name":"Home","item":"https:\/\/manurefetish.com\/"},{"@type":"ListItem","position":2,"name":"Shop","item":"https:\/\/manurefetish.com\/shop\/"},{"@type":"ListItem","position":3,"name":"Videos","item":"https:\/\/manurefetish.com\/product-category\/videos\/"},{"@type":"ListItem","position":4,"name":"2 Girls 1 Manure Channel"}]},{"@type":"WebSite","@id":"https:\/\/manurefetish.com\/#website","url":"https:\/\/manurefetish.com\/","name":"ManureFetish","description":"ManureFetish","publisher":{"@id":"https:\/\/manurefetish.com\/#organization"},"potentialAction":[{"@type":"SearchAction","target":{"@type":"EntryPoint","urlTemplate":"https:\/\/manurefetish.com\/?s={search_term_string}"},"query-input":{"@type":"PropertyValueSpecification","valueRequired":true,"valueName":"search_term_string"}}],"inLanguage":"es"},{"@type":"Organization","@id":"https:\/\/manurefetish.com\/#organization","name":"ManureFetish.com","url":"https:\/\/manurefetish.com\/","logo":{"@type":"ImageObject","inLanguage":"es","@id":"https:\/\/manurefetish.com\/#\/schema\/logo\/image\/","url":"https:\/\/manurefetish.com\/wp-content\/uploads\/2019\/06\/1000xmanurefetishcom-michaela-logo-website-shop.png","contentUrl":"https:\/\/manurefetish.com\/wp-content\/uploads\/2019\/06\/1000xmanurefetishcom-michaela-logo-website-shop.png","width":1000,"height":632,"caption":"ManureFetish.com"},"image":{"@id":"https:\/\/manurefetish.com\/#\/schema\/logo\/image\/"},"sameAs":["https:\/\/www.facebook.com\/manurefetish\/","https:\/\/x.com\/Manurefetisch","https:\/\/www.youtube.com\/c\/ManureFetish"],"description":"Estamos creando diversos contenidos fetichistas con modelos femeninos y masculinos por igual.","foundingDate":"2019-07-04","vatID":"DE366928521","numberOfEmployees":{"@type":"QuantitativeValue","minValue":"1","maxValue":"10"}}]},"og_availability":"instock","product_availability":"instock","product_retailer_item_id":"MFW-2G1MC","product_condition":"new"},"_links":{"self":[{"href":"https:\/\/manurefetish.com\/es\/wp-json\/wp\/v2\/product\/54862","targetHints":{"allow":["GET"]}}],"collection":[{"href":"https:\/\/manurefetish.com\/es\/wp-json\/wp\/v2\/product"}],"about":[{"href":"https:\/\/manurefetish.com\/es\/wp-json\/wp\/v2\/types\/product"}],"replies":[{"embeddable":true,"href":"https:\/\/manurefetish.com\/es\/wp-json\/wp\/v2\/comments?post=54862"}],"version-history":[{"count":0,"href":"https:\/\/manurefetish.com\/es\/wp-json\/wp\/v2\/product\/54862\/revisions"}],"wp:featuredmedia":[{"embeddable":true,"href":"https:\/\/manurefetish.com\/es\/wp-json\/wp\/v2\/media\/198993"}],"wp:attachment":[{"href":"https:\/\/manurefetish.com\/es\/wp-json\/wp\/v2\/media?parent=54862"}],"wp:term":[{"taxonomy":"product_brand","embeddable":true,"href":"https:\/\/manurefetish.com\/es\/wp-json\/wp\/v2\/product_brand?post=54862"},{"taxonomy":"product_cat","embeddable":true,"href":"https:\/\/manurefetish.com\/es\/wp-json\/wp\/v2\/product_cat?post=54862"},{"taxonomy":"product_tag","embeddable":true,"href":"https:\/\/manurefetish.com\/es\/wp-json\/wp\/v2\/product_tag?post=54862"}],"curies":[{"name":"wp","href":"https:\/\/api.w.org\/{rel}","templated":true}]}}