{"id":52434,"date":"2022-06-25T02:35:32","date_gmt":"2022-06-25T00:35:32","guid":{"rendered":"https:\/\/manurefetish.com\/?post_type=product&#038;p=52434"},"modified":"2026-03-24T17:09:31","modified_gmt":"2026-03-24T16:09:31","slug":"orgasm-in-mud-and-manure","status":"publish","type":"product","link":"https:\/\/manurefetish.com\/es\/shop\/videos\/orgasm-in-mud-and-manure\/","title":{"rendered":"Orgasmo en el barro y el esti\u00e9rcol"},"content":{"rendered":"<p><span style=\"font-weight: 400;\">Lyndra Lynn encontr\u00f3 un enorme lago de barro, le encanta el barro y tambi\u00e9n el esti\u00e9rcol de vaca. As\u00ed que se trajo un cubo para divertirse de lo lindo. Primero Lyndra se cubre con el barro cremoso. Se lo unta en los leggings y en el top. Una vez cubierta la ropa, se desnuda para cubrirse a\u00fan m\u00e1s. Se unta todo el cuerpo con el barro cremoso y lo cubre hasta el \u00faltimo cent\u00edmetro. Ahora s\u00f3lo est\u00e1 en ropa interior y se tumba para echar un gran chorro de pis. Empieza a coger esti\u00e9rcol de vaca para mezclarlo con el barro de su cuerpo. Se lo unta en las tetas y en la cara, lo que la excita cada vez m\u00e1s. Ahora todo su cuerpo est\u00e1 cubierto de barro y esti\u00e9rcol, as\u00ed que coge su lubricante y su juguete. Pero antes s\u00f3lo tiene que soltar un buen pedo por su apretado culo. Se lubrica el co\u00f1o y empieza a follarse con el consolador en distintas posiciones. Se excita mucho con todo este l\u00edo hasta que alcanza un fuerte cl\u00edmax. Inmediatamente despu\u00e9s, coge el cubo para verter el esti\u00e9rcol de vaca restante sobre su cabeza y su cuerpo.<\/span><\/p>","protected":false},"excerpt":{"rendered":"<p>Lyndra Lynn found a massive mud lake, she loves mud and also cow manure. So she brought a bucket with her to have some real dirty fun. First Lyndra covers herself with the creamy mud. She smears it on her Leggings and her top. After her clothes are covered, she undresses to cover herself even [&hellip;]<\/p>\n","protected":false},"featured_media":198997,"comment_status":"open","ping_status":"closed","template":"","meta":{"_acf_changed":false,"site-sidebar-layout":"default","site-content-layout":"","ast-site-content-layout":"default","site-content-style":"default","site-sidebar-style":"default","ast-global-header-display":"","ast-banner-title-visibility":"","ast-main-header-display":"","ast-hfb-above-header-display":"","ast-hfb-below-header-display":"","ast-hfb-mobile-header-display":"","site-post-title":"","ast-breadcrumbs-content":"","ast-featured-img":"","footer-sml-layout":"","ast-disable-related-posts":"","theme-transparent-header-meta":"default","adv-header-id-meta":"","stick-header-meta":"","header-above-stick-meta":"","header-main-stick-meta":"","header-below-stick-meta":"","astra-migrate-meta-layouts":"set","ast-page-background-enabled":"default","ast-page-background-meta":{"desktop":{"background-color":"var(--ast-global-color-4)","background-image":"","background-repeat":"repeat","background-position":"center center","background-size":"auto","background-attachment":"scroll","background-type":"","background-media":"","overlay-type":"","overlay-color":"","overlay-opacity":"","overlay-gradient":""},"tablet":{"background-color":"","background-image":"","background-repeat":"repeat","background-position":"center center","background-size":"auto","background-attachment":"scroll","background-type":"","background-media":"","overlay-type":"","overlay-color":"","overlay-opacity":"","overlay-gradient":""},"mobile":{"background-color":"","background-image":"","background-repeat":"repeat","background-position":"center center","background-size":"auto","background-attachment":"scroll","background-type":"","background-media":"","overlay-type":"","overlay-color":"","overlay-opacity":"","overlay-gradient":""}},"ast-content-background-meta":{"desktop":{"background-color":"var(--ast-global-color-5)","background-image":"","background-repeat":"repeat","background-position":"center center","background-size":"auto","background-attachment":"scroll","background-type":"","background-media":"","overlay-type":"","overlay-color":"","overlay-opacity":"","overlay-gradient":""},"tablet":{"background-color":"var(--ast-global-color-5)","background-image":"","background-repeat":"repeat","background-position":"center center","background-size":"auto","background-attachment":"scroll","background-type":"","background-media":"","overlay-type":"","overlay-color":"","overlay-opacity":"","overlay-gradient":""},"mobile":{"background-color":"var(--ast-global-color-5)","background-image":"","background-repeat":"repeat","background-position":"center center","background-size":"auto","background-attachment":"scroll","background-type":"","background-media":"","overlay-type":"","overlay-color":"","overlay-opacity":"","overlay-gradient":""}}},"product_brand":[],"product_cat":[4470],"product_tag":[317,318,2675,2632,71,2837,66,2508,2631,2281,2621,316,64,2557,3030,56,3456,3457,320,54,2419,3458,2841,18,52,3174,2836,3440,3459,65,35,360,2637,2971,2482,2506,32,3408,4482,2832,29,3415,319,2368],"class_list":{"0":"post-52434","1":"product","2":"type-product","3":"status-publish","4":"has-post-thumbnail","6":"product_cat-videos","7":"product_tag-asshole","8":"product_tag-boobs","9":"product_tag-boots","10":"product_tag-bra","11":"product_tag-bucket","12":"product_tag-clay","13":"product_tag-clothed","14":"product_tag-clothes","15":"product_tag-completely-covered","16":"product_tag-completely-submerged","17":"product_tag-cow-dung","18":"product_tag-cunt","19":"product_tag-dildo","20":"product_tag-doggy-style","21":"product_tag-download","22":"product_tag-erotic","23":"product_tag-fart","24":"product_tag-farting","25":"product_tag-feet","26":"product_tag-full-covered","27":"product_tag-full-hd","28":"product_tag-leggings","29":"product_tag-lyndra-lynn","30":"product_tag-manure","31":"product_tag-manure-channel","32":"product_tag-missionary","33":"product_tag-mud","34":"product_tag-mud-lake","35":"product_tag-mudbath","36":"product_tag-naked","37":"product_tag-orgasm","38":"product_tag-outdoor","39":"product_tag-panty","40":"product_tag-pee","41":"product_tag-peeing","42":"product_tag-pink","43":"product_tag-pussy","44":"product_tag-season-3","45":"product_tag-sex-in-cowshit","46":"product_tag-smearing","47":"product_tag-submerging","48":"product_tag-suit","49":"product_tag-tits","50":"product_tag-ultra-hd","51":"pa_audio-info-stereo","52":"pa_format-mp4","53":"pa_length-26-minutes","54":"pa_product-type-digital-download-full-hd-video","55":"pa_product-type-digital-download-ultra-hd-video","56":"pa_product-type-usb-stick","57":"pa_size-fhd-5-20","58":"pa_size-uhd-8-78-gb","59":"pa_video-info-full-hd-1920x1080p","60":"pa_video-info-ultra-hd-4k","61":"desktop-align-center","62":"tablet-align-left","63":"mobile-align-left","65":"first","66":"instock","67":"shipping-taxable","68":"purchasable","69":"product-type-variable","70":"has-default-attributes"},"exclude_global_add_ons":[],"addons":[],"acf":[],"yoast_head":"<!-- This site is optimized with the Yoast SEO Premium plugin v27.1 (Yoast SEO v27.1.1) - https:\/\/yoast.com\/product\/yoast-seo-premium-wordpress\/ -->\n<title>Orgasm in Mud and Manure - ManureFetish<\/title>\n<meta name=\"description\" content=\"Orgasm in Mud and Manure, Lyndra Lynn combines mud and cowshit together to be the most filthy she can and masturbates to a heavy climax.\" \/>\n<meta name=\"robots\" content=\"index, follow, max-snippet:-1, max-image-preview:large, max-video-preview:-1\" \/>\n<link rel=\"canonical\" href=\"https:\/\/manurefetish.com\/es\/shop\/videos\/orgasm-in-mud-and-manure\/\" \/>\n<meta property=\"og:locale\" content=\"es_ES\" \/>\n<meta property=\"og:type\" content=\"article\" \/>\n<meta property=\"og:title\" content=\"Orgasm in Mud and Manure\" \/>\n<meta property=\"og:description\" content=\"Orgasm in Mud and Manure, Lyndra Lynn combines mud and cowshit together to be the most filthy she can and masturbates to a heavy climax.\" \/>\n<meta property=\"og:url\" content=\"https:\/\/manurefetish.com\/es\/shop\/videos\/orgasm-in-mud-and-manure\/\" \/>\n<meta property=\"og:site_name\" content=\"ManureFetish\" \/>\n<meta property=\"article:publisher\" content=\"https:\/\/www.facebook.com\/manurefetish\/\" \/>\n<meta property=\"article:modified_time\" content=\"2026-03-24T16:09:31+00:00\" \/>\n<meta property=\"og:image\" content=\"https:\/\/manurefetish.com\/wp-content\/uploads\/2022\/06\/Lyndra-Mud-and-Manure.jpg\" \/>\n\t<meta property=\"og:image:width\" content=\"1728\" \/>\n\t<meta property=\"og:image:height\" content=\"576\" \/>\n\t<meta property=\"og:image:type\" content=\"image\/jpeg\" \/>\n<meta name=\"twitter:card\" content=\"summary_large_image\" \/>\n<meta name=\"twitter:site\" content=\"@Manurefetisch\" \/>\n<script type=\"application\/ld+json\" class=\"yoast-schema-graph\">{\"@context\":\"https:\/\/schema.org\",\"@graph\":[{\"@type\":\"WebPage\",\"@id\":\"https:\/\/manurefetish.com\/shop\/videos\/orgasm-in-mud-and-manure\/\",\"url\":\"https:\/\/manurefetish.com\/shop\/videos\/orgasm-in-mud-and-manure\/\",\"name\":\"Orgasm in Mud and Manure - ManureFetish\",\"isPartOf\":{\"@id\":\"https:\/\/manurefetish.com\/#website\"},\"primaryImageOfPage\":{\"@id\":\"https:\/\/manurefetish.com\/shop\/videos\/orgasm-in-mud-and-manure\/#primaryimage\"},\"image\":{\"@id\":\"https:\/\/manurefetish.com\/shop\/videos\/orgasm-in-mud-and-manure\/#primaryimage\"},\"thumbnailUrl\":\"https:\/\/manurefetish.b-cdn.net\/wp-content\/uploads\/2022\/06\/Lyndra-Mud-and-Manure.jpg\",\"datePublished\":\"2022-06-25T00:35:32+00:00\",\"dateModified\":\"2026-03-24T16:09:31+00:00\",\"description\":\"Orgasm in Mud and Manure, Lyndra Lynn combines mud and cowshit together to be the most filthy she can and masturbates to a heavy climax.\",\"breadcrumb\":{\"@id\":\"https:\/\/manurefetish.com\/shop\/videos\/orgasm-in-mud-and-manure\/#breadcrumb\"},\"inLanguage\":\"es\",\"potentialAction\":[{\"@type\":\"ReadAction\",\"target\":[\"https:\/\/manurefetish.com\/shop\/videos\/orgasm-in-mud-and-manure\/\"]}]},{\"@type\":\"ImageObject\",\"inLanguage\":\"es\",\"@id\":\"https:\/\/manurefetish.com\/shop\/videos\/orgasm-in-mud-and-manure\/#primaryimage\",\"url\":\"https:\/\/manurefetish.b-cdn.net\/wp-content\/uploads\/2022\/06\/Lyndra-Mud-and-Manure.jpg\",\"contentUrl\":\"https:\/\/manurefetish.b-cdn.net\/wp-content\/uploads\/2022\/06\/Lyndra-Mud-and-Manure.jpg\",\"width\":1728,\"height\":576},{\"@type\":\"BreadcrumbList\",\"@id\":\"https:\/\/manurefetish.com\/shop\/videos\/orgasm-in-mud-and-manure\/#breadcrumb\",\"itemListElement\":[{\"@type\":\"ListItem\",\"position\":1,\"name\":\"Home\",\"item\":\"https:\/\/manurefetish.com\/\"},{\"@type\":\"ListItem\",\"position\":2,\"name\":\"Shop\",\"item\":\"https:\/\/manurefetish.com\/shop\/\"},{\"@type\":\"ListItem\",\"position\":3,\"name\":\"Videos\",\"item\":\"https:\/\/manurefetish.com\/product-category\/videos\/\"},{\"@type\":\"ListItem\",\"position\":4,\"name\":\"Orgasm in Mud and Manure\"}]},{\"@type\":\"WebSite\",\"@id\":\"https:\/\/manurefetish.com\/#website\",\"url\":\"https:\/\/manurefetish.com\/\",\"name\":\"ManureFetish\",\"description\":\"ManureFetish Shop\",\"publisher\":{\"@id\":\"https:\/\/manurefetish.com\/#organization\"},\"potentialAction\":[{\"@type\":\"SearchAction\",\"target\":{\"@type\":\"EntryPoint\",\"urlTemplate\":\"https:\/\/manurefetish.com\/?s={search_term_string}\"},\"query-input\":{\"@type\":\"PropertyValueSpecification\",\"valueRequired\":true,\"valueName\":\"search_term_string\"}}],\"inLanguage\":\"es\"},{\"@type\":\"Organization\",\"@id\":\"https:\/\/manurefetish.com\/#organization\",\"name\":\"ManureFetish.com\",\"url\":\"https:\/\/manurefetish.com\/\",\"logo\":{\"@type\":\"ImageObject\",\"inLanguage\":\"es\",\"@id\":\"https:\/\/manurefetish.com\/#\/schema\/logo\/image\/\",\"url\":\"https:\/\/manurefetish.com\/wp-content\/uploads\/2019\/06\/1000xmanurefetishcom-michaela-logo-website-shop.png\",\"contentUrl\":\"https:\/\/manurefetish.com\/wp-content\/uploads\/2019\/06\/1000xmanurefetishcom-michaela-logo-website-shop.png\",\"width\":1000,\"height\":632,\"caption\":\"ManureFetish.com\"},\"image\":{\"@id\":\"https:\/\/manurefetish.com\/#\/schema\/logo\/image\/\"},\"sameAs\":[\"https:\/\/www.facebook.com\/manurefetish\/\",\"https:\/\/x.com\/Manurefetisch\",\"https:\/\/www.youtube.com\/c\/ManureFetish\"],\"description\":\"We're creating various fetish content with female and male models alike.\",\"foundingDate\":\"2019-07-04\",\"vatID\":\"DE366928521\",\"numberOfEmployees\":{\"@type\":\"QuantitativeValue\",\"minValue\":\"1\",\"maxValue\":\"10\"}}]}<\/script>\n<meta property=\"og:availability\" content=\"instock\" \/>\n<meta property=\"product:availability\" content=\"instock\" \/>\n<meta property=\"product:retailer_item_id\" content=\"MFW-MAMO\" \/>\n<meta property=\"product:condition\" content=\"new\" \/>\n<!-- \/ Yoast SEO Premium plugin. -->","yoast_head_json":{"title":"Orgasmo en barro y esti\u00e9rcol - ManureFetish","description":"Orgasmo en barro y esti\u00e9rcol, Lyndra Lynn combina barro y mierda de vaca para ser lo m\u00e1s guarra que pueda y se masturba hasta alcanzar un fuerte cl\u00edmax.","robots":{"index":"index","follow":"follow","max-snippet":"max-snippet:-1","max-image-preview":"max-image-preview:large","max-video-preview":"max-video-preview:-1"},"canonical":"https:\/\/manurefetish.com\/es\/shop\/videos\/orgasm-in-mud-and-manure\/","og_locale":"es_ES","og_type":"article","og_title":"Orgasm in Mud and Manure","og_description":"Orgasm in Mud and Manure, Lyndra Lynn combines mud and cowshit together to be the most filthy she can and masturbates to a heavy climax.","og_url":"https:\/\/manurefetish.com\/es\/shop\/videos\/orgasm-in-mud-and-manure\/","og_site_name":"ManureFetish","article_publisher":"https:\/\/www.facebook.com\/manurefetish\/","article_modified_time":"2026-03-24T16:09:31+00:00","og_image":[{"width":1728,"height":576,"url":"https:\/\/manurefetish.com\/wp-content\/uploads\/2022\/06\/Lyndra-Mud-and-Manure.jpg","type":"image\/jpeg"}],"twitter_card":"summary_large_image","twitter_site":"@Manurefetisch","schema":{"@context":"https:\/\/schema.org","@graph":[{"@type":"WebPage","@id":"https:\/\/manurefetish.com\/shop\/videos\/orgasm-in-mud-and-manure\/","url":"https:\/\/manurefetish.com\/shop\/videos\/orgasm-in-mud-and-manure\/","name":"Orgasmo en barro y esti\u00e9rcol - ManureFetish","isPartOf":{"@id":"https:\/\/manurefetish.com\/#website"},"primaryImageOfPage":{"@id":"https:\/\/manurefetish.com\/shop\/videos\/orgasm-in-mud-and-manure\/#primaryimage"},"image":{"@id":"https:\/\/manurefetish.com\/shop\/videos\/orgasm-in-mud-and-manure\/#primaryimage"},"thumbnailUrl":"https:\/\/manurefetish.b-cdn.net\/wp-content\/uploads\/2022\/06\/Lyndra-Mud-and-Manure.jpg","datePublished":"2022-06-25T00:35:32+00:00","dateModified":"2026-03-24T16:09:31+00:00","description":"Orgasmo en barro y esti\u00e9rcol, Lyndra Lynn combina barro y mierda de vaca para ser lo m\u00e1s guarra que pueda y se masturba hasta alcanzar un fuerte cl\u00edmax.","breadcrumb":{"@id":"https:\/\/manurefetish.com\/shop\/videos\/orgasm-in-mud-and-manure\/#breadcrumb"},"inLanguage":"es","potentialAction":[{"@type":"ReadAction","target":["https:\/\/manurefetish.com\/shop\/videos\/orgasm-in-mud-and-manure\/"]}]},{"@type":"ImageObject","inLanguage":"es","@id":"https:\/\/manurefetish.com\/shop\/videos\/orgasm-in-mud-and-manure\/#primaryimage","url":"https:\/\/manurefetish.b-cdn.net\/wp-content\/uploads\/2022\/06\/Lyndra-Mud-and-Manure.jpg","contentUrl":"https:\/\/manurefetish.b-cdn.net\/wp-content\/uploads\/2022\/06\/Lyndra-Mud-and-Manure.jpg","width":1728,"height":576},{"@type":"BreadcrumbList","@id":"https:\/\/manurefetish.com\/shop\/videos\/orgasm-in-mud-and-manure\/#breadcrumb","itemListElement":[{"@type":"ListItem","position":1,"name":"Home","item":"https:\/\/manurefetish.com\/"},{"@type":"ListItem","position":2,"name":"Shop","item":"https:\/\/manurefetish.com\/shop\/"},{"@type":"ListItem","position":3,"name":"Videos","item":"https:\/\/manurefetish.com\/product-category\/videos\/"},{"@type":"ListItem","position":4,"name":"Orgasm in Mud and Manure"}]},{"@type":"WebSite","@id":"https:\/\/manurefetish.com\/#website","url":"https:\/\/manurefetish.com\/","name":"ManureFetish","description":"ManureFetish","publisher":{"@id":"https:\/\/manurefetish.com\/#organization"},"potentialAction":[{"@type":"SearchAction","target":{"@type":"EntryPoint","urlTemplate":"https:\/\/manurefetish.com\/?s={search_term_string}"},"query-input":{"@type":"PropertyValueSpecification","valueRequired":true,"valueName":"search_term_string"}}],"inLanguage":"es"},{"@type":"Organization","@id":"https:\/\/manurefetish.com\/#organization","name":"ManureFetish.com","url":"https:\/\/manurefetish.com\/","logo":{"@type":"ImageObject","inLanguage":"es","@id":"https:\/\/manurefetish.com\/#\/schema\/logo\/image\/","url":"https:\/\/manurefetish.com\/wp-content\/uploads\/2019\/06\/1000xmanurefetishcom-michaela-logo-website-shop.png","contentUrl":"https:\/\/manurefetish.com\/wp-content\/uploads\/2019\/06\/1000xmanurefetishcom-michaela-logo-website-shop.png","width":1000,"height":632,"caption":"ManureFetish.com"},"image":{"@id":"https:\/\/manurefetish.com\/#\/schema\/logo\/image\/"},"sameAs":["https:\/\/www.facebook.com\/manurefetish\/","https:\/\/x.com\/Manurefetisch","https:\/\/www.youtube.com\/c\/ManureFetish"],"description":"Estamos creando diversos contenidos fetichistas con modelos femeninos y masculinos por igual.","foundingDate":"2019-07-04","vatID":"DE366928521","numberOfEmployees":{"@type":"QuantitativeValue","minValue":"1","maxValue":"10"}}]},"og_availability":"instock","product_availability":"instock","product_retailer_item_id":"MFW-MAMO","product_condition":"new"},"_links":{"self":[{"href":"https:\/\/manurefetish.com\/es\/wp-json\/wp\/v2\/product\/52434","targetHints":{"allow":["GET"]}}],"collection":[{"href":"https:\/\/manurefetish.com\/es\/wp-json\/wp\/v2\/product"}],"about":[{"href":"https:\/\/manurefetish.com\/es\/wp-json\/wp\/v2\/types\/product"}],"replies":[{"embeddable":true,"href":"https:\/\/manurefetish.com\/es\/wp-json\/wp\/v2\/comments?post=52434"}],"version-history":[{"count":0,"href":"https:\/\/manurefetish.com\/es\/wp-json\/wp\/v2\/product\/52434\/revisions"}],"wp:featuredmedia":[{"embeddable":true,"href":"https:\/\/manurefetish.com\/es\/wp-json\/wp\/v2\/media\/198997"}],"wp:attachment":[{"href":"https:\/\/manurefetish.com\/es\/wp-json\/wp\/v2\/media?parent=52434"}],"wp:term":[{"taxonomy":"product_brand","embeddable":true,"href":"https:\/\/manurefetish.com\/es\/wp-json\/wp\/v2\/product_brand?post=52434"},{"taxonomy":"product_cat","embeddable":true,"href":"https:\/\/manurefetish.com\/es\/wp-json\/wp\/v2\/product_cat?post=52434"},{"taxonomy":"product_tag","embeddable":true,"href":"https:\/\/manurefetish.com\/es\/wp-json\/wp\/v2\/product_tag?post=52434"}],"curies":[{"name":"wp","href":"https:\/\/api.w.org\/{rel}","templated":true}]}}