{"id":52417,"date":"2022-06-25T02:04:35","date_gmt":"2022-06-25T00:04:35","guid":{"rendered":"https:\/\/manurefetish.com\/?post_type=product&#038;p=52417"},"modified":"2026-03-24T17:09:39","modified_gmt":"2026-03-24T16:09:39","slug":"orgasm-in-lake-of-mud","status":"publish","type":"product","link":"https:\/\/manurefetish.com\/es\/shop\/videos\/orgasm-in-lake-of-mud\/","title":{"rendered":"Orgasmo en lago de barro"},"content":{"rendered":"<p><span style=\"font-weight: 400;\">Estaba dando vueltas hasta que encontr\u00e9 aquel bonito lago de barro. Mi sucia mente se sinti\u00f3 atra\u00edda por \u00e9l al instante, as\u00ed que cog\u00ed algunos de mis juguetes y me dirig\u00ed all\u00ed. Salt\u00e9 al barro amarillento y parduzco con los pies primero y me qued\u00e9 un poco atascado all\u00ed. Saqu\u00e9 la pierna y me arrastr\u00e9 por el barro hasta encontrar un sitio cremoso y profundo. Me asegur\u00e9 de coger mi juguete y mi lubricante, ya que hab\u00eda encontrado el sitio perfecto. Empiezo a cubrirme con el barro. Me desnudo un poco para quedarme en bikini. Jugueteo con el barro y me cubro a\u00fan m\u00e1s con \u00e9l, hasta que estoy tan cachonda que no puedo esperar m\u00e1s. Cojo mi juguete y deslizo mi braguita a un lado para follarme sin miramientos mi co\u00f1o empapado. No tardo mucho en alcanzar un orgasmo salvaje. Despu\u00e9s me desnudo por completo y juego a\u00fan m\u00e1s en el barro.<\/span><\/p>","protected":false},"excerpt":{"rendered":"<p>I was just wandering around till I found that nice lake of mud. My dirty mind was instantly drawn to it, so I grabbed some of my toys and got back there. I jump in the yellow brownish mud with my feet first and got a bit stuck there. I dug my leg out and [&hellip;]<\/p>\n","protected":false},"featured_media":198999,"comment_status":"open","ping_status":"closed","template":"","meta":{"_acf_changed":false,"site-sidebar-layout":"default","site-content-layout":"","ast-site-content-layout":"default","site-content-style":"default","site-sidebar-style":"default","ast-global-header-display":"","ast-banner-title-visibility":"","ast-main-header-display":"","ast-hfb-above-header-display":"","ast-hfb-below-header-display":"","ast-hfb-mobile-header-display":"","site-post-title":"","ast-breadcrumbs-content":"","ast-featured-img":"","footer-sml-layout":"","ast-disable-related-posts":"","theme-transparent-header-meta":"default","adv-header-id-meta":"","stick-header-meta":"","header-above-stick-meta":"","header-main-stick-meta":"","header-below-stick-meta":"","astra-migrate-meta-layouts":"set","ast-page-background-enabled":"default","ast-page-background-meta":{"desktop":{"background-color":"var(--ast-global-color-4)","background-image":"","background-repeat":"repeat","background-position":"center center","background-size":"auto","background-attachment":"scroll","background-type":"","background-media":"","overlay-type":"","overlay-color":"","overlay-opacity":"","overlay-gradient":""},"tablet":{"background-color":"","background-image":"","background-repeat":"repeat","background-position":"center center","background-size":"auto","background-attachment":"scroll","background-type":"","background-media":"","overlay-type":"","overlay-color":"","overlay-opacity":"","overlay-gradient":""},"mobile":{"background-color":"","background-image":"","background-repeat":"repeat","background-position":"center center","background-size":"auto","background-attachment":"scroll","background-type":"","background-media":"","overlay-type":"","overlay-color":"","overlay-opacity":"","overlay-gradient":""}},"ast-content-background-meta":{"desktop":{"background-color":"var(--ast-global-color-5)","background-image":"","background-repeat":"repeat","background-position":"center center","background-size":"auto","background-attachment":"scroll","background-type":"","background-media":"","overlay-type":"","overlay-color":"","overlay-opacity":"","overlay-gradient":""},"tablet":{"background-color":"var(--ast-global-color-5)","background-image":"","background-repeat":"repeat","background-position":"center center","background-size":"auto","background-attachment":"scroll","background-type":"","background-media":"","overlay-type":"","overlay-color":"","overlay-opacity":"","overlay-gradient":""},"mobile":{"background-color":"var(--ast-global-color-5)","background-image":"","background-repeat":"repeat","background-position":"center center","background-size":"auto","background-attachment":"scroll","background-type":"","background-media":"","overlay-type":"","overlay-color":"","overlay-opacity":"","overlay-gradient":""}}},"product_brand":[],"product_cat":[4470],"product_tag":[17,317,2395,2555,318,2837,2551,2558,3285,3077,316,64,3030,54,2419,3452,2841,2836,65,35,2871,32,3408,2832,3286,319,2368,3233,1069],"class_list":{"0":"post-52417","1":"product","2":"type-product","3":"status-publish","4":"has-post-thumbnail","6":"product_cat-videos","7":"product_tag-anal","8":"product_tag-asshole","9":"product_tag-bikini","10":"product_tag-blowjob","11":"product_tag-boobs","12":"product_tag-clay","13":"product_tag-couple","14":"product_tag-cowgirl","15":"product_tag-cream","16":"product_tag-crop-top","17":"product_tag-cunt","18":"product_tag-dildo","19":"product_tag-download","20":"product_tag-full-covered","21":"product_tag-full-hd","22":"product_tag-lake-of-mud","23":"product_tag-lyndra-lynn","24":"product_tag-mud","25":"product_tag-naked","26":"product_tag-orgasm","27":"product_tag-pov","28":"product_tag-pussy","29":"product_tag-season-3","30":"product_tag-smearing","31":"product_tag-sticky","32":"product_tag-tits","33":"product_tag-ultra-hd","34":"product_tag-waifu","35":"product_tag-wam","36":"pa_audio-info-stereo","37":"pa_format-mp4","38":"pa_length-28-minutes","39":"pa_product-type-digital-download-video","40":"pa_product-type-usb-stick","41":"pa_size-fhd-6-20-gb","42":"pa_size-uhd-8-24-gb","43":"pa_video-info-full-hd-1920x1080p","44":"pa_video-info-ultra-hd-4k","45":"desktop-align-center","46":"tablet-align-left","47":"mobile-align-left","49":"first","50":"instock","51":"shipping-taxable","52":"purchasable","53":"product-type-variable","54":"has-default-attributes"},"exclude_global_add_ons":[],"addons":[],"acf":[],"yoast_head":"<!-- This site is optimized with the Yoast SEO Premium plugin v27.1 (Yoast SEO v27.1.1) - https:\/\/yoast.com\/product\/yoast-seo-premium-wordpress\/ -->\n<title>Orgasm in lake of mud - ManureFetish - with mud and slime<\/title>\n<meta name=\"description\" content=\"Orgasm in lake of mud, Lyndra Lynn found a massive amount of creamy clay. which she covers herself and masturbates her pussy with.\" \/>\n<meta name=\"robots\" content=\"index, follow, max-snippet:-1, max-image-preview:large, max-video-preview:-1\" \/>\n<link rel=\"canonical\" href=\"https:\/\/manurefetish.com\/es\/shop\/videos\/orgasm-in-lake-of-mud\/\" \/>\n<meta property=\"og:locale\" content=\"es_ES\" \/>\n<meta property=\"og:type\" content=\"article\" \/>\n<meta property=\"og:title\" content=\"Orgasm in lake of mud\" \/>\n<meta property=\"og:description\" content=\"Orgasm in lake of mud, Lyndra Lynn found a massive amount of creamy clay. which she covers herself and masturbates her pussy with.\" \/>\n<meta property=\"og:url\" content=\"https:\/\/manurefetish.com\/es\/shop\/videos\/orgasm-in-lake-of-mud\/\" \/>\n<meta property=\"og:site_name\" content=\"ManureFetish\" \/>\n<meta property=\"article:publisher\" content=\"https:\/\/www.facebook.com\/manurefetish\/\" \/>\n<meta property=\"article:modified_time\" content=\"2026-03-24T16:09:39+00:00\" \/>\n<meta property=\"og:image\" content=\"https:\/\/manurefetish.com\/wp-content\/uploads\/2022\/06\/Lyndra-Lynn-Orgasm-in-the-Lake-Mud.jpg\" \/>\n\t<meta property=\"og:image:width\" content=\"1728\" \/>\n\t<meta property=\"og:image:height\" content=\"576\" \/>\n\t<meta property=\"og:image:type\" content=\"image\/jpeg\" \/>\n<meta name=\"twitter:card\" content=\"summary_large_image\" \/>\n<meta name=\"twitter:site\" content=\"@Manurefetisch\" \/>\n<script type=\"application\/ld+json\" class=\"yoast-schema-graph\">{\"@context\":\"https:\/\/schema.org\",\"@graph\":[{\"@type\":\"WebPage\",\"@id\":\"https:\/\/manurefetish.com\/shop\/videos\/orgasm-in-lake-of-mud\/\",\"url\":\"https:\/\/manurefetish.com\/shop\/videos\/orgasm-in-lake-of-mud\/\",\"name\":\"Orgasm in lake of mud - ManureFetish - with mud and slime\",\"isPartOf\":{\"@id\":\"https:\/\/manurefetish.com\/#website\"},\"primaryImageOfPage\":{\"@id\":\"https:\/\/manurefetish.com\/shop\/videos\/orgasm-in-lake-of-mud\/#primaryimage\"},\"image\":{\"@id\":\"https:\/\/manurefetish.com\/shop\/videos\/orgasm-in-lake-of-mud\/#primaryimage\"},\"thumbnailUrl\":\"https:\/\/manurefetish.b-cdn.net\/wp-content\/uploads\/2022\/06\/Lyndra-Lynn-Orgasm-in-the-Lake-Mud.jpg\",\"datePublished\":\"2022-06-25T00:04:35+00:00\",\"dateModified\":\"2026-03-24T16:09:39+00:00\",\"description\":\"Orgasm in lake of mud, Lyndra Lynn found a massive amount of creamy clay. which she covers herself and masturbates her pussy with.\",\"breadcrumb\":{\"@id\":\"https:\/\/manurefetish.com\/shop\/videos\/orgasm-in-lake-of-mud\/#breadcrumb\"},\"inLanguage\":\"es\",\"potentialAction\":[{\"@type\":\"ReadAction\",\"target\":[\"https:\/\/manurefetish.com\/shop\/videos\/orgasm-in-lake-of-mud\/\"]}]},{\"@type\":\"ImageObject\",\"inLanguage\":\"es\",\"@id\":\"https:\/\/manurefetish.com\/shop\/videos\/orgasm-in-lake-of-mud\/#primaryimage\",\"url\":\"https:\/\/manurefetish.b-cdn.net\/wp-content\/uploads\/2022\/06\/Lyndra-Lynn-Orgasm-in-the-Lake-Mud.jpg\",\"contentUrl\":\"https:\/\/manurefetish.b-cdn.net\/wp-content\/uploads\/2022\/06\/Lyndra-Lynn-Orgasm-in-the-Lake-Mud.jpg\",\"width\":1728,\"height\":576},{\"@type\":\"BreadcrumbList\",\"@id\":\"https:\/\/manurefetish.com\/shop\/videos\/orgasm-in-lake-of-mud\/#breadcrumb\",\"itemListElement\":[{\"@type\":\"ListItem\",\"position\":1,\"name\":\"Home\",\"item\":\"https:\/\/manurefetish.com\/\"},{\"@type\":\"ListItem\",\"position\":2,\"name\":\"Shop\",\"item\":\"https:\/\/manurefetish.com\/shop\/\"},{\"@type\":\"ListItem\",\"position\":3,\"name\":\"Videos\",\"item\":\"https:\/\/manurefetish.com\/product-category\/videos\/\"},{\"@type\":\"ListItem\",\"position\":4,\"name\":\"Orgasm in lake of mud\"}]},{\"@type\":\"WebSite\",\"@id\":\"https:\/\/manurefetish.com\/#website\",\"url\":\"https:\/\/manurefetish.com\/\",\"name\":\"ManureFetish\",\"description\":\"ManureFetish Shop\",\"publisher\":{\"@id\":\"https:\/\/manurefetish.com\/#organization\"},\"potentialAction\":[{\"@type\":\"SearchAction\",\"target\":{\"@type\":\"EntryPoint\",\"urlTemplate\":\"https:\/\/manurefetish.com\/?s={search_term_string}\"},\"query-input\":{\"@type\":\"PropertyValueSpecification\",\"valueRequired\":true,\"valueName\":\"search_term_string\"}}],\"inLanguage\":\"es\"},{\"@type\":\"Organization\",\"@id\":\"https:\/\/manurefetish.com\/#organization\",\"name\":\"ManureFetish.com\",\"url\":\"https:\/\/manurefetish.com\/\",\"logo\":{\"@type\":\"ImageObject\",\"inLanguage\":\"es\",\"@id\":\"https:\/\/manurefetish.com\/#\/schema\/logo\/image\/\",\"url\":\"https:\/\/manurefetish.com\/wp-content\/uploads\/2019\/06\/1000xmanurefetishcom-michaela-logo-website-shop.png\",\"contentUrl\":\"https:\/\/manurefetish.com\/wp-content\/uploads\/2019\/06\/1000xmanurefetishcom-michaela-logo-website-shop.png\",\"width\":1000,\"height\":632,\"caption\":\"ManureFetish.com\"},\"image\":{\"@id\":\"https:\/\/manurefetish.com\/#\/schema\/logo\/image\/\"},\"sameAs\":[\"https:\/\/www.facebook.com\/manurefetish\/\",\"https:\/\/x.com\/Manurefetisch\",\"https:\/\/www.youtube.com\/c\/ManureFetish\"],\"description\":\"We're creating various fetish content with female and male models alike.\",\"foundingDate\":\"2019-07-04\",\"vatID\":\"DE366928521\",\"numberOfEmployees\":{\"@type\":\"QuantitativeValue\",\"minValue\":\"1\",\"maxValue\":\"10\"}}]}<\/script>\n<meta property=\"og:availability\" content=\"instock\" \/>\n<meta property=\"product:availability\" content=\"instock\" \/>\n<meta property=\"product:retailer_item_id\" content=\"MFW-LYNN-OILOM\" \/>\n<meta property=\"product:condition\" content=\"new\" \/>\n<!-- \/ Yoast SEO Premium plugin. -->","yoast_head_json":{"title":"Orgasmo en lago de barro - ManureFetish - con barro y fango","description":"Orgasmo en lago de barro, Lyndra Lynn encontr\u00f3 una enorme cantidad de barro cremoso con el que se cubre y masturba el co\u00f1o.","robots":{"index":"index","follow":"follow","max-snippet":"max-snippet:-1","max-image-preview":"max-image-preview:large","max-video-preview":"max-video-preview:-1"},"canonical":"https:\/\/manurefetish.com\/es\/shop\/videos\/orgasm-in-lake-of-mud\/","og_locale":"es_ES","og_type":"article","og_title":"Orgasm in lake of mud","og_description":"Orgasm in lake of mud, Lyndra Lynn found a massive amount of creamy clay. which she covers herself and masturbates her pussy with.","og_url":"https:\/\/manurefetish.com\/es\/shop\/videos\/orgasm-in-lake-of-mud\/","og_site_name":"ManureFetish","article_publisher":"https:\/\/www.facebook.com\/manurefetish\/","article_modified_time":"2026-03-24T16:09:39+00:00","og_image":[{"width":1728,"height":576,"url":"https:\/\/manurefetish.com\/wp-content\/uploads\/2022\/06\/Lyndra-Lynn-Orgasm-in-the-Lake-Mud.jpg","type":"image\/jpeg"}],"twitter_card":"summary_large_image","twitter_site":"@Manurefetisch","schema":{"@context":"https:\/\/schema.org","@graph":[{"@type":"WebPage","@id":"https:\/\/manurefetish.com\/shop\/videos\/orgasm-in-lake-of-mud\/","url":"https:\/\/manurefetish.com\/shop\/videos\/orgasm-in-lake-of-mud\/","name":"Orgasmo en lago de barro - ManureFetish - con barro y fango","isPartOf":{"@id":"https:\/\/manurefetish.com\/#website"},"primaryImageOfPage":{"@id":"https:\/\/manurefetish.com\/shop\/videos\/orgasm-in-lake-of-mud\/#primaryimage"},"image":{"@id":"https:\/\/manurefetish.com\/shop\/videos\/orgasm-in-lake-of-mud\/#primaryimage"},"thumbnailUrl":"https:\/\/manurefetish.b-cdn.net\/wp-content\/uploads\/2022\/06\/Lyndra-Lynn-Orgasm-in-the-Lake-Mud.jpg","datePublished":"2022-06-25T00:04:35+00:00","dateModified":"2026-03-24T16:09:39+00:00","description":"Orgasmo en lago de barro, Lyndra Lynn encontr\u00f3 una enorme cantidad de barro cremoso con el que se cubre y masturba el co\u00f1o.","breadcrumb":{"@id":"https:\/\/manurefetish.com\/shop\/videos\/orgasm-in-lake-of-mud\/#breadcrumb"},"inLanguage":"es","potentialAction":[{"@type":"ReadAction","target":["https:\/\/manurefetish.com\/shop\/videos\/orgasm-in-lake-of-mud\/"]}]},{"@type":"ImageObject","inLanguage":"es","@id":"https:\/\/manurefetish.com\/shop\/videos\/orgasm-in-lake-of-mud\/#primaryimage","url":"https:\/\/manurefetish.b-cdn.net\/wp-content\/uploads\/2022\/06\/Lyndra-Lynn-Orgasm-in-the-Lake-Mud.jpg","contentUrl":"https:\/\/manurefetish.b-cdn.net\/wp-content\/uploads\/2022\/06\/Lyndra-Lynn-Orgasm-in-the-Lake-Mud.jpg","width":1728,"height":576},{"@type":"BreadcrumbList","@id":"https:\/\/manurefetish.com\/shop\/videos\/orgasm-in-lake-of-mud\/#breadcrumb","itemListElement":[{"@type":"ListItem","position":1,"name":"Home","item":"https:\/\/manurefetish.com\/"},{"@type":"ListItem","position":2,"name":"Shop","item":"https:\/\/manurefetish.com\/shop\/"},{"@type":"ListItem","position":3,"name":"Videos","item":"https:\/\/manurefetish.com\/product-category\/videos\/"},{"@type":"ListItem","position":4,"name":"Orgasm in lake of mud"}]},{"@type":"WebSite","@id":"https:\/\/manurefetish.com\/#website","url":"https:\/\/manurefetish.com\/","name":"ManureFetish","description":"ManureFetish","publisher":{"@id":"https:\/\/manurefetish.com\/#organization"},"potentialAction":[{"@type":"SearchAction","target":{"@type":"EntryPoint","urlTemplate":"https:\/\/manurefetish.com\/?s={search_term_string}"},"query-input":{"@type":"PropertyValueSpecification","valueRequired":true,"valueName":"search_term_string"}}],"inLanguage":"es"},{"@type":"Organization","@id":"https:\/\/manurefetish.com\/#organization","name":"ManureFetish.com","url":"https:\/\/manurefetish.com\/","logo":{"@type":"ImageObject","inLanguage":"es","@id":"https:\/\/manurefetish.com\/#\/schema\/logo\/image\/","url":"https:\/\/manurefetish.com\/wp-content\/uploads\/2019\/06\/1000xmanurefetishcom-michaela-logo-website-shop.png","contentUrl":"https:\/\/manurefetish.com\/wp-content\/uploads\/2019\/06\/1000xmanurefetishcom-michaela-logo-website-shop.png","width":1000,"height":632,"caption":"ManureFetish.com"},"image":{"@id":"https:\/\/manurefetish.com\/#\/schema\/logo\/image\/"},"sameAs":["https:\/\/www.facebook.com\/manurefetish\/","https:\/\/x.com\/Manurefetisch","https:\/\/www.youtube.com\/c\/ManureFetish"],"description":"Estamos creando diversos contenidos fetichistas con modelos femeninos y masculinos por igual.","foundingDate":"2019-07-04","vatID":"DE366928521","numberOfEmployees":{"@type":"QuantitativeValue","minValue":"1","maxValue":"10"}}]},"og_availability":"instock","product_availability":"instock","product_retailer_item_id":"MFW-LYNN-OILOM","product_condition":"new"},"_links":{"self":[{"href":"https:\/\/manurefetish.com\/es\/wp-json\/wp\/v2\/product\/52417","targetHints":{"allow":["GET"]}}],"collection":[{"href":"https:\/\/manurefetish.com\/es\/wp-json\/wp\/v2\/product"}],"about":[{"href":"https:\/\/manurefetish.com\/es\/wp-json\/wp\/v2\/types\/product"}],"replies":[{"embeddable":true,"href":"https:\/\/manurefetish.com\/es\/wp-json\/wp\/v2\/comments?post=52417"}],"version-history":[{"count":0,"href":"https:\/\/manurefetish.com\/es\/wp-json\/wp\/v2\/product\/52417\/revisions"}],"wp:featuredmedia":[{"embeddable":true,"href":"https:\/\/manurefetish.com\/es\/wp-json\/wp\/v2\/media\/198999"}],"wp:attachment":[{"href":"https:\/\/manurefetish.com\/es\/wp-json\/wp\/v2\/media?parent=52417"}],"wp:term":[{"taxonomy":"product_brand","embeddable":true,"href":"https:\/\/manurefetish.com\/es\/wp-json\/wp\/v2\/product_brand?post=52417"},{"taxonomy":"product_cat","embeddable":true,"href":"https:\/\/manurefetish.com\/es\/wp-json\/wp\/v2\/product_cat?post=52417"},{"taxonomy":"product_tag","embeddable":true,"href":"https:\/\/manurefetish.com\/es\/wp-json\/wp\/v2\/product_tag?post=52417"}],"curies":[{"name":"wp","href":"https:\/\/api.w.org\/{rel}","templated":true}]}}